{"id":3079,"date":"2025-12-18T10:10:20","date_gmt":"2025-12-18T10:10:20","guid":{"rendered":"https:\/\/rfid-laundry-tag.com\/?post_type=product&#038;p=3079"},"modified":"2026-01-04T13:08:46","modified_gmt":"2026-01-04T13:08:46","slug":"rfid-laundry-tag-7015mm","status":"publish","type":"product","link":"https:\/\/rfid-laundry-tag.com\/da\/vare\/rfid-laundry-tag-7015mm\/","title":{"rendered":"RFID-vasket\u00f8jsm\u00e6rke - 70*15mm"},"content":{"rendered":"<h2>RFID-vasket\u00f8jsm\u00e6rke - 70*15mm<\/h2>\n<p><b>Bruge<a href=\"https:\/\/rfid-laundry-tag.com\/da\/textile-rfid-laundry-tag\/\">\u00a0RFID vaskem\u00e6rker<\/a>\u00a0fordele:<\/b><br \/>\n1) Reducer l\u00f8nomkostningerne, sammen med den h\u00e5ndholdte UHF-l\u00e6ser vil scanningen kende m\u00e6ngden.<br \/>\n2) Sorter t\u00f8jet fra forskellige hoteller eller virksomheder.<br \/>\n3) Dataanalyse. Efter at have indsamlet dataene kan du f\u00e5 mere at vide, for eksempel:<br \/>\n* Hvilken tekstilkvalitet er bedre, kan du v\u00e6lge det firma for at spare flere omkostninger til fremtidige ordrer.<br \/>\n* Hvilket hotel eller virksomheds tekstil er nemmest at beskadige osv.<\/p>\n<div class=\"entry-content-asset videofit\"><iframe title=\"Hvorfor bruge RFID i tekstilvaskeriet?\" src=\"https:\/\/www.youtube.com\/embed\/X_P3EuhS_hE?feature=oembed\" width=\"720\" height=\"405\" frameborder=\"0\" allowfullscreen=\"allowfullscreen\" data-mce-fragment=\"1\"><\/iframe><\/div>\n<div class=\"table-with-header rounded-lg border border-solid border-grey-line2-normal w-fit max-w-full mb-2\">\n<div class=\"overflow-x-auto custom-scrollbar custom-scrollbar-float max-w-full\">\n<table class=\"w-fit !mb-0 !max-w-none\">\n<thead>\n<tr>\n<th>Feature<\/th>\n<th>Specifikation<\/th>\n<\/tr>\n<\/thead>\n<tbody>\n<tr>\n<td><strong>Varens navn<\/strong><\/td>\n<td><strong>RFID vaskem\u00e6rke<\/strong><\/td>\n<\/tr>\n<tr>\n<td><strong>RFID standard<\/strong><\/td>\n<td>ISO\/IEC 18000-6 TypeC (EPC Gen2)<\/td>\n<\/tr>\n<tr>\n<td><strong>St\u00f8rrelse &amp; v\u00e6gt<\/strong><\/td>\n<td>70\u00d715 mm, 0,6 g<\/td>\n<\/tr>\n<tr>\n<td><strong>Chip type<\/strong><\/td>\n<td>NXP U-kode 8, NXP U-kode 9<\/td>\n<\/tr>\n<tr>\n<td><strong>EPC hukommelse<\/strong><\/td>\n<td>128 bit<\/td>\n<\/tr>\n<tr>\n<td><strong>Brugerhukommelse<\/strong><\/td>\n<td>512 bit<\/td>\n<\/tr>\n<tr>\n<td><strong>L\u00e6s Range<\/strong><\/td>\n<td>8 m (2 W ERP FCC\/ETSI)<\/td>\n<\/tr>\n<tr>\n<td><strong>Tagging<\/strong><\/td>\n<td>Syning, Varmstempling kl\u00e6bemiddel<\/td>\n<\/tr>\n<tr>\n<td><strong>Estimeret levetid<\/strong><\/td>\n<td>200 vaskecyklusser eller 3 \u00e5r<\/td>\n<\/tr>\n<tr>\n<td><strong>Vaskemetode<\/strong><\/td>\n<td>T\u00f8jvask, Renseri<\/td>\n<\/tr>\n<tr>\n<td><strong>Vandudvindingstryk<\/strong><\/td>\n<td>60 bar<\/td>\n<\/tr>\n<tr>\n<td><strong>Vandmodstand<\/strong><\/td>\n<td>Vandafvisende<\/td>\n<\/tr>\n<tr>\n<td><strong>Kemisk resistens<\/strong><\/td>\n<td>Vaskemiddel, skyllemiddel, blegemiddel (ilt\/klor), alkali<\/td>\n<\/tr>\n<tr>\n<td>\u00a0Strygerulle:<\/td>\n<td>190 \u00baC ~225 \u00baC i 10~15 sekunder<\/td>\n<\/tr>\n<\/tbody>\n<\/table>\n<\/div>\n<\/div>\n<h3 class=\"wp-block-heading\">Installation<\/h3>\n<p><strong>Stitch Tagging<\/strong>: Skal sys ind i kanten af et tekstil. Sy vaskem\u00e6rket v\u00e6k fra foldelinjerne.<br \/>\n<strong>Varmeforsegling<\/strong>: Skal varmeforsegles direkte p\u00e5 tekstilet ved +200\u00b0C (392\u00b0F), i 12~14s.<br \/>\n<strong>I pose<\/strong>: Skal sys som en standard plejelabel. Sy vaskem\u00e6rket v\u00e6k fra foldelinjerne.<\/p>\n<p>&nbsp;<\/p>\n<p><strong>Produktintroduktion:<\/strong><br \/>\n*Mere end 200 gange industrivask.<br \/>\n*100% Hukommelsesskrivetest;<br \/>\n*Materiale og design er blevet testet for p\u00e5lidelighed;<br \/>\n*Produktet er blevet inspiceret for 100% RF-konsistens af Finland Tagformace-udstyr.<br \/>\n* \u00c6GTE 200 gange industrivask.<br \/>\n* Bl\u00f8d, fleksibel;<br \/>\n* Modst\u00e5 60 atmosf\u00e6risk tryk.<\/p>\n<figure id=\"attachment_3434\" class=\"wp-caption alignnone\" aria-describedby=\"caption-attachment-3434\">\n<p><figure id=\"attachment_3081\" aria-describedby=\"caption-attachment-3081\" style=\"width: 1000px\" class=\"wp-caption alignnone\"><a href=\"https:\/\/rfid-laundry-tag.com\/da\/textile-rfid-laundry-tag\/\"><img fetchpriority=\"high\" decoding=\"async\" class=\"size-full wp-image-3081\" src=\"https:\/\/rfid-laundry-tag.com\/wp-content\/uploads\/2025\/12\/UHF-RFID-washable-laundry-tag-08.jpg\" alt=\"RFID Laundry Tag-70*15mm\" width=\"1000\" height=\"1000\" srcset=\"https:\/\/rfid-laundry-tag.com\/wp-content\/uploads\/2025\/12\/UHF-RFID-washable-laundry-tag-08.jpg 1000w, https:\/\/rfid-laundry-tag.com\/wp-content\/uploads\/2025\/12\/UHF-RFID-washable-laundry-tag-08-300x300.jpg 300w, https:\/\/rfid-laundry-tag.com\/wp-content\/uploads\/2025\/12\/UHF-RFID-washable-laundry-tag-08-150x150.jpg 150w, https:\/\/rfid-laundry-tag.com\/wp-content\/uploads\/2025\/12\/UHF-RFID-washable-laundry-tag-08-768x768.jpg 768w, https:\/\/rfid-laundry-tag.com\/wp-content\/uploads\/2025\/12\/UHF-RFID-washable-laundry-tag-08-12x12.jpg 12w, https:\/\/rfid-laundry-tag.com\/wp-content\/uploads\/2025\/12\/UHF-RFID-washable-laundry-tag-08-600x600.jpg 600w, https:\/\/rfid-laundry-tag.com\/wp-content\/uploads\/2025\/12\/UHF-RFID-washable-laundry-tag-08-100x100.jpg 100w\" sizes=\"(max-width: 1000px) 100vw, 1000px\" \/><\/a><figcaption id=\"caption-attachment-3081\" class=\"wp-caption-text\">RFID-vasket\u00f8jsm\u00e6rke - 70*15mm<\/figcaption><\/figure><figcaption id=\"caption-attachment-3434\" class=\"wp-caption-text\">\u00a0<\/figcaption><\/figure>\n<p><strong>Produktanvendelse:<\/strong><br \/>\n* Industriel vask;<br \/>\n* H\u00e5ndtering af medarbejder- og skoleuniformer;<br \/>\n* H\u00e5ndtering af medicinsk t\u00f8j;<br \/>\n* Ledelse af personalepatruljer;<br \/>\n* Produktionsstyring af bekl\u00e6dningsfabrikker.<\/p>\n<h2 data-spm-anchor-id=\"a2700.details-description.0.i0.40e8juJgjuJgsa\"><b><span class=\"magic-29\" data-spm-anchor-id=\"a2700.details-description.0.i4.40e8juJgjuJgsa\">Vigtigste fordele:<\/span><\/b><\/h2>\n<div data-spm-anchor-id=\"a2700.details-description.0.i0.40e8juJgjuJgsa\">\n<div data-spm-anchor-id=\"a2700.details-description.0.i3.40e8juJgjuJgsa\"><span class=\"magic-30\"><span class=\"magic-31\">* Installeret p\u00e5 metal- og ikke-metalliske overflader har god ydeevne over for radiofrekvenser, 100% gennem den europ\u00e6iske importm\u00e6rkning;<br \/>\nTest af overensstemmelsestestsystem * efter validering og brug af internationalt kendte kunder;<\/span><\/span><\/div>\n<\/div>\n<div class=\"auto-hide-last-sibling-br paragraph_1252f paragraph-element\">\n<figure id=\"attachment_3033\" aria-describedby=\"caption-attachment-3033\" style=\"width: 768px\" class=\"wp-caption alignnone\"><a href=\"https:\/\/rfid-laundry-tag.com\/da\/textile-rfid-laundry-tag\/\"><img decoding=\"async\" class=\"size-large wp-image-3033\" src=\"https:\/\/rfid-laundry-tag.com\/wp-content\/uploads\/2025\/12\/RFID-Laundry-Tag-Installation-Guide-01-768x1024.png\" alt=\"RFID Laundry Tags\" width=\"768\" height=\"1024\" srcset=\"https:\/\/rfid-laundry-tag.com\/wp-content\/uploads\/2025\/12\/RFID-Laundry-Tag-Installation-Guide-01-768x1025.png 768w, https:\/\/rfid-laundry-tag.com\/wp-content\/uploads\/2025\/12\/RFID-Laundry-Tag-Installation-Guide-01-225x300.png 225w, https:\/\/rfid-laundry-tag.com\/wp-content\/uploads\/2025\/12\/RFID-Laundry-Tag-Installation-Guide-01-9x12.png 9w, https:\/\/rfid-laundry-tag.com\/wp-content\/uploads\/2025\/12\/RFID-Laundry-Tag-Installation-Guide-01-600x801.png 600w, https:\/\/rfid-laundry-tag.com\/wp-content\/uploads\/2025\/12\/RFID-Laundry-Tag-Installation-Guide-01.png 790w\" sizes=\"(max-width: 768px) 100vw, 768px\" \/><\/a><figcaption id=\"caption-attachment-3033\" class=\"wp-caption-text\">RFID vaskem\u00e6rker<\/figcaption><\/figure>\n<\/div>\n<div>\n<div class=\"J_module\">\n<h2 id=\"ali-anchor-AliMagic-0o5zmv\" class=\"magic-0\" data-section=\"AliMagic-0o5zmv\" data-section-title=\"FAQ\" data-spm-anchor-id=\"a2700.details-description.0.i2.40e8juJgjuJgsa\"><strong>Ofte stillede sp\u00f8rgsm\u00e5l<\/strong><\/h2>\n<div data-section=\"AliMagic-0o5zmv\" data-section-title=\"FAQ\" data-spm-anchor-id=\"a2700.details-description.0.i2.40e8juJgjuJgsa\"><\/div>\n<\/div>\n<div class=\"J_module\">\n<div class=\"detail-decorate-json-renderer-container\">\n<div class=\"magic-17\">\n<div class=\"magic-18\">\n<div class=\"magic-19\">\n<div class=\"magic-20\">\n<div data-spm-anchor-id=\"a2700.details-description.0.i5.40e8juJgjuJgsa\"><b class=\"magic-32\">1. Kan du tilbyde os et par pr\u00f8ver?<\/b><\/div>\n<div data-spm-anchor-id=\"a2700.details-description.0.i5.40e8juJgjuJgsa\">N\u00e5r vi har fastsl\u00e5et, hvilke produkter du har brug for, kan vi tilbyde lignende eksisterende pr\u00f8ver til din reference. Pr\u00f8ven er gratis inklusive de fragtomkostninger, du har betalt. Hvis du har brug for en tilpasset m\u00e6rkepr\u00f8ve baseret p\u00e5 dit design og dine krav, opkr\u00e6ves der en rimelig pr\u00f8vepris i overensstemmelse hermed.<\/div>\n<div data-spm-anchor-id=\"a2700.details-description.0.i5.40e8juJgjuJgsa\"><\/div>\n<div data-spm-anchor-id=\"a2700.details-description.0.i5.40e8juJgjuJgsa\"><b class=\"magic-32\">2. Vi er ikke ekspertindk\u00f8bere inden for jeres teknologi. Hvilke oplysninger har I brug for fra os for at kunne give et tilbud?<\/b><\/div>\n<div data-spm-anchor-id=\"a2700.details-description.0.i5.40e8juJgjuJgsa\">K\u00e6re ven, bedes du venligst tydeligt oplyse os om RFID-m\u00e6rkets anvendelse og hvilket m\u00e5l du \u00f8nsker at opn\u00e5, s\u00e5 vil vi foresl\u00e5 dig det passende produkt til en god pris.<\/div>\n<div data-spm-anchor-id=\"a2700.details-description.0.i5.40e8juJgjuJgsa\"><\/div>\n<div data-spm-anchor-id=\"a2700.details-description.0.i5.40e8juJgjuJgsa\"><b class=\"magic-32\">3. Vi har en bekymring over, at vi har betalt, men I sender os ikke varerne. .<\/b>\u00a0Vi er en f\u00f8rende virksomhed inden for RFID-m\u00e6rker, der har drevet \u00e6rlig forretning p\u00e5 det internationale marked i \u00e5revis. Vi f\u00e5r altid positiv feedback fra vores kunder verden over.<\/div>\n<div data-spm-anchor-id=\"a2700.details-description.0.i5.40e8juJgjuJgsa\"><\/div>\n<div data-spm-anchor-id=\"a2700.details-description.0.i5.40e8juJgjuJgsa\"><span class=\"magic-32\"><b><span class=\"magic-30\">4. Kan vi bes\u00f8ge jeres fabrik?<\/span><\/b><\/span>\u00a0Ja, vi byder dig hjertelig velkommen til din rundvisning i fabrikken. Og det er en \u00e6re at v\u00e6re din guide p\u00e5 din tur til Kina.<\/div>\n<\/div>\n<div data-spm-anchor-id=\"a2700.details-description.0.i5.40e8juJgjuJgsa\">\n<figure id=\"attachment_3036\" aria-describedby=\"caption-attachment-3036\" style=\"width: 1024px\" class=\"wp-caption alignnone\"><a href=\"https:\/\/rfid-laundry-tag.com\/da\/textile-rfid-laundry-tag\/\"><img decoding=\"async\" class=\"size-large wp-image-3036\" src=\"https:\/\/rfid-laundry-tag.com\/wp-content\/uploads\/2025\/12\/RFID-Laundry-Tag-Installation-Guide-03--1024x590.png\" alt=\"How to Sew RFID Laundry Tags into Linens and Garments\" width=\"1024\" height=\"590\" srcset=\"https:\/\/rfid-laundry-tag.com\/wp-content\/uploads\/2025\/12\/RFID-Laundry-Tag-Installation-Guide-03--1024x590.png 1024w, https:\/\/rfid-laundry-tag.com\/wp-content\/uploads\/2025\/12\/RFID-Laundry-Tag-Installation-Guide-03--300x173.png 300w, https:\/\/rfid-laundry-tag.com\/wp-content\/uploads\/2025\/12\/RFID-Laundry-Tag-Installation-Guide-03--768x442.png 768w, https:\/\/rfid-laundry-tag.com\/wp-content\/uploads\/2025\/12\/RFID-Laundry-Tag-Installation-Guide-03--18x10.png 18w, https:\/\/rfid-laundry-tag.com\/wp-content\/uploads\/2025\/12\/RFID-Laundry-Tag-Installation-Guide-03--600x345.png 600w, https:\/\/rfid-laundry-tag.com\/wp-content\/uploads\/2025\/12\/RFID-Laundry-Tag-Installation-Guide-03-.png 1148w\" sizes=\"(max-width: 1024px) 100vw, 1024px\" \/><\/a><figcaption id=\"caption-attachment-3036\" class=\"wp-caption-text\">S\u00e5dan syr du RFID-vaskem\u00e6rker i senget\u00f8j og bekl\u00e6dningsgenstande<\/figcaption><\/figure>\n<\/div>\n<\/div>\n<\/div>\n<\/div>\n<\/div>\n<\/div>\n<\/div>","protected":false},"excerpt":{"rendered":"<div class=\"elementor-element elementor-element-4f79c63 e-flex e-con-boxed e-con e-parent e-lazyloaded\" data-id=\"4f79c63\" data-element_type=\"container\" data-settings=\"{&quot;_ha_eqh_enable&quot;:false}\">\n<div class=\"e-con-inner\">\n<div class=\"elementor-element elementor-element-be3873c elementor-widget elementor-widget-woocommerce-product-short-description\" data-id=\"be3873c\" data-element_type=\"widget\" data-widget_type=\"woocommerce-product-short-description.default\">\n<div class=\"elementor-widget-container\">\n<div class=\"woocommerce-product-details__short-description\"><\/div>\n<\/div>\n<\/div>\n<\/div>\n<\/div>\n<div class=\"elementor-element elementor-element-3ad806e e-flex e-con-boxed e-con e-parent e-lazyloaded\" data-id=\"3ad806e\" data-element_type=\"container\" data-settings=\"{&quot;_ha_eqh_enable&quot;:false}\">\n<div class=\"e-con-inner\">\n<div class=\"elementor-element elementor-element-362020f elementor-widget elementor-widget-woocommerce-product-data-tabs\" data-id=\"362020f\" data-element_type=\"widget\" data-widget_type=\"woocommerce-product-data-tabs.default\">\n<div class=\"elementor-widget-container\">\n<div class=\"woocommerce-tabs wc-tabs-wrapper\">\n<h3 class=\"wp-block-heading\">RFID-vasket\u00f8jsm\u00e6rke - 70*15mm<\/h3>\n<p>1, St\u00f8rrelsen er 70 * 15 mm<br \/>\n2, Garanteret til 200 eller 300 vaskecyklusser gennem sterilisering, afvanding, varmejernsprocesser under tryk 60 bar, 200\u00b0C opvarmning.<br \/>\n3, leveringstid er 1 ~ 2 dage<\/p>\n<\/div>\n<\/div>\n<\/div>\n<\/div>\n<\/div>","protected":false},"featured_media":3080,"template":"","meta":{"_kad_post_transparent":"default","_kad_post_title":"","_kad_post_layout":"default","_kad_post_sidebar_id":"","_kad_post_content_style":"default","_kad_post_vertical_padding":"default","_kad_post_feature":"","_kad_post_feature_position":"","_kad_post_header":false,"_kad_post_footer":false,"_kad_post_classname":""},"product_brand":[],"product_cat":[16],"product_tag":[378,24,375,342,339,380,65,368,30,379,374,373],"class_list":{"0":"post-3079","1":"product","2":"type-product","3":"status-publish","4":"has-post-thumbnail","6":"product_cat-uhf-rfid-laundry-tags","7":"product_tag-laundry-management","8":"product_tag-laundry-rfid-tags","9":"product_tag-rfid-laundry-tag-7015mm","10":"product_tag-rfid-laundry-tags","11":"product_tag-rfid-washable-tags","12":"product_tag-smart-textile","13":"product_tag-textile-rfid-laundry-tags","14":"product_tag-textile-uhf-rfid-tags-labels","15":"product_tag-uhf-rfid-laundry-tag","16":"product_tag-uniform-management","17":"product_tag-washable-uhf-rfid-labels","18":"product_tag-washable-uhf-rfid-laundry-textile-labels","20":"first","21":"instock","22":"featured","23":"shipping-taxable","24":"product-type-simple","25":"entry","26":"content-bg","27":"loop-entry"},"_links":{"self":[{"href":"https:\/\/rfid-laundry-tag.com\/da\/wp-json\/wp\/v2\/product\/3079","targetHints":{"allow":["GET"]}}],"collection":[{"href":"https:\/\/rfid-laundry-tag.com\/da\/wp-json\/wp\/v2\/product"}],"about":[{"href":"https:\/\/rfid-laundry-tag.com\/da\/wp-json\/wp\/v2\/types\/product"}],"version-history":[{"count":3,"href":"https:\/\/rfid-laundry-tag.com\/da\/wp-json\/wp\/v2\/product\/3079\/revisions"}],"predecessor-version":[{"id":3170,"href":"https:\/\/rfid-laundry-tag.com\/da\/wp-json\/wp\/v2\/product\/3079\/revisions\/3170"}],"wp:featuredmedia":[{"embeddable":true,"href":"https:\/\/rfid-laundry-tag.com\/da\/wp-json\/wp\/v2\/media\/3080"}],"wp:attachment":[{"href":"https:\/\/rfid-laundry-tag.com\/da\/wp-json\/wp\/v2\/media?parent=3079"}],"wp:term":[{"taxonomy":"product_brand","embeddable":true,"href":"https:\/\/rfid-laundry-tag.com\/da\/wp-json\/wp\/v2\/product_brand?post=3079"},{"taxonomy":"product_cat","embeddable":true,"href":"https:\/\/rfid-laundry-tag.com\/da\/wp-json\/wp\/v2\/product_cat?post=3079"},{"taxonomy":"product_tag","embeddable":true,"href":"https:\/\/rfid-laundry-tag.com\/da\/wp-json\/wp\/v2\/product_tag?post=3079"}],"curies":[{"name":"wp","href":"https:\/\/api.w.org\/{rel}","templated":true}]}}