{"id":3076,"date":"2025-12-18T09:52:47","date_gmt":"2025-12-18T09:52:47","guid":{"rendered":"https:\/\/rfid-laundry-tag.com\/?post_type=product&#038;p=3076"},"modified":"2026-01-04T13:40:48","modified_gmt":"2026-01-04T13:40:48","slug":"fabric-washable-uhf-rfid-laundry-tags","status":"publish","type":"product","link":"https:\/\/rfid-laundry-tag.com\/da\/vare\/fabric-washable-uhf-rfid-laundry-tags\/","title":{"rendered":"Vaskbare UHF RFID-vaskem\u00e6rker til tekstiler"},"content":{"rendered":"<div class=\"auto-hide-last-sibling-br paragraph_1252f paragraph-element\">\n<h2 class=\"auto-hide-last-sibling-br paragraph_1252f paragraph-element\">Vaskbare UHF RFID-vaskem\u00e6rker til tekstiler<\/h2>\n<p><a href=\"https:\/\/rfid-laundry-tag.com\/da\/textile-rfid-laundry-tag\/\">Tekstil UHF-vaskem\u00e6rker\u00a0<\/a>er konstrueret til at opfylde vaskerisektorens sporingsbehov, is\u00e6r p\u00e5 hoteller og hospitaler. De er bygget til holdbarhed og er velegnede til forskellige processer, herunder vask, t\u00f8rring, rensning og strygning.<\/p>\n<p>Disse tags har h\u00f8j f\u00f8lsomhed, hvilket g\u00f8r det muligt at l\u00e6se flere tags samtidigt og fungerer effektivt selv under forskellige signalforstyrrelser.<\/p>\n<div data-spm-anchor-id=\"a2700.details.0.i57.23b419c7xXORP0\"><span data-spm-anchor-id=\"a2700.details.0.i75.23b419c7xXORP0\"><b>Funktion af stofvaskbare UHF RFID-vaskem\u00e6rker:<\/b><br \/>\n1) UHF-teknologi til at l\u00e6se hundredvis af tags samtidigt.<br \/>\n2) L\u00e6seafstand p\u00e5 mere end 8 m ~ 12 m.<br \/>\n3) Kan vaskes 200 gange ~ 300 gange<\/span><\/div>\n<div data-spm-anchor-id=\"a2700.details.0.i57.23b419c7xXORP0\">\n<div class=\"entry-content-asset videofit\"><iframe title=\"Varmekl\u00e6bende UHF RFID-vaskem\u00e6rker fabrik med 12m l\u00e6seafstandstest\" src=\"https:\/\/www.youtube.com\/embed\/cOnG5fgEIs4?feature=oembed\" width=\"720\" height=\"405\" frameborder=\"0\" allowfullscreen=\"allowfullscreen\" data-mce-fragment=\"1\"><\/iframe><\/div>\n<\/div>\n<\/div>\n<div data-spm-anchor-id=\"a2700.details.0.i57.23b419c7xXORP0\"><\/div>\n<div data-spm-anchor-id=\"a2700.details.0.i57.23b419c7xXORP0\">\n<div class=\"text-content\" data-spm-anchor-id=\"a2700.details.0.i54.23b419c7xXORP0\">\n<table>\n<tbody>\n<tr>\n<td width=\"139\">Produktnavn<\/td>\n<td width=\"600\">Vaskbare UHF RFID-vaskem\u00e6rker til tekstiler<\/td>\n<\/tr>\n<tr>\n<td width=\"139\">Materiale<\/td>\n<td width=\"600\">Stof\/v\u00e6vet osv.<\/td>\n<\/tr>\n<tr>\n<td width=\"139\">Chip model<\/td>\n<td width=\"600\">UCODE\u00ae 9<\/td>\n<\/tr>\n<tr>\n<td width=\"139\">Hukommelse<\/td>\n<td width=\"600\">EPC: 96 bit<\/td>\n<\/tr>\n<tr>\n<td width=\"139\">Protokol<\/td>\n<td width=\"600\">EPC C1 G2<\/td>\n<\/tr>\n<tr>\n<td width=\"139\">St\u00f8rrelse<\/td>\n<td width=\"600\">70*15 mm, 86*16 mm; 50*20 mm; 72*16 mm; 35*15 mm osv.<\/td>\n<\/tr>\n<tr>\n<td width=\"139\">Farve<\/td>\n<td width=\"600\">Hvid<\/td>\n<\/tr>\n<tr>\n<td width=\"139\">Arbejdstider<\/td>\n<td width=\"600\">Gennemsnittet er 200 gange, nogle kan mere end 300 gange.<\/td>\n<\/tr>\n<tr>\n<td width=\"139\">Driftstemperatur<\/td>\n<td width=\"600\">-25\u2103 til +150\u2103<\/td>\n<\/tr>\n<tr>\n<td width=\"139\">L\u00e6s afstand<\/td>\n<td width=\"600\">3-10 mio.<\/td>\n<\/tr>\n<tr>\n<td width=\"139\">Anvendelse<\/td>\n<td width=\"600\">Vaskeril\u00f8sning, vaskerum, industrivask, h\u00e5ndtering af hotelt\u00f8j, administration af supermarkeder\/t\u00f8jbutikker osv.<\/td>\n<\/tr>\n<\/tbody>\n<\/table>\n<\/div>\n<\/div>\n<div><\/div>\n<h3 class=\"wp-block-heading\">S\u00e5dan installeres UHF RFID-vaskem\u00e6rker til tekstilvask<\/h3>\n<p><strong>Stitch Tagging<\/strong>: Skal sys ind i kanten af et tekstil. Sy vaskem\u00e6rket v\u00e6k fra foldelinjerne.<br \/>\n<strong>Varmeforsegling<\/strong>: Skal varmeforsegles direkte p\u00e5 tekstilet ved +200\u00b0C (392\u00b0F), i 12~14s.<br \/>\n<strong>I pose<\/strong>: Skal sys som en standard plejelabel. Sy vaskem\u00e6rket v\u00e6k fra foldelinjerne.<\/p>\n<p><b>RFID-vaskem\u00e6rker kan anvendes i vid udstr\u00e6kning inden for f\u00f8lgende omr\u00e5der:<br \/>\n<\/b>1) Sporingsstyring<br \/>\n2) Fabrik\/lager\/hotel\/hospital\/forlystelsespark<br \/>\n3) Hospitaluniformer\/Linned\/Paller\/Kl\u00e6rredstasker<br \/>\n4) Renseri<br \/>\n5) Brug i hotellagen\/fastgjort til tekstil\/arbejdst\u00f8j<br \/>\n6) Vaskerifirmaer<\/p>\n<h2>Hvad er RFID-linnedchips?<\/h2>\n<p><a href=\"https:\/\/rfid-laundry-tag.com\/da\/textile-rfid-laundry-tag\/\">RFID linnedchips<\/a> er kompakte, holdbare tags indlejret med en radiofrekvensidentifikationsmikrochip (RFID) og antenne, der er specielt designet til sporing af tekstiler som lagner, h\u00e5ndkl\u00e6der og uniformer i industrielle milj\u00f8er. Disse chips kan varmeforsegles eller sys ind i stofgenstande, hvilket muligg\u00f8r automatisk identifikation og sporing gennem hele deres livscyklus. I mods\u00e6tning til traditionelle stregkoder kr\u00e6ver RFID-chips ikke en direkte synslinje til scanning, hvilket muligg\u00f8r effektiv sporing, selv n\u00e5r varer er stablet eller pakket i poser.<\/p>\n<h2>Fordele ved RFID i tekstilvaskeri:<\/h2>\n<p>I takt med at industrivaskeri- og udlejningssektoren for bekl\u00e6dning vokser, stiger behovet for automatisering og pr\u00e6cis lagerstyring. I \u00f8jeblikket bruger mindre end 11.000 TP3T af den globale vaskeriindustri RFID-teknologi, men dem, der har taget den i brug, rapporterer om betydelige fordele. RFID ses som afg\u00f8rende for teknologiske opgraderinger i vaskerisektoren, med forventninger om \u00f8get udrulning i de n\u00e6ste par \u00e5r. De faldende omkostninger og den forbedrede kvalitet af RFID-enheder og tekstilm\u00e6rker giver en konkurrencefordel, der fremmer innovation.<\/p>\n<ol>\n<li><strong>Str\u00f8mlinet t\u00f8jklassificering:<\/strong>\u00a0RFID-m\u00e6rker fastgjort til t\u00f8j muligg\u00f8r automatisk sortering under vask og forarbejdning, hvilket reducerer behovet for manuelt arbejde og forbedrer effektiviteten.<\/li>\n<li><strong>N\u00f8jagtige vaskecyklusregistreringer:<\/strong>\u00a0Sporing af vaskecyklusser hj\u00e6lper med at forudsige t\u00f8jets levetid. Systemet advarer brugerne, n\u00e5r varer n\u00e6rmer sig slutningen af deres levetid, hvilket letter rettidig genbestilling og lagerstyring.<\/li>\n<li><strong>Hurtig lageroversigt:<\/strong>\u00a0RFID-tags muligg\u00f8r hurtig lagerkontrol, hvilket hj\u00e6lper med at forhindre tab eller tyveri og sikrer driftseffektivitet.<\/li>\n<li><strong>Minimering af tab og tyveri:<\/strong>\u00a0Hver RFID-tag har en unik identifikator, der muligg\u00f8r pr\u00e6cis sporing af mistede eller stj\u00e5lne genstande, hvilket kan hj\u00e6lpe med at d\u00e6kke omkostningerne.<\/li>\n<\/ol>\n<h2>S\u00e5dan fungerer RFID-linnedchips i industrielt vaskeri:<\/h2>\n<ul>\n<li><strong>M\u00e6rkning og registrering:<\/strong>\u00a0Hver vare er indlejret med en RFID-chip, der er knyttet til en database, der indeholder dens oplysninger.<\/li>\n<li><strong>Automatiseret sporing:<\/strong>\u00a0RFID-l\u00e6sere p\u00e5 centrale punkter i vaskeriprocessen indsamler realtidsdata, mens varerne bev\u00e6ger sig gennem indsamling, vask og distribution.<\/li>\n<li><strong>Sortering og forarbejdning:<\/strong>\u00a0Systemet automatiserer sortering efter type eller klient, hvilket reducerer l\u00f8nomkostningerne.<\/li>\n<li><strong>Lagerstyring:<\/strong>\u00a0L\u00f8bende dataopdateringer giver indsigt i lagerniveauer og brugsm\u00f8nstre, hvilket sikrer tilg\u00e6ngelighed og forhindrer overlager.<\/li>\n<\/ul>\n<p>Samlet set, <a href=\"https:\/\/rfid-laundry-tag.com\/da\/rfid-chips-for-uniform-and-linen\/\">RFID linnedchips<\/a> Optimer industrielle vaskeridrift gennem forbedret sporing, effektivitet og forebyggelse af tab.<\/p>","protected":false},"excerpt":{"rendered":"<div class=\"elementor-element elementor-element-4f79c63 e-flex e-con-boxed e-con e-parent e-lazyloaded\" data-id=\"4f79c63\" data-element_type=\"container\" data-settings=\"{&quot;_ha_eqh_enable&quot;:false}\">\n<div class=\"e-con-inner\">\n<div class=\"elementor-element elementor-element-be3873c elementor-widget elementor-widget-woocommerce-product-short-description\" data-id=\"be3873c\" data-element_type=\"widget\" data-widget_type=\"woocommerce-product-short-description.default\">\n<div class=\"elementor-widget-container\">\n<div class=\"woocommerce-product-details__short-description\"><\/div>\n<\/div>\n<\/div>\n<\/div>\n<\/div>\n<div class=\"elementor-element elementor-element-3ad806e e-flex e-con-boxed e-con e-parent e-lazyloaded\" data-id=\"3ad806e\" data-element_type=\"container\" data-settings=\"{&quot;_ha_eqh_enable&quot;:false}\">\n<div class=\"e-con-inner\">\n<div class=\"elementor-element elementor-element-362020f elementor-widget elementor-widget-woocommerce-product-data-tabs\" data-id=\"362020f\" data-element_type=\"widget\" data-widget_type=\"woocommerce-product-data-tabs.default\">\n<div class=\"elementor-widget-container\">\n<div class=\"woocommerce-tabs wc-tabs-wrapper\"><strong>Vaskbare UHF RFID-vaskem\u00e6rker til tekstiler<\/strong> Til hoteller og hospitaler, vaskbar 200-300 gange, afl\u00e6ser hundredvis af tags samtidigt fra 8-12 m, ideel til effektiv sporing.<\/div>\n<\/div>\n<\/div>\n<\/div>\n<\/div>","protected":false},"featured_media":3077,"template":"","meta":{"_kad_post_transparent":"default","_kad_post_title":"","_kad_post_layout":"default","_kad_post_sidebar_id":"","_kad_post_content_style":"default","_kad_post_vertical_padding":"default","_kad_post_feature":"","_kad_post_feature_position":"","_kad_post_header":false,"_kad_post_footer":false,"_kad_post_classname":""},"product_brand":[],"product_cat":[19],"product_tag":[381,378,24,342,339,380,65,368,30,379,374,373],"class_list":{"0":"post-3076","1":"product","2":"type-product","3":"status-publish","4":"has-post-thumbnail","6":"product_cat-textile-rfid-laundry-tag","7":"product_tag-industrial-iot","8":"product_tag-laundry-management","9":"product_tag-laundry-rfid-tags","10":"product_tag-rfid-laundry-tags","11":"product_tag-rfid-washable-tags","12":"product_tag-smart-textile","13":"product_tag-textile-rfid-laundry-tags","14":"product_tag-textile-uhf-rfid-tags-labels","15":"product_tag-uhf-rfid-laundry-tag","16":"product_tag-uniform-management","17":"product_tag-washable-uhf-rfid-labels","18":"product_tag-washable-uhf-rfid-laundry-textile-labels","20":"first","21":"instock","22":"featured","23":"shipping-taxable","24":"product-type-simple","25":"entry","26":"content-bg","27":"loop-entry"},"_links":{"self":[{"href":"https:\/\/rfid-laundry-tag.com\/da\/wp-json\/wp\/v2\/product\/3076","targetHints":{"allow":["GET"]}}],"collection":[{"href":"https:\/\/rfid-laundry-tag.com\/da\/wp-json\/wp\/v2\/product"}],"about":[{"href":"https:\/\/rfid-laundry-tag.com\/da\/wp-json\/wp\/v2\/types\/product"}],"version-history":[{"count":3,"href":"https:\/\/rfid-laundry-tag.com\/da\/wp-json\/wp\/v2\/product\/3076\/revisions"}],"predecessor-version":[{"id":3172,"href":"https:\/\/rfid-laundry-tag.com\/da\/wp-json\/wp\/v2\/product\/3076\/revisions\/3172"}],"wp:featuredmedia":[{"embeddable":true,"href":"https:\/\/rfid-laundry-tag.com\/da\/wp-json\/wp\/v2\/media\/3077"}],"wp:attachment":[{"href":"https:\/\/rfid-laundry-tag.com\/da\/wp-json\/wp\/v2\/media?parent=3076"}],"wp:term":[{"taxonomy":"product_brand","embeddable":true,"href":"https:\/\/rfid-laundry-tag.com\/da\/wp-json\/wp\/v2\/product_brand?post=3076"},{"taxonomy":"product_cat","embeddable":true,"href":"https:\/\/rfid-laundry-tag.com\/da\/wp-json\/wp\/v2\/product_cat?post=3076"},{"taxonomy":"product_tag","embeddable":true,"href":"https:\/\/rfid-laundry-tag.com\/da\/wp-json\/wp\/v2\/product_tag?post=3076"}],"curies":[{"name":"wp","href":"https:\/\/api.w.org\/{rel}","templated":true}]}}