{"id":3074,"date":"2025-12-18T09:36:02","date_gmt":"2025-12-18T09:36:02","guid":{"rendered":"https:\/\/rfid-laundry-tag.com\/?post_type=product&#038;p=3074"},"modified":"2025-12-18T09:36:03","modified_gmt":"2025-12-18T09:36:03","slug":"washable-uhf-rfid-laundry-textile-labels","status":"publish","type":"product","link":"https:\/\/rfid-laundry-tag.com\/da\/vare\/washable-uhf-rfid-laundry-textile-labels\/","title":{"rendered":"Vaskbare UHF RFID-tekstiletiketter til vaskeri"},"content":{"rendered":"<div class=\"auto-hide-last-sibling-br paragraph_1252f paragraph-element\">\n<h2 class=\"auto-hide-last-sibling-br paragraph_1252f paragraph-element\">Vaskbare UHF RFID-tekstiletiketter til vaskeri<\/h2>\n<div><\/div>\n<div data-spm-anchor-id=\"a2700.details.0.i57.23b419c7xXORP0\"><span data-spm-anchor-id=\"a2700.details.0.i75.23b419c7xXORP0\"><b>Funktion:<\/b><br \/>\n1) UHF-teknologi til at l\u00e6se hundredvis af tags samtidigt.<br \/>\n2) L\u00e6seafstand p\u00e5 mere end 8 m ~ 12 m.<br \/>\n3) Nyt mekanisk design for forbedret ydeevne for fladt senget\u00f8j.<br \/>\n4) Velegnet til h\u00f8jtrykssugere op til 60 bar.<br \/>\n5) Velegnet til autoklave sterilisering.<br \/>\n6) Lille, bl\u00f8dt, fleksibelt materiale ideelt til tekstiler, senget\u00f8j, bekl\u00e6dningsgenstande og tilbeh\u00f8r.<\/span><\/div>\n<div data-spm-anchor-id=\"a2700.details.0.i57.23b419c7xXORP0\">\n<div class=\"entry-content-asset videofit\"><iframe title=\"Varmekl\u00e6bende UHF RFID-vaskem\u00e6rker fabrik med 12m l\u00e6seafstandstest\" src=\"https:\/\/www.youtube.com\/embed\/cOnG5fgEIs4?feature=oembed\" width=\"720\" height=\"405\" frameborder=\"0\" allowfullscreen=\"allowfullscreen\" data-mce-fragment=\"1\"><\/iframe><\/div>\n<\/div>\n<\/div>\n<div data-spm-anchor-id=\"a2700.details.0.i57.23b419c7xXORP0\"><\/div>\n<div data-spm-anchor-id=\"a2700.details.0.i57.23b419c7xXORP0\">\n<div class=\"text-content\" data-spm-anchor-id=\"a2700.details.0.i54.23b419c7xXORP0\">\n<table>\n<tbody>\n<tr>\n<td width=\"139\">Produktnavn<\/td>\n<td width=\"600\">Vaskbare UHF RFID-tekstiletiketter til vaskeri<\/td>\n<\/tr>\n<tr>\n<td width=\"139\">Materiale<\/td>\n<td width=\"600\">Stof\/v\u00e6vet osv.<\/td>\n<\/tr>\n<tr>\n<td width=\"139\">Chip model<\/td>\n<td width=\"600\">UCODE\u00ae 9<\/td>\n<\/tr>\n<tr>\n<td width=\"139\">Hukommelse<\/td>\n<td width=\"600\">EPC: 96 bit<\/td>\n<\/tr>\n<tr>\n<td width=\"139\">Protokol<\/td>\n<td width=\"600\">EPC C1 G2<\/td>\n<\/tr>\n<tr>\n<td width=\"139\">St\u00f8rrelse<\/td>\n<td width=\"600\">70*15 mm, 86*16 mm; 50*20 mm; 72*16 mm; 35*15 mm osv.<\/td>\n<\/tr>\n<tr>\n<td width=\"139\">Farve<\/td>\n<td width=\"600\">Hvid<\/td>\n<\/tr>\n<tr>\n<td width=\"139\">Arbejdstider<\/td>\n<td width=\"600\">Gennemsnittet er 200 gange, nogle kan mere end 300 gange.<\/td>\n<\/tr>\n<tr>\n<td width=\"139\">Driftstemperatur<\/td>\n<td width=\"600\">-25\u2103 til +150\u2103<\/td>\n<\/tr>\n<tr>\n<td width=\"139\">L\u00e6s afstand<\/td>\n<td width=\"600\">3-10 mio.<\/td>\n<\/tr>\n<tr>\n<td width=\"139\">Anvendelse<\/td>\n<td width=\"600\">Vaskeril\u00f8sning, vaskerum, industrivask, h\u00e5ndtering af hotelt\u00f8j, administration af supermarkeder\/t\u00f8jbutikker osv.<\/td>\n<\/tr>\n<\/tbody>\n<\/table>\n<\/div>\n<\/div>\n<div><\/div>\n<div>\n<p>&nbsp;<\/p>\n<h3>Hvad er vaskbare UHF RFID-tekstiletiketter til vaskeri?<\/h3>\n<p>Vaskbare RFID-tags er en specialiseret type\u00a0<strong>RFID tag<\/strong>\u00a0designet specielt til vaskeribrug. Disse m\u00e6rker bruger\u00a0<strong>h\u00f8jtydende RFID-teknologi<\/strong>\u00a0for at muligg\u00f8re pr\u00e6cis sporing og styring af tekstilvarer gennem hele deres livscyklus. Vaskbare RFID-tags er fremstillet af holdbare materialer og kan modst\u00e5 p\u00e5virkningerne fra industriel vask, herunder eksponering for h\u00f8je temperaturer og gentagne vaskecyklusser.<\/p>\n<\/div>\n<h3 class=\"wp-block-heading\">S\u00e5dan installeres<\/h3>\n<p><strong>Stitch Tagging<\/strong>: Skal sys ind i kanten af et tekstil. Sy vaskem\u00e6rket v\u00e6k fra foldelinjerne.<br \/>\n<strong>Varmeforsegling<\/strong>: Skal varmeforsegles direkte p\u00e5 tekstilet ved +200\u00b0C (392\u00b0F), i 12~14s.<br \/>\n<strong>I pose<\/strong>: Skal sys som en standard plejelabel. Sy vaskem\u00e6rket v\u00e6k fra foldelinjerne.<\/p>\n<h2>Ofte stillede sp\u00f8rgsm\u00e5l (FAQ) \u2013 Vaskbare UHF RFID-tekstiletiketter til vaskeri<\/h2>\n<p>1. Hvordan forbedrer de vaskbare UHF RFID-tekstiletiketter lagerstyringen?<br \/>\nDe vaskbare UHF RFID-tekstiletiketter giver pr\u00e6cis sporing af bekl\u00e6dningsgenstande og automatiserer lagerstyringsprocessen. Ved at bruge UCODE\u00ae 9-chips kan virksomheder \u00f8jeblikkeligt overv\u00e5ge placeringen og status for hvert bekl\u00e6dningsgenstand, hvilket forbedrer driftseffektiviteten og reducerer manuelle fejl.<\/p>\n<p>2. Hvor holdbare er de vaskbare UHF RFID-tekstiletiketter til vaskeri?<br \/>\nVores vaskbare RFID-tags er designet til at modst\u00e5 op til 200 vaske, og i nogle tilf\u00e6lde over 300. Denne holdbarhed sikrer, at tagsene forbliver funktionelle i hele t\u00f8jets levetid, hvilket reducerer udskiftningsomkostningerne.<\/p>\n<p>3. Hvad er fordelen ved UHF RFID-teknologi med lang r\u00e6kkevidde?<br \/>\nMed UHF RFID-tags med lang r\u00e6kkevidde kan bekl\u00e6dningsgenstande spores over st\u00f8rre afstande, hvilket fremskynder behandlingstiden i milj\u00f8er med stor volumen, f.eks. industrielle vaskerier. Denne teknologi forbedrer automatiseringen, forbedrer serviceniveauet og den operationelle produktivitet.<\/p>\n<p>4. Hvordan h\u00e5ndterer RFID-m\u00e6rkning almindelige smertepunkter i vaskeribranchen?<br \/>\nRFID-tags reducerer manuelle sporingsfejl, sikrer pr\u00e6cis aktivstyring og forbedrer t\u00f8jets holdbarhed. Ved at automatisere sporing kan virksomheder spare tid, reducere tab og \u00f8ge rentabiliteten.<\/p>\n<p>5. Hvorfor v\u00e6lge dine RFID-tags frem for andre?<br \/>\nSom en af de 5 f\u00f8rende RFID-m\u00e6rkeproducenter med over 15 \u00e5rs erfaring tilbyder vi holdbare l\u00f8sninger af h\u00f8j kvalitet, der er skr\u00e6ddersyet til storstilet bekl\u00e6dningsh\u00e5ndtering, hvilket sikrer omkostningseffektiv og effektiv drift.<\/p>","protected":false},"excerpt":{"rendered":"<div class=\"elementor-element elementor-element-4f79c63 e-flex e-con-boxed e-con e-parent e-lazyloaded\" data-id=\"4f79c63\" data-element_type=\"container\" data-settings=\"{&quot;_ha_eqh_enable&quot;:false}\">\n<div class=\"e-con-inner\">\n<div class=\"elementor-element elementor-element-be3873c elementor-widget elementor-widget-woocommerce-product-short-description\" data-id=\"be3873c\" data-element_type=\"widget\" data-widget_type=\"woocommerce-product-short-description.default\">\n<div class=\"elementor-widget-container\">\n<div class=\"woocommerce-product-details__short-description\">\n<p><strong>Vaskbare UHF RFID-tekstiletiketter til vaskeri<\/strong>, ofte omtalt som RFID-vaskem\u00e6rker, er fremstillet med et sk\u00e5nsomt, men robust gummiydre. Disse t\u00f8jm\u00e6rker er konstrueret til at v\u00e6re fleksible og robuste, og de kan modst\u00e5 op til 200 vaske og tryk p\u00e5 op til 60 bar.<\/p>\n<\/div>\n<\/div>\n<\/div>\n<\/div>\n<\/div>\n<div class=\"elementor-element elementor-element-3ad806e e-flex e-con-boxed e-con e-parent e-lazyloaded\" data-id=\"3ad806e\" data-element_type=\"container\" data-settings=\"{&quot;_ha_eqh_enable&quot;:false}\">\n<div class=\"e-con-inner\">\n<div class=\"elementor-element elementor-element-362020f elementor-widget elementor-widget-woocommerce-product-data-tabs\" data-id=\"362020f\" data-element_type=\"widget\" data-widget_type=\"woocommerce-product-data-tabs.default\">\n<div class=\"elementor-widget-container\">\n<div class=\"woocommerce-tabs wc-tabs-wrapper\"><\/div>\n<\/div>\n<\/div>\n<\/div>\n<\/div>","protected":false},"featured_media":2870,"template":"","meta":{"_kad_post_transparent":"default","_kad_post_title":"","_kad_post_layout":"default","_kad_post_sidebar_id":"","_kad_post_content_style":"default","_kad_post_vertical_padding":"default","_kad_post_feature":"","_kad_post_feature_position":"","_kad_post_header":false,"_kad_post_footer":false,"_kad_post_classname":""},"product_brand":[],"product_cat":[19],"product_tag":[24,342,339,65,368,30,374,373],"class_list":{"0":"post-3074","1":"product","2":"type-product","3":"status-publish","4":"has-post-thumbnail","6":"product_cat-textile-rfid-laundry-tag","7":"product_tag-laundry-rfid-tags","8":"product_tag-rfid-laundry-tags","9":"product_tag-rfid-washable-tags","10":"product_tag-textile-rfid-laundry-tags","11":"product_tag-textile-uhf-rfid-tags-labels","12":"product_tag-uhf-rfid-laundry-tag","13":"product_tag-washable-uhf-rfid-labels","14":"product_tag-washable-uhf-rfid-laundry-textile-labels","16":"first","17":"instock","18":"featured","19":"shipping-taxable","20":"product-type-simple","21":"entry","22":"content-bg","23":"loop-entry"},"_links":{"self":[{"href":"https:\/\/rfid-laundry-tag.com\/da\/wp-json\/wp\/v2\/product\/3074","targetHints":{"allow":["GET"]}}],"collection":[{"href":"https:\/\/rfid-laundry-tag.com\/da\/wp-json\/wp\/v2\/product"}],"about":[{"href":"https:\/\/rfid-laundry-tag.com\/da\/wp-json\/wp\/v2\/types\/product"}],"version-history":[{"count":1,"href":"https:\/\/rfid-laundry-tag.com\/da\/wp-json\/wp\/v2\/product\/3074\/revisions"}],"predecessor-version":[{"id":3075,"href":"https:\/\/rfid-laundry-tag.com\/da\/wp-json\/wp\/v2\/product\/3074\/revisions\/3075"}],"wp:featuredmedia":[{"embeddable":true,"href":"https:\/\/rfid-laundry-tag.com\/da\/wp-json\/wp\/v2\/media\/2870"}],"wp:attachment":[{"href":"https:\/\/rfid-laundry-tag.com\/da\/wp-json\/wp\/v2\/media?parent=3074"}],"wp:term":[{"taxonomy":"product_brand","embeddable":true,"href":"https:\/\/rfid-laundry-tag.com\/da\/wp-json\/wp\/v2\/product_brand?post=3074"},{"taxonomy":"product_cat","embeddable":true,"href":"https:\/\/rfid-laundry-tag.com\/da\/wp-json\/wp\/v2\/product_cat?post=3074"},{"taxonomy":"product_tag","embeddable":true,"href":"https:\/\/rfid-laundry-tag.com\/da\/wp-json\/wp\/v2\/product_tag?post=3074"}],"curies":[{"name":"wp","href":"https:\/\/api.w.org\/{rel}","templated":true}]}}