{"id":302,"date":"2024-06-26T16:45:35","date_gmt":"2024-06-26T16:45:35","guid":{"rendered":"https:\/\/rfid-laundry-tag.com\/?post_type=product&#038;p=302"},"modified":"2024-06-26T16:49:46","modified_gmt":"2024-06-26T16:49:46","slug":"on-duty-ntag213-nfc-patrol-tag","status":"publish","type":"product","link":"https:\/\/rfid-laundry-tag.com\/da\/vare\/on-duty-ntag213-nfc-patrol-tag\/","title":{"rendered":"On duty Ntag213 NFC Patrol Tag"},"content":{"rendered":"<p><strong>On duty Ntag213 NFC Patrol Tag<\/strong><\/p>\n<p>NTAG213, NTAG215 og NTAG216 er udviklet af NXP Semiconductors som standard NFC tag IC&#039;er til brug i massemarkedsapplikationer s\u00e5som detailhandel, spil og forbrugerelektronik, i kombination med NFC-enheder eller NFC-kompatible Proximity Coupling Devices. NTAG213, NTAG215 og NTAG216 (fra nu af generelt kaldet NTAG21x) er designet til fuldt ud at overholde NFC Forum Type 2 Tag og ISO\/IEC14443 Type A specifikationer.<\/p>\n<table class=\"hight-light-first-column all magic-11\">\n<tbody>\n<tr>\n<td colspan=\"1\" rowspan=\"1\">\n<div class=\"magic-12\" data-spm-anchor-id=\"a2700.details.0.i57.12287cd6Tl6d8d\">St\u00f8rrelse<\/div>\n<\/td>\n<td colspan=\"4\" rowspan=\"1\">\n<div class=\"magic-13\">Dia 25 mm<\/div>\n<\/td>\n<\/tr>\n<tr>\n<td colspan=\"1\" rowspan=\"1\">\n<div class=\"magic-12\">Farve<\/div>\n<\/td>\n<td colspan=\"4\" rowspan=\"1\">\n<div class=\"magic-16\">Sort, hvid, gul, r\u00f8d eller brugerdefineret<\/div>\n<\/td>\n<\/tr>\n<tr>\n<td colspan=\"1\" rowspan=\"1\">\n<div class=\"magic-12\">Chip<\/div>\n<\/td>\n<td colspan=\"4\" rowspan=\"1\">\n<div class=\"magic-13\">NTAG213,NTAG215,NTAG216<\/div>\n<\/td>\n<\/tr>\n<tr>\n<td colspan=\"1\" rowspan=\"1\">\n<div class=\"magic-12\">Frekvens<\/div>\n<\/td>\n<td colspan=\"4\" rowspan=\"1\">\n<div class=\"magic-13\">13,56 MHz<\/div>\n<\/td>\n<\/tr>\n<tr>\n<td colspan=\"1\" rowspan=\"1\">\n<div class=\"magic-12\">Protokol<\/div>\n<\/td>\n<td colspan=\"4\" rowspan=\"1\">\n<div class=\"magic-13\">ISO14443A, NFC Forum Type 2<\/div>\n<\/td>\n<\/tr>\n<tr>\n<td colspan=\"1\" rowspan=\"1\">\n<div class=\"magic-12\">Materiale<\/div>\n<\/td>\n<td colspan=\"4\" rowspan=\"1\">\n<div class=\"magic-13\">ABS<\/div>\n<\/td>\n<\/tr>\n<tr>\n<td colspan=\"1\" rowspan=\"1\">\n<div class=\"magic-12\">Driftstemperatur<\/div>\n<\/td>\n<td colspan=\"4\" rowspan=\"1\">\n<div class=\"magic-13\">-20 til 85 grader C<\/div>\n<\/td>\n<\/tr>\n<tr>\n<td colspan=\"1\" rowspan=\"1\">\n<div class=\"magic-12\">Anvendelse<\/div>\n<\/td>\n<td colspan=\"4\" rowspan=\"1\">\n<div class=\"magic-16\">Vasket\u00f8jsk\u00e6de, skrappe kemikalier, betalingsudstyr, udend\u00f8rs brug, kemikalier, industri, logistik, patruljevagt, medlemsskab, forsendelsescontainer, paller osv.<\/div>\n<\/td>\n<\/tr>\n<tr>\n<td colspan=\"1\" rowspan=\"1\">\n<div class=\"magic-12\">Vandt\u00e6t vurdering<\/div>\n<\/td>\n<td colspan=\"4\" rowspan=\"1\">\n<div class=\"magic-16\">IP67<\/div>\n<\/td>\n<\/tr>\n<tr>\n<td colspan=\"1\" rowspan=\"1\">\n<div class=\"magic-12\">L\u00e6seomr\u00e5de<\/div>\n<\/td>\n<td colspan=\"4\" rowspan=\"1\">\n<div class=\"magic-16\">5-10cm, afh\u00e6nger af l\u00e6seren<\/div>\n<\/td>\n<\/tr>\n<tr>\n<td colspan=\"1\" rowspan=\"1\">\n<div class=\"magic-12\">H\u00e5ndv\u00e6rk<\/div>\n<\/td>\n<td colspan=\"4\" rowspan=\"1\">\n<div class=\"magic-16\">Lasergraveret serienummer, stregkode og s\u00e5 videre<\/div>\n<\/td>\n<\/tr>\n<tr>\n<td colspan=\"1\" rowspan=\"1\">\n<div class=\"magic-12\">Montering<\/div>\n<\/td>\n<td colspan=\"4\" rowspan=\"1\">\n<div class=\"magic-16\">Ved kl\u00e6bemiddel eller skrue, eller nitter<\/div>\n<\/td>\n<\/tr>\n<\/tbody>\n<\/table>\n<h2>On Duty NTAG213 NFC Patrol Tag-applikationer<\/h2>\n<p>On Duty NTAG213 NFC Patrol Tag er et alsidigt v\u00e6rkt\u00f8j til at forbedre sikkerhed, effektivitet og sporing i forskellige applikationer. Her er nogle eksempler:<\/p>\n<p><strong>Sikkerhed og adgangskontrol:<\/strong><\/p>\n<ul>\n<li><strong>Patruljevagt:<\/strong>\u00a0Tags kan tildeles individuelle sikkerhedsofficerer, hvilket giver mulighed for realtidssporing af deres placering og aktivitet. Dette hj\u00e6lper med at overv\u00e5ge patruljeruter, sikre rettidige svar og give bevis for tilstedev\u00e6relse ved udpegede kontrolpunkter.<\/li>\n<li><strong>Adgangskontrol:<\/strong>\u00a0Integreret med et NFC-l\u00e6sersystem kan tags tildele eller n\u00e6gte adgang til specifikke omr\u00e5der eller ressourcer baseret p\u00e5 brugeridentitet og autorisationsniveauer. Dette \u00f8ger sikkerheden og begr\u00e6nser uautoriseret adgang.<\/li>\n<li><strong>Aktiv sporing:<\/strong>\u00a0Vedh\u00e6ft tags til v\u00e6rdifuldt udstyr eller aktiver for at overv\u00e5ge deres placering, bev\u00e6gelse og brug. Dette hj\u00e6lper med at forhindre tyveri, optimere lagerstyring og spore vedligeholdelsesplaner for udstyr.<\/li>\n<\/ul>\n<p><strong>Arbejdsgang og effektivitet:<\/strong><\/p>\n<ul>\n<li><strong>Arbejdsordresporing:<\/strong>\u00a0Tags kan bruges til at registrere og spore arbejdsordrer, hvilket giver statusopdateringer i realtid og letter effektiv workflowstyring.<\/li>\n<li><strong>Tid og tilstedev\u00e6relse:<\/strong>\u00a0Integrer tags med NFC-aktiverede ure for at registrere medarbejdernes ankomst- og afgangstider, hvilket forbedrer n\u00f8jagtigheden og eliminerer manuelle tidstagningsfejl.<\/li>\n<li><strong>Lagerstyring:<\/strong>\u00a0Vedh\u00e6ft tags til lagervarer til automatiseret lagerstyring, hvilket reducerer manuel opt\u00e6lling og giver realtidssynlighed af lagerniveauer.<\/li>\n<\/ul>\n<p><strong>Andre applikationer:<\/strong><\/p>\n<ul>\n<li><strong>Eventbilletter:<\/strong>\u00a0Tags kan tjene som begivenhedsbilletter, der giver adgangskontrol, giver deltagere adgang til eksklusivt indhold og muligg\u00f8r problemfri transaktioner.<\/li>\n<li><strong>Loyalitetsprogrammer:<\/strong>\u00a0Integrer tags med loyalitetsprogrammer for at tilbyde personlige bel\u00f8nninger, rabatter og eksklusive fordele til loyale kunder.<\/li>\n<li><strong>Datalagring:<\/strong>\u00a0Tagets hukommelse kan bruges til at gemme information s\u00e5som produktspecifikationer, vedligeholdelsesregistreringer eller produktoprindelse. Dette giver nem adgang til relevante data gennem NFC-aktiverede enheder.<\/li>\n<\/ul>\n<p><strong>Fordele ved at bruge NTAG213 NFC Patrol Tags:<\/strong><\/p>\n<ul>\n<li><strong>Forbedret sikkerhed:<\/strong>\u00a0\u00d8get kontrol over adgang, aktivsporing og medarbejderaktivitet.<\/li>\n<li><strong>Forbedret effektivitet:<\/strong>\u00a0Str\u00f8mlinede arbejdsgange, automatiseret datafangst og reducerede manuelle processer.<\/li>\n<li><strong>Sporing i realtid:<\/strong>\u00a0Konstant overv\u00e5gning af aktiver, personale og aktiviteter.<\/li>\n<li><strong>Omkostningseffektivitet:<\/strong>\u00a0Reducerer afh\u00e6ngigheden af manuelle processer, hvilket potentielt sparer tid og ressourcer.<\/li>\n<li><strong>Brugervenlig:<\/strong>\u00a0Nem integration med eksisterende systemer og brugervenlig interaktion gennem NFC-aktiverede enheder.<\/li>\n<\/ul>\n<p><strong>Samlet set tilbyder NTAG213 NFC Patrol Tag en robust og alsidig l\u00f8sning til en bred vifte af applikationer, der g\u00f8r det muligt for organisationer at forbedre sikkerheden, optimere arbejdsgange og forbedre driftseffektiviteten.<\/strong><\/p>","protected":false},"excerpt":{"rendered":"<p>On duty Ntag213 NFC Patrol Tag: almindelige NFC-tags fungerer ikke godt p\u00e5 metaloverflader. Dette skyldes, at metal forstyrrer de elektromagnetiske signaler, der bruges til kommunikation. Men en ny race af tags, kaldet <strong>On-Metal NFC-tags<\/strong>, l\u00f8ser dette problem. Disse tags er specielt udviklet til at fungere fejlfrit p\u00e5 metal eller ethvert andet ledende materiale. De repr\u00e6senterer et gennembrud for NFC-applikationer i milj\u00f8er, hvor metal er rigeligt.<\/p>","protected":false},"featured_media":303,"template":"","meta":{"_kad_post_transparent":"default","_kad_post_title":"","_kad_post_layout":"default","_kad_post_sidebar_id":"","_kad_post_content_style":"default","_kad_post_vertical_padding":"default","_kad_post_feature":"","_kad_post_feature_position":"","_kad_post_header":false,"_kad_post_footer":false,"_kad_post_classname":""},"product_brand":[],"product_cat":[54],"product_tag":[118,123],"class_list":{"0":"post-302","1":"product","2":"type-product","3":"status-publish","4":"has-post-thumbnail","6":"product_cat-hot-selling-rfid-tags","7":"product_tag-anti-metal-nfc-patrol-tag","8":"product_tag-on-duty-ntag213-nfc-patrol-tag","10":"first","11":"instock","12":"shipping-taxable","13":"product-type-simple","14":"entry","15":"content-bg","16":"loop-entry"},"_links":{"self":[{"href":"https:\/\/rfid-laundry-tag.com\/da\/wp-json\/wp\/v2\/product\/302","targetHints":{"allow":["GET"]}}],"collection":[{"href":"https:\/\/rfid-laundry-tag.com\/da\/wp-json\/wp\/v2\/product"}],"about":[{"href":"https:\/\/rfid-laundry-tag.com\/da\/wp-json\/wp\/v2\/types\/product"}],"version-history":[{"count":0,"href":"https:\/\/rfid-laundry-tag.com\/da\/wp-json\/wp\/v2\/product\/302\/revisions"}],"wp:featuredmedia":[{"embeddable":true,"href":"https:\/\/rfid-laundry-tag.com\/da\/wp-json\/wp\/v2\/media\/303"}],"wp:attachment":[{"href":"https:\/\/rfid-laundry-tag.com\/da\/wp-json\/wp\/v2\/media?parent=302"}],"wp:term":[{"taxonomy":"product_brand","embeddable":true,"href":"https:\/\/rfid-laundry-tag.com\/da\/wp-json\/wp\/v2\/product_brand?post=302"},{"taxonomy":"product_cat","embeddable":true,"href":"https:\/\/rfid-laundry-tag.com\/da\/wp-json\/wp\/v2\/product_cat?post=302"},{"taxonomy":"product_tag","embeddable":true,"href":"https:\/\/rfid-laundry-tag.com\/da\/wp-json\/wp\/v2\/product_tag?post=302"}],"curies":[{"name":"wp","href":"https:\/\/api.w.org\/{rel}","templated":true}]}}