{"id":299,"date":"2024-06-26T15:49:09","date_gmt":"2024-06-26T15:49:09","guid":{"rendered":"https:\/\/rfid-laundry-tag.com\/?post_type=product&#038;p=299"},"modified":"2024-06-26T15:49:09","modified_gmt":"2024-06-26T15:49:09","slug":"uhf-industrial-on-metal-rfid-tags","status":"publish","type":"product","link":"https:\/\/rfid-laundry-tag.com\/da\/vare\/uhf-industrial-on-metal-rfid-tags\/","title":{"rendered":"UHF Industrial On Metal RFID-tags"},"content":{"rendered":"<table class=\"has-title all magic-4\">\n<tbody>\n<tr>\n<td colspan=\"1\" rowspan=\"1\">\n<div class=\"magic-5\" data-spm-anchor-id=\"a2700.details.0.i63.6b4c1284UGSrnr\">Materiale<\/div>\n<\/td>\n<td colspan=\"1\" rowspan=\"1\">\n<div class=\"magic-6\">ABS<\/div>\n<\/td>\n<\/tr>\n<tr>\n<td colspan=\"1\" rowspan=\"1\">\n<div class=\"magic-5\">St\u00f8rrelse<\/div>\n<\/td>\n<td colspan=\"1\" rowspan=\"1\">\n<div class=\"magic-6\">78x31x10mm eller tilpasset<\/div>\n<\/td>\n<\/tr>\n<tr>\n<td colspan=\"1\" rowspan=\"1\">\n<div class=\"magic-5\">Frekvens<\/div>\n<\/td>\n<td colspan=\"1\" rowspan=\"1\">\n<div class=\"magic-6\">860-960 MHz<\/div>\n<\/td>\n<\/tr>\n<tr>\n<td colspan=\"1\" rowspan=\"1\">\n<div class=\"magic-5\">IC-type (chip)<\/div>\n<\/td>\n<td colspan=\"1\" rowspan=\"1\">\n<div class=\"magic-6\">Impinj Monza R6P<\/div>\n<\/td>\n<\/tr>\n<tr>\n<td colspan=\"1\" rowspan=\"1\">\n<div class=\"magic-5\">Protokol<\/div>\n<\/td>\n<td colspan=\"1\" rowspan=\"1\">\n<div class=\"magic-6\" data-spm-anchor-id=\"a2700.details.0.i64.6b4c1284UGSrnr\">EPC Global Class 1 Gen2 &amp; ISO18000-6C<\/div>\n<\/td>\n<\/tr>\n<tr>\n<td colspan=\"1\" rowspan=\"1\">\n<div class=\"magic-7\">Hukommelse<\/div>\n<\/td>\n<td colspan=\"1\" rowspan=\"1\">\n<div class=\"magic-6\">EPC 128 bit, bruger 32 bit<\/div>\n<\/td>\n<\/tr>\n<tr>\n<td colspan=\"1\" rowspan=\"1\">\n<div class=\"magic-5\">Tag Form Factor<\/div>\n<\/td>\n<td colspan=\"1\" rowspan=\"1\">\n<div class=\"magic-6\">H\u00e5rdt tag<\/div>\n<\/td>\n<\/tr>\n<tr>\n<td colspan=\"1\" rowspan=\"1\">\n<div class=\"magic-5\">Vedh\u00e6ftningsmetode<\/div>\n<\/td>\n<td colspan=\"1\" rowspan=\"1\">\n<div class=\"magic-6\">Skruefiksering, filmlim<\/div>\n<\/td>\n<\/tr>\n<tr>\n<td colspan=\"1\" rowspan=\"1\">\n<div class=\"magic-5\">Driftstemperatur<\/div>\n<\/td>\n<td colspan=\"1\" rowspan=\"1\">\n<div class=\"magic-6\">-35 \u00b0C \/ +90 \u00b0C<\/div>\n<\/td>\n<\/tr>\n<tr>\n<td colspan=\"1\" rowspan=\"1\">\n<div class=\"magic-5\">L\u00e6s afstand<\/div>\n<\/td>\n<td colspan=\"1\" rowspan=\"1\">\n<div class=\"magic-6\">Op til 10m<\/div>\n<\/td>\n<\/tr>\n<tr>\n<td colspan=\"1\" rowspan=\"1\">\n<div class=\"magic-8\">Anvendelige overfladematerialer<\/div>\n<\/td>\n<td colspan=\"1\" rowspan=\"1\">\n<div class=\"magic-6\">Metal og ikke-metalliske underlag<\/div>\n<\/td>\n<\/tr>\n<tr>\n<td colspan=\"1\" rowspan=\"1\">\n<div class=\"magic-7\">IP-vurdering<\/div>\n<\/td>\n<td colspan=\"1\" rowspan=\"1\">\n<div class=\"magic-6\">IP68<\/div>\n<\/td>\n<\/tr>\n<tr>\n<td colspan=\"1\" rowspan=\"1\">\n<div class=\"magic-7\">Anvendelse<\/div>\n<\/td>\n<td colspan=\"1\" rowspan=\"1\">\n<div class=\"magic-6\" data-spm-anchor-id=\"a2700.details.0.i62.6b4c1284UGSrnr\">Til aktiver, tung industri og udend\u00f8rs brug<\/div>\n<\/td>\n<\/tr>\n<\/tbody>\n<\/table>\n<p>&nbsp;<\/p>\n<h2>UHF RFID-tags til industrielle milj\u00f8er<\/h2>\n<p><strong>Funktioner:<\/strong><\/p>\n<ul>\n<li><strong>Branche-standard kompatibilitet:<\/strong>\u00a0Overholder ISO18000-6C (EPC C1G2) standarden, hvilket garanterer problemfri integration med eksisterende UHF RFID-systemer.<\/li>\n<li><strong>Universal overfladekompatibilitet:<\/strong>\u00a0Kan fastg\u00f8res til forskellige overflader som metal, plastik og endda v\u00e6sker, hvilket g\u00f8r dem ideelle til en r\u00e6kke forskellige anvendelser.<\/li>\n<li><strong>Overlegen holdbarhed:<\/strong>\u00a0IP68 klassificeret til exceptionel modstand mod st\u00f8v og vandindtr\u00e6ngning, hvilket sikrer p\u00e5lidelig drift i udfordrende milj\u00f8er.<\/li>\n<li><strong>Kompromisl\u00f8s ydeevne:<\/strong>\u00a0Designet til at v\u00e6re b\u00e5de vandt\u00e6t og anti-kollision, hvilket garanterer n\u00f8jagtige og ensartede afl\u00e6sninger selv under kr\u00e6vende forhold.<\/li>\n<\/ul>\n<p><strong>Ans\u00f8gninger:<\/strong><\/p>\n<ul>\n<li><strong>Asset Management:<\/strong>\u00a0Spor placeringen og status for v\u00e6rdifuldt udstyr og aktiver.<\/li>\n<li><strong>Supply Chain Optimering:<\/strong>\u00a0Str\u00f8mlin logistik- og bilprocesser ved at spore lagerbeholdning, k\u00f8ret\u00f8jer og dele effektivt.<\/li>\n<li><strong>Produktionseffektivitet:<\/strong>\u00a0Optimer fremstillingsprocesser og overv\u00e5g medarbejdernes produktivitet for \u00f8get effektivitet.<\/li>\n<li><strong>Ressourcestyring og sikkerhed:<\/strong>\u00a0Muligg\u00f8r p\u00e5lidelig sporing af udstyr og ressourcer i kr\u00e6vende milj\u00f8er som olie &amp; gas og minedrift, samtidig med at arbejdernes sikkerhed forbedres.<\/li>\n<\/ul>\n<p><strong>Fordele:<\/strong><\/p>\n<ul>\n<li><strong>N\u00f8jagtige data og realtidsdata:<\/strong>\u00a0F\u00e5 \u00f8jeblikkelig indsigt i driften, hvilket letter bedre beslutningstagning.<\/li>\n<li><strong>Forbedret beholdningskontrol:<\/strong>\u00a0Minimer tab og spild ved at opretholde omfattende aktivsynlighed.<\/li>\n<li><strong>Str\u00f8mlinet drift:<\/strong>\u00a0Optimer arbejdsgange og minimer nedetid for forbedret effektivitet.<\/li>\n<li><strong>\u00d8get sikkerhed:<\/strong>\u00a0Identificer potentielle risici og beskyt arbejdere i kr\u00e6vende milj\u00f8er.<\/li>\n<\/ul>","protected":false},"excerpt":{"rendered":"<p>ABS RFID-tagget er et langtr\u00e6kkende passivt UHF RFID-tag, der er i stand til at l\u00e6se p\u00e5, slukket og n\u00e6r metaloverflader. Den er designet i en lille formfaktor og har en holdbar vandt\u00e6t indkapsling til langvarig brug i udend\u00f8rs og industrielle milj\u00f8er.<\/p>","protected":false},"featured_media":300,"template":"","meta":{"_kad_post_transparent":"default","_kad_post_title":"","_kad_post_layout":"default","_kad_post_sidebar_id":"","_kad_post_content_style":"default","_kad_post_vertical_padding":"default","_kad_post_feature":"","_kad_post_feature_position":"","_kad_post_header":false,"_kad_post_footer":false,"_kad_post_classname":""},"product_brand":[],"product_cat":[54],"product_tag":[122,121],"class_list":{"0":"post-299","1":"product","2":"type-product","3":"status-publish","4":"has-post-thumbnail","6":"product_cat-hot-selling-rfid-tags","7":"product_tag-on-metal-rfid-tags","8":"product_tag-uhf-industrial-on-metal-rfid-tags","10":"first","11":"instock","12":"shipping-taxable","13":"product-type-simple","14":"entry","15":"content-bg","16":"loop-entry"},"_links":{"self":[{"href":"https:\/\/rfid-laundry-tag.com\/da\/wp-json\/wp\/v2\/product\/299","targetHints":{"allow":["GET"]}}],"collection":[{"href":"https:\/\/rfid-laundry-tag.com\/da\/wp-json\/wp\/v2\/product"}],"about":[{"href":"https:\/\/rfid-laundry-tag.com\/da\/wp-json\/wp\/v2\/types\/product"}],"version-history":[{"count":0,"href":"https:\/\/rfid-laundry-tag.com\/da\/wp-json\/wp\/v2\/product\/299\/revisions"}],"wp:featuredmedia":[{"embeddable":true,"href":"https:\/\/rfid-laundry-tag.com\/da\/wp-json\/wp\/v2\/media\/300"}],"wp:attachment":[{"href":"https:\/\/rfid-laundry-tag.com\/da\/wp-json\/wp\/v2\/media?parent=299"}],"wp:term":[{"taxonomy":"product_brand","embeddable":true,"href":"https:\/\/rfid-laundry-tag.com\/da\/wp-json\/wp\/v2\/product_brand?post=299"},{"taxonomy":"product_cat","embeddable":true,"href":"https:\/\/rfid-laundry-tag.com\/da\/wp-json\/wp\/v2\/product_cat?post=299"},{"taxonomy":"product_tag","embeddable":true,"href":"https:\/\/rfid-laundry-tag.com\/da\/wp-json\/wp\/v2\/product_tag?post=299"}],"curies":[{"name":"wp","href":"https:\/\/api.w.org\/{rel}","templated":true}]}}