{"id":2967,"date":"2025-11-22T14:07:12","date_gmt":"2025-11-22T14:07:12","guid":{"rendered":"https:\/\/rfid-laundry-tag.com\/?post_type=product&#038;p=2967"},"modified":"2025-11-22T14:07:13","modified_gmt":"2025-11-22T14:07:13","slug":"textile-uhf-rfid-tags-labels","status":"publish","type":"product","link":"https:\/\/rfid-laundry-tag.com\/da\/vare\/textile-uhf-rfid-tags-labels\/","title":{"rendered":"Tekstil UHF RFID-m\u00e6rker"},"content":{"rendered":"<div class=\"auto-hide-last-sibling-br paragraph_1252f paragraph-element\">\n<h2 class=\"auto-hide-last-sibling-br paragraph_1252f paragraph-element\">Tekstil UHF RFID-m\u00e6rker<\/h2>\n<div><\/div>\n<div data-spm-anchor-id=\"a2700.details.0.i57.23b419c7xXORP0\"><span data-spm-anchor-id=\"a2700.details.0.i75.23b419c7xXORP0\"><b>Funktion:<\/b><br \/>\n1) UHF-teknologi til at l\u00e6se hundredvis af tags samtidigt.<br \/>\n2) L\u00e6seafstand p\u00e5 mere end 8 m ~ 12 m.<br \/>\n3) Nyt mekanisk design for forbedret ydeevne for fladt senget\u00f8j.<\/span><\/div>\n<div data-spm-anchor-id=\"a2700.details.0.i57.23b419c7xXORP0\">\n<div class=\"entry-content-asset videofit\"><iframe title=\"Varmekl\u00e6bende UHF RFID-vaskem\u00e6rker fabrik med 12m l\u00e6seafstandstest\" src=\"https:\/\/www.youtube.com\/embed\/cOnG5fgEIs4?feature=oembed\" width=\"720\" height=\"405\" frameborder=\"0\" allowfullscreen=\"allowfullscreen\" data-mce-fragment=\"1\"><\/iframe><\/div>\n<\/div>\n<\/div>\n<div data-spm-anchor-id=\"a2700.details.0.i57.23b419c7xXORP0\"><\/div>\n<div data-spm-anchor-id=\"a2700.details.0.i57.23b419c7xXORP0\">\n<div class=\"text-content\" data-spm-anchor-id=\"a2700.details.0.i54.23b419c7xXORP0\">\n<table>\n<tbody>\n<tr>\n<td width=\"139\">Produktnavn<\/td>\n<td width=\"600\">Tekstil UHF RFID-m\u00e6rker<\/td>\n<\/tr>\n<tr>\n<td width=\"139\">Materiale<\/td>\n<td width=\"600\">Stof\/v\u00e6vet osv.<\/td>\n<\/tr>\n<tr>\n<td width=\"139\">Chip model<\/td>\n<td width=\"600\">NXP UCODE\u00ae 9<\/td>\n<\/tr>\n<tr>\n<td width=\"139\">Hukommelse<\/td>\n<td width=\"600\">EPC: 96 bit<\/td>\n<\/tr>\n<tr>\n<td width=\"139\">Protokol<\/td>\n<td width=\"600\">EPC C1 G2<\/td>\n<\/tr>\n<tr>\n<td width=\"139\">St\u00f8rrelse<\/td>\n<td width=\"600\">70*15 mm, 86*16 mm; 50*20 mm; 72*16 mm; 35*15 mm osv.<\/td>\n<\/tr>\n<tr>\n<td width=\"139\">Farve<\/td>\n<td width=\"600\">Hvid<\/td>\n<\/tr>\n<tr>\n<td width=\"139\">Arbejdstider<\/td>\n<td width=\"600\">Gennemsnittet er 200 gange, nogle kan mere end 300 gange.<\/td>\n<\/tr>\n<tr>\n<td width=\"139\">Driftstemperatur<\/td>\n<td width=\"600\">-25\u2103 til +150\u2103<\/td>\n<\/tr>\n<tr>\n<td width=\"139\">L\u00e6s afstand<\/td>\n<td width=\"600\">3-10 mio.<\/td>\n<\/tr>\n<tr>\n<td width=\"139\">Anvendelse<\/td>\n<td width=\"600\">Vaskeril\u00f8sning, vaskerum, industrivask, h\u00e5ndtering af hotelt\u00f8j, administration af supermarkeder\/t\u00f8jbutikker osv.<\/td>\n<\/tr>\n<\/tbody>\n<\/table>\n<\/div>\n<\/div>\n<div><\/div>\n<h3 class=\"wp-block-heading\">S\u00e5dan installeres UHF RFID-etiketter til tekstiler<\/h3>\n<p><strong>Stitch Tagging<\/strong>: Skal sys ind i kanten af et tekstil. Sy vaskem\u00e6rket v\u00e6k fra foldelinjerne.<br \/>\n<strong>Varmeforsegling<\/strong>: Skal varmeforsegles direkte p\u00e5 tekstilet ved +200\u00b0C (392\u00b0F), i 12~14s.<br \/>\n<strong>I pose<\/strong>: Skal sys som en standard plejelabel. Sy vaskem\u00e6rket v\u00e6k fra foldelinjerne.<\/p>\n<p><a href=\"https:\/\/rfid-laundry-tag.com\/da\/uhf-rfid-laundry-tags\/\"><img fetchpriority=\"high\" decoding=\"async\" class=\"size-full wp-image-3585\" title=\"Tekstil UHF RFID-m\u00e6rker Etiketter 6\" src=\"https:\/\/www.rfidtaglaundry.com\/wp-content\/uploads\/2025\/06\/UHF-RFID-washable-laundry-tag-08.jpg\" sizes=\"(max-width: 1000px) 100vw, 1000px\" srcset=\"https:\/\/www.rfidtaglaundry.com\/wp-content\/uploads\/2025\/06\/UHF-RFID-washable-laundry-tag-08.jpg 1000w, https:\/\/www.rfidtaglaundry.com\/wp-content\/uploads\/2025\/06\/UHF-RFID-washable-laundry-tag-08-300x300.jpg 300w, https:\/\/www.rfidtaglaundry.com\/wp-content\/uploads\/2025\/06\/UHF-RFID-washable-laundry-tag-08-150x150.jpg 150w, https:\/\/www.rfidtaglaundry.com\/wp-content\/uploads\/2025\/06\/UHF-RFID-washable-laundry-tag-08-768x768.jpg 768w, https:\/\/www.rfidtaglaundry.com\/wp-content\/uploads\/2025\/06\/UHF-RFID-washable-laundry-tag-08-12x12.jpg 12w, https:\/\/www.rfidtaglaundry.com\/wp-content\/uploads\/2025\/06\/UHF-RFID-washable-laundry-tag-08-600x600.jpg 600w, https:\/\/www.rfidtaglaundry.com\/wp-content\/uploads\/2025\/06\/UHF-RFID-washable-laundry-tag-08-100x100.jpg 100w\" alt=\"Textile UHF RFID Tags Labels\" width=\"1000\" height=\"1000\" \/><\/a><\/p>\n<h2><strong>Anvendelse af tekstil UHF RFID-m\u00e6rker:<\/strong><\/h2>\n<p>* Industriel vask;<br \/>\n* H\u00e5ndtering af medarbejder- og skoleuniformer;<br \/>\n* H\u00e5ndtering af medicinsk t\u00f8j;<br \/>\n* Ledelse af personalepatruljer;<br \/>\n* Produktionsstyring af bekl\u00e6dningsfabrikker.<\/p>\n<figure id=\"attachment_2708\" class=\"wp-caption alignnone\" aria-describedby=\"caption-attachment-2708\"><a href=\"https:\/\/rfid-laundry-tag.com\/da\/uhf-rfid-laundry-tags\/\"><img decoding=\"async\" class=\"wp-image-2708\" title=\"Tekstil UHF RFID-m\u00e6rker Etiketter 7\" src=\"https:\/\/www.rfidtaglaundry.com\/wp-content\/uploads\/2024\/09\/RFID-Laundry-Tags-05-1024x768.jpg\" sizes=\"(max-width: 850px) 100vw, 850px\" srcset=\"https:\/\/www.rfidtaglaundry.com\/wp-content\/uploads\/2024\/09\/RFID-Laundry-Tags-05-1024x768.jpg 1024w, https:\/\/www.rfidtaglaundry.com\/wp-content\/uploads\/2024\/09\/RFID-Laundry-Tags-05-300x225.jpg 300w, https:\/\/www.rfidtaglaundry.com\/wp-content\/uploads\/2024\/09\/RFID-Laundry-Tags-05-768x576.jpg 768w, https:\/\/www.rfidtaglaundry.com\/wp-content\/uploads\/2024\/09\/RFID-Laundry-Tags-05-16x12.jpg 16w, https:\/\/www.rfidtaglaundry.com\/wp-content\/uploads\/2024\/09\/RFID-Laundry-Tags-05-600x450.jpg 600w, https:\/\/www.rfidtaglaundry.com\/wp-content\/uploads\/2024\/09\/RFID-Laundry-Tags-05.jpg 1200w\" alt=\"Textile UHF RFID Tags Labels\" width=\"850\" height=\"637\" \/><\/a><figcaption id=\"caption-attachment-2708\" class=\"wp-caption-text\">Tekstil UHF RFID-m\u00e6rker<\/figcaption><\/figure>\n<h2><strong>Hvor ST\u00c6RKE er de?<\/strong><\/h2>\n<p><b><strong>\u2460<\/strong><\/b>.Kan RFID-chips blive beskadiget af h\u00f8je temperaturer?<b><strong>\u2714 Vores\u00a0<a href=\"https:\/\/rfid-laundry-tag.com\/da\/uhf-rfid-laundry-tags\/\">RFID-tekstilvaskem\u00e6rke<\/a>\u00a0er designet til brug ved 200 \u00b0C<\/strong><\/b>.<\/p>\n<p><b><strong>\u2461<\/strong><\/b>Hvor mange gange kan vi vaske de m\u00e6rker, der er fastgjort til uniformstekstilprodukter?\u00a0<b><strong data-spm-anchor-id=\"a2700.details-description.0.i1.2b66Qs8bQs8bav\">\u2013\u2714Vores RFID-tekstilvaskem\u00e6rke kan vaskes mere end 200 eller 300 gange med garanti i 2 \u00e5r efter forsendelse.<\/strong><\/b><\/p>\n<p><b><strong>\u2462<\/strong><\/b>Skal vi bruge prestigefyldte uniformer tekstilprodukter, forts\u00e6tte med at arbejde i tilf\u00e6lde af chip crush?\u00a0<b><strong>\u2013\u2714Vi har designet vores tekstilvaskem\u00e6rke til at modst\u00e5 60 bars tryk i processen med at presse dine tekstilprodukter.<\/strong><\/b><\/p>\n<p data-spm-anchor-id=\"a2700.details-description.0.i0.2b66Qs8bQs8bav\"><b><strong>\u2463<\/strong><\/b>Hvor placerer du<a href=\"https:\/\/rfid-laundry-tag.com\/da\/textile-rfid-laundry-tag\/\"> RFID-tekstilvaskem\u00e6rker<\/a> p\u00e5 uniformer og tekstiler?\u00a0<b><strong>\u2013 \u2714RFID-tekstilm\u00e6rker til vasket\u00f8j installeres i henhold til uniformernes tilg\u00e6ngelighed.<\/strong><\/b><\/p>\n<p>&nbsp;<\/p>","protected":false},"excerpt":{"rendered":"<div class=\"elementor-element elementor-element-4f79c63 e-flex e-con-boxed e-con e-parent e-lazyloaded\" data-id=\"4f79c63\" data-element_type=\"container\" data-settings=\"{&quot;_ha_eqh_enable&quot;:false}\">\n<div class=\"e-con-inner\">\n<div class=\"elementor-element elementor-element-be3873c elementor-widget elementor-widget-woocommerce-product-short-description\" data-id=\"be3873c\" data-element_type=\"widget\" data-widget_type=\"woocommerce-product-short-description.default\">\n<div class=\"elementor-widget-container\">\n<div class=\"woocommerce-product-details__short-description\">\n<p><strong>Tekstil UHF RFID-m\u00e6rker<\/strong>\u00a0Kan ogs\u00e5 kaldes UHF RFID-vaskem\u00e6rke: Holdbar, bl\u00f8d, fleksibel, har modst\u00e5et 200+ industrivaske, 100%-hukommelsestestet.<\/p>\n<\/div>\n<\/div>\n<\/div>\n<\/div>\n<\/div>\n<div class=\"elementor-element elementor-element-3ad806e e-flex e-con-boxed e-con e-parent e-lazyloaded\" data-id=\"3ad806e\" data-element_type=\"container\" data-settings=\"{&quot;_ha_eqh_enable&quot;:false}\">\n<div class=\"e-con-inner\">\n<div class=\"elementor-element elementor-element-362020f elementor-widget elementor-widget-woocommerce-product-data-tabs\" data-id=\"362020f\" data-element_type=\"widget\" data-widget_type=\"woocommerce-product-data-tabs.default\">\n<div class=\"elementor-widget-container\">\n<div class=\"woocommerce-tabs wc-tabs-wrapper\"><\/div>\n<\/div>\n<\/div>\n<\/div>\n<\/div>","protected":false},"featured_media":2968,"template":"","meta":{"_kad_post_transparent":"default","_kad_post_title":"","_kad_post_layout":"default","_kad_post_sidebar_id":"","_kad_post_content_style":"default","_kad_post_vertical_padding":"default","_kad_post_feature":"","_kad_post_feature_position":"","_kad_post_header":false,"_kad_post_footer":false,"_kad_post_classname":""},"product_brand":[],"product_cat":[19],"product_tag":[24,342,339,65,368,30],"class_list":{"0":"post-2967","1":"product","2":"type-product","3":"status-publish","4":"has-post-thumbnail","6":"product_cat-textile-rfid-laundry-tag","7":"product_tag-laundry-rfid-tags","8":"product_tag-rfid-laundry-tags","9":"product_tag-rfid-washable-tags","10":"product_tag-textile-rfid-laundry-tags","11":"product_tag-textile-uhf-rfid-tags-labels","12":"product_tag-uhf-rfid-laundry-tag","14":"first","15":"instock","16":"featured","17":"shipping-taxable","18":"product-type-simple","19":"entry","20":"content-bg","21":"loop-entry"},"_links":{"self":[{"href":"https:\/\/rfid-laundry-tag.com\/da\/wp-json\/wp\/v2\/product\/2967","targetHints":{"allow":["GET"]}}],"collection":[{"href":"https:\/\/rfid-laundry-tag.com\/da\/wp-json\/wp\/v2\/product"}],"about":[{"href":"https:\/\/rfid-laundry-tag.com\/da\/wp-json\/wp\/v2\/types\/product"}],"version-history":[{"count":1,"href":"https:\/\/rfid-laundry-tag.com\/da\/wp-json\/wp\/v2\/product\/2967\/revisions"}],"predecessor-version":[{"id":2973,"href":"https:\/\/rfid-laundry-tag.com\/da\/wp-json\/wp\/v2\/product\/2967\/revisions\/2973"}],"wp:featuredmedia":[{"embeddable":true,"href":"https:\/\/rfid-laundry-tag.com\/da\/wp-json\/wp\/v2\/media\/2968"}],"wp:attachment":[{"href":"https:\/\/rfid-laundry-tag.com\/da\/wp-json\/wp\/v2\/media?parent=2967"}],"wp:term":[{"taxonomy":"product_brand","embeddable":true,"href":"https:\/\/rfid-laundry-tag.com\/da\/wp-json\/wp\/v2\/product_brand?post=2967"},{"taxonomy":"product_cat","embeddable":true,"href":"https:\/\/rfid-laundry-tag.com\/da\/wp-json\/wp\/v2\/product_cat?post=2967"},{"taxonomy":"product_tag","embeddable":true,"href":"https:\/\/rfid-laundry-tag.com\/da\/wp-json\/wp\/v2\/product_tag?post=2967"}],"curies":[{"name":"wp","href":"https:\/\/api.w.org\/{rel}","templated":true}]}}