{"id":2961,"date":"2025-11-22T13:55:10","date_gmt":"2025-11-22T13:55:10","guid":{"rendered":"https:\/\/rfid-laundry-tag.com\/?post_type=product&#038;p=2961"},"modified":"2025-11-22T13:55:11","modified_gmt":"2025-11-22T13:55:11","slug":"laundry-rfid-tags-top-5-manufacturer","status":"publish","type":"product","link":"https:\/\/rfid-laundry-tag.com\/da\/vare\/laundry-rfid-tags-top-5-manufacturer\/","title":{"rendered":"RFID-m\u00e6rker til vaskeri TOP 5 producenter"},"content":{"rendered":"<p><a href=\"https:\/\/rfid-laundry-tag.com\/da\/uhf-rfid-laundry-tags\/\"><strong>T\u00f8jvask RFID tags<\/strong><\/a>\u00a0repr\u00e6senterer en banebrydende l\u00f8sning til sporing og styring af tekstilaktiver gennem hele deres livscyklus. Disse holdbare, fleksible RFID-transpondere er fremstillet af stof, der kan modst\u00e5 varme, tryk og str\u00e6kning, hvilket g\u00f8r dem ideelle til overv\u00e5gning af genstande som arbejdst\u00f8j, uniformer og fladt linned. Udstyret med en unik identifikator muligg\u00f8r disse RFID-linnedtranspondere ber\u00f8ringsfri h\u00e5ndtering af vasket\u00f8j og forbedrer digital gennemsigtighed. N\u00e5r den integreres med IT-styringssystemer, muligg\u00f8r RFID-teknologi problemfri sporing af tekstiler fra snavsindsamling til vask og distribution.<\/p>\n<table class=\"has-title is-zebra hight-light-first-column all magic-19\">\n<tbody>\n<tr>\n<td colspan=\"1\" rowspan=\"1\">\n<div class=\"magic-20\"><strong><span class=\"magic-21\">Punkt<\/span><\/strong><\/div>\n<\/td>\n<td colspan=\"1\" rowspan=\"1\">\n<div class=\"magic-22\">\u00a0T\u00f8jvask RFID-tags<\/div>\n<\/td>\n<\/tr>\n<tr>\n<td colspan=\"1\" rowspan=\"1\">\n<div class=\"magic-20\"><span class=\"magic-21\">St\u00f8rrelse<\/span><\/div>\n<\/td>\n<td colspan=\"1\" rowspan=\"1\">\n<div class=\"magic-22\"><span class=\"magic-21\">55 x 12 mm, 70 x 15 mm, 87 x 17 mm<\/span><\/div>\n<\/td>\n<\/tr>\n<tr>\n<td colspan=\"1\" rowspan=\"1\">\n<div class=\"magic-20\"><span class=\"magic-21\">Driftsfrekvens<\/span><\/div>\n<\/td>\n<td colspan=\"1\" rowspan=\"1\">\n<div class=\"magic-22\"><span class=\"magic-21\" data-spm-anchor-id=\"a2700.details.0.i69.56bf53e8OmNXev\">865-928 MHz<\/span><\/div>\n<\/td>\n<\/tr>\n<tr>\n<td colspan=\"1\" rowspan=\"1\">\n<div class=\"magic-20\"><span class=\"magic-21\">Etiketmateriale<\/span><\/div>\n<\/td>\n<td colspan=\"1\" rowspan=\"1\">\n<div class=\"magic-22\"><span class=\"magic-21\">Polyester\u00a0<\/span><\/div>\n<\/td>\n<\/tr>\n<tr>\n<td colspan=\"1\" rowspan=\"1\">\n<div class=\"magic-20\"><span class=\"magic-21\">Chips<\/span><\/div>\n<\/td>\n<td colspan=\"1\" rowspan=\"1\">\n<div class=\"magic-22\"><span class=\"magic-21\">U8, U9 osv.<\/span><\/div>\n<\/td>\n<\/tr>\n<tr>\n<td colspan=\"1\" rowspan=\"1\">\n<div class=\"magic-20\"><span class=\"magic-21\">M\u00e6rkegaranti<\/span><\/div>\n<\/td>\n<td colspan=\"1\" rowspan=\"1\">\n<div class=\"magic-22\"><span class=\"magic-21\">Den f\u00f8rste af 200 eller 300 vaske eller 3 \u00e5r fra forsendelsesdatoen<\/span><\/div>\n<\/td>\n<\/tr>\n<tr>\n<td colspan=\"1\" rowspan=\"1\">\n<div class=\"magic-20\"><span class=\"magic-21\">L\u00e6s afstand<\/span><\/div>\n<\/td>\n<td colspan=\"1\" rowspan=\"1\">\n<div class=\"magic-22\"><span class=\"magic-21\">Op til 8 meter (op til 9 fod), skal testes med din l\u00e6ser<\/span><\/div>\n<\/td>\n<\/tr>\n<tr>\n<td colspan=\"1\" rowspan=\"1\">\n<div class=\"magic-20\"><span class=\"magic-21\">Opbevaringstemperatur<\/span><\/div>\n<\/td>\n<td colspan=\"1\" rowspan=\"1\">\n<div class=\"magic-22\"><span class=\"magic-21\">-40\u2103 til +120\u2103 (-40\u2109 til +248\u2109)<\/span><\/div>\n<\/td>\n<\/tr>\n<tr>\n<td colspan=\"1\" rowspan=\"1\">\n<div class=\"magic-20\"><span class=\"magic-21\">lroner<\/span><\/div>\n<\/td>\n<td colspan=\"1\" rowspan=\"1\">\n<div class=\"magic-22\"><span class=\"magic-21\">+195 \u2103 (+383 F) 30 sekunder &lt;18 bar<\/span><\/div>\n<\/td>\n<\/tr>\n<tr>\n<td colspan=\"1\" rowspan=\"1\">\n<div class=\"magic-20\"><span class=\"magic-21\">Vandudtr\u00e6kker<\/span><\/div>\n<\/td>\n<td colspan=\"1\" rowspan=\"1\">\n<div class=\"magic-22\"><span class=\"magic-21\">60 s\u00f8jler, 80 sekunder<\/span><\/div>\n<\/td>\n<\/tr>\n<tr>\n<td colspan=\"1\" rowspan=\"1\">\n<div class=\"magic-20\"><span class=\"magic-21\">Autoklave<\/span><\/div>\n<\/td>\n<td colspan=\"1\" rowspan=\"1\">\n<div class=\"magic-22\"><span class=\"magic-21\">Luftudsugning: +100C (+212F), 5 minutter, 0,1 bar,<\/span><\/div>\n<\/td>\n<\/tr>\n<tr>\n<td colspan=\"1\" rowspan=\"1\">\n<div class=\"magic-20\"><span class=\"magic-21\">T\u00f8rring<\/span><\/div>\n<\/td>\n<td colspan=\"1\" rowspan=\"1\">\n<div class=\"magic-22\"><span class=\"magic-21\">+45\u2103(+113\u2109), 15 minutter, 0,2 bar<\/span><\/div>\n<\/td>\n<\/tr>\n<tr>\n<td colspan=\"1\" rowspan=\"1\">\n<div class=\"magic-20\"><span class=\"magic-21\">Kemisk resistens<\/span><\/div>\n<\/td>\n<td colspan=\"1\" rowspan=\"1\">\n<div class=\"magic-22\" data-spm-anchor-id=\"a2700.details.0.i68.56bf53e8OmNXev\"><span class=\"magic-21\">Alle kemikalier, der er almindelige i vaskeprocessen<\/span><\/div>\n<\/td>\n<\/tr>\n<\/tbody>\n<\/table>\n<div>\n<figure id=\"attachment_2928\" class=\"wp-caption alignnone\" aria-describedby=\"caption-attachment-2928\"><a href=\"https:\/\/rfid-laundry-tag.com\/da\/uhf-rfid-laundry-tags\/\"><img fetchpriority=\"high\" decoding=\"async\" class=\"size-full wp-image-2928\" title=\"RFID-m\u00e6rker til vaskeri TOP 5 Producent 4\" src=\"https:\/\/www.rfidtaglaundry.com\/wp-content\/uploads\/2024\/11\/6_H39416607c5cf4905b542e69b55e844a5b.jpg\" sizes=\"(max-width: 800px) 100vw, 800px\" srcset=\"https:\/\/www.rfidtaglaundry.com\/wp-content\/uploads\/2024\/11\/6_H39416607c5cf4905b542e69b55e844a5b.jpg 800w, https:\/\/www.rfidtaglaundry.com\/wp-content\/uploads\/2024\/11\/6_H39416607c5cf4905b542e69b55e844a5b-300x300.jpg 300w, https:\/\/www.rfidtaglaundry.com\/wp-content\/uploads\/2024\/11\/6_H39416607c5cf4905b542e69b55e844a5b-150x150.jpg 150w, https:\/\/www.rfidtaglaundry.com\/wp-content\/uploads\/2024\/11\/6_H39416607c5cf4905b542e69b55e844a5b-768x768.jpg 768w, https:\/\/www.rfidtaglaundry.com\/wp-content\/uploads\/2024\/11\/6_H39416607c5cf4905b542e69b55e844a5b-12x12.jpg 12w, https:\/\/www.rfidtaglaundry.com\/wp-content\/uploads\/2024\/11\/6_H39416607c5cf4905b542e69b55e844a5b-600x600.jpg 600w, https:\/\/www.rfidtaglaundry.com\/wp-content\/uploads\/2024\/11\/6_H39416607c5cf4905b542e69b55e844a5b-100x100.jpg 100w\" alt=\"Laundry RFID Tags\" width=\"800\" height=\"800\" \/><\/a><figcaption id=\"caption-attachment-2928\" class=\"wp-caption-text\">T\u00f8jvask RFID-tags<\/figcaption><\/figure>\n<\/div>\n<div>\n<h3>Ofte stillede sp\u00f8rgsm\u00e5l (FAQ) om RFID-m\u00e6rker til vaskeri<\/h3>\n<p><strong>Q1: Hvilke problemer l\u00f8ser RFID-m\u00e6rker til vaskeri under vaskeprocessen?<\/strong><br \/>\n<strong>A1:<\/strong>\u00a0Et v\u00e6sentligt problem er, at tags let kan blive beskadiget, hvilket f\u00f8rer til datatab. Vores l\u00f8sning anvender industriel polyester og h\u00f8jtemperaturh\u00e6rdningsteknologi, der g\u00f8r det muligt for tags at modst\u00e5 195 \u00b0C strygning og 60 bar vandtryk, perfekt egnet til steriliseringsprocesser for hotellinned. Vores unikke kemikalieresistente bel\u00e6gning beskytter mod blegemiddel og st\u00e6rke alkaliske reng\u00f8ringsmidler, hvilket sikrer nul skader p\u00e5 U8-chippen over 300 vaske, hvilket bakkes op af 15 \u00e5rs erfaring.<\/p>\n<p><strong>Q2: Hvordan forbedrer jeres tags sorteringseffektiviteten?<\/strong><br \/>\n<strong>A2:<\/strong>\u00a0Traditionelle tags har ofte korte l\u00e6seafstande, hvilket kan h\u00e6mme sorteringseffektiviteten. Vores RFID-teknologi tilbyder en imponerende l\u00e6ser\u00e6kkevidde p\u00e5 9 meter sammenlignet med branchegennemsnittet p\u00e5 5 meter. Kombineret med retningsbestemte antenner forbedrer dette batchscanning p\u00e5 vasket\u00f8jstransportb\u00e5nd og forbedrer sorteringseffektiviteten med 60%. Vores tags underst\u00f8tter ogs\u00e5 et fuldt frekvensomr\u00e5de p\u00e5 865-928 MHz og er kompatible med f\u00f8rende RFID-enheder globalt.<\/p>\n<p><strong>Q3: Hvordan reducerer jeres tags driftsomkostningerne?<\/strong><br \/>\n<strong>A3:<\/strong>\u00a0Hyppige udskiftninger af m\u00e6rker \u00f8ger driftsomkostningerne. Vi tilbyder en banebrydende dobbeltgaranti p\u00e5 &quot;3 \u00e5r eller 300 vaske&quot;, hvilket reducerer livscyklusomkostningerne med 42% sammenlignet med standardm\u00e6rker. Vores modul\u00e6re chipdesign underst\u00f8tter problemfri opgraderinger fra U8- til U9-versioner, hvilket forhindrer behovet for komplette udskiftninger af m\u00e6rker p\u00e5 grund af udstyrsskift. Vores m\u00e6rker er blevet certificeret gennem 2000 industrielle vasketests, hvilket g\u00f8r dem ideelle til scenarier med h\u00f8j frekvens af udskiftning af varer i linnedudlejningsvirksomheder.<\/p>\n<p><strong>Fabriksfordel:<\/strong>\u00a0Som en af de 5 f\u00f8rende globale producenter af RFID-m\u00e6rker til vaskerier med 15 \u00e5rs ekspertise inden for RF-teknologi, tilbyder vi omfattende l\u00f8sninger fra chippemballage til scenarietestning. Vi har leveret over 200 millioner specialiserede m\u00e6rker til vaskerier til kunder som Hilton og Mayo Clinic, underst\u00f8ttet af et professionelt team til skr\u00e6ddersyet udvikling.<\/p>\n<\/div>\n<div class=\"auto-hide-last-sibling-br paragraph_1252f paragraph-element\">\n<p>&nbsp;<\/p>\n<h2>Variable data til RFID-m\u00e6rker til vaskeri<\/h2>\n<p>hver<a href=\"https:\/\/rfid-laundry-tag.com\/da\/uhf-rfid-laundry-tags\/\">\u00a0RFID-m\u00e6rke for vasket\u00f8j<\/a>\u00a0er udstyret med variable data, herunder:<\/p>\n<ul>\n<li><strong>Laserprintede oplysninger<\/strong>Dette omfatter EPC-koder, 1D- og 2D-stregkoder, QR-koder og logoer.<\/li>\n<li><strong>RFID-chipdataprogrammering<\/strong>Tags kan programmeres med EPC-kodning og l\u00e5ses med en adgangskode.<\/li>\n<li><strong>Omfattende testning<\/strong>Alle data, inklusive EPC-kodning og TID, er 100%-testet for at sikre n\u00f8jagtig matchning for hvert specifikt tag.<\/li>\n<\/ul>\n<h2>Installationsmetoder<\/h2>\n<ul>\n<li><strong>Stitch Tagging<\/strong>Ideel til syning i tekstilers s\u00f8m, hvilket sikrer, at m\u00e6rkerne placeres v\u00e6k fra foldelinjerne for optimal holdbarhed.<\/li>\n<li><strong>Varmeforsegling<\/strong>Etiketter kan varmeforsegles direkte p\u00e5 tekstiler ved +200 \u00b0C (392 \u00b0F) i 12 til 14 sekunder.<\/li>\n<li><strong>I pose<\/strong>Ligesom almindelige vaskeanvisningsetiketter kan disse etiketter sys fast i en pose, s\u00e5 de er sikre og lettilg\u00e6ngelige.<\/li>\n<\/ul>\n<h2>Anvendelser af RFID-m\u00e6rker til vaskeri<\/h2>\n<p>RFID-tags til vaskerier er alsidige og kan bruges i forskellige brancher til sporing af tekstilaktiver, herunder:<\/p>\n<ul>\n<li><strong>Sundhedspleje<\/strong>Overv\u00e5gning af linned, uniformer, masker og mopper.<\/li>\n<li><strong>G\u00e6stfrihed<\/strong>H\u00e5ndtering af fladt linned og uniformer til hoteller og restauranter.<\/li>\n<li><strong>Modet\u00f8j<\/strong>Forbedret lagerstyring og sporing af t\u00f8j og accessories.<\/li>\n<\/ul>\n<p>I takt med at mode- og bekl\u00e6dningsindustrien udvikler sig, vokser eftersp\u00f8rgslen efter avancerede teknologiske l\u00f8sninger. RFID-teknologi er blevet et vigtigt v\u00e6rkt\u00f8j til at forbedre driftseffektiviteten, forbedre kundeoplevelserne og underst\u00f8tte b\u00e6redygtighedsinitiativer. Implementeringen af\u00a0<strong>RFID-m\u00e6rker til t\u00f8jvask<\/strong>\u00a0Inden for t\u00f8j- og tekstilh\u00e5ndtering har udviklingen transformeret den m\u00e5de, organisationer overv\u00e5ger deres vaskeridrift p\u00e5, hvilket muligg\u00f8r sporing i realtid, forbedret lagerstyring, forbedret synlighed i forsyningsk\u00e6den og st\u00f8rre b\u00e6redygtighed.<\/p>\n<p>Ved at implementere disse innovative l\u00f8sninger kan virksomheder str\u00f8mline deres processer og im\u00f8dekomme de stigende krav fra et dynamisk marked.<\/p>\n<\/div>","protected":false},"excerpt":{"rendered":"<p>Som en f\u00f8rende global producent af RFID-tags specialiserer vi os i <strong>T\u00f8jvask RFID-tags<\/strong>, der leverer skr\u00e6ddersyede l\u00f8sninger bakket op af 15 \u00e5rs ekspertise og over 200 millioner leverede tags.<\/p>","protected":false},"featured_media":2964,"template":"","meta":{"_kad_post_transparent":"default","_kad_post_title":"","_kad_post_layout":"default","_kad_post_sidebar_id":"","_kad_post_content_style":"default","_kad_post_vertical_padding":"default","_kad_post_feature":"","_kad_post_feature_position":"","_kad_post_header":false,"_kad_post_footer":false,"_kad_post_classname":""},"product_brand":[],"product_cat":[16,19],"product_tag":[24,367,342,339,65,30],"class_list":{"0":"post-2961","1":"product","2":"type-product","3":"status-publish","4":"has-post-thumbnail","6":"product_cat-uhf-rfid-laundry-tags","7":"product_cat-textile-rfid-laundry-tag","8":"product_tag-laundry-rfid-tags","9":"product_tag-laundry-rfid-tags-top-5-manufacturer","10":"product_tag-rfid-laundry-tags","11":"product_tag-rfid-washable-tags","12":"product_tag-textile-rfid-laundry-tags","13":"product_tag-uhf-rfid-laundry-tag","15":"first","16":"instock","17":"featured","18":"shipping-taxable","19":"product-type-simple","20":"entry","21":"content-bg","22":"loop-entry"},"_links":{"self":[{"href":"https:\/\/rfid-laundry-tag.com\/da\/wp-json\/wp\/v2\/product\/2961","targetHints":{"allow":["GET"]}}],"collection":[{"href":"https:\/\/rfid-laundry-tag.com\/da\/wp-json\/wp\/v2\/product"}],"about":[{"href":"https:\/\/rfid-laundry-tag.com\/da\/wp-json\/wp\/v2\/types\/product"}],"version-history":[{"count":1,"href":"https:\/\/rfid-laundry-tag.com\/da\/wp-json\/wp\/v2\/product\/2961\/revisions"}],"predecessor-version":[{"id":2966,"href":"https:\/\/rfid-laundry-tag.com\/da\/wp-json\/wp\/v2\/product\/2961\/revisions\/2966"}],"wp:featuredmedia":[{"embeddable":true,"href":"https:\/\/rfid-laundry-tag.com\/da\/wp-json\/wp\/v2\/media\/2964"}],"wp:attachment":[{"href":"https:\/\/rfid-laundry-tag.com\/da\/wp-json\/wp\/v2\/media?parent=2961"}],"wp:term":[{"taxonomy":"product_brand","embeddable":true,"href":"https:\/\/rfid-laundry-tag.com\/da\/wp-json\/wp\/v2\/product_brand?post=2961"},{"taxonomy":"product_cat","embeddable":true,"href":"https:\/\/rfid-laundry-tag.com\/da\/wp-json\/wp\/v2\/product_cat?post=2961"},{"taxonomy":"product_tag","embeddable":true,"href":"https:\/\/rfid-laundry-tag.com\/da\/wp-json\/wp\/v2\/product_tag?post=2961"}],"curies":[{"name":"wp","href":"https:\/\/api.w.org\/{rel}","templated":true}]}}