{"id":2942,"date":"2025-10-27T13:54:59","date_gmt":"2025-10-27T13:54:59","guid":{"rendered":"https:\/\/rfid-laundry-tag.com\/?post_type=product&#038;p=2942"},"modified":"2025-10-27T14:13:32","modified_gmt":"2025-10-27T14:13:32","slug":"iron-heating-sealed-rfid-laundry-tag","status":"publish","type":"product","link":"https:\/\/rfid-laundry-tag.com\/da\/vare\/iron-heating-sealed-rfid-laundry-tag\/","title":{"rendered":"Strygejern med forseglet RFID-vaskem\u00e6rke"},"content":{"rendered":"<div>\n<div class=\"auto-hide-last-sibling-br paragraph_1252f paragraph-element\">\n<h2 data-start=\"0\" data-end=\"75\"><strong data-start=\"0\" data-end=\"75\">RFID-vasket\u00f8jsm\u00e6rke med varme og forsegling til strygejern \u2013 holdbart, effektivt og p\u00e5lideligt<\/strong><\/h2>\n<p data-start=\"77\" data-end=\"443\">De <strong data-start=\"81\" data-end=\"121\">Strygejern med forseglet RFID-vaskem\u00e6rke<\/strong> er en h\u00f8jtydende l\u00f8sning til tekstilidentifikation og -sporing, specielt designet til industrivaskeri, sundhedspleje og uniformh\u00e5ndtering. Med sin overlegne holdbarhed udm\u00e6rker den sig under barske vaskeforhold og sikrer langvarig og problemfri sporing af vasket\u00f8j i hele Europa, USA og Canada.<\/p>\n<h3 data-start=\"445\" data-end=\"462\">Vigtigste fordele:<\/h3>\n<ul data-start=\"463\" data-end=\"937\">\n<li data-start=\"463\" data-end=\"616\">\n<p data-start=\"465\" data-end=\"616\"><strong data-start=\"465\" data-end=\"496\">Vandt\u00e6t og varmebestandig<\/strong>T\u00e5ler eksponering for vaskemidler, blegemiddel og h\u00f8je temperaturer, hvilket sikrer holdbarhed i industrielle vaskeprocesser.<\/p>\n<\/li>\n<li data-start=\"617\" data-end=\"731\">\n<p data-start=\"619\" data-end=\"731\"><strong data-start=\"619\" data-end=\"647\">Langvarig ydeevne<\/strong>Holder op til <strong data-start=\"663\" data-end=\"685\">200 vaskecyklusser<\/strong> eller <strong data-start=\"689\" data-end=\"703\">300 vaske<\/strong>, hvilket garanterer forl\u00e6nget brug.<\/p>\n<\/li>\n<li data-start=\"732\" data-end=\"829\">\n<p data-start=\"734\" data-end=\"829\"><strong data-start=\"734\" data-end=\"757\">Overlegen l\u00e6seomr\u00e5de<\/strong>Tilbyder en l\u00e6seafstand p\u00e5 <strong data-start=\"785\" data-end=\"800\">8-12 meter<\/strong> for hurtig og pr\u00e6cis scanning.<\/p>\n<\/li>\n<li data-start=\"830\" data-end=\"937\">\n<p data-start=\"832\" data-end=\"937\"><strong data-start=\"832\" data-end=\"852\">Hurtig ekspeditionstid<\/strong>Hurtig leveringstid p\u00e5 lige <strong data-start=\"877\" data-end=\"887\">3 dage<\/strong>, der sikrer, at du f\u00e5r det, du har brug for, n\u00e5r du har brug for det.<\/p>\n<\/li>\n<\/ul>\n<h3 data-start=\"939\" data-end=\"956\">N\u00f8glefunktioner:<\/h3>\n<ul data-start=\"957\" data-end=\"1499\">\n<li data-start=\"957\" data-end=\"1123\">\n<p data-start=\"959\" data-end=\"1123\"><strong data-start=\"959\" data-end=\"990\">Kemisk og vandbestandighed<\/strong>Denne RFID-tag er bygget til at modst\u00e5 reng\u00f8ringsmidler, skyllemidler, blegemiddel og alkalibehandlinger og forbliver funktionel under kr\u00e6vende forhold.<\/p>\n<\/li>\n<li data-start=\"1124\" data-end=\"1248\">\n<p data-start=\"1126\" data-end=\"1248\"><strong data-start=\"1126\" data-end=\"1152\">Varmeforseglet teknologi<\/strong>Integreres nemt med varmeforseglingsmaskiner og giver en fast og permanent fastg\u00f8relse til tekstiler.<\/p>\n<\/li>\n<li data-start=\"1249\" data-end=\"1388\">\n<p data-start=\"1251\" data-end=\"1388\"><strong data-start=\"1251\" data-end=\"1272\">Kan stryges p\u00e5 og sys p\u00e5<\/strong>Fleksibel anvendelse via varmepresse eller symetoder, ideel til indlejring af m\u00e6rker i tekstilkanter eller plejeetiketter.<\/p>\n<\/li>\n<li data-start=\"1389\" data-end=\"1499\">\n<p data-start=\"1391\" data-end=\"1499\"><strong data-start=\"1391\" data-end=\"1421\">H\u00f8jtemperaturbestandig<\/strong>Designet til at modst\u00e5 intens varme og mekanisk belastning fra industriel vaskeri.<\/p>\n<\/li>\n<\/ul>\n<h3 data-start=\"1501\" data-end=\"1530\">Tekniske specifikationer:<\/h3>\n<ul data-start=\"1531\" data-end=\"2169\">\n<li data-start=\"1531\" data-end=\"1653\">\n<p data-start=\"1533\" data-end=\"1653\"><strong data-start=\"1533\" data-end=\"1549\">St\u00f8rrelsesmuligheder<\/strong>: 35 mm x 15 mm, 58 mm x 15 mm, 70 mm x 10 mm, 70 mm x 15 mm, 75 mm x 12 mm, 75 mm x 15 mm (brugerdefinerede st\u00f8rrelser tilg\u00e6ngelige).<\/p>\n<\/li>\n<li data-start=\"1654\" data-end=\"1710\">\n<p data-start=\"1656\" data-end=\"1710\"><strong data-start=\"1656\" data-end=\"1674\">RFID-standarder<\/strong>ISO\/IEC 18000-6 Type C (EPC Gen2).<\/p>\n<\/li>\n<li data-start=\"1711\" data-end=\"1770\">\n<p data-start=\"1713\" data-end=\"1770\"><strong data-start=\"1713\" data-end=\"1729\">Chip muligheder<\/strong>NXP U CODE 9, Alien H9 osv.<\/p>\n<\/li>\n<li data-start=\"1771\" data-end=\"1813\">\n<p data-start=\"1773\" data-end=\"1813\"><strong data-start=\"1773\" data-end=\"1783\">Hukommelse<\/strong>EPC 128 bit, bruger 512 bit.<\/p>\n<\/li>\n<li data-start=\"1814\" data-end=\"1852\">\n<p data-start=\"1816\" data-end=\"1852\"><strong data-start=\"1816\" data-end=\"1830\">L\u00e6s Range<\/strong>: 8M \u2013 10M (FCC\/ETSI).<\/p>\n<\/li>\n<li data-start=\"1853\" data-end=\"1927\">\n<p data-start=\"1855\" data-end=\"1927\"><strong data-start=\"1855\" data-end=\"1874\">Tagging metoder<\/strong>Varmeforsegling, varmpr\u00e6gningskl\u00e6bemiddel eller hulning.<\/p>\n<\/li>\n<li data-start=\"1928\" data-end=\"2042\">\n<p data-start=\"1930\" data-end=\"2042\"><strong data-start=\"1930\" data-end=\"1956\">Temperatur og luftfugtighed<\/strong>: Fungerer mellem <strong data-start=\"1975\" data-end=\"1993\">-20\u00b0C til 110\u00b0C<\/strong>; opbevaringsomr\u00e5de <strong data-start=\"2009\" data-end=\"2027\">-40\u00b0C til 110\u00b0C<\/strong> med 8-95% h\u00f8jre.<\/p>\n<\/li>\n<li data-start=\"2043\" data-end=\"2169\">\n<p data-start=\"2045\" data-end=\"2169\"><strong data-start=\"2045\" data-end=\"2072\">Vask og sterilisering<\/strong>T\u00e5ler vasketemperaturer op til <strong data-start=\"2111\" data-end=\"2119\">90\u00b0C<\/strong> og sterilisering kl. <strong data-start=\"2141\" data-end=\"2168\">135\u00b0C i 15-20 minutter<\/strong>.<\/p>\n<\/li>\n<\/ul>\n<\/div>\n<\/div>\n<h2 data-start=\"2812\" data-end=\"3015\"><strong>Datablad<\/strong><\/h2>\n<div>\n<div class=\"auto-hide-last-sibling-br paragraph_1252f paragraph-element\">\n<div>\n<table width=\"637\">\n<tbody>\n<tr>\n<td width=\"328\">Varenavn:<\/td>\n<td width=\"309\">Strygejern med forseglet RFID-vaskem\u00e6rke<\/td>\n<\/tr>\n<tr>\n<td width=\"328\">RFID standard:<\/td>\n<td width=\"309\">ISO\/IEC 18000-6 TypeC (EPC Gen2)<\/td>\n<\/tr>\n<tr>\n<td width=\"328\">St\u00f8rrelse og v\u00e6gt:<\/td>\n<td width=\"309\">\u00a035 mm x 15 mm; 58 mm x 15 mm; 70 mm x 10 mm, 70 x 15 mm, 75 x 12 mm, 75 x 15 mm eller specialfremstillet<\/td>\n<\/tr>\n<tr>\n<td width=\"328\">Chip type:<\/td>\n<td width=\"309\">Monza 4QT, NXP U CODE 9, Alien H9 osv.<\/td>\n<\/tr>\n<tr>\n<td width=\"328\">EPC-hukommelse:<\/td>\n<td width=\"309\">128 bit<\/td>\n<\/tr>\n<tr>\n<td width=\"328\">Brugerhukommelse:<\/td>\n<td width=\"309\">512 bit<\/td>\n<\/tr>\n<tr>\n<td width=\"328\">L\u00e6seomr\u00e5de (2W ERP FCC):<\/td>\n<td width=\"309\">8M~10M<\/td>\n<\/tr>\n<tr>\n<td width=\"328\">L\u00e6seomr\u00e5de (2W ERP ETSI):<\/td>\n<td width=\"309\">8M~10M<\/td>\n<\/tr>\n<tr>\n<td width=\"328\">Tagging:<\/td>\n<td width=\"309\">Varmpr\u00e6gningskl\u00e6bemiddel, varmeforsegling, hul osv.<\/td>\n<\/tr>\n<tr>\n<td width=\"328\">Estimeret levetid:<\/td>\n<td width=\"309\">200 vaskecyklusser eller 300 gange<\/td>\n<\/tr>\n<tr>\n<td width=\"328\">Vaskemetode:<\/td>\n<td width=\"309\">T\u00f8jvask, Renseri<\/td>\n<\/tr>\n<tr>\n<td width=\"328\">Vandudvindingstryk:<\/td>\n<td width=\"309\">60 bar<\/td>\n<\/tr>\n<tr>\n<td width=\"328\">Vandt\u00e6thed:<\/td>\n<td width=\"309\">Vandafvisende<\/td>\n<\/tr>\n<tr>\n<td width=\"328\">Kemisk modstand:<\/td>\n<td width=\"309\">Reng\u00f8ringsmiddel, bl\u00f8dg\u00f8ringsmiddel, blegemiddel (ilt\/klor), alkali<\/td>\n<\/tr>\n<tr>\n<td width=\"328\">Fort\u00f8rring i t\u00f8rretumbler:<\/td>\n<td width=\"309\">125 \u00baC i 15-20 minutter<\/td>\n<\/tr>\n<tr>\n<td width=\"328\">Steriliseringstemperatur:<\/td>\n<td width=\"309\">135\u00b0C i 15-20 minutter<\/td>\n<\/tr>\n<tr>\n<td width=\"328\">Vasketemperatur:<\/td>\n<td width=\"309\">90\u00b0C, op til 15 min.<\/td>\n<\/tr>\n<tr>\n<td width=\"328\">Fugtighed\/temperaturdrift:<\/td>\n<td width=\"309\">-20 til 110\u00b0C, 8 til 95%RH<\/td>\n<\/tr>\n<tr>\n<td width=\"328\">Fugtighed\/temperatur-opbevaring:<\/td>\n<td width=\"309\">-40 til 110\u00b0C, 8 til 95%RH<\/td>\n<\/tr>\n<\/tbody>\n<\/table>\n<\/div>\n<\/div>\n<\/div>\n<div><\/div>\n<div class=\"auto-hide-last-sibling-br paragraph_1252f paragraph-element\"><span class=\"AnswerParser_TextContainer__z_Iiv\" data-testid=\"youchat-text\"><strong>RFID UHF vaskem\u00e6rker<\/strong> er den ultimative l\u00f8sning til effektiv h\u00e5ndtering af arbejdst\u00f8j, hotelh\u00e5ndkl\u00e6der og hospitalssenget\u00f8j. Disse holdbare tags er designet til at modst\u00e5 de h\u00f8je temperaturer og barske kemikalier, der typisk bruges i industrielle vaskeprocesser. Deres robuste konstruktion sikrer, at de forbliver funktionelle selv efter flere vaskecyklusser, hvilket g\u00f8r dem til et uvurderligt aktiv i enhver vaskeridrift.<\/span><span class=\"AnswerParser_TextContainer__z_Iiv\" data-testid=\"youchat-text\">Ved at integrere RFID-teknologi i dit vaskeristyringssystem kan du reducere h\u00e5ndteringsomkostningerne markant. RFID-gateways og t\u00e6llere str\u00f8mliner sporingsprocessen, s\u00e5 du hurtigt kan lokalisere og identificere vasket\u00f8j. Dette sparer ikke kun tid, men forbedrer ogs\u00e5 lagern\u00f8jagtigheden, s\u00e5 du nemt kan holde styr p\u00e5 vaskecyklusser. Med RFID UHF vasket\u00f8jsm\u00e6rker vil du forbedre din operationelle effektivitet og sikre, at dine vasket\u00f8jsgenstande altid er taget h\u00f8jde for.<\/span><\/div>\n<div><\/div>\n<div>\n<h3 data-start=\"2171\" data-end=\"2219\">Optimeret til industriel vaskeridrift:<\/h3>\n<p data-start=\"2220\" data-end=\"2515\">RFID UHF-vaskem\u00e6rker giver effektiv h\u00e5ndtering af aktiver til arbejdsuniformer, hotellinned, hospitalstekstiler og meget mere. De er i stand til at modst\u00e5 h\u00f8je temperaturer og barske kemikalier, og de forbliver funktionelle selv efter flere vaske, hvilket sikrer, at dit vaskeri forl\u00f8ber problemfrit.<\/p>\n<p data-start=\"2517\" data-end=\"2583\">Ved at integrere RFID i dit vaskeristyringssystem f\u00e5r du:<\/p>\n<ul data-start=\"2584\" data-end=\"2810\">\n<li data-start=\"2584\" data-end=\"2675\">\n<p data-start=\"2586\" data-end=\"2675\"><strong data-start=\"2586\" data-end=\"2609\">Forbedret effektivitet<\/strong>Hurtigere og mere pr\u00e6cis lageropf\u00f8lgning reducerer h\u00e5ndteringsomkostninger.<\/p>\n<\/li>\n<li data-start=\"2676\" data-end=\"2810\">\n<p data-start=\"2678\" data-end=\"2810\"><strong data-start=\"2678\" data-end=\"2699\">Forbedret n\u00f8jagtighed<\/strong>RFID-teknologi sikrer pr\u00e6cis lokationssporing, reducerer fejl og sikrer, at varer er registreret.<\/p>\n<\/li>\n<\/ul>\n<p data-start=\"2812\" data-end=\"3015\"><strong data-start=\"2812\" data-end=\"2853\">Strygejern med forseglede RFID-vaskem\u00e6rker<\/strong> G\u00f8r din vaskeridrift hurtigere, mere p\u00e5lidelig og omkostningseffektiv, str\u00f8mlin din arbejdsgang og s\u00f8rg for, at dine varer forbliver sporbare gennem hver vask.<\/p>\n<\/div>\n<div data-spm-anchor-id=\"a2700.details.0.i57.23b419c7xXORP0\"><\/div>\n<div class=\"auto-hide-last-sibling-br paragraph_1252f paragraph-element\"><\/div>\n<div class=\"auto-hide-last-sibling-br paragraph_1252f paragraph-element\"><\/div>","protected":false},"excerpt":{"rendered":"<p>Vi er TOP 5-producenten af RFID-vasket\u00f8jsm\u00e6rker med varme og forsegling.<strong>.RFID vasket\u00f8jsm\u00e6rke<\/strong>\u00a0sikrer holdbar tekstilsporing inden for sundhedspleje, vaskeri og uniformer i hele Europa, USA og Canada \u2013 modstandsdygtig over for barske vaskeprogrammer.<\/p>","protected":false},"featured_media":2943,"template":"","meta":{"_kad_post_transparent":"default","_kad_post_title":"","_kad_post_layout":"default","_kad_post_sidebar_id":"","_kad_post_content_style":"default","_kad_post_vertical_padding":"default","_kad_post_feature":"","_kad_post_feature_position":"","_kad_post_header":false,"_kad_post_footer":false,"_kad_post_classname":""},"product_brand":[],"product_cat":[16],"product_tag":[364,363,338,342,339,65,30],"class_list":{"0":"post-2942","1":"product","2":"type-product","3":"status-publish","4":"has-post-thumbnail","6":"product_cat-uhf-rfid-laundry-tags","7":"product_tag-heating-sealed-rfid-laundry-tag","8":"product_tag-iron-heating-sealed-rfid-laundry-tag","9":"product_tag-rfid-chips-for-uniforms","10":"product_tag-rfid-laundry-tags","11":"product_tag-rfid-washable-tags","12":"product_tag-textile-rfid-laundry-tags","13":"product_tag-uhf-rfid-laundry-tag","15":"first","16":"instock","17":"featured","18":"shipping-taxable","19":"product-type-simple","20":"entry","21":"content-bg","22":"loop-entry"},"_links":{"self":[{"href":"https:\/\/rfid-laundry-tag.com\/da\/wp-json\/wp\/v2\/product\/2942","targetHints":{"allow":["GET"]}}],"collection":[{"href":"https:\/\/rfid-laundry-tag.com\/da\/wp-json\/wp\/v2\/product"}],"about":[{"href":"https:\/\/rfid-laundry-tag.com\/da\/wp-json\/wp\/v2\/types\/product"}],"version-history":[{"count":2,"href":"https:\/\/rfid-laundry-tag.com\/da\/wp-json\/wp\/v2\/product\/2942\/revisions"}],"predecessor-version":[{"id":2948,"href":"https:\/\/rfid-laundry-tag.com\/da\/wp-json\/wp\/v2\/product\/2942\/revisions\/2948"}],"wp:featuredmedia":[{"embeddable":true,"href":"https:\/\/rfid-laundry-tag.com\/da\/wp-json\/wp\/v2\/media\/2943"}],"wp:attachment":[{"href":"https:\/\/rfid-laundry-tag.com\/da\/wp-json\/wp\/v2\/media?parent=2942"}],"wp:term":[{"taxonomy":"product_brand","embeddable":true,"href":"https:\/\/rfid-laundry-tag.com\/da\/wp-json\/wp\/v2\/product_brand?post=2942"},{"taxonomy":"product_cat","embeddable":true,"href":"https:\/\/rfid-laundry-tag.com\/da\/wp-json\/wp\/v2\/product_cat?post=2942"},{"taxonomy":"product_tag","embeddable":true,"href":"https:\/\/rfid-laundry-tag.com\/da\/wp-json\/wp\/v2\/product_tag?post=2942"}],"curies":[{"name":"wp","href":"https:\/\/api.w.org\/{rel}","templated":true}]}}