{"id":2860,"date":"2024-11-05T13:06:31","date_gmt":"2024-11-05T13:06:31","guid":{"rendered":"https:\/\/rfid-laundry-tag.com\/?post_type=product&#038;p=2860"},"modified":"2024-11-05T13:13:50","modified_gmt":"2024-11-05T13:13:50","slug":"rfid-keyfobs-abs-iso14443a","status":"publish","type":"product","link":"https:\/\/rfid-laundry-tag.com\/da\/vare\/rfid-keyfobs-abs-iso14443a\/","title":{"rendered":"RFID n\u00f8glesender ABS ISO14443A"},"content":{"rendered":"<h2>RFID n\u00f8glesender ABS ISO14443A<\/h2>\n<table class=\"has-title all magic-13\">\n<tbody>\n<tr>\n<td colspan=\"1\" rowspan=\"2\">\n<div class=\"magic-14\">materiale<\/div>\n<\/td>\n<td colspan=\"1\" rowspan=\"1\">\n<div class=\"magic-15\">Antennemateriale: Aluminiumsfolie<\/div>\n<\/td>\n<\/tr>\n<tr>\n<td colspan=\"1\" rowspan=\"1\">\n<div class=\"magic-15\" data-spm-anchor-id=\"a2700.details.0.i43.3c939b1b0qFtg1\">overflademateriale: ABS\/l\u00e6der\/tr\u00e6<\/div>\n<\/td>\n<\/tr>\n<tr>\n<td colspan=\"1\" rowspan=\"1\">\n<div class=\"magic-17\">st\u00f8rrelse<\/div>\n<\/td>\n<td colspan=\"1\" rowspan=\"1\">\n<div class=\"magic-15\" data-spm-anchor-id=\"a2700.details.0.i41.3c939b1b0qFtg1\">40,38*31,5mm, 35,5*28mm, 51,5*32mm., eller tilpasset<\/div>\n<\/td>\n<\/tr>\n<tr>\n<td colspan=\"1\" rowspan=\"1\">\n<div class=\"magic-17\">Tilpasset h\u00e5ndv\u00e6rk<\/div>\n<\/td>\n<td colspan=\"1\" rowspan=\"1\">\n<div class=\"magic-15\">logo Silketryk\/UID-kode, seriekode eller tilpasset<\/div>\n<\/td>\n<\/tr>\n<tr>\n<td colspan=\"1\" rowspan=\"1\">\n<div class=\"magic-17\">Driftstemperatur<\/div>\n<\/td>\n<td colspan=\"1\" rowspan=\"1\">\n<div class=\"magic-15\">-20\u00b0C~+90\u00b0C<\/div>\n<\/td>\n<\/tr>\n<tr>\n<td colspan=\"1\" rowspan=\"1\">\n<div class=\"magic-17\">indkode<\/div>\n<\/td>\n<td colspan=\"1\" rowspan=\"1\">\n<div class=\"magic-15\">skrivbar chip Tilg\u00e6ngelig<\/div>\n<\/td>\n<\/tr>\n<tr>\n<td colspan=\"1\" rowspan=\"1\">\n<div class=\"magic-17\">farvemuligheder<\/div>\n<\/td>\n<td colspan=\"1\" rowspan=\"1\">\n<div class=\"magic-15\" data-spm-anchor-id=\"a2700.details.0.i42.3c939b1b0qFtg1\">R\u00f8d, bl\u00e5, sort, lilla, orange, gul (kan tilpasses)<\/div>\n<\/td>\n<\/tr>\n<tr>\n<td colspan=\"1\" rowspan=\"1\">\n<div class=\"magic-17\">l\u00e6seafstand<\/div>\n<\/td>\n<td colspan=\"1\" rowspan=\"1\">\n<div class=\"magic-15\">1 ~ 10 cm (afh\u00e6ngig af l\u00e6ser)<\/div>\n<\/td>\n<\/tr>\n<tr>\n<td colspan=\"1\" rowspan=\"1\">\n<div class=\"magic-17\">applikationer<\/div>\n<\/td>\n<td colspan=\"1\" rowspan=\"1\">\n<div class=\"magic-15\" data-spm-anchor-id=\"a2700.details.0.i40.3c939b1b0qFtg1\">medlemssystem\/gymnastik\/adgangskontrol\/betaling mm.<\/div>\n<\/td>\n<\/tr>\n<\/tbody>\n<\/table>\n<p><strong>RFID n\u00f8gleringe<\/strong> er p\u00e5 forkant med sikker, bekvem adgangsstyring. Disse sm\u00e5, lette enheder bruger <strong>radiofrekvens identifikation<\/strong> (RFID) teknologi til at tillade hurtig og problemfri adgang til sikrede omr\u00e5der. De er almindeligt anvendt i forskellige industrier, herunder g\u00e6stfrihed, kontorbygninger og boligejendomme, til sikre adgangskontrolsystemer.<\/p>\n<p>I denne produktbeskrivelse vil vi udforske funktionerne og fordelene ved <strong>RFID n\u00f8gleringe<\/strong>, med fokus p\u00e5 <strong>ABS ISO14443A<\/strong> specifikation. Vi vil diskutere, hvorfor disse fobs er det foretrukne valg for b\u00e5de virksomheder og enkeltpersoner, der s\u00f8ger effektive, sikre og brugervenlige adgangsl\u00f8sninger.<\/p>\n<p><strong>RFID n\u00f8gleringe<\/strong> er p\u00e5 forkant med sikker, bekvem adgangsstyring. Disse sm\u00e5, lette enheder bruger <strong>radiofrekvens identifikation<\/strong> (RFID) teknologi til at tillade hurtig og problemfri adgang til sikrede omr\u00e5der. De er almindeligt anvendt i forskellige industrier, herunder g\u00e6stfrihed, kontorbygninger og boligejendomme, til sikre adgangskontrolsystemer.<\/p>\n<h2><strong>Hvad er en RFID n\u00f8glebrik?<\/strong><\/h2>\n<p>An <strong>RFID n\u00f8glebrik<\/strong> er en kompakt, b\u00e6rbar enhed, der kommunikerer med en <strong>RFID-l\u00e6ser<\/strong> at give adgang til et sikkert omr\u00e5de. Den indeholder typisk en lille mikrochip og antenne indlejret i en holdbar <strong>ABS kabinet<\/strong>. De <strong>13,56 MHz frekvens<\/strong> brugt af ISO14443A RFID n\u00f8gleringe sikrer p\u00e5lidelig og hurtig detektion, hvilket g\u00f8r dem til en yderst effektiv l\u00f8sning til adgangskontrolsystemer.<\/p>\n<p>I mods\u00e6tning til traditionelle n\u00f8gler eller kort, en <strong>RFID n\u00f8glebrik<\/strong> kr\u00e6ver ikke fysisk kontakt med l\u00e6seren; den opererer <strong>kontaktl\u00f8s<\/strong> principper, hvilket g\u00f8r det b\u00e5de mere sikkert og mere bekvemt. Brugere kan blot trykke p\u00e5 deres fob i n\u00e6rheden af en l\u00e6ser for at f\u00e5 adgang, hvilket eliminerer behovet for manuel opl\u00e5sning eller PIN-koder.<\/p>\n<hr \/>\n<h2><strong>N\u00f8glefunktioner ved RFID n\u00f8glebrikker<\/strong><\/h2>\n<h3><strong>1. Sikker adgangskontrol<\/strong><\/h3>\n<p>En af de st\u00f8rste fordele ved at bruge <strong>RFID n\u00f8gleringe<\/strong> er \u00f8get sikkerhed. Disse enheder tilbyder flere lag af beskyttelse, herunder krypteringsprotokoller, der forhindrer uautoriserede brugere i at f\u00e5 adgang. De <strong>13,56 MHz<\/strong> frekvens brugt af <strong>ISO14443A n\u00f8glebrikker<\/strong> sikrer h\u00f8j kompatibilitet med div <strong>adgangskontrolsystemer<\/strong>, fra hotell\u00e5se til kontord\u00f8rindgang.<\/p>\n<p>Ved at bruge RFID-teknologi, <strong>RFID n\u00f8gleringe<\/strong> tilbud <strong>n\u00f8glefri adgang<\/strong>, hvilket reducerer risikoen for l\u00e5seplukning eller uautoriseret duplikering. N\u00e5r integreret i <strong>adgangskontrol<\/strong> systemer, fungerer disse fobs som et sikkert token til at verificere og autentificere brugere med minimal indsats.<\/p>\n<h3><strong>2. Holdbar ABS-konstruktion<\/strong><\/h3>\n<p>Opf\u00f8relsen af <strong>RFID n\u00f8gleringe<\/strong> er lige s\u00e5 vigtig som deres funktionalitet. Disse fobs er lavet af <strong>ABS plast<\/strong>, som er et slidst\u00e6rkt letv\u00e6gtsmateriale, der kan modst\u00e5 forskellige milj\u00f8forhold. Uanset om du bruger dem p\u00e5 et kontor eller b\u00e6rer dem p\u00e5 en n\u00f8glering, er disse n\u00f8gleringe bygget til at holde.<\/p>\n<p>De <strong>ABS kabinet<\/strong> beskytter ikke kun de interne komponenter, men sikrer ogs\u00e5, at fjernbetjeningen forbliver funktionsdygtig, selv efter l\u00e6ngere tids brug. Deres kompakte st\u00f8rrelse og robuste design g\u00f8r dem modstandsdygtige over for slid, hvilket sikrer en langtidsholdbar l\u00f8sning til adgangskontrolbehov.<\/p>\n<h3><strong>3. Nem integration med RFID-systemer<\/strong><\/h3>\n<p><strong>RFID n\u00f8gleringe<\/strong> er fuldt ud kompatible med de fleste <strong>RFID-systemer<\/strong>. Uanset om du opgraderer fra traditionelle n\u00f8glekort eller installerer et helt nyt adgangskontrolsystem, integreres disse n\u00f8glebrikker problemfrit med eksisterende infrastruktur. De <strong>ISO14443A<\/strong> standarden er bredt anerkendt og bruges i forskellige industrier, hvilket sikrer kompatibilitet med l\u00e6sere og software.<\/p>\n<p>Desuden mange <strong>RFID n\u00f8gleringe<\/strong> er <strong>genskrivbar<\/strong>, hvilket giver virksomheder mulighed for at \u00e6ndre adgangsoplysninger efter behov uden at k\u00f8be nye fobs. Denne <strong>fleksibilitet<\/strong> g\u00f8r RFID n\u00f8glebrikker til en fremragende langsigtet investering for organisationer, der leder efter skalerbare adgangsl\u00f8sninger.<\/p>\n<hr \/>\n<h2><strong>Hvorfor v\u00e6lge ISO14443A RFID n\u00f8glebrikker?<\/strong><\/h2>\n<h3><strong>4. H\u00f8j frekvens for hurtigere respons<\/strong><\/h3>\n<p><strong>13,56 MHz RFID n\u00f8glebrikker<\/strong>, ligesom <strong>ISO14443A<\/strong>, tilbyder et h\u00f8jfrekvensomr\u00e5de, der giver mulighed for <strong>hurtig detektion<\/strong> og kommunikation med RFID-l\u00e6seren. Dette h\u00f8jfrekvensomr\u00e5de sikrer, at adgangen gives hurtigt og effektivt, hvilket forbedrer brugeroplevelsen.<\/p>\n<p>N\u00e5r du holder fob&#039;en t\u00e6t p\u00e5 l\u00e6seren, identificerer systemet hurtigt de legitimationsoplysninger, der er gemt i fob&#039;en, hvilket giver adgang p\u00e5 en br\u00f8kdel af et sekund. Denne hurtige responstid er is\u00e6r vigtig i omr\u00e5der med h\u00f8j trafik, hvilket sikrer, at der ikke dannes linjer, og at folk kan komme ind og ud uden forsinkelse.<\/p>\n<h3><strong>5. Alsidighed p\u00e5 tv\u00e6rs af flere applikationer<\/strong><\/h3>\n<p><strong>RFID n\u00f8gleringe<\/strong> er meget alsidige og kan bruges i en r\u00e6kke forskellige applikationer ud over blot d\u00f8rl\u00e5se. Nogle almindelige anvendelser til <strong>RFID n\u00f8gleringe<\/strong> omfatte:<\/p>\n<ul>\n<li><strong>Adgang til hotelv\u00e6relse:<\/strong> G\u00e6ster kan bruge deres fob til at l\u00e5se deres hotelv\u00e6relsesd\u00f8r op.<\/li>\n<li><strong>Sikkerhed p\u00e5 arbejdspladsen:<\/strong> Medarbejdere kan bruge fob&#039;en til at f\u00e5 adgang til kontorer, serverrum eller begr\u00e6nsede omr\u00e5der.<\/li>\n<li><strong>Betaling og identifikation:<\/strong> Bestemt <strong>RFID n\u00f8gleringe<\/strong> kan ogs\u00e5 bruges til at foretage betalinger eller til identifikation i medlemsprogrammer.<\/li>\n<\/ul>\n<p>Takket v\u00e6re deres lille st\u00f8rrelse og b\u00e6rbarhed er disse fobs en bekvem l\u00f8sning til en bred vifte af industrier.<\/p>\n<h3><strong>6. Kontaktl\u00f8s teknologi til bekvemmelighed og hygiejne<\/strong><\/h3>\n<p>I dagens verden, <strong>kontaktl\u00f8s teknologi<\/strong> har f\u00e5et betydelig opm\u00e6rksomhed p\u00e5 grund af de hygiejnem\u00e6ssige fordele, det giver. <strong>RFID n\u00f8gleringe<\/strong> er kontaktl\u00f8se, hvilket betyder, at brugere ikke beh\u00f8ver fysisk at r\u00f8re ved en l\u00e5s eller l\u00e6ser. Dette reducerer risikoen for overf\u00f8rsel af bakterier og bakterier, hvilket g\u00f8r det til et ideelt valg til milj\u00f8er som hospitaler, skoler og kontorer, hvor hygiejne er afg\u00f8rende.<\/p>\n<p>Desuden dette <strong>n\u00f8glefri adgang<\/strong> systemet tilf\u00f8jer bekvemmelighed. Brugere beh\u00f8ver ikke at s\u00f8ge efter n\u00f8gler eller huske pinkoder \u2013 de kan bare b\u00e6re deres <strong>RFID n\u00f8glebrik<\/strong> p\u00e5 deres n\u00f8glering eller i lommen, klar til brug, n\u00e5r det er n\u00f8dvendigt.<\/p>\n<p>Disse <strong>RFID n\u00f8gleringe<\/strong> operere p\u00e5 en <strong>13,56 MHz frekvens<\/strong>, hvilket g\u00f8r dem kompatible med de fleste <strong>RFID l\u00e6sere<\/strong> bruges i moderne adgangskontrolsystemer. Fobs er lavet af h\u00f8j kvalitet <strong>ABS plast<\/strong>, hvilket sikrer et holdbart og let design, der er b\u00e5de b\u00e6rbart og langtidsholdbart.<\/p>\n<hr \/>\n<h2><strong>Milj\u00f8p\u00e5virkning og b\u00e6redygtighed<\/strong><\/h2>\n<p>Som organisationer bev\u00e6ger sig hen imod <strong>kontaktl\u00f8s adgang<\/strong> og sikkerhedsl\u00f8sninger, er det vigtigt at overveje disse produkters milj\u00f8p\u00e5virkning. De <strong>ABS plast<\/strong> brugt i <strong>RFID n\u00f8gleringe<\/strong> er et meget genanvendeligt materiale. Derudover <strong>RFID-systemer<\/strong> selv bidrage til at reducere behovet for fysiske n\u00f8gler og traditionelle l\u00e5se, hvilket yderligere s\u00e6nker det samlede milj\u00f8m\u00e6ssige fodaftryk.<\/p>\n<p>Desuden mange <strong>RFID n\u00f8gleringe<\/strong> kan v\u00e6re <strong>omskrevet<\/strong>, hvilket betyder, at der ikke er behov for konstant at udskifte dem. Dette reducerer elektronisk affald, hvilket g\u00f8r dem til et b\u00e6redygtigt valg for virksomheder og enkeltpersoner, der leder efter milj\u00f8venlige l\u00f8sninger.<\/p>\n<hr \/>\n<h2><strong>Kundeanmeldelser og feedback<\/strong><\/h2>\n<p>Mange kunder s\u00e6tter pris p\u00e5 den bekvemmelighed og sikkerhed, der er <strong>RFID n\u00f8gleringe<\/strong> give. Her er en hurtig oversigt over almindelig feedback:<\/p>\n<ul>\n<li><strong>\u201cBekvem og hurtig adgang!\u201d<\/strong> \u2013 Mange brugere fremh\u00e6ver hastigheden og effektiviteten af <strong>RFID n\u00f8gleringe<\/strong>. Den hurtige responstid g\u00f8r dem til et ideelt valg til travle milj\u00f8er som kontorbygninger og hoteller.<\/li>\n<li><strong>&quot;Holdbar og p\u00e5lidelig&quot;<\/strong> \u2013 Kunderne s\u00e6tter ogs\u00e5 pris p\u00e5 <strong>holdbar konstruktion<\/strong> af fobs, hvor mange bem\u00e6rker, at de har modst\u00e5et m\u00e5neder eller \u00e5r med daglig brug.<\/li>\n<li><strong>\u201cFantastisk til hoteller\u201d<\/strong> \u2013 Hospitalitetsvirksomheder nyder brugervenligheden <strong>RFID n\u00f8gleringe<\/strong> for g\u00e6steadgang, hvilket eliminerer behovet for traditionelle v\u00e6relsesn\u00f8gler.<\/li>\n<\/ul>\n<hr \/>\n<h2><strong>Ofte stillede sp\u00f8rgsm\u00e5l<\/strong><\/h2>\n<h3><strong>1. Kan RFID n\u00f8glebrikker programmeres?<\/strong><\/h3>\n<p>Ja, mange <strong>RFID n\u00f8gleringe<\/strong> er <strong>genskrivbar<\/strong>, hvilket betyder, at du kan \u00e6ndre de data, der er gemt p\u00e5 dem, s\u00e5som adgangsoplysninger.<\/p>\n<h3><strong>2. Hvor langt kan en RFID n\u00f8glebrik sende?<\/strong><\/h3>\n<p>R\u00e6kkevidden af en <strong>RFID n\u00f8glebrik<\/strong> str\u00e6kker sig typisk fra <strong>0 til 10 cm<\/strong> afh\u00e6ngig af l\u00e6seren og milj\u00f8forhold.<\/p>\n<h3><strong>3. Er RFID n\u00f8glebrikker sikre?<\/strong><\/h3>\n<p>Ja, <strong>RFID n\u00f8gleringe<\/strong> er meget sikre. De inkluderer ofte kryptering og andre beskyttende funktioner for at forhindre uautoriseret adgang.<\/p>\n<h3><strong>4. Hvilke brancher bruger RFID n\u00f8glebrikker?<\/strong><\/h3>\n<p><strong>RFID n\u00f8gleringe<\/strong> bruges i en r\u00e6kke forskellige brancher, herunder g\u00e6stfrihed, sundhedspleje, virksomhedskontorer og endda til biln\u00f8gler.<\/p>\n<hr \/>\n<h2><strong>Konklusion: Hvorfor k\u00f8be RFID n\u00f8glebrikker?<\/strong><\/h2>\n<p>Investering i <strong>RFID n\u00f8gleringe<\/strong> giver \u00f8get sikkerhed, bekvemmelighed og holdbarhed for b\u00e5de virksomheder og enkeltpersoner. Uanset om du \u00f8nsker at str\u00f8mline din <strong>adgangskontrolsystem<\/strong>, gennemf\u00f8re <strong>n\u00f8glefri adgang<\/strong> p\u00e5 dit hotel, eller forbedre sikkerheden p\u00e5 dit kontor, <strong>RFID n\u00f8gleringe<\/strong> er en praktisk l\u00f8sning, der er b\u00e5de omkostningseffektiv og p\u00e5lidelig.<\/p>\n<p>Med deres avancerede teknologi, nem integration med <strong>RFID-systemer<\/strong>og langtidsholdbar konstruktion, <strong>RFID n\u00f8gleringe<\/strong> repr\u00e6sentere en fremtidig l\u00f8sning p\u00e5 nutidens sikkerhedsudfordringer.<\/p>\n<p>&nbsp;<\/p>","protected":false},"excerpt":{"rendered":"<p><strong>RFID n\u00f8glesender<\/strong> ABS ISO14443A tilbyder dobbeltfrekvensmuligheder (13,56MHz\/125KHz), holdbart design, programmerbart UID og avancerede sikkerhedsfunktioner som anti-kloning og krypteret kommunikation.<\/p>","protected":false},"featured_media":2861,"template":"","meta":{"_kad_post_transparent":"default","_kad_post_title":"","_kad_post_layout":"default","_kad_post_sidebar_id":"","_kad_post_content_style":"default","_kad_post_vertical_padding":"default","_kad_post_feature":"","_kad_post_feature_position":"","_kad_post_header":false,"_kad_post_footer":false,"_kad_post_classname":""},"product_brand":[],"product_cat":[54],"product_tag":[346,344,345,343,351,350],"class_list":{"0":"post-2860","1":"product","2":"type-product","3":"status-publish","4":"has-post-thumbnail","6":"product_cat-hot-selling-rfid-tags","7":"product_tag-nfc-key-tag","8":"product_tag-nfc-keychain","9":"product_tag-rfid-fob","10":"product_tag-rfid-keyfobs","11":"product_tag-rfid-keyfobs-abs","12":"product_tag-rfid-keyfobs-iso14443a","14":"first","15":"instock","16":"shipping-taxable","17":"product-type-simple","18":"entry","19":"content-bg","20":"loop-entry"},"_links":{"self":[{"href":"https:\/\/rfid-laundry-tag.com\/da\/wp-json\/wp\/v2\/product\/2860","targetHints":{"allow":["GET"]}}],"collection":[{"href":"https:\/\/rfid-laundry-tag.com\/da\/wp-json\/wp\/v2\/product"}],"about":[{"href":"https:\/\/rfid-laundry-tag.com\/da\/wp-json\/wp\/v2\/types\/product"}],"version-history":[{"count":2,"href":"https:\/\/rfid-laundry-tag.com\/da\/wp-json\/wp\/v2\/product\/2860\/revisions"}],"predecessor-version":[{"id":2863,"href":"https:\/\/rfid-laundry-tag.com\/da\/wp-json\/wp\/v2\/product\/2860\/revisions\/2863"}],"wp:featuredmedia":[{"embeddable":true,"href":"https:\/\/rfid-laundry-tag.com\/da\/wp-json\/wp\/v2\/media\/2861"}],"wp:attachment":[{"href":"https:\/\/rfid-laundry-tag.com\/da\/wp-json\/wp\/v2\/media?parent=2860"}],"wp:term":[{"taxonomy":"product_brand","embeddable":true,"href":"https:\/\/rfid-laundry-tag.com\/da\/wp-json\/wp\/v2\/product_brand?post=2860"},{"taxonomy":"product_cat","embeddable":true,"href":"https:\/\/rfid-laundry-tag.com\/da\/wp-json\/wp\/v2\/product_cat?post=2860"},{"taxonomy":"product_tag","embeddable":true,"href":"https:\/\/rfid-laundry-tag.com\/da\/wp-json\/wp\/v2\/product_tag?post=2860"}],"curies":[{"name":"wp","href":"https:\/\/api.w.org\/{rel}","templated":true}]}}