{"id":2853,"date":"2024-11-05T12:54:13","date_gmt":"2024-11-05T12:54:13","guid":{"rendered":"https:\/\/rfid-laundry-tag.com\/?post_type=product&#038;p=2853"},"modified":"2024-11-05T13:04:21","modified_gmt":"2024-11-05T13:04:21","slug":"proximity-abs-tk4100-key-fob","status":"publish","type":"product","link":"https:\/\/rfid-laundry-tag.com\/da\/vare\/proximity-abs-tk4100-key-fob\/","title":{"rendered":"N\u00e6rhed ABS TK4100 n\u00f8glebrik"},"content":{"rendered":"<h2>N\u00e6rhed ABS TK4100 n\u00f8glebrik<\/h2>\n<table class=\"has-title all magic-13\">\n<tbody>\n<tr>\n<td colspan=\"1\" rowspan=\"2\">\n<div class=\"magic-14\">materiale<\/div>\n<\/td>\n<td colspan=\"1\" rowspan=\"1\">\n<div class=\"magic-15\">Antennemateriale: Aluminiumsfolie<\/div>\n<\/td>\n<\/tr>\n<tr>\n<td colspan=\"1\" rowspan=\"1\">\n<div class=\"magic-15\">overflademateriale: ABS\/l\u00e6der\/tr\u00e6<\/div>\n<\/td>\n<\/tr>\n<tr>\n<td colspan=\"1\" rowspan=\"1\">\n<div class=\"magic-17\">st\u00f8rrelse<\/div>\n<\/td>\n<td colspan=\"1\" rowspan=\"1\">\n<div class=\"magic-15\" data-spm-anchor-id=\"a2700.details.0.i41.3c939b1b0qFtg1\">40,38*31,5mm, 35,5*28mm, 51,5*32mm., eller tilpasset<\/div>\n<\/td>\n<\/tr>\n<tr>\n<td colspan=\"1\" rowspan=\"1\">\n<div class=\"magic-17\">Tilpasset h\u00e5ndv\u00e6rk<\/div>\n<\/td>\n<td colspan=\"1\" rowspan=\"1\">\n<div class=\"magic-15\">logo Silketryk\/UID-kode, seriekode eller tilpasset<\/div>\n<\/td>\n<\/tr>\n<tr>\n<td colspan=\"1\" rowspan=\"1\">\n<div class=\"magic-17\">Driftstemperatur<\/div>\n<\/td>\n<td colspan=\"1\" rowspan=\"1\">\n<div class=\"magic-15\">-20\u00b0C~+90\u00b0C<\/div>\n<\/td>\n<\/tr>\n<tr>\n<td colspan=\"1\" rowspan=\"1\">\n<div class=\"magic-17\">indkode<\/div>\n<\/td>\n<td colspan=\"1\" rowspan=\"1\">\n<div class=\"magic-15\">skrivbar chip Tilg\u00e6ngelig<\/div>\n<\/td>\n<\/tr>\n<tr>\n<td colspan=\"1\" rowspan=\"1\">\n<div class=\"magic-17\">farvemuligheder<\/div>\n<\/td>\n<td colspan=\"1\" rowspan=\"1\">\n<div class=\"magic-15\">R\u00f8d, bl\u00e5, sort, lilla, orange, gul (kan tilpasses)<\/div>\n<\/td>\n<\/tr>\n<tr>\n<td colspan=\"1\" rowspan=\"1\">\n<div class=\"magic-17\">l\u00e6seafstand<\/div>\n<\/td>\n<td colspan=\"1\" rowspan=\"1\">\n<div class=\"magic-15\">1 ~ 10 cm (afh\u00e6ngig af l\u00e6ser)<\/div>\n<\/td>\n<\/tr>\n<tr>\n<td colspan=\"1\" rowspan=\"1\">\n<div class=\"magic-17\">applikationer<\/div>\n<\/td>\n<td colspan=\"1\" rowspan=\"1\">\n<div class=\"magic-15\" data-spm-anchor-id=\"a2700.details.0.i40.3c939b1b0qFtg1\">medlemssystem\/gymnastik\/adgangskontrol\/betaling mm.<\/div>\n<\/td>\n<\/tr>\n<\/tbody>\n<\/table>\n<p>&nbsp;<\/p>\n<p>hver <strong>N\u00e6rhed ABS TK4100 n\u00f8glebrik<\/strong> leveres forprogrammeret med et unikt ciffer ID-nummer, hvilket g\u00f8r det til et ideelt valg til brug i RFID <strong>Adgangskontrolsystemer for n\u00e6rhed<\/strong>. Disse n\u00f8gleringe er designet til at integreres problemfrit med systemer, der administrerer adgang til d\u00f8re, elektriske l\u00e5se og endda videod\u00f8rtelefoner, hvilket sikrer sikre og p\u00e5lidelige opl\u00e5sningsfunktioner.<\/p>\n<p>N\u00f8glebrikkerne er konstrueret med holdbare <strong>ABS materiale<\/strong>, tilbyder <strong>vandt\u00e6t<\/strong> beskyttelse for at sikre langvarig ydeevne i forskellige milj\u00f8er. Hver n\u00f8glebrik er fastgjort til en <strong>metal n\u00f8glering<\/strong>, hvilket g\u00f8r den nem at b\u00e6re og fastg\u00f8re til n\u00f8gleringe eller snore. Dette g\u00f8r dem bekvemme for brugerne, mens de bevarer deres funktionalitet under barske forhold.<\/p>\n<p>Disse n\u00f8glebrikker er meget brugt i <strong>adgangskontrolsystemer<\/strong>, der aktiverer funktioner s\u00e5som d\u00f8ropl\u00e5sning, adgangskodeadministration og adgangstilladelser. Det er de <strong>kompatibel med standard EM ID-adgangsenheder<\/strong> eller <strong>ID l\u00e6sere<\/strong>, hvilket g\u00f8r dem meget alsidige til forskellige adgangskontrolapplikationer.<\/p>","protected":false},"excerpt":{"rendered":"<p>De <strong>N\u00e6rhed ABS TK4100 n\u00f8glebrik<\/strong> er en yderst p\u00e5lidelig, holdbar og sikker RFID n\u00f8glebrik, der er egnet til forskellige adgangskontrolsystemer. Forprogrammeret med et unikt ID, er det meget brugt til <strong>opl\u00e5sning af d\u00f8re<\/strong>, <strong>h\u00e5ndtering af adgangskoder<\/strong>, og mere. Fremstillet af vandt\u00e6t ABS-materiale med en metaln\u00f8glering, den er ideel til b\u00e5de indend\u00f8rs og udend\u00f8rs brug.<\/p>","protected":false},"featured_media":2855,"template":"","meta":{"_kad_post_transparent":"default","_kad_post_title":"","_kad_post_layout":"default","_kad_post_sidebar_id":"","_kad_post_content_style":"default","_kad_post_vertical_padding":"default","_kad_post_feature":"","_kad_post_feature_position":"","_kad_post_header":false,"_kad_post_footer":false,"_kad_post_classname":""},"product_brand":[],"product_cat":[54],"product_tag":[348,346,349,344,345,343],"class_list":{"0":"post-2853","1":"product","2":"type-product","3":"status-publish","4":"has-post-thumbnail","6":"product_cat-hot-selling-rfid-tags","7":"product_tag-nfc-key-fobs-ntag213","8":"product_tag-nfc-key-tag","9":"product_tag-nfc-key-tags","10":"product_tag-nfc-keychain","11":"product_tag-rfid-fob","12":"product_tag-rfid-keyfobs","14":"first","15":"instock","16":"shipping-taxable","17":"product-type-simple","18":"entry","19":"content-bg","20":"loop-entry"},"_links":{"self":[{"href":"https:\/\/rfid-laundry-tag.com\/da\/wp-json\/wp\/v2\/product\/2853","targetHints":{"allow":["GET"]}}],"collection":[{"href":"https:\/\/rfid-laundry-tag.com\/da\/wp-json\/wp\/v2\/product"}],"about":[{"href":"https:\/\/rfid-laundry-tag.com\/da\/wp-json\/wp\/v2\/types\/product"}],"version-history":[{"count":2,"href":"https:\/\/rfid-laundry-tag.com\/da\/wp-json\/wp\/v2\/product\/2853\/revisions"}],"predecessor-version":[{"id":2859,"href":"https:\/\/rfid-laundry-tag.com\/da\/wp-json\/wp\/v2\/product\/2853\/revisions\/2859"}],"wp:featuredmedia":[{"embeddable":true,"href":"https:\/\/rfid-laundry-tag.com\/da\/wp-json\/wp\/v2\/media\/2855"}],"wp:attachment":[{"href":"https:\/\/rfid-laundry-tag.com\/da\/wp-json\/wp\/v2\/media?parent=2853"}],"wp:term":[{"taxonomy":"product_brand","embeddable":true,"href":"https:\/\/rfid-laundry-tag.com\/da\/wp-json\/wp\/v2\/product_brand?post=2853"},{"taxonomy":"product_cat","embeddable":true,"href":"https:\/\/rfid-laundry-tag.com\/da\/wp-json\/wp\/v2\/product_cat?post=2853"},{"taxonomy":"product_tag","embeddable":true,"href":"https:\/\/rfid-laundry-tag.com\/da\/wp-json\/wp\/v2\/product_tag?post=2853"}],"curies":[{"name":"wp","href":"https:\/\/api.w.org\/{rel}","templated":true}]}}