{"id":2850,"date":"2024-11-05T12:42:51","date_gmt":"2024-11-05T12:42:51","guid":{"rendered":"https:\/\/rfid-laundry-tag.com\/?post_type=product&#038;p=2850"},"modified":"2024-11-05T12:49:55","modified_gmt":"2024-11-05T12:49:55","slug":"nfc-key-fobs-ntag213","status":"publish","type":"product","link":"https:\/\/rfid-laundry-tag.com\/da\/vare\/nfc-key-fobs-ntag213\/","title":{"rendered":"NFC n\u00f8glebrikker Ntag213"},"content":{"rendered":"<h2>NFC n\u00f8glebrikker Ntag213<\/h2>\n<p>NFC n\u00f8glebrikker, s\u00e5som Ntag213, revolutionerer den m\u00e5de, vi interagerer med vores milj\u00f8er p\u00e5, og tilbyder sikre, kontaktl\u00f8se l\u00f8sninger til adgangskontrol, identifikation og mere. Uanset om du har brug for et n\u00f8glefrit adgangssystem til dit kontor, hotel eller personlige k\u00f8ret\u00f8j, giver Ntag213 NFC n\u00f8glebrik en problemfri og p\u00e5lidelig oplevelse. Denne produktbeskrivelse dykker ned i fordelene, funktionerne og anvendelserne af Ntag213 NFC-n\u00f8glefjernen og tilbyder omfattende detaljer til dem, der overvejer denne avancerede teknologi.<\/p>\n<hr \/>\n<h2>Produktoversigt<\/h2>\n<p>De <strong>NFC n\u00f8glebrik Ntag213<\/strong> er en h\u00f8jtydende, kontaktl\u00f8s enhed, der udnytter NFC-teknologi (n\u00e6rfeltkommunikation). Denne n\u00f8glebrik er designet til at v\u00e6re kompakt, sikker og brugervenlig og muligg\u00f8r en bred vifte af applikationer, herunder adgangskontrol, betalingssystemer og produktgodkendelse. Med fokus p\u00e5 sikkerhed, brugervenlighed og effektivitet giver Ntag213 n\u00f8glebrik overlegen funktionalitet til virksomheder, hoteller, hjem og mere.<\/p>\n<h3>Hvorfor k\u00f8be Ntag213 NFC n\u00f8glebrik?<\/h3>\n<p>Ntag213 er mere end blot en n\u00f8glebrik \u2013 det er en p\u00e5lidelig og sikker adgangsl\u00f8sning. Med en kombination af h\u00f8jkvalitetsydelse, nem integration og kompatibilitet med eksisterende systemer er det det ideelle valg for virksomheder, der \u00f8nsker at opgradere deres sikkerhedsforanstaltninger, eller enkeltpersoner, der s\u00f8ger en mere effektiv m\u00e5de at administrere deres adgang p\u00e5. Her er grunden til, at det er investeringen v\u00e6rd:<\/p>\n<ul>\n<li><strong>P\u00e5lidelig sikkerhed:<\/strong> Med indbygget kryptering og en unik identifikator (UID) sikrer denne n\u00f8glebrik sikker adgang uden risiko for duplikering eller uautoriseret brug.<\/li>\n<li><strong>Langvarig holdbarhed:<\/strong> Ntag213 NFC Key Fob er designet til daglig brug og har en lang levetid med op til 100.000 skrivecyklusser og en dataopbevaringstid p\u00e5 10 \u00e5r.<\/li>\n<li><strong>Alsidig kompatibilitet:<\/strong> Dens kompatibilitet med begge <strong>13,56 MHz RFID-systemer<\/strong> og <strong>NFC-aktiverede enheder<\/strong> g\u00f8r det til en alsidig l\u00f8sning til en r\u00e6kke applikationer.<\/li>\n<\/ul>\n<p>Lad os dykke dybere ned i n\u00f8glefunktionerne og fordelene ved Ntag213 NFC Key Fob.<\/p>\n<hr \/>\n<h2>NFC-teknologi: Rygraden i moderne sikkerhedsl\u00f8sninger<\/h2>\n<p>NFC-teknologi (Near-Field Communication) er drivkraften bag kontaktl\u00f8se adgangssystemer. <strong>Ntag213<\/strong> er et af de mest popul\u00e6re NFC-tags udviklet af <strong>NXP\u00ae Semiconductors<\/strong>, der overholder <strong>NFC Forum Type 2 Tag<\/strong> standard. Denne overensstemmelse sikrer, at enheden fungerer problemfrit med NFC-aktiverede smartphones, tablets og dedikerede NFC-l\u00e6sere.<\/p>\n<h3>S\u00f8ml\u00f8s integration med adgangskontrolsystemer<\/h3>\n<p>Om det er en <strong>hotel adgangssystem<\/strong>, <strong>kontor n\u00f8glefri adgang<\/strong>, eller et personligt adgangskontrolsystem, NFC-teknologi forenkler processen. De <strong>Ntag213 NFC n\u00f8glebrik<\/strong> er en kritisk komponent i moderne adgangsl\u00f8sninger, der tilbyder en <strong>sikker, kontaktl\u00f8s metode<\/strong> til at l\u00e5se d\u00f8re op, f\u00e5 adgang til afsp\u00e6rrede omr\u00e5der og endda foretage betalinger. Med dens intuitive n\u00e6rhedsfunktioner kan brugere l\u00e5se d\u00f8re op ved blot at holde fjernbetjeningen i n\u00e6rheden af en NFC-aktiveret l\u00e6ser.<\/p>\n<h3>\u00d8get brugervenlighed<\/h3>\n<p>NFC-teknologi eliminerer behovet for traditionelle n\u00f8gler eller fysiske kort, hvilket giver mulighed for hurtigere og mere effektiv adgang. De <strong>l\u00e6se afstand<\/strong> p\u00e5 op til 100 mm (afh\u00e6ngigt af antennens geometri) sikrer, at n\u00f8glesenderen nemt kan scannes uden behov for direkte kontakt. Denne funktion giver ekstra bekvemmelighed for b\u00e5de virksomhedsejere og brugere.<\/p>\n<hr \/>\n<h2>N\u00f8glefunktioner p\u00e5 Ntag213 NFC n\u00f8glebrik<\/h2>\n<h3>1. <strong>Indbyggede sikkerhedsfunktioner for sikker adgang<\/strong><\/h3>\n<p>Sikkerhed er en topprioritet, n\u00e5r det kommer til adgangskontrol, og <strong>Ntag213 NFC n\u00f8glebrik<\/strong> leverer netop det. Med sin <strong>unikt 7-byte UID<\/strong>, sikrer enheden, at hver n\u00f8glebrik er unik, hvilket forhindrer uautoriseret kopiering. De <strong>adgangskodebeskyttelse<\/strong> og <strong>ECC-baseret originalitetssignatur<\/strong> yderligere sikre data og sikre, at fob ikke kan manipuleres.<\/p>\n<ul>\n<li><strong>Adgangskodebeskyttelse<\/strong>: Muligheden for at konfigurere en 32-bit adgangskode sikrer, at kun autoriserede brugere kan f\u00e5 adgang til systemet.<\/li>\n<li><strong>ECC signatur<\/strong>: Den <strong>ECC-baseret originalitetssignatur<\/strong> tilbyder et ekstra lag af sikkerhed, hvilket g\u00f8r det vanskeligt for svindlere at forfalske n\u00f8glebrikken.<\/li>\n<\/ul>\n<h3>2. <strong>Brug af flere applikationer<\/strong><\/h3>\n<p>En af de v\u00e6sentligste fordele ved <strong>Ntag213 NFC n\u00f8glebrik<\/strong> er dens alsidighed. Det kan bruges til forskellige applikationer, herunder:<\/p>\n<ul>\n<li><strong>Adgangskontrol:<\/strong> Anvendes til opl\u00e5sning af d\u00f8re p\u00e5 kontorer, hoteller eller hjem.<\/li>\n<li><strong>Betalingssystemer:<\/strong> Sikre, kontaktl\u00f8se betalinger via mobil NFC-integration.<\/li>\n<li><strong>Produktgodkendelse:<\/strong> Bekr\u00e6ft \u00e6gtheden af avancerede produkter eller merchandise.<\/li>\n<li><strong>Smart annoncering:<\/strong> Forbedre out-of-home marketingkampagner ved hj\u00e6lp af NFC-tags indlejret i trykte medier.<\/li>\n<\/ul>\n<h3>3. <strong>Holdbarhed og lang levetid<\/strong><\/h3>\n<p>Med en <strong>skrive udholdenhed p\u00e5 100.000 cyklusser<\/strong> og en <strong>datalagringstid p\u00e5 10 \u00e5r<\/strong>, den <strong>Ntag213 NFC n\u00f8glebrik<\/strong> er bygget til at holde. Uanset om den bruges dagligt i et travlt kontormilj\u00f8 eller som en del af en applikation med lav trafik, kan denne n\u00f8glebrik modst\u00e5 langtidsbrug uden forringelse af ydeevnen.<\/p>\n<h3>4. <strong>Kompakt og let design<\/strong><\/h3>\n<p>Ntag213 n\u00f8glebrik er kompakt og let, hvilket g\u00f8r den nem at b\u00e6re rundt p\u00e5. Det er det <strong>kompatibel med n\u00f8gleringe<\/strong>, s\u00e5 brugerne kan vedh\u00e6fte den til deres n\u00f8gler for nem adgang. De <strong>lille fodaftryk<\/strong> g\u00f8r den ideel til applikationer, der kr\u00e6ver pladsbesparende l\u00f8sninger, s\u00e5som indlejrede tags i produktetiketter eller spilkort.<\/p>\n<hr \/>\n<h2>Milj\u00f8p\u00e5virkning og b\u00e6redygtighed<\/h2>\n<p>Da b\u00e5de virksomheder og forbrugere forts\u00e6tter med at prioritere b\u00e6redygtighed <strong>Ntag213 NFC n\u00f8glebrik<\/strong> er designet med milj\u00f8ansvar for \u00f8je. Dens <strong>lavt energiforbrug<\/strong> og langvarig holdbarhed bidrager til reduceret spild og f\u00e6rre udskiftninger over tid. Derudover, som en <strong>passiv RFID-tag<\/strong>, Ntag213 kr\u00e6ver ikke et batteri for at fungere, hvilket yderligere minimerer dets milj\u00f8m\u00e6ssige fodaftryk.<\/p>\n<hr \/>\n<h2>S\u00e5dan bruger du Ntag213 NFC n\u00f8glebrik<\/h2>\n<p>Ved hj\u00e6lp af <strong>Ntag213 NFC n\u00f8glebrik<\/strong> er enkel og ligetil:<\/p>\n<ol>\n<li><strong>Programmering<\/strong>: Brug kompatibel NFC-software eller -l\u00e6sere til at programmere n\u00f8glebrikken med de n\u00f8dvendige oplysninger, s\u00e5som adgangsoplysninger eller betalingsoplysninger.<\/li>\n<li><strong>Integration<\/strong>: Integrer fob&#039;en med et NFC-aktiveret adgangskontrolsystem eller betalingsterminal.<\/li>\n<li><strong>Aktivering<\/strong>: Hold n\u00f8glen i n\u00e6rheden af en NFC-l\u00e6ser for at f\u00e5 adgang eller gennemf\u00f8re en transaktion. De <strong>kontaktl\u00f8s<\/strong> interaktion sikrer j\u00e6vn og effektiv brug.<\/li>\n<\/ol>\n<hr \/>\n<h2>Kundeanmeldelser<\/h2>\n<p>Mange brugere har rost <strong>Ntag213 NFC n\u00f8glebrik<\/strong> for sin <strong>brugervenlighed<\/strong>, <strong>sikkerhed<\/strong>, og <strong>p\u00e5lidelighed<\/strong>. Her er et par udtalelser fra tilfredse kunder:<\/p>\n<ul>\n<li><strong>John D., kontorchef<\/strong>: \u201cNtag213 har gjort det nemmere end nogensinde f\u00f8r at f\u00e5 adgang til vores kontorbygning. Det er sikkert, nemt at bruge, og jeg beh\u00f8ver ikke l\u00e6ngere bekymre mig om mistede n\u00f8gler.&quot;<\/li>\n<li><strong>Sarah T., hotelejer<\/strong>: \u201cVi implementerede Ntag213 til vores hoteln\u00f8glesystem, og det har forbedret g\u00e6sternes tilfredshed markant. Det er hurtigt, sikkert og meget praktisk.&quot;<\/li>\n<\/ul>\n<hr \/>\n<h2>Ofte stillede sp\u00f8rgsm\u00e5l<\/h2>\n<h3>Sp\u00f8rgsm\u00e5l 1: Kan jeg selv programmere Ntag213-n\u00f8glebrikken?<\/h3>\n<p>Ja, du kan programmere Ntag213 n\u00f8glebrik ved hj\u00e6lp af kompatible NFC-l\u00e6sere og software. Dette g\u00f8r det nemt at integrere fob&#039;en med dine eksisterende systemer.<\/p>\n<h3>Q2: Hvor l\u00e6nge holder batteriet i Ntag213 n\u00f8glebrik?<\/h3>\n<p>Ntag213-n\u00f8glebrikken kr\u00e6ver ikke et batteri, da den fungerer ved hj\u00e6lp af <strong>passiv RFID-teknologi<\/strong>, der tr\u00e6kker str\u00f8m fra NFC-l\u00e6seren, n\u00e5r den er i n\u00e6rheden.<\/p>\n<h3>Q3: Hvad er l\u00e6seomr\u00e5det for Ntag213 NFC-n\u00f8glebrikken?<\/h3>\n<p>Det typiske l\u00e6seomr\u00e5de er op til 100 mm, afh\u00e6ngigt af faktorer som f.eks <strong>l\u00e6serens antennedesign<\/strong> og feltstyrke.<\/p>\n<hr \/>\n<h2>Konklusion: Hvorfor v\u00e6lge Ntag213 NFC Key Fob?<\/h2>\n<p>De <strong>Ntag213 NFC n\u00f8glebrik<\/strong> tilbyder en ideel kombination af sikkerhed, p\u00e5lidelighed og brugervenlighed. Dens <strong>kontaktl\u00f8s teknologi<\/strong>, <strong>kompakt design<\/strong>, og <strong>alsidighed til flere applikationer<\/strong> g\u00f8r det til det perfekte valg til moderne adgangskontrolsystemer, betalinger og identifikation. Uanset om du er en virksomhed, der \u00f8nsker at forbedre din sikkerhedsinfrastruktur, eller en forbruger, der s\u00f8ger en bekvem, sikker l\u00f8sning til dine personlige adgangsbehov, er Ntag213 en klog investering.<\/p>\n<p>Sikre din adgang i dag med <strong>Ntag213 NFC n\u00f8glebrik<\/strong>\u2013 fremtiden for kontaktl\u00f8s sikkerhed er her.<\/p>","protected":false},"excerpt":{"rendered":"<p><strong>Ntag213 NFC n\u00f8glebrik<\/strong> tilbyder en ideel kombination af sikkerhed, p\u00e5lidelighed og brugervenlighed. Dens <strong>kontaktl\u00f8s teknologi<\/strong>, <strong>kompakt design<\/strong>, og <strong>alsidighed til flere applikationer<\/strong> g\u00f8r det til det perfekte valg til moderne adgangskontrolsystemer, betalinger og identifikation.<\/p>","protected":false},"featured_media":2845,"template":"","meta":{"_kad_post_transparent":"default","_kad_post_title":"","_kad_post_layout":"default","_kad_post_sidebar_id":"","_kad_post_content_style":"default","_kad_post_vertical_padding":"default","_kad_post_feature":"","_kad_post_feature_position":"","_kad_post_header":false,"_kad_post_footer":false,"_kad_post_classname":""},"product_brand":[],"product_cat":[54],"product_tag":[348,346,349,344,345,343],"class_list":{"0":"post-2850","1":"product","2":"type-product","3":"status-publish","4":"has-post-thumbnail","6":"product_cat-hot-selling-rfid-tags","7":"product_tag-nfc-key-fobs-ntag213","8":"product_tag-nfc-key-tag","9":"product_tag-nfc-key-tags","10":"product_tag-nfc-keychain","11":"product_tag-rfid-fob","12":"product_tag-rfid-keyfobs","14":"first","15":"instock","16":"shipping-taxable","17":"product-type-simple","18":"entry","19":"content-bg","20":"loop-entry"},"_links":{"self":[{"href":"https:\/\/rfid-laundry-tag.com\/da\/wp-json\/wp\/v2\/product\/2850","targetHints":{"allow":["GET"]}}],"collection":[{"href":"https:\/\/rfid-laundry-tag.com\/da\/wp-json\/wp\/v2\/product"}],"about":[{"href":"https:\/\/rfid-laundry-tag.com\/da\/wp-json\/wp\/v2\/types\/product"}],"version-history":[{"count":2,"href":"https:\/\/rfid-laundry-tag.com\/da\/wp-json\/wp\/v2\/product\/2850\/revisions"}],"predecessor-version":[{"id":2852,"href":"https:\/\/rfid-laundry-tag.com\/da\/wp-json\/wp\/v2\/product\/2850\/revisions\/2852"}],"wp:featuredmedia":[{"embeddable":true,"href":"https:\/\/rfid-laundry-tag.com\/da\/wp-json\/wp\/v2\/media\/2845"}],"wp:attachment":[{"href":"https:\/\/rfid-laundry-tag.com\/da\/wp-json\/wp\/v2\/media?parent=2850"}],"wp:term":[{"taxonomy":"product_brand","embeddable":true,"href":"https:\/\/rfid-laundry-tag.com\/da\/wp-json\/wp\/v2\/product_brand?post=2850"},{"taxonomy":"product_cat","embeddable":true,"href":"https:\/\/rfid-laundry-tag.com\/da\/wp-json\/wp\/v2\/product_cat?post=2850"},{"taxonomy":"product_tag","embeddable":true,"href":"https:\/\/rfid-laundry-tag.com\/da\/wp-json\/wp\/v2\/product_tag?post=2850"}],"curies":[{"name":"wp","href":"https:\/\/api.w.org\/{rel}","templated":true}]}}