{"id":2843,"date":"2024-11-05T12:37:22","date_gmt":"2024-11-05T12:37:22","guid":{"rendered":"https:\/\/rfid-laundry-tag.com\/?post_type=product&#038;p=2843"},"modified":"2024-11-05T12:37:24","modified_gmt":"2024-11-05T12:37:24","slug":"rfid-keyfobs-mifare-s50-1k","status":"publish","type":"product","link":"https:\/\/rfid-laundry-tag.com\/da\/vare\/rfid-keyfobs-mifare-s50-1k\/","title":{"rendered":"RFID n\u00f8glesender Mifare S50 1K"},"content":{"rendered":"<h2>RFID n\u00f8glesender Mifare S50 1K<\/h2>\n<p><span class=\"AnswerParser_TextContainer__z_Iiv\" data-testid=\"youchat-text\">Den alsidige <strong>RFID n\u00f8glebrik<\/strong> repr\u00e6senterer den perfekte blanding af bekvemmelighed og sikkerhed for moderne adgangskontrolsystemer. Disse kompakte enheder er tilg\u00e6ngelige i b\u00e5de 13,56 MHz og 125 KHz frekvenser og tilbyder p\u00e5lidelig identifikation og problemfri adgangsstyring til forskellige applikationer.<\/span><\/p>\n<p>NXP<sup>\u00ae<\/sup>\u00a0har udviklet MIFARE<sup>\u00ae<\/sup>\u00a0MF1ICS50 til brug i et kontaktl\u00f8st chipkort i henhold til ISO\/IEC 14443 Type-A.<\/p>\n<p>MIFARE MF1ICS50 IC bruges i applikationer som billetsalg til offentlig transport, hvor st\u00f8rre byer har taget MIFARE til sig som deres foretrukne e-billetl\u00f8sning.<\/p>\n<p>En intelligent anti-kollisionsfunktion g\u00f8r det muligt at betjene mere end et kort i marken samtidigt. Antikollisionsalgoritmen udv\u00e6lger hvert kort individuelt og sikrer, at udf\u00f8relsen af en transaktion med et valgt kort udf\u00f8res korrekt uden datakorruption som f\u00f8lge af andre kort i feltet.<\/p>\n<p>MF1ICS50 er designet til enkel integration og brugervenlighed. Hvilket kunne tillade fuldst\u00e6ndige billettransaktioner at blive h\u00e5ndteret p\u00e5 mindre end 100 ms. S\u00e5ledes er MF1ICS50-kortbrugeren ikke tvunget til at stoppe ved l\u00e6seren, hvilket f\u00f8rer til h\u00f8j gennemstr\u00f8mning ved gates og reducerede boardingtider p\u00e5 busser. Det MIFARE produktbaserede kort kan ogs\u00e5 forblive i tegnebogen under transaktionen, selvom der er m\u00f8nter i det.<\/p>\n<h3>Funktioner af Mifare S50 1K Chip<\/h3>\n<div id=\"featuresXsp\" class=\"features-list\">\n<div class=\"features-xsp\">\n<div class=\"collapse-mobile ste-list\">\n<h3>MIFARE, RF-gr\u00e6nseflade (ISO\/IEC 14443 A)<\/h3>\n<ul class=\"boxes\">\n<li>Kontaktl\u00f8s transmission af data og forsyningsenergi (intet batteri n\u00f8dvendigt)<\/li>\n<li>Driftsafstand: Op til 100 mm (afh\u00e6ngig af antennegeometri)<\/li>\n<li>Driftsfrekvens: 13,56 MHz<\/li>\n<li>Dataoverf\u00f8rsel: 106 kbit\/s<\/li>\n<li>Dataintegritet: 16-bit CRC, paritet, bitkodning, bitt\u00e6lling<\/li>\n<li>Anti-kollision<\/li>\n<li>Typisk billettransaktion: &lt; 100 ms (inklusive backup-styring)<\/li>\n<\/ul>\n<\/div>\n<div class=\"collapse-mobile ste-list\">\n<h3>EEPROM<\/h3>\n<ul class=\"boxes\">\n<li>1 kB \u2013 4 kB, organiseret i 16 sektorer med 4 blokke p\u00e5 16 bytes hver (en blok best\u00e5r af 16 bytes)<\/li>\n<li>Brugerdefinerbare adgangsbetingelser for hver hukommelsesblok<\/li>\n<li>Dataopbevaring i 10 \u00e5r<\/li>\n<li>Skriv udholdenhed 100.000 \u2013 200.000 cyklusser<\/li>\n<\/ul>\n<\/div>\n<div class=\"collapse-mobile ste-list\">\n<h3>Sikkerhed<\/h3>\n<ul class=\"boxes\">\n<li>Gensidig tre-pass godkendelse (ISO\/IEC DIS 9798-2)<\/li>\n<li>Et individuelt s\u00e6t af to n\u00f8gler pr. sektor (pr. applikation) for at underst\u00f8tte multiapplikation med n\u00f8glehierarki<\/li>\n<li>Et unikt serienummer for hver enhed<\/li>\n<\/ul>\n<\/div>\n<div class=\"collapse-mobile ste-list\">\n<h3>Leveringsmuligheder<\/h3>\n<ul class=\"boxes\">\n<li>D\u00f8 p\u00e5 oblat<\/li>\n<li>St\u00f8d terning p\u00e5 oblat<\/li>\n<li>MOA4 eller MOA2 kontaktl\u00f8st kortmodul<\/li>\n<\/ul>\n<\/div>\n<\/div>\n<\/div>\n<h2 class=\"AnswerParser_AnswerParserH2__SIHnF\">Produktoversigt og tekniske specifikationer<\/h2>\n<p><span class=\"AnswerParser_TextContainer__z_Iiv\" data-testid=\"youchat-text\">Vores RFID n\u00f8glebrikker har:<\/span><\/p>\n<ul class=\"AnswerParser_AnswerParserUnorderedList__P_1FW\">\n<li class=\"AnswerParser_ListItem__XqLOV\" translate=\"yes\">Dobbelt frekvens muligheder: 13,56MHz<\/li>\n<li class=\"AnswerParser_ListItem__XqLOV\" translate=\"yes\">Holdbar ABS- eller l\u00e6derkonstruktion<\/li>\n<li class=\"AnswerParser_ListItem__XqLOV\" translate=\"yes\">Kompatibel med st\u00f8rre adgangskontrolsystemer<\/li>\n<li class=\"AnswerParser_ListItem__XqLOV\" translate=\"yes\">Programmerbar UID<\/li>\n<li class=\"AnswerParser_ListItem__XqLOV\" translate=\"yes\">Vandafvisende design<\/li>\n<li class=\"AnswerParser_ListItem__XqLOV\" translate=\"yes\">Signalblokerende beskyttelse<\/li>\n<\/ul>\n<h2 class=\"AnswerParser_AnswerParserH2__SIHnF\">Avancerede sikkerhedsfunktioner<\/h2>\n<p><span class=\"AnswerParser_TextContainer__z_Iiv\" data-testid=\"youchat-text\">Sikkerhed er altafg\u00f8rende i vores n\u00f8glebrikdesign:<\/span><\/p>\n<ul class=\"AnswerParser_AnswerParserUnorderedList__P_1FW\">\n<li class=\"AnswerParser_ListItem__XqLOV\" translate=\"yes\"><strong>Anti-kloningsteknologi<\/strong>: Forhindrer uautoriseret kopiering<\/li>\n<li class=\"AnswerParser_ListItem__XqLOV\" translate=\"yes\"><strong>Krypteret kommunikation<\/strong>: Sikker dataoverf\u00f8rsel<\/li>\n<li class=\"AnswerParser_ListItem__XqLOV\" translate=\"yes\"><strong>Unik identifikator<\/strong>: Hver n\u00f8glebrik har et s\u00e6rskilt UID<\/li>\n<li class=\"AnswerParser_ListItem__XqLOV\" translate=\"yes\"><strong>Signalbeskyttelse<\/strong>: Valgfri Faraday-burteknologi tilg\u00e6ngelig<\/li>\n<\/ul>\n<h2 class=\"AnswerParser_AnswerParserH2__SIHnF\">Applikationer og brugssager<\/h2>\n<p><span class=\"AnswerParser_TextContainer__z_Iiv\" data-testid=\"youchat-text\">Disse alsidige <strong>RFID n\u00f8glesender Mifare S50 1K<\/strong> excel i:<\/span><\/p>\n<ul class=\"AnswerParser_AnswerParserUnorderedList__P_1FW\">\n<li class=\"AnswerParser_ListItem__XqLOV\" translate=\"yes\">D\u00f8r adgangskontrolsystemer<\/li>\n<li class=\"AnswerParser_ListItem__XqLOV\" translate=\"yes\">Adgang til hotelv\u00e6relse<\/li>\n<li class=\"AnswerParser_ListItem__XqLOV\" translate=\"yes\">N\u00f8glefri adgang til k\u00f8ret\u00f8jer<\/li>\n<li class=\"AnswerParser_ListItem__XqLOV\" translate=\"yes\">Tidsregistrering<\/li>\n<li class=\"AnswerParser_ListItem__XqLOV\" translate=\"yes\">Betalingssystemer<\/li>\n<li class=\"AnswerParser_ListItem__XqLOV\" translate=\"yes\">Klub\/SPA medlemsadministration<\/li>\n<li class=\"AnswerParser_ListItem__XqLOV\" translate=\"yes\">Parkeringsadgangskontrol<\/li>\n<\/ul>\n<h2 class=\"AnswerParser_AnswerParserH2__SIHnF\">Design og holdbarhed<\/h2>\n<p><span class=\"AnswerParser_TextContainer__z_Iiv\" data-testid=\"youchat-text\">Vores n\u00f8glebrikker er konstrueret til lang levetid:<\/span><\/p>\n<ul class=\"AnswerParser_AnswerParserUnorderedList__P_1FW\">\n<li class=\"AnswerParser_ListItem__XqLOV\" translate=\"yes\">Slagfast ABS-hus<\/li>\n<li class=\"AnswerParser_ListItem__XqLOV\" translate=\"yes\">Valg af premium l\u00e6der muligheder<\/li>\n<li class=\"AnswerParser_ListItem__XqLOV\" translate=\"yes\">Forst\u00e6rket n\u00f8gleringsbeslag<\/li>\n<li class=\"AnswerParser_ListItem__XqLOV\" translate=\"yes\">Vejrbestandig konstruktion<\/li>\n<li class=\"AnswerParser_ListItem__XqLOV\" translate=\"yes\">F\u00e5s i flere farver<\/li>\n<\/ul>\n<h2 class=\"AnswerParser_AnswerParserH2__SIHnF\">Tabel med tekniske specifikationer<\/h2>\n<div class=\"AnswerParser_TableContainer__Erb6v\" data-testid=\"table-container\">\n<table>\n<thead>\n<tr>\n<th style=\"text-align: left;\">Feature<\/th>\n<th style=\"text-align: left;\">Specifikation<\/th>\n<\/tr>\n<\/thead>\n<tbody>\n<tr>\n<td>Frekvensindstillinger<\/td>\n<td>13,56 MHz<\/td>\n<\/tr>\n<tr>\n<td>L\u00e6s Range<\/td>\n<td>Op til 5 cm<\/td>\n<\/tr>\n<tr>\n<td>Hukommelse<\/td>\n<td>1K (Mifare S50)<\/td>\n<\/tr>\n<tr>\n<td>Materiale<\/td>\n<td>ABS eller l\u00e6der<\/td>\n<\/tr>\n<tr>\n<td>St\u00f8rrelse<\/td>\n<td>40 mm x 30 mm x 6 mm<\/td>\n<\/tr>\n<tr>\n<td>Driftstemperatur<\/td>\n<td>-20\u00b0C til +70\u00b0C<\/td>\n<\/tr>\n<\/tbody>\n<\/table>\n<\/div>\n<h2 class=\"AnswerParser_AnswerParserH2__SIHnF\">Tilpasningsmuligheder<\/h2>\n<p><span class=\"AnswerParser_TextContainer__z_Iiv\" data-testid=\"youchat-text\">Vi tilbyder omfattende tilpasning:<\/span><\/p>\n<ul class=\"AnswerParser_AnswerParserUnorderedList__P_1FW\">\n<li class=\"AnswerParser_ListItem__XqLOV\" translate=\"yes\">Logo print<\/li>\n<li class=\"AnswerParser_ListItem__XqLOV\" translate=\"yes\">Brugerdefinerede farver<\/li>\n<li class=\"AnswerParser_ListItem__XqLOV\" translate=\"yes\">Serienummerkodning<\/li>\n<li class=\"AnswerParser_ListItem__XqLOV\" translate=\"yes\">S\u00e6rlig emballage<\/li>\n<li class=\"AnswerParser_ListItem__XqLOV\" translate=\"yes\">Bulk m\u00e6ngder tilg\u00e6ngelige<\/li>\n<\/ul>\n<h3 class=\"AnswerParser_AnswerParserH3__Mpe4s\">Vigtigste fordele:<\/h3>\n<ol class=\"AnswerParser_AnswerParserOrderedList__kl_2Y\">\n<li class=\"AnswerParser_ListItem__XqLOV\" translate=\"yes\"><strong>Bekvemmelighed<\/strong>: Let at b\u00e6re og bruge<\/li>\n<li class=\"AnswerParser_ListItem__XqLOV\" translate=\"yes\"><strong>Holdbarhed<\/strong>: Bygget til at holde<\/li>\n<li class=\"AnswerParser_ListItem__XqLOV\" translate=\"yes\"><strong>Alsidighed<\/strong>: Flere applikationer<\/li>\n<li class=\"AnswerParser_ListItem__XqLOV\" translate=\"yes\"><strong>Sikkerhed<\/strong>: Avanceret kryptering<\/li>\n<li class=\"AnswerParser_ListItem__XqLOV\" translate=\"yes\"><strong>Tilpasning<\/strong>: Fleksible muligheder<\/li>\n<\/ol>\n<blockquote><p><span class=\"AnswerParser_TextContainer__z_Iiv\" data-testid=\"youchat-text\">&quot;Vores RFID n\u00f8glebrikker giver den perfekte balance mellem sikkerhed og bekvemmelighed til moderne adgangskontrolbehov.&quot;<\/span><\/p><\/blockquote>\n<h2 class=\"AnswerParser_AnswerParserH2__SIHnF\">Installation og ops\u00e6tning<\/h2>\n<p><span class=\"AnswerParser_TextContainer__z_Iiv\" data-testid=\"youchat-text\">Enkel implementeringsproces:<\/span><\/p>\n<ol class=\"AnswerParser_AnswerParserOrderedList__kl_2Y\">\n<li class=\"AnswerParser_ListItem__XqLOV\" translate=\"yes\">V\u00e6lg frekvenstype<\/li>\n<li class=\"AnswerParser_ListItem__XqLOV\" translate=\"yes\">Program unikke identifikatorer<\/li>\n<li class=\"AnswerParser_ListItem__XqLOV\" translate=\"yes\">Registrer dig med adgangskontrolsystem<\/li>\n<li class=\"AnswerParser_ListItem__XqLOV\" translate=\"yes\">Test funktionalitet<\/li>\n<li class=\"AnswerParser_ListItem__XqLOV\" translate=\"yes\">Implementer til brugere<\/li>\n<\/ol>\n<h2 class=\"AnswerParser_AnswerParserH2__SIHnF\">Bestillingsinformation<\/h2>\n<ul class=\"AnswerParser_AnswerParserUnorderedList__P_1FW\">\n<li class=\"AnswerParser_ListItem__XqLOV\" translate=\"yes\">Minimum ordre: 200 stk<\/li>\n<li class=\"AnswerParser_ListItem__XqLOV\" translate=\"yes\">Masserabatter tilg\u00e6ngelige<\/li>\n<li class=\"AnswerParser_ListItem__XqLOV\" translate=\"yes\">Pr\u00f8veordrer er velkomne<\/li>\n<li class=\"AnswerParser_ListItem__XqLOV\" translate=\"yes\">Hurtige leveringstider<\/li>\n<li class=\"AnswerParser_ListItem__XqLOV\" translate=\"yes\">Teknisk support inkluderet<\/li>\n<\/ul>\n<p><span class=\"AnswerParser_TextContainer__z_Iiv\" data-testid=\"youchat-text\">Kontakt os i dag for prisfasts\u00e6ttelse og for at diskutere, hvordan vores RFID n\u00f8glebrikker kan forbedre dit adgangskontrolsystem. Skr\u00e6ddersyede l\u00f8sninger og volumenpriser er tilg\u00e6ngelige efter anmodning.<\/span><\/p>","protected":false},"excerpt":{"rendered":"<p>RFID n\u00f8glesender Mifare S50 1K ,vores <strong>RFID n\u00f8gleringe<\/strong> tilbyder dobbeltfrekvensmuligheder (13,56MHz\/125KHz), holdbart design, programmerbar UID og avancerede sikkerhedsfunktioner som anti-kloning og krypteret kommunikation.<\/p>","protected":false},"featured_media":2844,"template":"","meta":{"_kad_post_transparent":"default","_kad_post_title":"","_kad_post_layout":"default","_kad_post_sidebar_id":"","_kad_post_content_style":"default","_kad_post_vertical_padding":"default","_kad_post_feature":"","_kad_post_feature_position":"","_kad_post_header":false,"_kad_post_footer":false,"_kad_post_classname":""},"product_brand":[],"product_cat":[54],"product_tag":[347,346,344,345,343],"class_list":{"0":"post-2843","1":"product","2":"type-product","3":"status-publish","4":"has-post-thumbnail","6":"product_cat-hot-selling-rfid-tags","7":"product_tag-mifare-key-fobs","8":"product_tag-nfc-key-tag","9":"product_tag-nfc-keychain","10":"product_tag-rfid-fob","11":"product_tag-rfid-keyfobs","13":"first","14":"instock","15":"shipping-taxable","16":"product-type-simple","17":"entry","18":"content-bg","19":"loop-entry"},"_links":{"self":[{"href":"https:\/\/rfid-laundry-tag.com\/da\/wp-json\/wp\/v2\/product\/2843","targetHints":{"allow":["GET"]}}],"collection":[{"href":"https:\/\/rfid-laundry-tag.com\/da\/wp-json\/wp\/v2\/product"}],"about":[{"href":"https:\/\/rfid-laundry-tag.com\/da\/wp-json\/wp\/v2\/types\/product"}],"version-history":[{"count":2,"href":"https:\/\/rfid-laundry-tag.com\/da\/wp-json\/wp\/v2\/product\/2843\/revisions"}],"predecessor-version":[{"id":2849,"href":"https:\/\/rfid-laundry-tag.com\/da\/wp-json\/wp\/v2\/product\/2843\/revisions\/2849"}],"wp:featuredmedia":[{"embeddable":true,"href":"https:\/\/rfid-laundry-tag.com\/da\/wp-json\/wp\/v2\/media\/2844"}],"wp:attachment":[{"href":"https:\/\/rfid-laundry-tag.com\/da\/wp-json\/wp\/v2\/media?parent=2843"}],"wp:term":[{"taxonomy":"product_brand","embeddable":true,"href":"https:\/\/rfid-laundry-tag.com\/da\/wp-json\/wp\/v2\/product_brand?post=2843"},{"taxonomy":"product_cat","embeddable":true,"href":"https:\/\/rfid-laundry-tag.com\/da\/wp-json\/wp\/v2\/product_cat?post=2843"},{"taxonomy":"product_tag","embeddable":true,"href":"https:\/\/rfid-laundry-tag.com\/da\/wp-json\/wp\/v2\/product_tag?post=2843"}],"curies":[{"name":"wp","href":"https:\/\/api.w.org\/{rel}","templated":true}]}}