{"id":2830,"date":"2024-11-04T15:27:11","date_gmt":"2024-11-04T15:27:11","guid":{"rendered":"https:\/\/rfid-laundry-tag.com\/?post_type=product&#038;p=2830"},"modified":"2024-11-04T15:36:34","modified_gmt":"2024-11-04T15:36:34","slug":"washable-laundry-rfid-tags-manufacturer","status":"publish","type":"product","link":"https:\/\/rfid-laundry-tag.com\/da\/vare\/washable-laundry-rfid-tags-manufacturer\/","title":{"rendered":"Vaskbart vaskeri RFID-tags Producent"},"content":{"rendered":"<div>\n<div class=\"auto-hide-last-sibling-br paragraph_1252f paragraph-element\">\n<h1 class=\"AnswerParser_AnswerParserH1__6UNv6\">Vaskbart vaskeri RFID-tags Producent<\/h1>\n<h1 class=\"AnswerParser_AnswerParserH1__6UNv6\">Vaskbart vaskeri RFID-tags<\/h1>\n<table width=\"637\">\n<tbody>\n<tr>\n<td width=\"328\">Varenavn:<\/td>\n<td width=\"309\">Vaskbart vaskeri RFID-tags<\/td>\n<\/tr>\n<tr>\n<td width=\"328\">RFID standard:<\/td>\n<td width=\"309\">ISO\/IEC 18000-6 TypeC (EPC Gen2)<\/td>\n<\/tr>\n<tr>\n<td width=\"328\">St\u00f8rrelse og v\u00e6gt:<\/td>\n<td width=\"309\">70\u00d715 mm, 0,6g<\/td>\n<\/tr>\n<tr>\n<td width=\"328\">Chip type:<\/td>\n<td width=\"309\">Impinj Monza 4QT,NXP U CODE 8\uff0cNXP U CODE 9<\/td>\n<\/tr>\n<tr>\n<td width=\"328\">EPC-hukommelse:<\/td>\n<td width=\"309\">128 bit<\/td>\n<\/tr>\n<tr>\n<td width=\"328\">Brugerhukommelse:<\/td>\n<td width=\"309\">512 bit<\/td>\n<\/tr>\n<tr>\n<td width=\"328\">L\u00e6seomr\u00e5de (2W ERP FCC):<\/td>\n<td width=\"309\">8m<\/td>\n<\/tr>\n<tr>\n<td width=\"328\">L\u00e6seomr\u00e5de (2W ERP ETSI):<\/td>\n<td width=\"309\">8m<\/td>\n<\/tr>\n<tr>\n<td width=\"328\">Tagging:<\/td>\n<td width=\"309\">Syning, Varmstempling kl\u00e6bemiddel<\/td>\n<\/tr>\n<tr>\n<td width=\"328\">Estimeret levetid:<\/td>\n<td width=\"309\">200 vaskecyklusser eller 3 \u00e5r, alt efter hvad der kommer f\u00f8rst<\/td>\n<\/tr>\n<tr>\n<td width=\"328\">Vaskemetode:<\/td>\n<td width=\"309\">T\u00f8jvask, Renseri<\/td>\n<\/tr>\n<tr>\n<td width=\"328\">Vandudvindingstryk:<\/td>\n<td width=\"309\">60 bar<\/td>\n<\/tr>\n<tr>\n<td width=\"328\">Vandt\u00e6thed:<\/td>\n<td width=\"309\">Vandafvisende<\/td>\n<\/tr>\n<tr>\n<td width=\"328\">Kemisk modstand:<\/td>\n<td width=\"309\">Reng\u00f8ringsmiddel, bl\u00f8dg\u00f8ringsmiddel, blegemiddel (ilt\/klor), alkali<\/td>\n<\/tr>\n<tr>\n<td width=\"328\">Fort\u00f8rring i t\u00f8rretumbler:<\/td>\n<td width=\"309\">125 \u00baC i 15-20 minutter<\/td>\n<\/tr>\n<tr>\n<td width=\"328\">Steriliseringstemperatur:<\/td>\n<td width=\"309\">135\u00b0C i 15-20 minutter<\/td>\n<\/tr>\n<tr>\n<td width=\"328\">Vasketemperatur:<\/td>\n<td width=\"309\">90\u00b0C, op til 15 min.<\/td>\n<\/tr>\n<tr>\n<td width=\"328\">Fugtighed\/temperaturdrift:<\/td>\n<td width=\"309\">-20 til 110\u00b0C, 8 til 95%RH<\/td>\n<\/tr>\n<tr>\n<td width=\"328\">Fugtighed\/temperatur-opbevaring:<\/td>\n<td width=\"309\">-40 til 110\u00b0C, 8 til 95%RH<\/td>\n<\/tr>\n<\/tbody>\n<\/table>\n<\/div>\n<div class=\"auto-hide-last-sibling-br paragraph_1252f paragraph-element\"><\/div>\n<\/div>\n<div class=\"auto-hide-last-sibling-br paragraph_1252f paragraph-element\">\n<div data-spm-anchor-id=\"a2700.details.0.i57.23b419c7xXORP0\"><span class=\"AnswerParser_TextContainer__z_Iiv\" data-testid=\"youchat-text\"><strong>RFID-m\u00e6rker, der kan vaskes<\/strong>\u00a0revolutionerer den m\u00e5de, disse organisationer sporer og administrerer deres senget\u00f8j, uniformer og andre bekl\u00e6dningsgenstande. Som en f\u00f8rende producent af disse innovative tags leverer vi h\u00f8jkvalitets, holdbare og p\u00e5lidelige l\u00f8sninger, der forbedrer driftseffektiviteten og reducerer omkostningerne.<\/span><span class=\"AnswerParser_TextContainer__z_Iiv\" data-testid=\"youchat-text\">Vores\u00a0<strong>vandt\u00e6tte vaskbare RFID-vaskem\u00e6rker<\/strong> er designet til at modst\u00e5 belastningen af industrielle vaskeprocesser, hvilket sikrer, at dine sporings- og styringssystemer forbliver effektive selv efter flere vaskecyklusser. Med en levetid p\u00e5 op til 200 vaske eller tre \u00e5r er disse tags en smart investering til enhver vaskeridrift.<\/span><\/div>\n<\/div>\n<div data-spm-anchor-id=\"a2700.details.0.i57.23b419c7xXORP0\"><\/div>\n<div class=\"auto-hide-last-sibling-br paragraph_1252f paragraph-element\">\n<h2 class=\"AnswerParser_AnswerParserH2__SIHnF\">Produktoversigt<\/h2>\n<h3 class=\"AnswerParser_AnswerParserH3__Mpe4s\">1. Hvad er RFID-tags til vaskbart vasket\u00f8j?<\/h3>\n<p><span class=\"AnswerParser_TextContainer__z_Iiv\" data-testid=\"youchat-text\">Vaskbart vasket\u00f8j RFID-tags er specialiserede tags designet til at spore tekstiler i vaskeri. De bruger RFID-teknologi til at overf\u00f8re data til RFID-l\u00e6sere, hvilket giver mulighed for automatisk sporing og styring af vasket\u00f8j. Disse tags er essentielle for industrier, der kr\u00e6ver pr\u00e6cis lagerkontrol og effektiv bekl\u00e6dningsstyring.<\/span><\/p>\n<h3 class=\"AnswerParser_AnswerParserH3__Mpe4s\">2. N\u00f8glefunktioner ved vores RFID-tags til vaskbart vasket\u00f8j<\/h3>\n<p><span class=\"AnswerParser_TextContainer__z_Iiv\" data-testid=\"youchat-text\">Vores RFID-vaskem\u00e6rker kommer med flere funktioner, der g\u00f8r dem ideelle til forskellige vaskeopgaver. De er lavet af holdbare materialer, der kan modst\u00e5 h\u00f8je temperaturer og skrappe kemikalier, hvilket sikrer lang levetid og p\u00e5lidelighed. M\u00e6rkerne er ogs\u00e5 designet til at blive syet eller kl\u00e6bet til t\u00f8j, hvilket giver fleksibilitet i, hvordan de kan bruges.<\/span><\/p>\n<h3 class=\"AnswerParser_AnswerParserH3__Mpe4s\">3. Fordele ved at bruge RFID-tags til vaskbart vasket\u00f8j<\/h3>\n<p><span class=\"AnswerParser_TextContainer__z_Iiv\" data-testid=\"youchat-text\">Implementering af RFID-vaskem\u00e6rker i dine operationer kan f\u00f8re til betydelige fordele, herunder forbedret lagern\u00f8jagtighed, reducerede arbejdsomkostninger og \u00f8get sikkerhed. Ved at automatisere sporingsprocessen kan virksomheder str\u00f8mline deres vaskeristyring og fokusere p\u00e5 at yde bedre service til deres kunder.<\/span><\/p>\n<h3 class=\"AnswerParser_AnswerParserH3__Mpe4s\">4. Tekniske specifikationer<\/h3>\n<p><span class=\"AnswerParser_TextContainer__z_Iiv\" data-testid=\"youchat-text\">Vores vandt\u00e6tte vaskbare RFID-vaskem\u00e6rker opfylder ISO\/IEC 18000-6 Type C (EPC Gen2) standarden. Her er nogle vigtige specifikationer:<\/span><\/p>\n<ul class=\"AnswerParser_AnswerParserUnorderedList__P_1FW\">\n<li class=\"AnswerParser_ListItem__XqLOV\" translate=\"yes\"><strong>St\u00f8rrelse &amp; v\u00e6gt<\/strong>: 70\u00d715 mm, 0,6g<\/li>\n<li class=\"AnswerParser_ListItem__XqLOV\" translate=\"yes\"><strong>Chip type<\/strong>: Impinj Monza 4QT, NXP U CODE 8, NXP U CODE 9<\/li>\n<li class=\"AnswerParser_ListItem__XqLOV\" translate=\"yes\"><strong>EPC hukommelse<\/strong>: 128 bit<\/li>\n<li class=\"AnswerParser_ListItem__XqLOV\" translate=\"yes\"><strong>Brugerhukommelse<\/strong>: 512 bit<\/li>\n<li class=\"AnswerParser_ListItem__XqLOV\" translate=\"yes\"><strong>L\u00e6s Range<\/strong>: Op til 8 meter<\/li>\n<li class=\"AnswerParser_ListItem__XqLOV\" translate=\"yes\"><strong>Estimeret levetid<\/strong>: 200 vaskecyklusser eller 3 \u00e5r<\/li>\n<\/ul>\n<h3 class=\"AnswerParser_AnswerParserH3__Mpe4s\">5. Brugsvejledning<\/h3>\n<p><span class=\"AnswerParser_TextContainer__z_Iiv\" data-testid=\"youchat-text\">For at sikre optimal ydeevne af dine RFID-tags til vaskbart vasket\u00f8j skal du f\u00f8lge disse brugsanvisninger:<\/span><\/p>\n<ul class=\"AnswerParser_AnswerParserUnorderedList__P_1FW\">\n<li class=\"AnswerParser_ListItem__XqLOV\" translate=\"yes\"><strong>Tagging<\/strong>: M\u00e6rker kan sys i t\u00f8j eller fastg\u00f8res ved hj\u00e6lp af varmstempling.<\/li>\n<li class=\"AnswerParser_ListItem__XqLOV\" translate=\"yes\"><strong>Vask<\/strong>: Velegnet til vaske- og renseprocesser.<\/li>\n<li class=\"AnswerParser_ListItem__XqLOV\" translate=\"yes\"><strong>Vandmodstand<\/strong>: Designet til at modst\u00e5 vandudsugningstryk p\u00e5 op til 60 bar.<\/li>\n<\/ul>\n<h3 class=\"AnswerParser_AnswerParserH3__Mpe4s\">6. Milj\u00f8p\u00e5virkning<\/h3>\n<p><span class=\"AnswerParser_TextContainer__z_Iiv\" data-testid=\"youchat-text\">Vores RFID-vaskem\u00e6rker er designet med b\u00e6redygtighed i tankerne. De er lavet af materialer, der er modstandsdygtige over for almindelige vaskekemikalier, hvilket reducerer behovet for hyppige udskiftninger. Dette mindsker ikke kun spild, men bidrager ogs\u00e5 til en mere b\u00e6redygtig vaskeridrift.<\/span><\/p>\n<h3 class=\"AnswerParser_AnswerParserH3__Mpe4s\">7. Kundeanmeldelser<\/h3>\n<p><span class=\"AnswerParser_TextContainer__z_Iiv\" data-testid=\"youchat-text\">Vores kunder har konsekvent rost vores vaskbare RFID-vaskem\u00e6rker for deres holdbarhed og effektivitet. Mange har rapporteret om v\u00e6sentlige forbedringer i deres vaskerih\u00e5ndteringsprocesser, med henvisning til reducerede tab og \u00f8get effektivitet. Her er hvad en af vores kunder havde at sige:<\/span><\/p>\n<blockquote><p><span class=\"AnswerParser_TextContainer__z_Iiv\" data-testid=\"youchat-text\">&quot;Siden vi begyndte at bruge disse RFID-tags, er vores lagern\u00f8jagtighed forbedret dramatisk. Vi kan nu spore hver bekl\u00e6dningsgenstand med lethed!&quot;<\/span><\/p><\/blockquote>\n<h3 class=\"AnswerParser_AnswerParserH3__Mpe4s\">8. Ofte stillede sp\u00f8rgsm\u00e5l<\/h3>\n<p><span class=\"AnswerParser_TextContainer__z_Iiv\" data-testid=\"youchat-text\"><strong>Q: Hvor l\u00e6nge holder RFID-vaskem\u00e6rkerne?<\/strong><br \/>\nA: Vores tags er designet til at holde op til 200 vaskecyklusser eller tre \u00e5r, alt efter hvad der kommer f\u00f8rst.<\/span><\/p>\n<p><span class=\"AnswerParser_TextContainer__z_Iiv\" data-testid=\"youchat-text\"><strong>Q: Kan disse tags modst\u00e5 h\u00f8je temperaturer?<\/strong><br \/>\nA: Ja, vores RFID-vaskem\u00e6rker kan t\u00e5le h\u00f8je temperaturer under vaske- og t\u00f8rreprocesser.<\/span><\/p>\n<p><span class=\"AnswerParser_TextContainer__z_Iiv\" data-testid=\"youchat-text\"><strong>Q: Hvordan bestiller jeg disse tags?<\/strong><br \/>\nA: Udfyld venligst foresp\u00f8rgselsformularen nedenfor, og lad os vide, hvilken type RFID-l\u00e6ser eller antenneops\u00e6tning du har brug for.<\/span><\/p>\n<h3 class=\"AnswerParser_AnswerParserH3__Mpe4s\">9. Relaterede produkter<\/h3>\n<p><span class=\"AnswerParser_TextContainer__z_Iiv\" data-testid=\"youchat-text\">Ud over vores vaskbare RFID-vaskem\u00e6rker tilbyder vi en r\u00e6kke relaterede produkter, herunder RFID-l\u00e6sere og -antenner, for at fuldende dit vaskeristyringssystem. Vores l\u00f8sninger er designet til at arbejde problemfrit sammen og give dig et omfattende sporings- og administrationssystem.<\/span><\/p>\n<h3 class=\"AnswerParser_AnswerParserH3__Mpe4s\">10. Kontakt os<\/h3>\n<p><span class=\"AnswerParser_TextContainer__z_Iiv\" data-testid=\"youchat-text\">For mere information om vores RFID-tags til vaskbart vasket\u00f8j eller for at diskutere dine specifikke behov, venligst\u00a0<strong>kontakt os<\/strong>. Vores team st\u00e5r klar til at hj\u00e6lpe dig med at finde de bedste l\u00f8sninger til din vaskeridrift.<\/span><\/p>\n<hr \/>\n<p><span class=\"AnswerParser_TextContainer__z_Iiv\" data-testid=\"youchat-text\">Ved at v\u00e6lge vores\u00a0<strong>RFID-m\u00e6rker, der kan vaskes<\/strong>, investerer du i en l\u00f8sning, der ikke kun forbedrer din operationelle effektivitet, men ogs\u00e5 bidrager til en mere b\u00e6redygtig fremtid. Med vores forpligtelse til kvalitet og kundetilfredshed kan du stole p\u00e5, at vi leverer de bedste RFID-l\u00f8sninger til dine behov for vaskeristyring. T\u00f8v ikke med at kontakte os og opdage, hvordan vores produkter kan forvandle din vaskeridrift i dag!<\/span><\/p>\n<p>&nbsp;<\/p>\n<\/div>\n<div class=\"auto-hide-last-sibling-br paragraph_1252f paragraph-element\"><\/div>","protected":false},"excerpt":{"rendered":"<p>Oplev vores <strong>Vaskbare RFID-vaskem\u00e6rker<\/strong>! Perfekt til sporing af senget\u00f8j og uniformer, holdbart, vandt\u00e6t og designet til problemfri t\u00f8jvask.<\/p>","protected":false},"featured_media":2825,"template":"","meta":{"_kad_post_transparent":"default","_kad_post_title":"","_kad_post_layout":"default","_kad_post_sidebar_id":"","_kad_post_content_style":"default","_kad_post_vertical_padding":"default","_kad_post_feature":"","_kad_post_feature_position":"","_kad_post_header":false,"_kad_post_footer":false,"_kad_post_classname":""},"product_brand":[],"product_cat":[16],"product_tag":[340,31,65,30,341],"class_list":{"0":"post-2830","1":"product","2":"type-product","3":"status-publish","4":"has-post-thumbnail","6":"product_cat-uhf-rfid-laundry-tags","7":"product_tag-rfid-chips","8":"product_tag-rfid-tag-for-linen-laundry","9":"product_tag-textile-rfid-laundry-tags","10":"product_tag-uhf-rfid-laundry-tag","11":"product_tag-washable-laundry-rfid-tags-manufacturer","13":"first","14":"instock","15":"featured","16":"shipping-taxable","17":"product-type-simple","18":"entry","19":"content-bg","20":"loop-entry"},"_links":{"self":[{"href":"https:\/\/rfid-laundry-tag.com\/da\/wp-json\/wp\/v2\/product\/2830","targetHints":{"allow":["GET"]}}],"collection":[{"href":"https:\/\/rfid-laundry-tag.com\/da\/wp-json\/wp\/v2\/product"}],"about":[{"href":"https:\/\/rfid-laundry-tag.com\/da\/wp-json\/wp\/v2\/types\/product"}],"version-history":[{"count":2,"href":"https:\/\/rfid-laundry-tag.com\/da\/wp-json\/wp\/v2\/product\/2830\/revisions"}],"predecessor-version":[{"id":2832,"href":"https:\/\/rfid-laundry-tag.com\/da\/wp-json\/wp\/v2\/product\/2830\/revisions\/2832"}],"wp:featuredmedia":[{"embeddable":true,"href":"https:\/\/rfid-laundry-tag.com\/da\/wp-json\/wp\/v2\/media\/2825"}],"wp:attachment":[{"href":"https:\/\/rfid-laundry-tag.com\/da\/wp-json\/wp\/v2\/media?parent=2830"}],"wp:term":[{"taxonomy":"product_brand","embeddable":true,"href":"https:\/\/rfid-laundry-tag.com\/da\/wp-json\/wp\/v2\/product_brand?post=2830"},{"taxonomy":"product_cat","embeddable":true,"href":"https:\/\/rfid-laundry-tag.com\/da\/wp-json\/wp\/v2\/product_cat?post=2830"},{"taxonomy":"product_tag","embeddable":true,"href":"https:\/\/rfid-laundry-tag.com\/da\/wp-json\/wp\/v2\/product_tag?post=2830"}],"curies":[{"name":"wp","href":"https:\/\/api.w.org\/{rel}","templated":true}]}}