{"id":283,"date":"2024-06-26T10:23:21","date_gmt":"2024-06-26T10:23:21","guid":{"rendered":"https:\/\/rfid-laundry-tag.com\/?post_type=product&#038;p=283"},"modified":"2024-07-16T16:23:55","modified_gmt":"2024-07-16T16:23:55","slug":"uhf-rfid-inlay","status":"publish","type":"product","link":"https:\/\/rfid-laundry-tag.com\/da\/vare\/uhf-rfid-inlay\/","title":{"rendered":"UHF RFID indl\u00e6g"},"content":{"rendered":"<div class=\"J_module\">\n<div class=\"ife-detail-decorate-table\">\n<table class=\"has-title is-zebra all magic-13\">\n<tbody>\n<tr>\n<td colspan=\"2\" rowspan=\"1\">\n<div class=\"magic-23\">\n<div class=\"magic-15\" data-spm-anchor-id=\"a2700.pc-decorate.0.i151.408c3333ouNNMP\"><span class=\"magic-24\" style=\"color: #2196ed;\"><b class=\"magic-25\" data-spm-anchor-id=\"a2700.pc-decorate.0.i28.5f51333385WVJq\">Mekanisk specifikation<\/b><\/span><\/div>\n<\/div>\n<\/td>\n<\/tr>\n<tr>\n<td colspan=\"1\" rowspan=\"1\">\n<div class=\"magic-28\">Grundmateriale<\/div>\n<\/td>\n<td colspan=\"1\" rowspan=\"1\">\n<div class=\"magic-29\">K\u00c6LEDYR<\/div>\n<\/td>\n<\/tr>\n<tr>\n<td colspan=\"1\" rowspan=\"1\">\n<div class=\"magic-28\">Liner materiale<\/div>\n<\/td>\n<td colspan=\"1\" rowspan=\"1\">\n<div class=\"magic-29\">80 g bestr\u00f8get papir<\/div>\n<\/td>\n<\/tr>\n<tr>\n<td colspan=\"1\" rowspan=\"1\">\n<div class=\"magic-28\">Bundmateriale<\/div>\n<\/td>\n<td colspan=\"1\" rowspan=\"1\">\n<div class=\"magic-29\">Slip papir<\/div>\n<\/td>\n<\/tr>\n<tr>\n<td colspan=\"1\" rowspan=\"1\">\n<div class=\"magic-28\">M\u00e6ngde<\/div>\n<\/td>\n<td colspan=\"1\" rowspan=\"1\">\n<div class=\"magic-29\">2500 stk\/rulle (kan tilpasses)<\/div>\n<\/td>\n<\/tr>\n<tr>\n<td colspan=\"1\" rowspan=\"1\">\n<div class=\"magic-28\">Spole lnner diameter<\/div>\n<\/td>\n<td colspan=\"1\" rowspan=\"1\">\n<div class=\"magic-29\">76,2 mm<\/div>\n<\/td>\n<\/tr>\n<tr>\n<td colspan=\"1\" rowspan=\"1\">\n<div class=\"magic-28\">Tag Dimensioner<\/div>\n<\/td>\n<td colspan=\"1\" rowspan=\"1\">\n<div class=\"magic-29\">98 * 15 mm<\/div>\n<\/td>\n<\/tr>\n<tr>\n<td colspan=\"1\" rowspan=\"1\">\n<div class=\"magic-28\">Antenne dimensioner<\/div>\n<\/td>\n<td colspan=\"1\" rowspan=\"1\">\n<div class=\"magic-29\">95 * 8 mm<\/div>\n<\/td>\n<\/tr>\n<tr>\n<td colspan=\"2\" rowspan=\"1\">\n<div class=\"magic-23\">\n<div class=\"magic-15\" data-spm-anchor-id=\"a2700.pc-decorate.0.i158.408c3333ouNNMP\"><span class=\"magic-24\" style=\"color: #2196ed;\"><b data-spm-anchor-id=\"a2700.pc-decorate.0.i11.562b3333nh3oh1\">Elektrisk specifikation<\/b><\/span><\/div>\n<\/div>\n<\/td>\n<\/tr>\n<tr>\n<td colspan=\"1\" rowspan=\"1\">\n<div class=\"magic-28\">Air Interface Protocol<\/div>\n<\/td>\n<td colspan=\"1\" rowspan=\"1\">\n<div class=\"magic-29\">EPC Global Class1 Gen2 ISO18000-6C<\/div>\n<\/td>\n<\/tr>\n<tr>\n<td colspan=\"1\" rowspan=\"1\">\n<div class=\"magic-28\">Frekvens<\/div>\n<\/td>\n<td colspan=\"1\" rowspan=\"1\">\n<div class=\"magic-29\">Global 860-960MHz<\/div>\n<\/td>\n<\/tr>\n<tr>\n<td colspan=\"1\" rowspan=\"1\">\n<div class=\"magic-28\">IC type<\/div>\n<\/td>\n<td colspan=\"1\" rowspan=\"1\">\n<div class=\"magic-29\">NXP UCODE-serien (tjek chipparameter)<\/div>\n<\/td>\n<\/tr>\n<tr>\n<td colspan=\"1\" rowspan=\"1\">\n<div class=\"magic-28\">lC Liv<\/div>\n<\/td>\n<td colspan=\"1\" rowspan=\"1\">\n<div class=\"magic-29\">100.000 gange<\/div>\n<\/td>\n<\/tr>\n<tr>\n<td colspan=\"1\" rowspan=\"1\">\n<div class=\"magic-28\">Dataopbevaring<\/div>\n<\/td>\n<td colspan=\"1\" rowspan=\"1\">\n<div class=\"magic-29\">10 \u00e5r<\/div>\n<\/td>\n<\/tr>\n<tr>\n<td colspan=\"1\" rowspan=\"1\">\n<div class=\"magic-28\">Anvendelsesoverflade<\/div>\n<\/td>\n<td colspan=\"1\" rowspan=\"1\">\n<div class=\"magic-29\">Ikke metal overflade<\/div>\n<\/td>\n<\/tr>\n<tr>\n<td colspan=\"1\" rowspan=\"1\">\n<div class=\"magic-28\">L\u00e6seomr\u00e5de<\/div>\n<\/td>\n<td colspan=\"1\" rowspan=\"1\">\n<div class=\"magic-29\">Ca. 12 m (amerikansk standard, h\u00e5ndholdt 1W)<\/div>\n<\/td>\n<\/tr>\n<tr>\n<td colspan=\"2\" rowspan=\"1\">\n<div class=\"magic-23\">\n<div class=\"magic-15\" data-spm-anchor-id=\"a2700.pc-decorate.0.i165.408c3333ouNNMP\"><span class=\"magic-24\" style=\"color: #2196ed;\"><b data-spm-anchor-id=\"a2700.pc-decorate.0.i24.42813333eBT2Nf\">Milj\u00f8modstand<\/b><\/span><\/div>\n<\/div>\n<\/td>\n<\/tr>\n<tr>\n<td colspan=\"1\" rowspan=\"1\">\n<div class=\"magic-28\">Driftstemperatur<\/div>\n<\/td>\n<td colspan=\"1\" rowspan=\"1\">\n<div class=\"magic-29\">-20\u2103~80\u2103<\/div>\n<\/td>\n<\/tr>\n<tr>\n<td colspan=\"1\" rowspan=\"1\">\n<div class=\"magic-28\">Opbevaringstemperatur<\/div>\n<\/td>\n<td colspan=\"1\" rowspan=\"1\">\n<div class=\"magic-29\">-20\u00b0C~100\u00b0C<\/div>\n<\/td>\n<\/tr>\n<tr>\n<td colspan=\"1\" rowspan=\"1\">\n<div class=\"magic-28\">Opbevaring Fugtighed<\/div>\n<\/td>\n<td colspan=\"1\" rowspan=\"1\">\n<div class=\"magic-29\">20~90 % relativ luftfugtighed<\/div>\n<\/td>\n<\/tr>\n<tr>\n<td colspan=\"1\" rowspan=\"1\">\n<div class=\"magic-28\">Holdbarhed<\/div>\n<\/td>\n<td colspan=\"1\" rowspan=\"1\">\n<div class=\"magic-29\">20\u00b0C~30\u00b0C, 40~60% Relateret luftfugtighed, mere end 2 \u00e5r;<\/div>\n<\/td>\n<\/tr>\n<\/tbody>\n<\/table>\n<\/div>\n<\/div>\n<div class=\"J_module\">\n<div class=\"ife-detail-decorate-table\">\n<table class=\"has-title is-zebra all magic-13\">\n<tbody>\n<tr>\n<td colspan=\"5\" rowspan=\"1\">\n<div class=\"magic-23\">\n<div class=\"magic-15\" data-spm-anchor-id=\"a2700.pc-decorate.0.i50.42813333eBT2Nf\"><b><span class=\"magic-24\" style=\"color: #2196ed;\">Chip parameter:\u00a0<\/span><span class=\"magic-24\" style=\"color: #2196ed;\">NXP UCODE<\/span><span class=\"magic-8\" style=\"color: #2196ed;\"><span class=\"magic-24\" data-spm-anchor-id=\"a2700.pc-decorate.0.i51.27d333338zw2ok\">Serie Chip<\/span><\/span><\/b><\/div>\n<\/div>\n<\/td>\n<\/tr>\n<tr>\n<td colspan=\"1\" rowspan=\"1\">\n<div class=\"magic-34\">\n<div class=\"magic-15\">Chip parameter<\/div>\n<\/div>\n<\/td>\n<td colspan=\"1\" rowspan=\"1\">\n<div class=\"magic-30\">\n<div class=\"magic-15\" data-spm-anchor-id=\"a2700.pc-decorate.0.i11.4fe73333sMMc4J\">UCODE8<\/div>\n<\/div>\n<\/td>\n<td colspan=\"1\" rowspan=\"1\">\n<div class=\"magic-31\">\n<div class=\"magic-15\" data-spm-anchor-id=\"a2700.pc-decorate.0.i12.4fe73333sMMc4J\">UCODE 9<\/div>\n<\/div>\n<\/td>\n<td colspan=\"1\" rowspan=\"1\">\n<div class=\"magic-32\">\n<div class=\"magic-15\" data-spm-anchor-id=\"0.0.0.i9.20624f05xIYcLw\">UCODE 9xe<\/div>\n<\/div>\n<\/td>\n<td colspan=\"1\" rowspan=\"1\">\n<div class=\"magic-32\">\n<div class=\"magic-15\" data-spm-anchor-id=\"0.0.0.i11.20624f05xIYcLw\">UCODE 9xm<\/div>\n<\/div>\n<\/td>\n<\/tr>\n<tr>\n<td colspan=\"1\" rowspan=\"1\">\n<div class=\"magic-34\">\n<div class=\"magic-15\">EPC<\/div>\n<\/div>\n<\/td>\n<td colspan=\"1\" rowspan=\"1\">\n<div class=\"magic-30\">\n<div class=\"magic-15\">128 bit<\/div>\n<\/div>\n<\/td>\n<td colspan=\"1\" rowspan=\"1\">\n<div class=\"magic-31\">\n<div class=\"magic-15\">96 bit<\/div>\n<\/div>\n<\/td>\n<td colspan=\"1\" rowspan=\"1\">\n<div class=\"magic-32\">\n<div class=\"magic-15\">128 bit<\/div>\n<\/div>\n<\/td>\n<td colspan=\"1\" rowspan=\"1\">\n<div class=\"magic-32\">\n<div class=\"magic-15\" data-spm-anchor-id=\"a2700.pc-decorate.0.i22.4fe73333sMMc4J\">Maksimalt 496 bit<\/div>\n<\/div>\n<\/td>\n<\/tr>\n<tr>\n<td colspan=\"1\" rowspan=\"1\">\n<div class=\"magic-34\">\n<div class=\"magic-15\">TID<\/div>\n<\/div>\n<\/td>\n<td colspan=\"1\" rowspan=\"1\">\n<div class=\"magic-30\">\n<div class=\"magic-15\">96 bit<\/div>\n<\/div>\n<\/td>\n<td colspan=\"1\" rowspan=\"1\">\n<div class=\"magic-31\">\n<div class=\"magic-15\">96 bit<\/div>\n<\/div>\n<\/td>\n<td colspan=\"1\" rowspan=\"1\">\n<div class=\"magic-32\">\n<div class=\"magic-15\">96 bit<\/div>\n<\/div>\n<\/td>\n<td colspan=\"1\" rowspan=\"1\">\n<div class=\"magic-32\">\n<div class=\"magic-15\">96 bit<\/div>\n<\/div>\n<\/td>\n<\/tr>\n<tr>\n<td colspan=\"1\" rowspan=\"1\">\n<div class=\"magic-34\">\n<div class=\"magic-15\">Brugeromr\u00e5de<\/div>\n<\/div>\n<\/td>\n<td colspan=\"1\" rowspan=\"1\">\n<div class=\"magic-30\">\n<div class=\"magic-15\">0<\/div>\n<\/div>\n<\/td>\n<td colspan=\"1\" rowspan=\"1\">\n<div class=\"magic-31\">\n<div class=\"magic-15\" data-spm-anchor-id=\"a2700.pc-decorate.0.i18.4fe73333sMMc4J\">0<\/div>\n<\/div>\n<\/td>\n<td colspan=\"1\" rowspan=\"1\">\n<div class=\"magic-32\">\n<div class=\"magic-15\" data-spm-anchor-id=\"a2700.pc-decorate.0.i20.4fe73333sMMc4J\">0<\/div>\n<\/div>\n<\/td>\n<td colspan=\"1\" rowspan=\"1\">\n<div class=\"magic-32\">\n<div class=\"magic-15\" data-spm-anchor-id=\"a2700.pc-decorate.0.i21.4fe73333sMMc4J\">Maksimalt 752 bit<\/div>\n<\/div>\n<\/td>\n<\/tr>\n<\/tbody>\n<\/table>\n<\/div>\n<div><\/div>\n<div class=\"auto-hide-last-sibling-br paragraph_9dc5f paragraph-element\">UHF RFID v\u00e5de inlay tags er alsidige v\u00e6rkt\u00f8jer med applikationer i en bred vifte af sektorer, herunder:<\/div>\n<ol class=\"auto-hide-last-sibling-br\">\n<li>\n<div class=\"auto-hide-last-sibling-br paragraph_9dc5f paragraph-element\">Lagerstyringssystemer: Disse indl\u00e6g, der er indlejret i PET- eller termiske papirklisterm\u00e6rker, kan m\u00e6rke aktiver for at give sporing og styring i realtid.<\/div>\n<\/li>\n<li>\n<div class=\"auto-hide-last-sibling-br paragraph_9dc5f paragraph-element\">Supply Chain Management: Med RFID-scannere giver disse tags, der er p\u00e5sat aktiver, realtidssporing af varer i hele forsyningsk\u00e6den, fra produktion til distribution til detailhandel, hvilket \u00f8ger gennemsigtigheden og driftseffektiviteten.<\/div>\n<\/li>\n<li>\n<div class=\"auto-hide-last-sibling-br paragraph_9dc5f paragraph-element\">Aktiv sporing: Velegnet til industrier som byggeri, fremstilling og logistik, de tillader sporing af aktiver s\u00e5som udstyr, k\u00f8ret\u00f8jer og v\u00e6rkt\u00f8jer, optimerer ressourcer og minimerer tab.<\/div>\n<\/li>\n<li>\n<div class=\"auto-hide-last-sibling-br paragraph_9dc5f paragraph-element\">Detailhandel: Disse tags, der sidder fast p\u00e5 emballagen, g\u00f8r det muligt for RFID-l\u00e6sere p\u00e5 lagre med det samme at fange data for hver vare. Integreret med et lagerstyringssystem kan disse tags hj\u00e6lpe med at forbedre lagern\u00f8jagtigheden, reducere udsolgte situationer og forbedre indk\u00f8bsoplevelsen for kunderne.<\/div>\n<\/li>\n<li>\n<div class=\"auto-hide-last-sibling-br paragraph_9dc5f paragraph-element\">Adgangskontrol: Ideel til at sikre sikker adgang i bygninger, parkeringspladser, begivenheder og forskellige indstillinger, disse tags bidrager til et effektivt og sikkert adgangsstyringssystem.<\/div>\n<\/li>\n<li>\n<div class=\"auto-hide-last-sibling-br paragraph_9dc5f paragraph-element\">Medicin og sundhedspleje: Disse tags finder ogs\u00e5 betydelig anvendelse i sporing af medicinsk udstyr, patientjournaler og medicin p\u00e5 hospitaler og sundhedsfaciliteter, hvilket f\u00f8rer til forbedret patientpleje og overlegen hospitalsstyring.<\/div>\n<\/li>\n<\/ol>\n<div class=\"auto-hide-last-sibling-br paragraph_9dc5f paragraph-element\">Sammenfattende giver UHF RFID v\u00e5de indl\u00e6g forbedret driftseffektivitet, n\u00f8jagtighed og sikkerhed i forskellige industrier og omgivelser.<\/div>\n<\/div>","protected":false},"excerpt":{"rendered":"<div class=\"auto-hide-last-sibling-br paragraph_9dc5f paragraph-element\">UHF RFID-indl\u00e6g er en type RFID-tag, der fungerer i det ultrah\u00f8je frekvensspektrum. De best\u00e5r typisk af to dele:<\/div>\n<ol class=\"auto-hide-last-sibling-br\">\n<li>Et integreret kredsl\u00f8b (ogs\u00e5 kendt som en chip), hvor data gemmes.<\/li>\n<li>En antenne, som bruges til at overf\u00f8re disse data til en RFID-l\u00e6ser.<\/li>\n<\/ol>","protected":false},"featured_media":284,"template":"","meta":{"_kad_post_transparent":"default","_kad_post_title":"","_kad_post_layout":"default","_kad_post_sidebar_id":"","_kad_post_content_style":"default","_kad_post_vertical_padding":"default","_kad_post_feature":"","_kad_post_feature_position":"","_kad_post_header":false,"_kad_post_footer":false,"_kad_post_classname":""},"product_brand":[],"product_cat":[54,189],"product_tag":[108,109],"class_list":{"0":"post-283","1":"product","2":"type-product","3":"status-publish","4":"has-post-thumbnail","6":"product_cat-hot-selling-rfid-tags","7":"product_cat-rfid-inlay","8":"product_tag-rfid-inlay","9":"product_tag-uhf-rfid-inlay","11":"first","12":"instock","13":"shipping-taxable","14":"product-type-simple","15":"entry","16":"content-bg","17":"loop-entry"},"_links":{"self":[{"href":"https:\/\/rfid-laundry-tag.com\/da\/wp-json\/wp\/v2\/product\/283","targetHints":{"allow":["GET"]}}],"collection":[{"href":"https:\/\/rfid-laundry-tag.com\/da\/wp-json\/wp\/v2\/product"}],"about":[{"href":"https:\/\/rfid-laundry-tag.com\/da\/wp-json\/wp\/v2\/types\/product"}],"version-history":[{"count":1,"href":"https:\/\/rfid-laundry-tag.com\/da\/wp-json\/wp\/v2\/product\/283\/revisions"}],"predecessor-version":[{"id":720,"href":"https:\/\/rfid-laundry-tag.com\/da\/wp-json\/wp\/v2\/product\/283\/revisions\/720"}],"wp:featuredmedia":[{"embeddable":true,"href":"https:\/\/rfid-laundry-tag.com\/da\/wp-json\/wp\/v2\/media\/284"}],"wp:attachment":[{"href":"https:\/\/rfid-laundry-tag.com\/da\/wp-json\/wp\/v2\/media?parent=283"}],"wp:term":[{"taxonomy":"product_brand","embeddable":true,"href":"https:\/\/rfid-laundry-tag.com\/da\/wp-json\/wp\/v2\/product_brand?post=283"},{"taxonomy":"product_cat","embeddable":true,"href":"https:\/\/rfid-laundry-tag.com\/da\/wp-json\/wp\/v2\/product_cat?post=283"},{"taxonomy":"product_tag","embeddable":true,"href":"https:\/\/rfid-laundry-tag.com\/da\/wp-json\/wp\/v2\/product_tag?post=283"}],"curies":[{"name":"wp","href":"https:\/\/api.w.org\/{rel}","templated":true}]}}