{"id":281,"date":"2024-06-26T09:42:03","date_gmt":"2024-06-26T09:42:03","guid":{"rendered":"https:\/\/rfid-laundry-tag.com\/?post_type=product&#038;p=281"},"modified":"2024-07-16T16:25:37","modified_gmt":"2024-07-16T16:25:37","slug":"uhf-rfid-wet-inlay","status":"publish","type":"product","link":"https:\/\/rfid-laundry-tag.com\/da\/vare\/uhf-rfid-wet-inlay\/","title":{"rendered":"UHF RFID v\u00e5d indl\u00e6g"},"content":{"rendered":"<table class=\"all magic-1\" style=\"font-family: var(--global-body-font-family);\">\n<tbody>\n<tr>\n<td colspan=\"1\" rowspan=\"1\">\n<div class=\"magic-2\" data-spm-anchor-id=\"a2700.details.0.i124.27902306LbjcO6\"><b>Produktnavn<\/b><\/div>\n<\/td>\n<td colspan=\"1\" rowspan=\"1\">\n<div class=\"magic-3\">UHF RFID v\u00e5d indl\u00e6g<\/div>\n<\/td>\n<\/tr>\n<tr>\n<td colspan=\"1\" rowspan=\"1\">\n<div class=\"magic-2\"><b data-spm-anchor-id=\"a2700.pc-decorate.0.i1.2adc3333pGXB5C\">Materiale<\/b><\/div>\n<\/td>\n<td colspan=\"1\" rowspan=\"1\">\n<div class=\"magic-3\">Coated papir, PET osv<\/div>\n<\/td>\n<\/tr>\n<tr>\n<td colspan=\"1\" rowspan=\"1\">\n<div class=\"magic-2\"><b>Chip<\/b><\/div>\n<\/td>\n<td colspan=\"1\" rowspan=\"1\">\n<div class=\"magic-3\">Alien H9<\/div>\n<\/td>\n<\/tr>\n<tr>\n<td colspan=\"1\" rowspan=\"1\">\n<div class=\"magic-2\"><b data-spm-anchor-id=\"a2700.pc-decorate.0.i7.2adc3333pGXB5C\">Farve<\/b><\/div>\n<\/td>\n<td colspan=\"1\" rowspan=\"1\">\n<div class=\"magic-3\">Hvid<\/div>\n<\/td>\n<\/tr>\n<tr>\n<td colspan=\"1\" rowspan=\"1\">\n<div class=\"magic-2\"><b>Brugerhukommelse<\/b><\/div>\n<\/td>\n<td colspan=\"1\" rowspan=\"1\">\n<div class=\"magic-3\">688 bit<\/div>\n<\/td>\n<\/tr>\n<tr>\n<td colspan=\"1\" rowspan=\"1\">\n<div class=\"magic-2\"><b>EPC hukommelse<\/b><\/div>\n<\/td>\n<td colspan=\"1\" rowspan=\"1\">\n<div class=\"magic-3\" data-spm-anchor-id=\"a2700.details.0.i125.27902306LbjcO6\">496 bit<\/div>\n<\/td>\n<\/tr>\n<tr>\n<td colspan=\"1\" rowspan=\"1\">\n<div class=\"magic-2\"><b data-spm-anchor-id=\"a2700.pc-decorate.0.i18.2adc3333pGXB5C\">Protokol<\/b><\/div>\n<\/td>\n<td colspan=\"1\" rowspan=\"1\">\n<div class=\"magic-3\">Global EPC Class1 Gen2 ISO\/IEC 18000-6C<\/div>\n<\/td>\n<\/tr>\n<tr>\n<td colspan=\"1\" rowspan=\"1\">\n<div class=\"magic-2\"><b data-spm-anchor-id=\"a2700.pc-decorate.0.i9.74c33333KAtYOv\">Frekvens<\/b><\/div>\n<\/td>\n<td colspan=\"1\" rowspan=\"1\">\n<div class=\"magic-3\">860-960 MHz<\/div>\n<\/td>\n<\/tr>\n<tr>\n<td colspan=\"1\" rowspan=\"1\">\n<div class=\"magic-2\"><b>L\u00e6sersortiment<\/b><\/div>\n<\/td>\n<td colspan=\"1\" rowspan=\"1\">\n<div class=\"magic-3\">6M\uff08Det afh\u00e6nger af milj\u00f8et og l\u00e6se-skriveafstanden\uff09<\/div>\n<\/td>\n<\/tr>\n<tr>\n<td colspan=\"1\" rowspan=\"1\">\n<div class=\"magic-2\"><b data-spm-anchor-id=\"a2700.pc-decorate.0.i17.6f873333hkY330\">Arbejdsmetode<\/b><\/div>\n<\/td>\n<td colspan=\"1\" rowspan=\"1\">\n<div class=\"magic-3\">Passiv<\/div>\n<\/td>\n<\/tr>\n<tr>\n<td colspan=\"1\" rowspan=\"1\">\n<div class=\"magic-2\"><b>Arbejder Genbrug<\/b><\/div>\n<\/td>\n<td colspan=\"1\" rowspan=\"1\">\n<div class=\"magic-3\">&gt;100000 gange<\/div>\n<\/td>\n<\/tr>\n<tr>\n<td colspan=\"1\" rowspan=\"1\">\n<div class=\"magic-2\"><b data-spm-anchor-id=\"a2700.pc-decorate.0.i51.200a3333J5VKbe\">Anvendelse<\/b><\/div>\n<\/td>\n<td colspan=\"1\" rowspan=\"1\">\n<div class=\"magic-3\">Sporbarhed mod forfalskning, dataoverf\u00f8rsel<\/div>\n<\/td>\n<\/tr>\n<\/tbody>\n<\/table>\n<div><\/div>\n<div class=\"auto-hide-last-sibling-br paragraph_9dc5f paragraph-element\">Ans\u00f8gninger, herunder men ikke begr\u00e6nset til:<\/div>\n<ol class=\"auto-hide-last-sibling-br\">\n<li>\n<div class=\"auto-hide-last-sibling-br paragraph_9dc5f paragraph-element\">Lagerstyring: Disse tags kan bruges til at holde styr p\u00e5 lagerniveauer i varehuse og detailbutikker, hvilket g\u00f8r lagerstyringsprocessen mere effektiv og n\u00f8jagtig.<\/div>\n<\/li>\n<li>\n<div class=\"auto-hide-last-sibling-br paragraph_9dc5f paragraph-element\">Supply Chain Management: Ved at m\u00e6rke varer med RFID-etiketter kan virksomheder spore varernes bev\u00e6gelse og status gennem hele forsyningsk\u00e6den, fra produktion til salg, hvilket \u00f8ger gennemsigtigheden og driftseffektiviteten.<\/div>\n<\/li>\n<li>\n<div class=\"auto-hide-last-sibling-br paragraph_9dc5f paragraph-element\">Logistikstyring: RFID-tags forenkler processen med at spore forsendelser og h\u00e5ndtere varer under transport. De giver information i realtid om varernes placering og status, hvilket reducerer fejl og forsinkelser.<\/div>\n<\/li>\n<li>\n<div class=\"auto-hide-last-sibling-br paragraph_9dc5f paragraph-element\">Kosmetik: M\u00e6rker kan bruge RFID-etiketter til \u00e6gthedsverifikation, der hj\u00e6lper med at forhindre forfalskning og sikre, at forbrugerne modtager \u00e6gte produkter.<\/div>\n<\/li>\n<li>\n<div class=\"auto-hide-last-sibling-br paragraph_9dc5f paragraph-element\">Sundhedspleje: RFID-etiketter kan spore vigtigt medicinsk udstyr, administrere farmaceutiske opg\u00f8relser og patientjournaler, hvilket giver kritiske forbedringer til patientpleje og hospitalsstyring.<\/div>\n<\/li>\n<li>\n<div class=\"auto-hide-last-sibling-br paragraph_9dc5f paragraph-element\">Bekl\u00e6dning: I modeindustrien kan RFID-etiketter administrere lagerbeholdning, bek\u00e6mpe tyveri, styre pr\u00f8verumsoplevelser og levere data til detaljeret kundeadf\u00e6rdsanalyse.<\/div>\n<\/li>\n<li>\n<div class=\"auto-hide-last-sibling-br paragraph_9dc5f paragraph-element\">Smykker: RFID-indl\u00e6g giver en effektiv m\u00e5de at spore genstande af h\u00f8j v\u00e6rdi som smykker. De kan ogs\u00e5 hj\u00e6lpe med at autentificere smykkerne og forhindre tyveri.<\/div>\n<\/li>\n<li>\n<div class=\"auto-hide-last-sibling-br paragraph_9dc5f paragraph-element\">Aktiv sporing: Virksomheder bruger RFID-tags til at spore deres aktiver, herunder udstyr, k\u00f8ret\u00f8jer og andre v\u00e6rdifulde genstande, hvilket minimerer tab og forbedrer den overordnede aktivstyring.<\/div>\n<\/li>\n<\/ol>\n<div class=\"auto-hide-last-sibling-br paragraph_9dc5f paragraph-element\">Sammenfattende bidrager UHF RFID-indl\u00e6g og RFID UHF-etiketter v\u00e6sentligt til at forbedre operationel effektivitet, n\u00f8jagtighed og sikkerhed i forskellige industrier.<\/div>","protected":false},"excerpt":{"rendered":"<p>UHF RFID-indl\u00e6g og RFID UHF-etiketter spiller faktisk en afg\u00f8rende rolle i flere industrier p\u00e5 grund af deres robuste ydeevne og omfattende anvendelse<\/p>","protected":false},"featured_media":282,"template":"","meta":{"_kad_post_transparent":"default","_kad_post_title":"","_kad_post_layout":"default","_kad_post_sidebar_id":"","_kad_post_content_style":"default","_kad_post_vertical_padding":"default","_kad_post_feature":"","_kad_post_feature_position":"","_kad_post_header":false,"_kad_post_footer":false,"_kad_post_classname":""},"product_brand":[],"product_cat":[54,189],"product_tag":[108,107],"class_list":{"0":"post-281","1":"product","2":"type-product","3":"status-publish","4":"has-post-thumbnail","6":"product_cat-hot-selling-rfid-tags","7":"product_cat-rfid-inlay","8":"product_tag-rfid-inlay","9":"product_tag-uhf-rfid-wet-inlay","11":"first","12":"instock","13":"shipping-taxable","14":"product-type-simple","15":"entry","16":"content-bg","17":"loop-entry"},"_links":{"self":[{"href":"https:\/\/rfid-laundry-tag.com\/da\/wp-json\/wp\/v2\/product\/281","targetHints":{"allow":["GET"]}}],"collection":[{"href":"https:\/\/rfid-laundry-tag.com\/da\/wp-json\/wp\/v2\/product"}],"about":[{"href":"https:\/\/rfid-laundry-tag.com\/da\/wp-json\/wp\/v2\/types\/product"}],"version-history":[{"count":1,"href":"https:\/\/rfid-laundry-tag.com\/da\/wp-json\/wp\/v2\/product\/281\/revisions"}],"predecessor-version":[{"id":721,"href":"https:\/\/rfid-laundry-tag.com\/da\/wp-json\/wp\/v2\/product\/281\/revisions\/721"}],"wp:featuredmedia":[{"embeddable":true,"href":"https:\/\/rfid-laundry-tag.com\/da\/wp-json\/wp\/v2\/media\/282"}],"wp:attachment":[{"href":"https:\/\/rfid-laundry-tag.com\/da\/wp-json\/wp\/v2\/media?parent=281"}],"wp:term":[{"taxonomy":"product_brand","embeddable":true,"href":"https:\/\/rfid-laundry-tag.com\/da\/wp-json\/wp\/v2\/product_brand?post=281"},{"taxonomy":"product_cat","embeddable":true,"href":"https:\/\/rfid-laundry-tag.com\/da\/wp-json\/wp\/v2\/product_cat?post=281"},{"taxonomy":"product_tag","embeddable":true,"href":"https:\/\/rfid-laundry-tag.com\/da\/wp-json\/wp\/v2\/product_tag?post=281"}],"curies":[{"name":"wp","href":"https:\/\/api.w.org\/{rel}","templated":true}]}}