{"id":2792,"date":"2024-10-29T11:28:05","date_gmt":"2024-10-29T11:28:05","guid":{"rendered":"https:\/\/rfid-laundry-tag.com\/?post_type=product&#038;p=2792"},"modified":"2024-10-29T13:03:05","modified_gmt":"2024-10-29T13:03:05","slug":"fdx-b-134-2khz-rfid-animal-id-glass-tag-syringe-transponder","status":"publish","type":"product","link":"https:\/\/rfid-laundry-tag.com\/da\/vare\/fdx-b-134-2khz-rfid-animal-id-glass-tag-syringe-transponder\/","title":{"rendered":"FDX-B 134,2khz RFID dyre-ID glasm\u00e6rke spr\u00f8jtetransponder"},"content":{"rendered":"<h2>FDX-B 134,2khz RFID dyre-ID glasm\u00e6rke spr\u00f8jtetransponder<\/h2>\n<p><span class=\"AnswerParser_TextContainer__z_Iiv\" data-testid=\"youchat-text\"><strong>FDX-B 134,2 kHz RFID dyre-ID glasm\u00e6rke spr\u00f8jtetransponder<\/strong>\u00a0er en banebrydende l\u00f8sning til identifikation og h\u00e5ndtering af dyr. Dette RFID-glasm\u00e6rke er designet specielt til k\u00e6ledyr og husdyr og sikrer n\u00f8jagtig sporing og identifikation, hvilket g\u00f8r det til et vigtigt v\u00e6rkt\u00f8j for b\u00e5de dyrl\u00e6ger, opdr\u00e6ttere og k\u00e6ledyrsejere. Med dets robuste funktioner og p\u00e5lidelige ydeevne er dette produkt v\u00e6rd at investere i for alle, der er involveret i dyrepleje og -forvaltning.<\/span><\/p>\n<h2 class=\"AnswerParser_AnswerParserH2__SIHnF\">Hvorfor v\u00e6lge FDX-B 134,2 kHz RFID Animal ID Glas Tag?<\/h2>\n<p><span class=\"AnswerParser_TextContainer__z_Iiv\" data-testid=\"youchat-text\">FDX-B RFID-glasm\u00e6rket er ikke bare et simpelt identifikationsv\u00e6rkt\u00f8j; det giver adskillige fordele, der forbedrer dyreforvaltningen. Dens\u00a0<strong>bioglas<\/strong>\u00a0konstruktion sikrer holdbarhed og biokompatibilitet, hvilket g\u00f8r det sikkert til implantation. Tagget fungerer med en frekvens p\u00e5\u00a0<strong>134,2 kHz<\/strong>, som er i overensstemmelse med internationale standarder (ISO11784\/785, ISO14443A), hvilket sikrer p\u00e5lidelig ydeevne p\u00e5 tv\u00e6rs af forskellige applikationer. Derudover\u00a0<strong>100% sterilisering i medicinsk kvalitet<\/strong>\u00a0garanterer, at m\u00e6rket er sikkert at bruge til dyr, hvilket minimerer risikoen for infektion eller komplikationer efter implantation.<\/span><\/p>\n<h3 class=\"AnswerParser_AnswerParserH3__Mpe4s\">Produktoversigt<\/h3>\n<h4 class=\"AnswerParser_AnswerParserH4__ghxg8\">1. Produktegenskaber<\/h4>\n<p><span class=\"AnswerParser_TextContainer__z_Iiv\" data-testid=\"youchat-text\">FDX-B RFID glasm\u00e6rket kommer i forskellige st\u00f8rrelser, bl.a\u00a0<strong>1,25*7 mm<\/strong>,\u00a0<strong>1,4*8 mm<\/strong>,\u00a0<strong>2*8 mm<\/strong>,\u00a0<strong>2*12 mm<\/strong>, og\u00a0<strong>3*15 mm<\/strong>. Dette sortiment giver mulighed for fleksibilitet i anvendelsen og passer til forskellige dyrest\u00f8rrelser fra sm\u00e5 k\u00e6ledyr til st\u00f8rre husdyr. Taggets\u00a0<strong>anti-bakteriel, anti-allergi og anti-afst\u00f8dning<\/strong>\u00a0funktioner sikrer, at det er sikkert for alle typer dyr, hvilket giver ro i sindet for k\u00e6ledyrsejere og dyrl\u00e6ger.<\/span><\/p>\n<h4 class=\"AnswerParser_AnswerParserH4__ghxg8\">2. Tekniske specifikationer<\/h4>\n<table class=\"hight-light-first-column all magic-18\">\n<tbody>\n<tr>\n<td colspan=\"1\" rowspan=\"1\">\n<div class=\"magic-19\">Punkt<\/div>\n<\/td>\n<td colspan=\"1\" rowspan=\"1\">\n<div class=\"magic-20\">RFID glas tag<\/div>\n<\/td>\n<\/tr>\n<tr>\n<td colspan=\"1\" rowspan=\"1\">\n<div class=\"magic-19\">Materiale<\/div>\n<\/td>\n<td colspan=\"1\" rowspan=\"1\">\n<div class=\"magic-20\">Bioglas<\/div>\n<\/td>\n<\/tr>\n<tr>\n<td colspan=\"1\" rowspan=\"1\">\n<div class=\"magic-19\">Tilg\u00e6ngelig st\u00f8rrelse<\/div>\n<\/td>\n<td colspan=\"1\" rowspan=\"1\">\n<div class=\"magic-20\">1,25*7mm, 1,4*8mm, 2*8mm, 2*12mm, 3*15mm osv.<\/div>\n<\/td>\n<\/tr>\n<tr>\n<td colspan=\"1\" rowspan=\"1\">\n<div class=\"magic-19\">Arbejdsfrekvens<\/div>\n<\/td>\n<td colspan=\"1\" rowspan=\"1\">\n<div class=\"magic-20\" data-spm-anchor-id=\"a2700.details.0.i46.2ffc6c8dJHsoYV\">134,2KHz, 125Khz, 13,56MHz<\/div>\n<\/td>\n<\/tr>\n<tr>\n<td colspan=\"1\" rowspan=\"1\">\n<div class=\"magic-19\">Protokal<\/div>\n<\/td>\n<td colspan=\"1\" rowspan=\"1\">\n<div class=\"magic-20\">ISO11784\/785, IS014443A<\/div>\n<\/td>\n<\/tr>\n<tr>\n<td colspan=\"1\" rowspan=\"1\">\n<div class=\"magic-19\">Kunsth\u00e5ndv\u00e6rk<\/div>\n<\/td>\n<td colspan=\"1\" rowspan=\"1\">\n<div class=\"magic-20\">ID nummer programmering<\/div>\n<\/td>\n<\/tr>\n<tr>\n<td colspan=\"1\" rowspan=\"1\">\n<div class=\"magic-19\">Sterilisering<\/div>\n<\/td>\n<td colspan=\"1\" rowspan=\"1\">\n<div class=\"magic-20\">100% Sterilisering i medicinsk kvalitet<\/div>\n<\/td>\n<\/tr>\n<tr>\n<td colspan=\"1\" rowspan=\"1\">\n<div class=\"magic-19\">Chip funktion<\/div>\n<\/td>\n<td colspan=\"1\" rowspan=\"1\">\n<div class=\"magic-20\">Anti-bakteriel, Anti-allergi, Anti-afst\u00f8dning<\/div>\n<\/td>\n<\/tr>\n<tr>\n<td colspan=\"1\" rowspan=\"1\">\n<div class=\"magic-19\">Anvendelse<\/div>\n<\/td>\n<td colspan=\"1\" rowspan=\"1\">\n<div class=\"magic-20\" data-spm-anchor-id=\"a2700.details.0.i45.2ffc6c8dJHsoYV\">H\u00e5ndtering af k\u00e6ledyr osv<\/div>\n<\/td>\n<\/tr>\n<\/tbody>\n<\/table>\n<p><span class=\"AnswerParser_TextContainer__z_Iiv\" data-testid=\"youchat-text\">Disse specifikationer fremh\u00e6ver m\u00e6rkets alsidighed og p\u00e5lidelighed, hvilket g\u00f8r det velegnet til forskellige dyreidentifikationsbehov.<\/span><\/p>\n<h4 class=\"AnswerParser_AnswerParserH4__ghxg8\">3. Brugsvejledning<\/h4>\n<p><span class=\"AnswerParser_TextContainer__z_Iiv\" data-testid=\"youchat-text\">FDX-B RFID-glasm\u00e6rket er designet til nem implantation ved hj\u00e6lp af en specialiseret spr\u00f8jte. Processen er ligetil:<\/span><\/p>\n<ol class=\"AnswerParser_AnswerParserOrderedList__kl_2Y\">\n<li class=\"AnswerParser_ListItem__XqLOV\" translate=\"yes\"><strong>Klarg\u00f8r spr\u00f8jten<\/strong>\u00a0med RFID-glasm\u00e6rket.<\/li>\n<li class=\"AnswerParser_ListItem__XqLOV\" translate=\"yes\"><strong>Find implantationsstedet<\/strong>\u00a0p\u00e5 dyret, typisk mellem skulderbladene.<\/li>\n<li class=\"AnswerParser_ListItem__XqLOV\" translate=\"yes\"><strong>Injicer m\u00e6rket<\/strong>\u00a0ved hj\u00e6lp af spr\u00f8jten, og s\u00f8rg for, at den er placeret under huden.<\/li>\n<\/ol>\n<p><span class=\"AnswerParser_TextContainer__z_Iiv\" data-testid=\"youchat-text\">Denne enkle procedure giver mulighed for hurtig og effektiv m\u00e6rkning af dyr, hvilket minimerer stress for b\u00e5de dyret og f\u00f8reren.<\/span><\/p>\n<h4 class=\"AnswerParser_AnswerParserH4__ghxg8\">4. Milj\u00f8p\u00e5virkning<\/h4>\n<p><span class=\"AnswerParser_TextContainer__z_Iiv\" data-testid=\"youchat-text\">FDX-B RFID-glasm\u00e6rket er designet med b\u00e6redygtighed i tankerne. Bioglasmaterialet er milj\u00f8venligt og kan bortskaffes sikkert uden at skade \u00f8kosystemet. Derudover overholder fremstillingsprocessen strenge milj\u00f8standarder, hvilket sikrer minimalt spild og energiforbrug.<\/span><\/p>\n<h4 class=\"AnswerParser_AnswerParserH4__ghxg8\">5. Kundeanmeldelser<\/h4>\n<p><span class=\"AnswerParser_TextContainer__z_Iiv\" data-testid=\"youchat-text\">Kunder har rost FDX-B RFID-glasm\u00e6rket for dets p\u00e5lidelighed og brugervenlighed. Mange dyrl\u00e6ger rapporterer, at m\u00e6rkerne markant har forbedret deres evne til at spore og styre dyr, hvilket har f\u00f8rt til bedre sundhedsresultater. K\u00e6ledyrsejere v\u00e6rds\u00e6tter den ro i sindet, der f\u00f8lger med at vide, at deres k\u00e6ledyr let kan identificeres, hvis de farer vild.<\/span><\/p>\n<h4 class=\"AnswerParser_AnswerParserH4__ghxg8\">6. Ofte stillede sp\u00f8rgsm\u00e5l<\/h4>\n<p><span class=\"AnswerParser_TextContainer__z_Iiv\" data-testid=\"youchat-text\"><strong>Q: Hvor l\u00e6nge holder RFID-tagget, n\u00e5r det er implanteret?<\/strong><br \/>\nA: FDX-B RFID-glasm\u00e6rket er designet til at holde i hele dyrets levetid, hvilket giver permanent identifikation.<\/span><span class=\"AnswerParser_TextContainer__z_Iiv\" data-testid=\"youchat-text\"><strong>Sp\u00f8rgsm\u00e5l: Er implantationsprocessen smertefuld for dyret?<\/strong><br \/>\nA: Implantationsprocessen er hurtig og minimalt invasiv og for\u00e5rsager kun let ubehag, svarende til en vaccination.<\/span><span class=\"AnswerParser_TextContainer__z_Iiv\" data-testid=\"youchat-text\"><strong>Sp: Kan m\u00e6rket l\u00e6ses p\u00e5 afstand?<\/strong><br \/>\nA: Ja, tagget kan l\u00e6ses fra en afstand p\u00e5 flere centimeter, afh\u00e6ngigt af den anvendte l\u00e6ser.<\/span><\/p>\n<h4 class=\"AnswerParser_AnswerParserH4__ghxg8\">7. Relaterede produkter<\/h4>\n<p><span class=\"AnswerParser_TextContainer__z_Iiv\" data-testid=\"youchat-text\">Ud over FDX-B RFID-glasm\u00e6rket tilbyder vi en r\u00e6kke relaterede produkter, herunder RFID-l\u00e6sere og softwarel\u00f8sninger til dyreforvaltning. Disse produkter kan forbedre dine sporingsmuligheder og str\u00f8mline din drift.<\/span><\/p>\n<h4 class=\"AnswerParser_AnswerParserH4__ghxg8\">8. Kvalitetssikring<\/h4>\n<p><span class=\"AnswerParser_TextContainer__z_Iiv\" data-testid=\"youchat-text\">FDX-B RFID-glasm\u00e6rket er fremstillet under strenge kvalitetskontrolforanstaltninger, hvilket sikrer ensartet kvalitet og ydeevne. Det er akkrediteret af forskellige internationale standarder, herunder ISO 9001, ISO 14001 og ISO 45001, hvilket giver sikkerhed for dets p\u00e5lidelighed og sikkerhed.<\/span><\/p>\n<h4 class=\"AnswerParser_AnswerParserH4__ghxg8\">9. Konklusion<\/h4>\n<p><span class=\"AnswerParser_TextContainer__z_Iiv\" data-testid=\"youchat-text\">Investering i\u00a0<strong>FDX-B 134,2 kHz RFID dyre-ID glasm\u00e6rke spr\u00f8jtetransponder<\/strong>\u00a0er et smart valg for alle, der er involveret i dyrepleje. Dens avancerede funktioner, brugervenlighed og engagement i sikkerhed g\u00f8r det til et uvurderligt v\u00e6rkt\u00f8j til effektiv dyreforvaltning. Uanset om du er dyrl\u00e6ge, opdr\u00e6tter eller k\u00e6ledyrsejer, vil dette RFID-glasm\u00e6rke forbedre din evne til at spore og identificere dyr effektivt.<\/span><\/p>\n<h4 class=\"AnswerParser_AnswerParserH4__ghxg8\">10. Opfordring til handling<\/h4>\n<p><span class=\"AnswerParser_TextContainer__z_Iiv\" data-testid=\"youchat-text\">Klar til at forbedre din dyreforvaltningspraksis?\u00a0<strong>Kontakt os i dag<\/strong>\u00a0for at l\u00e6re mere om FDX-B RFID-glasm\u00e6rket og udforske vores udvalg af RFID-l\u00f8sninger. Udfyld vores foresp\u00f8rgselsformular for en gratis pr\u00f8ve eller for at diskutere dine specifikke behov med vores eksperter!<\/span><\/p>","protected":false},"excerpt":{"rendered":"<p>FDX-B 134,2 kHz RFID-dyre-ID-glasm\u00e6rke-spr\u00f8jtetransponder er en banebrydende l\u00f8sning til identifikation og h\u00e5ndtering af dyr.<\/p>","protected":false},"featured_media":2793,"template":"","meta":{"_kad_post_transparent":"default","_kad_post_title":"","_kad_post_layout":"default","_kad_post_sidebar_id":"","_kad_post_content_style":"default","_kad_post_vertical_padding":"default","_kad_post_feature":"","_kad_post_feature_position":"","_kad_post_header":false,"_kad_post_footer":false,"_kad_post_classname":""},"product_brand":[],"product_cat":[54],"product_tag":[327,330,329,328],"class_list":{"0":"post-2792","1":"product","2":"type-product","3":"status-publish","4":"has-post-thumbnail","6":"product_cat-hot-selling-rfid-tags","7":"product_tag-fdx-b-134-2khz-rfid-animal-tag","8":"product_tag-rfid-animal-id-glass-tag-syringe","9":"product_tag-rfid-glass-tag-syringe-animal-microchip","10":"product_tag-rfid-pet-microchip-implant-capsule","12":"first","13":"instock","14":"shipping-taxable","15":"product-type-simple","16":"entry","17":"content-bg","18":"loop-entry"},"_links":{"self":[{"href":"https:\/\/rfid-laundry-tag.com\/da\/wp-json\/wp\/v2\/product\/2792","targetHints":{"allow":["GET"]}}],"collection":[{"href":"https:\/\/rfid-laundry-tag.com\/da\/wp-json\/wp\/v2\/product"}],"about":[{"href":"https:\/\/rfid-laundry-tag.com\/da\/wp-json\/wp\/v2\/types\/product"}],"version-history":[{"count":2,"href":"https:\/\/rfid-laundry-tag.com\/da\/wp-json\/wp\/v2\/product\/2792\/revisions"}],"predecessor-version":[{"id":2797,"href":"https:\/\/rfid-laundry-tag.com\/da\/wp-json\/wp\/v2\/product\/2792\/revisions\/2797"}],"wp:featuredmedia":[{"embeddable":true,"href":"https:\/\/rfid-laundry-tag.com\/da\/wp-json\/wp\/v2\/media\/2793"}],"wp:attachment":[{"href":"https:\/\/rfid-laundry-tag.com\/da\/wp-json\/wp\/v2\/media?parent=2792"}],"wp:term":[{"taxonomy":"product_brand","embeddable":true,"href":"https:\/\/rfid-laundry-tag.com\/da\/wp-json\/wp\/v2\/product_brand?post=2792"},{"taxonomy":"product_cat","embeddable":true,"href":"https:\/\/rfid-laundry-tag.com\/da\/wp-json\/wp\/v2\/product_cat?post=2792"},{"taxonomy":"product_tag","embeddable":true,"href":"https:\/\/rfid-laundry-tag.com\/da\/wp-json\/wp\/v2\/product_tag?post=2792"}],"curies":[{"name":"wp","href":"https:\/\/api.w.org\/{rel}","templated":true}]}}