{"id":2790,"date":"2024-10-29T10:34:39","date_gmt":"2024-10-29T10:34:39","guid":{"rendered":"https:\/\/rfid-laundry-tag.com\/?post_type=product&#038;p=2790"},"modified":"2024-10-29T10:49:45","modified_gmt":"2024-10-29T10:49:45","slug":"rfid-pet-microchip-implant-capsule","status":"publish","type":"product","link":"https:\/\/rfid-laundry-tag.com\/da\/vare\/rfid-pet-microchip-implant-capsule\/","title":{"rendered":"RFID Pet Microchip Implant Capsule"},"content":{"rendered":"<p><span class=\"AnswerParser_TextContainer__z_Iiv\" data-testid=\"youchat-text\"><strong>RFID Pet Microchip Implant Capsule<\/strong>\u00a0tilbyder en p\u00e5lidelig og effektiv l\u00f8sning til k\u00e6ledyrsejere, der \u00f8nsker at holde styr p\u00e5 deres dyr. Dette innovative produkt er designet til at give en permanent identifikationsmetode, der er b\u00e5de sikker og effektiv. Med sin avancerede teknologi og materialer af medicinsk kvalitet er denne mikrochip et must-have for ansvarligt k\u00e6ledyrsejerskab.<\/span><\/p>\n<h2 class=\"AnswerParser_AnswerParserH2__SIHnF\">Hvorfor v\u00e6lge RFID Pet Microchip Implant Capsule?<\/h2>\n<p><span class=\"AnswerParser_TextContainer__z_Iiv\" data-testid=\"youchat-text\">RFID Pet Microchip Implant Capsule er ikke kun et produkt; det er en forpligtelse til dit k\u00e6ledyrs sikkerhed. Ved at implantere denne mikrochip sikrer du, at dit k\u00e6ledyr nemt kan identificeres, hvis det nogensinde bliver v\u00e6k. Mikrochippen er lille, holdbar og lavet af\u00a0<strong>bioglas<\/strong>, hvilket g\u00f8r det sikkert for implantation. Med en r\u00e6kke tilg\u00e6ngelige st\u00f8rrelser, bl.a\u00a0<strong>1,25*7 mm<\/strong>,\u00a0<strong>2*12 mm<\/strong>, og mere, det kan bruges til k\u00e6ledyr i alle st\u00f8rrelser, fra sm\u00e5 fisk til store hunde.<\/span><\/p>\n<h3 class=\"AnswerParser_AnswerParserH3__Mpe4s\">Vigtigste fordele:<\/h3>\n<ul class=\"AnswerParser_AnswerParserUnorderedList__P_1FW\">\n<li class=\"AnswerParser_ListItem__XqLOV\" translate=\"yes\"><strong>Permanent identifikation<\/strong>: I mods\u00e6tning til halsb\u00e5nd eller tags kan mikrochippen ikke mistes eller fjernes.<\/li>\n<li class=\"AnswerParser_ListItem__XqLOV\" translate=\"yes\"><strong>Sterilisering af medicinsk kvalitet<\/strong>: Hver kapsel gennemg\u00e5r\u00a0<strong>100% sterilisering i medicinsk kvalitet<\/strong>, der sikrer sikkerhed under implantation.<\/li>\n<li class=\"AnswerParser_ListItem__XqLOV\" translate=\"yes\"><strong>Anti-bakterielle og anti-allergifunktioner<\/strong>: Chippen er designet til at minimere risikoen for infektion og allergiske reaktioner.<\/li>\n<\/ul>\n<h2 class=\"AnswerParser_AnswerParserH2__SIHnF\">Produktegenskaber<\/h2>\n<h3 class=\"AnswerParser_AnswerParserH3__Mpe4s\">1. Avanceret teknologi<\/h3>\n<p><span class=\"AnswerParser_TextContainer__z_Iiv\" data-testid=\"youchat-text\">RFID Pet Microchip Implant Capsule fungerer med en frekvens p\u00e5\u00a0<strong>134,2KHz<\/strong>, i overensstemmelse med\u00a0<strong>ISO11784\/785<\/strong>\u00a0og\u00a0<strong>ISO14443A<\/strong>\u00a0protokoller. Dette sikrer kompatibilitet med forskellige RFID-l\u00e6sere, hvilket g\u00f8r det nemt at scanne og hente dit k\u00e6ledyrs oplysninger.<\/span><\/p>\n<h3 class=\"AnswerParser_AnswerParserH3__Mpe4s\">2. Holdbart og sikkert materiale<\/h3>\n<p><span class=\"AnswerParser_TextContainer__z_Iiv\" data-testid=\"youchat-text\">Konstrueret af\u00a0<strong>bioglas<\/strong>, er mikrochippen designet til at modst\u00e5 belastningen af et dyrs livsstil. De\u00a0<strong>parylen bel\u00e6gning<\/strong>\u00a0forhindrer migration, n\u00e5r den f\u00f8rst er implanteret, hvilket sikrer, at chippen forbliver sikkert p\u00e5 plads.<\/span><\/p>\n<h3 class=\"AnswerParser_AnswerParserH3__Mpe4s\">3. St\u00f8rrelsesindstillinger<\/h3>\n<p><span class=\"AnswerParser_TextContainer__z_Iiv\" data-testid=\"youchat-text\">F\u00e5s i flere st\u00f8rrelser, RFID Pet Microchip Implant Capsule henvender sig til forskellige dyr:<\/span><\/p>\n<ul class=\"AnswerParser_AnswerParserUnorderedList__P_1FW\">\n<li class=\"AnswerParser_ListItem__XqLOV\" translate=\"yes\"><strong>1,25*7 mm<\/strong>: Ideel til sm\u00e5 k\u00e6ledyr som fisk og mus.<\/li>\n<li class=\"AnswerParser_ListItem__XqLOV\" translate=\"yes\"><strong>2*12 mm<\/strong>: Bruges almindeligvis til hunde, katte og st\u00f8rre dyr.<\/li>\n<\/ul>\n<h3 class=\"AnswerParser_AnswerParserH3__Mpe4s\">4. Nem implantation<\/h3>\n<p><span class=\"AnswerParser_TextContainer__z_Iiv\" data-testid=\"youchat-text\">Mikrochippen kan nemt implanteres ved hj\u00e6lp af en spr\u00f8jte, hvilket g\u00f8r processen hurtig og smertefri for dit k\u00e6ledyr. De\u00a0<strong>injektor<\/strong>\u00a0er designet til pr\u00e6cision, hvilket sikrer at chippen er placeret korrekt.<\/span><\/p>\n<h3 class=\"AnswerParser_AnswerParserH3__Mpe4s\">5. Programmerbart ID-nummer<\/h3>\n<p><span class=\"AnswerParser_TextContainer__z_Iiv\" data-testid=\"youchat-text\">Hver mikrochip kommer med et unikt ID-nummer, der kan programmeres til at linke til dit k\u00e6ledyrs oplysninger, herunder sygehistorie og ejeroplysninger. Denne funktion \u00f8ger chancerne for en vellykket genforening, hvis dit k\u00e6ledyr forsvinder.<\/span><\/p>\n<h2 class=\"AnswerParser_AnswerParserH2__SIHnF\">Milj\u00f8p\u00e5virkning<\/h2>\n<p><span class=\"AnswerParser_TextContainer__z_Iiv\" data-testid=\"youchat-text\">RFID Pet Microchip Implant Capsule er designet med b\u00e6redygtighed i tankerne. De anvendte materialer er milj\u00f8venlige, og fremstillingsprocessen overholder strengt\u00a0<strong>ISO 9001<\/strong>\u00a0og\u00a0<strong>ISO 14001<\/strong>\u00a0standarder. Denne forpligtelse til kvalitet og b\u00e6redygtighed sikrer, at du tr\u00e6ffer et ansvarligt valg for dit k\u00e6ledyr og planeten.<\/span><\/p>\n<h2 class=\"AnswerParser_AnswerParserH2__SIHnF\">Kundeanmeldelser<\/h2>\n<p><span class=\"AnswerParser_TextContainer__z_Iiv\" data-testid=\"youchat-text\">Mange k\u00e6ledyrsejere har fundet ro i sindet efter at have implanteret RFID Pet Microchip Capsule i deres k\u00e6ledyr. Her er nogle vidnesbyrd:<\/span><\/p>\n<ul class=\"AnswerParser_AnswerParserUnorderedList__P_1FW\">\n<li class=\"AnswerParser_ListItem__XqLOV\" translate=\"yes\"><strong>Sarah T.<\/strong>: \u201cJeg var bekymret for, at min kat skulle fare vild, men nu har jeg det s\u00e5 meget bedre ved at vide, at hun har en mikrochip. Det er en lille pris at betale for hendes sikkerhed!\u201d<\/li>\n<li class=\"AnswerParser_ListItem__XqLOV\" translate=\"yes\"><strong>John D.<\/strong>: \u201cImplantationsprocessen var hurtig og nem. Jeg anbefaler st\u00e6rkt dette produkt til alle k\u00e6ledyrsejere.&quot;<\/li>\n<\/ul>\n<h2 class=\"AnswerParser_AnswerParserH2__SIHnF\">Ofte stillede sp\u00f8rgsm\u00e5l<\/h2>\n<h3 class=\"AnswerParser_AnswerParserH3__Mpe4s\">Hvordan fungerer RFID Pet Microchip?<\/h3>\n<p><span class=\"AnswerParser_TextContainer__z_Iiv\" data-testid=\"youchat-text\">Mikrochippen bruger radiofrekvensidentifikationsteknologi til at sende dit k\u00e6ledyrs unikke ID-nummer til en scanner. Disse oplysninger kan derefter linkes til dine kontaktoplysninger.<\/span><\/p>\n<h3 class=\"AnswerParser_AnswerParserH3__Mpe4s\">Er implantationsprocessen smertefuld for mit k\u00e6ledyr?<\/h3>\n<p><span class=\"AnswerParser_TextContainer__z_Iiv\" data-testid=\"youchat-text\">Implantationen ligner en rutinevaccination og er generelt hurtig og smertefri. De fleste k\u00e6ledyr oplever minimalt ubehag.<\/span><\/p>\n<h3 class=\"AnswerParser_AnswerParserH3__Mpe4s\">Kan mikrochippen fjernes?<\/h3>\n<p><span class=\"AnswerParser_TextContainer__z_Iiv\" data-testid=\"youchat-text\">Nej, RFID Pet Microchip er designet til at v\u00e6re en permanent form for identifikation. Det kan ikke fjernes, n\u00e5r det f\u00f8rst er implanteret.<\/span><\/p>\n<h3 class=\"AnswerParser_AnswerParserH3__Mpe4s\">Hvad hvis mit k\u00e6ledyr g\u00e5r tabt?<\/h3>\n<p><span class=\"AnswerParser_TextContainer__z_Iiv\" data-testid=\"youchat-text\">Hvis dit k\u00e6ledyr bliver fundet og scannet, vil det unikke ID-nummer give adgang til dine kontaktoplysninger, hvilket giver mulighed for en hurtig genforening.<\/span><\/p>\n<h2 class=\"AnswerParser_AnswerParserH2__SIHnF\">Konklusion<\/h2>\n<p><span class=\"AnswerParser_TextContainer__z_Iiv\" data-testid=\"youchat-text\">Investering i\u00a0<strong>RFID Pet Microchip Implant Capsule<\/strong>\u00a0er et proaktivt skridt hen imod at sikre dit k\u00e6ledyrs sikkerhed og velv\u00e6re. Med sin avancerede teknologi, holdbare materialer og brugervenlighed er denne mikrochip et vigtigt v\u00e6rkt\u00f8j til ansvarligt k\u00e6ledyrsejerskab. Vent ikke, til det er for sent \u2013 sikre dit k\u00e6ledyrs fremtid i dag med denne p\u00e5lidelige identifikationsl\u00f8sning.<\/span><span class=\"AnswerParser_TextContainer__z_Iiv\" data-testid=\"youchat-text\">For mere information eller for at afgive en ordre, bedes du udfylde vores foresp\u00f8rgselsformular. Dit k\u00e6ledyr fortjener det bedste!<\/span><\/p>","protected":false},"excerpt":{"rendered":"<p>RFID Pet Microchip Implant Capsule tilbyder p\u00e5lidelig, human dyreidentifikation med holdbart bioglasdesign, der sikrer sikkerhed og n\u00f8jagtighed for forskellige arter.<\/p>","protected":false},"featured_media":2787,"template":"","meta":{"_kad_post_transparent":"default","_kad_post_title":"","_kad_post_layout":"default","_kad_post_sidebar_id":"","_kad_post_content_style":"default","_kad_post_vertical_padding":"default","_kad_post_feature":"","_kad_post_feature_position":"","_kad_post_header":false,"_kad_post_footer":false,"_kad_post_classname":""},"product_brand":[],"product_cat":[54],"product_tag":[327,326,329,328],"class_list":{"0":"post-2790","1":"product","2":"type-product","3":"status-publish","4":"has-post-thumbnail","6":"product_cat-hot-selling-rfid-tags","7":"product_tag-fdx-b-134-2khz-rfid-animal-tag","8":"product_tag-rfid-animal-id-glass-tag","9":"product_tag-rfid-glass-tag-syringe-animal-microchip","10":"product_tag-rfid-pet-microchip-implant-capsule","12":"first","13":"instock","14":"shipping-taxable","15":"product-type-simple","16":"entry","17":"content-bg","18":"loop-entry"},"_links":{"self":[{"href":"https:\/\/rfid-laundry-tag.com\/da\/wp-json\/wp\/v2\/product\/2790","targetHints":{"allow":["GET"]}}],"collection":[{"href":"https:\/\/rfid-laundry-tag.com\/da\/wp-json\/wp\/v2\/product"}],"about":[{"href":"https:\/\/rfid-laundry-tag.com\/da\/wp-json\/wp\/v2\/types\/product"}],"version-history":[{"count":1,"href":"https:\/\/rfid-laundry-tag.com\/da\/wp-json\/wp\/v2\/product\/2790\/revisions"}],"predecessor-version":[{"id":2791,"href":"https:\/\/rfid-laundry-tag.com\/da\/wp-json\/wp\/v2\/product\/2790\/revisions\/2791"}],"wp:featuredmedia":[{"embeddable":true,"href":"https:\/\/rfid-laundry-tag.com\/da\/wp-json\/wp\/v2\/media\/2787"}],"wp:attachment":[{"href":"https:\/\/rfid-laundry-tag.com\/da\/wp-json\/wp\/v2\/media?parent=2790"}],"wp:term":[{"taxonomy":"product_brand","embeddable":true,"href":"https:\/\/rfid-laundry-tag.com\/da\/wp-json\/wp\/v2\/product_brand?post=2790"},{"taxonomy":"product_cat","embeddable":true,"href":"https:\/\/rfid-laundry-tag.com\/da\/wp-json\/wp\/v2\/product_cat?post=2790"},{"taxonomy":"product_tag","embeddable":true,"href":"https:\/\/rfid-laundry-tag.com\/da\/wp-json\/wp\/v2\/product_tag?post=2790"}],"curies":[{"name":"wp","href":"https:\/\/api.w.org\/{rel}","templated":true}]}}