{"id":2784,"date":"2024-10-29T10:04:23","date_gmt":"2024-10-29T10:04:23","guid":{"rendered":"https:\/\/rfid-laundry-tag.com\/?post_type=product&#038;p=2784"},"modified":"2024-10-29T10:32:07","modified_gmt":"2024-10-29T10:32:07","slug":"134-2khz-tube-rfid-glass-tag","status":"publish","type":"product","link":"https:\/\/rfid-laundry-tag.com\/da\/vare\/134-2khz-tube-rfid-glass-tag\/","title":{"rendered":"134,2KHz r\u00f8r RFID glasm\u00e6rke"},"content":{"rendered":"<p><span class=\"AnswerParser_TextContainer__z_Iiv\" data-testid=\"youchat-text\"><strong>134,2KHz r\u00f8r RFID glasm\u00e6rke<\/strong>\u00a0er en innovativ og p\u00e5lidelig l\u00f8sning til identifikation og h\u00e5ndtering af dyr. Dette RFID-glasm\u00e6rke er designet specielt til at opfylde ISO-standarder og giver et enest\u00e5ende niveau af n\u00f8jagtighed og holdbarhed, hvilket g\u00f8r det til et ideelt valg for k\u00e6ledyrsejere, dyrl\u00e6ger og husdyrforvaltere. Med sin kompakte st\u00f8rrelse og avancerede funktioner sikrer dette produkt effektiv sporing og identifikation af dyr, hvilket forbedrer ledelsespraksis p\u00e5 tv\u00e6rs af forskellige applikationer.<\/span><\/p>\n<h2 class=\"AnswerParser_AnswerParserH2__SIHnF\">Fordele ved 134,2KHz Tube RFID-glasm\u00e6rke<\/h2>\n<p><span class=\"AnswerParser_TextContainer__z_Iiv\" data-testid=\"youchat-text\">Investering i 134,2KHz Tube RFID-glastag giver adskillige fordele. Det giver en problemfri identifikationsmetode, der ikke kun er effektiv, men ogs\u00e5 human. M\u00e6rket er lavet af bioglas, hvilket sikrer, at det er sikkert for dyrimplantation. Dens steriliseringsproces af medicinsk kvalitet garanterer, at hvert m\u00e6rke er fri for forurenende stoffer, hvilket reducerer risikoen for infektioner. Desuden sikrer m\u00e6rkets antibakterielle og anti-allergifunktioner, at dyrene forbliver komfortable efter implantation.<\/span><span class=\"AnswerParser_TextContainer__z_Iiv\" data-testid=\"youchat-text\">Dette RFID-glasm\u00e6rke f\u00e5s i forskellige st\u00f8rrelser (1.25<em>7 mm, 1,4<\/em>8 mm, 2<em>8 mm, 2<\/em>12 mm og 3*15 mm), der passer til forskellige dyrearter og st\u00f8rrelser. Den fungerer ved en arbejdsfrekvens p\u00e5 134,2KHz, hvilket g\u00f8r den velegnet til en lang r\u00e6kke applikationer, fra k\u00e6ledyrsh\u00e5ndtering til husdyrsporing.<\/span><\/p>\n<h2 class=\"AnswerParser_AnswerParserH2__SIHnF\">Produktoversigt<\/h2>\n<h3 class=\"AnswerParser_AnswerParserH3__Mpe4s\">1. Hvad er et RFID-glasm\u00e6rke?<\/h3>\n<p><span class=\"AnswerParser_TextContainer__z_Iiv\" data-testid=\"youchat-text\">RFID-glasm\u00e6rker, ogs\u00e5 kendt som RFID-kapselm\u00e6rker, er sm\u00e5 transpondere designet prim\u00e6rt til dyreidentifikation. De bruger radiofrekvensidentifikation (RFID) teknologi til at muligg\u00f8re n\u00f8jagtig sporing og h\u00e5ndtering af dyr. 134,2KHz Tube RFID Glas Tag er specielt designet til at opfylde ISO11784\/785 og ISO14443A protokoller, hvilket sikrer kompatibilitet med forskellige RFID systemer.<\/span><\/p>\n<h3 class=\"AnswerParser_AnswerParserH3__Mpe4s\">2. N\u00f8glefunktioner ved 134,2KHz RFID-glasm\u00e6rket<\/h3>\n<ul class=\"AnswerParser_AnswerParserUnorderedList__P_1FW\">\n<li class=\"AnswerParser_ListItem__XqLOV\" translate=\"yes\"><strong>Materiale<\/strong>: RFID-glasm\u00e6rket er lavet af bioglas, et holdbart og biokompatibelt materiale, der sikrer de implanterede dyrs sikkerhed og velbefindende.<\/li>\n<li class=\"AnswerParser_ListItem__XqLOV\" translate=\"yes\"><strong>St\u00f8rrelser tilg\u00e6ngelige<\/strong>: Tagget tilbydes i flere st\u00f8rrelser, inklusive 1,25<em>7 mm (ideel til sm\u00e5 k\u00e6ledyr), 2<\/em>12 mm (anvendes almindeligvis til hunde og katte) og andre st\u00f8rrelser, der passer til forskellige arter.<\/li>\n<li class=\"AnswerParser_ListItem__XqLOV\" translate=\"yes\"><strong>Arbejdsfrekvens<\/strong>: Virker ved en frekvens p\u00e5 134,2KHz, dette tag er designet til p\u00e5lidelig ydeevne i forskellige milj\u00f8er.<\/li>\n<\/ul>\n<h3 class=\"AnswerParser_AnswerParserH3__Mpe4s\">3. Tekniske specifikationer<\/h3>\n<div class=\"AnswerParser_TableContainer__Erb6v\" data-testid=\"table-container\">\n<table>\n<thead>\n<tr>\n<th style=\"text-align: left;\">Specifikation<\/th>\n<th style=\"text-align: left;\">Detaljer<\/th>\n<\/tr>\n<\/thead>\n<tbody>\n<tr>\n<td><strong>Materiale<\/strong><\/td>\n<td>Bioglas<\/td>\n<\/tr>\n<tr>\n<td><strong>Tilg\u00e6ngelige st\u00f8rrelser<\/strong><\/td>\n<td>1.25<em>7 mm, 1,4<\/em>8 mm, 2<em>8 mm, 2<\/em>12 mm, 3*15 mm<\/td>\n<\/tr>\n<tr>\n<td><strong>Arbejdsfrekvens<\/strong><\/td>\n<td>134,2KHz, 125KHz, 13,56MHz<\/td>\n<\/tr>\n<tr>\n<td><strong>Protokol<\/strong><\/td>\n<td>ISO11784\/785, ISO14443A<\/td>\n<\/tr>\n<tr>\n<td><strong>Sterilisering<\/strong><\/td>\n<td>100% Sterilisering i medicinsk kvalitet<\/td>\n<\/tr>\n<tr>\n<td><strong>Chip funktioner<\/strong><\/td>\n<td>Anti-bakteriel, Anti-allergi, Anti-afst\u00f8dning<\/td>\n<\/tr>\n<\/tbody>\n<\/table>\n<\/div>\n<h3 class=\"AnswerParser_AnswerParserH3__Mpe4s\">4. Brugsvejledning<\/h3>\n<p><span class=\"AnswerParser_TextContainer__z_Iiv\" data-testid=\"youchat-text\">Installationen af 134,2KHz Tube RFID Glas Tag er ligetil. Det kan nemt implanteres ved hj\u00e6lp af en spr\u00f8jte, hvilket g\u00f8r det til en hurtig og smertefri procedure for dyr. M\u00e6rket skal placeres subkutant, s\u00e5 det kan forblive sikkert p\u00e5 plads, samtidig med at det giver p\u00e5lidelig identifikation.<\/span><\/p>\n<h3 class=\"AnswerParser_AnswerParserH3__Mpe4s\">5. Milj\u00f8p\u00e5virkning<\/h3>\n<p><span class=\"AnswerParser_TextContainer__z_Iiv\" data-testid=\"youchat-text\">RFID-glasm\u00e6rket er designet med minimal milj\u00f8p\u00e5virkning i tankerne. Bioglasmaterialet er genanvendeligt, og fremstillingsprocessen overholder strenge milj\u00f8standarder. Derudover er taggene produceret under ISO 9001 og ISO 14001 certificeringer, hvilket sikrer b\u00e6redygtig praksis gennem hele produktionsprocessen.<\/span><\/p>\n<h3 class=\"AnswerParser_AnswerParserH3__Mpe4s\">6. Kundeanmeldelser<\/h3>\n<p><span class=\"AnswerParser_TextContainer__z_Iiv\" data-testid=\"youchat-text\">Kunder har rost 134,2KHz Tube RFID-glasm\u00e6rket for dets p\u00e5lidelighed og brugervenlighed. Mange dyrl\u00e6ger anbefaler det til k\u00e6ledyrsidentifikation, idet de bem\u00e6rker dets komfort for dyr og dets n\u00f8jagtighed i sporing. Husdyrforvaltere s\u00e6tter ogs\u00e5 pris p\u00e5 dets holdbarhed og den ro i sindet, det giver i forvaltningen af deres bes\u00e6tninger.<\/span><\/p>\n<h3 class=\"AnswerParser_AnswerParserH3__Mpe4s\">7. Ofte stillede sp\u00f8rgsm\u00e5l<\/h3>\n<p><span class=\"AnswerParser_TextContainer__z_Iiv\" data-testid=\"youchat-text\"><strong>Q: Hvor l\u00e6nge holder RFID-glasm\u00e6rket?<\/strong><br \/>\nA: RFID-glasm\u00e6rket er designet til langvarig brug, som ofte varer i dyrets levetid, hvis det er korrekt implanteret.<\/span><\/p>\n<p><span class=\"AnswerParser_TextContainer__z_Iiv\" data-testid=\"youchat-text\"><strong>Sp\u00f8rgsm\u00e5l: Er m\u00e6rket sikkert for alle dyr?<\/strong><br \/>\nA: Ja, bioglasmaterialet og steriliseringsprocesserne af medicinsk kvalitet sikrer, at det er sikkert for alle dyretyper, inklusive k\u00e6ledyr og husdyr.<\/span><\/p>\n<p><span class=\"AnswerParser_TextContainer__z_Iiv\" data-testid=\"youchat-text\"><strong>Sp: Kan m\u00e6rket l\u00e6ses p\u00e5 afstand?<\/strong><br \/>\nA: Ja, l\u00e6seomr\u00e5det kan variere baseret p\u00e5 den anvendte l\u00e6ser, men det giver typisk mulighed for effektiv scanning uden behov for direkte kontakt.<\/span><\/p>\n<h3 class=\"AnswerParser_AnswerParserH3__Mpe4s\">8. Relaterede produkter<\/h3>\n<p><span class=\"AnswerParser_TextContainer__z_Iiv\" data-testid=\"youchat-text\">Udforsk vores udvalg af relaterede produkter, herunder RFID-etiketter, RFID-klisterm\u00e6rker og andre RFID-tagging-l\u00f8sninger, der komplementerer 134,2KHz Tube RFID-glasm\u00e6rket. Disse produkter kan forbedre dine identifikationssystemer og str\u00f8mline dine dyreh\u00e5ndteringsprocesser.<\/span><\/p>\n<h3 class=\"AnswerParser_AnswerParserH3__Mpe4s\">9. Konklusion<\/h3>\n<p><span class=\"AnswerParser_TextContainer__z_Iiv\" data-testid=\"youchat-text\">De\u00a0<strong>134,2KHz r\u00f8r RFID glasm\u00e6rke<\/strong>\u00a0tilbyder en overlegen l\u00f8sning til identifikation og h\u00e5ndtering af dyr. Med sit robuste design, effektive drift og humane anvendelse st\u00e5r den som et p\u00e5lideligt v\u00e6rkt\u00f8j for b\u00e5de k\u00e6ledyrsejere og husdyrforvaltere. Invester i fremtiden for dyresporing og -styring med denne banebrydende RFID-l\u00f8sning.<\/span><\/p>","protected":false},"excerpt":{"rendered":"<p>134,2KHz Tube RFID-glastag tilbyder p\u00e5lidelig, human dyreidentifikation med holdbart bioglasdesign, der sikrer sikkerhed og n\u00f8jagtighed for forskellige arter.<\/p>","protected":false},"featured_media":2785,"template":"","meta":{"_kad_post_transparent":"default","_kad_post_title":"","_kad_post_layout":"default","_kad_post_sidebar_id":"","_kad_post_content_style":"default","_kad_post_vertical_padding":"default","_kad_post_feature":"","_kad_post_feature_position":"","_kad_post_header":false,"_kad_post_footer":false,"_kad_post_classname":""},"product_brand":[],"product_cat":[54],"product_tag":[327,326,328],"class_list":{"0":"post-2784","1":"product","2":"type-product","3":"status-publish","4":"has-post-thumbnail","6":"product_cat-hot-selling-rfid-tags","7":"product_tag-fdx-b-134-2khz-rfid-animal-tag","8":"product_tag-rfid-animal-id-glass-tag","9":"product_tag-rfid-pet-microchip-implant-capsule","11":"first","12":"instock","13":"shipping-taxable","14":"product-type-simple","15":"entry","16":"content-bg","17":"loop-entry"},"_links":{"self":[{"href":"https:\/\/rfid-laundry-tag.com\/da\/wp-json\/wp\/v2\/product\/2784","targetHints":{"allow":["GET"]}}],"collection":[{"href":"https:\/\/rfid-laundry-tag.com\/da\/wp-json\/wp\/v2\/product"}],"about":[{"href":"https:\/\/rfid-laundry-tag.com\/da\/wp-json\/wp\/v2\/types\/product"}],"version-history":[{"count":1,"href":"https:\/\/rfid-laundry-tag.com\/da\/wp-json\/wp\/v2\/product\/2784\/revisions"}],"predecessor-version":[{"id":2789,"href":"https:\/\/rfid-laundry-tag.com\/da\/wp-json\/wp\/v2\/product\/2784\/revisions\/2789"}],"wp:featuredmedia":[{"embeddable":true,"href":"https:\/\/rfid-laundry-tag.com\/da\/wp-json\/wp\/v2\/media\/2785"}],"wp:attachment":[{"href":"https:\/\/rfid-laundry-tag.com\/da\/wp-json\/wp\/v2\/media?parent=2784"}],"wp:term":[{"taxonomy":"product_brand","embeddable":true,"href":"https:\/\/rfid-laundry-tag.com\/da\/wp-json\/wp\/v2\/product_brand?post=2784"},{"taxonomy":"product_cat","embeddable":true,"href":"https:\/\/rfid-laundry-tag.com\/da\/wp-json\/wp\/v2\/product_cat?post=2784"},{"taxonomy":"product_tag","embeddable":true,"href":"https:\/\/rfid-laundry-tag.com\/da\/wp-json\/wp\/v2\/product_tag?post=2784"}],"curies":[{"name":"wp","href":"https:\/\/api.w.org\/{rel}","templated":true}]}}