{"id":2775,"date":"2024-10-24T16:17:52","date_gmt":"2024-10-24T16:17:52","guid":{"rendered":"https:\/\/rfid-laundry-tag.com\/?post_type=product&#038;p=2775"},"modified":"2024-10-29T09:32:48","modified_gmt":"2024-10-29T09:32:48","slug":"waterproof-washable-uhf-textile-rfid-laundry-tag-with-hole","status":"publish","type":"product","link":"https:\/\/rfid-laundry-tag.com\/da\/vare\/waterproof-washable-uhf-textile-rfid-laundry-tag-with-hole\/","title":{"rendered":"Vandt\u00e6t vaskbar UHF tekstil RFID vaskem\u00e6rke med hul"},"content":{"rendered":"<h1><strong>Vandt\u00e6t vaskbar UHF tekstil RFID vaskem\u00e6rke med hul<\/strong><\/h1>\n<p><strong>Vandt\u00e6t vaskbar UHF tekstil RFID vaskem\u00e6rke med hul,<\/strong>et revolutionerende produkt, der er skr\u00e6ddersyet til at forbedre sporing og h\u00e5ndtering af vasket\u00f8j. Denne RFID-tag er designet til holdbarhed og brugervenlighed og er afg\u00f8rende for at opretholde driftseffektiviteten i forskellige omgivelser, fra industrielle vaskerier til hospitaler og hoteller. L\u00e6s videre for at opdage de mange fordele ved at inkorporere disse tags i dit vaskeri.<\/p>\n<table class=\"all magic-7\">\n<tbody>\n<tr>\n<td colspan=\"1\" rowspan=\"1\">\n<div class=\"magic-8\" data-spm-anchor-id=\"a2700.details.0.i41.3a7a13dayRHcNe\">RFID standard:<\/div>\n<\/td>\n<td colspan=\"1\" rowspan=\"1\">\n<div class=\"magic-9\">ISO\/IEC 18000-6 TypeC (EPC Gen2)<\/div>\n<\/td>\n<\/tr>\n<tr>\n<td colspan=\"1\" rowspan=\"1\">\n<div class=\"magic-8\">St\u00f8rrelse og v\u00e6gt:<\/div>\n<\/td>\n<td colspan=\"1\" rowspan=\"1\">\n<div class=\"magic-9\">70\u00d715 mm, 0,7g<\/div>\n<\/td>\n<\/tr>\n<tr>\n<td colspan=\"1\" rowspan=\"1\">\n<div class=\"magic-8\">Chip type:<\/div>\n<\/td>\n<td colspan=\"1\" rowspan=\"1\">\n<div class=\"magic-9\">NXP Ucode 9<\/div>\n<\/td>\n<\/tr>\n<tr>\n<td colspan=\"1\" rowspan=\"1\">\n<div class=\"magic-8\">EPC-hukommelse:<\/div>\n<\/td>\n<td colspan=\"1\" rowspan=\"1\">\n<div class=\"magic-9\">128 bit<\/div>\n<\/td>\n<\/tr>\n<tr>\n<td colspan=\"1\" rowspan=\"1\">\n<div class=\"magic-8\">Brugerhukommelse:<\/div>\n<\/td>\n<td colspan=\"1\" rowspan=\"1\">\n<div class=\"magic-9\">96 bit<\/div>\n<\/td>\n<\/tr>\n<tr>\n<td colspan=\"1\" rowspan=\"1\">\n<div class=\"magic-8\">L\u00e6seomr\u00e5de (fast l\u00e6ser):<\/div>\n<\/td>\n<td colspan=\"1\" rowspan=\"1\">\n<div class=\"magic-9\">10m<\/div>\n<\/td>\n<\/tr>\n<tr>\n<td colspan=\"1\" rowspan=\"1\">\n<div class=\"magic-8\">L\u00e6seomr\u00e5de (h\u00e5ndholdt l\u00e6ser):<\/div>\n<\/td>\n<td colspan=\"1\" rowspan=\"1\">\n<div class=\"magic-9\">8m<\/div>\n<\/td>\n<\/tr>\n<tr>\n<td colspan=\"1\" rowspan=\"1\">\n<div class=\"magic-8\">Tagging:<\/div>\n<\/td>\n<td colspan=\"1\" rowspan=\"1\">\n<div class=\"magic-9\">Syning, Varmeforsegling<\/div>\n<\/td>\n<\/tr>\n<tr>\n<td colspan=\"1\" rowspan=\"1\">\n<div class=\"magic-8\">Estimeret levetid:<\/div>\n<\/td>\n<td colspan=\"1\" rowspan=\"1\">\n<div class=\"magic-9\">200 vaskecyklusser eller 3 \u00e5r, alt efter hvad der kommer f\u00f8rst<\/div>\n<\/td>\n<\/tr>\n<tr>\n<td colspan=\"1\" rowspan=\"1\">\n<div class=\"magic-8\">Vaskemetode:<\/div>\n<\/td>\n<td colspan=\"1\" rowspan=\"1\">\n<div class=\"magic-9\">T\u00f8jvask, Renseri<\/div>\n<\/td>\n<\/tr>\n<tr>\n<td colspan=\"1\" rowspan=\"1\">\n<div class=\"magic-8\">Vandudvindingstryk:<\/div>\n<\/td>\n<td colspan=\"1\" rowspan=\"1\">\n<div class=\"magic-9\">60 bar<\/div>\n<\/td>\n<\/tr>\n<tr>\n<td colspan=\"1\" rowspan=\"1\">\n<div class=\"magic-8\">Vandt\u00e6thed:<\/div>\n<\/td>\n<td colspan=\"1\" rowspan=\"1\">\n<div class=\"magic-9\">Vandafvisende<\/div>\n<\/td>\n<\/tr>\n<tr>\n<td colspan=\"1\" rowspan=\"1\">\n<div class=\"magic-8\">Kemisk modstand:<\/div>\n<\/td>\n<td colspan=\"1\" rowspan=\"1\">\n<div class=\"magic-9\">Reng\u00f8ringsmiddel, bl\u00f8dg\u00f8ringsmiddel, blegemiddel (ilt\/klor), alkali<\/div>\n<\/td>\n<\/tr>\n<tr>\n<td colspan=\"1\" rowspan=\"1\">\n<div class=\"magic-8\">Fort\u00f8rring i t\u00f8rretumbler:<\/div>\n<\/td>\n<td colspan=\"1\" rowspan=\"1\">\n<div class=\"magic-9\">125 \u00baC i 15-20 minutter<\/div>\n<\/td>\n<\/tr>\n<tr>\n<td colspan=\"1\" rowspan=\"1\">\n<div class=\"magic-8\" data-spm-anchor-id=\"a2700.details.0.i43.3a7a13dayRHcNe\">Steriliseringstemperatur:<\/div>\n<\/td>\n<td colspan=\"1\" rowspan=\"1\">\n<div class=\"magic-9\">135\u00b0C i 15-20 minutter<\/div>\n<\/td>\n<\/tr>\n<tr>\n<td colspan=\"1\" rowspan=\"1\">\n<div class=\"magic-8\">Vasketemperatur:<\/div>\n<\/td>\n<td colspan=\"1\" rowspan=\"1\">\n<div class=\"magic-9\">90\u00b0C, op til 15 min.<\/div>\n<\/td>\n<\/tr>\n<tr>\n<td colspan=\"1\" rowspan=\"1\">\n<div class=\"magic-8\">Fugtighed\/temperaturdrift:<\/div>\n<\/td>\n<td colspan=\"1\" rowspan=\"1\">\n<div class=\"magic-9\" data-spm-anchor-id=\"a2700.details.0.i42.3a7a13dayRHcNe\">-20 til 110\u00b0C, 8 til 95%RH<\/div>\n<\/td>\n<\/tr>\n<tr>\n<td colspan=\"1\" rowspan=\"1\">\n<div class=\"magic-8\">Fugtighed\/temperatur-opbevaring:<\/div>\n<\/td>\n<td colspan=\"1\" rowspan=\"1\">\n<div class=\"magic-9\">-40 til 110\u00b0C, 8 til 95%RH<\/div>\n<\/td>\n<\/tr>\n<\/tbody>\n<\/table>\n<h3>Hvorfor v\u00e6lge vandt\u00e6tte vaskbare UHF-tekstil RFID-vaskem\u00e6rker?<\/h3>\n<p>Investering i RFID-vaskem\u00e6rker giver en lang r\u00e6kke fordele, der g\u00f8r det muligt for virksomheder at str\u00f8mline deres processer. Her er et par overbevisende grunde til at overveje\u00a0<strong>RFID vaskem\u00e6rke<\/strong>\u00a0til dit vaskeri:<\/p>\n<ul>\n<li><strong>Forbedret sporing og styring:<\/strong>\u00a0Sig farvel til tabte eller malplacerede genstande. UHF-teknologien sikrer, at hver bekl\u00e6dningsgenstand eller linned kan spores n\u00f8jagtigt, hvilket reducerer manuelle fejl og forbedrer lagerstyring.<\/li>\n<li><strong>Holdbarhed og p\u00e5lidelighed:<\/strong>\u00a0Disse RFID-tags, der er lavet til at modst\u00e5 strenge vaskeforhold, kan t\u00e5le h\u00f8je temperaturer og flere vaskecyklusser (op til 200), hvilket g\u00f8r dem til en ideel l\u00f8sning til kommercielle og industrielle vaskeapplikationer.<\/li>\n<li><strong>Alsidighed i brug:<\/strong>\u00a0Med mulighed for at blive syet eller varmeforseglet p\u00e5 forskellige tekstiler, disse\u00a0<strong>vaskbare RFID-tags<\/strong>\u00a0er perfekte til hoteller, hospitaler og enhver facilitet, der kr\u00e6ver streng h\u00e5ndtering af senget\u00f8j.<\/li>\n<\/ul>\n<h3>N\u00f8glefunktioner ved vandt\u00e6t vaskbar UHF-tekstil RFID-vaskem\u00e6rke<\/h3>\n<h4>1. Avanceret RFID-teknologi<\/h4>\n<p>Vores\u00a0<strong>RFID vaskem\u00e6rker<\/strong>\u00a0er i overensstemmelse med ISO\/IEC 18000-6 Type C (EPC Gen2), hvilket sikrer, at de opfylder industristandarder for ydeevne og p\u00e5lidelighed. Integrationen af banebrydende UHF-teknologi giver mulighed for hurtig datatransmission og effektive sporingsprocesser.<\/p>\n<h4>2. St\u00f8rrelse og v\u00e6gt<\/h4>\n<p>Med dimensioner p\u00e5\u00a0<strong>70\u00d715 mm<\/strong>\u00a0og et letv\u00e6gtsdesign af netop\u00a0<strong>0,7 g<\/strong>, disse tags er nemme at inkorporere i enhver bekl\u00e6dningsgenstand uden at tilf\u00f8je bulk eller ubehag. Den kompakte st\u00f8rrelse giver mulighed for s\u00f8ml\u00f8s integration i forskellige tekstiler, hvad enten det er til\u00a0<strong>uniformer, senget\u00f8j eller andre vasket\u00f8j<\/strong>.<\/p>\n<h4>3. H\u00f8jt l\u00e6seomr\u00e5de<\/h4>\n<p>De\u00a0<strong>l\u00e6se r\u00e6kkevidde<\/strong>\u00a0er en kritisk faktor for effektive RFID-systemer. Vores tags kan opn\u00e5 en\u00a0<strong>l\u00e6seafstand p\u00e5 op til 10 meter med faste l\u00e6sere<\/strong>\u00a0og\u00a0<strong>8 meter med h\u00e5ndholdte l\u00e6sere<\/strong>. Dette udvidede sortiment optimerer sporingsprocessen, hvilket giver mulighed for effektiv lagerkontrol og workflowstyring i travle vasket\u00f8jsmilj\u00f8er.<\/p>\n<h4>4. Holdbar under barske forhold<\/h4>\n<p>Designet til holdbarhed, disse\u00a0<strong>vandt\u00e6tte RFID-tags<\/strong>\u00a0kan t\u00e5le strenge reng\u00f8ringsprocesser, herunder:<\/p>\n<ul>\n<li><strong>Vasketemperatur:<\/strong>\u00a0Op til\u00a0<strong>90\u00b0C<\/strong>\u00a0i 15 minutter, hvilket sikrer en grundig reng\u00f8ring.<\/li>\n<li><strong>Steriliseringstemperatur:<\/strong>\u00a0I stand til at modst\u00e5 steriliseringsprocesser kl\u00a0<strong>135\u00b0C<\/strong>\u00a0i 15-20 minutter, hvilket g\u00f8r dem velegnede til medicinske milj\u00f8er.<\/li>\n<li><strong>Kemisk modstand:<\/strong>\u00a0Modstandsdygtig over for almindelige vaskekemikalier s\u00e5som vaskemidler, bl\u00f8dg\u00f8ringsmidler og blegemiddel, hvilket sikrer lang levetid og ensartet ydeevne.<\/li>\n<\/ul>\n<h4>5. Milj\u00f8hensyn<\/h4>\n<p>Disse tags er designet til at modst\u00e5\u00a0<strong>h\u00f8je vandudvindingstryk<\/strong>\u00a0p\u00e5 op til\u00a0<strong>60 bar<\/strong>, hvilket sikrer, at de forbliver funktionelle selv under de mest kr\u00e6vende vaskeforhold. De anvendte materialer er milj\u00f8venlige, hvilket \u00f8ger deres v\u00e6rdi yderligere.<\/p>\n<h4>6. Levetid og brugsinstruktioner<\/h4>\n<p>Med en estimeret levetid p\u00e5\u00a0<strong>200 vaskecyklusser eller 3 \u00e5r<\/strong>\u00a0(hvad der end kommer f\u00f8rst), vores RFID-vaskem\u00e6rker er bygget til at holde. De kan problemfrit skifte fra vaske- til renserimilj\u00f8er, hvilket g\u00f8r dem alsidige til forskellige driftsbehov.<\/p>\n<h3>Relaterede produkter<\/h3>\n<p>For at supplere vores\u00a0<strong>vandt\u00e6tte vaskbare UHF tekstil RFID vaskem\u00e6rker<\/strong>, overvej at udforske disse relaterede produkter:<\/p>\n<ul>\n<li><strong>RFID l\u00e6sere:<\/strong>\u00a0V\u00e6sentlige v\u00e6rkt\u00f8jer til effektiv l\u00e6sning og sporing af RFID-tags i din virksomhed.<\/li>\n<li><strong>Tagging forsyninger:<\/strong>\u00a0Muligheder for syning, varmeforsegling eller fastg\u00f8relse af RFID-tags til forskellige tekstiler.<\/li>\n<li><strong>Softwarel\u00f8sninger:<\/strong>\u00a0RFID-styringssoftware til sporing af lagerbeholdning og forbedring af dit vaskeristyringssystem.<\/li>\n<\/ul>\n<h3>Milj\u00f8p\u00e5virkning og industrifordele<\/h3>\n<ol>\n<li><strong>Reduceret spild:<\/strong>\u00a0Ved effektivt at spore senget\u00f8j og bekl\u00e6dningsgenstande hj\u00e6lper disse tags med at reducere spild fra mistede eller forlagte genstande, hvilket bidrager til mere b\u00e6redygtig praksis i vaskeriindustrien.<\/li>\n<li><strong>Optimeret ressourcestyring:<\/strong>\u00a0Effektiv sporing f\u00f8rer til optimeret vaskeri, hvilket sikrer, at alt senget\u00f8j og bekl\u00e6dningsgenstande holdes i topkvalitet, hvilket i sidste ende forl\u00e6nger deres levetid og reducerer udskiftningsomkostningerne.<\/li>\n<li><strong>Forbedret kundetilfredshed:<\/strong>\u00a0Effektiv lagerstyring betyder, at kunderne modtager deres senget\u00f8j p\u00e5 en rettidig og organiseret m\u00e5de, hvilket f\u00f8rer til forbedrede kundeoplevelser i brancher som g\u00e6stfrihed og sundhedspleje.<\/li>\n<\/ol>\n<h3>Kundeanmeldelser og oplevelser<\/h3>\n<p>Vores kunder har rapporteret betydelige forbedringer i deres vaskeridrift efter implementering af vores vandt\u00e6tte vaskbare UHF-tekstil RFID-vaskem\u00e6rker. Her er et par vidnesbyrd:<\/p>\n<ul>\n<li><strong>&quot;Siden vi begyndte at bruge disse RFID-vaskem\u00e6rker, har vi reduceret den tid, vi bruger p\u00e5 at lede efter malplacerede genstande, drastisk. Vores effektivitet er blevet forbedret, og vores personale kan fokusere p\u00e5 at levere kvalitetsservice,\u201d<\/strong>\u00a0siger Linda, en leder p\u00e5 et lokalt hotel.<\/li>\n<li><strong>&quot;Holdbarheden af disse tags har v\u00e6ret imponerende. De t\u00e5ler vores strenge vaskecyklusser og fungerer stadig perfekt. Jeg anbefaler dem st\u00e6rkt til enhver kommerciel vaskeriservice.&quot;<\/strong>\u00a0oplyser Mark, en driftsleder i et industrielt vaskeri.<\/li>\n<\/ul>\n<h3>Ofte stillede sp\u00f8rgsm\u00e5l (ofte stillede sp\u00f8rgsm\u00e5l)<\/h3>\n<h4>1. Hvad er driftstemperaturomr\u00e5det for disse RFID-tags?<\/h4>\n<p>RFID-tags kan fungere inden for et temperaturomr\u00e5de p\u00e5\u00a0<strong>-20 til 110\u00b0C<\/strong>\u00a0og tolerere\u00a0<strong>8 til 95% relativ luftfugtighed<\/strong>, hvilket sikrer, at de kan fungere i forskellige milj\u00f8er.<\/p>\n<h4>2. Hvordan skal jeg fastg\u00f8re RFID-vaskem\u00e6rkerne til t\u00f8j?<\/h4>\n<p>M\u00e6rkerne kan vedh\u00e6ftes ved\u00a0<strong>syning eller varmeforsegling<\/strong>, hvilket giver fleksibilitet baseret p\u00e5 dine operationelle behov og bekl\u00e6dningstyper.<\/p>\n<h4>3. Kan disse tags bruges til renseri?<\/h4>\n<p>Ja, disse RFID-tags er alsidige nok til brug i begge\u00a0<strong>indstillinger for vaskeri og renseri<\/strong>.<\/p>\n<h4>4. Hvordan maksimerer jeg levetiden for mine RFID-vaskem\u00e6rker?<\/h4>\n<p>For at sikre lang levetid skal du f\u00f8lge de medf\u00f8lgende vaske- og t\u00f8rreinstruktioner og undg\u00e5 at blive udsat for ekstreme kemikalier uden for standard vaske- og skyllemidler.<\/p>\n<h3>Konklusion: Transformer din vaskeristyring med RFID-teknologi<\/h3>\n<p>De\u00a0<strong>Vandt\u00e6t vaskbar UHF tekstil RFID vaskem\u00e6rke med hul<\/strong>\u00a0er mere end blot et vasket\u00f8jstilbeh\u00f8r; det er et vigtigt v\u00e6rkt\u00f8j for moderne\u00a0<strong>h\u00e5ndtering af vaskeri<\/strong>. Ved at investere i holdbare, p\u00e5lidelige og brugervenlige tags kan du str\u00f8mline driften, reducere tab og forbedre den samlede effektivitet af dine vaskeritjenester.<\/p>","protected":false},"excerpt":{"rendered":"<p>Vandt\u00e6t vaskbar UHF-tekstil RFID-vaskem\u00e6rke med hul, designet til holdbarhed og effektiv sporing i industrielle vasket\u00f8jsapplikationer.<\/p>","protected":false},"featured_media":2776,"template":"","meta":{"_kad_post_transparent":"default","_kad_post_title":"","_kad_post_layout":"default","_kad_post_sidebar_id":"","_kad_post_content_style":"default","_kad_post_vertical_padding":"default","_kad_post_feature":"","_kad_post_feature_position":"","_kad_post_header":false,"_kad_post_footer":false,"_kad_post_classname":""},"product_brand":[],"product_cat":[19],"product_tag":[324,65,30,325],"class_list":{"0":"post-2775","1":"product","2":"type-product","3":"status-publish","4":"has-post-thumbnail","6":"product_cat-textile-rfid-laundry-tag","7":"product_tag-rfid-laundry-tag","8":"product_tag-textile-rfid-laundry-tags","9":"product_tag-uhf-rfid-laundry-tag","10":"product_tag-washable-rfid-laundry-tag","12":"first","13":"instock","14":"featured","15":"shipping-taxable","16":"product-type-simple","17":"entry","18":"content-bg","19":"loop-entry"},"_links":{"self":[{"href":"https:\/\/rfid-laundry-tag.com\/da\/wp-json\/wp\/v2\/product\/2775","targetHints":{"allow":["GET"]}}],"collection":[{"href":"https:\/\/rfid-laundry-tag.com\/da\/wp-json\/wp\/v2\/product"}],"about":[{"href":"https:\/\/rfid-laundry-tag.com\/da\/wp-json\/wp\/v2\/types\/product"}],"version-history":[{"count":3,"href":"https:\/\/rfid-laundry-tag.com\/da\/wp-json\/wp\/v2\/product\/2775\/revisions"}],"predecessor-version":[{"id":2782,"href":"https:\/\/rfid-laundry-tag.com\/da\/wp-json\/wp\/v2\/product\/2775\/revisions\/2782"}],"wp:featuredmedia":[{"embeddable":true,"href":"https:\/\/rfid-laundry-tag.com\/da\/wp-json\/wp\/v2\/media\/2776"}],"wp:attachment":[{"href":"https:\/\/rfid-laundry-tag.com\/da\/wp-json\/wp\/v2\/media?parent=2775"}],"wp:term":[{"taxonomy":"product_brand","embeddable":true,"href":"https:\/\/rfid-laundry-tag.com\/da\/wp-json\/wp\/v2\/product_brand?post=2775"},{"taxonomy":"product_cat","embeddable":true,"href":"https:\/\/rfid-laundry-tag.com\/da\/wp-json\/wp\/v2\/product_cat?post=2775"},{"taxonomy":"product_tag","embeddable":true,"href":"https:\/\/rfid-laundry-tag.com\/da\/wp-json\/wp\/v2\/product_tag?post=2775"}],"curies":[{"name":"wp","href":"https:\/\/api.w.org\/{rel}","templated":true}]}}