{"id":277,"date":"2024-06-26T08:06:00","date_gmt":"2024-06-26T08:06:00","guid":{"rendered":"https:\/\/rfid-laundry-tag.com\/?post_type=product&#038;p=277"},"modified":"2024-06-26T08:06:01","modified_gmt":"2024-06-26T08:06:01","slug":"on-metal-uhf-rfid-sticker","status":"publish","type":"product","link":"https:\/\/rfid-laundry-tag.com\/da\/vare\/on-metal-uhf-rfid-sticker\/","title":{"rendered":"P\u00e5 metal UHF RFID-klisterm\u00e6rke"},"content":{"rendered":"<table style=\"border-collapse: collapse; width: 370.82pt;\" border=\"0\" width=\"618\" cellspacing=\"0\" cellpadding=\"0\">\n<tbody>\n<tr style=\"height: 17.40pt;\">\n<td class=\"et2\" style=\"height: 17.40pt; width: 127.80pt;\" width=\"213\" height=\"29\">Varens navn<\/td>\n<td class=\"et3\" style=\"width: 243.00pt;\" width=\"405\">P\u00e5 metal UHF RFID-klisterm\u00e6rke<\/td>\n<\/tr>\n<tr style=\"height: 41.00pt;\">\n<td class=\"et4\" style=\"height: 41.00pt; width: 127.80pt;\" width=\"213\" height=\"68\">Materiale<\/td>\n<td class=\"et5\" style=\"width: 243.00pt;\" width=\"405\">Coated papir+EFVA-skum<\/td>\n<\/tr>\n<tr style=\"height: 25.00pt;\">\n<td class=\"et4\" style=\"height: 25.00pt; width: 127.80pt;\" width=\"213\" height=\"41\">St\u00f8rrelse<\/td>\n<td class=\"et5\" style=\"width: 243.00pt;\" width=\"405\">90*25*1,2 mm, 60*25*1,2 mm, 70*30 osv.<\/td>\n<\/tr>\n<tr style=\"height: 17.40pt;\">\n<td class=\"et4\" style=\"height: 17.40pt; width: 127.80pt;\" width=\"213\" height=\"29\">Chip<\/td>\n<td class=\"et5\" style=\"width: 243.00pt;\" width=\"405\">Monza R6,U9 osv<\/td>\n<\/tr>\n<tr style=\"height: 40.00pt;\">\n<td class=\"et4\" style=\"height: 40.00pt; width: 127.80pt;\" width=\"213\" height=\"66\">Protokol<\/td>\n<td class=\"et5\" style=\"width: 243.00pt;\" width=\"405\">ISO\/IEC18000-6C<\/td>\n<\/tr>\n<tr style=\"height: 17.40pt;\">\n<td class=\"et4\" style=\"height: 17.40pt; width: 127.80pt;\" width=\"213\" height=\"29\">Frekvens<\/td>\n<td class=\"et5\" style=\"width: 243.00pt;\" width=\"405\">902-928MHz<\/td>\n<\/tr>\n<tr style=\"height: 63.00pt;\">\n<td class=\"et4\" style=\"height: 63.00pt; width: 127.80pt;\" width=\"213\" height=\"105\">Personalisering<\/td>\n<td class=\"et5\" style=\"width: 243.00pt;\" width=\"405\">Logoudskrivning, kodning<\/td>\n<\/tr>\n<tr style=\"height: 60.00pt;\">\n<td class=\"et6\" style=\"height: 60.00pt; width: 127.80pt;\" width=\"213\" height=\"100\">Anvendelse<\/td>\n<td class=\"et7\" style=\"width: 243.00pt;\" width=\"405\">lagerhylde, IT-aktiv\/Metalcontainer\/Udstyr&amp;enhedssporing<\/td>\n<\/tr>\n<\/tbody>\n<\/table>\n<p>&nbsp;<\/p>\n<p>Disse etiketter er meget lettere, mere fleksible, udskrivbare og alsidige end de fleste RFID h\u00e5rdmetalm\u00e6rker, og de tilbyder alle disse funktioner til en betydeligt lavere pris. Med disse anti-metal RFID-tags er du sikret effektivitet og overkommelig pris uden at g\u00e5 p\u00e5 kompromis med ydeevnen.<\/p>\n<div class=\"auto-hide-last-sibling-br paragraph_9dc5f paragraph-element\">Printable On Metal RFID Tag tilbyder adskillige bem\u00e6rkelsesv\u00e6rdige funktioner, der g\u00f8r det til et ideelt valg til forskellige applikationer:<\/div>\n<ol class=\"auto-hide-last-sibling-br\">\n<li>\n<div class=\"auto-hide-last-sibling-br paragraph_9dc5f paragraph-element\">Perfekt RFID-ydeevne p\u00e5 metaloverflader: Tagget er specielt designet til at give optimal ydeevne, n\u00e5r det er fastgjort til metalenheder.<\/div>\n<\/li>\n<li>\n<div class=\"auto-hide-last-sibling-br paragraph_9dc5f paragraph-element\">Ultra-lille og ultratynd: Med en tykkelse p\u00e5 kun 1 mm er RFID-tagget utroligt kompakt, hvilket g\u00f8r det ideelt til termisk transferprint.<\/div>\n<\/li>\n<li>\n<div class=\"auto-hide-last-sibling-br paragraph_9dc5f paragraph-element\">Fleksibilitet: Tagget er designet til at v\u00e6re fleksibelt, hvilket betyder, at det kan tilpasse sig buede overflader uden problemer.<\/div>\n<\/li>\n<li>\n<div class=\"auto-hide-last-sibling-br paragraph_9dc5f paragraph-element\">Lang l\u00e6ser\u00e6kkevidde: N\u00e5r m\u00e6rket er fastgjort til en metaloverflade, kan det prale af en imponerende l\u00e6ser\u00e6kkevidde p\u00e5 op til 8 meter, hvilket giver fremragende sporbarhed.<\/div>\n<\/li>\n<li>\n<div class=\"auto-hide-last-sibling-br paragraph_9dc5f paragraph-element\">Frekvensunderst\u00f8ttelse: Tagget underst\u00f8tter b\u00e5de FCC (Federal Communications Commission) og ETSI (European Telecommunications Standards Institute) frekvenser, hvilket g\u00f8r det tilpasset til brug i forskellige regioner.<\/div>\n<\/li>\n<li>\n<div class=\"auto-hide-last-sibling-br paragraph_9dc5f paragraph-element\">Overlegen beskyttelse: Med en IP68-klassificering er RFID-m\u00e6rket st\u00f8vt\u00e6t og kan opretholde neds\u00e6nkning i vand, hvilket g\u00f8r det til et fremragende valg til barske milj\u00f8er eller applikationer, hvor modstand mod barske forhold er n\u00f8dvendig.<\/div>\n<\/li>\n<\/ol>\n<div class=\"auto-hide-last-sibling-br paragraph_9dc5f paragraph-element\">Disse funktioner kombineres for at g\u00f8re Printable On Metal RFID Tag til et kraftfuldt og alsidigt v\u00e6rkt\u00f8j til sporing og styring af aktiver p\u00e5 metaloverflader.<\/div>","protected":false},"excerpt":{"rendered":"<div class=\"auto-hide-last-sibling-br paragraph_9dc5f paragraph-element\">Den ultratynde og fleksible anti-metal UHF-etiket m\u00e5ler mindre end 1,2 mm i tykkelse. Disse etiketter tilbyder en p\u00e5lidelig l\u00f8sning til udskrivning af RFID-aktivm\u00e6rker p\u00e5 stedet, og de kan nemt udskrives og kodes ved hj\u00e6lp af en RFID-printer som SATO CL4NX eller Toshiba SX-5. Denne type RFID-etiket er bl\u00f8d og fleksibel, hvilket g\u00f8r den perfekt egnet til flade eller minimalt buede metaloverflader. Uanset om det er et IT-aktiv, et medicinsk udstyr, et metalr\u00f8r eller en metalbeholder, er dette tag den ideelle pasform. Den kombinerer h\u00f8j ydeevne og omkostningseffektivitet i \u00e9n pakke.<\/div>","protected":false},"featured_media":278,"template":"","meta":{"_kad_post_transparent":"default","_kad_post_title":"","_kad_post_layout":"default","_kad_post_sidebar_id":"","_kad_post_content_style":"default","_kad_post_vertical_padding":"default","_kad_post_feature":"","_kad_post_feature_position":"","_kad_post_header":false,"_kad_post_footer":false,"_kad_post_classname":""},"product_brand":[],"product_cat":[54],"product_tag":[105],"class_list":{"0":"post-277","1":"product","2":"type-product","3":"status-publish","4":"has-post-thumbnail","6":"product_cat-hot-selling-rfid-tags","7":"product_tag-on-metal-uhf-rfid-sticker","9":"first","10":"instock","11":"shipping-taxable","12":"product-type-simple","13":"entry","14":"content-bg","15":"loop-entry"},"_links":{"self":[{"href":"https:\/\/rfid-laundry-tag.com\/da\/wp-json\/wp\/v2\/product\/277","targetHints":{"allow":["GET"]}}],"collection":[{"href":"https:\/\/rfid-laundry-tag.com\/da\/wp-json\/wp\/v2\/product"}],"about":[{"href":"https:\/\/rfid-laundry-tag.com\/da\/wp-json\/wp\/v2\/types\/product"}],"version-history":[{"count":0,"href":"https:\/\/rfid-laundry-tag.com\/da\/wp-json\/wp\/v2\/product\/277\/revisions"}],"wp:featuredmedia":[{"embeddable":true,"href":"https:\/\/rfid-laundry-tag.com\/da\/wp-json\/wp\/v2\/media\/278"}],"wp:attachment":[{"href":"https:\/\/rfid-laundry-tag.com\/da\/wp-json\/wp\/v2\/media?parent=277"}],"wp:term":[{"taxonomy":"product_brand","embeddable":true,"href":"https:\/\/rfid-laundry-tag.com\/da\/wp-json\/wp\/v2\/product_brand?post=277"},{"taxonomy":"product_cat","embeddable":true,"href":"https:\/\/rfid-laundry-tag.com\/da\/wp-json\/wp\/v2\/product_cat?post=277"},{"taxonomy":"product_tag","embeddable":true,"href":"https:\/\/rfid-laundry-tag.com\/da\/wp-json\/wp\/v2\/product_tag?post=277"}],"curies":[{"name":"wp","href":"https:\/\/api.w.org\/{rel}","templated":true}]}}