{"id":2742,"date":"2024-10-11T16:12:50","date_gmt":"2024-10-11T16:12:50","guid":{"rendered":"https:\/\/rfid-laundry-tag.com\/?post_type=product&#038;p=2742"},"modified":"2024-10-29T14:33:03","modified_gmt":"2024-10-29T14:33:03","slug":"epoxy-menu-nfc-tags","status":"publish","type":"product","link":"https:\/\/rfid-laundry-tag.com\/da\/vare\/epoxy-menu-nfc-tags\/","title":{"rendered":"Epoxy Menu NFC Tags"},"content":{"rendered":"<p><span class=\"AnswerParser_TextContainer__z_Iiv\" data-testid=\"youchat-text\"><strong>Epoxy Menu NFC Tags<\/strong>\u00a0udnytte banebrydende NFC- og QR-kodeteknologi til at transformere, hvordan g\u00e6ster interagerer med menuer. Disse innovative tags giver kunderne mulighed for hurtigt at gennemse og bestille direkte fra deres smartphones, hvilket forbedrer deres madoplevelse, mens de str\u00f8mliner driften af restauranter, caf\u00e9er og barer. Med tilpassede designs og robuste funktioner er disse tags et must-have for enhver moderne virksomhed.<\/span><\/p>\n<h2 class=\"AnswerParser_AnswerParserH2__SIHnF\">Produktoversigt<\/h2>\n<h3 class=\"AnswerParser_AnswerParserH3__Mpe4s\">1. Hvad er Epoxy Menu NFC-tags?<\/h3>\n<p><span class=\"AnswerParser_TextContainer__z_Iiv\" data-testid=\"youchat-text\">Epoxy Menu NFC Tags er avancerede digitale v\u00e6rkt\u00f8jer designet til at lette problemfri menuadgang og bestilling. Fremstillet af holdbare materialer som PVC og udstyret med NFC-chips, kan disse tags tilpasses med logoer, serienumre og endda dynamiske QR-koder. Deres epoxy kl\u00e6bende overflade sikrer lang levetid og modstandsdygtighed, hvilket g\u00f8r dem velegnede til forskellige milj\u00f8er.<\/span><\/p>\n<h3 class=\"AnswerParser_AnswerParserH3__Mpe4s\">2. N\u00f8glefunktioner af Epoxy Menu NFC Tags<\/h3>\n<ul class=\"AnswerParser_AnswerParserUnorderedList__P_1FW\">\n<li class=\"AnswerParser_ListItem__XqLOV\" translate=\"yes\"><strong>Holdbarhed<\/strong>: Epoxyharpiksoverfladen giver enest\u00e5ende beskyttelse mod olie, vand, ridser og UV-str\u00e5ler, hvilket sikrer, at tags forbliver funktionelle og visuelt tiltalende over tid.<\/li>\n<li class=\"AnswerParser_ListItem__XqLOV\" translate=\"yes\"><strong>Alsidighed<\/strong>: Med st\u00f8rrelser tilg\u00e6ngelige i runde (\u042460 mm, \u042475 mm, \u0424100 mm) og firkantede (80x80 mm), kan disse tags skr\u00e6ddersyes til at passe til ethvert design \u00e6stetisk eller branding krav.<\/li>\n<li class=\"AnswerParser_ListItem__XqLOV\" translate=\"yes\"><strong>Kompatibilitet<\/strong>: Anti-metallaget g\u00f8r det muligt for disse tags at fungere effektivt p\u00e5 b\u00e5de metal- og ikke-metaloverflader, hvilket g\u00f8r dem ideelle til forskellige anvendelser.<\/li>\n<\/ul>\n<h3 class=\"AnswerParser_AnswerParserH3__Mpe4s\">3. Tekniske specifikationer<\/h3>\n<table class=\"has-title all magic-15\">\n<tbody>\n<tr>\n<td colspan=\"1\" rowspan=\"1\">\n<div class=\"magic-16\" data-spm-anchor-id=\"a2700.details.0.i39.7beebf0eKrXqHT\"><span class=\"magic-17\">Punkt<\/span><\/div>\n<\/td>\n<td colspan=\"1\" rowspan=\"1\">\n<div class=\"magic-18\"><span class=\"magic-17\">Epoxy Menu NFC Tags <\/span><\/div>\n<\/td>\n<\/tr>\n<tr>\n<td colspan=\"1\" rowspan=\"1\">\n<div class=\"magic-16\"><span class=\"magic-17\">S\u00e6rlige funktioner<\/span><\/div>\n<\/td>\n<td colspan=\"1\" rowspan=\"1\">\n<div class=\"magic-18\"><span class=\"magic-17\">Vandt\u00e6t \/ vejrbestandig<\/span><\/div>\n<\/td>\n<\/tr>\n<tr>\n<td colspan=\"1\" rowspan=\"1\">\n<div class=\"magic-16\"><span class=\"magic-17\">Kommunikationsgr\u00e6nseflade<\/span><\/div>\n<\/td>\n<td colspan=\"1\" rowspan=\"1\">\n<div class=\"magic-18\"><span class=\"magic-17\">NFC<\/span><\/div>\n<\/td>\n<\/tr>\n<tr>\n<td colspan=\"1\" rowspan=\"1\">\n<div class=\"magic-16\"><span class=\"magic-17\">Frekvens<\/span><\/div>\n<\/td>\n<td colspan=\"1\" rowspan=\"1\">\n<div class=\"magic-18\"><span class=\"magic-17\">13,56 MHz<\/span><\/div>\n<\/td>\n<\/tr>\n<tr>\n<td colspan=\"1\" rowspan=\"1\">\n<div class=\"magic-16\"><span class=\"magic-17\">Materiale<\/span><\/div>\n<\/td>\n<td colspan=\"1\" rowspan=\"1\">\n<div class=\"magic-18\">Epoxy + PET\/PVC + NFC indl\u00e6g + Anti-metal lag + 3M kl\u00e6ber<\/div>\n<\/td>\n<\/tr>\n<tr>\n<td colspan=\"1\" rowspan=\"1\">\n<div class=\"magic-16\">St\u00f8rrelse<\/div>\n<\/td>\n<td colspan=\"1\" rowspan=\"1\">\n<div class=\"magic-18\">Rund: \u042460mm, \u042475mm, \u0424100mm; Firkantet: 80x80mm eller tilpasset<\/div>\n<\/td>\n<\/tr>\n<tr>\n<td colspan=\"1\" rowspan=\"1\">\n<div class=\"magic-16\"><span class=\"magic-17\">Protokol<\/span><\/div>\n<\/td>\n<td colspan=\"1\" rowspan=\"1\">\n<div class=\"magic-18\"><span class=\"magic-17\">ISO 14443A<\/span><\/div>\n<\/td>\n<\/tr>\n<tr>\n<td colspan=\"1\" rowspan=\"1\">\n<div class=\"magic-16\"><span class=\"magic-17\">Chip<\/span><\/div>\n<\/td>\n<td colspan=\"1\" rowspan=\"1\">\n<div class=\"magic-18\">NTAG213, NTAG215, NTAG216 (andre chips tilg\u00e6ngelige)<\/div>\n<\/td>\n<\/tr>\n<tr>\n<td colspan=\"1\" rowspan=\"1\">\n<div class=\"magic-16\"><span class=\"magic-17\">Hukommelse<\/span><\/div>\n<\/td>\n<td colspan=\"1\" rowspan=\"1\">\n<div class=\"magic-18\"><span class=\"magic-17\">144 Byte, 504 Byte, 888 Byte osv<\/span><\/div>\n<\/td>\n<\/tr>\n<tr>\n<td colspan=\"1\" rowspan=\"1\">\n<div class=\"magic-16\"><span class=\"magic-17\">L\u00e6seafstand<\/span><\/div>\n<\/td>\n<td colspan=\"1\" rowspan=\"1\">\n<div class=\"magic-18\"><span class=\"magic-17\">3-15 cm afh\u00e6nger af l\u00e6ser og tagst\u00f8rrelse<\/span><\/div>\n<\/td>\n<\/tr>\n<tr>\n<td colspan=\"1\" rowspan=\"1\">\n<div class=\"magic-16\"><span class=\"magic-17\">Trykning<\/span><\/div>\n<\/td>\n<td colspan=\"1\" rowspan=\"1\">\n<div class=\"magic-18\"><span class=\"magic-17\">CMYK 4C Tryk\/Offset\/Serigrafitryk<\/span><\/div>\n<\/td>\n<\/tr>\n<tr>\n<td colspan=\"1\" rowspan=\"1\">\n<div class=\"magic-16\"><span class=\"magic-17\">H\u00e5ndv\u00e6rk<\/span><\/div>\n<\/td>\n<td colspan=\"1\" rowspan=\"1\">\n<div class=\"magic-18\"><span class=\"magic-17\">Laserkode\\UV-bl\u00e6k\\Serienummer\\Embossing\\Termisk udskrivning<\/span><\/div>\n<\/td>\n<\/tr>\n<tr>\n<td colspan=\"1\" rowspan=\"1\">\n<div class=\"magic-16\"><span class=\"magic-17\">Overflade<\/span><\/div>\n<\/td>\n<td colspan=\"1\" rowspan=\"1\">\n<div class=\"magic-18\"><span class=\"magic-17\">Blank \/Mat\/ Frosted\/ Transparent<\/span><\/div>\n<\/td>\n<\/tr>\n<tr>\n<td colspan=\"1\" rowspan=\"1\">\n<div class=\"magic-16\"><span class=\"magic-17\">Fungere<\/span><\/div>\n<\/td>\n<td colspan=\"1\" rowspan=\"1\">\n<div class=\"magic-18\"><span class=\"magic-17\" data-spm-anchor-id=\"a2700.details.0.i40.7beebf0eKrXqHT\">NFC sociale medier, logistikstyring, aktivstyring, forsyningsk\u00e6destyring, k\u00f8ret\u00f8jsstyring, produktionskontrol, lagerstyring, produktstyring, produktverifikation, aktivsporing, sporing af bagageh\u00e5ndtering, lagerstyring, betaling, armb\u00e5nd osv. Laminering, P\u00e5lidelig, glat print overflade.<\/span><\/div>\n<\/td>\n<\/tr>\n<tr>\n<td colspan=\"1\" rowspan=\"1\">\n<div class=\"magic-16\"><span class=\"magic-17\">Kortv\u00e6gt i standardst\u00f8rrelse<\/span><\/div>\n<\/td>\n<td colspan=\"1\" rowspan=\"1\">\n<div class=\"magic-18\"><span class=\"magic-17\">120*120*4mm 0,058KG\/STK\u00a0 \u00a0<\/span><\/p>\n<div data-spm-anchor-id=\"a2700.pc-decorate.0.i47.51c0333312LtHT\"><span class=\"magic-17\">Hver klisterm\u00e6rkepakke med Opp Transparent taske,\u00a0\u00a0<\/span><\/div>\n<div data-spm-anchor-id=\"a2700.pc-decorate.0.i114.51c0333312LtHT\"><span class=\"magic-17\">320 stk\/Tegnefilm<\/span><\/div>\n<\/div>\n<\/td>\n<\/tr>\n<\/tbody>\n<\/table>\n<h3 class=\"AnswerParser_AnswerParserH3__Mpe4s\">4. Tilpasningsmuligheder<\/h3>\n<p><span class=\"AnswerParser_TextContainer__z_Iiv\" data-testid=\"youchat-text\">En af de i\u00f8jnefaldende funktioner ved Epoxy Menu NFC Tags er deres tilpasningsmuligheder. Virksomheder kan indprinte deres logoer, unikke identifikatorer og endda dynamiske QR-koder, der linker til specifikke kampagner eller menuer. Dette niveau af personalisering \u00f8ger ikke kun brandets synlighed, men engagerer ogs\u00e5 kunderne p\u00e5 en unik m\u00e5de.<\/span><\/p>\n<h3 class=\"AnswerParser_AnswerParserH3__Mpe4s\">5. Ans\u00f8gninger i restaurationsbranchen<\/h3>\n<p><span class=\"AnswerParser_TextContainer__z_Iiv\" data-testid=\"youchat-text\">Epoxy Menu NFC Tags er perfekte til forskellige applikationer, herunder:<\/span><\/p>\n<ul class=\"AnswerParser_AnswerParserUnorderedList__P_1FW\">\n<li class=\"AnswerParser_ListItem__XqLOV\" translate=\"yes\"><strong>Digitale menuer<\/strong>: G\u00e6ster kan f\u00e5 adgang til menuen ved blot at trykke deres smartphones mod tagget eller scanne QR-koden, hvilket reducerer behovet for fysiske menuer.<\/li>\n<li class=\"AnswerParser_ListItem__XqLOV\" translate=\"yes\"><strong>Hurtig udtjekning<\/strong>: Str\u00f8mlin betalingsprocessen ved at integrere betalingslinks direkte i NFC-tags.<\/li>\n<li class=\"AnswerParser_ListItem__XqLOV\" translate=\"yes\"><strong>Links til sociale medier<\/strong>: Tilskynd kunder til at dele deres oplevelser ved at linke til sider p\u00e5 sociale medier eller anmeldelsesplatforme.<\/li>\n<\/ul>\n<h3 class=\"AnswerParser_AnswerParserH3__Mpe4s\">6. Milj\u00f8p\u00e5virkning<\/h3>\n<p><span class=\"AnswerParser_TextContainer__z_Iiv\" data-testid=\"youchat-text\">Brug af Epoxy Menu NFC Tags kan reducere papirspild i forbindelse med traditionelle menuer markant. Ved at v\u00e6lge digitale l\u00f8sninger bidrager virksomheder til milj\u00f8m\u00e6ssig b\u00e6redygtighed, samtidig med at de \u00f8ger brugervenligheden.<\/span><\/p>\n<h3 class=\"AnswerParser_AnswerParserH3__Mpe4s\">7. Kundeanmeldelser og feedback<\/h3>\n<p><span class=\"AnswerParser_TextContainer__z_Iiv\" data-testid=\"youchat-text\">Kunderne har rost\u00a0<strong>Epoxy Menu NFC Tags<\/strong>\u00a0for deres holdbarhed og brugervenlighed. Mange har bem\u00e6rket, at m\u00e6rkerne har forbedret deres madoplevelse ved at give hurtig adgang til menuer og reducere ventetider. Muligheden for at opdatere menupunkter i realtid er ogs\u00e5 blevet fremh\u00e6vet som en v\u00e6sentlig fordel.<\/span><\/p>\n<h3 class=\"AnswerParser_AnswerParserH3__Mpe4s\">8. Ofte stillede sp\u00f8rgsm\u00e5l<\/h3>\n<p><span class=\"AnswerParser_TextContainer__z_Iiv\" data-testid=\"youchat-text\"><strong>Sp: Hvordan installerer jeg Epoxy Menu NFC-tags?<\/strong><br \/>\nA: Du skal blot fjerne bagsiden af 3M-kl\u00e6bemidlet og s\u00e6tte m\u00e6rket p\u00e5 en ren, t\u00f8r overflade. S\u00f8rg for, at den er placeret, hvor kunderne let kan f\u00e5 adgang til den.<\/span><span class=\"AnswerParser_TextContainer__z_Iiv\" data-testid=\"youchat-text\"><strong>Q: Kan jeg opdatere oplysningerne p\u00e5 NFC-tags?<\/strong><br \/>\nA: Ja! Oplysningerne kan til enhver tid opdateres, s\u00e5 du kan holde din menu opdateret uden behov for nye tags.<\/span><span class=\"AnswerParser_TextContainer__z_Iiv\" data-testid=\"youchat-text\"><strong>Q: Hvad er den mindste ordrem\u00e6ngde?<\/strong><br \/>\nA: Minimumsordrem\u00e6ngden er 100 styk, med bedre priser tilg\u00e6ngelig for ordrer p\u00e5 500 styk eller mere.<\/span><\/p>\n<h3 class=\"AnswerParser_AnswerParserH3__Mpe4s\">9. Hvorfor v\u00e6lge Epoxy Menu NFC Tags?<\/h3>\n<p><span class=\"AnswerParser_TextContainer__z_Iiv\" data-testid=\"youchat-text\">Investering i\u00a0<strong>Epoxy Menu NFC Tags<\/strong>\u00a0betyder at investere i en fremtid, hvor kundeoplevelsen er prioriteret. Disse tags \u00f8ger ikke kun driftseffektiviteten, men giver ogs\u00e5 et moderne touch til traditionelle spiseoplevelser. Med deres robuste funktioner og tilpasningsmuligheder er de et vigtigt v\u00e6rkt\u00f8j for enhver virksomhed, der \u00f8nsker at v\u00e6re foran p\u00e5 det konkurrencepr\u00e6gede hotelmarked.<\/span><\/p>\n<h3 class=\"AnswerParser_AnswerParserH3__Mpe4s\">10. Kom i gang i dag!<\/h3>\n<p><span class=\"AnswerParser_TextContainer__z_Iiv\" data-testid=\"youchat-text\">Klar til at l\u00f8fte din madoplevelse?\u00a0<strong>Kontakt os i dag<\/strong>\u00a0for at anmode om en gratis lagerpr\u00f8ve af vores Epoxy Menu NFC-tags og selv se forskellen. Med vores forpligtelse til kvalitet og kundetilfredshed er vi her for at hj\u00e6lpe dig hele vejen.<\/span><\/p>","protected":false},"excerpt":{"rendered":"<p>Forny spisning med Epoxy Menu NFC-tags! Aktiver hurtig menuadgang og bestillinger via smartphones, hvilket forbedrer g\u00e6steoplevelsen og optimerer restaurantdriften.<\/p>","protected":false},"featured_media":2800,"template":"","meta":{"_kad_post_transparent":"default","_kad_post_title":"","_kad_post_layout":"default","_kad_post_sidebar_id":"","_kad_post_content_style":"default","_kad_post_vertical_padding":"default","_kad_post_feature":"","_kad_post_feature_position":"","_kad_post_header":false,"_kad_post_footer":false,"_kad_post_classname":""},"product_brand":[],"product_cat":[54],"product_tag":[277,333,217,332,331],"class_list":{"0":"post-2742","1":"product","2":"type-product","3":"status-publish","4":"has-post-thumbnail","6":"product_cat-hot-selling-rfid-tags","7":"product_tag-menu-nfc-tags","8":"product_tag-nfc-epoxy-sticker","9":"product_tag-nfc-tags","10":"product_tag-restaurant-desk-nfc-menu-tag","11":"product_tag-table-nfc-tags","13":"first","14":"instock","15":"shipping-taxable","16":"product-type-simple","17":"entry","18":"content-bg","19":"loop-entry"},"_links":{"self":[{"href":"https:\/\/rfid-laundry-tag.com\/da\/wp-json\/wp\/v2\/product\/2742","targetHints":{"allow":["GET"]}}],"collection":[{"href":"https:\/\/rfid-laundry-tag.com\/da\/wp-json\/wp\/v2\/product"}],"about":[{"href":"https:\/\/rfid-laundry-tag.com\/da\/wp-json\/wp\/v2\/types\/product"}],"version-history":[{"count":1,"href":"https:\/\/rfid-laundry-tag.com\/da\/wp-json\/wp\/v2\/product\/2742\/revisions"}],"predecessor-version":[{"id":2801,"href":"https:\/\/rfid-laundry-tag.com\/da\/wp-json\/wp\/v2\/product\/2742\/revisions\/2801"}],"wp:featuredmedia":[{"embeddable":true,"href":"https:\/\/rfid-laundry-tag.com\/da\/wp-json\/wp\/v2\/media\/2800"}],"wp:attachment":[{"href":"https:\/\/rfid-laundry-tag.com\/da\/wp-json\/wp\/v2\/media?parent=2742"}],"wp:term":[{"taxonomy":"product_brand","embeddable":true,"href":"https:\/\/rfid-laundry-tag.com\/da\/wp-json\/wp\/v2\/product_brand?post=2742"},{"taxonomy":"product_cat","embeddable":true,"href":"https:\/\/rfid-laundry-tag.com\/da\/wp-json\/wp\/v2\/product_cat?post=2742"},{"taxonomy":"product_tag","embeddable":true,"href":"https:\/\/rfid-laundry-tag.com\/da\/wp-json\/wp\/v2\/product_tag?post=2742"}],"curies":[{"name":"wp","href":"https:\/\/api.w.org\/{rel}","templated":true}]}}