{"id":273,"date":"2024-06-21T16:05:07","date_gmt":"2024-06-21T16:05:07","guid":{"rendered":"https:\/\/rfid-laundry-tag.com\/?post_type=product&#038;p=273"},"modified":"2024-06-21T16:16:08","modified_gmt":"2024-06-21T16:16:08","slug":"paper-uhf-rfid-label","status":"publish","type":"product","link":"https:\/\/rfid-laundry-tag.com\/da\/paper-uhf-rfid-label\/","title":{"rendered":"Papir UHF RFID etiket"},"content":{"rendered":"<table class=\"all magic-10\" style=\"font-family: var(--global-body-font-family);\">\n<tbody>\n<tr>\n<td colspan=\"1\" rowspan=\"1\">\n<div class=\"magic-11\" data-spm-anchor-id=\"a2700.details.0.i164.7f99721782wgI2\">Item Name<\/div>\n<\/td>\n<td colspan=\"1\" rowspan=\"1\">\n<div class=\"magic-12\">Paper UHF RFID Label<\/div>\n<\/td>\n<\/tr>\n<tr>\n<td colspan=\"1\" rowspan=\"1\">\n<div class=\"magic-11\">Frequency<\/div>\n<\/td>\n<td colspan=\"1\" rowspan=\"1\">\n<div class=\"magic-12\">860-960 MHz<\/div>\n<\/td>\n<\/tr>\n<tr>\n<td colspan=\"1\" rowspan=\"1\">\n<div class=\"magic-11\">Chip Type<\/div>\n<\/td>\n<td colspan=\"1\" rowspan=\"1\">\n<div class=\"magic-12\">MR6-P, U8,U9,M730,Alien H9,H10 etc<\/div>\n<\/td>\n<\/tr>\n<tr>\n<td colspan=\"1\" rowspan=\"1\">\n<div class=\"magic-11\">Memory<\/div>\n<\/td>\n<td colspan=\"1\" rowspan=\"1\">\n<div class=\"magic-12\">128\/96 bit EPC,32\/64 bit UM (Depends on different chips)<\/div>\n<\/td>\n<\/tr>\n<tr>\n<td colspan=\"1\" rowspan=\"1\">\n<div class=\"magic-11\">\n<p>Reading Distance on Metal<\/p>\n<p>2 W reader ERP, free space<\/p>\n<\/div>\n<\/td>\n<td colspan=\"1\" rowspan=\"1\">\n<div class=\"magic-12\">Up to 8 m(Depends on chips and environment)<\/div>\n<\/td>\n<\/tr>\n<tr>\n<td colspan=\"1\" rowspan=\"1\">\n<div class=\"magic-11\">Dimensions<\/div>\n<\/td>\n<td colspan=\"1\" rowspan=\"1\">\n<div class=\"magic-12\">54&#215;34 mm<\/div>\n<\/td>\n<\/tr>\n<tr>\n<td colspan=\"1\" rowspan=\"1\">\n<div class=\"magic-11\">Antenna<\/div>\n<\/td>\n<td colspan=\"1\" rowspan=\"1\">\n<div class=\"magic-12\">30x50mm<\/div>\n<\/td>\n<\/tr>\n<tr>\n<td colspan=\"1\" rowspan=\"1\">\n<div class=\"magic-11\">Mounting Method<\/div>\n<\/td>\n<td colspan=\"1\" rowspan=\"1\">\n<div class=\"magic-12\">Self-adhesive<\/div>\n<\/td>\n<\/tr>\n<tr>\n<td colspan=\"1\" rowspan=\"1\">\n<div class=\"magic-11\">Affixes To<\/div>\n<\/td>\n<td colspan=\"1\" rowspan=\"1\">\n<div class=\"magic-12\">Flat, dry and non-metallic surfaces<\/div>\n<\/td>\n<\/tr>\n<tr>\n<td colspan=\"1\" rowspan=\"1\">\n<div class=\"magic-11\">Housing Material<\/div>\n<\/td>\n<td colspan=\"1\" rowspan=\"1\">\n<div class=\"magic-12\">Paper<\/div>\n<\/td>\n<\/tr>\n<tr>\n<td colspan=\"1\" rowspan=\"1\">\n<div class=\"magic-11\">Color<\/div>\n<\/td>\n<td colspan=\"1\" rowspan=\"1\">\n<div class=\"magic-12\">White or Yellow<\/div>\n<\/td>\n<\/tr>\n<tr>\n<td colspan=\"1\" rowspan=\"1\">\n<div class=\"magic-11\">Water<\/div>\n<\/td>\n<td colspan=\"1\" rowspan=\"1\">\n<div class=\"magic-12\">IP67, 20\u00b0 C, 1 m\u00d7 35 min<\/div>\n<\/td>\n<\/tr>\n<tr>\n<td colspan=\"1\" rowspan=\"1\">\n<div class=\"magic-11\">Environmental Test Conditions<\/div>\n<\/td>\n<td colspan=\"1\" rowspan=\"1\">\n<div class=\"magic-12\">20\u00b0 C, 100 h<\/div>\n<\/td>\n<\/tr>\n<tr>\n<td colspan=\"1\" rowspan=\"1\">\n<div class=\"magic-11\">Vibration<\/div>\n<\/td>\n<td colspan=\"1\" rowspan=\"1\">\n<div class=\"magic-12\" data-spm-anchor-id=\"a2700.details.0.i166.7f99721782wgI2\">IEC 68.2.6 [10 g, 10 to 2000 Hz, 3 axis, 2.5 h]<\/div>\n<\/td>\n<\/tr>\n<tr>\n<td colspan=\"1\" rowspan=\"1\">\n<div class=\"magic-11\">Shock<\/div>\n<\/td>\n<td colspan=\"1\" rowspan=\"1\">\n<div class=\"magic-12\" data-spm-anchor-id=\"a2700.details.0.i165.7f99721782wgI2\">IEC 68.2.29 [40 g, 18 ms, 6 axis, 2000 times]<\/div>\n<\/td>\n<\/tr>\n<tr>\n<td colspan=\"1\" rowspan=\"1\">\n<div class=\"magic-11\">Storage<\/div>\n<\/td>\n<td colspan=\"1\" rowspan=\"1\">\n<div class=\"magic-12\">On reel, Shelf life max. 1 year at -10\u00b0 to +40\u00b0C, 30-70% relative humidity<\/div>\n<\/td>\n<\/tr>\n<tr>\n<td colspan=\"1\" rowspan=\"1\">\n<div class=\"magic-11\">Operating<\/div>\n<\/td>\n<td colspan=\"1\" rowspan=\"1\">\n<div class=\"magic-12\">-20\u00b0 to +70\u00b0 C<\/div>\n<\/td>\n<\/tr>\n<tr>\n<td colspan=\"1\" rowspan=\"1\">\n<div class=\"magic-11\">Standards<\/div>\n<\/td>\n<td colspan=\"1\" rowspan=\"1\">\n<div class=\"magic-12\">ISO 18000-6C<\/div>\n<\/td>\n<\/tr>\n<tr>\n<td colspan=\"1\" rowspan=\"1\">\n<div class=\"magic-11\">Warranty<\/div>\n<\/td>\n<td colspan=\"1\" rowspan=\"1\">\n<div class=\"magic-12\">1 Year<\/div>\n<\/td>\n<\/tr>\n<\/tbody>\n<\/table>\n<div><\/div>\n<div class=\"auto-hide-last-sibling-br paragraph_9dc5f paragraph-element\">An RFID system primarily involves an RFID tag or smart tag, an RFID reader, and an antenna. RFID tags contain an integrated circuit and antenna that transmit data to the RFID reader (also called an interrogator). Then the reader converts the radio waves into a more usable form of data.<\/div>\n<p>&nbsp;<\/p>\n<div class=\"auto-hide-last-sibling-br paragraph_9dc5f paragraph-element\">There are notable advantages of RFID over barcodes; the significant one being its ability to scan without needing line-of-sight and its ability to scan multiple items simultaneously. It can further be used to track moving objects and have a range of several meters.<\/div>\n<p>&nbsp;<\/p>\n<div class=\"auto-hide-last-sibling-br paragraph_9dc5f paragraph-element\">Practical applications of RFID are truly vast, as rightly pointed out. It plays a crucial role in areas like mobile payments, electronic tickets, access control, mobile identity recognition, and also robustly aids in anti-counterfeiting measures.<\/div>\n<p>&nbsp;<\/p>\n<div class=\"auto-hide-last-sibling-br paragraph_9dc5f paragraph-element\">Indeed, the future prospects of RFID are immense and exciting. With the inevitable growth of the Internet of Things, RFID technology indisputably will play a central role. It has already started to facilitate a connection between physical objects into the digital realm, enhancing efficiency, accuracy, and safety in numerous sectors.<\/div>\n<div><\/div>\n<div class=\"J_module\">\n<div class=\"ife-detail-decorate-table\">\n<table class=\"has-title is-zebra all magic-10\">\n<tbody>\n<tr>\n<td colspan=\"7\" rowspan=\"1\">\n<div class=\"magic-25\">\n<div class=\"magic-12\" data-spm-anchor-id=\"a2700.details.0.i80.72f139f1F8XTci\"><b><span class=\"magic-26\" style=\"color: #2196ed;\">Chip Parameter : Impinj M700 Series Chip<\/span><\/b><\/div>\n<\/div>\n<\/td>\n<\/tr>\n<tr>\n<td colspan=\"1\" rowspan=\"1\">\n<div class=\"magic-29\">\n<div class=\"magic-12\">Chip Parameter<\/div>\n<\/div>\n<\/td>\n<td colspan=\"1\" rowspan=\"1\">\n<div class=\"magic-27\">\n<div class=\"magic-12\">M730<\/div>\n<\/div>\n<\/td>\n<td colspan=\"1\" rowspan=\"1\">\n<div class=\"magic-28\">\n<div class=\"magic-12\">M750<\/div>\n<\/div>\n<\/td>\n<td colspan=\"1\" rowspan=\"1\">\n<div class=\"magic-29\">\n<div class=\"magic-12\">M770<\/div>\n<\/div>\n<\/td>\n<td colspan=\"1\" rowspan=\"1\">\n<div class=\"magic-30\">\n<div class=\"magic-12\">M775<\/div>\n<\/div>\n<\/td>\n<td colspan=\"1\" rowspan=\"1\">\n<div class=\"magic-30\">\n<div class=\"magic-12\">M780<\/div>\n<\/div>\n<\/td>\n<td colspan=\"1\" rowspan=\"1\">\n<div class=\"magic-32\">\n<div class=\"magic-12\">M781<\/div>\n<\/div>\n<\/td>\n<\/tr>\n<tr>\n<td colspan=\"1\" rowspan=\"1\">\n<div class=\"magic-29\">\n<div class=\"magic-12\">EPC<\/div>\n<\/div>\n<\/td>\n<td colspan=\"1\" rowspan=\"1\">\n<div class=\"magic-27\">\n<div class=\"magic-12\">128 bits<\/div>\n<\/div>\n<\/td>\n<td colspan=\"1\" rowspan=\"1\">\n<div class=\"magic-28\">\n<div class=\"magic-12\">96 bits<\/div>\n<\/div>\n<\/td>\n<td colspan=\"1\" rowspan=\"1\">\n<div class=\"magic-29\">\n<div class=\"magic-12\">128 bits<\/div>\n<\/div>\n<\/td>\n<td colspan=\"1\" rowspan=\"1\">\n<div class=\"magic-30\">\n<div class=\"magic-12\">128 bits<\/div>\n<\/div>\n<\/td>\n<td colspan=\"1\" rowspan=\"1\">\n<div class=\"magic-30\">\n<div class=\"magic-12\">496 bits<\/div>\n<\/div>\n<\/td>\n<td colspan=\"1\" rowspan=\"1\">\n<div class=\"magic-32\">\n<div class=\"magic-12\">128 bits<\/div>\n<\/div>\n<\/td>\n<\/tr>\n<tr>\n<td colspan=\"1\" rowspan=\"1\">\n<div class=\"magic-29\">\n<div class=\"magic-12\">TID<\/div>\n<\/div>\n<\/td>\n<td colspan=\"1\" rowspan=\"1\">\n<div class=\"magic-27\">\n<div class=\"magic-12\">96 bits<\/div>\n<\/div>\n<\/td>\n<td colspan=\"1\" rowspan=\"1\">\n<div class=\"magic-28\">\n<div class=\"magic-12\">96 bits<\/div>\n<\/div>\n<\/td>\n<td colspan=\"1\" rowspan=\"1\">\n<div class=\"magic-29\">\n<div class=\"magic-12\">96 bits<\/div>\n<\/div>\n<\/td>\n<td colspan=\"1\" rowspan=\"1\">\n<div class=\"magic-30\">\n<div class=\"magic-12\">96 bits<\/div>\n<\/div>\n<\/td>\n<td colspan=\"1\" rowspan=\"1\">\n<div class=\"magic-30\">\n<div class=\"magic-12\">96 bits<\/div>\n<\/div>\n<\/td>\n<td colspan=\"1\" rowspan=\"1\">\n<div class=\"magic-32\">\n<div class=\"magic-12\">96 bits<\/div>\n<\/div>\n<\/td>\n<\/tr>\n<tr>\n<td colspan=\"1\" rowspan=\"1\">\n<div class=\"magic-29\">\n<div class=\"magic-12\">User Area<\/div>\n<\/div>\n<\/td>\n<td colspan=\"1\" rowspan=\"1\">\n<div class=\"magic-27\">\n<div class=\"magic-12\">0<\/div>\n<\/div>\n<\/td>\n<td colspan=\"1\" rowspan=\"1\">\n<div class=\"magic-28\">\n<div class=\"magic-12\">32 bits<\/div>\n<\/div>\n<\/td>\n<td colspan=\"1\" rowspan=\"1\">\n<div class=\"magic-29\">\n<div class=\"magic-12\" data-spm-anchor-id=\"a2700.details.0.i81.72f139f1F8XTci\">32 bits<\/div>\n<\/div>\n<\/td>\n<td colspan=\"1\" rowspan=\"1\">\n<div class=\"magic-30\">\n<div class=\"magic-12\">32 bits<\/div>\n<\/div>\n<\/td>\n<td colspan=\"1\" rowspan=\"1\">\n<div class=\"magic-30\">\n<div class=\"magic-12\">128 bits<\/div>\n<\/div>\n<\/td>\n<td colspan=\"1\" rowspan=\"1\">\n<div class=\"magic-32\">\n<div class=\"magic-12\">512 bits<\/div>\n<\/div>\n<\/td>\n<\/tr>\n<\/tbody>\n<\/table>\n<\/div>\n<\/div>\n<div class=\"J_module\">\n<div class=\"detail-decorate-json-renderer-container\">\n<div class=\"magic-0\">\n<div class=\"magic-12\"><\/div>\n<div class=\"magic-34\">\n<div class=\"magic-4\">\n<div><\/div>\n<div><strong>FAQs:<\/strong><\/div>\n<div><\/div>\n<div class=\"magic-5\">This product can be suitable for printers, which can be simple and fast printing information on the surface of the product<\/div>\n<\/div>\n<\/div>\n<\/div>\n<div>1. Are you Manufacturer ?<br \/>\nYes. Our factory is located in Shenzhen, and we have been involved in this industry more than 10 years.<\/p>\n<p>2. What is your MOQ?<br \/>\nIt is very flexible.Usually, our MOQ is 500pcs, for some items, the MOQ is 1000pcs.<\/p>\n<p>3.What is your payment terms?<br \/>\nFor bulk order:50% deposit and 50% before delivery by TT Or Western Union.<br \/>\nFor Samples order Below USD100, Paypal is OK.<\/p>\n<p>4. What do you usually deliver the goods?<br \/>\nBy DHL, Fedex, TNT, etc. It takes 3-7 working days door to door service.<br \/>\nSome bulk order, also send by air shipment.<\/p>\n<p>5. Can you offer free sample?<br \/>\nIf the stock available,free samples can be provided any time.<\/p>\n<p>6.What&#8217;s your production capacity?<br \/>\nRFID Tag:5,000,000pcs\/month<br \/>\nRFID Card: 3,000,000pcs\/month<br \/>\nRFID Inlay: 5,000,000pcs\/month<\/p><\/div>\n<\/div>\n<\/div>\n","protected":false},"excerpt":{"rendered":"<p>UHF RFID-etiketter af papir, udstyret med et passende indl\u00e6g, finder udstrakt brug p\u00e5 tv\u00e6rs af forskellige sektorer som logistik, l\u00e6gemidler og adskillige industriomr\u00e5der. Kerneteknologien, RFID eller Radio Frequency Identification, muligg\u00f8r problemfri dataoverf\u00f8rsel via radiosignaler til datachippen, der er indlejret i etiketten. Etiketternes alsidighed g\u00f8r dem velegnede til forskellige anvendelser. Grundl\u00e6ggende bruger RFID-teknologi en radioforbindelse til at overf\u00f8re data til den integrerede chip inde i etiketten. Derfor, uanset om det drejer sig om at spore et farmaceutisk produkt eller styre logistik, \u00f8ger disse etiketter effektiviteten og n\u00f8jagtigheden i driften og forvaltningen af aktiver.<\/p>","protected":false},"featured_media":274,"template":"","meta":{"_kad_post_transparent":"default","_kad_post_title":"","_kad_post_layout":"default","_kad_post_sidebar_id":"","_kad_post_content_style":"default","_kad_post_vertical_padding":"default","_kad_post_feature":"","_kad_post_feature_position":"","_kad_post_header":false,"_kad_post_footer":false,"_kad_post_classname":""},"product_brand":[],"product_cat":[54],"product_tag":[99,100,101,98],"class_list":{"0":"post-273","1":"product","2":"type-product","3":"status-publish","4":"has-post-thumbnail","6":"product_cat-hot-selling-rfid-tags","7":"product_tag-paper-uhf-rfid-label","8":"product_tag-rfid-label","9":"product_tag-rfid-sticker","10":"product_tag-uhf-rfid-label","12":"first","13":"instock","14":"shipping-taxable","15":"product-type-simple","16":"entry","17":"content-bg","18":"loop-entry"},"_links":{"self":[{"href":"https:\/\/rfid-laundry-tag.com\/da\/wp-json\/wp\/v2\/product\/273","targetHints":{"allow":["GET"]}}],"collection":[{"href":"https:\/\/rfid-laundry-tag.com\/da\/wp-json\/wp\/v2\/product"}],"about":[{"href":"https:\/\/rfid-laundry-tag.com\/da\/wp-json\/wp\/v2\/types\/product"}],"version-history":[{"count":0,"href":"https:\/\/rfid-laundry-tag.com\/da\/wp-json\/wp\/v2\/product\/273\/revisions"}],"wp:featuredmedia":[{"embeddable":true,"href":"https:\/\/rfid-laundry-tag.com\/da\/wp-json\/wp\/v2\/media\/274"}],"wp:attachment":[{"href":"https:\/\/rfid-laundry-tag.com\/da\/wp-json\/wp\/v2\/media?parent=273"}],"wp:term":[{"taxonomy":"product_brand","embeddable":true,"href":"https:\/\/rfid-laundry-tag.com\/da\/wp-json\/wp\/v2\/product_brand?post=273"},{"taxonomy":"product_cat","embeddable":true,"href":"https:\/\/rfid-laundry-tag.com\/da\/wp-json\/wp\/v2\/product_cat?post=273"},{"taxonomy":"product_tag","embeddable":true,"href":"https:\/\/rfid-laundry-tag.com\/da\/wp-json\/wp\/v2\/product_tag?post=273"}],"curies":[{"name":"wp","href":"https:\/\/api.w.org\/{rel}","templated":true}]}}