{"id":2689,"date":"2024-09-26T09:32:20","date_gmt":"2024-09-26T09:32:20","guid":{"rendered":"https:\/\/rfid-laundry-tag.com\/?post_type=product&#038;p=2689"},"modified":"2024-09-26T14:30:31","modified_gmt":"2024-09-26T14:30:31","slug":"rfid-nfc-mifare-desfire-inlay","status":"publish","type":"product","link":"https:\/\/rfid-laundry-tag.com\/da\/vare\/rfid-nfc-mifare-desfire-inlay\/","title":{"rendered":"RFID NFC MIFARE Desfire INLAY"},"content":{"rendered":"<h1>RFID NFC MIFARE Desfire INLAY<\/h1>\n<p>De<strong> RFID NFC MIFARE Desfire INLAY<\/strong>\u00a0er en avanceret l\u00f8sning designet til applikationer, der kr\u00e6ver robust sikkerhed og enest\u00e5ende ydeevne. Med dens indlejrede RFID-chip og brugerdefinerbare funktioner tilbyder dette indl\u00e6g en problemfri oplevelse til forskellige form\u00e5l \u2013 fra adgangskontrol til betalingssystemer. Uanset om du er en virksomhed, der \u00f8nsker at opgradere dine identifikationsmetoder, eller en person, der s\u00f8ger sikre transaktioner, er MIFARE DESFire-indl\u00e6g et overbevisende valg.<\/p>\n<h3>Funktioner i MIFARE_DESFIRE EV2 2K\/4k\/8K<\/h3>\n<div id=\"featuresXsp\" class=\"features-list toggle-opacity in\">\n<div class=\"features-xsp\">\n<div class=\"collapse-mobile ste-list\">\n<h3>RF-interface: ISO\/IEC 14443 Type A<\/h3>\n<ul class=\"boxes\">\n<li>Kontaktl\u00f8s gr\u00e6nseflade i overensstemmelse med ISO\/IEC 14443-2\/3 A<\/li>\n<li>Lav Hmin muligg\u00f8r betjeningsafstand op til 100 mm (afh\u00e6ngig af effekt leveret af PCD&#039;en og antennegeometrien)<\/li>\n<li>Hurtig dataoverf\u00f8rsel: 106 kbit\/s, 212 kbit\/s, 424 kbit\/s, 848 kbit\/s<\/li>\n<li>7 bytes entydig identifikator (mulighed for Random ID)<\/li>\n<li>Bruger ISO\/IEC 14443-4 transmissionsprotokol<\/li>\n<li>Konfigurerbar FSCI til at underst\u00f8tte op til 128 bytes rammest\u00f8rrelse (ny)<\/li>\n<\/ul>\n<\/div>\n<div class=\"collapse-mobile ste-list\">\n<h3>Ikke-flygtig hukommelse<\/h3>\n<ul class=\"boxes\">\n<li>2 kB, 4 kB, 8 kB, 16 kB eller 32 kB NV<\/li>\n<li>Opbevaring af data i 25 \u00e5r<\/li>\n<li>Skriv udholdenhed typisk 500 000 cyklusser<\/li>\n<li>Hurtige programmeringscyklusser (slet\/skriv)<\/li>\n<\/ul>\n<\/div>\n<div class=\"collapse-mobile ste-list\">\n<h3>NV-hukommelsesorganisation<\/h3>\n<ul class=\"boxes\">\n<li>Fleksibelt filsystem: brugeren kan frit definere applikationsstrukturer p\u00e5 PICC<\/li>\n<li>Stort set ingen begr\u00e6nsning p\u00e5 antallet af ans\u00f8gninger pr. PICC (ny)<\/li>\n<li>Op til 32 filer i hver applikation (6 tilg\u00e6ngelige filtyper: standarddatafil, sikkerhedskopieringsdatafil, v\u00e6rdifil, line\u00e6r postfil, cyklisk postfil og transaktions-MAC-fil)<\/li>\n<li>Filst\u00f8rrelsen bestemmes under oprettelsen (ikke for Transaction MAC-fil)<\/li>\n<\/ul>\n<\/div>\n<\/div>\n<\/div>\n<h2>Vigtigste fordele ved RFID NFC MIFARE Desfire INLAY<\/h2>\n<p>MIFARE DESFire <a href=\"https:\/\/rfid-laundry-tag.com\/da\/rfid-inlay\/\">RFID indl\u00e6g<\/a> er ikke kun etiketter; de repr\u00e6senterer et skridt ind i en fremtid, hvor effektivitet, fleksibilitet og sikkerhed eksisterer side om side. Disse indl\u00e6g kan tilpasses, s\u00e5 de passer til dine specifikke behov, og viser dit brand, samtidig med at de giver forbedret funktionalitet. MIFARE DESFire-platformens alsidighed giver mulighed for applikationer lige fra kontaktl\u00f8se betalinger til sikre adgangskontrolsystemer.<\/p>\n<h3>Funktioner af MIFARE DESFire RFID Inlay<\/h3>\n<p>MIFARE DESFire <a href=\"https:\/\/rfid-laundry-tag.com\/da\/rfid-inlay\/\">RFID indl\u00e6g<\/a> tilbyder adskillige funktioner, der g\u00f8r det til et vigtigt v\u00e6rkt\u00f8j i moderne RFID-applikationer. Dette inkluderer kompatibilitet med NFC-aktiverede enheder, flere datakapaciteter (op til 32k) og sikre krypteringsstandarder, der beskytter brugerdata.<\/p>\n<h3>Styrken ved MIFARE DESFire-teknologi<\/h3>\n<p>MIFARE DESFire-teknologien er p\u00e5 forkant med RFID-industrien, kendt for sin effektivitet inden for datatransmission og sikkerhed. Platformen overholder Common Criteria EAL5+ sikkerhedscertificering, hvilket g\u00f8r den p\u00e5lidelig til f\u00f8lsomme applikationer s\u00e5som bankkort og elektroniske pas.<\/p>\n<h3>Alsidige anvendelser af RFID-indl\u00e6g<\/h3>\n<p>Tilpasningsmulighederne for MIFARE DESFire <a href=\"https:\/\/rfid-laundry-tag.com\/da\/rfid-inlay\/\">RFID indl\u00e6g<\/a> er enorme. Fra smart city-tjenester til loyalitetsprogrammer og kontantl\u00f8se betalingsl\u00f8sninger er funktionaliteterne skr\u00e6ddersyet til at im\u00f8dekomme kravene fra moderne teknologi.<\/p>\n<h3>Tilpasningsmuligheder til din virksomhed<\/h3>\n<p>Med MIFARE DESFire <a href=\"https:\/\/rfid-laundry-tag.com\/da\/rfid-inlay\/\">RFID indl\u00e6g<\/a>, kan du tilpasse alt fra form og st\u00f8rrelse til trykte logoer og serienumre. Denne fleksibilitet \u00f8ger brandets synlighed og giver en unik brugeroplevelse, der er skr\u00e6ddersyet til specifikke forretningsbehov.<\/p>\n<h3>Forbedrede sikkerhedsfunktioner<\/h3>\n<p>Sikkerhedsforanstaltningerne indlejret i MIFARE DESFire RFID Inlays er uden sidestykke. Med gensidig tre-pass-godkendelse og AES-kryptering til datatransmission kan brugerne v\u00e6re sikre p\u00e5, at deres oplysninger forbliver private og sikre.<\/p>\n<h3>Milj\u00f8venlige overvejelser<\/h3>\n<p>Da RFID-teknologi omfavner b\u00e6redygtighed, kan MIFARE DESFire Inlays produceres med milj\u00f8bevidste materialer. Dette aspekt reducerer ikke kun milj\u00f8p\u00e5virkningen, men bringer ogs\u00e5 din virksomhed p\u00e5 linje med moderne forbrugerv\u00e6rdier.<\/p>\n<h3>Tekniske specifikationer p\u00e5 et \u00f8jeblik<\/h3>\n<div>\n<div class=\"overflow-x-auto custom-scrollbar custom-scrollbar-wide mb-2\">\n<table class=\"w-fit !mb-2 !max-w-none\">\n<thead>\n<tr>\n<th style=\"text-align: left;\"><strong>Specifikation<\/strong><\/th>\n<th style=\"text-align: left;\"><strong>Beskrivelse<\/strong><\/th>\n<\/tr>\n<\/thead>\n<tbody>\n<tr>\n<td><strong>RF gr\u00e6nseflade<\/strong><\/td>\n<td>ISO\/IEC 14443 Type A<\/td>\n<\/tr>\n<tr>\n<td><strong>Driftsafstand<\/strong><\/td>\n<td>Op til 100 mm<\/td>\n<\/tr>\n<tr>\n<td><strong>Dataoverf\u00f8rselshastigheder<\/strong><\/td>\n<td>106 kbit\/s til 848 kbit\/s<\/td>\n<\/tr>\n<tr>\n<td><strong>Hukommelsesindstillinger<\/strong><\/td>\n<td>2k, 4k, 8k, 16k eller 32k NV<\/td>\n<\/tr>\n<tr>\n<td><strong>Unik identifikator<\/strong><\/td>\n<td>7 bytes med Random ID mulighed<\/td>\n<\/tr>\n<tr>\n<td><strong>Sikkerhedscertificering<\/strong><\/td>\n<td>F\u00e6lles kriterier EAL5+<\/td>\n<\/tr>\n<\/tbody>\n<\/table>\n<\/div>\n<\/div>\n<h3>Kundeudtalelser<\/h3>\n<p>Kunder fra forskellige sektorer har rost MIFARE DESFire-indl\u00e6ggene for deres ydeevne og p\u00e5lidelighed. Feedback understreger den lette integration, effektiviteten i driften og den generelle tilfredshed med sikkerhedsfunktioner.<\/p>\n<h3>Ofte stillede sp\u00f8rgsm\u00e5l (ofte stillede sp\u00f8rgsm\u00e5l)<\/h3>\n<p><strong>Hvad er den maksimale hukommelsesst\u00f8rrelse for MIFARE DESFire-indl\u00e6g?<\/strong><\/p>\n<ul>\n<li style=\"list-style-type: none;\">\n<ul>\n<li>Den maksimale tilg\u00e6ngelige hukommelsesst\u00f8rrelse er 32k.<\/li>\n<\/ul>\n<\/li>\n<\/ul>\n<p><strong>Er disse indl\u00e6g kompatible med eksisterende NFC-l\u00e6sere?<\/strong><\/p>\n<ul>\n<li style=\"list-style-type: none;\">\n<ul>\n<li>Ja, de er fuldt ud kompatible med eksisterende NFC-l\u00e6serinfrastruktur.<\/li>\n<\/ul>\n<\/li>\n<\/ul>\n<p><strong>Kan jeg tilpasse indstillinger for dataoverf\u00f8rsel?<\/strong><\/p>\n<ul>\n<li style=\"list-style-type: none;\">\n<ul>\n<li>Ja, du kan konfigurere rammest\u00f8rrelsen, s\u00e5 den passer til dine applikationsbehov.<\/li>\n<\/ul>\n<\/li>\n<\/ul>\n<h3>Endelige tanker om MIFARE DESFire RFID-indl\u00e6g<\/h3>\n<p>MIFARE DESFire RFID Inlay inkarnerer den perfekte fusion af sikkerhed, ydeevne og alsidighed. Med muligheder for tilpasning, h\u00f8je sikkerhedsstandarder og en r\u00e6kke applikationer er investering i denne teknologi et smart valg for b\u00e5de virksomheder og enkeltpersoner.<\/p>\n<p>L\u00e5s op for sikkerhed og effektivitet p\u00e5 n\u00e6ste niveau med\u00a0<strong>MIFARE DESFire RFID-indl\u00e6g<\/strong>.\u00a0<strong>Kontakt os<\/strong>\u00a0i dag for at udforske, hvordan vores l\u00f8sninger kan opfylde dine behov og opgradere din virksomheds muligheder. Uanset om du \u00f8nsker at forbedre adgangskontrol, optimere betalingssystemer eller integrere en smart sporingsl\u00f8sning, er MIFARE DESFire-teknologi din n\u00f8gle til en sikker fremtid.<\/p>","protected":false},"excerpt":{"rendered":"<p>Oplev RFID NFC MIFARE Desfire INLAY \u2013 sikre, alsidige og tilpasselige l\u00f8sninger til adgangskontrol og betalinger, der sikrer \u00f8get effektivitet og sikkerhed.<\/p>","protected":false},"featured_media":2673,"template":"","meta":{"_kad_post_transparent":"default","_kad_post_title":"","_kad_post_layout":"default","_kad_post_sidebar_id":"","_kad_post_content_style":"default","_kad_post_vertical_padding":"default","_kad_post_feature":"","_kad_post_feature_position":"","_kad_post_header":false,"_kad_post_footer":false,"_kad_post_classname":""},"product_brand":[],"product_cat":[189],"product_tag":[313,111,108],"class_list":{"0":"post-2689","1":"product","2":"type-product","3":"status-publish","4":"has-post-thumbnail","6":"product_cat-rfid-inlay","7":"product_tag-mifare-desfire-inlay","8":"product_tag-nfc-inlay","9":"product_tag-rfid-inlay","11":"first","12":"instock","13":"shipping-taxable","14":"product-type-simple","15":"entry","16":"content-bg","17":"loop-entry"},"_links":{"self":[{"href":"https:\/\/rfid-laundry-tag.com\/da\/wp-json\/wp\/v2\/product\/2689","targetHints":{"allow":["GET"]}}],"collection":[{"href":"https:\/\/rfid-laundry-tag.com\/da\/wp-json\/wp\/v2\/product"}],"about":[{"href":"https:\/\/rfid-laundry-tag.com\/da\/wp-json\/wp\/v2\/types\/product"}],"version-history":[{"count":2,"href":"https:\/\/rfid-laundry-tag.com\/da\/wp-json\/wp\/v2\/product\/2689\/revisions"}],"predecessor-version":[{"id":2693,"href":"https:\/\/rfid-laundry-tag.com\/da\/wp-json\/wp\/v2\/product\/2689\/revisions\/2693"}],"wp:featuredmedia":[{"embeddable":true,"href":"https:\/\/rfid-laundry-tag.com\/da\/wp-json\/wp\/v2\/media\/2673"}],"wp:attachment":[{"href":"https:\/\/rfid-laundry-tag.com\/da\/wp-json\/wp\/v2\/media?parent=2689"}],"wp:term":[{"taxonomy":"product_brand","embeddable":true,"href":"https:\/\/rfid-laundry-tag.com\/da\/wp-json\/wp\/v2\/product_brand?post=2689"},{"taxonomy":"product_cat","embeddable":true,"href":"https:\/\/rfid-laundry-tag.com\/da\/wp-json\/wp\/v2\/product_cat?post=2689"},{"taxonomy":"product_tag","embeddable":true,"href":"https:\/\/rfid-laundry-tag.com\/da\/wp-json\/wp\/v2\/product_tag?post=2689"}],"curies":[{"name":"wp","href":"https:\/\/api.w.org\/{rel}","templated":true}]}}