{"id":268,"date":"2024-06-21T15:32:44","date_gmt":"2024-06-21T15:32:44","guid":{"rendered":"https:\/\/rfid-laundry-tag.com\/?post_type=product&#038;p=268"},"modified":"2024-06-28T10:04:38","modified_gmt":"2024-06-28T10:04:38","slug":"uhf-rfid-label-alien-h9","status":"publish","type":"product","link":"https:\/\/rfid-laundry-tag.com\/da\/vare\/uhf-rfid-label-alien-h9\/","title":{"rendered":"UHF RFID-m\u00e6rke Alien H9"},"content":{"rendered":"<h2>UHF RFID-m\u00e6rke Alien H9<\/h2>\n<p><span style=\"font-family: inherit; font-size: 24px; font-weight: bold;\">UHF RFID-m\u00e6rke til lagersporing<\/span><\/p>\n<div class=\"J_module\">\n<div class=\"ife-detail-decorate-table\">\n<table class=\"all magic-10\">\n<tbody>\n<tr>\n<td colspan=\"1\" rowspan=\"1\">\n<div class=\"magic-11\">Chip<\/div>\n<\/td>\n<td colspan=\"1\" rowspan=\"1\">\n<div class=\"magic-12\">Alien H9<\/div>\n<\/td>\n<\/tr>\n<tr>\n<td colspan=\"1\" rowspan=\"1\">\n<div class=\"magic-11\">Frekvens<\/div>\n<\/td>\n<td colspan=\"1\" rowspan=\"1\">\n<div class=\"magic-12\">860 ~ 960 MHz<\/div>\n<\/td>\n<\/tr>\n<tr>\n<td colspan=\"1\" rowspan=\"1\">\n<div class=\"magic-11\">Materiale<\/div>\n<\/td>\n<td colspan=\"1\" rowspan=\"1\">\n<div class=\"magic-12\">Bestr\u00f8get papir\/PET\/Syntetisk papir\/Termisk papir\/tilpasning<\/div>\n<\/td>\n<\/tr>\n<tr>\n<td colspan=\"1\" rowspan=\"1\">\n<div class=\"magic-11\">Arbejdstilstand<\/div>\n<\/td>\n<td colspan=\"1\" rowspan=\"1\">\n<div class=\"magic-12\">Passiv<\/div>\n<\/td>\n<\/tr>\n<tr>\n<td colspan=\"1\" rowspan=\"1\">\n<div class=\"magic-11\">IC liv<\/div>\n<\/td>\n<td colspan=\"1\" rowspan=\"1\">\n<div class=\"magic-12\">100.000 programmeringscyklusser, 10 \u00e5rs dataopbevaring<\/div>\n<\/td>\n<\/tr>\n<tr>\n<td colspan=\"1\" rowspan=\"1\">\n<div class=\"magic-11\">Driftstemperatur\/fugtighed<\/div>\n<\/td>\n<td colspan=\"1\" rowspan=\"1\">\n<div class=\"magic-12\">-25~50\u2103\/20%~80% RH<\/div>\n<\/td>\n<\/tr>\n<tr>\n<td colspan=\"1\" rowspan=\"1\">\n<div class=\"magic-11\">Opbevaringstemperatur\/fugtighed<\/div>\n<\/td>\n<td colspan=\"1\" rowspan=\"1\">\n<div class=\"magic-12\">+23\u00b0C\u00b15\u00b0C\/ 50%\u00b110% RH(Uden kondensering).<\/div>\n<\/td>\n<\/tr>\n<tr>\n<td colspan=\"1\" rowspan=\"1\">\n<div class=\"magic-11\">Antenne<\/div>\n<\/td>\n<td colspan=\"1\" rowspan=\"1\">\n<div class=\"magic-12\">Aluminium\u00e6tsning, 94,8*8,1mm<\/div>\n<\/td>\n<\/tr>\n<tr>\n<td colspan=\"1\" rowspan=\"1\">\n<div class=\"magic-11\">V\u00e5dt indl\u00e6g\/Label Str<\/div>\n<\/td>\n<td colspan=\"1\" rowspan=\"1\">\n<div class=\"magic-12\">98*15mm eller tilpasning<\/div>\n<\/td>\n<\/tr>\n<tr>\n<td colspan=\"1\" rowspan=\"1\">\n<div class=\"magic-11\">Trykning<\/div>\n<\/td>\n<td colspan=\"1\" rowspan=\"1\">\n<div class=\"magic-12\">Fuldfarvetryk, logo, stregkode, QR-kode osv<\/div>\n<\/td>\n<\/tr>\n<tr>\n<td colspan=\"1\" rowspan=\"1\">\n<div class=\"magic-11\">Pr\u00f8ve<\/div>\n<\/td>\n<td colspan=\"1\" rowspan=\"1\">\n<div class=\"magic-12\">Pr\u00f8ven er gratis til din kvalitetstest<\/div>\n<\/td>\n<\/tr>\n<tr>\n<td colspan=\"1\" rowspan=\"1\">\n<div class=\"magic-11\">Protokol<\/div>\n<\/td>\n<td colspan=\"1\" rowspan=\"1\">\n<div class=\"magic-12\">ISO\/IEC 18000-6C EPC Klasse1 Gen2<\/div>\n<\/td>\n<\/tr>\n<tr>\n<td colspan=\"1\" rowspan=\"1\">\n<div class=\"magic-11\">Emballage<\/div>\n<\/td>\n<td colspan=\"1\" rowspan=\"1\">\n<div class=\"magic-12\">1000-5000 stk\/rulle, 4 ruller\/karton<\/div>\n<\/td>\n<\/tr>\n<tr>\n<td colspan=\"1\" rowspan=\"1\">\n<div class=\"magic-11\">Oprindelsessted<\/div>\n<\/td>\n<td colspan=\"1\" rowspan=\"1\">\n<div class=\"magic-12\">Chengdu, Kina<\/div>\n<\/td>\n<\/tr>\n<tr>\n<td colspan=\"1\" rowspan=\"4\">\n<div class=\"magic-11\">Anvendelse\/l\u00f8sning<\/div>\n<\/td>\n<td colspan=\"1\" rowspan=\"1\">\n<div class=\"magic-12\">Sikker adgangskontrol\/Kontantfri betaling Medlemskab og loyalitetsprogrammer<\/div>\n<\/td>\n<\/tr>\n<tr>\n<td colspan=\"1\" rowspan=\"1\">\n<div class=\"magic-12\" data-spm-anchor-id=\"a2700.details.0.i80.59c943e8HVzkHD\">Eventadgang og branding\/sociale medier\/detailhandel<\/div>\n<\/td>\n<\/tr>\n<tr>\n<td colspan=\"1\" rowspan=\"1\">\n<div class=\"magic-12\">Milj\u00f8\/Spil &amp; Leget\u00f8j Placering\/Elektronik\/messer<\/div>\n<\/td>\n<\/tr>\n<tr>\n<td colspan=\"1\" rowspan=\"1\">\n<div class=\"magic-12\">Begivenheder\/Opkaldsanmodning\/Visitkort<\/div>\n<\/td>\n<\/tr>\n<\/tbody>\n<\/table>\n<p>&nbsp;<\/p>\n<\/div>\n<\/div>\n<div class=\"J_module\">\n<div><\/div>\n<div class=\"auto-hide-last-sibling-br paragraph_9dc5f paragraph-element\">UHF RFID-etiketter (Ultra High Frequency Radio Frequency Identification Labels) er virkelig alsidige v\u00e6rkt\u00f8jer med store applikationer i forskellige sektorer.<\/div>\n<div class=\"auto-hide-last-sibling-br paragraph_9dc5f paragraph-element\">Identifikation: Disse etiketter kan nemt gemme personlige data, hvilket er nyttigt i scenarier for identitetsbekr\u00e6ftelse, hvilket g\u00f8r det til et p\u00e5lideligt valg for forskellige institutioner, der kr\u00e6ver sikre og effektive identifikationsmetoder.<\/div>\n<div><\/div>\n<div class=\"auto-hide-last-sibling-br paragraph_9dc5f paragraph-element\">Offentlig transport og arrangementsbilletter: UHF RFID-etiketter bruges almindeligvis i automatiserede billetsystemer s\u00e5som metro- eller buspoletter, s\u00e5vel som i begivenhedsbilletsalg, hvor det giver mulighed for hurtig og effektiv adgang.<\/div>\n<div><\/div>\n<div class=\"auto-hide-last-sibling-br paragraph_9dc5f paragraph-element\">Elektronisk bompengeopkr\u00e6vning: Brugen af UHF RFID-etiketter her muligg\u00f8r hurtige bompengebetalinger uden at kr\u00e6ve, at k\u00f8ret\u00f8jer stopper, hvilket reducerer trafikken betydeligt og forbedrer brugervenligheden.<\/div>\n<div><\/div>\n<div class=\"auto-hide-last-sibling-br paragraph_9dc5f paragraph-element\">Asset Management: Etiketterne kan knyttes til aktiver, hvilket muligg\u00f8r sporing i realtid, placering og informationsopdatering, forbedrer lagerstyring og reducerer tab eller tyveri.<\/div>\n<div><\/div>\n<div class=\"auto-hide-last-sibling-br paragraph_9dc5f paragraph-element\">Biblioteker og lejem\u00e5l: De bruges til at spore b\u00f8ger eller andre genstande, der g\u00e5r ind og ud af et bibliotek, hvilket g\u00f8r l\u00e5ne- og returprocessen mere effektiv. De kan ogs\u00e5 anvendes i udlejningstjenester for bedre h\u00e5ndtering af lejede genstande.<\/div>\n<div><\/div>\n<div class=\"auto-hide-last-sibling-br paragraph_9dc5f paragraph-element\">Loyalitetssystem: UHF RFID-etiketter kan bruges i loyalitets- eller bel\u00f8nningskort til virksomheder, hvilket forbedrer kundefastholdelsen og giver en god brugeroplevelse.<\/div>\n<div><\/div>\n<div class=\"auto-hide-last-sibling-br paragraph_9dc5f paragraph-element\">Adgangskontrolstyring: P\u00e5 steder, der kr\u00e6ver sikker adgang som kontorer, boligomr\u00e5der eller visse offentlige omr\u00e5der, kan disse tags bruges til effektiv adgangskontrol, hvilket tilf\u00f8jer et ekstra lag af sikkerhed.<\/div>\n<div><\/div>\n<div class=\"auto-hide-last-sibling-br paragraph_9dc5f paragraph-element\">Desuden kan vores tilpassede programmerings- og kodningstjenester matche kundens specifikke behov, hvilket g\u00f8r UHF RFID-etiketter til en yderst omkostningseffektiv og bekvem l\u00f8sning for mange virksomheder og tjenester.<\/div>\n<div><\/div>\n<\/div>\n<div><\/div>\n<div><strong>Hvorfor v\u00e6lge USA?<\/strong><\/div>\n<div><\/div>\n<div>Vi er den f\u00f8rende RFID-teknologileverand\u00f8r med over 11 \u00e5rs erfaring, som bringer avanceret effektivitet, p\u00e5lidelighed og n\u00f8jagtighed til kundernes globale forsyningsk\u00e6der med branchef\u00f8rende produkter, l\u00f8sninger og teknologier. Som producent p\u00e5 Global Level tilbyder vi kunderne en platform af grundl\u00e6ggende teknologier, herunder adgangskontrol, dyrem\u00e6rkning, near field communication (NFC), forskellige RFID-l\u00e6sere og l\u00f8sninger. Vores l\u00f8sninger har meget konfigurerbare applikationsrammer og elegante brugergr\u00e6nseflader med avanceret analyse, der muligg\u00f8r end-to-end business intelligence og datasynlighed p\u00e5 tv\u00e6rs af flere brancher.<\/div>","protected":false},"excerpt":{"rendered":"<p>UHF RFID-m\u00e6rke kan anvendes bredt inden for identifikation, offentlig transport, elektronisk bompengeopkr\u00e6vning af billetter til begivenheder, forvaltning af aktiver, biblioteker og udlejning, loyalitetssystem og adgangskontrolstyring osv. Vi leverer programmerings- og kodningstjenester, som n\u00f8jagtigt passer til kundens programmerings- eller kodningskrav.<\/p>","protected":false},"featured_media":270,"template":"","meta":{"_kad_post_transparent":"default","_kad_post_title":"","_kad_post_layout":"default","_kad_post_sidebar_id":"","_kad_post_content_style":"default","_kad_post_vertical_padding":"default","_kad_post_feature":"","_kad_post_feature_position":"","_kad_post_header":false,"_kad_post_footer":false,"_kad_post_classname":""},"product_brand":[],"product_cat":[54],"product_tag":[102,100,98],"class_list":{"0":"post-268","1":"product","2":"type-product","3":"status-publish","4":"has-post-thumbnail","6":"product_cat-hot-selling-rfid-tags","7":"product_tag-paper-uhf-rfid-sticker","8":"product_tag-rfid-label","9":"product_tag-uhf-rfid-label","11":"first","12":"instock","13":"shipping-taxable","14":"product-type-simple","15":"entry","16":"content-bg","17":"loop-entry"},"_links":{"self":[{"href":"https:\/\/rfid-laundry-tag.com\/da\/wp-json\/wp\/v2\/product\/268","targetHints":{"allow":["GET"]}}],"collection":[{"href":"https:\/\/rfid-laundry-tag.com\/da\/wp-json\/wp\/v2\/product"}],"about":[{"href":"https:\/\/rfid-laundry-tag.com\/da\/wp-json\/wp\/v2\/types\/product"}],"version-history":[{"count":0,"href":"https:\/\/rfid-laundry-tag.com\/da\/wp-json\/wp\/v2\/product\/268\/revisions"}],"wp:featuredmedia":[{"embeddable":true,"href":"https:\/\/rfid-laundry-tag.com\/da\/wp-json\/wp\/v2\/media\/270"}],"wp:attachment":[{"href":"https:\/\/rfid-laundry-tag.com\/da\/wp-json\/wp\/v2\/media?parent=268"}],"wp:term":[{"taxonomy":"product_brand","embeddable":true,"href":"https:\/\/rfid-laundry-tag.com\/da\/wp-json\/wp\/v2\/product_brand?post=268"},{"taxonomy":"product_cat","embeddable":true,"href":"https:\/\/rfid-laundry-tag.com\/da\/wp-json\/wp\/v2\/product_cat?post=268"},{"taxonomy":"product_tag","embeddable":true,"href":"https:\/\/rfid-laundry-tag.com\/da\/wp-json\/wp\/v2\/product_tag?post=268"}],"curies":[{"name":"wp","href":"https:\/\/api.w.org\/{rel}","templated":true}]}}