{"id":2641,"date":"2024-09-22T15:06:11","date_gmt":"2024-09-22T15:06:11","guid":{"rendered":"https:\/\/rfid-laundry-tag.com\/?post_type=product&#038;p=2641"},"modified":"2024-09-22T15:36:05","modified_gmt":"2024-09-22T15:36:05","slug":"on-heavy-duty-nfc-tag-for-patrol","status":"publish","type":"product","link":"https:\/\/rfid-laundry-tag.com\/da\/vare\/on-heavy-duty-nfc-tag-for-patrol\/","title":{"rendered":"On Heavy Duty NFC Tag for Patrol"},"content":{"rendered":"<p>Effektiv patruljestyring er afg\u00f8rende for sikkerhed og effektiv drift i forskellige industrier s\u00e5som bygninger, fabrikker og lagre. De\u00a0<strong>On Heavy Duty NFC Tag for Patrol<\/strong>\u00a0er designet til at l\u00f8fte patruljepersonalets overv\u00e5gningsprocesser, hvilket sikrer omfattende optegnelser og uovertruffen ansvarlighed. Denne innovative teknologi forenkler ikke kun sporingen af patruljer, men skaber ogs\u00e5 et milj\u00f8, der fremmer sikkerhed og driftseffektivitet.<\/p>\n<h2>\u00a0Introduktion til On Heavy Duty NFC-tags<\/h2>\n<p>I et milj\u00f8, der konstant kr\u00e6ver ansvarlighed og pr\u00e6cision\u00a0<strong>P\u00e5 Heavy Duty NFC-tags<\/strong>\u00a0levere en p\u00e5lidelig l\u00f8sning til patruljestyring. Disse tags giver ledere og ledere mulighed for at holde \u00f8je med patruljeaktiviteter og sikre, at hvert trin overv\u00e5ges og logges n\u00f8jagtigt. Ved at udnytte\u00a0<strong>metal NFC<\/strong>\u00a0teknologi, er disse tags designet til at kl\u00e6be til overflader i de mest kr\u00e6vende milj\u00f8er.<\/p>\n<p>De\u00a0<strong>NFC tag<\/strong>\u00a0betjener flere industrier og hj\u00e6lper med at bygge bro mellem manuelle sporingssystemer og automatiserede, effektive overv\u00e5gningsprocesser. Ved at integrere en s\u00e5dan avanceret teknologi i dine sikkerhedsoperationer kan du forvente et service- og effektivitetsniveau uden sidestykke.<\/p>\n<h2>N\u00f8glefunktioner ved NFC-tags<\/h2>\n<p><strong>P\u00e5 Heavy Duty NFC-tags<\/strong>\u00a0best\u00e5r af flere n\u00f8glefunktioner, der f\u00e5r dem til at skille sig ud p\u00e5 markedet:<\/p>\n<ul>\n<li><strong>Holdbar konstruktion:<\/strong>\u00a0Disse tags er konstrueret til tungt brug og kan modst\u00e5 barske forhold og er designet til at blive fastgjort til enhver metaloverflade. Deres robuste design er modstandsdygtigt over for slid, hvilket sikrer langvarig ydeevne.<\/li>\n<li><strong>Avanceret NTAG-teknologi:<\/strong>\u00a0Indarbejdelsen af\u00a0<strong>ntag213<\/strong>\u00a0chip garanterer hurtige dataoverf\u00f8rselshastigheder og effektiv drift. Med en hukommelseskapacitet p\u00e5 180 bytes er tagget i stand til at gemme n\u00f8dvendige data til effektiv sporing.<\/li>\n<li><strong>Kompatibilitet med metaloverflader:<\/strong>\u00a0De\u00a0<strong>anti-metal<\/strong>\u00a0funktionen tillader disse tags at fungere effektivt, n\u00e5r de placeres p\u00e5 enhver metaloverflade, hvilket sikrer p\u00e5lidelighed i forskellige driftsmilj\u00f8er.<\/li>\n<\/ul>\n<h2>Fordele ved at bruge NFC-tags i patruljeoperationer<\/h2>\n<p>Implementering\u00a0<strong>NFC<\/strong>\u00a0teknologi inden for patruljeoperationer giver adskillige fordele:<\/p>\n<ul>\n<li><strong>Sporing i realtid:<\/strong>\u00a0Ledere kan observere patruljeruter og -tider i realtid, hvilket i h\u00f8j grad hj\u00e6lper med at forbedre sikkerhedsprotokollerne og sikre, at hver patrulje gennemf\u00f8res som planlagt.<\/li>\n<li><strong>Effektiv registrering:<\/strong>\u00a0De\u00a0<strong>NFC tag<\/strong>\u00a0giver mulighed for nem logning af patruljeaktiviteter, hj\u00e6lper med at minimere menneskelige fejl og str\u00f8mline administrative opgaver i forbindelse med rapportering.<\/li>\n<\/ul>\n<p>Investering i\u00a0<strong>NFC p\u00e5 metal<\/strong>\u00a0tags overs\u00e6ttes til bedre ressourcestyring og forbedrede sikkerhedsresponsforanstaltninger.<\/p>\n<h2>S\u00e5dan installeres NFC-tags<\/h2>\n<p>Installation af\u00a0<strong>P\u00e5 Heavy Duty NFC-tags<\/strong>\u00a0er ligetil. S\u00e5dan g\u00f8r du:<\/p>\n<ol>\n<li><strong>Forberedelse af overfladen:<\/strong>\u00a0S\u00f8rg for, at den valgte metaloverflade er ren og fri for st\u00f8v eller fugt for at opn\u00e5 et st\u00e6rkt kl\u00e6bende hold.<\/li>\n<li><strong>Placering af tagget:<\/strong>\u00a0Bestem den optimale placering for tagget. Brug en\u00a0<strong>skruehul<\/strong>\u00a0hvis det er n\u00f8dvendigt for en mere permanent l\u00f8sning, eller brug den kl\u00e6bende bagside for nem p\u00e5f\u00f8ring.<\/li>\n<li><strong>Test af tagget:<\/strong>\u00a0N\u00e5r det er p\u00e5f\u00f8rt, skal du s\u00f8rge for at kontrollere afl\u00e6sningsomr\u00e5det og funktionaliteten for at garantere korrekt drift.<\/li>\n<\/ol>\n<p>Korrekt installation vil sikre lang levetid og forbedre effektiviteten af dit patruljestyringssystem.<\/p>\n<p><img fetchpriority=\"high\" decoding=\"async\" class=\"alignnone wp-image-2646\" src=\"https:\/\/rfid-laundry-tag.com\/wp-content\/uploads\/2024\/09\/7_H17fee47b9eae43d5a80c5a2bc6771f13t-300x300.jpg\" alt=\"NFC TAGS\" width=\"489\" height=\"489\" srcset=\"https:\/\/rfid-laundry-tag.com\/wp-content\/uploads\/2024\/09\/7_H17fee47b9eae43d5a80c5a2bc6771f13t-300x300.jpg 300w, https:\/\/rfid-laundry-tag.com\/wp-content\/uploads\/2024\/09\/7_H17fee47b9eae43d5a80c5a2bc6771f13t-150x150.jpg 150w, https:\/\/rfid-laundry-tag.com\/wp-content\/uploads\/2024\/09\/7_H17fee47b9eae43d5a80c5a2bc6771f13t-768x768.jpg 768w, https:\/\/rfid-laundry-tag.com\/wp-content\/uploads\/2024\/09\/7_H17fee47b9eae43d5a80c5a2bc6771f13t-12x12.jpg 12w, https:\/\/rfid-laundry-tag.com\/wp-content\/uploads\/2024\/09\/7_H17fee47b9eae43d5a80c5a2bc6771f13t-600x600.jpg 600w, https:\/\/rfid-laundry-tag.com\/wp-content\/uploads\/2024\/09\/7_H17fee47b9eae43d5a80c5a2bc6771f13t-100x100.jpg 100w, https:\/\/rfid-laundry-tag.com\/wp-content\/uploads\/2024\/09\/7_H17fee47b9eae43d5a80c5a2bc6771f13t.jpg 1000w\" sizes=\"(max-width: 489px) 100vw, 489px\" \/><\/p>\n<h2>Tekniske specifikationer for On Heavy Duty NFC-tags<\/h2>\n<p>Nedenfor er de vigtige tekniske specifikationer for\u00a0<strong>P\u00e5 Heavy Duty NFC-tags<\/strong>:<\/p>\n<div>\n<div class=\"overflow-x-auto custom-scrollbar custom-scrollbar-wide mb-2\">\n<table class=\"w-fit !mb-2 !max-w-none\">\n<thead>\n<tr>\n<th style=\"text-align: left;\">Feature<\/th>\n<th style=\"text-align: left;\">Specifikation<\/th>\n<\/tr>\n<\/thead>\n<tbody>\n<tr>\n<td>St\u00f8rrelse<\/td>\n<td>25 mm, 30 mm<\/td>\n<\/tr>\n<tr>\n<td>Chip<\/td>\n<td>NTAG213<\/td>\n<\/tr>\n<tr>\n<td>Frekvens<\/td>\n<td>13,56 MHz<\/td>\n<\/tr>\n<tr>\n<td>Protokol<\/td>\n<td>ISO\/IEC 14443A<\/td>\n<\/tr>\n<tr>\n<td>Hukommelse<\/td>\n<td>180 bytes<\/td>\n<\/tr>\n<tr>\n<td>Driftstemperatur<\/td>\n<td>-20 til 65 grader C<\/td>\n<\/tr>\n<tr>\n<td>Ledetid<\/td>\n<td>7 arbejdsdage<\/td>\n<\/tr>\n<tr>\n<td>Dataopbevaring<\/td>\n<td>\u226510 \u00e5r<\/td>\n<\/tr>\n<tr>\n<td>L\u00e6seomr\u00e5de<\/td>\n<td>0-10 cm<\/td>\n<\/tr>\n<\/tbody>\n<\/table>\n<\/div>\n<\/div>\n<p>Forst\u00e5else af disse specifikationer hj\u00e6lper brugere med at bestemme det bedste tag til deres specifikke behov.<\/p>\n<h2>Milj\u00f8p\u00e5virkning af NFC-tags<\/h2>\n<p>Milj\u00f8p\u00e5virkningen ved at bruge\u00a0<strong>NFC teknologi<\/strong>\u00a0er en voksende bekymring. Heldigvis er disse tags designet med b\u00e6redygtig praksis i tankerne:<\/p>\n<ul>\n<li><strong>Anvendte materialer:<\/strong>\u00a0De materialer, der anvendes i fremstillingen\u00a0<strong>metal NFC<\/strong>\u00a0tags er valgt for deres levetid og genanvendelighed.<\/li>\n<li><strong>Reduceret spild:<\/strong>\u00a0Ved at eliminere behovet for papirlogfiler og manuel registrering kan organisationer reducere deres papiraffaldsfodaftryk betydeligt.<\/li>\n<\/ul>\n<p>Omfavnende\u00a0<strong>NFC tags<\/strong>\u00a0\u00f8ger ikke kun sikkerheden, men er ogs\u00e5 i overensstemmelse med milj\u00f8venlige operationer.<\/p>\n<h3>Kundeoplevelser og anmeldelser<\/h3>\n<p>Anvendelser i den virkelige verden\u00a0<strong>NFC tag<\/strong>\u00a0kan p\u00e5virke k\u00f8bsbeslutninger. Her dykker vi ned i kundeudtalelser og -oplevelser.<\/p>\n<h2>Ofte stillede sp\u00f8rgsm\u00e5l om On Heavy Duty NFC-tags<\/h2>\n<p><strong>Sp\u00f8rgsm\u00e5l: Kan disse NFC-tags bruges under meget varme eller kolde forhold?<\/strong><br \/>\nA: Ja, driftstemperaturomr\u00e5det p\u00e5 -20 til 65 grader C g\u00f8r dem velegnede til forskellige milj\u00f8er.<\/p>\n<p><strong>Q: Hvor l\u00e6nge varer dataene p\u00e5 tagget?<\/strong><br \/>\nA: Dataopbevaringsperioden er minimum 10 \u00e5r, hvilket sikrer langsigtet p\u00e5lidelighed.<\/p>\n<p>Hvis du har flere sp\u00f8rgsm\u00e5l, er du velkommen til at kontakte os for at f\u00e5 afklaringer.<\/p>\n<p>Afslutningsvis\u00a0<strong>On Heavy Duty NFC-tags til Patrol<\/strong>\u00a0er et uundv\u00e6rligt v\u00e6rkt\u00f8j for moderne organisationer, der s\u00f8ger at forbedre deres sikkerhed og ledelsespraksis. Med deres avancerede teknologi, holdbarhed og tilpasningsevne leverer disse tags betydelige driftsforbedringer.<\/p>","protected":false},"excerpt":{"rendered":"<p>Forbedre patruljeeffektiviteten med vores On Heavy Duty NFC Tag, designet til metaloverflader. Holdbar, p\u00e5lidelig og perfekt til str\u00f8mlinet sikkerhedsstyring.<\/p>","protected":false},"featured_media":2642,"template":"","meta":{"_kad_post_transparent":"default","_kad_post_title":"","_kad_post_layout":"default","_kad_post_sidebar_id":"","_kad_post_content_style":"default","_kad_post_vertical_padding":"default","_kad_post_feature":"","_kad_post_feature_position":"","_kad_post_header":false,"_kad_post_footer":false,"_kad_post_classname":""},"product_brand":[],"product_cat":[54],"product_tag":[305,216,290],"class_list":{"0":"post-2641","1":"product","2":"type-product","3":"status-publish","4":"has-post-thumbnail","6":"product_cat-hot-selling-rfid-tags","7":"product_tag-heavy-duty-nfc-tags","8":"product_tag-nfc-patrol-tag","9":"product_tag-nfc-tag","11":"first","12":"instock","13":"shipping-taxable","14":"product-type-simple","15":"entry","16":"content-bg","17":"loop-entry"},"_links":{"self":[{"href":"https:\/\/rfid-laundry-tag.com\/da\/wp-json\/wp\/v2\/product\/2641","targetHints":{"allow":["GET"]}}],"collection":[{"href":"https:\/\/rfid-laundry-tag.com\/da\/wp-json\/wp\/v2\/product"}],"about":[{"href":"https:\/\/rfid-laundry-tag.com\/da\/wp-json\/wp\/v2\/types\/product"}],"version-history":[{"count":1,"href":"https:\/\/rfid-laundry-tag.com\/da\/wp-json\/wp\/v2\/product\/2641\/revisions"}],"predecessor-version":[{"id":2647,"href":"https:\/\/rfid-laundry-tag.com\/da\/wp-json\/wp\/v2\/product\/2641\/revisions\/2647"}],"wp:featuredmedia":[{"embeddable":true,"href":"https:\/\/rfid-laundry-tag.com\/da\/wp-json\/wp\/v2\/media\/2642"}],"wp:attachment":[{"href":"https:\/\/rfid-laundry-tag.com\/da\/wp-json\/wp\/v2\/media?parent=2641"}],"wp:term":[{"taxonomy":"product_brand","embeddable":true,"href":"https:\/\/rfid-laundry-tag.com\/da\/wp-json\/wp\/v2\/product_brand?post=2641"},{"taxonomy":"product_cat","embeddable":true,"href":"https:\/\/rfid-laundry-tag.com\/da\/wp-json\/wp\/v2\/product_cat?post=2641"},{"taxonomy":"product_tag","embeddable":true,"href":"https:\/\/rfid-laundry-tag.com\/da\/wp-json\/wp\/v2\/product_tag?post=2641"}],"curies":[{"name":"wp","href":"https:\/\/api.w.org\/{rel}","templated":true}]}}