{"id":2638,"date":"2024-09-22T14:53:50","date_gmt":"2024-09-22T14:53:50","guid":{"rendered":"https:\/\/rfid-laundry-tag.com\/?post_type=product&#038;p=2638"},"modified":"2024-09-22T14:53:51","modified_gmt":"2024-09-22T14:53:51","slug":"on-metal-nfc-screw-tag-for-checkpoint-security","status":"publish","type":"product","link":"https:\/\/rfid-laundry-tag.com\/da\/vare\/on-metal-nfc-screw-tag-for-checkpoint-security\/","title":{"rendered":"On-Metal NFC skruem\u00e6rke til Checkpoint Security"},"content":{"rendered":"<p><strong>On-Metal NFC skruem\u00e6rke til Checkpoint Security:<\/strong>\u00a0S\u00f8rg for robust checkpoint-sikkerhed med vores holdbare On-Metal NFC-skruem\u00e6rke. Bygget med NTAG213 til p\u00e5lidelig dataoverf\u00f8rsel p\u00e5 metaloverflader, integreres det problemfrit i dine sikkerhedsprotokoller, hvilket giver hurtig adgang og realtidssporing for at \u00f8ge sikkerheden og effektiviteten.<\/p>\n<h2>Funktioner af On-Metal NFC Screw Tag<\/h2>\n<p>De\u00a0<strong>On-Metal NFC skruem\u00e6rke<\/strong>\u00a0er konstrueret med flere bem\u00e6rkelsesv\u00e6rdige funktioner, der g\u00f8r det til en alsidig l\u00f8sning:<\/p>\n<ul>\n<li><strong>Holdbarhed<\/strong>: Konstrueret med en\u00a0<strong>ABS skal<\/strong>\u00a0som kan modst\u00e5 barske milj\u00f8er, dette tag er modstandsdygtigt over for st\u00f8v, vand og kemisk korrosion, hvilket opn\u00e5r en\u00a0<strong>IP67<\/strong>\u00a0beskyttelsesniveau.<\/li>\n<li><strong>H\u00f8j ydeevne<\/strong>: Taget anvender\u00a0<strong>NTAG213<\/strong>\u00a0teknologi til at lette h\u00f8je l\u00e6sehastigheder med dataoverf\u00f8rselshastigheder p\u00e5 op til\u00a0<strong>106 kbit\/s<\/strong>, hvilket giver mulighed for effektiv drift i travle milj\u00f8er.<\/li>\n<li><strong>Anti-metal teknologi<\/strong>: Den\u00a0<strong>anti-metal<\/strong>\u00a0funktion sikrer, at tagget fungerer effektivt, selv n\u00e5r det er fastgjort til metaloverflader, hvilket normalt ville forstyrre NFC-signaler.<\/li>\n<\/ul>\n<p>Disse funktioner g\u00f8r On-Metal NFC Screw Tag ideel til applikationer inden for logistik, tilstedev\u00e6relseskontrol og andre industrier, hvor holdbarhed og ydeevne er altafg\u00f8rende.<\/p>\n<h2>Tekniske specifikationer<\/h2>\n<div>\n<div class=\"overflow-x-auto custom-scrollbar custom-scrollbar-wide mb-2\">\n<table class=\"w-fit !mb-2 !max-w-none\">\n<thead>\n<tr>\n<th>Specifikation<\/th>\n<th>Detaljer<\/th>\n<\/tr>\n<\/thead>\n<tbody>\n<tr>\n<td><strong>Chip<\/strong><\/td>\n<td>NTAG213<\/td>\n<\/tr>\n<tr>\n<td><strong>Hukommelse<\/strong><\/td>\n<td>144\/504\/888\/1K bytes<\/td>\n<\/tr>\n<tr>\n<td><strong>Protokol<\/strong><\/td>\n<td>ISO 14443A<\/td>\n<\/tr>\n<tr>\n<td><strong>Frekvens<\/strong><\/td>\n<td>13,56 MHz<\/td>\n<\/tr>\n<tr>\n<td><strong>Farveindstillinger<\/strong><\/td>\n<td>Sort, hvid, gul<\/td>\n<\/tr>\n<tr>\n<td><strong>Diameter<\/strong><\/td>\n<td>25\/30\/35\/40\/52 mm (brugerdefinerede st\u00f8rrelser tilg\u00e6ngelige)<\/td>\n<\/tr>\n<tr>\n<td><strong>Tykkelse<\/strong><\/td>\n<td>5 mm<\/td>\n<\/tr>\n<tr>\n<td><strong>V\u00e6gt<\/strong><\/td>\n<td>3 g<\/td>\n<\/tr>\n<tr>\n<td><strong>Driftstemp<\/strong><\/td>\n<td>-25\u00b0C til 70\u00b0C<\/td>\n<\/tr>\n<tr>\n<td><strong>Sletbarhed<\/strong><\/td>\n<td>&gt; 100.000 sletninger<\/td>\n<\/tr>\n<tr>\n<td><strong>L\u00e6seafstand<\/strong><\/td>\n<td>2-20 cm (afh\u00e6ngig af milj\u00f8)<\/td>\n<\/tr>\n<\/tbody>\n<\/table>\n<\/div>\n<\/div>\n<p>Bev\u00e6bnet med disse egenskaber st\u00e5r On-Metal NFC Screw Tag som et kraftfuldt v\u00e6rkt\u00f8j til forskellige\u00a0<strong>NFC applikationer<\/strong>.<\/p>\n<h2>Anvendelser i forskellige brancher<\/h2>\n<p>Alsidigheden af On-Metal NFC Screw Tag g\u00f8r det muligt at bruge det p\u00e5 tv\u00e6rs af flere sektorer:<\/p>\n<ul>\n<li><strong>Adgangskontrol<\/strong>: Administrer nemt indgangspunkter p\u00e5 sikre steder ved at vedh\u00e6fte\u00a0<strong>NFC tags<\/strong>\u00a0til d\u00f8re eller porte. Taggene kan linkes til brugerprofiler for problemfri godkendelse.<\/li>\n<li><strong>Logistik og lagerstyring<\/strong>: Forenkle sporingen af varer ved at placere m\u00e6rker p\u00e5 metalbeholdere. Holdbarheden af disse tags sikrer, at de modst\u00e5r belastningen ved fremstilling og forsendelse.<\/li>\n<li><strong>Offentlig transport<\/strong>: Forbedre brugeroplevelsen ved at anvende On-Metal NFC-tags til billetsystemer, s\u00e5 ryttere nemt kan tjekke deres status eller genoplade deres konti.<\/li>\n<\/ul>\n<p>Ved at implementere disse tags kan virksomheder str\u00f8mline driften og forbedre serviceleveringen markant.<\/p>\n<h2>Fordele ved at bruge NTAG213, NTAG215 og NTAG216<\/h2>\n<p>NTAG213-, NTAG215- og NTAG216-chippene fra NXP Semiconductors tilbyder forskellige fordele:<\/p>\n<ol>\n<li><strong>Segmentering<\/strong>: Brugere kan segmentere hukommelse til flere applikationer, hvilket g\u00f8r taggene fleksible i funktionalitet.<\/li>\n<li><strong>Sikkerhedsfunktioner<\/strong>: Udstyret med\u00a0<em><strong>ECC-baserede originalitetssignaturer<\/strong><\/em>\u00a0og\u00a0<strong>adgangskodebeskyttelse<\/strong>, disse tags beskytter data mod uautoriseret adgang og sikrer integritet.<\/li>\n<li><strong>H\u00f8j kapacitet og ydeevne<\/strong>: De udvidede hukommelsesmuligheder g\u00f8r den velegnet til applikationer, der kr\u00e6ver betydelig datalagring og samtidig bevare hurtige l\u00e6semuligheder.<\/li>\n<\/ol>\n<p>Disse fordele giver virksomheder mulighed for at tilpasse deres l\u00f8sninger efter specifikke operationelle behov.<\/p>\n<h2>Installations- og brugsvejledning<\/h2>\n<p>Installation af On-Metal NFC Screw Tag er ligetil:<\/p>\n<ol>\n<li><strong>V\u00e6lg en placering<\/strong>: V\u00e6lg en flad overflade p\u00e5 metalgenstanden, hvor m\u00e6rket skal placeres. S\u00f8rg for\u00a0<strong>overflade<\/strong>\u00a0er rent og t\u00f8rt.<\/li>\n<li><strong>Fastg\u00f8res med skruer<\/strong>: Brug skruer gennem den medf\u00f8lgende\u00a0<em>skruehuller<\/em>\u00a0p\u00e5 m\u00e6rket til et fast inventar.<\/li>\n<li><strong>Mulighed for kl\u00e6bemiddel<\/strong>: Alternativt kan m\u00e6rket fastg\u00f8res med et st\u00e6rkt kl\u00e6bemiddel, hvis det foretr\u00e6kkes.<\/li>\n<\/ol>\n<p>N\u00e5r de er installeret, kan tags nemt scannes med kompatible NFC-aktiverede enheder, hvilket giver \u00f8jeblikkelig adgang til information, der er gemt p\u00e5 tagget.<\/p>\n<h2>Ofte stillede sp\u00f8rgsm\u00e5l om On-Metal NFC-tags<\/h2>\n<p><strong>Q: Kan On-Metal NFC-skruem\u00e6rket fungere p\u00e5 alle metaloverflader?<\/strong><br \/>\nA: Ja, takket v\u00e6re dets specialiserede\u00a0<strong>anti-metal teknologi<\/strong>, fungerer m\u00e6rket effektivt p\u00e5 forskellige metaloverflader uden interferens.<\/p>\n<p><strong>Q: Hvordan programmerer eller skriver jeg data til NTAG213-tagget?<\/strong><br \/>\nSv: Programmering kan udf\u00f8res ved hj\u00e6lp af kompatible NFC-aktiverede enheder med den relevante app. Til mere komplekse applikationer kan du overveje at bruge dedikeret NFC-skrivesoftware.<\/p>\n<p><strong>Q: Hvad er driftstemperaturomr\u00e5det for disse tags?<\/strong><br \/>\nA: M\u00e6rkerne fungerer effektivt i temperaturer fra\u00a0<strong>-25\u00b0C til 70\u00b0C<\/strong>.<\/p>\n<h2>Milj\u00f8hensyn<\/h2>\n<p>De\u00a0<strong>On-Metal NFC skruem\u00e6rke<\/strong>\u00a0er designet med b\u00e6redygtighed for \u00f8je. Dens robuste konstruktion minimerer behovet for udskiftninger, hvilket reducerer spild. N\u00e5r de bortskaffes korrekt, er de elementer, der bruges til fremstilling af disse tags, desuden genanvendelige.<\/p>","protected":false},"excerpt":{"rendered":"<p>Forbedre dine operationer med On-Metal NFC Screw Tag. Holdbar, alsidig og udstyret med NFC-teknologi til problemfri dataoverf\u00f8rsel p\u00e5 metaloverflader.<\/p>","protected":false},"featured_media":2639,"template":"","meta":{"_kad_post_transparent":"default","_kad_post_title":"","_kad_post_layout":"default","_kad_post_sidebar_id":"","_kad_post_content_style":"default","_kad_post_vertical_padding":"default","_kad_post_feature":"","_kad_post_feature_position":"","_kad_post_header":false,"_kad_post_footer":false,"_kad_post_classname":""},"product_brand":[],"product_cat":[54],"product_tag":[305,216,304],"class_list":{"0":"post-2638","1":"product","2":"type-product","3":"status-publish","4":"has-post-thumbnail","6":"product_cat-hot-selling-rfid-tags","7":"product_tag-heavy-duty-nfc-tags","8":"product_tag-nfc-patrol-tag","9":"product_tag-nfc-screw-tag","11":"first","12":"instock","13":"shipping-taxable","14":"product-type-simple","15":"entry","16":"content-bg","17":"loop-entry"},"_links":{"self":[{"href":"https:\/\/rfid-laundry-tag.com\/da\/wp-json\/wp\/v2\/product\/2638","targetHints":{"allow":["GET"]}}],"collection":[{"href":"https:\/\/rfid-laundry-tag.com\/da\/wp-json\/wp\/v2\/product"}],"about":[{"href":"https:\/\/rfid-laundry-tag.com\/da\/wp-json\/wp\/v2\/types\/product"}],"version-history":[{"count":1,"href":"https:\/\/rfid-laundry-tag.com\/da\/wp-json\/wp\/v2\/product\/2638\/revisions"}],"predecessor-version":[{"id":2640,"href":"https:\/\/rfid-laundry-tag.com\/da\/wp-json\/wp\/v2\/product\/2638\/revisions\/2640"}],"wp:featuredmedia":[{"embeddable":true,"href":"https:\/\/rfid-laundry-tag.com\/da\/wp-json\/wp\/v2\/media\/2639"}],"wp:attachment":[{"href":"https:\/\/rfid-laundry-tag.com\/da\/wp-json\/wp\/v2\/media?parent=2638"}],"wp:term":[{"taxonomy":"product_brand","embeddable":true,"href":"https:\/\/rfid-laundry-tag.com\/da\/wp-json\/wp\/v2\/product_brand?post=2638"},{"taxonomy":"product_cat","embeddable":true,"href":"https:\/\/rfid-laundry-tag.com\/da\/wp-json\/wp\/v2\/product_cat?post=2638"},{"taxonomy":"product_tag","embeddable":true,"href":"https:\/\/rfid-laundry-tag.com\/da\/wp-json\/wp\/v2\/product_tag?post=2638"}],"curies":[{"name":"wp","href":"https:\/\/api.w.org\/{rel}","templated":true}]}}