{"id":2581,"date":"2024-09-19T13:02:28","date_gmt":"2024-09-19T13:02:28","guid":{"rendered":"https:\/\/rfid-laundry-tag.com\/?post_type=product&#038;p=2581"},"modified":"2024-09-19T13:40:21","modified_gmt":"2024-09-19T13:40:21","slug":"on-metal-nfc-screw-tag-ntag213","status":"publish","type":"product","link":"https:\/\/rfid-laundry-tag.com\/da\/vare\/on-metal-nfc-screw-tag-ntag213\/","title":{"rendered":"On-Metal NFC skruem\u00e6rke Ntag213"},"content":{"rendered":"<p>De <strong>On-Metal NFC skruem\u00e6rke<\/strong> er et meget holdbart NFC-tag designet specielt til industriel brug. Dens <strong>ABS eller PVC konstruktion<\/strong> sikrer, at det er det <strong>vandt\u00e6t<\/strong> og <strong>varmebestandig<\/strong>, hvilket g\u00f8r den velegnet til kr\u00e6vende milj\u00f8er som h\u00f8j luftfugtighed eller ekstreme temperaturer.<\/p>\n<h3>N\u00f8glefunktioner:<\/h3>\n<ul>\n<li><strong>Chip type<\/strong>: NXP NTAG213 (kompatibel med alle mobile enheder)<\/li>\n<li><strong>Form<\/strong>: Rundt<\/li>\n<li><strong>St\u00f8rrelse<\/strong>: 30 mm i diameter plus 2,5 mm tykkelse<\/li>\n<li><strong>Antenne st\u00f8rrelse<\/strong>: 25 mm<\/li>\n<li><strong>Total Hukommelse<\/strong>: 144 bytes<\/li>\n<li><strong>Formateret hukommelse<\/strong>: 137 bytes<\/li>\n<li><strong>Driftsfrekvens<\/strong>: 13,56 MHz<\/li>\n<\/ul>\n<h3>Ideel til:<\/h3>\n<ul>\n<li>Bruges p\u00e5 metaloverflader uden forstyrrelser.<\/li>\n<li>Lang l\u00e6seafstand selv i h\u00e5rde industrielle omgivelser.<\/li>\n<li>Kompatibilitet med alle NFC-aktiverede enheder (f.eks. smartphones, tablets).<\/li>\n<\/ul>\n<p>Dette tag kan ogs\u00e5 tilpasses og tilbyder forskellige chiptyper og <strong>ID-udskrivningsmuligheder<\/strong>. Den kan fastg\u00f8res med en skrue eller kl\u00e6bemiddel, hvilket sikrer sikker fastg\u00f8relse til metalgenstande.<\/p>\n<h3 class=\"AnswerParser_AnswerParserH3__Mpe4s\">Tekniske specifikationer<\/h3>\n<div class=\"AnswerParser_TableContainer__Erb6v\" data-testid=\"table-container\">\n<table>\n<thead>\n<tr>\n<th>Feature<\/th>\n<th>Specifikation<\/th>\n<\/tr>\n<\/thead>\n<tbody>\n<tr>\n<td>Diameter<\/td>\n<td>30 mm<\/td>\n<\/tr>\n<tr>\n<td>Tykkelse<\/td>\n<td>3 mm<\/td>\n<\/tr>\n<tr>\n<td>Skruehul<\/td>\n<td>3 mm<\/td>\n<\/tr>\n<tr>\n<td>Chip type<\/td>\n<td>NTAG213<\/td>\n<\/tr>\n<tr>\n<td>Hukommelse<\/td>\n<td>144 bytes<\/td>\n<\/tr>\n<tr>\n<td>Frekvens<\/td>\n<td>13,56 MHz (HF)<\/td>\n<\/tr>\n<\/tbody>\n<\/table>\n<\/div>\n<h2 class=\"AnswerParser_AnswerParserH2__SIHnF\">Ntag213 Chip: Avanceret NFC-teknologi<\/h2>\n<p><span class=\"AnswerParser_TextContainer__z_Iiv\" data-testid=\"youchat-text\">I hjertet af vores On-Metal NFC Screw Tag ligger den kraftfulde Ntag213 chip, som tilbyder:<\/span><\/p>\n<ul class=\"AnswerParser_AnswerParserUnorderedList__P_1FW\">\n<li class=\"AnswerParser_ListItem__XqLOV\" translate=\"yes\">144 bytes brugerhukommelse<\/li>\n<li class=\"AnswerParser_ListItem__XqLOV\" translate=\"yes\">Hurtige l\u00e6se- og skrivehastigheder<\/li>\n<li class=\"AnswerParser_ListItem__XqLOV\" translate=\"yes\">Kompatibilitet med alle NFC-aktiverede enheder<\/li>\n<\/ul>\n<p><span class=\"AnswerParser_TextContainer__z_Iiv\" data-testid=\"youchat-text\">Denne avancerede chip sikrer, at dine data overf\u00f8res hurtigt og p\u00e5lideligt, hvilket g\u00f8r den perfekt til en lang r\u00e6kke NFC-applikationer.<\/span><\/p>\n<h2 class=\"AnswerParser_AnswerParserH2__SIHnF\">On-Metal Performance: Overvinde interferensudfordringer<\/h2>\n<p><span class=\"AnswerParser_TextContainer__z_Iiv\" data-testid=\"youchat-text\">Traditionelle NFC-tags k\u00e6mper ofte, n\u00e5r de placeres p\u00e5 metaloverflader p\u00e5 grund af signalinterferens. Vores On-Metal NFC skruem\u00e6rker er specielt designet til:<\/span><\/p>\n<ul class=\"AnswerParser_AnswerParserUnorderedList__P_1FW\">\n<li class=\"AnswerParser_ListItem__XqLOV\" translate=\"yes\">Oprethold optimal ydeevne p\u00e5 metaloverflader<\/li>\n<li class=\"AnswerParser_ListItem__XqLOV\" translate=\"yes\">Giv ensartede l\u00e6seintervaller<\/li>\n<li class=\"AnswerParser_ListItem__XqLOV\" translate=\"yes\">Eliminer behovet for afstandsstykker eller yderligere kl\u00e6bemidler<\/li>\n<\/ul>\n<p><span class=\"AnswerParser_TextContainer__z_Iiv\" data-testid=\"youchat-text\">Ved at bruge avanceret anti-metal teknologi sikrer disse tags p\u00e5lidelig kommunikation, selv n\u00e5r de er fastgjort direkte til metalgenstande.<\/span><\/p>\n<h2 class=\"AnswerParser_AnswerParserH2__SIHnF\">Nem integration: Kompatibel med din eksisterende NFC-infrastruktur<\/h2>\n<p><span class=\"AnswerParser_TextContainer__z_Iiv\" data-testid=\"youchat-text\">Vores On-Metal NFC Screw Tags er designet til problemfrit at integrere med dit nuv\u00e6rende NFC-\u00f8kosystem. De er:<\/span><\/p>\n<ul class=\"AnswerParser_AnswerParserUnorderedList__P_1FW\">\n<li class=\"AnswerParser_ListItem__XqLOV\" translate=\"yes\">Kompatibel med alle standard NFC-l\u00e6sere<\/li>\n<li class=\"AnswerParser_ListItem__XqLOV\" translate=\"yes\">Let programmerbar ved hj\u00e6lp af NFC-aktiverede smartphones<\/li>\n<li class=\"AnswerParser_ListItem__XqLOV\" translate=\"yes\">Velegnet til b\u00e5de Android- og iOS-enheder<\/li>\n<\/ul>\n<p><span class=\"AnswerParser_TextContainer__z_Iiv\" data-testid=\"youchat-text\">Denne alsidighed sikrer, at du kan implementere disse tags uden behov for dyre infrastrukturopgraderinger.<\/span><\/p>\n<h2 class=\"AnswerParser_AnswerParserH2__SIHnF\">Tilpasningsmuligheder: Skr\u00e6ddersy dine tags til dine behov<\/h2>\n<p><span class=\"AnswerParser_TextContainer__z_Iiv\" data-testid=\"youchat-text\">Vi forst\u00e5r, at enhver virksomhed har unikke krav. Det er derfor, vi tilbyder en r\u00e6kke tilpasningsmuligheder for vores On-Metal NFC Screw Tags:<\/span><\/p>\n<ul class=\"AnswerParser_AnswerParserUnorderedList__P_1FW\">\n<li class=\"AnswerParser_ListItem__XqLOV\" translate=\"yes\">Skr\u00e6ddersyet tryk med dit logo eller branding<\/li>\n<li class=\"AnswerParser_ListItem__XqLOV\" translate=\"yes\">Forskellige farvemuligheder, der matcher din \u00e6stetik<\/li>\n<li class=\"AnswerParser_ListItem__XqLOV\" translate=\"yes\">Personlig kodning med dine specifikke data<\/li>\n<\/ul>\n<p><span class=\"AnswerParser_TextContainer__z_Iiv\" data-testid=\"youchat-text\">Vores team af eksperter er klar til at hj\u00e6lpe dig med at skabe den perfekte NFC-l\u00f8sning til dine forretningsbehov.<\/span><\/p>\n<h2 class=\"AnswerParser_AnswerParserH2__SIHnF\">Milj\u00f8p\u00e5virkning: B\u00e6redygtige NFC-l\u00f8sninger<\/h2>\n<p><span class=\"AnswerParser_TextContainer__z_Iiv\" data-testid=\"youchat-text\">I nutidens milj\u00f8bevidste verden er vi forpligtet til at levere b\u00e6redygtige NFC-l\u00f8sninger. Vores On-Metal NFC skruem\u00e6rker:<\/span><\/p>\n<ul class=\"AnswerParser_AnswerParserUnorderedList__P_1FW\">\n<li class=\"AnswerParser_ListItem__XqLOV\" translate=\"yes\">Er lavet af genanvendelige materialer<\/li>\n<li class=\"AnswerParser_ListItem__XqLOV\" translate=\"yes\">Har en lang levetid, hvilket reducerer spild<\/li>\n<li class=\"AnswerParser_ListItem__XqLOV\" translate=\"yes\">Bidrag til papirl\u00f8se systemer, hvilket reducerer den samlede milj\u00f8p\u00e5virkning<\/li>\n<\/ul>\n<p><span class=\"AnswerParser_TextContainer__z_Iiv\" data-testid=\"youchat-text\">Ved at v\u00e6lge vores tags investerer du ikke kun i banebrydende teknologi, men ogs\u00e5 i en mere b\u00e6redygtig fremtid.<\/span><\/p>\n<h2 class=\"AnswerParser_AnswerParserH2__SIHnF\">Omkostningseffektiv l\u00f8sning: Maksimer dit investeringsafkast<\/h2>\n<p><span class=\"AnswerParser_TextContainer__z_Iiv\" data-testid=\"youchat-text\">Selvom de oprindelige omkostninger ved On-Metal NFC-skruem\u00e6rker kan v\u00e6re h\u00f8jere end traditionelle m\u00e6rkatbaserede m\u00e6rker, tilbyder de betydelige langsigtede fordele:<\/span><\/p>\n<ul class=\"AnswerParser_AnswerParserUnorderedList__P_1FW\">\n<li class=\"AnswerParser_ListItem__XqLOV\" translate=\"yes\">Reducerede udskiftningsomkostninger p\u00e5 grund af overlegen holdbarhed<\/li>\n<li class=\"AnswerParser_ListItem__XqLOV\" translate=\"yes\">Forbedret effektivitet i aktiv sporing og administration<\/li>\n<li class=\"AnswerParser_ListItem__XqLOV\" translate=\"yes\">Potentiale for str\u00f8mlinet drift og omkostningsbesparelser<\/li>\n<\/ul>\n<p><span class=\"AnswerParser_TextContainer__z_Iiv\" data-testid=\"youchat-text\">Investering i vores NFC-tags af h\u00f8j kvalitet kan f\u00f8re til et betydeligt investeringsafkast over tid.<\/span><\/p>\n<h2 class=\"AnswerParser_AnswerParserH2__SIHnF\">Nem installation og brugsvejledning<\/h2>\n<p><span class=\"AnswerParser_TextContainer__z_Iiv\" data-testid=\"youchat-text\">Det er nemt at komme i gang med vores On-Metal NFC-skruem\u00e6rker:<\/span><\/p>\n<ol class=\"AnswerParser_AnswerParserOrderedList__kl_2Y\">\n<li class=\"AnswerParser_ListItem__XqLOV\" translate=\"yes\">Reng\u00f8r metaloverfladen, hvor du skal s\u00e6tte m\u00e6rket p\u00e5<\/li>\n<li class=\"AnswerParser_ListItem__XqLOV\" translate=\"yes\">Brug 3 mm skruehullet til at fastg\u00f8re m\u00e6rket sikkert<\/li>\n<li class=\"AnswerParser_ListItem__XqLOV\" translate=\"yes\">Programmer tagget ved hj\u00e6lp af din NFC-aktiverede enhed<\/li>\n<li class=\"AnswerParser_ListItem__XqLOV\" translate=\"yes\">Begynd at bruge dit nyligt installerede NFC-tag!<\/li>\n<\/ol>\n<p><span class=\"AnswerParser_TextContainer__z_Iiv\" data-testid=\"youchat-text\">For detaljerede instruktioner og programmeringsvejledninger, tjek din indbakke efter k\u00f8b for vores omfattende brugermanual.<\/span><\/p>\n<h2 class=\"AnswerParser_AnswerParserH2__SIHnF\">Ofte stillede sp\u00f8rgsm\u00e5l<\/h2>\n<p><span class=\"AnswerParser_TextContainer__z_Iiv\" data-testid=\"youchat-text\"><strong>Q: Kan disse tags bruges p\u00e5 ikke-metaloverflader?<\/strong>\u00a0<\/span><\/p>\n<p><span class=\"AnswerParser_TextContainer__z_Iiv\" data-testid=\"youchat-text\">A: Ja, mens vores tags er optimeret til metaloverflader, fungerer de lige s\u00e5 godt p\u00e5 ikke-metalmaterialer.<\/span><\/p>\n<p><span class=\"AnswerParser_TextContainer__z_Iiv\" data-testid=\"youchat-text\"><strong>Q: Hvad er l\u00e6seomr\u00e5det for disse NFC-tags?<\/strong>\u00a0<\/span><\/p>\n<p><span class=\"AnswerParser_TextContainer__z_Iiv\" data-testid=\"youchat-text\">A: Det typiske l\u00e6seomr\u00e5de er op til 5 cm, afh\u00e6ngigt af den anvendte l\u00e6seenhed.<\/span><\/p>\n<p><span class=\"AnswerParser_TextContainer__z_Iiv\" data-testid=\"youchat-text\"><strong>Q: Er disse tags vandt\u00e6tte?<\/strong>\u00a0<\/span><\/p>\n<p><span class=\"AnswerParser_TextContainer__z_Iiv\" data-testid=\"youchat-text\">A: Ja, metalkonstruktionen g\u00f8r dem meget modstandsdygtige over for vand og andre v\u00e6sker.<\/span><\/p>","protected":false},"excerpt":{"rendered":"<p>De <strong>On-Metal NFC skruem\u00e6rke<\/strong> er et meget holdbart NFC-tag designet specielt til industriel brug.<\/p>","protected":false},"featured_media":2582,"template":"","meta":{"_kad_post_transparent":"default","_kad_post_title":"","_kad_post_layout":"default","_kad_post_sidebar_id":"","_kad_post_content_style":"default","_kad_post_vertical_padding":"default","_kad_post_feature":"","_kad_post_feature_position":"","_kad_post_header":false,"_kad_post_footer":false,"_kad_post_classname":""},"product_brand":[],"product_cat":[54],"product_tag":[295,216,290,294],"class_list":{"0":"post-2581","1":"product","2":"type-product","3":"status-publish","4":"has-post-thumbnail","6":"product_cat-hot-selling-rfid-tags","7":"product_tag-nfc-disc-tag","8":"product_tag-nfc-patrol-tag","9":"product_tag-nfc-tag","10":"product_tag-on-metal-nfc-screw-tag","12":"first","13":"instock","14":"shipping-taxable","15":"product-type-simple","16":"entry","17":"content-bg","18":"loop-entry"},"_links":{"self":[{"href":"https:\/\/rfid-laundry-tag.com\/da\/wp-json\/wp\/v2\/product\/2581","targetHints":{"allow":["GET"]}}],"collection":[{"href":"https:\/\/rfid-laundry-tag.com\/da\/wp-json\/wp\/v2\/product"}],"about":[{"href":"https:\/\/rfid-laundry-tag.com\/da\/wp-json\/wp\/v2\/types\/product"}],"version-history":[{"count":1,"href":"https:\/\/rfid-laundry-tag.com\/da\/wp-json\/wp\/v2\/product\/2581\/revisions"}],"predecessor-version":[{"id":2586,"href":"https:\/\/rfid-laundry-tag.com\/da\/wp-json\/wp\/v2\/product\/2581\/revisions\/2586"}],"wp:featuredmedia":[{"embeddable":true,"href":"https:\/\/rfid-laundry-tag.com\/da\/wp-json\/wp\/v2\/media\/2582"}],"wp:attachment":[{"href":"https:\/\/rfid-laundry-tag.com\/da\/wp-json\/wp\/v2\/media?parent=2581"}],"wp:term":[{"taxonomy":"product_brand","embeddable":true,"href":"https:\/\/rfid-laundry-tag.com\/da\/wp-json\/wp\/v2\/product_brand?post=2581"},{"taxonomy":"product_cat","embeddable":true,"href":"https:\/\/rfid-laundry-tag.com\/da\/wp-json\/wp\/v2\/product_cat?post=2581"},{"taxonomy":"product_tag","embeddable":true,"href":"https:\/\/rfid-laundry-tag.com\/da\/wp-json\/wp\/v2\/product_tag?post=2581"}],"curies":[{"name":"wp","href":"https:\/\/api.w.org\/{rel}","templated":true}]}}