{"id":2571,"date":"2024-09-17T13:42:59","date_gmt":"2024-09-17T13:42:59","guid":{"rendered":"https:\/\/rfid-laundry-tag.com\/?post_type=product&#038;p=2571"},"modified":"2024-09-17T13:43:00","modified_gmt":"2024-09-17T13:43:00","slug":"custom-guard-nfc-token-on-metal","status":"publish","type":"product","link":"https:\/\/rfid-laundry-tag.com\/da\/vare\/custom-guard-nfc-token-on-metal\/","title":{"rendered":"Custom Guard NFC Token ON-METAL"},"content":{"rendered":"<h3>Custom Guard NFC Token ON-METAL<\/h3>\n<h3>N\u00f8glefunktioner:<\/h3>\n<ul>\n<li><strong>Chip type<\/strong>: NTAG213, kendt for sin store hukommelseskapacitet, velegnet til en r\u00e6kke forskellige applikationer.<\/li>\n<li><strong>On-Metal funktionalitet<\/strong>: Udstyret med et 0,2 mm tykt anti-metal isoleringslag, der muligg\u00f8r p\u00e5lidelig NFC-drift p\u00e5 metaloverflader.<\/li>\n<li><strong>Materiale<\/strong>: Fremstillet af glat, robust PVC-plast, designet til at v\u00e6re vandafvisende og specifikt tilpasset med logoer eller kunstv\u00e6rker; f\u00e5s ogs\u00e5 i sort.<\/li>\n<li><strong>Kl\u00e6bemiddel<\/strong>: Leveres med 3M 9448A tissuetape, en let akrylkl\u00e6ber, der giver en st\u00e6rk binding til forskellige overflader; en mulighed uden lim er ogs\u00e5 tilg\u00e6ngelig.<\/li>\n<li><strong>St\u00f8rrelsesmuligheder<\/strong>: F\u00e5s i forskellige former, s\u00e5som cirkul\u00e6r (25 mm, 30 mm, 35 mm) og kvadratisk (30 mm x 30 mm), med mulighed for tilpassede st\u00f8rrelser.<\/li>\n<li><strong>Arbejdstilstande<\/strong>: Underst\u00f8tter b\u00e5de l\u00e6se- og skrivefunktioner til datalagring og -hentning.<\/li>\n<li><strong>L\u00e6s afstand<\/strong>: Kan l\u00e6se fra afstande p\u00e5 1-30 cm, afh\u00e6ngigt af de specifikke brugsforhold.<\/li>\n<li><strong>H\u00e5ndv\u00e6rksmuligheder<\/strong>: Kan tilpasses finish inklusive blank, mat, hologram og muligheder for lasernummerering eller QR-koder.<\/li>\n<\/ul>\n<h3>Ans\u00f8gninger:<\/h3>\n<ul>\n<li><strong>Adgangskontrol<\/strong>: Ideel til overv\u00e5gning og kontrol af adgang i forskellige milj\u00f8er.<\/li>\n<li><strong>Automatisering<\/strong>: Kan bruges i automatiserede systemer til sporing og identifikationsform\u00e5l.<\/li>\n<li><strong>Lagerstyring<\/strong>: Nyttigt til styring af lager og inventar med realtidsidentifikation af m\u00e6rkede varer.<\/li>\n<li><strong>Vagtture<\/strong>: Specielt designet til brug i vagtrejsesystemer, der sikrer effektiv sporing af sikkerhedspersonale.<\/li>\n<\/ul>\n<p>Denne NFC-token-type kombinerer problemfrit funktionalitet og brugervenlighed, hvilket g\u00f8r den til et fremragende valg til forskellige NFC-applikationer inden for sikkerhed og asset management.<\/p>","protected":false},"excerpt":{"rendered":"<p>On-metal NFC-tokens har revolutioneret den m\u00e5de, vi interagerer med teknologi p\u00e5, is\u00e6r inden for sikkerhed og asset management.<\/p>","protected":false},"featured_media":2572,"template":"","meta":{"_kad_post_transparent":"default","_kad_post_title":"","_kad_post_layout":"default","_kad_post_sidebar_id":"","_kad_post_content_style":"default","_kad_post_vertical_padding":"default","_kad_post_feature":"","_kad_post_feature_position":"","_kad_post_header":false,"_kad_post_footer":false,"_kad_post_classname":""},"product_brand":[],"product_cat":[54],"product_tag":[],"class_list":{"0":"post-2571","1":"product","2":"type-product","3":"status-publish","4":"has-post-thumbnail","6":"product_cat-hot-selling-rfid-tags","8":"first","9":"instock","10":"shipping-taxable","11":"product-type-simple","12":"entry","13":"content-bg","14":"loop-entry"},"_links":{"self":[{"href":"https:\/\/rfid-laundry-tag.com\/da\/wp-json\/wp\/v2\/product\/2571","targetHints":{"allow":["GET"]}}],"collection":[{"href":"https:\/\/rfid-laundry-tag.com\/da\/wp-json\/wp\/v2\/product"}],"about":[{"href":"https:\/\/rfid-laundry-tag.com\/da\/wp-json\/wp\/v2\/types\/product"}],"version-history":[{"count":2,"href":"https:\/\/rfid-laundry-tag.com\/da\/wp-json\/wp\/v2\/product\/2571\/revisions"}],"predecessor-version":[{"id":2575,"href":"https:\/\/rfid-laundry-tag.com\/da\/wp-json\/wp\/v2\/product\/2571\/revisions\/2575"}],"wp:featuredmedia":[{"embeddable":true,"href":"https:\/\/rfid-laundry-tag.com\/da\/wp-json\/wp\/v2\/media\/2572"}],"wp:attachment":[{"href":"https:\/\/rfid-laundry-tag.com\/da\/wp-json\/wp\/v2\/media?parent=2571"}],"wp:term":[{"taxonomy":"product_brand","embeddable":true,"href":"https:\/\/rfid-laundry-tag.com\/da\/wp-json\/wp\/v2\/product_brand?post=2571"},{"taxonomy":"product_cat","embeddable":true,"href":"https:\/\/rfid-laundry-tag.com\/da\/wp-json\/wp\/v2\/product_cat?post=2571"},{"taxonomy":"product_tag","embeddable":true,"href":"https:\/\/rfid-laundry-tag.com\/da\/wp-json\/wp\/v2\/product_tag?post=2571"}],"curies":[{"name":"wp","href":"https:\/\/api.w.org\/{rel}","templated":true}]}}