{"id":2567,"date":"2024-09-16T05:27:07","date_gmt":"2024-09-16T05:27:07","guid":{"rendered":"https:\/\/rfid-laundry-tag.com\/?post_type=product&#038;p=2567"},"modified":"2024-09-16T05:27:07","modified_gmt":"2024-09-16T05:27:07","slug":"custom-printing-on-metal-nfc-sticker-ntag213","status":"publish","type":"product","link":"https:\/\/rfid-laundry-tag.com\/da\/vare\/custom-printing-on-metal-nfc-sticker-ntag213\/","title":{"rendered":"Brugerdefineret udskrivning p\u00e5 metal NFC-klisterm\u00e6rke NTAG213"},"content":{"rendered":"<p><strong>On-Metal NFC Sticker<\/strong>\u00a0udstyret med det p\u00e5lidelige\u00a0<strong>NTAG213 NFC-chip<\/strong>. Disse innovative klisterm\u00e6rker er designet til at fungere fejlfrit p\u00e5 metaloverflader og l\u00e5se op for en dynamisk m\u00e5de at engagere kunder p\u00e5, dele information hurtigt og forbedre marketingstrategier. Uanset om du vil fremvise dit logo, levere produktinformation eller booste kundeinteraktivitet, er vores NFC-klisterm\u00e6rker i metal den l\u00f8sning, du har ledt efter.<\/p>\n<table class=\"has-title is-zebra hight-light-first-column all magic-22\">\n<tbody>\n<tr>\n<td colspan=\"1\" rowspan=\"1\">\n<div class=\"magic-23\" data-spm-anchor-id=\"a2700.details.0.i46.640212393xXGMO\">Produktnavn<\/div>\n<\/td>\n<td colspan=\"4\" rowspan=\"1\">\n<div class=\"magic-24\">Brugerdefineret udskrivning p\u00e5 metal NFC-klisterm\u00e6rke NTAG213<\/div>\n<\/td>\n<\/tr>\n<tr>\n<td colspan=\"1\" rowspan=\"1\">\n<div class=\"magic-23\">Arbejdsfrekvens<\/div>\n<\/td>\n<td colspan=\"4\" rowspan=\"1\">\n<div class=\"magic-24\">13,56 MHz<\/div>\n<\/td>\n<\/tr>\n<tr>\n<td colspan=\"1\" rowspan=\"1\">\n<div class=\"magic-23\">Protokol<\/div>\n<\/td>\n<td colspan=\"4\" rowspan=\"1\">\n<div class=\"magic-24\">\u00a0ISO14443A NFC Forum Type 2<\/div>\n<\/td>\n<\/tr>\n<tr>\n<td colspan=\"1\" rowspan=\"1\">\n<div class=\"magic-23\">Materiale<\/div>\n<\/td>\n<td colspan=\"4\" rowspan=\"1\">\n<div class=\"magic-27\">Papir eller hvid PET eller bl\u00f8d\/h\u00e5rd PVC<\/div>\n<\/td>\n<\/tr>\n<tr>\n<td colspan=\"1\" rowspan=\"1\">\n<div class=\"magic-23\">IC<\/div>\n<\/td>\n<td colspan=\"4\" rowspan=\"1\">\n<div class=\"magic-27\">NXP Ntag213<\/div>\n<\/td>\n<\/tr>\n<tr>\n<td colspan=\"1\" rowspan=\"1\">\n<div class=\"magic-23\">Antenne<\/div>\n<\/td>\n<td colspan=\"4\" rowspan=\"1\">\n<div class=\"magic-27\">\u00c6tset antenne<\/div>\n<\/td>\n<\/tr>\n<tr>\n<td colspan=\"1\" rowspan=\"1\">\n<div class=\"magic-23\">Datalagring<\/div>\n<\/td>\n<td colspan=\"4\" rowspan=\"1\">\n<div class=\"magic-27\">20 \u00e5r<\/div>\n<\/td>\n<\/tr>\n<tr>\n<td colspan=\"1\" rowspan=\"1\">\n<div class=\"magic-23\">Chip liv<\/div>\n<\/td>\n<td colspan=\"4\" rowspan=\"1\">\n<div class=\"magic-27\">Skriv udholdenhed over 100.000 cyklusser<\/div>\n<\/td>\n<\/tr>\n<tr>\n<td colspan=\"1\" rowspan=\"1\">\n<div class=\"magic-23\">Opbevaringstemperatur<\/div>\n<\/td>\n<td colspan=\"4\" rowspan=\"1\">\n<div class=\"magic-27\">-40~+85\u00b0C<\/div>\n<\/td>\n<\/tr>\n<tr>\n<td colspan=\"1\" rowspan=\"1\">\n<div class=\"magic-23\">Arbejdstemperatur<\/div>\n<\/td>\n<td colspan=\"4\" rowspan=\"1\">\n<div class=\"magic-27\">-20~+75\u00b0C<\/div>\n<\/td>\n<\/tr>\n<tr>\n<td colspan=\"1\" rowspan=\"1\">\n<div class=\"magic-23\">Opbevaring Fugtighed<\/div>\n<\/td>\n<td colspan=\"4\" rowspan=\"1\">\n<div class=\"magic-27\">5%\uff5e95%<\/div>\n<\/td>\n<\/tr>\n<tr>\n<td colspan=\"1\" rowspan=\"1\">\n<div class=\"magic-23\">Installationsm\u00e5de<\/div>\n<\/td>\n<td colspan=\"4\" rowspan=\"1\">\n<div class=\"magic-27\">Hold dig til de objekter, vi \u00f8nsker at identificere<\/div>\n<\/td>\n<\/tr>\n<tr>\n<td colspan=\"1\" rowspan=\"1\">\n<div class=\"magic-23\">Arbejdstilstand<\/div>\n<\/td>\n<td colspan=\"4\" rowspan=\"1\">\n<div class=\"magic-27\">Passiv (passive RFID-etiketter)<\/div>\n<\/td>\n<\/tr>\n<tr>\n<td colspan=\"1\" rowspan=\"1\">\n<div class=\"magic-23\">Individuel service<\/div>\n<\/td>\n<td colspan=\"4\" rowspan=\"1\">\n<div class=\"magic-27\">Forprogrammeret: EPC<br \/>\nUdskrivning: logo , laser UID , bogstaver , stregkode, QR , cifre , Slogan<\/div>\n<\/td>\n<\/tr>\n<tr>\n<td colspan=\"1\" rowspan=\"1\">\n<div class=\"magic-23\">Anvendelse<\/div>\n<\/td>\n<td colspan=\"4\" rowspan=\"1\">\n<div class=\"magic-27\">\n<div data-spm-anchor-id=\"a2700.pc-decorate.0.i167.373e3333414ktv\">Kontaktl\u00f8se betalinger<\/div>\n<div data-spm-anchor-id=\"a2700.pc-decorate.0.i167.373e3333414ktv\">sociale medier<\/div>\n<div data-spm-anchor-id=\"a2700.pc-decorate.0.i168.373e3333414ktv\">enheder aktiver mobiltelefoner, tablets, computere<\/div>\n<div data-spm-anchor-id=\"a2700.pc-decorate.0.i168.373e3333414ktv\">Logistik, detailmode, smykker og kosmetik<\/div>\n<div data-spm-anchor-id=\"a2700.pc-decorate.0.i168.373e3333414ktv\">Eftersyn af maskiner og udstyr<\/div>\n<div data-spm-anchor-id=\"a2700.pc-decorate.0.i168.373e3333414ktv\">Identifikation og adgangskontrol...<\/div>\n<\/div>\n<\/td>\n<\/tr>\n<\/tbody>\n<\/table>\n<h2>Hvorfor v\u00e6lge NFC-klisterm\u00e6rker p\u00e5 metal Ntag213?<\/h2>\n<p>Investering i NFC-klisterm\u00e6rker i metal \u00f8ger ikke kun dit brands synlighed, men forbedrer ogs\u00e5 brugeroplevelsen. Brug af en\u00a0<strong>NTAG213<\/strong>\u00a0chip, kan disse klisterm\u00e6rker gemme og overf\u00f8re data effektivt. De kommer med en\u00a0<strong>144-byte<\/strong>\u00a0lagerkapacitet, der giver rigelig plads til v\u00e6sentlige oplysninger som f.eks. websteds-URL&#039;er, kontaktoplysninger eller kampagnetilbud.<\/p>\n<h3>Vigtigste fordele ved On-Metal NFC-klisterm\u00e6rker<\/h3>\n<ul>\n<li><strong>Alsidig tilpasning<\/strong>: Tilpas hvert klisterm\u00e6rke med logoer, stregkoder eller tekst trykt i CMYK og sort farve. Vores klisterm\u00e6rker kan skr\u00e6ddersyes til dine brandingbehov.<\/li>\n<li><strong>Holdbarhed<\/strong>: Bygget til at modst\u00e5 forskellige milj\u00f8forhold, disse klisterm\u00e6rker er designet med et ferritlag for enest\u00e5ende ydeevne p\u00e5 metaloverflader.<\/li>\n<li><strong>Brugervenlighed<\/strong>: Enkel og hurtig interaktion - bare tryk p\u00e5 klisterm\u00e6rket med din\u00a0<strong>iPhone<\/strong>\u00a0eller\u00a0<strong>Android<\/strong>\u00a0enhed for \u00f8jeblikkelig adgang til dit angivne indhold.<\/li>\n<\/ul>\n<h2>Forst\u00e5else af NTAG213 NFC-teknologi<\/h2>\n<p>NTAG213 NFC-chippen er en af de mest p\u00e5lidelige l\u00f8sninger i NFC-sektoren, specielt designet til at sikre kompatibilitet med b\u00e5de iOS- og Android-enheder. Med en hukommelseskapacitet p\u00e5\u00a0<strong>144 bytes<\/strong>, den rummer nok data til v\u00e6sentlige brugstilf\u00e6lde. Det, der adskiller NTAG213, er dens forbedrede anti-kollisionsfunktioner, der g\u00f8r det muligt for flere NFC-tags at fungere samtidigt uden konflikter.<\/p>\n<p>N\u00e5r brugere banker deres smartphones mod et NFC-m\u00e6rkat p\u00e5 metal, er de \u00f8jeblikkeligt forbundet til det \u00f8nskede digitale indhold uden at skulle downloade nogen apps. Denne\u00a0<strong>plug-and-play<\/strong>\u00a0funktionalitet mindsker barrierer for interaktion, hvilket g\u00f8r det til et ideelt v\u00e6rkt\u00f8j for virksomheder, der \u00f8nsker at engagere forbrugerne effektivt.<\/p>\n<h2>Tilpasningsmuligheder for On-Metal Stickers<\/h2>\n<p>Et af de mest attraktive aspekter ved NFC-klisterm\u00e6rker p\u00e5 metal er r\u00e6kken af tilg\u00e6ngelige tilpasningsmuligheder. Fra former og st\u00f8rrelser til valg af tryk kan du udvikle et produkt, der passer til dit brandimage.<\/p>\n<ul>\n<li><strong>Trykte designs<\/strong>: Brug h\u00f8jkvalitets printteknikker til at fremvise levende logoer, slanke bogstaver og unikke stregkoder. V\u00e6lg mellem blank eller mat finish for at tilpasse dit produkts \u00e6stetik.<\/li>\n<li><strong>Materialevalg<\/strong>: Vores klisterm\u00e6rker p\u00e5 metal kan printes p\u00e5 forskellige materialer, herunder\u00a0<strong>PVC<\/strong>,\u00a0<strong>K\u00c6LEDYR<\/strong>, eller\u00a0<strong>Papir<\/strong>, hvilket giver fleksibilitet i brug og anvendelse.<\/li>\n<\/ul>\n<p>Dette niveau af tilpasning sikrer, at dine NFC-klisterm\u00e6rker ikke kun fungerer godt, men ogs\u00e5 fungerer som en visuel repr\u00e6sentation af dit brand.<\/p>\n<h2>Fordele ved anti-metal NFC-klisterm\u00e6rker<\/h2>\n<p>NFC-klisterm\u00e6rker designet til at blive brugt p\u00e5 metaloverflader st\u00e5r over for unikke udfordringer. Traditionelle klisterm\u00e6rker fejler ofte i dette milj\u00f8, men vores anti-metal NFC-klisterm\u00e6rker giver en overlegen l\u00f8sning:<\/p>\n<ul>\n<li><strong>Ferrit lag<\/strong>: Det integrerede ferritlag hj\u00e6lper effektivt med at modvirke signalinterferens, der almindeligvis opst\u00e5r, n\u00e5r klisterm\u00e6rker p\u00e5f\u00f8res metal, hvilket sikrer en j\u00e6vn datatransmission.<\/li>\n<li><strong>Forbedret ydeevne<\/strong>: Disse klisterm\u00e6rker opretholder fremragende kommunikationsr\u00e6kkevidde og stabilitet, fremmer brugertilfredshed og reducerer frustration.<\/li>\n<\/ul>\n<p>Ved at v\u00e6lge vores anti-metal NFC-klisterm\u00e6rker kan du give dine kunder en uafbrudt oplevelse, hvilket i sidste ende forbedrer effektiviteten af dine kampagner.<\/p>\n<h2>V\u00e6lg det rigtige kl\u00e6bemiddel til dine behov<\/h2>\n<p>At v\u00e6lge det rigtige kl\u00e6bemiddel til dine NFC-klisterm\u00e6rker p\u00e5 metal er afg\u00f8rende for at sikre lang levetid og holdbarhed. Forskellige applikationer kan kr\u00e6ve forskellige kl\u00e6bemiddeltyper:<\/p>\n<ul>\n<li><strong>St\u00e6rk bindingslim<\/strong>: Til applikationer, der involverer uds\u00e6ttelse for fugt eller varierende temperaturer, er et st\u00e6rkt kl\u00e6bemiddel n\u00f8dvendigt.<\/li>\n<li><strong>Aftageligt kl\u00e6bemiddel<\/strong>: Hvis du har brug for en midlertidig p\u00e5f\u00f8ring, skal du overveje aftagelige kl\u00e6bemidler, der g\u00f8r det nemt at genplacere eller fjerne uden at efterlade rester.<\/li>\n<\/ul>\n<p>Ved at tage dig tid til at v\u00e6lge det rigtige kl\u00e6bemiddel, kan du garantere holdbarheden og effektiviteten af dine NFC-klisterm\u00e6rker.<\/p>\n<h2>Anvendelser af On-Metal NFC-klisterm\u00e6rker<\/h2>\n<p>Alsidigheden af NFC-klisterm\u00e6rker p\u00e5 metal betyder, at de kan bruges i forskellige sektorer. Her er nogle fremtr\u00e6dende applikationer:<\/p>\n<ul>\n<li><strong>Detailmarkedsf\u00f8ring<\/strong>: \u00d8jeblikkelige kampagner, opdateringer og produktoplysninger kan tilg\u00e5s blot ved at trykke p\u00e5 et klisterm\u00e6rke p\u00e5 en produktsk\u00e6rm.<\/li>\n<li><strong>Event Management<\/strong>: Inkorporer NFC-klisterm\u00e6rker i begivenhedskort og badges for hurtig adgang til tidsplaner, bios og netv\u00e6rksmuligheder.<\/li>\n<li><strong>Aktiv sporing<\/strong>: Organisationer kan bruge disse klisterm\u00e6rker til at str\u00f8mline lagerstyring. Fastg\u00f8r dem til udstyr for nem identifikation og tilstandsoverv\u00e5gning.<\/li>\n<\/ul>\n<p>De potentielle applikationer er uendelige, perfekt placeret til at forbedre brugeroplevelsen og forretningsengagementet.<\/p>\n<h2>Sammenligning med andre NFC-tags<\/h2>\n<p>N\u00e5r du overvejer NFC-produkter, er det vigtigt at forst\u00e5 hvordan\u00a0<strong>NFC-tags p\u00e5 metal<\/strong>\u00a0adskiller sig fra andre muligheder.<\/p>\n<ul>\n<li><strong>Pr\u00e6station<\/strong>: I mods\u00e6tning til standard NFC-tags tilbyder klisterm\u00e6rker p\u00e5 metal overlegen ydeevne p\u00e5 metaloverflader p\u00e5 grund af deres specifikke design og ferritbagside.<\/li>\n<li><strong>Kapacitet<\/strong>: Mens\u00a0<strong>NTAG215<\/strong>\u00a0tilbud\u00a0<strong>504 bytes<\/strong>\u00a0hukommelse er NTAG213 mere end tilstr\u00e6kkeligt til de fleste applikationer, der har brug for grundl\u00e6ggende URL-links eller lille tekst, hvilket g\u00f8r det til et \u00f8konomisk og effektivt valg.<\/li>\n<\/ul>\n<p>At forst\u00e5 disse vigtige forskelle hj\u00e6lper virksomheder med at v\u00e6lge den rigtige NFC-l\u00f8sning til deres specifikke behov.<\/p>\n<h2>Ofte stillede sp\u00f8rgsm\u00e5l<\/h2>\n<p>Her er nogle almindelige sp\u00f8rgsm\u00e5l om vores NFC-klisterm\u00e6rker p\u00e5 metal:<\/p>\n<ol>\n<li><strong>Hvilke enheder er kompatible med NFC-klisterm\u00e6rker?<\/strong>\n<ul>\n<li>Begge\u00a0<strong>iPhone<\/strong>\u00a0og\u00a0<strong>Android<\/strong>\u00a0enheder underst\u00f8tter NFC-teknologi, hvilket giver mulighed for en bred vifte af interaktioner.<\/li>\n<\/ul>\n<\/li>\n<li><strong>Hvor meget data kan en NTAG213 NFC-chip gemme?<\/strong>\n<ul>\n<li>NTAG213 chippen har en lagerkapacitet p\u00e5\u00a0<strong>144 bytes<\/strong>, velegnet til kort tekst eller links.<\/li>\n<\/ul>\n<\/li>\n<li><strong>Kan klisterm\u00e6rkerne printes med brugerdefinerede designs?<\/strong>\n<ul>\n<li>Absolut! Vores klisterm\u00e6rker kan tilpasses med dine logoer, stregkoder eller ethvert printdesign efter eget valg.<\/li>\n<\/ul>\n<\/li>\n<\/ol>","protected":false},"excerpt":{"rendered":"<p>Oplev det alsidige NFC-klisterm\u00e6rke p\u00e5 metal NTAG213. Tilpas til branding, nyd holdbarhed, og l\u00e5s op for \u00f8jeblikkelige interaktioner med smartphones!<\/p>","protected":false},"featured_media":2568,"template":"","meta":{"_kad_post_transparent":"default","_kad_post_title":"","_kad_post_layout":"default","_kad_post_sidebar_id":"","_kad_post_content_style":"default","_kad_post_vertical_padding":"default","_kad_post_feature":"","_kad_post_feature_position":"","_kad_post_header":false,"_kad_post_footer":false,"_kad_post_classname":""},"product_brand":[],"product_cat":[54],"product_tag":[290,291,289],"class_list":{"0":"post-2567","1":"product","2":"type-product","3":"status-publish","4":"has-post-thumbnail","6":"product_cat-hot-selling-rfid-tags","7":"product_tag-nfc-tag","8":"product_tag-ntag213-nfc-label","9":"product_tag-on-metal-nfc-sticker-ntag213","11":"first","12":"instock","13":"shipping-taxable","14":"product-type-simple","15":"entry","16":"content-bg","17":"loop-entry"},"_links":{"self":[{"href":"https:\/\/rfid-laundry-tag.com\/da\/wp-json\/wp\/v2\/product\/2567","targetHints":{"allow":["GET"]}}],"collection":[{"href":"https:\/\/rfid-laundry-tag.com\/da\/wp-json\/wp\/v2\/product"}],"about":[{"href":"https:\/\/rfid-laundry-tag.com\/da\/wp-json\/wp\/v2\/types\/product"}],"version-history":[{"count":2,"href":"https:\/\/rfid-laundry-tag.com\/da\/wp-json\/wp\/v2\/product\/2567\/revisions"}],"predecessor-version":[{"id":2570,"href":"https:\/\/rfid-laundry-tag.com\/da\/wp-json\/wp\/v2\/product\/2567\/revisions\/2570"}],"wp:featuredmedia":[{"embeddable":true,"href":"https:\/\/rfid-laundry-tag.com\/da\/wp-json\/wp\/v2\/media\/2568"}],"wp:attachment":[{"href":"https:\/\/rfid-laundry-tag.com\/da\/wp-json\/wp\/v2\/media?parent=2567"}],"wp:term":[{"taxonomy":"product_brand","embeddable":true,"href":"https:\/\/rfid-laundry-tag.com\/da\/wp-json\/wp\/v2\/product_brand?post=2567"},{"taxonomy":"product_cat","embeddable":true,"href":"https:\/\/rfid-laundry-tag.com\/da\/wp-json\/wp\/v2\/product_cat?post=2567"},{"taxonomy":"product_tag","embeddable":true,"href":"https:\/\/rfid-laundry-tag.com\/da\/wp-json\/wp\/v2\/product_tag?post=2567"}],"curies":[{"name":"wp","href":"https:\/\/api.w.org\/{rel}","templated":true}]}}