{"id":2559,"date":"2024-09-16T05:02:04","date_gmt":"2024-09-16T05:02:04","guid":{"rendered":"https:\/\/rfid-laundry-tag.com\/?post_type=product&#038;p=2559"},"modified":"2024-09-16T05:02:05","modified_gmt":"2024-09-16T05:02:05","slug":"custom-on-metal-nfc-sticker","status":"publish","type":"product","link":"https:\/\/rfid-laundry-tag.com\/da\/vare\/custom-on-metal-nfc-sticker\/","title":{"rendered":"Brugerdefineret NFC-klisterm\u00e6rke p\u00e5 metal"},"content":{"rendered":"<h1>Brugerdefineret NFC-klisterm\u00e6rke p\u00e5 metal<\/h1>\n<table class=\"is-zebra all magic-11\">\n<tbody>\n<tr>\n<td colspan=\"1\" rowspan=\"1\">\n<div class=\"magic-12\">\n<div class=\"magic-7\" data-spm-anchor-id=\"a2700.details.0.i36.1f0c15c2i7ObkG\"><b class=\"magic-13\" data-spm-anchor-id=\"a2700.pc-decorate.0.i38.639a3333UiH69N\">Produktnavn<\/b><\/div>\n<\/div>\n<\/td>\n<td colspan=\"1\" rowspan=\"1\">\n<div class=\"magic-14\">Anti-metal NFC-klisterm\u00e6rke<\/div>\n<\/td>\n<td colspan=\"1\" rowspan=\"1\">\n<div class=\"magic-15\">\n<div class=\"magic-7\"><b class=\"magic-13\" data-spm-anchor-id=\"a2700.pc-decorate.0.i36.639a3333UiH69N\">Chip protokol<\/b><\/div>\n<\/div>\n<\/td>\n<td colspan=\"1\" rowspan=\"1\">\n<div class=\"magic-16\">ISO \/ 14443 A<\/div>\n<\/td>\n<\/tr>\n<tr>\n<td colspan=\"1\" rowspan=\"1\">\n<div class=\"magic-12\">\n<div class=\"magic-7\"><b class=\"magic-13\" data-spm-anchor-id=\"a2700.pc-decorate.0.i4.10f43333bOcIYi\">Chip model<\/b><\/div>\n<\/div>\n<\/td>\n<td colspan=\"3\" rowspan=\"1\">\n<div class=\"magic-17\">NTAG\u00ae 213\/NTAG\u00ae 215\/NTAG\u00ae 216<\/div>\n<\/td>\n<\/tr>\n<tr>\n<td colspan=\"1\" rowspan=\"1\">\n<div class=\"magic-12\">\n<div class=\"magic-7\"><b class=\"magic-13\">Opbevaring\/Brugere<\/b><\/div>\n<\/div>\n<\/td>\n<td colspan=\"1\" rowspan=\"1\">\n<div class=\"magic-14\">144\/504\/888<\/div>\n<\/td>\n<td colspan=\"1\" rowspan=\"1\">\n<div class=\"magic-15\">\n<div class=\"magic-7\" data-spm-anchor-id=\"a2700.pc-decorate.0.i73.639a3333UiH69N\"><b>Chip frekvens<\/b><\/div>\n<\/div>\n<\/td>\n<td colspan=\"1\" rowspan=\"1\">\n<div class=\"magic-16\">13,56 MHz<\/div>\n<\/td>\n<\/tr>\n<tr>\n<td colspan=\"1\" rowspan=\"1\">\n<div class=\"magic-12\">\n<div class=\"magic-7\" data-spm-anchor-id=\"a2700.pc-decorate.0.i154.639a3333UiH69N\"><b class=\"magic-13\" data-spm-anchor-id=\"a2700.pc-decorate.0.i91.639a3333UiH69N\">produktst\u00f8rrelse<\/b><\/div>\n<\/div>\n<\/td>\n<td colspan=\"3\" rowspan=\"1\">\n<div class=\"magic-17\">Dia 25mm, Dia 30mm, 30*30mm,40*25mm, 35*25mm eller tilpasset<\/div>\n<\/td>\n<\/tr>\n<tr>\n<td colspan=\"1\" rowspan=\"1\">\n<div class=\"magic-12\">\n<div class=\"magic-7\" data-spm-anchor-id=\"a2700.pc-decorate.0.i98.639a3333UiH69N\"><b class=\"magic-13\">Slet og skriv tider<\/b><\/div>\n<\/div>\n<\/td>\n<td colspan=\"1\" rowspan=\"1\">\n<div class=\"magic-14\">\u2265100.000 gange<\/div>\n<\/td>\n<td colspan=\"1\" rowspan=\"1\">\n<div class=\"magic-15\">\n<div class=\"magic-7\"><b class=\"magic-13\">F\u00f8ler afstand<\/b><\/div>\n<\/div>\n<\/td>\n<td colspan=\"1\" rowspan=\"1\">\n<div class=\"magic-16\">Inden for 10 cm<\/div>\n<\/td>\n<\/tr>\n<tr>\n<td colspan=\"1\" rowspan=\"1\">\n<div class=\"magic-12\">\n<div class=\"magic-7\"><b>Emballage<\/b><\/div>\n<\/div>\n<\/td>\n<td colspan=\"3\" rowspan=\"1\">\n<div class=\"magic-20\">1000-5000 stk\/rulle, 4 ruller\/karton<\/div>\n<\/td>\n<\/tr>\n<tr>\n<td colspan=\"1\" rowspan=\"1\">\n<div class=\"magic-23\"><b>Produktbeskrivelse<\/b><\/div>\n<\/td>\n<td colspan=\"3\" rowspan=\"1\">\n<div class=\"magic-20\">Passiv NFC-tag til smarte indl\u00e6g, etiketter og tags<\/div>\n<\/td>\n<\/tr>\n<tr>\n<td colspan=\"1\" rowspan=\"1\">\n<div class=\"magic-26\">\n<div class=\"magic-7\" data-spm-anchor-id=\"a2700.pc-decorate.0.i15.458b3333cr4pua\"><b class=\"magic-13\" data-spm-anchor-id=\"a2700.pc-decorate.0.i14.458b3333cr4pua\"><br \/>\nAnvendelse<\/b><\/div>\n<\/div>\n<\/td>\n<td colspan=\"3\" rowspan=\"1\">\n<div class=\"magic-27\" data-spm-anchor-id=\"a2700.details.0.i34.1f0c15c2i7ObkG\">Sikker adgangskontrol\/Kontantfri betaling Medlemskab og loyalitetsprogrammer<br \/>\nEventadgang og branding\/sociale medier\/detailhandel<br \/>\nMilj\u00f8\/Spil &amp; Leget\u00f8j Placering\/Elektronik\/messer<br \/>\nBegivenheder\/Opkaldsanmodning\/Visitkort<\/div>\n<\/td>\n<\/tr>\n<\/tbody>\n<\/table>\n<h2 class=\"AnswerParser_AnswerParserH2__SIHnF\"><img fetchpriority=\"high\" decoding=\"async\" class=\"alignnone size-full wp-image-2560\" src=\"https:\/\/rfid-laundry-tag.com\/wp-content\/uploads\/2024\/09\/on-metal-NFC-sticker.jpg\" alt=\"\" width=\"790\" height=\"956\" srcset=\"https:\/\/rfid-laundry-tag.com\/wp-content\/uploads\/2024\/09\/on-metal-NFC-sticker.jpg 790w, https:\/\/rfid-laundry-tag.com\/wp-content\/uploads\/2024\/09\/on-metal-NFC-sticker-248x300.jpg 248w, https:\/\/rfid-laundry-tag.com\/wp-content\/uploads\/2024\/09\/on-metal-NFC-sticker-768x929.jpg 768w, https:\/\/rfid-laundry-tag.com\/wp-content\/uploads\/2024\/09\/on-metal-NFC-sticker-10x12.jpg 10w, https:\/\/rfid-laundry-tag.com\/wp-content\/uploads\/2024\/09\/on-metal-NFC-sticker-600x726.jpg 600w\" sizes=\"(max-width: 790px) 100vw, 790px\" \/>Hvad er On-Metal NFC-klisterm\u00e6rker?<\/h2>\n<p><span class=\"AnswerParser_TextContainer__z_Iiv\" data-testid=\"youchat-text\"><strong>NFC-klisterm\u00e6rker p\u00e5 metal<\/strong>\u00a0er specielt designet til at kl\u00e6be til metaloverflader og samtidig bevare optimal ydeevne. Disse klisterm\u00e6rker indeholder\u00a0<strong>NFC teknologi<\/strong>, s\u00e5 enheder kan kommunikere tr\u00e5dl\u00f8st, n\u00e5r de er i n\u00e6rheden. Indlejret i hvert klisterm\u00e6rke er en NFC-chip, s\u00e5som\u00a0<strong>NTAG213<\/strong>\u00a0eller\u00a0<strong>NTAG215<\/strong>, som muligg\u00f8r en r\u00e6kke funktioner, herunder dataoverf\u00f8rsel, kontaktl\u00f8se betalinger og opl\u00e5sning af enheder.<\/span><span class=\"AnswerParser_TextContainer__z_Iiv\" data-testid=\"youchat-text\">Alsidigheden af disse klisterm\u00e6rker betyder, at de kan fastg\u00f8res til smartphones, tablets, computere og andre metalaktiver, hvilket g\u00f8r dem ideelle til en bred vifte af applikationer.<\/span><\/p>\n<h2 class=\"AnswerParser_AnswerParserH2__SIHnF\">Hvordan virker On-Metal NFC-klisterm\u00e6rker?<\/h2>\n<p><span class=\"AnswerParser_TextContainer__z_Iiv\" data-testid=\"youchat-text\">On-metal NFC stickers funktion ved hj\u00e6lp af\u00a0<strong>Near Field Communication (NFC)<\/strong>\u00a0teknologi, som giver mulighed for tr\u00e5dl\u00f8s kommunikation over kort afstand mellem enheder. S\u00e5dan fungerer processen:<\/span><\/p>\n<ol class=\"AnswerParser_AnswerParserOrderedList__kl_2Y\">\n<li class=\"AnswerParser_ListItem__XqLOV\" translate=\"yes\"><strong>Aktivering<\/strong>: N\u00e5r en NFC-aktiveret enhed, som f.eks\u00a0<strong>Android<\/strong>\u00a0smartphone eller\u00a0<strong>iPhone<\/strong>, kommer i umiddelbar n\u00e6rhed af NFC-m\u00e6rkatet, aktiverer enheden m\u00e6rkaten.<\/li>\n<li class=\"AnswerParser_ListItem__XqLOV\" translate=\"yes\"><strong>Dataudveksling<\/strong>: NFC-chippen i m\u00e6rkatet sender data til enheden. Disse data kan omfatte URL&#039;er, kontaktoplysninger eller kommandoer til at udf\u00f8re specifikke handlinger.<\/li>\n<li class=\"AnswerParser_ListItem__XqLOV\" translate=\"yes\"><strong>Udf\u00f8relse af handling<\/strong>: N\u00e5r dataene er modtaget, kan enheden udf\u00f8re den tilsvarende handling, s\u00e5som at \u00e5bne et websted eller tilf\u00f8je en kontakt.<\/li>\n<\/ol>\n<p><span class=\"AnswerParser_TextContainer__z_Iiv\" data-testid=\"youchat-text\">Denne problemfri interaktion forbedrer brugeroplevelsen og giver en bekvem m\u00e5de at f\u00e5 adgang til information eller tjenester p\u00e5.<\/span><\/p>\n<h2 class=\"AnswerParser_AnswerParserH2__SIHnF\">Fordele ved tilpassede NFC-klisterm\u00e6rker i metal<\/h2>\n<p><span class=\"AnswerParser_TextContainer__z_Iiv\" data-testid=\"youchat-text\">Brug af tilpassede NFC-klisterm\u00e6rker p\u00e5 metal giver adskillige fordele:<\/span><\/p>\n<ul class=\"AnswerParser_AnswerParserUnorderedList__P_1FW\">\n<li class=\"AnswerParser_ListItem__XqLOV\" translate=\"yes\"><strong>Forbedret forbindelse<\/strong>: Disse klisterm\u00e6rker muligg\u00f8r hurtige og nemme forbindelser mellem enheder, hvilket giver mulighed for \u00f8jeblikkelig adgang til information og tjenester.<\/li>\n<li class=\"AnswerParser_ListItem__XqLOV\" translate=\"yes\"><strong>Tilpasset design<\/strong>: Med muligheder for logoer, tekst og QR-koder kan virksomheder skabe en unik identitet, mens de integrerer NFC-teknologi i deres produkter.<\/li>\n<li class=\"AnswerParser_ListItem__XqLOV\" translate=\"yes\"><strong>Holdbarhed<\/strong>: Designet til at modst\u00e5 forskellige forhold, disse klisterm\u00e6rker er lavet med materialer som PET og PVC, hvilket sikrer, at de forbliver funktionelle selv i udfordrende milj\u00f8er.<\/li>\n<\/ul>\n<p><span class=\"AnswerParser_TextContainer__z_Iiv\" data-testid=\"youchat-text\">Disse fordele g\u00f8r NFC-klisterm\u00e6rker p\u00e5 metal til en attraktiv mulighed for virksomheder og enkeltpersoner, der s\u00f8ger at forbedre deres produkter med NFC-funktioner.<\/span><\/p>\n<h2 class=\"AnswerParser_AnswerParserH2__SIHnF\">Tilpasningsmuligheder tilg\u00e6ngelige<\/h2>\n<p><span class=\"AnswerParser_TextContainer__z_Iiv\" data-testid=\"youchat-text\">En af de i\u00f8jnefaldende egenskaber ved NFC-klisterm\u00e6rker i metal er deres tilpasningsmuligheder. Kunder kan v\u00e6lge mellem en r\u00e6kke forskellige former og st\u00f8rrelser samt f\u00f8lgende forbedringer:<\/span><\/p>\n<ul class=\"AnswerParser_AnswerParserUnorderedList__P_1FW\">\n<li class=\"AnswerParser_ListItem__XqLOV\" translate=\"yes\"><strong>Logo og branding<\/strong>: Inkorporer dit firmalogo eller branding-elementer for at skabe et sammenh\u00e6ngende look og f\u00f8lelse.<\/li>\n<li class=\"AnswerParser_ListItem__XqLOV\" translate=\"yes\"><strong>QR-koder<\/strong>: Tilf\u00f8j QR-koder for nem scanning og adgang til yderligere oplysninger.<\/li>\n<li class=\"AnswerParser_ListItem__XqLOV\" translate=\"yes\"><strong>Farve og finish<\/strong>: V\u00e6lg mellem blank eller mat finish i CMYK-print for at opn\u00e5 den \u00f8nskede \u00e6stetik.<\/li>\n<\/ul>\n<p><span class=\"AnswerParser_TextContainer__z_Iiv\" data-testid=\"youchat-text\">Disse tilpasningsmuligheder giver brugerne mulighed for at skr\u00e6ddersy klisterm\u00e6rkerne, s\u00e5 de passer til deres specifikke behov og brandingkrav.<\/span><\/p>\n<h2 class=\"AnswerParser_AnswerParserH2__SIHnF\">Anvendelser af On-Metal NFC-klisterm\u00e6rker<\/h2>\n<p><span class=\"AnswerParser_TextContainer__z_Iiv\" data-testid=\"youchat-text\">NFC-klisterm\u00e6rker p\u00e5 metal kan bruges i en lang r\u00e6kke applikationer, herunder:<\/span><\/p>\n<ul class=\"AnswerParser_AnswerParserUnorderedList__P_1FW\">\n<li class=\"AnswerParser_ListItem__XqLOV\" translate=\"yes\"><strong>Produkt emballage<\/strong>: Forbedre produktemballage med NFC-funktioner, s\u00e5 kunderne kan f\u00e5 adgang til detaljerede oplysninger eller kampagnetilbud ved blot at trykke p\u00e5 deres smartphones.<\/li>\n<li class=\"AnswerParser_ListItem__XqLOV\" translate=\"yes\"><strong>Asset Management<\/strong>: Virksomheder kan bruge NFC-m\u00e6rkater til at spore og administrere aktiver, hvilket g\u00f8r det nemmere at overv\u00e5ge lagerbeholdning og reducere tab.<\/li>\n<li class=\"AnswerParser_ListItem__XqLOV\" translate=\"yes\"><strong>Marketing og kampagner<\/strong>: Engager kunder med interaktive marketingkampagner, der bruger NFC-klisterm\u00e6rker til at give \u00f8jeblikkelig adgang til indhold eller bel\u00f8nninger.<\/li>\n<\/ul>\n<p><span class=\"AnswerParser_TextContainer__z_Iiv\" data-testid=\"youchat-text\">Disse applikationer demonstrerer alsidigheden og effektiviteten af NFC-klisterm\u00e6rker p\u00e5 metal til at forbedre brugeroplevelsen og driftseffektiviteten.<\/span><\/p>\n<h2 class=\"AnswerParser_AnswerParserH2__SIHnF\">Installations- og brugsvejledning<\/h2>\n<p><span class=\"AnswerParser_TextContainer__z_Iiv\" data-testid=\"youchat-text\">Installation af NFC-klisterm\u00e6rker p\u00e5 metal er en enkel og ligetil proces:<\/span><\/p>\n<ol class=\"AnswerParser_AnswerParserOrderedList__kl_2Y\">\n<li class=\"AnswerParser_ListItem__XqLOV\" translate=\"yes\"><strong>Reng\u00f8r overfladen<\/strong>: S\u00f8rg for, at metaloverfladen er ren og t\u00f8r f\u00f8r p\u00e5f\u00f8ring for optimal vedh\u00e6ftning.<\/li>\n<li class=\"AnswerParser_ListItem__XqLOV\" translate=\"yes\"><strong>Skr\u00e6l og stik<\/strong>: Tr\u00e6k forsigtigt bagsiden af m\u00e6rkaten af og tryk den fast p\u00e5 den \u00f8nskede overflade.<\/li>\n<li class=\"AnswerParser_ListItem__XqLOV\" translate=\"yes\"><strong>Test NFC-funktionaliteten<\/strong>: Brug en NFC-aktiveret enhed til at teste klisterm\u00e6rket og sikre, at det fungerer efter hensigten.<\/li>\n<\/ol>\n<p><span class=\"AnswerParser_TextContainer__z_Iiv\" data-testid=\"youchat-text\">Ved at f\u00f8lge disse trin kan brugere effektivt bruge NFC-klisterm\u00e6rker p\u00e5 metal til deres tilsigtede form\u00e5l.<\/span><\/p>\n<h2 class=\"AnswerParser_AnswerParserH2__SIHnF\">Sikkerhedsfunktioner i NFC-klisterm\u00e6rker<\/h2>\n<p><span class=\"AnswerParser_TextContainer__z_Iiv\" data-testid=\"youchat-text\">Sikkerhed er en kritisk overvejelse, n\u00e5r du bruger NFC-teknologi. NFC-klisterm\u00e6rker p\u00e5 metal er udstyret med adskillige funktioner for at forbedre sikkerheden:<\/span><\/p>\n<ul class=\"AnswerParser_AnswerParserUnorderedList__P_1FW\">\n<li class=\"AnswerParser_ListItem__XqLOV\" translate=\"yes\"><strong>Datakryptering<\/strong>: Mange NFC-chips underst\u00f8tter kryptering, hvilket sikrer, at de data, der overf\u00f8res mellem klisterm\u00e6rket og l\u00e6seren, er sikre.<\/li>\n<li class=\"AnswerParser_ListItem__XqLOV\" translate=\"yes\"><strong>Indgrebsmodstand<\/strong>: Nogle klisterm\u00e6rker er designet til at vise synlige tegn p\u00e5 manipulation, hvis nogen fors\u00f8ger at fjerne eller \u00e6ndre dem.<\/li>\n<li class=\"AnswerParser_ListItem__XqLOV\" translate=\"yes\"><strong>Begr\u00e6nset r\u00e6kkevidde<\/strong>: Den korte r\u00e6kkevidde af NFC-teknologi minimerer risikoen for uautoriseret adgang, da enheder skal v\u00e6re i n\u00e6rheden for at interagere.<\/li>\n<\/ul>\n<p><span class=\"AnswerParser_TextContainer__z_Iiv\" data-testid=\"youchat-text\">Disse sikkerhedsfunktioner g\u00f8r NFC-klisterm\u00e6rker p\u00e5 metal til et p\u00e5lideligt valg til forskellige applikationer.<\/span><\/p>\n<h2 class=\"AnswerParser_AnswerParserH2__SIHnF\">Milj\u00f8p\u00e5virkning af NFC-klisterm\u00e6rker p\u00e5 metal<\/h2>\n<p><span class=\"AnswerParser_TextContainer__z_Iiv\" data-testid=\"youchat-text\">Produktionen og brugen af NFC-klisterm\u00e6rker p\u00e5 metal kan have en positiv milj\u00f8p\u00e5virkning, n\u00e5r den administreres ansvarligt. Mange producenter producerer nu\u00a0<strong>genanvendelige NFC-klisterm\u00e6rker<\/strong>, hj\u00e6lper med at reducere plastikaffald. Ved at muligg\u00f8re kontaktl\u00f8se transaktioner og informationsdeling kan NFC-teknologi desuden hj\u00e6lpe med at mindske afh\u00e6ngigheden af papirmaterialer, hvilket yderligere bidrager til indsatsen for b\u00e6redygtighed.<\/span><\/p>\n<h2 class=\"AnswerParser_AnswerParserH2__SIHnF\">Ofte stillede sp\u00f8rgsm\u00e5l om tilpassede NFC-klisterm\u00e6rker p\u00e5 metal<\/h2>\n<p><span class=\"AnswerParser_TextContainer__z_Iiv\" data-testid=\"youchat-text\"><strong>Sp\u00f8rgsm\u00e5l: Kan NFC-klisterm\u00e6rker p\u00e5 metal genbruges?<\/strong><br \/>\nSv: Mens de fleste NFC-klisterm\u00e6rker p\u00e5 metal er designet til engangsbrug, giver nogle genskrivbare muligheder mulighed for flere anvendelser, afh\u00e6ngigt af den anvendte NFC-chip.<\/span><\/p>\n<p><span class=\"AnswerParser_TextContainer__z_Iiv\" data-testid=\"youchat-text\"><strong>Q: Hvilke enheder er kompatible med NFC-klisterm\u00e6rker p\u00e5 metal?<\/strong><br \/>\nA: NFC-klisterm\u00e6rker i metal er kompatible med de fleste NFC-aktiverede enheder, inklusive Android-smartphones og iPhones.<\/span><\/p>\n<p><span class=\"AnswerParser_TextContainer__z_Iiv\" data-testid=\"youchat-text\"><strong>Q: Er disse klisterm\u00e6rker vandt\u00e6tte?<\/strong><br \/>\nA: Ja, NFC-klisterm\u00e6rker p\u00e5 metal er designet til at v\u00e6re vandafvisende, hvilket g\u00f8r dem velegnede til b\u00e5de indend\u00f8rs og udend\u00f8rs applikationer.<\/span><\/p>","protected":false},"excerpt":{"rendered":"<p>NFC-klisterm\u00e6rker p\u00e5 metal er specielt designet til at kl\u00e6be til metaloverflader og samtidig bevare optimal ydeevne. Indlejret i hvert klisterm\u00e6rke er en NFC-chip, s\u00e5som NTAG213 eller NTAG215.<\/p>","protected":false},"featured_media":2561,"template":"","meta":{"_kad_post_transparent":"default","_kad_post_title":"","_kad_post_layout":"default","_kad_post_sidebar_id":"","_kad_post_content_style":"default","_kad_post_vertical_padding":"default","_kad_post_feature":"","_kad_post_feature_position":"","_kad_post_header":false,"_kad_post_footer":false,"_kad_post_classname":""},"product_brand":[],"product_cat":[54],"product_tag":[288,286,287],"class_list":{"0":"post-2559","1":"product","2":"type-product","3":"status-publish","4":"has-post-thumbnail","6":"product_cat-hot-selling-rfid-tags","7":"product_tag-on-metal-nfc-label","8":"product_tag-on-metal-nfc-sticker","9":"product_tag-on-metal-nfc-tag","11":"first","12":"instock","13":"shipping-taxable","14":"product-type-simple","15":"entry","16":"content-bg","17":"loop-entry"},"_links":{"self":[{"href":"https:\/\/rfid-laundry-tag.com\/da\/wp-json\/wp\/v2\/product\/2559","targetHints":{"allow":["GET"]}}],"collection":[{"href":"https:\/\/rfid-laundry-tag.com\/da\/wp-json\/wp\/v2\/product"}],"about":[{"href":"https:\/\/rfid-laundry-tag.com\/da\/wp-json\/wp\/v2\/types\/product"}],"version-history":[{"count":2,"href":"https:\/\/rfid-laundry-tag.com\/da\/wp-json\/wp\/v2\/product\/2559\/revisions"}],"predecessor-version":[{"id":2566,"href":"https:\/\/rfid-laundry-tag.com\/da\/wp-json\/wp\/v2\/product\/2559\/revisions\/2566"}],"wp:featuredmedia":[{"embeddable":true,"href":"https:\/\/rfid-laundry-tag.com\/da\/wp-json\/wp\/v2\/media\/2561"}],"wp:attachment":[{"href":"https:\/\/rfid-laundry-tag.com\/da\/wp-json\/wp\/v2\/media?parent=2559"}],"wp:term":[{"taxonomy":"product_brand","embeddable":true,"href":"https:\/\/rfid-laundry-tag.com\/da\/wp-json\/wp\/v2\/product_brand?post=2559"},{"taxonomy":"product_cat","embeddable":true,"href":"https:\/\/rfid-laundry-tag.com\/da\/wp-json\/wp\/v2\/product_cat?post=2559"},{"taxonomy":"product_tag","embeddable":true,"href":"https:\/\/rfid-laundry-tag.com\/da\/wp-json\/wp\/v2\/product_tag?post=2559"}],"curies":[{"name":"wp","href":"https:\/\/api.w.org\/{rel}","templated":true}]}}