{"id":2543,"date":"2024-09-15T11:34:50","date_gmt":"2024-09-15T11:34:50","guid":{"rendered":"https:\/\/rfid-laundry-tag.com\/?post_type=product&#038;p=2543"},"modified":"2024-09-15T11:53:19","modified_gmt":"2024-09-15T11:53:19","slug":"uhf-rfid-sticker-for-car","status":"publish","type":"product","link":"https:\/\/rfid-laundry-tag.com\/da\/vare\/uhf-rfid-sticker-for-car\/","title":{"rendered":"UHF RFID-klisterm\u00e6rke til bil"},"content":{"rendered":"<div data-elementor-type=\"product-post\" data-elementor-id=\"2543\" class=\"elementor elementor-2543\" data-elementor-settings=\"{&quot;ha_cmc_init_switcher&quot;:&quot;no&quot;}\" data-elementor-post-type=\"product\">\n\t\t\t\t<div class=\"elementor-element elementor-element-71a1224 e-flex e-con-boxed e-con e-parent\" data-id=\"71a1224\" data-element_type=\"container\" data-e-type=\"container\" data-settings=\"{&quot;_ha_eqh_enable&quot;:false}\">\n\t\t\t\t\t<div class=\"e-con-inner\">\n\t\t\t\t<div class=\"elementor-element elementor-element-7f470072 elementor-widget elementor-widget-text-editor\" data-id=\"7f470072\" data-element_type=\"widget\" data-e-type=\"widget\" data-widget_type=\"text-editor.default\">\n\t\t\t\t<div class=\"elementor-widget-container\">\n\t\t\t\t\t\t\t\t\t<h2 class=\"AnswerParser_AnswerParserH2__SIHnF\"><span style=\"color: #000000;\">Hvad er UHF RFID-klisterm\u00e6rker?<\/span><\/h2><p><span style=\"color: #000000;\"><span class=\"AnswerParser_TextContainer__z_Iiv\" data-testid=\"youchat-text\"><strong>UHF RFID klisterm\u00e6rker<\/strong>\u00a0er specialiserede etiketter designet til k\u00f8ret\u00f8jsidentifikation og sporing. Disse klisterm\u00e6rker indeholder et UHF RFID-m\u00e6rke, der fungerer inden for frekvensomr\u00e5det p\u00e5\u00a0<strong>860-960 MHz<\/strong>, hvilket giver mulighed for langdistancekommunikation med RFID-l\u00e6sere. Klisterm\u00e6rkerne er typisk lavet med en holdbar kl\u00e6bende bagside, hvilket g\u00f8r dem nemme at p\u00e5f\u00f8re p\u00e5 forskellige overflader, herunder forruder og nummerplader.<\/span><span class=\"AnswerParser_TextContainer__z_Iiv\" data-testid=\"youchat-text\">Disse RFID-klisterm\u00e6rker er designet til at modst\u00e5 milj\u00f8m\u00e6ssige faktorer, hvilket sikrer p\u00e5lidelig ydeevne under forskellige forhold. Deres kompakte st\u00f8rrelse og lette design g\u00f8r dem ideelle til brug p\u00e5 k\u00f8ret\u00f8jer uden at tilf\u00f8je un\u00f8dvendig bulk.<\/span><\/span><\/p><h2 class=\"AnswerParser_AnswerParserH2__SIHnF\"><span style=\"color: #000000;\"><a href=\"https:\/\/rfid-laundry-tag.com\/da\/hot-selling-rfid-tags\/page\/2\/\"><img fetchpriority=\"high\" decoding=\"async\" class=\"alignnone wp-image-2547 size-full\" src=\"https:\/\/rfid-laundry-tag.com\/wp-content\/uploads\/2024\/09\/OIP-C-4.jpg\" alt=\"\" width=\"474\" height=\"274\" srcset=\"https:\/\/rfid-laundry-tag.com\/wp-content\/uploads\/2024\/09\/OIP-C-4.jpg 474w, https:\/\/rfid-laundry-tag.com\/wp-content\/uploads\/2024\/09\/OIP-C-4-300x173.jpg 300w, https:\/\/rfid-laundry-tag.com\/wp-content\/uploads\/2024\/09\/OIP-C-4-18x10.jpg 18w\" sizes=\"(max-width: 474px) 100vw, 474px\" \/><\/a>Hvordan virker UHF RFID-klisterm\u00e6rker?<\/span><\/h2><p><span style=\"color: #000000;\"><span class=\"AnswerParser_TextContainer__z_Iiv\" data-testid=\"youchat-text\">UHF RFID-klisterm\u00e6rker fungerer ved at bruge radiofrekvensidentifikationsteknologi. Hvert klisterm\u00e6rke indeholder en unik identifikator, der er gemt i RFID-tagget. N\u00e5r k\u00f8ret\u00f8jet udstyret med m\u00e6rkatet passerer inden for r\u00e6kkevidde af en RFID-l\u00e6ser, udsender l\u00e6seren radiob\u00f8lger, der aktiverer m\u00e6rket. Tagget sender derefter sin unikke identifikator tilbage til l\u00e6seren, hvilket giver mulighed for automatisk identifikation og sporing af k\u00f8ret\u00f8jet.<\/span><span class=\"AnswerParser_TextContainer__z_Iiv\" data-testid=\"youchat-text\">Denne proces muligg\u00f8r dataindsamling og overv\u00e5gning i realtid, hvilket g\u00f8r det nemmere for virksomheder og enkeltpersoner at administrere deres k\u00f8ret\u00f8jer effektivt. UHF RFID-teknologiens lang r\u00e6kkevidde giver mulighed for detektion p\u00e5 flere meters afstand, hvilket \u00f8ger bekvemmeligheden og anvendeligheden.<\/span><\/span><\/p><h2 class=\"AnswerParser_AnswerParserH2__SIHnF\"><span style=\"color: #000000;\">Fordele ved at bruge UHF RFID-klisterm\u00e6rker til k\u00f8ret\u00f8jer<\/span><\/h2><p><span class=\"AnswerParser_TextContainer__z_Iiv\" style=\"color: #000000;\" data-testid=\"youchat-text\">Brug af UHF RFID-klisterm\u00e6rker til k\u00f8ret\u00f8jer giver adskillige fordele:<\/span><\/p><ul class=\"AnswerParser_AnswerParserUnorderedList__P_1FW\"><li class=\"AnswerParser_ListItem__XqLOV\" translate=\"yes\"><span style=\"color: #000000;\"><strong>Forbedret sporing<\/strong>: RFID-klisterm\u00e6rker giver n\u00f8jagtig og realtidssporing af k\u00f8ret\u00f8jer, hvilket g\u00f8r det nemmere at overv\u00e5ge deres placering og status.<\/span><\/li><li class=\"AnswerParser_ListItem__XqLOV\" translate=\"yes\"><span style=\"color: #000000;\"><strong>Forbedret adgangskontrol<\/strong>: Disse klisterm\u00e6rker kan integreres i adgangskontrolsystemer, hvilket giver mulighed for problemfri adgang til begr\u00e6nsede omr\u00e5der s\u00e5som parkeringspladser og gated communities.<\/span><\/li><li class=\"AnswerParser_ListItem__XqLOV\" translate=\"yes\"><span style=\"color: #000000;\"><strong>Omkostningseffektiv l\u00f8sning<\/strong>: UHF RFID-klisterm\u00e6rker er en \u00f8konomisk m\u00e5de at implementere k\u00f8ret\u00f8jssporings- og styringssystemer, hvilket reducerer behovet for manuelle kontroller og forbedrer driftseffektiviteten.<\/span><\/li><\/ul><p><span class=\"AnswerParser_TextContainer__z_Iiv\" style=\"color: #000000;\" data-testid=\"youchat-text\">Disse fordele g\u00f8r UHF RFID-klisterm\u00e6rker til en smart investering for virksomheder og enkeltpersoner, der \u00f8nsker at forbedre deres k\u00f8ret\u00f8jsstyringsprocesser.<\/span><\/p><p><a href=\"https:\/\/rfid-laundry-tag.com\/da\/hot-selling-rfid-tags\/page\/2\/\"><img decoding=\"async\" class=\"alignnone size-full wp-image-2549\" src=\"https:\/\/rfid-laundry-tag.com\/wp-content\/uploads\/2024\/09\/uhf-rfid-windshield-sticker-tagS.jpg\" alt=\"UHF RFID Stickers for Cars\" width=\"1000\" height=\"437\" srcset=\"https:\/\/rfid-laundry-tag.com\/wp-content\/uploads\/2024\/09\/uhf-rfid-windshield-sticker-tagS.jpg 1000w, https:\/\/rfid-laundry-tag.com\/wp-content\/uploads\/2024\/09\/uhf-rfid-windshield-sticker-tagS-300x131.jpg 300w, https:\/\/rfid-laundry-tag.com\/wp-content\/uploads\/2024\/09\/uhf-rfid-windshield-sticker-tagS-768x336.jpg 768w, https:\/\/rfid-laundry-tag.com\/wp-content\/uploads\/2024\/09\/uhf-rfid-windshield-sticker-tagS-18x8.jpg 18w, https:\/\/rfid-laundry-tag.com\/wp-content\/uploads\/2024\/09\/uhf-rfid-windshield-sticker-tagS-600x262.jpg 600w\" sizes=\"(max-width: 1000px) 100vw, 1000px\" \/><\/a><\/p><h2 class=\"AnswerParser_AnswerParserH2__SIHnF\"><span style=\"color: #000000;\">Anvendelser af UHF RFID-klisterm\u00e6rker i k\u00f8ret\u00f8jsstyring<\/span><\/h2><p><span class=\"AnswerParser_TextContainer__z_Iiv\" style=\"color: #000000;\" data-testid=\"youchat-text\">UHF RFID-klisterm\u00e6rker har en bred vifte af anvendelser inden for k\u00f8ret\u00f8jsstyring, herunder:<\/span><\/p><ul class=\"AnswerParser_AnswerParserUnorderedList__P_1FW\"><li class=\"AnswerParser_ListItem__XqLOV\" translate=\"yes\"><span style=\"color: #000000;\"><strong>Fl\u00e5destyring<\/strong>: Virksomheder kan bruge RFID-klisterm\u00e6rker til at spore deres fl\u00e5dek\u00f8ret\u00f8jer, overv\u00e5ge brugen og optimere ruter for effektivitet.<\/span><\/li><li class=\"AnswerParser_ListItem__XqLOV\" translate=\"yes\"><span style=\"color: #000000;\"><strong>Parkeringsadgangskontrol<\/strong>: RFID-klisterm\u00e6rker kan bruges til automatiserede parkeringssystemer, s\u00e5 k\u00f8ret\u00f8jer kan komme ind og ud uden behov for fysiske billetter eller pas.<\/span><\/li><li class=\"AnswerParser_ListItem__XqLOV\" translate=\"yes\"><span style=\"color: #000000;\"><strong>Lagerstyring<\/strong>: I varehuse og logistik hj\u00e6lper RFID-klisterm\u00e6rker med at spore k\u00f8ret\u00f8jer og aktiver, hvilket sikrer n\u00f8jagtige lagerregistreringer og reducerer tab.<\/span><\/li><\/ul><p><span class=\"AnswerParser_TextContainer__z_Iiv\" style=\"color: #000000;\" data-testid=\"youchat-text\">Disse applikationer demonstrerer alsidigheden og effektiviteten af UHF RFID-klisterm\u00e6rker i forskellige k\u00f8ret\u00f8jsstyringsscenarier.<\/span><\/p><h2 class=\"AnswerParser_AnswerParserH2__SIHnF\"><span style=\"color: #000000;\">Tekniske specifikationer for UHF RFID-klisterm\u00e6rker<\/span><\/h2><div class=\"AnswerParser_TableContainer__Erb6v\" data-testid=\"table-container\"><table><thead><tr><th style=\"text-align: left;\"><span style=\"color: #000000;\">Feature<\/span><\/th><th style=\"text-align: left;\"><span style=\"color: #000000;\">Specifikation<\/span><\/th><\/tr><\/thead><tbody><tr><td style=\"text-align: left;\"><span style=\"color: #000000;\">Frekvens<\/span><\/td><td style=\"text-align: left;\"><span style=\"color: #000000;\">860-960 MHz<\/span><\/td><\/tr><tr><td><span style=\"color: #000000;\">Chips<\/span><\/td><td><span style=\"color: #000000;\">U-kode 9, Alien H3, Alien 9 osv<\/span><\/td><\/tr><tr><td><span style=\"color: #000000;\">Kl\u00e6bemiddel<\/span><\/td><td><span style=\"color: #000000;\">Holdbar, vejrbestandig<\/span><\/td><\/tr><tr><td><span style=\"color: #000000;\">L\u00e6s Range<\/span><\/td><td><span style=\"color: #000000;\">Op til flere meter<\/span><\/td><\/tr><tr><td><span style=\"color: #000000;\">Kompatibilitet<\/span><\/td><td><span style=\"color: #000000;\">Fungerer med UHF RFID-l\u00e6sere<\/span><\/td><\/tr><tr><td><span style=\"color: #000000;\">Dimensioner<\/span><\/td><td><span style=\"color: #000000;\">Tilpasselige st\u00f8rrelser tilg\u00e6ngelige<\/span><\/td><\/tr><\/tbody><\/table><h2 class=\"AnswerParser_AnswerParserH2__SIHnF\"><span style=\"color: #000000;\">Milj\u00f8p\u00e5virkning af UHF RFID-klisterm\u00e6rker<\/span><\/h2><p><span class=\"AnswerParser_TextContainer__z_Iiv\" style=\"color: #000000;\" data-testid=\"youchat-text\">UHF RFID-klisterm\u00e6rker er designet med b\u00e6redygtighed i tankerne. Materialerne, der bruges i deres produktion, er ofte genanvendelige, og selve klisterm\u00e6rkerne er holdbare, hvilket reducerer behovet for hyppige udskiftninger. Ved at implementere RFID-teknologi kan virksomheder ogs\u00e5 reducere papirspild forbundet med traditionelle k\u00f8ret\u00f8jssporingsmetoder, hvilket bidrager til en mere b\u00e6redygtig drift.<\/span><\/p><h2 class=\"AnswerParser_AnswerParserH2__SIHnF\"><span style=\"color: #000000;\">Kundeanmeldelser og feedback<\/span><\/h2><p><span style=\"color: #000000;\"><span class=\"AnswerParser_TextContainer__z_Iiv\" data-testid=\"youchat-text\">Kunder, der har brugt UHF RFID-klisterm\u00e6rker til deres k\u00f8ret\u00f8jer, har rapporteret om h\u00f8je tilfredshedsniveauer. Mange s\u00e6tter pris p\u00e5 den nemme installation og bekvemmeligheden ved automatisk sporing. Brugere har bem\u00e6rket, at klisterm\u00e6rkerne fungerer godt under forskellige vejrforhold og giver p\u00e5lidelig adgangskontrol til parkeringsfaciliteter.<\/span><span class=\"AnswerParser_TextContainer__z_Iiv\" data-testid=\"youchat-text\">Positiv feedback fremh\u00e6ver effektiviteten af UHF RFID-klisterm\u00e6rker til at forbedre k\u00f8ret\u00f8jsstyringsprocesser, hvilket g\u00f8r dem til et popul\u00e6rt valg blandt b\u00e5de virksomheder og enkeltpersoner.<\/span><\/span><\/p><h2 class=\"AnswerParser_AnswerParserH2__SIHnF\"><span style=\"color: #000000;\">Ofte stillede sp\u00f8rgsm\u00e5l om UHF RFID-klisterm\u00e6rker til biler<\/span><\/h2><p><span style=\"color: #000000;\"><span class=\"AnswerParser_TextContainer__z_Iiv\" data-testid=\"youchat-text\"><strong>Q: Kan UHF RFID-klisterm\u00e6rker fjernes og genbruges?<\/strong><br \/>A: Mens UHF RFID-klisterm\u00e6rker er designet til holdbarhed, er de typisk beregnet til engangsapplikationer. Fjernelse af dem kan kompromittere deres kl\u00e6bende egenskaber.\u00a0 \u00a0 \u00a0 \u00a0 \u00a0<\/span><\/span><\/p><p><span style=\"color: #000000;\"><span class=\"AnswerParser_TextContainer__z_Iiv\" data-testid=\"youchat-text\"><strong>Q: Hvor l\u00e6nge holder UHF RFID-klisterm\u00e6rker?<\/strong><br \/>A: Med korrekt installation og pleje kan UHF RFID-klisterm\u00e6rker holde i flere \u00e5r, selv under barske milj\u00f8forhold.\u00a0<\/span><\/span><\/p><p><span style=\"color: #000000;\"><span class=\"AnswerParser_TextContainer__z_Iiv\" data-testid=\"youchat-text\"> \u00a0<\/span><span class=\"AnswerParser_TextContainer__z_Iiv\" data-testid=\"youchat-text\"><strong>Q: Er UHF RFID-klisterm\u00e6rker vandt\u00e6tte?<\/strong><br \/>A: Ja, de fleste UHF RFID-klisterm\u00e6rker er designet til at v\u00e6re vejrbestandige, hvilket g\u00f8r dem velegnede til udend\u00f8rs brug.<\/span><\/span><\/p><\/div>\t\t\t\t\t\t\t\t<\/div>\n\t\t\t\t<\/div>\n\t\t\t\t\t<\/div>\n\t\t\t\t<\/div>\n\t\t\t\t<\/div>","protected":false},"excerpt":{"rendered":"<p>UHF RFID-klisterm\u00e6rker tilbyder p\u00e5lidelig k\u00f8ret\u00f8jsidentifikation til adgangskontrol og lagerstyring, hvilket forbedrer fl\u00e5deoverv\u00e5gning og parkeringseffektivitet.<\/p>","protected":false},"featured_media":2544,"template":"","meta":{"_kad_post_transparent":"default","_kad_post_title":"","_kad_post_layout":"default","_kad_post_sidebar_id":"","_kad_post_content_style":"default","_kad_post_vertical_padding":"default","_kad_post_feature":"","_kad_post_feature_position":"","_kad_post_header":false,"_kad_post_footer":false,"_kad_post_classname":""},"product_brand":[],"product_cat":[54],"product_tag":[100,285,284],"class_list":{"0":"post-2543","1":"product","2":"type-product","3":"status-publish","4":"has-post-thumbnail","6":"product_cat-hot-selling-rfid-tags","7":"product_tag-rfid-label","8":"product_tag-rfid-tag","9":"product_tag-uhf-rfid-sticker","11":"first","12":"instock","13":"shipping-taxable","14":"product-type-simple","15":"entry","16":"content-bg","17":"loop-entry"},"_links":{"self":[{"href":"https:\/\/rfid-laundry-tag.com\/da\/wp-json\/wp\/v2\/product\/2543","targetHints":{"allow":["GET"]}}],"collection":[{"href":"https:\/\/rfid-laundry-tag.com\/da\/wp-json\/wp\/v2\/product"}],"about":[{"href":"https:\/\/rfid-laundry-tag.com\/da\/wp-json\/wp\/v2\/types\/product"}],"version-history":[{"count":5,"href":"https:\/\/rfid-laundry-tag.com\/da\/wp-json\/wp\/v2\/product\/2543\/revisions"}],"predecessor-version":[{"id":2558,"href":"https:\/\/rfid-laundry-tag.com\/da\/wp-json\/wp\/v2\/product\/2543\/revisions\/2558"}],"wp:featuredmedia":[{"embeddable":true,"href":"https:\/\/rfid-laundry-tag.com\/da\/wp-json\/wp\/v2\/media\/2544"}],"wp:attachment":[{"href":"https:\/\/rfid-laundry-tag.com\/da\/wp-json\/wp\/v2\/media?parent=2543"}],"wp:term":[{"taxonomy":"product_brand","embeddable":true,"href":"https:\/\/rfid-laundry-tag.com\/da\/wp-json\/wp\/v2\/product_brand?post=2543"},{"taxonomy":"product_cat","embeddable":true,"href":"https:\/\/rfid-laundry-tag.com\/da\/wp-json\/wp\/v2\/product_cat?post=2543"},{"taxonomy":"product_tag","embeddable":true,"href":"https:\/\/rfid-laundry-tag.com\/da\/wp-json\/wp\/v2\/product_tag?post=2543"}],"curies":[{"name":"wp","href":"https:\/\/api.w.org\/{rel}","templated":true}]}}