{"id":2503,"date":"2024-09-15T07:43:22","date_gmt":"2024-09-15T07:43:22","guid":{"rendered":"https:\/\/rfid-laundry-tag.com\/?post_type=product&#038;p=2503"},"modified":"2024-09-15T07:43:24","modified_gmt":"2024-09-15T07:43:24","slug":"contactless-qr-code-epoxy-menu-nfc-tags","status":"publish","type":"product","link":"https:\/\/rfid-laundry-tag.com\/da\/vare\/contactless-qr-code-epoxy-menu-nfc-tags\/","title":{"rendered":"Kontaktl\u00f8s QR-kode Epoxymenu NFC-tags"},"content":{"rendered":"<h1>Kontaktl\u00f8s QR-kode Epoxymenu NFC-tags<\/h1>\n<p>I dagens tempofyldte verden er eftersp\u00f8rgslen efter s\u00f8ml\u00f8se, kontaktl\u00f8se l\u00f8sninger p\u00e5 et rekordh\u00f8jt niveau. NFC (Near Field Communication) menutags revolutionerer m\u00e5den, cafeer og restauranter betjener deres kunder p\u00e5. Ved at erstatte traditionelle papirmenuer med slanke, interaktive NFC-tags, kan etablissementer give en moderne, effektiv og milj\u00f8venlig madoplevelse. Denne produktbeskrivelse vil udforske fordelene ved NFC-menutags, og hvorfor de er en v\u00e6rdifuld investering for enhver spisestue.<\/p>\n<ul>\n<li>Materiale: Epoxy+PVC+NFC indl\u00e6g+Anti-metal+kl\u00e6bemiddel<\/li>\n<li>St\u00f8rrelse: Rund \u042475 mm eller tilpasset<\/li>\n<li>Chip: NTAG213\/215\/216 osv<\/li>\n<li>H\u00e5ndv\u00e6rk : Logo, QR-kode, seriel\/UID-kode osv. udskrivning<\/li>\n<li>Anvendelse: Menu, google anmeldelse, Social\/links-deling osv.<\/li>\n<li>V\u00e6gt: 20g\/stk<\/li>\n<li>MOQ: 100 stk (F\u00e5 gratis lagerpr\u00f8ver)<\/li>\n<\/ul>\n<p><img fetchpriority=\"high\" decoding=\"async\" class=\"alignnone size-full wp-image-2508\" src=\"https:\/\/rfid-laundry-tag.com\/wp-content\/uploads\/2024\/09\/Contactless-QR-code-Epoxy-Menu-NFC-Tags-03.jpg\" alt=\"\" width=\"952\" height=\"767\" srcset=\"https:\/\/rfid-laundry-tag.com\/wp-content\/uploads\/2024\/09\/Contactless-QR-code-Epoxy-Menu-NFC-Tags-03.jpg 952w, https:\/\/rfid-laundry-tag.com\/wp-content\/uploads\/2024\/09\/Contactless-QR-code-Epoxy-Menu-NFC-Tags-03-300x242.jpg 300w, https:\/\/rfid-laundry-tag.com\/wp-content\/uploads\/2024\/09\/Contactless-QR-code-Epoxy-Menu-NFC-Tags-03-768x619.jpg 768w, https:\/\/rfid-laundry-tag.com\/wp-content\/uploads\/2024\/09\/Contactless-QR-code-Epoxy-Menu-NFC-Tags-03-15x12.jpg 15w, https:\/\/rfid-laundry-tag.com\/wp-content\/uploads\/2024\/09\/Contactless-QR-code-Epoxy-Menu-NFC-Tags-03-600x483.jpg 600w\" sizes=\"(max-width: 952px) 100vw, 952px\" \/><\/p>\n<h2 class=\"AnswerParser_AnswerParserH2__SIHnF\">Hvorfor v\u00e6lge NFC-menutags?<\/h2>\n<p><span class=\"AnswerParser_TextContainer__z_Iiv\" data-testid=\"youchat-text\">NFC menu tags tilbyder en lang r\u00e6kke fordele, der forbedrer madoplevelsen for b\u00e5de kunder og restaurantejere.<\/span><\/p>\n<ol class=\"AnswerParser_AnswerParserOrderedList__kl_2Y\">\n<li class=\"AnswerParser_ListItem__XqLOV\" translate=\"yes\"><span class=\"AnswerParser_TextContainer__z_Iiv\" data-testid=\"youchat-text\"><strong>Kontaktl\u00f8s bekvemmelighed<\/strong>: Med stigningen i kontaktl\u00f8se digitale interaktioner giver NFC-tags kunderne adgang til menuoplysninger ved blot at trykke p\u00e5 deres smartphones. Dette eliminerer behovet for fysisk interaktion med menuer, hvilket fremmer et hygiejnisk milj\u00f8.<\/span><\/li>\n<li class=\"AnswerParser_ListItem__XqLOV\" translate=\"yes\"><span class=\"AnswerParser_TextContainer__z_Iiv\" data-testid=\"youchat-text\"><strong>Interaktiv oplevelse<\/strong>: I mods\u00e6tning til traditionelle papirmenuer giver NFC-tags en interaktiv digital menu. Kunder kan se detaljerede beskrivelser, billeder og endda allergener eller kostoplysninger lige ved h\u00e5nden. Dette f\u00f8rer til informeret beslutningstagning og \u00f8ger kundetilfredsheden.<\/span><\/li>\n<li class=\"AnswerParser_ListItem__XqLOV\" translate=\"yes\"><span class=\"AnswerParser_TextContainer__z_Iiv\" data-testid=\"youchat-text\"><strong>Milj\u00f8venlig l\u00f8sning<\/strong>: Ved at bruge NFC-teknologi kan restauranter reducere deres afh\u00e6ngighed af traditionelle papirmenuer markant. Dette sparer ikke kun penge i udskrivningsomkostninger, men bidrager ogs\u00e5 til en mere b\u00e6redygtig forretningsmodel.<\/span><\/li>\n<\/ol>\n<p><img decoding=\"async\" class=\"alignnone size-full wp-image-2509\" src=\"https:\/\/rfid-laundry-tag.com\/wp-content\/uploads\/2024\/09\/Contactless-QR-code-Epoxy-Menu-NFC-Tags-06.jpg\" alt=\"\" width=\"1920\" height=\"800\" srcset=\"https:\/\/rfid-laundry-tag.com\/wp-content\/uploads\/2024\/09\/Contactless-QR-code-Epoxy-Menu-NFC-Tags-06.jpg 1920w, https:\/\/rfid-laundry-tag.com\/wp-content\/uploads\/2024\/09\/Contactless-QR-code-Epoxy-Menu-NFC-Tags-06-300x125.jpg 300w, https:\/\/rfid-laundry-tag.com\/wp-content\/uploads\/2024\/09\/Contactless-QR-code-Epoxy-Menu-NFC-Tags-06-1024x427.jpg 1024w, https:\/\/rfid-laundry-tag.com\/wp-content\/uploads\/2024\/09\/Contactless-QR-code-Epoxy-Menu-NFC-Tags-06-768x320.jpg 768w, https:\/\/rfid-laundry-tag.com\/wp-content\/uploads\/2024\/09\/Contactless-QR-code-Epoxy-Menu-NFC-Tags-06-1536x640.jpg 1536w, https:\/\/rfid-laundry-tag.com\/wp-content\/uploads\/2024\/09\/Contactless-QR-code-Epoxy-Menu-NFC-Tags-06-18x8.jpg 18w, https:\/\/rfid-laundry-tag.com\/wp-content\/uploads\/2024\/09\/Contactless-QR-code-Epoxy-Menu-NFC-Tags-06-600x250.jpg 600w\" sizes=\"(max-width: 1920px) 100vw, 1920px\" \/><\/p>\n<h2 class=\"AnswerParser_AnswerParserH2__SIHnF\">N\u00f8glefunktioner i NFC-menutags<\/h2>\n<h3 class=\"AnswerParser_AnswerParserH3__Mpe4s\">1. S\u00f8ml\u00f8s integration med eksisterende systemer<\/h3>\n<p><span class=\"AnswerParser_TextContainer__z_Iiv\" data-testid=\"youchat-text\">NFC menu tags kan nemt integreres i dit eksisterende restaurant management system. Uanset om du driver en caf\u00e9 eller et uds\u00f8gt spisested, fungerer vores NFC-tags problemfrit med din digitale infrastruktur.<\/span><\/p>\n<ul class=\"AnswerParser_AnswerParserUnorderedList__P_1FW\">\n<li class=\"AnswerParser_ListItem__XqLOV\" translate=\"yes\"><strong>Kompatibilitet<\/strong>: NFC-tags er kompatible med b\u00e5de Android- og iOS-enheder.<\/li>\n<li class=\"AnswerParser_ListItem__XqLOV\" translate=\"yes\"><strong>Brugervenlighed<\/strong>: Tryk blot p\u00e5 NFC-tagget med en smartphone for at f\u00e5 adgang til den digitale menu.<\/li>\n<\/ul>\n<h3 class=\"AnswerParser_AnswerParserH3__Mpe4s\">2. Holdbart og attraktivt design<\/h3>\n<p><span class=\"AnswerParser_TextContainer__z_Iiv\" data-testid=\"youchat-text\">Vores NFC-tags er lavet af materialer af h\u00f8j kvalitet og er designet til at modst\u00e5 belastningen ved daglig brug i et travlt restaurantmilj\u00f8.<\/span><\/p>\n<ul class=\"AnswerParser_AnswerParserUnorderedList__P_1FW\">\n<li class=\"AnswerParser_ListItem__XqLOV\" translate=\"yes\"><strong>Materiale muligheder<\/strong>: V\u00e6lg mellem epoxycoatede tags til udend\u00f8rs brug eller slanke metalkort for et mere eksklusivt look.<\/li>\n<li class=\"AnswerParser_ListItem__XqLOV\" translate=\"yes\"><strong>Tilpasning<\/strong>: Tilpas dine NFC-tags med din restaurant branding, og s\u00f8rg for, at de matcher din indretning og \u00e6stetik.<\/li>\n<\/ul>\n<h3 class=\"AnswerParser_AnswerParserH3__Mpe4s\">3. Forbedret kundeengagement<\/h3>\n<p><span class=\"AnswerParser_TextContainer__z_Iiv\" data-testid=\"youchat-text\">NFC-tags tilbyder unikke muligheder for kundeengagement. Ved at inkorporere QR-koder sammen med NFC-teknologi kan du skabe en multifacetteret interaktion.<\/span><\/p>\n<ul class=\"AnswerParser_AnswerParserUnorderedList__P_1FW\">\n<li class=\"AnswerParser_ListItem__XqLOV\" translate=\"yes\"><strong>Kampagner<\/strong>: Brug NFC-tags til at promovere s\u00e6rlige tilbud eller begivenheder, og tilskynde kunder til at vende tilbage.<\/li>\n<li class=\"AnswerParser_ListItem__XqLOV\" translate=\"yes\"><strong>Feedback<\/strong>: Kunder kan nemt give feedback gennem den digitale menu, s\u00e5 du kan samle v\u00e6rdifuld indsigt.<\/li>\n<\/ul>\n<h3 class=\"AnswerParser_AnswerParserH3__Mpe4s\">4. Effektiv menustyring<\/h3>\n<p><span class=\"AnswerParser_TextContainer__z_Iiv\" data-testid=\"youchat-text\">Det har aldrig v\u00e6ret nemmere at administrere din menu. Med NFC-menutags kan du lave opdateringer i realtid uden behov for genudskrivning.<\/span><\/p>\n<ul class=\"AnswerParser_AnswerParserUnorderedList__P_1FW\">\n<li class=\"AnswerParser_ListItem__XqLOV\" translate=\"yes\"><strong>\u00d8jeblikkelige opdateringer<\/strong>: Skift priser, fjern varer, eller tilf\u00f8j specialtilbud med det samme.<\/li>\n<li class=\"AnswerParser_ListItem__XqLOV\" translate=\"yes\"><strong>Menuanalyse<\/strong>: Spor, hvilke varer der bliver set og bestilt oftest, s\u00e5 du kan skr\u00e6ddersy dine tilbud til kundernes pr\u00e6ferencer.<\/li>\n<\/ul>\n<h3 class=\"AnswerParser_AnswerParserH3__Mpe4s\">5. Omkostningseffektiv l\u00f8sning<\/h3>\n<p><span class=\"AnswerParser_TextContainer__z_Iiv\" data-testid=\"youchat-text\">Selvom den oprindelige investering kan virke betydelig, er de langsigtede besparelser forbundet med NFC-menutags ubestridelige.<\/span><\/p>\n<ul class=\"AnswerParser_AnswerParserUnorderedList__P_1FW\">\n<li class=\"AnswerParser_ListItem__XqLOV\" translate=\"yes\"><strong>Reducerede udskrivningsomkostninger<\/strong>: Med muligheden for at opdatere menuer digitalt sparer du p\u00e5 print og materialer.<\/li>\n<li class=\"AnswerParser_ListItem__XqLOV\" translate=\"yes\"><strong>\u00d8get effektivitet<\/strong>: Str\u00f8mlin din drift og reducer den tid, personalet bruger p\u00e5 menustyring.<\/li>\n<\/ul>\n<h3 class=\"AnswerParser_AnswerParserH3__Mpe4s\">6. Milj\u00f8venlig og b\u00e6redygtig<\/h3>\n<p><span class=\"AnswerParser_TextContainer__z_Iiv\" data-testid=\"youchat-text\">Overgangen til NFC-menutags er et skridt mod en mere b\u00e6redygtig forretningsmodel.<\/span><\/p>\n<ul class=\"AnswerParser_AnswerParserUnorderedList__P_1FW\">\n<li class=\"AnswerParser_ListItem__XqLOV\" translate=\"yes\"><strong>Mindre papirspild<\/strong>: Slip de traditionelle papirmenuer og reducer dit CO2-fodaftryk.<\/li>\n<li class=\"AnswerParser_ListItem__XqLOV\" translate=\"yes\"><strong>Genanvendelige materialer<\/strong>: Vores NFC-tags er lavet af genanvendelige materialer, hvilket sikrer minimal milj\u00f8p\u00e5virkning.<\/li>\n<\/ul>\n<h2 class=\"AnswerParser_AnswerParserH2__SIHnF\">Tekniske specifikationer<\/h2>\n<div class=\"AnswerParser_TableContainer__Erb6v\" data-testid=\"table-container\">\n<table>\n<thead>\n<tr>\n<th>\n<p style=\"text-align: left;\">Feature<\/p>\n<\/th>\n<th style=\"text-align: left;\">Beskrivelse<\/th>\n<\/tr>\n<\/thead>\n<tbody>\n<tr>\n<td><strong>Materiale<\/strong><\/td>\n<td>Muligheder for epoxy eller metalkort<\/td>\n<\/tr>\n<tr>\n<td><strong>St\u00f8rrelse<\/strong><\/td>\n<td>Tilpasselige st\u00f8rrelser tilg\u00e6ngelige<\/td>\n<\/tr>\n<tr>\n<td><strong>Kompatibilitet<\/strong><\/td>\n<td>Fungerer med iOS- og Android-enheder<\/td>\n<\/tr>\n<tr>\n<td><strong>Hukommelse<\/strong><\/td>\n<td>Op til 144Byte til lagring af menudata osv<\/td>\n<\/tr>\n<tr>\n<td><strong>Vandmodstand<\/strong><\/td>\n<td>IP67-klassificering for holdbarhed under forskellige forhold<\/td>\n<\/tr>\n<tr>\n<td><strong>Tilpasning<\/strong><\/td>\n<td>Mulighed for logo og branding<\/td>\n<\/tr>\n<\/tbody>\n<\/table>\n<\/div>\n<div class=\"J_module\">\n<div data-section=\"AliMagic-akl24v\" data-section-title=\"NXP HF Chip\" data-spm-anchor-id=\"a2700.details.0.i41.43811d33tuQMq9\"><\/div>\n<h2 id=\"ali-anchor-AliMagic-akl24v\" class=\"magic-33\" data-section=\"AliMagic-akl24v\" data-section-title=\"NXP HF Chip\" data-spm-anchor-id=\"a2700.details.0.i41.43811d33tuQMq9\">NXP NFC Tag Chips:<\/h2>\n<div data-section=\"AliMagic-akl24v\" data-section-title=\"NXP HF Chip\" data-spm-anchor-id=\"a2700.details.0.i41.43811d33tuQMq9\"><\/div>\n<\/div>\n<div class=\"J_module\">\n<div class=\"ife-detail-decorate-table\">\n<table class=\"all magic-42\">\n<tbody>\n<tr>\n<td colspan=\"1\" rowspan=\"1\">\n<div class=\"magic-61\"><b>Chip type<\/b><\/div>\n<\/td>\n<td colspan=\"1\" rowspan=\"1\">\n<div class=\"magic-62\"><b data-spm-anchor-id=\"a2700.custom-template.0.i41.1b243333687gK1\">Kapacitet<\/b><\/div>\n<\/td>\n<td colspan=\"1\" rowspan=\"1\">\n<div class=\"magic-63\"><b data-spm-anchor-id=\"a2700.custom-template.0.i1.1b243333ygq1p5\">Protokol<\/b><\/div>\n<\/td>\n<td colspan=\"1\" rowspan=\"1\">\n<div class=\"magic-64\"><b data-spm-anchor-id=\"a2700.custom-template.0.i43.1b243333687gK1\">Frekvens<\/b><\/div>\n<\/td>\n<td colspan=\"1\" rowspan=\"1\">\n<div class=\"magic-59\"><b>Fungere<\/b><\/div>\n<\/td>\n<\/tr>\n<tr>\n<td colspan=\"1\" rowspan=\"1\">\n<div class=\"magic-61\">MIFARE Classic\u00ae 1K<\/div>\n<\/td>\n<td colspan=\"1\" rowspan=\"1\">\n<div class=\"magic-62\">1K byte<\/div>\n<\/td>\n<td colspan=\"1\" rowspan=\"5\">\n<div class=\"magic-65\">\n<div><\/div>\n<div data-spm-anchor-id=\"a2700.custom-template.0.i19.1b243333Od1j8j\"><\/div>\n<div data-spm-anchor-id=\"a2700.custom-template.0.i48.18e83333xiCQRG\"><\/div>\n<div data-spm-anchor-id=\"a2700.custom-template.0.i124.1b243333tl3TM0\">ISO14443A<\/div>\n<\/div>\n<\/td>\n<td colspan=\"1\" rowspan=\"5\">\n<div class=\"magic-66\">\n<div><\/div>\n<div><\/div>\n<div data-spm-anchor-id=\"a2700.custom-template.0.i49.18e83333xiCQRG\"><\/div>\n<p>13,56 MHz<\/p><\/div>\n<\/td>\n<td colspan=\"1\" rowspan=\"5\">\n<div class=\"magic-54\">\n<div><\/div>\n<div><\/div>\n<div data-spm-anchor-id=\"a2700.custom-template.0.i50.18e83333xiCQRG\"><\/div>\n<p>L\u00e6s\/skriv<\/p><\/div>\n<\/td>\n<\/tr>\n<tr>\n<td colspan=\"1\" rowspan=\"1\">\n<div class=\"magic-61\">MIFARE Classic\u00ae 4K<\/div>\n<\/td>\n<td colspan=\"1\" rowspan=\"1\">\n<div class=\"magic-67\">4 K byte<\/div>\n<\/td>\n<\/tr>\n<tr>\n<td colspan=\"1\" rowspan=\"2\">\n<div class=\"magic-69\">MIFARE Ultralight\u00ae EV1<\/div>\n<\/td>\n<td colspan=\"1\" rowspan=\"1\">\n<div class=\"magic-67\">80 byte<\/div>\n<\/td>\n<\/tr>\n<tr>\n<td colspan=\"1\" rowspan=\"1\">\n<div class=\"magic-67\">164 Byte<\/div>\n<\/td>\n<\/tr>\n<tr>\n<td colspan=\"1\" rowspan=\"1\">\n<div class=\"magic-61\">MIFARE Ultralight\u00ae C<\/div>\n<\/td>\n<td colspan=\"1\" rowspan=\"1\">\n<div class=\"magic-67\">192 Byte<\/div>\n<\/td>\n<\/tr>\n<tr>\n<td colspan=\"5\" rowspan=\"1\">\n<div class=\"magic-70\"><b data-spm-anchor-id=\"a2700.custom-template.0.i15.1b243333687gK1\">MIFARE og MIFARE Classic er registrerede varem\u00e6rker tilh\u00f8rende NXP BV og bruges under licens.<\/b><\/div>\n<\/td>\n<\/tr>\n<tr>\n<td colspan=\"5\" rowspan=\"1\">\n<div class=\"magic-70\"><b data-spm-anchor-id=\"a2700.custom-template.0.i4.1b243333ArWUee\">MIFARE og MIFARE Ultralight er registrerede varem\u00e6rker tilh\u00f8rende NXP BV og bruges under licens.<\/b><\/div>\n<\/td>\n<\/tr>\n<tr>\n<td colspan=\"1\" rowspan=\"1\">\n<div class=\"magic-61\">NTAG\u00ae 213<\/div>\n<\/td>\n<td colspan=\"1\" rowspan=\"1\">\n<div class=\"magic-62\">180 byte<\/div>\n<\/td>\n<td colspan=\"1\" rowspan=\"6\">\n<div class=\"magic-65\">\n<div data-spm-anchor-id=\"a2700.custom-template.0.i134.1b243333tl3TM0\"><\/div>\n<div data-spm-anchor-id=\"a2700.custom-template.0.i2.1b243333687gK1\"><\/div>\n<div data-spm-anchor-id=\"a2700.custom-template.0.i55.18e83333xiCQRG\"><\/div>\n<div data-spm-anchor-id=\"a2700.custom-template.0.i45.1b243333asLRpg\"><\/div>\n<p>ISO14443A<\/p><\/div>\n<\/td>\n<td colspan=\"1\" rowspan=\"6\">\n<div class=\"magic-66\">\n<div><\/div>\n<div data-spm-anchor-id=\"a2700.custom-template.0.i312.1b243333tl3TM0\"><\/div>\n<div><\/div>\n<div data-spm-anchor-id=\"a2700.custom-template.0.i56.18e83333xiCQRG\"><\/div>\n<p>13,56 MHz<\/p><\/div>\n<\/td>\n<td colspan=\"1\" rowspan=\"6\">\n<div class=\"magic-54\">\n<div><\/div>\n<div data-spm-anchor-id=\"a2700.custom-template.0.i299.1b243333tl3TM0\"><\/div>\n<div><\/div>\n<div data-spm-anchor-id=\"a2700.custom-template.0.i57.18e83333xiCQRG\"><\/div>\n<p>L\u00e6s\/skriv<\/p><\/div>\n<\/td>\n<\/tr>\n<tr>\n<td colspan=\"1\" rowspan=\"1\">\n<div class=\"magic-61\">NTAG\u00ae 215<\/div>\n<\/td>\n<td colspan=\"1\" rowspan=\"1\">\n<div class=\"magic-67\">540 byte<\/div>\n<\/td>\n<\/tr>\n<tr>\n<td colspan=\"1\" rowspan=\"1\">\n<div class=\"magic-61\">NTAG\u00ae 216<\/div>\n<\/td>\n<td colspan=\"1\" rowspan=\"1\">\n<div class=\"magic-67\">924 Byte<\/div>\n<\/td>\n<\/tr>\n<tr>\n<td colspan=\"1\" rowspan=\"1\">\n<div class=\"magic-61\">NTAG\u00ae 213 TagTamper<\/div>\n<\/td>\n<td colspan=\"1\" rowspan=\"1\">\n<div class=\"magic-67\">180 byte<\/div>\n<\/td>\n<\/tr>\n<tr>\n<td colspan=\"1\" rowspan=\"1\">\n<div class=\"magic-61\">NTAG\u00ae 424 DNA<\/div>\n<\/td>\n<td colspan=\"1\" rowspan=\"1\">\n<div class=\"magic-67\">416 Byte<\/div>\n<\/td>\n<\/tr>\n<tr>\n<td colspan=\"1\" rowspan=\"1\">\n<div class=\"magic-61\">NTAG\u00ae 424 DNA TagTamper<\/div>\n<\/td>\n<td colspan=\"1\" rowspan=\"1\">\n<div class=\"magic-67\">416 Byte<\/div>\n<\/td>\n<\/tr>\n<tr>\n<td colspan=\"5\" rowspan=\"1\">\n<div class=\"magic-70\"><b data-spm-anchor-id=\"a2700.custom-template.0.i22.1b243333687gK1\">NTAG er registrerede varem\u00e6rker tilh\u00f8rende NXP BV og bruges under licens.<\/b><\/div>\n<\/td>\n<\/tr>\n<tr>\n<td colspan=\"1\" rowspan=\"1\">\n<div class=\"magic-61\">MIFARE Plus\u00ae EV2<\/div>\n<\/td>\n<td colspan=\"1\" rowspan=\"1\">\n<div class=\"magic-62\">2K byte<\/p>\n<div data-spm-anchor-id=\"a2700.custom-template.0.i6.18e83333xiCQRG\">4K byte<\/div>\n<\/div>\n<\/td>\n<td colspan=\"1\" rowspan=\"2\">\n<div class=\"magic-65\">\n<div><\/div>\n<p>ISO14443A<\/p><\/div>\n<\/td>\n<td colspan=\"1\" rowspan=\"2\">\n<div class=\"magic-66\">\n<div><\/div>\n<p>13,56 MHz<\/p><\/div>\n<\/td>\n<td colspan=\"1\" rowspan=\"2\">\n<div class=\"magic-54\">\n<div><\/div>\n<p>L\u00e6s\/skriv<\/p><\/div>\n<\/td>\n<\/tr>\n<tr>\n<td colspan=\"1\" rowspan=\"1\">\n<div class=\"magic-61\">MIFARE Plus\u00ae SE<\/div>\n<\/td>\n<td colspan=\"1\" rowspan=\"1\">\n<div class=\"magic-67\">1K byte<\/div>\n<\/td>\n<\/tr>\n<tr>\n<td colspan=\"5\" rowspan=\"1\">\n<div class=\"magic-70\"><b data-spm-anchor-id=\"a2700.custom-template.0.i2.1b243333Ut2tai\">MIFARE og MIFARE Plus er registrerede varem\u00e6rker tilh\u00f8rende NXP BV og bruges under licens.<\/b><\/div>\n<\/td>\n<\/tr>\n<tr>\n<td colspan=\"1\" rowspan=\"1\">\n<div class=\"magic-61\">MIFARE\u00ae DESFire\u00ae EV<b>1<\/b>\u00a02K<\/div>\n<\/td>\n<td colspan=\"1\" rowspan=\"1\">\n<div class=\"magic-62\">2K byte<\/div>\n<\/td>\n<td colspan=\"1\" rowspan=\"9\">\n<div class=\"magic-65\">\n<div><\/div>\n<div><\/div>\n<div><\/div>\n<div><\/div>\n<div><\/div>\n<div><\/div>\n<p>ISO14443A<\/p><\/div>\n<\/td>\n<td colspan=\"1\" rowspan=\"9\">\n<div class=\"magic-66\">\n<div><\/div>\n<div><\/div>\n<div><\/div>\n<div><\/div>\n<div><\/div>\n<div><\/div>\n<p>13,56 MHz<\/p><\/div>\n<\/td>\n<td colspan=\"1\" rowspan=\"9\">\n<div class=\"magic-54\">\n<div><\/div>\n<div><\/div>\n<div><\/div>\n<div><\/div>\n<div><\/div>\n<div><\/div>\n<p>L\u00e6s\/skriv<\/p><\/div>\n<\/td>\n<\/tr>\n<tr>\n<td colspan=\"1\" rowspan=\"1\">\n<div class=\"magic-61\">MIFARE\u00ae DESFire\u00ae EV<b>1<\/b>\u00a04K<\/div>\n<\/td>\n<td colspan=\"1\" rowspan=\"1\">\n<div class=\"magic-67\">4K byte<\/div>\n<\/td>\n<\/tr>\n<tr>\n<td colspan=\"1\" rowspan=\"1\">\n<div class=\"magic-61\">MIFARE\u00ae DESFire\u00ae EV<b>1<\/b>\u00a08K<\/div>\n<\/td>\n<td colspan=\"1\" rowspan=\"1\">\n<div class=\"magic-67\">8K byte<\/div>\n<\/td>\n<\/tr>\n<tr>\n<td colspan=\"1\" rowspan=\"1\">\n<div class=\"magic-61\">MIFARE\u00ae DESFire\u00ae EV<b>2<\/b>\u00a02K<\/div>\n<\/td>\n<td colspan=\"1\" rowspan=\"1\">\n<div class=\"magic-67\">2K byte<\/div>\n<\/td>\n<\/tr>\n<tr>\n<td colspan=\"1\" rowspan=\"1\">\n<div class=\"magic-61\">MIFARE\u00ae DESFire\u00ae EV<b>2\u00a0<\/b>4K<\/div>\n<\/td>\n<td colspan=\"1\" rowspan=\"1\">\n<div class=\"magic-67\">4K byte<\/div>\n<\/td>\n<\/tr>\n<tr>\n<td colspan=\"1\" rowspan=\"1\">\n<div class=\"magic-61\">MIFARE\u00ae DESFire\u00ae EV<b>2<\/b>\u00a08K<\/div>\n<\/td>\n<td colspan=\"1\" rowspan=\"1\">\n<div class=\"magic-67\">8K byte<\/div>\n<\/td>\n<\/tr>\n<tr>\n<td colspan=\"1\" rowspan=\"1\">\n<div class=\"magic-61\">MIFARE\u00ae DESFire\u00ae EV<b>3\u00a0<\/b>2K<\/div>\n<\/td>\n<td colspan=\"1\" rowspan=\"1\">\n<div class=\"magic-67\">2K byte<\/div>\n<\/td>\n<\/tr>\n<tr>\n<td colspan=\"1\" rowspan=\"1\">\n<div class=\"magic-61\" data-spm-anchor-id=\"a2700.details.0.i42.43811d33tuQMq9\">MIFARE\u00ae DESFire\u00ae EV<b>3<\/b>\u00a04K<\/div>\n<\/td>\n<td colspan=\"1\" rowspan=\"1\">\n<div class=\"magic-67\">4K byte<\/div>\n<\/td>\n<\/tr>\n<tr>\n<td colspan=\"1\" rowspan=\"1\">\n<div class=\"magic-61\">MIFARE\u00ae DESFire\u00ae EV<b>3<\/b>\u00a08K<\/div>\n<\/td>\n<td colspan=\"1\" rowspan=\"1\">\n<div class=\"magic-67\">8K byte<\/div>\n<\/td>\n<\/tr>\n<tr>\n<td colspan=\"5\" rowspan=\"1\">\n<div class=\"magic-70\"><span data-spm-anchor-id=\"a2700.custom-template.0.i268.1b243333tl3TM0\"><b data-spm-anchor-id=\"a2700.custom-template.0.i34.1b243333687gK1\">MIFARE DESFire er registrerede varem\u00e6rker tilh\u00f8rende NXP BV og bruges under licens.<\/b><\/span><\/div>\n<\/td>\n<\/tr>\n<tr>\n<td colspan=\"1\" rowspan=\"1\">\n<div class=\"magic-61\">ICODE\u00ae SLI<\/div>\n<\/td>\n<td colspan=\"1\" rowspan=\"1\">\n<div class=\"magic-62\">1024 bits<\/div>\n<\/td>\n<td colspan=\"1\" rowspan=\"5\">\n<div class=\"magic-65\">\n<div><\/div>\n<div data-spm-anchor-id=\"a2700.custom-template.0.i27.18e83333xiCQRG\"><\/div>\n<div><\/div>\n<div><\/div>\n<p>ISO15693<\/p><\/div>\n<\/td>\n<td colspan=\"1\" rowspan=\"5\">\n<div class=\"magic-66\">\n<div><\/div>\n<div data-spm-anchor-id=\"a2700.custom-template.0.i31.18e83333xiCQRG\"><\/div>\n<div><\/div>\n<div><\/div>\n<p>13,56 MHz<\/p><\/div>\n<\/td>\n<td colspan=\"1\" rowspan=\"5\">\n<div class=\"magic-54\">\n<div data-spm-anchor-id=\"a2700.custom-template.0.i44.18e83333xiCQRG\"><\/div>\n<div data-spm-anchor-id=\"a2700.custom-template.0.i3.1b243333ArWUee\"><\/div>\n<div data-spm-anchor-id=\"a2700.custom-template.0.i46.18e83333xiCQRG\"><\/div>\n<div data-spm-anchor-id=\"a2700.custom-template.0.i46.18e83333xiCQRG\"><\/div>\n<div data-spm-anchor-id=\"a2700.custom-template.0.i46.18e83333xiCQRG\">L\u00e6s\/skriv<\/div>\n<\/div>\n<\/td>\n<\/tr>\n<tr>\n<td colspan=\"1\" rowspan=\"1\">\n<div class=\"magic-61\">ICODE\u00ae SLIX<\/div>\n<\/td>\n<td colspan=\"1\" rowspan=\"1\">\n<div class=\"magic-67\">1024 bits<\/div>\n<\/td>\n<\/tr>\n<tr>\n<td colspan=\"1\" rowspan=\"1\">\n<div class=\"magic-61\">ICODE\u00ae SLIX 2<\/div>\n<\/td>\n<td colspan=\"1\" rowspan=\"1\">\n<div class=\"magic-67\">2560 bits<\/div>\n<\/td>\n<\/tr>\n<tr>\n<td colspan=\"1\" rowspan=\"1\">\n<div class=\"magic-61\">ICODE\u00ae SLIX-S<\/div>\n<\/td>\n<td colspan=\"1\" rowspan=\"1\">\n<div class=\"magic-67\">2048 bits<\/div>\n<\/td>\n<\/tr>\n<tr>\n<td colspan=\"1\" rowspan=\"1\">\n<div class=\"magic-61\">\u00a0ICODE\u00ae SLIX-L<\/div>\n<\/td>\n<td colspan=\"1\" rowspan=\"1\">\n<div class=\"magic-67\">512 bits<\/div>\n<\/td>\n<\/tr>\n<tr>\n<td colspan=\"5\" rowspan=\"1\">\n<div class=\"magic-70\"><b data-spm-anchor-id=\"a2700.custom-template.0.i39.1b243333687gK1\">ICODE er registrerede varem\u00e6rker tilh\u00f8rende NXP BV og bruges under licens.<\/b><\/div>\n<\/td>\n<\/tr>\n<\/tbody>\n<\/table>\n<\/div>\n<\/div>\n<h2 class=\"AnswerParser_AnswerParserH2__SIHnF\">Brugsvejledning<\/h2>\n<ol class=\"AnswerParser_AnswerParserOrderedList__kl_2Y\">\n<li class=\"AnswerParser_ListItem__XqLOV\" translate=\"yes\"><strong>Ops\u00e6tning<\/strong>: Tilslut NFC-tags til dit digitale menusystem via en simpel ops\u00e6tningsproces.<\/li>\n<li class=\"AnswerParser_ListItem__XqLOV\" translate=\"yes\"><strong>Placere<\/strong>: Placer NFC-tags p\u00e5 borde, diske eller ved indgangen for nem adgang.<\/li>\n<li class=\"AnswerParser_ListItem__XqLOV\" translate=\"yes\"><strong>Tryk p\u00e5<\/strong>: Kunder trykker deres telefoner p\u00e5 tags for at f\u00e5 adgang til menuen med det samme.<\/li>\n<\/ol>\n<h2 class=\"AnswerParser_AnswerParserH2__SIHnF\">Kundeanmeldelser<\/h2>\n<blockquote><p><span class=\"AnswerParser_TextContainer__z_Iiv\" data-testid=\"youchat-text\">\u201cNFC-menum\u00e6rkerne har forvandlet vores cafe! Kunderne elsker brugervenligheden og muligheden for at se billeder af h\u00f8j kvalitet af vores retter.&quot; \u2013 Cafeejer<\/span><\/p><\/blockquote>\n<blockquote><p><span class=\"AnswerParser_TextContainer__z_Iiv\" data-testid=\"youchat-text\">\u201cVed at skifte til NFC-tags sparede vi penge p\u00e5 udskrivning og gjorde vores drift mere effektiv. Kan varmt anbefales!\u201d \u2013 Restaurantchef<\/span><\/p><\/blockquote>\n<h2 class=\"AnswerParser_AnswerParserH2__SIHnF\">Ofte stillede sp\u00f8rgsm\u00e5l<\/h2>\n<p><span class=\"AnswerParser_TextContainer__z_Iiv\" data-testid=\"youchat-text\"><strong>Q: Har kunder brug for en speciel app for at bruge NFC-tags?<\/strong><br \/>\nA: Nej, de fleste smartphones har NFC-funktioner indbygget. Kunder skal blot aktivere NFC i deres indstillinger.<\/span><\/p>\n<p><span class=\"AnswerParser_TextContainer__z_Iiv\" data-testid=\"youchat-text\"><strong>Q: Kan jeg spore kundeinteraktioner med menuen?<\/strong><br \/>\nA: Ja, mange NFC-systemer tilbyder analysefunktioner, der giver dig mulighed for at se, hvilke elementer der ses mest<\/span><\/p>\n<p><span class=\"AnswerParser_TextContainer__z_Iiv\" data-testid=\"youchat-text\">.<\/span><span class=\"AnswerParser_TextContainer__z_Iiv\" data-testid=\"youchat-text\"><strong>Sp\u00f8rgsm\u00e5l: Er NFC-tags vandt\u00e6tte?<\/strong><br \/>\nA: Ja, vores epoxycoatede tags er designet til at modst\u00e5 spild og udend\u00f8rs elementer.<\/span><\/p>","protected":false},"excerpt":{"rendered":"<p>QR Code Epoxy Menu NFC Tags kombinerer NFC og QR kode teknologi, hvilket giver g\u00e6ster en problemfri m\u00e5de at f\u00e5 adgang til menuer og bestille direkte fra deres smartphones.<\/p>","protected":false},"featured_media":2504,"template":"","meta":{"_kad_post_transparent":"default","_kad_post_title":"","_kad_post_layout":"default","_kad_post_sidebar_id":"","_kad_post_content_style":"default","_kad_post_vertical_padding":"default","_kad_post_feature":"","_kad_post_feature_position":"","_kad_post_header":false,"_kad_post_footer":false,"_kad_post_classname":""},"product_brand":[],"product_cat":[54],"product_tag":[279,278,277],"class_list":{"0":"post-2503","1":"product","2":"type-product","3":"status-publish","4":"has-post-thumbnail","6":"product_cat-hot-selling-rfid-tags","7":"product_tag-contactless-qr-code-nfc-tags","8":"product_tag-epoxy-nfc-tags","9":"product_tag-menu-nfc-tags","11":"first","12":"instock","13":"shipping-taxable","14":"product-type-simple","15":"entry","16":"content-bg","17":"loop-entry"},"_links":{"self":[{"href":"https:\/\/rfid-laundry-tag.com\/da\/wp-json\/wp\/v2\/product\/2503","targetHints":{"allow":["GET"]}}],"collection":[{"href":"https:\/\/rfid-laundry-tag.com\/da\/wp-json\/wp\/v2\/product"}],"about":[{"href":"https:\/\/rfid-laundry-tag.com\/da\/wp-json\/wp\/v2\/types\/product"}],"version-history":[{"count":2,"href":"https:\/\/rfid-laundry-tag.com\/da\/wp-json\/wp\/v2\/product\/2503\/revisions"}],"predecessor-version":[{"id":2511,"href":"https:\/\/rfid-laundry-tag.com\/da\/wp-json\/wp\/v2\/product\/2503\/revisions\/2511"}],"wp:featuredmedia":[{"embeddable":true,"href":"https:\/\/rfid-laundry-tag.com\/da\/wp-json\/wp\/v2\/media\/2504"}],"wp:attachment":[{"href":"https:\/\/rfid-laundry-tag.com\/da\/wp-json\/wp\/v2\/media?parent=2503"}],"wp:term":[{"taxonomy":"product_brand","embeddable":true,"href":"https:\/\/rfid-laundry-tag.com\/da\/wp-json\/wp\/v2\/product_brand?post=2503"},{"taxonomy":"product_cat","embeddable":true,"href":"https:\/\/rfid-laundry-tag.com\/da\/wp-json\/wp\/v2\/product_cat?post=2503"},{"taxonomy":"product_tag","embeddable":true,"href":"https:\/\/rfid-laundry-tag.com\/da\/wp-json\/wp\/v2\/product_tag?post=2503"}],"curies":[{"name":"wp","href":"https:\/\/api.w.org\/{rel}","templated":true}]}}