{"id":204,"date":"2024-06-18T09:26:05","date_gmt":"2024-06-18T09:26:05","guid":{"rendered":"https:\/\/rfid-laundry-tag.com\/?post_type=product&#038;p=204"},"modified":"2024-09-26T03:20:13","modified_gmt":"2024-09-26T03:20:13","slug":"textile-fabric-rfid-laundry-tags","status":"publish","type":"product","link":"https:\/\/rfid-laundry-tag.com\/da\/vare\/textile-fabric-rfid-laundry-tags\/","title":{"rendered":"Tekstilstof RFID vaskem\u00e6rker"},"content":{"rendered":"<div>\n<div class=\"auto-hide-last-sibling-br paragraph_1252f paragraph-element\">\n<table width=\"637\">\n<tbody>\n<tr>\n<td width=\"328\">Varenavn:<\/td>\n<td width=\"309\"><strong>Tekstilstof RFID vaskem\u00e6rker<\/strong><\/td>\n<\/tr>\n<tr>\n<td width=\"328\">RFID standard:<\/td>\n<td width=\"309\">ISO\/IEC 18000-6 TypeC (EPC Gen2)<\/td>\n<\/tr>\n<tr>\n<td width=\"328\">St\u00f8rrelse og v\u00e6gt:<\/td>\n<td width=\"309\">70\u00d715 mm, 0,6g<\/td>\n<\/tr>\n<tr>\n<td width=\"328\">Chip type:<\/td>\n<td width=\"309\">Impinj Monza 4QT,NXP U CODE 8\uff0cNXP U CODE 9<\/td>\n<\/tr>\n<tr>\n<td width=\"328\">EPC-hukommelse:<\/td>\n<td width=\"309\">128 bit<\/td>\n<\/tr>\n<tr>\n<td width=\"328\">Brugerhukommelse:<\/td>\n<td width=\"309\">512 bit<\/td>\n<\/tr>\n<tr>\n<td width=\"328\">L\u00e6seomr\u00e5de (2W ERP FCC):<\/td>\n<td width=\"309\">8m<\/td>\n<\/tr>\n<tr>\n<td width=\"328\">L\u00e6seomr\u00e5de (2W ERP ETSI):<\/td>\n<td width=\"309\">8m<\/td>\n<\/tr>\n<tr>\n<td width=\"328\">Tagging:<\/td>\n<td width=\"309\">Syning, Varmstempling kl\u00e6bemiddel<\/td>\n<\/tr>\n<tr>\n<td width=\"328\">Estimeret levetid:<\/td>\n<td width=\"309\">200 vaskecyklusser eller 3 \u00e5r, alt efter hvad der kommer f\u00f8rst<\/td>\n<\/tr>\n<tr>\n<td width=\"328\">Vaskemetode:<\/td>\n<td width=\"309\">T\u00f8jvask, Renseri<\/td>\n<\/tr>\n<tr>\n<td width=\"328\">Vandudvindingstryk:<\/td>\n<td width=\"309\">60 bar<\/td>\n<\/tr>\n<tr>\n<td width=\"328\">Vandt\u00e6thed:<\/td>\n<td width=\"309\">Vandafvisende<\/td>\n<\/tr>\n<tr>\n<td width=\"328\">Kemisk modstand:<\/td>\n<td width=\"309\">Reng\u00f8ringsmiddel, bl\u00f8dg\u00f8ringsmiddel, blegemiddel (ilt\/klor), alkali<\/td>\n<\/tr>\n<tr>\n<td width=\"328\">Fort\u00f8rring i t\u00f8rretumbler:<\/td>\n<td width=\"309\">125 \u00baC i 15-20 minutter<\/td>\n<\/tr>\n<tr>\n<td width=\"328\">Steriliseringstemperatur:<\/td>\n<td width=\"309\">135\u00b0C i 15-20 minutter<\/td>\n<\/tr>\n<tr>\n<td width=\"328\">Vasketemperatur:<\/td>\n<td width=\"309\">90\u00b0C, op til 15 min.<\/td>\n<\/tr>\n<tr>\n<td width=\"328\">Fugtighed\/temperaturdrift:<\/td>\n<td width=\"309\">-20 til 110\u00b0C, 8 til 95%RH<\/td>\n<\/tr>\n<tr>\n<td width=\"328\">Fugtighed\/temperatur-opbevaring:<\/td>\n<td width=\"309\">-40 til 110\u00b0C, 8 til 95%RH<\/td>\n<\/tr>\n<\/tbody>\n<\/table>\n<\/div>\n<div class=\"auto-hide-last-sibling-br paragraph_1252f paragraph-element\"><\/div>\n<\/div>\n<div data-spm-anchor-id=\"a2700.details.0.i57.23b419c7xXORP0\">\n<div class=\"auto-hide-last-sibling-br paragraph_1252f paragraph-element\">\n<h2>Funktioner af tekstilstof RFID vaskem\u00e6rker<\/h2>\n<h3>1. Holdbar og vaskbar<\/h3>\n<p>Vores\u00a0<strong>vaskbare RFID-tags<\/strong>\u00a0er omhyggeligt designet til at t\u00e5le h\u00e5rde vaskeforhold. De kan t\u00e5le op til\u00a0<strong>200 vaskecyklusser<\/strong>, der modst\u00e5r h\u00f8je temperaturer under vaske- og t\u00f8rreprocesser. De slidst\u00e6rke materialer og den anvendte teknologi sikrer, at disse\u00a0<strong>tags kan syes<\/strong>\u00a0i forskellige genstande, herunder senget\u00f8j og bekl\u00e6dningsgenstande, uden at g\u00e5 p\u00e5 kompromis med deres integritet. Om det er varm vask kl\u00a0<strong>90\u00b0C<\/strong>\u00a0eller sterilisation kl\u00a0<strong>135\u00b0C<\/strong>, disse tags er lavet til at modst\u00e5 industrielle vasket\u00f8jskrav.<\/p>\n<h3>2. S\u00f8ml\u00f8s integration med RFID-systemer<\/h3>\n<p>De\u00a0<strong>UHF RFID-teknologi<\/strong>\u00a0indlejret i vaskem\u00e6rkerne giver mulighed for problemfri integration med eksisterende vaskeristyringssystemer. Uanset om du bruger\u00a0<strong>RFID l\u00e6sere<\/strong>\u00a0til automatiseret sporing eller inkorporering af dem i en mere omfattende\u00a0<strong>lagerstyring<\/strong>\u00a0system, giver disse tags den n\u00f8dvendige kompatibilitet til str\u00f8mlinede operationer. Det p\u00e5lidelige l\u00e6seomr\u00e5de p\u00e5 op til\u00a0<strong>8 meter<\/strong>\u00a0sikrer n\u00f8jagtig sporing og holder dit vasket\u00f8j i skak.<\/p>\n<h3>3. Forbedrede sporings- og administrationsmuligheder<\/h3>\n<p>Med\u00a0<strong>RFID vaskem\u00e6rker<\/strong>, er du i stand til at spore hvert stykke vasket\u00f8j gennem hvert trin af\u00a0<strong>vaskeproces<\/strong>. Effektiv identifikation og lagersporing f\u00f8rer til handlingsvenlig indsigt, hvilket forbedrer den overordnede lagerkontrol. Du kan spore bev\u00e6gelsen af hver\u00a0<strong>tekstil vare<\/strong>, der sikrer, at de returneres til de korrekte personer eller steder med det samme. Denne synlighed er afg\u00f8rende for at opretholde kundetilfredsheden i brancher som g\u00e6stfrihed og sundhedspleje.<\/p>\n<h3>4. Robust kemisk modstand<\/h3>\n<p>Vores\u00a0<strong>tekstilvaskem\u00e6rker<\/strong>\u00a0er konstrueret til at t\u00e5le forskellige kemikalier, der typisk anvendes i industrielle vaskerier. De kan modst\u00e5 reng\u00f8ringsmidler, bl\u00f8dg\u00f8ringsmidler og blegemidler, inklusive b\u00e5de ilt- og klorvarianter. Denne kemiske modstandsdygtighed forl\u00e6nger etiketternes levetid og sikrer p\u00e5lidelig ydeevne, selv i de h\u00e5rdeste vaskemilj\u00f8er.<\/p>\n<h3>5. Flere tagging muligheder<\/h3>\n<p>Tekstil RFID vasket\u00f8j tags tilbyder alsidig\u00a0<strong>tagging muligheder<\/strong>. Kunderne kan v\u00e6lge imellem\u00a0<strong>syning<\/strong>\u00a0m\u00e6rkerne direkte i t\u00f8j eller ved hj\u00e6lp af\u00a0<strong>varmstempling kl\u00e6bemiddel<\/strong>\u00a0for sikker fastg\u00f8relse. Denne tilpasningsevne giver mulighed for nem integration i eksisterende tekstiler uden at forstyrre deres funktion eller udseende.<\/p>\n<h3 class=\"wp-block-heading\">Installation af tekstilstof RFID vaskem\u00e6rker<\/h3>\n<p><strong>Stitch Tagging<\/strong>: Skal sys ind i kanten af et tekstil. Sy vaskem\u00e6rket v\u00e6k fra foldelinjerne.<br \/>\n<strong>Varmeforsegling<\/strong>: Skal varmeforsegles direkte p\u00e5 tekstilet ved +200\u00b0C (392\u00b0F), i 12~14s.<br \/>\n<strong>I pose<\/strong>: Skal sys som en standard plejelabel. Sy vaskem\u00e6rket v\u00e6k fra foldelinjerne.<\/p>\n<h2>Fordele ved RFID Laundry Management<\/h2>\n<h3>Forbedret operationel effektivitet<\/h3>\n<p>Inkorporerer\u00a0<strong>RFID tags<\/strong>\u00a0ind i din\u00a0<strong>h\u00e5ndtering af vaskeri<\/strong>\u00a0processer forbedrer den operationelle effektivitet markant. Automatiserede sporingssystemer eliminerer behovet for arbejdskr\u00e6vende manuelle processer, hvilket reducerer personaletid og omkostninger forbundet med varesporing. Dette giver medarbejderne mulighed for at fokusere p\u00e5 kerneopgaver, der tilf\u00f8jer v\u00e6rdi til virksomheden, hvilket \u00f8ger den samlede produktivitet.<\/p>\n<h3>Overlegen aktiv sporing<\/h3>\n<p>Med RFID-teknologi kan du spore hvert stykke vasket\u00f8j gennem hele dets livscyklus, fra indledende behandling til tilbagevenden til service. Denne overlegne evne til sporing af aktiver hj\u00e6lper med at forhindre tab og sikrer, at der tages h\u00f8jde for alle genstande, is\u00e6r vigtigt i milj\u00f8er med store m\u00e6ngder som hospitaler og hoteller.<\/p>\n<h3>Overholdelse af industristandarder<\/h3>\n<p>RFID-vaskem\u00e6rkerne er designet til at opfylde strenge industristandarder for holdbarhed og ydeevne. Deres robuste design er velegnet til milj\u00f8er med h\u00f8j eftersp\u00f8rgsel, hvilket g\u00f8r dem ideelle til kommercielle applikationer. Ved at v\u00e6lge vores tekstil-RFID-tags tilpasser du din vaskeridrift til f\u00f8rende praksis, hvilket sikrer, at din virksomhed forbliver konkurrencedygtig.<\/p>\n<hr \/>\n<h2>Kundeudtalelser<\/h2>\n<blockquote><p>&quot;Vi har sk\u00e5ret betydeligt ned p\u00e5 tabt senget\u00f8j, siden vi implementerede RFID-vaskem\u00e6rkerne. Sporingssystemet har forvandlet vores vaskeristyring!&quot; \u2014\u00a0<em>Mary T., Facility Manager<\/em><\/p><\/blockquote>\n<blockquote><p>&quot;Ikke kun holder RFID-m\u00e6rkerne under vask, men de har forbedret vores behandlingstider betydeligt.&quot; \u2014\u00a0<em>John D., driftsdirekt\u00f8r<\/em><\/p><\/blockquote>\n<hr \/>\n<h2>Ofte stillede sp\u00f8rgsm\u00e5l (ofte stillede sp\u00f8rgsm\u00e5l)<\/h2>\n<p><strong>Q: Hvor l\u00e6nge kan RFID-vaskem\u00e6rker holde?<\/strong><br \/>\nA: Vores\u00a0<strong>RFID vaskem\u00e6rker<\/strong>\u00a0har en estimeret levetid p\u00e5\u00a0<strong>200 vaskecyklusser eller 3 \u00e5r<\/strong>, afh\u00e6ngigt af brugsforholdene.<\/p>\n<p><strong>Q: Kan disse tags modst\u00e5 h\u00f8je temperaturer?<\/strong><br \/>\nA: Ja, disse tags er designet til at modst\u00e5 vasketemperaturer op til\u00a0<strong>90\u00b0C<\/strong>, sterilisation kl\u00a0<strong>135\u00b0C<\/strong>, og fort\u00f8rringsforhold, hvilket g\u00f8r dem perfekte til industrielle vaskerier.<\/p>\n<p><strong>Sp\u00f8rgsm\u00e5l: Er m\u00e6rkerne modstandsdygtige over for kemikalier?<\/strong><br \/>\nA: Absolut. Disse tags er modstandsdygtige over for almindelige vaskekemikalier, herunder vaskemidler, bl\u00f8dg\u00f8ringsmidler og blegemiddel.<\/p>\n<h3>Konklusion<\/h3>\n<div class=\"auto-hide-last-sibling-br paragraph_1252f paragraph-element\"><strong>Tekstilstof RFID vaskem\u00e6rker<\/strong> er specielt designet RFID-tags beregnet til tekstiler, der gennemg\u00e5r omfattende industrielle vaskeprocesser, der omfatter sterilisering og strygning.<\/div>\n<div class=\"auto-hide-last-sibling-br paragraph_1252f paragraph-element\">Disse <strong>Tekstilstof RFID vaskem\u00e6rker<\/strong> er grundl\u00e6ggende for effektiv identifikation, sporing og h\u00e5ndtering af linned og tekstiler. For virksomheder, der er afh\u00e6ngige af en kontinuerlig cirkulation af rene tekstiler, uniformer, arbejdst\u00f8j, medicinsk t\u00f8j eller reng\u00f8ringsartikler, kan disse vaskem\u00e6rker forbedre ydeevnen af automatiserede systemer betydeligt. De letter hurtigere og mere pr\u00e6cis sporing af et stort antal individuelle varer og \u00f8ger dermed lagerkontrollen og reducerer tab. Dette giver betydelige tids- og omkostningsbesparelser samt \u00f8get produktivitet for s\u00e5danne virksomheder.<\/div>\n<\/div>\n<\/div>\n<div class=\"auto-hide-last-sibling-br paragraph_1252f paragraph-element\">\n<div class=\"auto-hide-last-sibling-br paragraph_1252f paragraph-element\"><strong>RFID tekstilm\u00e6rke<\/strong> for uniform til linnedvask er uundv\u00e6rlige p\u00e5 tv\u00e6rs af et utal af brancher, hvilket er afg\u00f8rende for effektiv aktivsporing, lagerstyring og \u00f8ger den samlede operationelle effektivitet. Her er et glimt af deres anvendelse i forskellige sektorer:<\/div>\n<div><\/div>\n<p>&nbsp;<\/p>\n<\/div>\n<div class=\"auto-hide-last-sibling-br paragraph_1252f paragraph-element\"><\/div>","protected":false},"excerpt":{"rendered":"<p>Tekstilstof RFID-vaskem\u00e6rker, fremstillet med avanceret UHF-teknologi (860-960 MHz), overholder globale standarder s\u00e5som EPC Class1 Gen2 og ISO 18000. Disse UHF-tekstil-linnedvaskem\u00e6rker tilbyder en blanding af fleksibilitet og robusthed, der kan t\u00e5le over 200 vaske cyklusser og tryk p\u00e5 op til 60 bar. Det bem\u00e6rkelsesv\u00e6rdige kendetegn ved UHF RFID-stofvaskem\u00e6rket er dets potentiale til at tillade masseafl\u00e6sning p\u00e5 f\u00e5 meters afstand, hvilket fungerer som et yderst effektivt instrument til vasket\u00f8jsh\u00e5ndtering.<\/p>","protected":false},"featured_media":2675,"template":"","meta":{"_kad_post_transparent":"default","_kad_post_title":"","_kad_post_layout":"default","_kad_post_sidebar_id":"","_kad_post_content_style":"default","_kad_post_vertical_padding":"default","_kad_post_feature":"","_kad_post_feature_position":"","_kad_post_header":false,"_kad_post_footer":false,"_kad_post_classname":""},"product_brand":[],"product_cat":[19],"product_tag":[297,31,65,30],"class_list":{"0":"post-204","1":"product","2":"type-product","3":"status-publish","4":"has-post-thumbnail","6":"product_cat-textile-rfid-laundry-tag","7":"product_tag-rfid-chips-for-uniform","8":"product_tag-rfid-tag-for-linen-laundry","9":"product_tag-textile-rfid-laundry-tags","10":"product_tag-uhf-rfid-laundry-tag","12":"first","13":"instock","14":"featured","15":"shipping-taxable","16":"product-type-simple","17":"entry","18":"content-bg","19":"loop-entry"},"_links":{"self":[{"href":"https:\/\/rfid-laundry-tag.com\/da\/wp-json\/wp\/v2\/product\/204","targetHints":{"allow":["GET"]}}],"collection":[{"href":"https:\/\/rfid-laundry-tag.com\/da\/wp-json\/wp\/v2\/product"}],"about":[{"href":"https:\/\/rfid-laundry-tag.com\/da\/wp-json\/wp\/v2\/types\/product"}],"version-history":[{"count":3,"href":"https:\/\/rfid-laundry-tag.com\/da\/wp-json\/wp\/v2\/product\/204\/revisions"}],"predecessor-version":[{"id":2678,"href":"https:\/\/rfid-laundry-tag.com\/da\/wp-json\/wp\/v2\/product\/204\/revisions\/2678"}],"wp:featuredmedia":[{"embeddable":true,"href":"https:\/\/rfid-laundry-tag.com\/da\/wp-json\/wp\/v2\/media\/2675"}],"wp:attachment":[{"href":"https:\/\/rfid-laundry-tag.com\/da\/wp-json\/wp\/v2\/media?parent=204"}],"wp:term":[{"taxonomy":"product_brand","embeddable":true,"href":"https:\/\/rfid-laundry-tag.com\/da\/wp-json\/wp\/v2\/product_brand?post=204"},{"taxonomy":"product_cat","embeddable":true,"href":"https:\/\/rfid-laundry-tag.com\/da\/wp-json\/wp\/v2\/product_cat?post=204"},{"taxonomy":"product_tag","embeddable":true,"href":"https:\/\/rfid-laundry-tag.com\/da\/wp-json\/wp\/v2\/product_tag?post=204"}],"curies":[{"name":"wp","href":"https:\/\/api.w.org\/{rel}","templated":true}]}}