{"id":193,"date":"2024-06-16T05:59:05","date_gmt":"2024-06-16T05:59:05","guid":{"rendered":"https:\/\/rfid-laundry-tag.com\/?post_type=product&#038;p=193"},"modified":"2024-09-23T09:29:31","modified_gmt":"2024-09-23T09:29:31","slug":"rfid-chips-in-clothing","status":"publish","type":"product","link":"https:\/\/rfid-laundry-tag.com\/da\/vare\/rfid-chips-in-clothing\/","title":{"rendered":"RFID-chips i t\u00f8j"},"content":{"rendered":"<div class=\"J_module\">\n<div class=\"ife-detail-decorate-table\">\n<table class=\"hight-light-first-column all magic-14\">\n<tbody>\n<tr>\n<td colspan=\"1\" rowspan=\"1\">\n<div class=\"magic-15\" data-spm-anchor-id=\"a2700.details.0.i95.236a58c1ycsfva\">Produktionsnavn:<\/div>\n<\/td>\n<td colspan=\"1\" rowspan=\"1\">\n<div class=\"magic-16\"><strong>RFID-chips i t\u00f8j<\/strong><\/div>\n<\/td>\n<\/tr>\n<tr>\n<td colspan=\"1\" rowspan=\"1\">\n<div class=\"magic-15\"><span class=\"magic-17\">Materiale:<\/span><\/div>\n<\/td>\n<td colspan=\"1\" rowspan=\"1\">\n<div class=\"magic-16\">Polyester\/sammens\u00e6tning\/satin\/bomuld\/ikke-v\u00e6vet\/PET osv.<\/div>\n<\/td>\n<\/tr>\n<tr>\n<td colspan=\"1\" rowspan=\"1\">\n<div class=\"magic-15\"><span class=\"magic-17\">St\u00f8rrelse:<\/span><\/div>\n<\/td>\n<td colspan=\"1\" rowspan=\"1\">\n<div class=\"magic-16\"><span class=\"magic-17\">80*38mm\/60*30mm eller tilpasset<\/span><\/div>\n<\/td>\n<\/tr>\n<tr>\n<td colspan=\"1\" rowspan=\"1\">\n<div class=\"magic-15\"><span class=\"magic-17\">Type:<\/span><\/div>\n<\/td>\n<td colspan=\"1\" rowspan=\"1\">\n<div class=\"magic-16\"><span class=\"magic-17\">Passiv, RFID<\/span><\/div>\n<\/td>\n<\/tr>\n<tr>\n<td colspan=\"1\" rowspan=\"1\">\n<div class=\"magic-15\">RF-protokol:<\/div>\n<\/td>\n<td colspan=\"1\" rowspan=\"1\">\n<div class=\"magic-16\">ISO 18000-6C; EPC Klasse 1 Gen 2<\/div>\n<\/td>\n<\/tr>\n<tr>\n<td colspan=\"1\" rowspan=\"1\">\n<div class=\"magic-15\"><span class=\"magic-17\">Frekvens:<\/span><\/div>\n<\/td>\n<td colspan=\"1\" rowspan=\"1\">\n<div class=\"magic-16\"><span class=\"magic-17\">860~960MHz<\/span><\/div>\n<\/td>\n<\/tr>\n<tr>\n<td colspan=\"1\" rowspan=\"1\">\n<div class=\"magic-15\">Chip<\/div>\n<\/td>\n<td colspan=\"1\" rowspan=\"1\">\n<div class=\"magic-16\">Alien Higgs, Monza 3, Monza 4D, Monza 4QT, Monza R6, Monza R6-P, Impinj M730, Impinj M750 osv.<\/div>\n<\/td>\n<\/tr>\n<tr>\n<td colspan=\"1\" rowspan=\"1\">\n<div class=\"magic-15\"><span class=\"magic-17\">L\u00e6s afstand:<\/span><\/div>\n<\/td>\n<td colspan=\"1\" rowspan=\"1\">\n<div class=\"magic-16\"><span class=\"magic-17\">UHF: 1~10m (afh\u00e6nger af l\u00e6seren og antennen)<\/span><\/div>\n<\/td>\n<\/tr>\n<tr>\n<td colspan=\"1\" rowspan=\"1\">\n<div class=\"magic-15\"><span class=\"magic-17\">Fast m\u00e5de:<\/span><\/div>\n<\/td>\n<td colspan=\"1\" rowspan=\"1\">\n<div class=\"magic-16\"><span class=\"magic-17\">Sy \/ strygning<\/span><\/div>\n<\/td>\n<\/tr>\n<tr>\n<td colspan=\"1\" rowspan=\"1\">\n<div class=\"magic-15\"><span class=\"magic-17\">Trykning:<\/span><\/div>\n<\/td>\n<td colspan=\"1\" rowspan=\"1\">\n<div class=\"magic-16\"><span class=\"magic-17\">Udskrivning, kodning, serienummer, design osv.<\/span><\/div>\n<\/td>\n<\/tr>\n<tr>\n<td colspan=\"1\" rowspan=\"1\">\n<div class=\"magic-15\"><span class=\"magic-17\">IC liv:<\/span><\/div>\n<\/td>\n<td colspan=\"1\" rowspan=\"1\">\n<div class=\"magic-16\" data-spm-anchor-id=\"a2700.details.0.i94.236a58c1ycsfva\"><span class=\"magic-17\">100.000 programmeringscyklusser<br \/>\n10 \u00e5rs dataopbevaring<\/span><\/div>\n<\/td>\n<\/tr>\n<tr>\n<td colspan=\"1\" rowspan=\"1\">\n<div class=\"magic-15\"><span class=\"magic-17\">Eksempel tilg\u00e6ngelighed:<\/span><\/div>\n<\/td>\n<td colspan=\"1\" rowspan=\"1\">\n<div class=\"magic-16\"><span class=\"magic-17\">Gratis pr\u00f8ver er tilg\u00e6ngelige efter anmodning<\/span><\/div>\n<\/td>\n<\/tr>\n<tr>\n<td colspan=\"1\" rowspan=\"1\">\n<div class=\"magic-15\"><span class=\"magic-17\">Ans\u00f8gninger:\u00a0<\/span><\/div>\n<\/td>\n<td colspan=\"1\" rowspan=\"1\">\n<div class=\"magic-16\"><span class=\"magic-17\">\u00b7 Lagerstyring<br \/>\n\u00b7 Supply Chain<br \/>\n\u00b7 Detailhandel<\/span><\/div>\n<\/td>\n<\/tr>\n<tr>\n<td colspan=\"1\" rowspan=\"1\">\n<div class=\"magic-15\"><span class=\"magic-17\">Bruge<\/span><\/div>\n<\/td>\n<td colspan=\"1\" rowspan=\"1\">\n<div class=\"magic-16\"><span class=\"magic-17\">T\u00f8j, t\u00f8j, tasker, sko osv.<\/span><\/div>\n<\/td>\n<\/tr>\n<\/tbody>\n<\/table>\n<\/div>\n<\/div>\n<div class=\"J_module\">\n<div class=\"detail-decorate-json-renderer-container\">\n<div class=\"magic-1\">\n<div class=\"magic-5\">\n<div class=\"magic-6\">\n<div>\n<h2 class=\"AnswerParser_AnswerParserH2__SIHnF\">Styrken ved RFID-teknologi i bekl\u00e6dningssporing<\/h2>\n<p><span class=\"AnswerParser_TextContainer__z_Iiv\" data-testid=\"youchat-text\">RFID-teknologi (Radio Frequency Identification) har revolutioneret lagerstyring p\u00e5 tv\u00e6rs af forskellige industrier, og nu g\u00f8r den b\u00f8lger i bekl\u00e6dningssektoren. Vores UHF RFID vaskeplejeetiketter udnytter denne kraftfulde teknologi til at give uovertruffen sporingsfunktioner til dine bekl\u00e6dningsgenstande.<\/span><span class=\"AnswerParser_TextContainer__z_Iiv\" data-testid=\"youchat-text\">Disse etiketter bruger radiofrekvenssignaler til at kommunikere med RFID-l\u00e6sere, hvilket giver mulighed for hurtig og n\u00f8jagtig identifikation af bekl\u00e6dningsgenstande uden behov for scanning af synslinjen. Dette betyder, at du ubesv\u00e6ret kan spore flere varer samtidigt, hvilket v\u00e6sentligt reducerer den tid og indsats, der kr\u00e6ves til lagerkontrol.<\/span><\/div>\n<\/div>\n<div>\n<div class=\"auto-hide-last-sibling-br paragraph_1252f paragraph-element\">\n<div class=\"auto-hide-last-sibling-br paragraph_1252f paragraph-element\">\n<div class=\"auto-hide-last-sibling-br paragraph_1252f paragraph-element\">\n<div class=\"auto-hide-last-sibling-br paragraph_1252f paragraph-element\">At skille sig ud blandt m\u00e6ngden og administrere lageret effektivt er n\u00f8gleudfordringer for t\u00f8jm\u00e6rker. Introduktionen af RFID Apparel Tags kan l\u00f8se disse problemer, og hj\u00e6lpe virksomheder med ikke blot at forbedre deres varem\u00e6rkeimage og v\u00e6rdi, men ogs\u00e5 fremskynde deres globale forsyningsk\u00e6dedrift.<\/div>\n<p>&nbsp;<\/p>\n<div class=\"auto-hide-last-sibling-br paragraph_1252f paragraph-element\">Vores produkter sp\u00e6nder fra grafisk udsmykkede etiketter til milj\u00f8bevidst emballage udstyret med Radio Frequency Identification (RFID). Disse tilbud \u00f8ger t\u00f8jets tiltr\u00e6kningskraft til forbrugerne og optimerer lager- og opbevaringsprocesser. Samtidig styrker de produktsikkerheden og giver detailhandlere mulighed for at dedikere mere tid til deres kunder.<\/div>\n<p>&nbsp;<\/p>\n<div class=\"auto-hide-last-sibling-br paragraph_1252f paragraph-element\">P\u00e5 denne m\u00e5de fungerer RFID-bekl\u00e6dningsm\u00e6rker som et v\u00e6rkt\u00f8j med to form\u00e5l \u2013 forst\u00e6rker brandets appel og sikrer driftseffektivitet.<\/div>\n<\/div>\n<\/div>\n<div>\n<h2 class=\"AnswerParser_AnswerParserH2__SIHnF\">Anvendelser p\u00e5 tv\u00e6rs af detailbranchen og derover<\/h2>\n<p><span class=\"AnswerParser_TextContainer__z_Iiv\" data-testid=\"youchat-text\">Alsidigheden af vores RFID vaskeplejeetiketter g\u00f8r dem velegnede til en lang r\u00e6kke anvendelser:<\/span><\/p>\n<ol class=\"AnswerParser_AnswerParserOrderedList__kl_2Y\">\n<li class=\"AnswerParser_ListItem__XqLOV\" translate=\"yes\"><strong>Detailforretninger<\/strong>: Str\u00f8mlin lagerstyring og forbedre produktsynlighed.<\/li>\n<li class=\"AnswerParser_ListItem__XqLOV\" translate=\"yes\"><strong>Vaskeservice<\/strong>: Spor enkelt t\u00f8j gennem vaskecyklusser med lethed.<\/li>\n<li class=\"AnswerParser_ListItem__XqLOV\" translate=\"yes\"><strong>Uniformer og arbejdst\u00f8j<\/strong>: H\u00e5ndter store m\u00e6ngder af lignende varer effektivt.<\/li>\n<li class=\"AnswerParser_ListItem__XqLOV\" translate=\"yes\"><strong>g\u00e6stfrihed industri<\/strong>: Hold styr p\u00e5 senget\u00f8j, h\u00e5ndkl\u00e6der og personaleuniformer.<\/li>\n<li class=\"AnswerParser_ListItem__XqLOV\" translate=\"yes\"><strong>Medicinsk Scrubs<\/strong>: S\u00f8rg for korrekt reng\u00f8ring og distribution af sundhedst\u00f8j.<\/li>\n<li class=\"AnswerParser_ListItem__XqLOV\" translate=\"yes\"><strong>Udlejning af kostumer<\/strong>: Forenkle check-out og returneringsprocessen for udlejningsvirksomheder.<\/li>\n<\/ol>\n<\/div>\n<div class=\"auto-hide-last-sibling-br paragraph_1252f paragraph-element\">\n<div class=\"auto-hide-last-sibling-br paragraph_1252f paragraph-element\">\n<h2 class=\"AnswerParser_AnswerParserH2__SIHnF\">Forbedre din forsyningsk\u00e6des synlighed<\/h2>\n<p><span class=\"AnswerParser_TextContainer__z_Iiv\" data-testid=\"youchat-text\">Ved at inkorporere vores RFID-vaskem\u00e6rker i dit t\u00f8j f\u00e5r du en hidtil uset synlighed i din forsyningsk\u00e6de. Spor dit t\u00f8j fra fremstilling til salg, og endda gennem flere vaskecyklusser i industrielle vaskerier.<\/span><span class=\"AnswerParser_TextContainer__z_Iiv\" data-testid=\"youchat-text\">Denne forbedrede synlighed giver dig mulighed for at:<\/span><\/p>\n<ul class=\"AnswerParser_AnswerParserUnorderedList__P_1FW\">\n<li class=\"AnswerParser_ListItem__XqLOV\" translate=\"yes\">Reducer svind og tab<\/li>\n<li class=\"AnswerParser_ListItem__XqLOV\" translate=\"yes\">Forbedre produktudskiftningseffektiviteten<\/li>\n<li class=\"AnswerParser_ListItem__XqLOV\" translate=\"yes\">Optimer lagerbeholdningen<\/li>\n<li class=\"AnswerParser_ListItem__XqLOV\" translate=\"yes\">\u00d8g kundetilfredsheden gennem bedre produkttilg\u00e6ngelighed<\/li>\n<\/ul>\n<h2 class=\"AnswerParser_AnswerParserH2__SIHnF\">Nem installation og brug<\/h2>\n<p><span class=\"AnswerParser_TextContainer__z_Iiv\" data-testid=\"youchat-text\">Vores RFID vaskeplejeetiketter er designet til problemfri integration i dit t\u00f8j:<\/span><\/p>\n<ol class=\"AnswerParser_AnswerParserOrderedList__kl_2Y\">\n<li class=\"AnswerParser_ListItem__XqLOV\" translate=\"yes\"><strong>Mulighed for indsyning<\/strong>: Traditionel fastg\u00f8relsesmetode for holdbarhed.<\/li>\n<li class=\"AnswerParser_ListItem__XqLOV\" translate=\"yes\"><strong>Iron-On Applikation<\/strong>: Hurtig og nem installation ved hj\u00e6lp af varmeoverf\u00f8rselsteknologi.<\/li>\n<\/ol>\n<p><span class=\"AnswerParser_TextContainer__z_Iiv\" data-testid=\"youchat-text\">Begge metoder sikrer, at etiketten forbliver sikkert fastgjort gennem hele bekl\u00e6dningens livscyklus.<\/span><\/p>\n<div class=\"auto-hide-last-sibling-br paragraph_1252f paragraph-element\"><strong>Her er et par eksempler p\u00e5, hvordan f\u00f8rsteklasses t\u00f8jm\u00e6rker med succes har implementeret RFID UHF-tags:<\/strong><\/div>\n<ol class=\"auto-hide-last-sibling-br\">\n<li>\n<div class=\"auto-hide-last-sibling-br paragraph_1252f paragraph-element\"><strong>Prada<\/strong>: Dette ber\u00f8mte italienske luksusm\u00e6rke indf\u00f8rte RFID-tags i 2001, hvilket muligg\u00f8r detaljeret registrering af information s\u00e5som stil, st\u00f8rrelse, farve og pris. Interessant nok, n\u00e5r forbrugere if\u00f8rt Prada-t\u00f8j passerer gennem deres butikker, vises tilsvarende outfits p\u00e5 modellerne i butikken, der efterligner en high-fashion-landingsbane i Milano. Denne innovative brug af RFID-teknologi \u00f8ger Prada-forbrugernes tilfredshed efter k\u00f8b.<\/div>\n<\/li>\n<li>\n<div class=\"auto-hide-last-sibling-br paragraph_1252f paragraph-element\"><strong>H&amp;M<\/strong>: Dette internationale m\u00e6rke begyndte at bruge RFID-teknologi i 2014. I planlagte 1.800 butikker tillader RFID-teknologi automatisk sporing af produktkategorier, m\u00e6ngder og forbrug.<\/div>\n<\/li>\n<li>\n<div class=\"auto-hide-last-sibling-br paragraph_1252f paragraph-element\"><strong>ZARA<\/strong>: I f\u00f8rste halvdel af 2016 udtalte ZARAs moderselskab, Inditex, at anvendelsen af RFID-teknologi forbedrede lager- og forsyningsstyringen for omkring 70% af dets m\u00e6rker. Denne implementering resulterede i en salgsstigning p\u00e5 11.1% og en fortjenestefor\u00f8gelse p\u00e5 7.5%, svarende til 1.26 milliarder euro.<\/div>\n<\/li>\n<li>\n<div class=\"auto-hide-last-sibling-br paragraph_1252f paragraph-element\"><strong>Uniqlo<\/strong>: I 2017 annoncerede Uniqlo sin plan om at implementere RFID UHF-tags i 3.000 butikker globalt, hvilket markerede det som den f\u00f8rste japanske forhandler til at bruge elektroniske tags p\u00e5 verdensplan.<\/div>\n<\/li>\n<\/ol>\n<div class=\"auto-hide-last-sibling-br paragraph_1252f paragraph-element\">Dette er blot nogle indsigter i, hvordan topbekl\u00e6dningsm\u00e6rker udnytter RFID-tags. Fra 2019 har stort set alle verdensklassem\u00e6rker p\u00e5f\u00f8rt RFID-m\u00e6rker p\u00e5 deres t\u00f8j, hvilket resulterer i over 20 milliarder m\u00e6rkede stykker t\u00f8j \u2013 et antal, der forts\u00e6tter med at vokse m\u00e6rkbart. Andre bem\u00e6rkelsesv\u00e6rdige m\u00e6rker, der har taget denne teknologi til sig, omfatter NIKE og Walmart.<\/div>\n<\/div>\n<\/div>\n<\/div>\n<h2 class=\"AnswerParser_AnswerParserH2__SIHnF\">Kontakt os for en skr\u00e6ddersyet l\u00f8sning<\/h2>\n<p><span class=\"AnswerParser_TextContainer__z_Iiv\" data-testid=\"youchat-text\">Klar til at revolutionere din t\u00f8jh\u00e5ndtering med vores UHF RFID-vaskem\u00e6rker? Vi er her for at hj\u00e6lpe dig med at finde den perfekte l\u00f8sning til dine behov.<\/span><\/p>\n<ul class=\"AnswerParser_AnswerParserUnorderedList__P_1FW\">\n<li class=\"AnswerParser_ListItem__XqLOV\" translate=\"yes\"><strong>Gratis pr\u00f8ver<\/strong>: Anmod om gratis pr\u00f8ver for at teste i dit milj\u00f8.<\/li>\n<li class=\"AnswerParser_ListItem__XqLOV\" translate=\"yes\"><strong>Tilpasning<\/strong>: Fort\u00e6l os dine specifikke krav til en skr\u00e6ddersyet l\u00f8sning.<\/li>\n<li class=\"AnswerParser_ListItem__XqLOV\" translate=\"yes\"><strong>Ekspertkonsultation<\/strong>: Vores team af RFID-specialister er klar til at besvare dine sp\u00f8rgsm\u00e5l.<\/li>\n<\/ul>\n<p><span class=\"AnswerParser_TextContainer__z_Iiv\" data-testid=\"youchat-text\">Lad ikke ineffektiv lagerstyring holde din virksomhed tilbage. Omfavn fremtiden for bekl\u00e6dningssporing med vores innovative RFID-vaskem\u00e6rker. Udfyld vores foresp\u00f8rgselsformular i dag for at starte din rejse mod smartere og mere effektiv bekl\u00e6dningsh\u00e5ndtering.<\/span><span class=\"AnswerParser_TextContainer__z_Iiv\" data-testid=\"youchat-text\">Relaterede produkter:<\/span><\/p>\n<ul class=\"AnswerParser_AnswerParserUnorderedList__P_1FW\">\n<li class=\"AnswerParser_ListItem__XqLOV\" translate=\"yes\">RFID h\u00e6ngem\u00e6rker til detailhandel<\/li>\n<li class=\"AnswerParser_ListItem__XqLOV\" translate=\"yes\">NFC-aktiverede plejeetiketter<\/li>\n<li class=\"AnswerParser_ListItem__XqLOV\" translate=\"yes\">Bluetooth Low Energy (BLE) Asset Trackers<\/li>\n<\/ul>\n<p><span class=\"AnswerParser_TextContainer__z_Iiv\" data-testid=\"youchat-text\">Oplev styrken af RFID-teknologi i din t\u00f8jvirksomhed. Kontakt os nu for at l\u00e6re, hvordan vores vaskbare RFID-tags kan transformere din virksomhed og give dig en konkurrencefordel i den hurtige verden af mode og tekstiler.<\/span><\/p>\n<\/div>\n<div class=\"magic-6\">\n<div><\/div>\n<\/div>\n<\/div>\n<\/div>\n<\/div>\n<\/div>","protected":false},"excerpt":{"rendered":"<p>Processen starter med p\u00e5f\u00f8ring af RFID Chips In Clothing p\u00e5 individuelle stykker t\u00f8j. Disse tags kan scannes p\u00e5 forskellige punkter i hele forsyningsk\u00e6den, hvilket muligg\u00f8r lagersporing i realtid, lokationsverifikation og bev\u00e6gelsessporing af komponenter og f\u00e6rdige produkter. Dette system giver en omfattende, \u00f8jeblikkelig mekanisme til at styre og overv\u00e5ge lager og produkter.<\/p>","protected":false},"featured_media":177,"template":"","meta":{"_kad_post_transparent":"default","_kad_post_title":"","_kad_post_layout":"default","_kad_post_sidebar_id":"","_kad_post_content_style":"default","_kad_post_vertical_padding":"default","_kad_post_feature":"","_kad_post_feature_position":"","_kad_post_header":false,"_kad_post_footer":false,"_kad_post_classname":""},"product_brand":[],"product_cat":[81,53],"product_tag":[87,93,83],"class_list":{"0":"post-193","1":"product","2":"type-product","3":"status-publish","4":"has-post-thumbnail","6":"product_cat-rfid-wash-care-clothing-label","7":"product_cat-rfid-clothes-tag","8":"product_tag-fabric-uhf-rfid-wash-care-tag","9":"product_tag-rfid-chips-in-clothing","10":"product_tag-rfid-wash-care-label","12":"first","13":"instock","14":"shipping-taxable","15":"product-type-simple","16":"entry","17":"content-bg","18":"loop-entry"},"_links":{"self":[{"href":"https:\/\/rfid-laundry-tag.com\/da\/wp-json\/wp\/v2\/product\/193","targetHints":{"allow":["GET"]}}],"collection":[{"href":"https:\/\/rfid-laundry-tag.com\/da\/wp-json\/wp\/v2\/product"}],"about":[{"href":"https:\/\/rfid-laundry-tag.com\/da\/wp-json\/wp\/v2\/types\/product"}],"version-history":[{"count":2,"href":"https:\/\/rfid-laundry-tag.com\/da\/wp-json\/wp\/v2\/product\/193\/revisions"}],"predecessor-version":[{"id":2652,"href":"https:\/\/rfid-laundry-tag.com\/da\/wp-json\/wp\/v2\/product\/193\/revisions\/2652"}],"wp:featuredmedia":[{"embeddable":true,"href":"https:\/\/rfid-laundry-tag.com\/da\/wp-json\/wp\/v2\/media\/177"}],"wp:attachment":[{"href":"https:\/\/rfid-laundry-tag.com\/da\/wp-json\/wp\/v2\/media?parent=193"}],"wp:term":[{"taxonomy":"product_brand","embeddable":true,"href":"https:\/\/rfid-laundry-tag.com\/da\/wp-json\/wp\/v2\/product_brand?post=193"},{"taxonomy":"product_cat","embeddable":true,"href":"https:\/\/rfid-laundry-tag.com\/da\/wp-json\/wp\/v2\/product_cat?post=193"},{"taxonomy":"product_tag","embeddable":true,"href":"https:\/\/rfid-laundry-tag.com\/da\/wp-json\/wp\/v2\/product_tag?post=193"}],"curies":[{"name":"wp","href":"https:\/\/api.w.org\/{rel}","templated":true}]}}