{"id":190,"date":"2024-06-16T05:17:47","date_gmt":"2024-06-16T05:17:47","guid":{"rendered":"https:\/\/rfid-laundry-tag.com\/?post_type=product&#038;p=190"},"modified":"2024-07-06T08:07:23","modified_gmt":"2024-07-06T08:07:23","slug":"paper-rfid-clothes-tag","status":"publish","type":"product","link":"https:\/\/rfid-laundry-tag.com\/da\/vare\/paper-rfid-clothes-tag\/","title":{"rendered":"Papir RFID t\u00f8jm\u00e6rke"},"content":{"rendered":"<table class=\"has-title all magic-1\">\n<tbody>\n<tr>\n<td colspan=\"1\" rowspan=\"1\">\n<div class=\"magic-2\" data-spm-anchor-id=\"a2700.details.0.i84.7cea6afbA2IkLB\">Varens navn<\/div>\n<\/td>\n<td colspan=\"1\" rowspan=\"1\">\n<div class=\"magic-3\">Papir RFID t\u00f8jm\u00e6rke<\/div>\n<\/td>\n<\/tr>\n<tr>\n<td colspan=\"1\" rowspan=\"1\">\n<div class=\"magic-2\">St\u00f8rrelse<\/div>\n<\/td>\n<td colspan=\"1\" rowspan=\"1\">\n<div class=\"magic-3\">90x40mm eller tilpasset<\/div>\n<\/td>\n<\/tr>\n<tr>\n<td colspan=\"1\" rowspan=\"1\">\n<div class=\"magic-2\">Frekvens<\/div>\n<\/td>\n<td colspan=\"1\" rowspan=\"1\">\n<div class=\"magic-3\">860-960 MHz<\/div>\n<\/td>\n<\/tr>\n<tr>\n<td colspan=\"1\" rowspan=\"1\">\n<div class=\"magic-2\">IC-type (chip)<\/div>\n<\/td>\n<td colspan=\"1\" rowspan=\"1\">\n<div class=\"magic-3\">NXP Ucode 8 eller 9<\/div>\n<\/td>\n<\/tr>\n<tr>\n<td colspan=\"1\" rowspan=\"1\">\n<div class=\"magic-2\">Protokol<\/div>\n<\/td>\n<td colspan=\"1\" rowspan=\"1\">\n<div class=\"magic-3\">ISO18000 6C<\/div>\n<\/td>\n<\/tr>\n<tr>\n<td colspan=\"1\" rowspan=\"1\">\n<div class=\"magic-4\">Hukommelse<\/div>\n<\/td>\n<td colspan=\"1\" rowspan=\"1\">\n<div class=\"magic-3\">EPC 96 bit<\/div>\n<\/td>\n<\/tr>\n<tr>\n<td colspan=\"1\" rowspan=\"1\">\n<div class=\"magic-2\">Materiale<\/div>\n<\/td>\n<td colspan=\"1\" rowspan=\"1\">\n<div class=\"magic-3\">Papir.PET ,ETC<\/div>\n<\/td>\n<\/tr>\n<tr>\n<td colspan=\"1\" rowspan=\"1\">\n<div class=\"magic-2\">Trykning<\/div>\n<\/td>\n<td colspan=\"1\" rowspan=\"1\">\n<div class=\"magic-3\" data-spm-anchor-id=\"a2700.details.0.i85.7cea6afbA2IkLB\">Logo, qr-kode, stregkode, serienummer<\/div>\n<\/td>\n<\/tr>\n<tr>\n<td colspan=\"1\" rowspan=\"1\">\n<div class=\"magic-2\">Driftstemperatur<\/div>\n<\/td>\n<td colspan=\"1\" rowspan=\"1\">\n<div class=\"magic-3\">-30 \u00b0C \u2013 +80 \u00b0C<\/div>\n<\/td>\n<\/tr>\n<tr>\n<td colspan=\"1\" rowspan=\"1\">\n<div class=\"magic-2\">L\u00e6s afstand<\/div>\n<\/td>\n<td colspan=\"1\" rowspan=\"1\">\n<div class=\"magic-3\">Op til 15m<\/div>\n<\/td>\n<\/tr>\n<tr>\n<td colspan=\"1\" rowspan=\"1\">\n<div class=\"magic-5\">Kl\u00e6ber til<\/div>\n<\/td>\n<td colspan=\"1\" rowspan=\"1\">\n<div class=\"magic-3\">Senget\u00f8j og bekl\u00e6dningsgenstande<\/div>\n<\/td>\n<\/tr>\n<tr>\n<td colspan=\"1\" rowspan=\"1\">\n<div class=\"magic-4\">IP-vurdering<\/div>\n<\/td>\n<td colspan=\"1\" rowspan=\"1\">\n<div class=\"magic-3\">IP67<\/div>\n<\/td>\n<\/tr>\n<tr>\n<td colspan=\"1\" rowspan=\"1\">\n<div class=\"magic-4\">Farve<\/div>\n<\/td>\n<td colspan=\"1\" rowspan=\"1\">\n<div class=\"magic-3\">Hvid<\/div>\n<\/td>\n<\/tr>\n<\/tbody>\n<\/table>\n<div><\/div>\n<div>Konstrueret af papir med en central UHF RFID-chip, letter disse tags fjernscanning. Vores RFID-tags, som i \u00f8jeblikket er tilg\u00e6ngelige i en r\u00e6kke designs og dimensioner, kan ogs\u00e5 prydes med personligt kunstv\u00e6rk. Denne funktion g\u00f8r det muligt for tags at tjene som branding af k\u00f8ret\u00f8jer uden at g\u00e5 p\u00e5 kompromis med deres kerneform\u00e5l.<\/div>\n<div><\/div>\n<div class=\"auto-hide-last-sibling-br paragraph_1252f paragraph-element\">RFID-t\u00f8jm\u00e6rker spiller en afg\u00f8rende rolle i detailbranchen, og de tjener en lang r\u00e6kke funktioner fra lagerstyring og tyveriforebyggelse til optimering af forsyningsk\u00e6den.<\/div>\n<p>&nbsp;<\/p>\n<div class=\"auto-hide-last-sibling-br paragraph_1252f paragraph-element\">For at administrere deres beholdning mere effektivt s\u00e6tter detailhandlere et RFID-m\u00e6rke til hver bekl\u00e6dningsgenstand. Disse tags kan hurtigt og pr\u00e6cist scannes med RFID-l\u00e6sere, hvilket drastisk forbedrer hastigheden og effektiviteten af lageropt\u00e6llinger.<\/div>\n<p>&nbsp;<\/p>\n<div class=\"auto-hide-last-sibling-br paragraph_1252f paragraph-element\">Her er nogle bem\u00e6rkelsesv\u00e6rdige fordele ved at bruge RFID-t\u00f8jm\u00e6rker:<\/div>\n<div class=\"auto-hide-last-sibling-br paragraph_1252f paragraph-element\">Tabsforebyggelse: Disse tags giver en robust tyveriforebyggende foranstaltning. Hvis en m\u00e6rket vare bev\u00e6ger sig forbi en udgang uden deaktivering, udl\u00f8ses en alarm, som giver butikspersonale besked om en mulig tyverih\u00e6ndelse.<\/div>\n<p>&nbsp;<\/p>\n<div class=\"auto-hide-last-sibling-br paragraph_1252f paragraph-element\">Supply Chain Optimization: Bedre synlighed og sporing af bekl\u00e6dningsgenstande gennem hele forsyningsk\u00e6den opn\u00e5s ved hj\u00e6lp af RFID-tags. Denne overv\u00e5gning i realtid giver producenter, distribut\u00f8rer og detailhandlere mulighed for at forbedre logistik og lagerstyring.<\/div>\n<div class=\"auto-hide-last-sibling-br paragraph_1252f paragraph-element\">Tagplacering: Alsidighed er et stort plus med RFID-tags. De kan sys ind i t\u00f8jet, inds\u00e6ttes i en etiket eller hangtag eller indarbejdes i specialiserede sikkerhedsm\u00e6rker.<\/div>\n<div class=\"auto-hide-last-sibling-br paragraph_1252f paragraph-element\">Tagvarianter: RFID-tags findes i forskellige varianter, inklusive passive og aktive tags. Passive tags afh\u00e6nger af energi fra RFID-l\u00e6seren til at transmittere data. I mods\u00e6tning hertil har aktive tags deres egen str\u00f8mkilde, hvilket giver dem mulighed for at transmittere data over l\u00e6ngere afstande.<\/div>\n<div class=\"auto-hide-last-sibling-br paragraph_1252f paragraph-element\">Datasikkerhed: Kundebeskyttelse er en prioritet med RFID-systemer. For at forhindre uautoriseret adgang til f\u00f8lsomme oplysninger, er krypterings- og autentificeringsprotokoller almindeligvis anvendt.<\/div>\n<div><\/div>\n<div>\n<div class=\"auto-hide-last-sibling-br paragraph_1252f paragraph-element\">UHF RFID Paper Hang Tags har det sp\u00e6ndende potentiale til at revolutionere operationer inden for industrier som Garment Retail Management, Apparel Inventory Management og Clothing Supply Chain Management.<\/div>\n<p>&nbsp;<\/p>\n<div class=\"auto-hide-last-sibling-br paragraph_1252f paragraph-element\">Implementeringen af disse tags f\u00f8rer til et boom i effektivitet \u2013 du beh\u00f8ver ikke l\u00e6ngere at allokere manuelle timer til lageropt\u00e6lling eller sporing af forsendelser. RFID-teknologien g\u00f8r det for dig, pr\u00e6cist og hurtigt, s\u00e5 dit team kan fokusere p\u00e5 andre vitale opgaver.<\/div>\n<p>&nbsp;<\/p>\n<div class=\"auto-hide-last-sibling-br paragraph_1252f paragraph-element\">Forbedret n\u00f8jagtighed er en anden v\u00e6sentlig fordel ved vores RFID-tags. Risikoen for menneskelige fejl ved manuel sporing og dataindtastning er effektivt d\u00e6mpet med disse automatiserede tags. Denne \u00f8gede n\u00f8jagtighed i dataindsamlingen f\u00f8rer til mere pr\u00e6cis indsigt, der hj\u00e6lper med effektiv beslutningstagning i din virksomhedsdrift.<\/div>\n<p>&nbsp;<\/p>\n<div class=\"auto-hide-last-sibling-br paragraph_1252f paragraph-element\">H\u00f8jere effektivitet og n\u00f8jagtighed str\u00f8mliner tilsammen din drift og f\u00f8rer til \u00f8get rentabilitet. Ved at investere i vores UHF RFID Paper Hang Tags forbedrer du ikke kun din nuv\u00e6rende driftseffektivitet, men sikrer ogs\u00e5 b\u00e6redygtig, rentabel v\u00e6kst for din virksomhed p\u00e5 lang sigt.<\/div>\n<\/div>\n<p>&nbsp;<\/p>\n<p>&nbsp;<\/p>","protected":false},"excerpt":{"rendered":"<div class=\"auto-hide-last-sibling-br paragraph_1252f paragraph-element\">\n<div class=\"auto-hide-last-sibling-br paragraph_1252f paragraph-element\">\u00a0RFID Paper Clothing Tags tilbyder en dynamisk l\u00f8sning til at overv\u00e5ge og kontrollere lagerbeholdningen i bekl\u00e6dningssektoren. Disse tags, der prim\u00e6rt bruges i detailbutikker og bekl\u00e6dningsfabrikker, giver mulighed for effektiv sporing af bekl\u00e6dningsgenstande.<\/div>\n<p>&nbsp;<\/p>\n<div class=\"auto-hide-last-sibling-br paragraph_1252f paragraph-element\"><\/div>\n<\/div>","protected":false},"featured_media":191,"template":"","meta":{"_kad_post_transparent":"default","_kad_post_title":"","_kad_post_layout":"default","_kad_post_sidebar_id":"","_kad_post_content_style":"default","_kad_post_vertical_padding":"default","_kad_post_feature":"","_kad_post_feature_position":"","_kad_post_header":false,"_kad_post_footer":false,"_kad_post_classname":""},"product_brand":[],"product_cat":[53],"product_tag":[92,89,91],"class_list":{"0":"post-190","1":"product","2":"type-product","3":"status-publish","4":"has-post-thumbnail","6":"product_cat-rfid-clothes-tag","7":"product_tag-paper-rfid-clothes-tag","8":"product_tag-rfid-clothing-tags","9":"product_tag-uhf-rfid-paper-hang-tags","11":"first","12":"instock","13":"shipping-taxable","14":"product-type-simple","15":"entry","16":"content-bg","17":"loop-entry"},"_links":{"self":[{"href":"https:\/\/rfid-laundry-tag.com\/da\/wp-json\/wp\/v2\/product\/190","targetHints":{"allow":["GET"]}}],"collection":[{"href":"https:\/\/rfid-laundry-tag.com\/da\/wp-json\/wp\/v2\/product"}],"about":[{"href":"https:\/\/rfid-laundry-tag.com\/da\/wp-json\/wp\/v2\/types\/product"}],"version-history":[{"count":0,"href":"https:\/\/rfid-laundry-tag.com\/da\/wp-json\/wp\/v2\/product\/190\/revisions"}],"wp:featuredmedia":[{"embeddable":true,"href":"https:\/\/rfid-laundry-tag.com\/da\/wp-json\/wp\/v2\/media\/191"}],"wp:attachment":[{"href":"https:\/\/rfid-laundry-tag.com\/da\/wp-json\/wp\/v2\/media?parent=190"}],"wp:term":[{"taxonomy":"product_brand","embeddable":true,"href":"https:\/\/rfid-laundry-tag.com\/da\/wp-json\/wp\/v2\/product_brand?post=190"},{"taxonomy":"product_cat","embeddable":true,"href":"https:\/\/rfid-laundry-tag.com\/da\/wp-json\/wp\/v2\/product_cat?post=190"},{"taxonomy":"product_tag","embeddable":true,"href":"https:\/\/rfid-laundry-tag.com\/da\/wp-json\/wp\/v2\/product_tag?post=190"}],"curies":[{"name":"wp","href":"https:\/\/api.w.org\/{rel}","templated":true}]}}