{"id":185,"date":"2024-06-15T17:36:34","date_gmt":"2024-06-15T17:36:34","guid":{"rendered":"https:\/\/rfid-laundry-tag.com\/?post_type=product&#038;p=185"},"modified":"2024-06-15T17:36:34","modified_gmt":"2024-06-15T17:36:34","slug":"uhf-paper-rfid-clothing-label-tags","status":"publish","type":"product","link":"https:\/\/rfid-laundry-tag.com\/da\/vare\/uhf-paper-rfid-clothing-label-tags\/","title":{"rendered":"UHF papir RFID t\u00f8jm\u00e6rkem\u00e6rker"},"content":{"rendered":"<table class=\"has-title all magic-1\">\n<tbody>\n<tr>\n<td colspan=\"1\" rowspan=\"1\">\n<div class=\"magic-2\" data-spm-anchor-id=\"a2700.details.0.i84.7cea6afbA2IkLB\">Varens navn<\/div>\n<\/td>\n<td colspan=\"1\" rowspan=\"1\">\n<div class=\"magic-3\">UHF papir RFID t\u00f8jm\u00e6rkem\u00e6rker<\/div>\n<\/td>\n<\/tr>\n<tr>\n<td colspan=\"1\" rowspan=\"1\">\n<div class=\"magic-2\">St\u00f8rrelse<\/div>\n<\/td>\n<td colspan=\"1\" rowspan=\"1\">\n<div class=\"magic-3\">90x40mm eller tilpasset<\/div>\n<\/td>\n<\/tr>\n<tr>\n<td colspan=\"1\" rowspan=\"1\">\n<div class=\"magic-2\">Frekvens<\/div>\n<\/td>\n<td colspan=\"1\" rowspan=\"1\">\n<div class=\"magic-3\">860-960 MHz<\/div>\n<\/td>\n<\/tr>\n<tr>\n<td colspan=\"1\" rowspan=\"1\">\n<div class=\"magic-2\">IC-type (chip)<\/div>\n<\/td>\n<td colspan=\"1\" rowspan=\"1\">\n<div class=\"magic-3\">NXP Ucode 8 eller 9<\/div>\n<\/td>\n<\/tr>\n<tr>\n<td colspan=\"1\" rowspan=\"1\">\n<div class=\"magic-2\">Protokol<\/div>\n<\/td>\n<td colspan=\"1\" rowspan=\"1\">\n<div class=\"magic-3\">ISO18000 6C<\/div>\n<\/td>\n<\/tr>\n<tr>\n<td colspan=\"1\" rowspan=\"1\">\n<div class=\"magic-4\">Hukommelse<\/div>\n<\/td>\n<td colspan=\"1\" rowspan=\"1\">\n<div class=\"magic-3\">EPC 96 bit<\/div>\n<\/td>\n<\/tr>\n<tr>\n<td colspan=\"1\" rowspan=\"1\">\n<div class=\"magic-2\">Materiale<\/div>\n<\/td>\n<td colspan=\"1\" rowspan=\"1\">\n<div class=\"magic-3\">Papir.PET ,ETC<\/div>\n<\/td>\n<\/tr>\n<tr>\n<td colspan=\"1\" rowspan=\"1\">\n<div class=\"magic-2\">Trykning<\/div>\n<\/td>\n<td colspan=\"1\" rowspan=\"1\">\n<div class=\"magic-3\" data-spm-anchor-id=\"a2700.details.0.i85.7cea6afbA2IkLB\">Logo, qr-kode, stregkode, serienummer<\/div>\n<\/td>\n<\/tr>\n<tr>\n<td colspan=\"1\" rowspan=\"1\">\n<div class=\"magic-2\">Driftstemperatur<\/div>\n<\/td>\n<td colspan=\"1\" rowspan=\"1\">\n<div class=\"magic-3\">-30 \u00b0C \u2013 +80 \u00b0C<\/div>\n<\/td>\n<\/tr>\n<tr>\n<td colspan=\"1\" rowspan=\"1\">\n<div class=\"magic-2\">L\u00e6s afstand<\/div>\n<\/td>\n<td colspan=\"1\" rowspan=\"1\">\n<div class=\"magic-3\">Op til 15m<\/div>\n<\/td>\n<\/tr>\n<tr>\n<td colspan=\"1\" rowspan=\"1\">\n<div class=\"magic-5\">Kl\u00e6ber til<\/div>\n<\/td>\n<td colspan=\"1\" rowspan=\"1\">\n<div class=\"magic-3\">Senget\u00f8j og bekl\u00e6dningsgenstande<\/div>\n<\/td>\n<\/tr>\n<tr>\n<td colspan=\"1\" rowspan=\"1\">\n<div class=\"magic-4\">IP-vurdering<\/div>\n<\/td>\n<td colspan=\"1\" rowspan=\"1\">\n<div class=\"magic-3\">IP67<\/div>\n<\/td>\n<\/tr>\n<tr>\n<td colspan=\"1\" rowspan=\"1\">\n<div class=\"magic-4\">Farve<\/div>\n<\/td>\n<td colspan=\"1\" rowspan=\"1\">\n<div class=\"magic-3\">Hvid<\/div>\n<\/td>\n<\/tr>\n<\/tbody>\n<\/table>\n<p>&nbsp;<\/p>\n<p><strong>UHF RFID-bekl\u00e6dningsm\u00e6rker<\/strong> tjene som en sikker metode til vareidentifikation. De kan implementeres for at forhindre forfalskning og kontrollere adgangen til begr\u00e6nsede omr\u00e5der, hvilket \u00f8ger b\u00e5de sikkerhed og n\u00f8jagtighed i dine forretningsaktiviteter. V\u00e6lg vores UHF RFID Apparel Hang Tags for at str\u00f8mline din lagerstyring og \u00f8ge din detailsikkerhed.<\/p>\n<p>Med adskillige applikationer, der str\u00e6kker sig til aktivsporing, bekl\u00e6dningslagerstyring, bekl\u00e6dningsforsyningsk\u00e6de og bekl\u00e6dningsdetaljstyring, kan vores UHF RFID Paper Hang Tags dramatisk forbedre dine spor- og sporingsmuligheder og i sidste ende optimere din virksomhedsdrift.<\/p>","protected":false},"excerpt":{"rendered":"<p>UHF-papir RFID-bekl\u00e6dningsetiketter er diminutive tags, der er specielt designet til at spore t\u00f8j og bekl\u00e6dningsgenstande. De inkorporerer ultra-h\u00f8jfrekvent (UHF) RFID-teknologi, der sikrer optimal sporingsydelse. Disse RFID-papiroph\u00e6ngningsm\u00e6rker, som har indlejrede RFID (Radio Frequency Identification)-chips, er fastgjort til bekl\u00e6dningsgenstande, s\u00e5 de kan scannes af en UHF RFID-l\u00e6ser.<\/p>\n<div class=\"auto-hide-last-sibling-br paragraph_1252f paragraph-element\">Disse tags spiller en central rolle i sporing og styring af lager p\u00e5 tv\u00e6rs af detailbutikker, varehuse og distributionscentre. De giver lagersporing i realtid, hvilket giver detailvirksomheder mulighed for n\u00f8jagtigt at overv\u00e5ge lagerniveauer, minimere udsolgte tilf\u00e6lde og i sidste ende \u00f8ge salget.<\/div>","protected":false},"featured_media":186,"template":"","meta":{"_kad_post_transparent":"default","_kad_post_title":"","_kad_post_layout":"default","_kad_post_sidebar_id":"","_kad_post_content_style":"default","_kad_post_vertical_padding":"default","_kad_post_feature":"","_kad_post_feature_position":"","_kad_post_header":false,"_kad_post_footer":false,"_kad_post_classname":""},"product_brand":[],"product_cat":[53],"product_tag":[89,90,88],"class_list":{"0":"post-185","1":"product","2":"type-product","3":"status-publish","4":"has-post-thumbnail","6":"product_cat-rfid-clothes-tag","7":"product_tag-rfid-clothing-tags","8":"product_tag-rfid-paper-hang-tags","9":"product_tag-uhf-paper-rfid-clothing-label-tags","11":"first","12":"instock","13":"shipping-taxable","14":"product-type-simple","15":"entry","16":"content-bg","17":"loop-entry"},"_links":{"self":[{"href":"https:\/\/rfid-laundry-tag.com\/da\/wp-json\/wp\/v2\/product\/185","targetHints":{"allow":["GET"]}}],"collection":[{"href":"https:\/\/rfid-laundry-tag.com\/da\/wp-json\/wp\/v2\/product"}],"about":[{"href":"https:\/\/rfid-laundry-tag.com\/da\/wp-json\/wp\/v2\/types\/product"}],"version-history":[{"count":0,"href":"https:\/\/rfid-laundry-tag.com\/da\/wp-json\/wp\/v2\/product\/185\/revisions"}],"wp:featuredmedia":[{"embeddable":true,"href":"https:\/\/rfid-laundry-tag.com\/da\/wp-json\/wp\/v2\/media\/186"}],"wp:attachment":[{"href":"https:\/\/rfid-laundry-tag.com\/da\/wp-json\/wp\/v2\/media?parent=185"}],"wp:term":[{"taxonomy":"product_brand","embeddable":true,"href":"https:\/\/rfid-laundry-tag.com\/da\/wp-json\/wp\/v2\/product_brand?post=185"},{"taxonomy":"product_cat","embeddable":true,"href":"https:\/\/rfid-laundry-tag.com\/da\/wp-json\/wp\/v2\/product_cat?post=185"},{"taxonomy":"product_tag","embeddable":true,"href":"https:\/\/rfid-laundry-tag.com\/da\/wp-json\/wp\/v2\/product_tag?post=185"}],"curies":[{"name":"wp","href":"https:\/\/api.w.org\/{rel}","templated":true}]}}