{"id":1755,"date":"2024-09-01T16:47:06","date_gmt":"2024-09-01T16:47:06","guid":{"rendered":"https:\/\/rfid-laundry-tag.com\/?post_type=product&#038;p=1755"},"modified":"2024-09-01T16:55:05","modified_gmt":"2024-09-01T16:55:05","slug":"iso18000-6c-uhf-rfid-tag-labels","status":"publish","type":"product","link":"https:\/\/rfid-laundry-tag.com\/da\/vare\/iso18000-6c-uhf-rfid-tag-labels\/","title":{"rendered":"ISO18000-6C UHF RFID-m\u00e6rkat"},"content":{"rendered":"<div data-elementor-type=\"product-post\" data-elementor-id=\"1755\" class=\"elementor elementor-1755\" data-elementor-settings=\"{&quot;ha_cmc_init_switcher&quot;:&quot;no&quot;}\" data-elementor-post-type=\"product\">\n\t\t\t\t<div class=\"elementor-element elementor-element-1c13a178 e-flex e-con-boxed e-con e-parent\" data-id=\"1c13a178\" data-element_type=\"container\" data-e-type=\"container\" data-settings=\"{&quot;_ha_eqh_enable&quot;:false}\">\n\t\t\t\t\t<div class=\"e-con-inner\">\n\t\t\t\t<div class=\"elementor-element elementor-element-7e836d6a elementor-widget elementor-widget-text-editor\" data-id=\"7e836d6a\" data-element_type=\"widget\" data-e-type=\"widget\" data-widget_type=\"text-editor.default\">\n\t\t\t\t<div class=\"elementor-widget-container\">\n\t\t\t\t\t\t\t\t\t<div class=\"J_module\"><div class=\"detail-decorate-json-renderer-container\"><div class=\"magic-5\"><div class=\"magic-6\"><div class=\"magic-7\"><div class=\"magic-8\"><span style=\"color: #000000;\" data-spm-anchor-id=\"a2700.details.0.i44.1b65605fl6GjYL\">Lang r\u00e6kkevidde passiv 860-960 mhz ISO18000 6C UHF RFID-tag<\/span><\/div><div>\u00a0<\/div><\/div><\/div><\/div><\/div><\/div><div class=\"J_module\"><div class=\"detail-decorate-json-renderer-container\"><div class=\"magic-5\"><div class=\"magic-6\"><div class=\"magic-7\"><div class=\"magic-8\" data-spm-anchor-id=\"a2700.details.0.i40.1b65605fl6GjYL\"><span style=\"color: #000000;\"><b>RFID-m\u00e6rke<\/b> kan i vid udstr\u00e6kning anvendes inden for identifikation, offentlig transport, elektroniske bompengeopkr\u00e6vning af billetter til begivenheder, aktiv<\/span><br \/><span style=\"color: #000000;\">administration, biblioteker og udlejning, loyalitetssystem og adgangskontrolstyring osv. Vi leverer programmerings- og kodningstjenester, der passer pr\u00e6cis til kundens programmerings- eller kodningskrav.<\/span><\/div><div data-spm-anchor-id=\"a2700.details.0.i40.1b65605fl6GjYL\">\u00a0<\/div><\/div><div data-spm-anchor-id=\"a2700.details.0.i40.1b65605fl6GjYL\"><table class=\"all magic-12\"><tbody><tr><td colspan=\"1\" rowspan=\"1\"><div class=\"magic-16\" data-spm-anchor-id=\"a2700.details.0.i41.1b65605fl6GjYL\"><span style=\"color: #000000;\">Produkttype<\/span><\/div><\/td><td colspan=\"1\" rowspan=\"1\"><div class=\"magic-17\"><span style=\"color: #000000;\">Lang r\u00e6kkevidde passiv 860-960 mhz ISO18000 6C UHF RFID-tag<\/span><\/div><\/td><\/tr><tr><td colspan=\"1\" rowspan=\"1\"><div class=\"magic-16\"><span style=\"color: #000000;\">Air Interface Protocol<\/span><\/div><\/td><td colspan=\"1\" rowspan=\"1\"><div class=\"magic-17\"><span style=\"color: #000000;\">EPCglobal UHF Klasse 1 Gen 2 (ISO 18000-6C)<\/span><\/div><\/td><\/tr><tr><td colspan=\"1\" rowspan=\"1\"><div class=\"magic-16\"><span style=\"color: #000000;\">Driftsfrekvens<\/span><\/div><\/td><td colspan=\"1\" rowspan=\"1\"><div class=\"magic-17\"><span style=\"color: #000000;\">860~960Mhz<\/span><\/div><\/td><\/tr><tr><td colspan=\"1\" rowspan=\"1\"><div class=\"magic-16\"><span style=\"color: #000000;\">IC type<\/span><\/div><\/td><td colspan=\"1\" rowspan=\"1\"><div class=\"magic-17\"><span style=\"color: #000000;\">Alien Higgs-3\/Higgs-4<\/span><\/div><\/td><\/tr><tr><td colspan=\"1\" rowspan=\"1\"><div class=\"magic-16\"><span style=\"color: #000000;\">Hukommelse<\/span><\/div><\/td><td colspan=\"1\" rowspan=\"1\"><div class=\"magic-17\"><span style=\"color: #000000;\">EPC 96-480 bit, bruger 512 bit, TID 32 bit<\/span><\/div><\/td><\/tr><tr><td colspan=\"1\" rowspan=\"1\"><div class=\"magic-16\"><span style=\"color: #000000;\">EPC-hukommelsesindhold<\/span><\/div><\/td><td colspan=\"1\" rowspan=\"1\"><div class=\"magic-17\"><span style=\"color: #000000;\">Unikt, randomiseret tal<\/span><\/div><\/td><\/tr><tr><td colspan=\"1\" rowspan=\"1\"><div class=\"magic-16\"><span style=\"color: #000000;\">Max l\u00e6seafstand<\/span><\/div><\/td><td colspan=\"1\" rowspan=\"1\"><div class=\"magic-17\"><span style=\"color: #000000;\">&gt;3 m (10 fod)<\/span><\/div><\/td><\/tr><tr><td colspan=\"1\" rowspan=\"1\"><div class=\"magic-16\"><span style=\"color: #000000;\">Anvendelse Overfladematerialer<\/span><\/div><\/td><td colspan=\"1\" rowspan=\"1\"><div class=\"magic-17\"><span style=\"color: #000000;\">Glas, plast, tr\u00e6, pap<\/span><\/div><\/td><\/tr><tr><td colspan=\"1\" rowspan=\"1\"><div class=\"magic-16\"><span style=\"color: #000000;\">Tag Form Factor<\/span><\/div><\/td><td colspan=\"1\" rowspan=\"1\"><div class=\"magic-17\"><span style=\"color: #000000;\">T\u00f8rt indl\u00e6g\/v\u00e5dt indl\u00e6g\/Hvidt v\u00e5dt indl\u00e6g(etiket)<\/span><\/div><\/td><\/tr><tr><td colspan=\"1\" rowspan=\"1\"><div class=\"magic-16\"><span style=\"color: #000000;\">Tag materialer<\/span><\/div><\/td><td colspan=\"1\" rowspan=\"1\"><div class=\"magic-17\"><span style=\"color: #000000;\">TT Printbar hvid film<\/span><\/div><\/td><\/tr><tr><td colspan=\"1\" rowspan=\"1\"><div class=\"magic-16\"><span style=\"color: #000000;\">Vedh\u00e6ftningsmetode<\/span><\/div><\/td><td colspan=\"1\" rowspan=\"1\"><div class=\"magic-17\"><span style=\"color: #000000;\">Almindelig kl\u00e6bemiddel eller omsluttende bestr\u00f8get papir<\/span><\/div><\/td><\/tr><tr><td colspan=\"1\" rowspan=\"1\"><div class=\"magic-16\"><span style=\"color: #000000;\">Antenne st\u00f8rrelse<\/span><\/div><\/td><td colspan=\"1\" rowspan=\"1\"><div class=\"magic-17\"><span style=\"color: #000000;\">70*17mm eller tilpasset<\/span><\/div><\/td><\/tr><tr><td colspan=\"1\" rowspan=\"1\"><div class=\"magic-16\"><span style=\"color: #000000;\">Indl\u00e6g st\u00f8rrelse<\/span><\/div><\/td><td colspan=\"1\" rowspan=\"1\"><div class=\"magic-17\"><span style=\"color: #000000;\">83*25,4mm eller tilpasset<\/span><\/div><\/td><\/tr><tr><td colspan=\"1\" rowspan=\"1\"><div class=\"magic-16\"><span style=\"color: #000000;\">V\u00e6gt<\/span><\/div><\/td><td colspan=\"1\" rowspan=\"1\"><div class=\"magic-17\"><span style=\"color: #000000;\">&lt; 1 gram<\/span><\/div><\/td><\/tr><tr><td colspan=\"1\" rowspan=\"1\"><div class=\"magic-16\"><span style=\"color: #000000;\">Driftstemp<\/span><\/div><\/td><td colspan=\"1\" rowspan=\"1\"><div class=\"magic-17\"><span style=\"color: #000000;\">-40\u00b0 til +70\u00b0C<\/span><\/div><\/td><\/tr><tr><td colspan=\"1\" rowspan=\"1\"><div class=\"magic-16\"><span style=\"color: #000000;\">Opbevaringstilstand<\/span><\/div><\/td><td colspan=\"1\" rowspan=\"1\"><div class=\"magic-17\"><span style=\"color: #000000;\">20% til 90% RH<\/span><\/div><\/td><\/tr><tr><td colspan=\"1\" rowspan=\"4\"><div class=\"magic-16\"><span style=\"color: #000000;\">Ans\u00f8gninger<\/span><\/div><\/td><td colspan=\"1\" rowspan=\"1\"><div class=\"magic-17\" data-spm-anchor-id=\"a2700.details.0.i42.1b65605fl6GjYL\"><span style=\"color: #000000;\">T\u00f8j rfid tag<\/span><\/div><\/td><\/tr><tr><td colspan=\"1\" rowspan=\"1\" data-spm-anchor-id=\"a2700.details.0.i45.1b65605fl6GjYL\"><div class=\"magic-17\"><span style=\"color: #000000;\">Pakkekasse<\/span><\/div><\/td><\/tr><tr><td colspan=\"1\" rowspan=\"1\"><div class=\"magic-17\"><span style=\"color: #000000;\">Bakkeetiketterne<\/span><\/div><\/td><\/tr><tr><td colspan=\"1\" rowspan=\"1\"><div class=\"magic-17\"><span style=\"color: #000000;\">ISO kort<\/span><\/div><\/td><\/tr><\/tbody><\/table><\/div><div class=\"magic-7\"><div data-spm-anchor-id=\"a2700.details.0.i40.1b65605fl6GjYL\">\u00a0<\/div><\/div><\/div><\/div><\/div><\/div><p><span style=\"color: #000000;\"><strong>V\u00e6gtegenskaber<\/strong><\/span><br \/><span style=\"color: #000000;\">Med en v\u00e6gt p\u00e5 mindre end 1 gram er disse tags lette og diskrete, hvilket g\u00f8r dem ideelle til integration i en bred vifte af produkter.<\/span><\/p><p><span style=\"color: #000000;\"><strong>Driftstemperaturomr\u00e5de<\/strong><\/span><br \/><span style=\"color: #000000;\">Disse RFID-tags er konstrueret til at fungere optimalt under ekstreme forhold, med et driftstemperaturomr\u00e5de fra -40\u00b0C til +70\u00b0C, hvilket sikrer p\u00e5lidelighed i forskellige milj\u00f8er.<\/span><\/p><p><span style=\"color: #000000;\"><strong>Opbevaringsbetingelser<\/strong><\/span><br \/><span style=\"color: #000000;\">For at opn\u00e5 optimal ydeevne b\u00f8r disse tags opbevares i milj\u00f8er med relative fugtighedsniveauer mellem 20% til 90%.<img fetchpriority=\"high\" decoding=\"async\" class=\"alignnone size-full wp-image-1763\" src=\"https:\/\/rfid-laundry-tag.com\/wp-content\/uploads\/2024\/09\/5_He7ba546c53fb4397bb6067c599476c9cN.jpg\" alt=\"\" width=\"720\" height=\"720\" srcset=\"https:\/\/rfid-laundry-tag.com\/wp-content\/uploads\/2024\/09\/5_He7ba546c53fb4397bb6067c599476c9cN.jpg 720w, https:\/\/rfid-laundry-tag.com\/wp-content\/uploads\/2024\/09\/5_He7ba546c53fb4397bb6067c599476c9cN-300x300.jpg 300w, https:\/\/rfid-laundry-tag.com\/wp-content\/uploads\/2024\/09\/5_He7ba546c53fb4397bb6067c599476c9cN-150x150.jpg 150w, https:\/\/rfid-laundry-tag.com\/wp-content\/uploads\/2024\/09\/5_He7ba546c53fb4397bb6067c599476c9cN-12x12.jpg 12w, https:\/\/rfid-laundry-tag.com\/wp-content\/uploads\/2024\/09\/5_He7ba546c53fb4397bb6067c599476c9cN-600x600.jpg 600w, https:\/\/rfid-laundry-tag.com\/wp-content\/uploads\/2024\/09\/5_He7ba546c53fb4397bb6067c599476c9cN-100x100.jpg 100w\" sizes=\"(max-width: 720px) 100vw, 720px\" \/><\/span><\/p><p><span style=\"color: #000000;\"><strong>Yderligere funktioner<\/strong><\/span><\/p><ol><li><p><span style=\"color: #000000;\"><strong>Brugerkonfigurerbarhed<\/strong>: Med en fleksibel hukommelsesstruktur kan brugere konfigurere RFID-taggets hukommelse, hvilket giver mulighed for skr\u00e6ddersyede applikationer s\u00e5som personlig indsamling af kundedata eller lagersporing.<\/span><\/p><\/li><li><p><span style=\"color: #000000;\"><strong>Holdbarhed og modstand<\/strong>: Disse tags er designet til at v\u00e6re modstandsdygtige over for milj\u00f8m\u00e6ssige udfordringer, hvilket sikrer langvarig ydeevne trods eksponering for \u00e6ndringer i temperatur og fugtighed.<\/span><\/p><\/li><li><p><span style=\"color: #000000;\"><strong>Avancerede sikkerhedsforanstaltninger<\/strong>: M\u00e6rkerne har avancerede sikkerhedsprotokoller, der beskytter de indeholdte data, hvilket g\u00f8r dem ideelle til applikationer, der kr\u00e6ver h\u00f8jsikkerhedsforanstaltninger, s\u00e5som finansielle transaktioner eller adgangskontrolsystemer.<\/span><\/p><\/li><\/ol>\t\t\t\t\t\t\t\t<\/div>\n\t\t\t\t<\/div>\n\t\t\t\t\t<\/div>\n\t\t\t\t<\/div>\n\t\t\t\t<\/div>","protected":false},"excerpt":{"rendered":"<p>Oplev alsidig ISO18000-6C UHF RFID-m\u00e6rkat til effektiv identifikation og sporing inden for transport, asset management og adgangskontrolapplikationer.<\/p>","protected":false},"featured_media":1756,"template":"","meta":{"_kad_post_transparent":"default","_kad_post_title":"","_kad_post_layout":"default","_kad_post_sidebar_id":"","_kad_post_content_style":"default","_kad_post_vertical_padding":"default","_kad_post_feature":"","_kad_post_feature_position":"","_kad_post_header":false,"_kad_post_footer":false,"_kad_post_classname":""},"product_brand":[],"product_cat":[54],"product_tag":[265,264,98],"class_list":{"0":"post-1755","1":"product","2":"type-product","3":"status-publish","4":"has-post-thumbnail","6":"product_cat-hot-selling-rfid-tags","7":"product_tag-iso18000-6c-uhf-rfid-tags","8":"product_tag-iso18000-6c-uhf-rfid-tags-labels","9":"product_tag-uhf-rfid-label","11":"first","12":"instock","13":"shipping-taxable","14":"product-type-simple","15":"entry","16":"content-bg","17":"loop-entry"},"_links":{"self":[{"href":"https:\/\/rfid-laundry-tag.com\/da\/wp-json\/wp\/v2\/product\/1755","targetHints":{"allow":["GET"]}}],"collection":[{"href":"https:\/\/rfid-laundry-tag.com\/da\/wp-json\/wp\/v2\/product"}],"about":[{"href":"https:\/\/rfid-laundry-tag.com\/da\/wp-json\/wp\/v2\/types\/product"}],"version-history":[{"count":5,"href":"https:\/\/rfid-laundry-tag.com\/da\/wp-json\/wp\/v2\/product\/1755\/revisions"}],"predecessor-version":[{"id":1769,"href":"https:\/\/rfid-laundry-tag.com\/da\/wp-json\/wp\/v2\/product\/1755\/revisions\/1769"}],"wp:featuredmedia":[{"embeddable":true,"href":"https:\/\/rfid-laundry-tag.com\/da\/wp-json\/wp\/v2\/media\/1756"}],"wp:attachment":[{"href":"https:\/\/rfid-laundry-tag.com\/da\/wp-json\/wp\/v2\/media?parent=1755"}],"wp:term":[{"taxonomy":"product_brand","embeddable":true,"href":"https:\/\/rfid-laundry-tag.com\/da\/wp-json\/wp\/v2\/product_brand?post=1755"},{"taxonomy":"product_cat","embeddable":true,"href":"https:\/\/rfid-laundry-tag.com\/da\/wp-json\/wp\/v2\/product_cat?post=1755"},{"taxonomy":"product_tag","embeddable":true,"href":"https:\/\/rfid-laundry-tag.com\/da\/wp-json\/wp\/v2\/product_tag?post=1755"}],"curies":[{"name":"wp","href":"https:\/\/api.w.org\/{rel}","templated":true}]}}