{"id":171,"date":"2024-06-15T13:49:12","date_gmt":"2024-06-15T13:49:12","guid":{"rendered":"https:\/\/rfid-laundry-tag.com\/?post_type=product&#038;p=171"},"modified":"2024-06-15T14:14:22","modified_gmt":"2024-06-15T14:14:22","slug":"uhf-rfid-silicone-washing-labels","status":"publish","type":"product","link":"https:\/\/rfid-laundry-tag.com\/da\/vare\/uhf-rfid-silicone-washing-labels\/","title":{"rendered":"UHF RFID silikone vaskem\u00e6rker"},"content":{"rendered":"<table style=\"border-collapse: collapse; width: 711px; height: 751px;\" border=\"0\" width=\"537\" cellspacing=\"0\" cellpadding=\"0\">\n<tbody>\n<tr style=\"height: 14.40pt;\">\n<td class=\"et2\" style=\"height: 14.40pt; width: 136.80pt;\" width=\"228\" height=\"24\">Materiale<\/td>\n<td class=\"et2\" style=\"width: 185.40pt;\" width=\"309\">Silikone<\/td>\n<\/tr>\n<tr style=\"height: 14.40pt;\">\n<td class=\"et3\" style=\"height: 14.40pt; width: 136.80pt;\" width=\"228\" height=\"24\">St\u00f8rrelse<\/td>\n<td class=\"et3\" style=\"width: 185.40pt;\" width=\"309\">55x12mm, 56x20mm, 85x27mm<\/td>\n<\/tr>\n<tr style=\"height: 14.40pt;\">\n<td class=\"et3\" style=\"height: 14.40pt; width: 136.80pt;\" width=\"228\" height=\"24\">Frekvens<\/td>\n<td class=\"et3\" style=\"width: 185.40pt;\" width=\"309\">860-960 MHz<\/td>\n<\/tr>\n<tr style=\"height: 27.60pt;\">\n<td class=\"et3\" style=\"height: 27.60pt; width: 136.80pt;\" width=\"228\" height=\"46\">IC-type (chip)<\/td>\n<td class=\"et3\" style=\"width: 185.40pt;\" width=\"309\">U7\/U8 (Alien H3 og Impinj Monza R6 er tilg\u00e6ngelige)<\/td>\n<\/tr>\n<tr style=\"height: 27.60pt;\">\n<td class=\"et3\" style=\"height: 27.60pt; width: 136.80pt;\" width=\"228\" height=\"46\">Protokol<\/td>\n<td class=\"et3\" style=\"width: 185.40pt;\" width=\"309\">EPC Global Class 1 Gen2 &amp; ISO18000-6C<\/td>\n<\/tr>\n<tr style=\"height: 14.40pt;\">\n<td class=\"et3\" style=\"height: 14.40pt; width: 136.80pt;\" width=\"228\" height=\"24\">Hukommelse<\/td>\n<td class=\"et3\" style=\"width: 185.40pt;\" width=\"309\">128 bit<\/td>\n<\/tr>\n<tr style=\"height: 14.40pt;\">\n<td class=\"et3\" style=\"height: 14.40pt; width: 136.80pt;\" width=\"228\" height=\"24\">Tag Form Factor<\/td>\n<td class=\"et3\" style=\"width: 185.40pt;\" width=\"309\">Fleksibel<\/td>\n<\/tr>\n<tr style=\"height: 14.40pt;\">\n<td class=\"et3\" style=\"height: 14.40pt; width: 136.80pt;\" width=\"228\" height=\"24\">Anti-kollision<\/td>\n<td class=\"et3\" style=\"width: 185.40pt;\" width=\"309\">Ja<\/td>\n<\/tr>\n<tr style=\"height: 14.40pt;\">\n<td class=\"et3\" style=\"height: 14.40pt; width: 136.80pt;\" width=\"228\" height=\"24\">Driftstemperatur<\/td>\n<td class=\"et3\" style=\"width: 185.40pt;\" width=\"309\">-25 \u00b0C \/ +200 \u00b0C<\/td>\n<\/tr>\n<tr style=\"height: 14.40pt;\">\n<td class=\"et3\" style=\"height: 14.40pt; width: 136.80pt;\" width=\"228\" height=\"24\">L\u00e6s afstand<\/td>\n<td class=\"et3\" style=\"width: 185.40pt;\" width=\"309\">1-7m<\/td>\n<\/tr>\n<tr style=\"height: 14.40pt;\">\n<td class=\"et3\" style=\"height: 14.40pt; width: 136.80pt;\" width=\"228\" height=\"24\">Kl\u00e6ber til<\/td>\n<td class=\"et3\" style=\"width: 185.40pt;\" width=\"309\">Senget\u00f8j og bekl\u00e6dningsgenstande<\/td>\n<\/tr>\n<tr style=\"height: 14.40pt;\">\n<td class=\"et3\" style=\"height: 14.40pt; width: 136.80pt;\" width=\"228\" height=\"24\">IP-vurdering<\/td>\n<td class=\"et3\" style=\"width: 185.40pt;\" width=\"309\">IP68<\/td>\n<\/tr>\n<tr style=\"height: 14.40pt;\">\n<td class=\"et3\" style=\"height: 14.40pt; width: 136.80pt;\" width=\"228\" height=\"24\">Farve<\/td>\n<td class=\"et3\" style=\"width: 185.40pt;\" width=\"309\">Hvid\/bl\u00e5 eller tilpasset<\/td>\n<\/tr>\n<tr style=\"height: 17.40pt;\">\n<td class=\"et4\" style=\"height: 17.40pt; width: 322.20pt;\" colspan=\"2\" width=\"537\" height=\"29\">Vask<\/td>\n<\/tr>\n<tr style=\"height: 27.60pt;\">\n<td class=\"et3\" style=\"height: 27.60pt; width: 136.80pt;\" width=\"228\" height=\"46\">T\u00e5ler uds\u00e6ttelse for<\/td>\n<td class=\"et3\" style=\"width: 185.40pt;\" width=\"309\">vand og alle kemikalier, der er f\u00e6lles for kommercielt vaskeri og renseri<\/td>\n<\/tr>\n<tr style=\"height: 14.40pt;\">\n<td class=\"et3\" style=\"height: 14.40pt; width: 136.80pt;\" width=\"228\" height=\"24\">Vaskecyklusser<\/td>\n<td class=\"et3\" style=\"width: 185.40pt;\" width=\"309\">Op til 200 kommercielle vaskecyklusser<\/td>\n<\/tr>\n<tr style=\"height: 27.60pt;\">\n<td class=\"et3\" style=\"height: 27.60pt; width: 136.80pt;\" width=\"228\" height=\"46\">Vask<\/td>\n<td class=\"et3\" style=\"width: 185.40pt;\" width=\"309\">150 \u00baC i 15-20 minutter \u2013 150 cyklusser<\/td>\n<\/tr>\n<tr style=\"height: 27.60pt;\">\n<td class=\"et3\" style=\"height: 27.60pt; width: 136.80pt;\" width=\"228\" height=\"46\">T\u00f8rring<\/td>\n<td class=\"et3\" style=\"width: 185.40pt;\" width=\"309\">95\u00b0C (op til 60 min.), 130\u00b0C (op til 30 min.)<\/td>\n<\/tr>\n<tr style=\"height: 14.40pt;\">\n<td class=\"et3\" style=\"height: 14.40pt; width: 136.80pt;\" width=\"228\" height=\"24\">Tunnelfinisher<\/td>\n<td class=\"et3\" style=\"width: 185.40pt;\" width=\"309\">200\u00b0C i 30 min<\/td>\n<\/tr>\n<tr style=\"height: 14.40pt;\">\n<td class=\"et3\" style=\"height: 14.40pt; width: 136.80pt;\" width=\"228\" height=\"24\">Strygning<\/td>\n<td class=\"et3\" style=\"width: 185.40pt;\" width=\"309\">250\u00b0C (op til 60 sekunder)<\/td>\n<\/tr>\n<\/tbody>\n<\/table>\n<div><\/div>\n<div><\/div>\n<div class=\"auto-hide-last-sibling-br paragraph_1252f paragraph-element\"><strong>UHF RFID-silikonevaskeetiketterne tilbyder f\u00f8lgende n\u00f8glefunktioner:<\/strong><\/div>\n<ol class=\"auto-hide-last-sibling-br\">\n<li>\n<div class=\"auto-hide-last-sibling-br paragraph_1252f paragraph-element\">Slank, bl\u00f8d og fleksibel: Dens lette og formbare design sikrer en behagelig pasform p\u00e5 ethvert tekstilmateriale.<\/div>\n<\/li>\n<li>\n<div class=\"auto-hide-last-sibling-br paragraph_1252f paragraph-element\">Elastisk: M\u00e6rkerne er vandt\u00e6tte og modstandsdygtige over for kemiske opl\u00f8sninger, hvilket sikrer, at de bevarer deres funktionalitet uanset de milj\u00f8er, de uds\u00e6ttes for.<\/div>\n<\/li>\n<li>\n<div class=\"auto-hide-last-sibling-br paragraph_1252f paragraph-element\">Langtidsholdbar: Giver holdbarhed i op til 200 cyklusser med vask, t\u00f8rring, reng\u00f8ring og strygning, hvilket giver en ensartet ydeevne.<\/div>\n<\/li>\n<li>\n<div class=\"auto-hide-last-sibling-br paragraph_1252f paragraph-element\">Enest\u00e5ende modstand: T\u00e5ler h\u00f8je temperaturer og barske milj\u00f8er. RFID-vaskem\u00e6rket, der fungerer inden for frekvensomr\u00e5det 860~960MHz, er specielt designet til at modst\u00e5 h\u00f8jtryks- og temperaturrensningsprocesser.<\/div>\n<\/li>\n<li>\n<div class=\"auto-hide-last-sibling-br paragraph_1252f paragraph-element\">Bred anvendelse: Ideelt egnet til brug under udfordrende forhold, der kr\u00e6ver h\u00f8j varme, korrosion og slidstyrke, s\u00e5som vaskerum og industrivask.<\/div>\n<\/li>\n<li>\n<div class=\"auto-hide-last-sibling-br paragraph_1252f paragraph-element\">Nem integration: Inkorporeres let i forskellige tekstiler, herunder skjorter, arbejdst\u00f8j, senget\u00f8j og andre tekstilprodukter.<\/div>\n<\/li>\n<li>\n<div class=\"auto-hide-last-sibling-br paragraph_1252f paragraph-element\">Forskellige valgmuligheder: Tilbyder en r\u00e6kke RFID-vaskem\u00e6rker, herunder RFID PPS-vaskem\u00e6rker, RFID-silikone-vaskem\u00e6rker og RFID-stofvaskem\u00e6rker.<\/div>\n<\/li>\n<li>\n<div class=\"auto-hide-last-sibling-br paragraph_1252f paragraph-element\">Bred anvendelse: Udstrakt brugt i t\u00f8jdetailhandel, hotellagner, medicinsk uniformsrenseri og industrielt vaskeri.<\/div>\n<\/li>\n<li>\n<div class=\"auto-hide-last-sibling-br paragraph_1252f paragraph-element\">Effektiv styring: RFID-teknologi udviser overlegen ydeevne inden for effektiv styring, optimering af lagerbeholdning og reduktion af menneskelige fejl under vaske- og faktureringsprocesser.<\/div>\n<\/li>\n<\/ol>\n<div class=\"auto-hide-last-sibling-br paragraph_1252f paragraph-element\">Sammenfattende er disse tags skr\u00e6ddersyet til udfordrende vaskeforhold og tilbyder holdbarhed, effektivitet og en bred vifte af applikationer. De leverer en smart l\u00f8sning til effektiv styring og sporing af vasket\u00f8j i forskellige sektorer.<\/div>\n<div><\/div>\n<p data-spm-anchor-id=\"a2700.details.0.i116.60201a70jOXdOd\"><strong>Ans\u00f8gning:<\/strong><\/p>\n<ul>\n<li>Hotelsenget\u00f8j Sporingsstyring<\/li>\n<li>Fabrik\/lager\/hotel\/hospital\/forlystelsespark<\/li>\n<li data-spm-anchor-id=\"a2700.details.0.i115.60201a70jOXdOd\"><span data-spm-anchor-id=\"a2700.details.0.i120.60201a70jOXdOd\">Hospitalsuniformer<\/span><\/li>\n<li data-spm-anchor-id=\"a2700.details.0.i118.60201a70jOXdOd\">Senget\u00f8j\/ paller\/ l\u00e6rredsposer<\/li>\n<li>Rensemidler<\/li>\n<li>Anvendelse i hotellagen\/ Fastgjort til tekstil\/ Arbejdst\u00f8j.<\/li>\n<li>Bekl\u00e6dningsfabrik, Stoffabrik.<\/li>\n<\/ul>\n<p>&nbsp;<\/p>","protected":false},"excerpt":{"rendered":"<p>UHF RFID silikone vaskeetiketter er et eksklusivt etiketdesign, der er i stand til at udholde strenge vaskemetoder. De er s\u00e6rligt velegnede til t\u00f8j og stofgenstande, der reng\u00f8res regelm\u00e6ssigt. Disse etiketter er lavet af robust silikone, hvilket sikrer deres holdbarhed. Desuden inkorporerer de en UHF (Ultra High Frequency) RFID-chip, som kan programmeres med relevante data om t\u00f8jet eller tekstilet. Dette g\u00f8r disse etiketter til en praktisk og effektiv mulighed for h\u00e5ndtering og sporing af vasket\u00f8j.<\/p>","protected":false},"featured_media":173,"template":"","meta":{"_kad_post_transparent":"default","_kad_post_title":"","_kad_post_layout":"default","_kad_post_sidebar_id":"","_kad_post_content_style":"default","_kad_post_vertical_padding":"default","_kad_post_feature":"","_kad_post_feature_position":"","_kad_post_header":false,"_kad_post_footer":false,"_kad_post_classname":""},"product_brand":[],"product_cat":[20,16],"product_tag":[63,62,61,79],"class_list":{"0":"post-171","1":"product","2":"type-product","3":"status-publish","4":"has-post-thumbnail","6":"product_cat-silicone-rfid-laundry-tag","7":"product_cat-uhf-rfid-laundry-tags","8":"product_tag-rfid-washing-tag","9":"product_tag-silicone-rfid-laundry-tag","10":"product_tag-silicone-washable-rfid-laundry-tag","11":"product_tag-uhf-rfid-silicone-washing-labels","13":"first","14":"instock","15":"shipping-taxable","16":"product-type-simple","17":"entry","18":"content-bg","19":"loop-entry"},"_links":{"self":[{"href":"https:\/\/rfid-laundry-tag.com\/da\/wp-json\/wp\/v2\/product\/171","targetHints":{"allow":["GET"]}}],"collection":[{"href":"https:\/\/rfid-laundry-tag.com\/da\/wp-json\/wp\/v2\/product"}],"about":[{"href":"https:\/\/rfid-laundry-tag.com\/da\/wp-json\/wp\/v2\/types\/product"}],"version-history":[{"count":0,"href":"https:\/\/rfid-laundry-tag.com\/da\/wp-json\/wp\/v2\/product\/171\/revisions"}],"wp:featuredmedia":[{"embeddable":true,"href":"https:\/\/rfid-laundry-tag.com\/da\/wp-json\/wp\/v2\/media\/173"}],"wp:attachment":[{"href":"https:\/\/rfid-laundry-tag.com\/da\/wp-json\/wp\/v2\/media?parent=171"}],"wp:term":[{"taxonomy":"product_brand","embeddable":true,"href":"https:\/\/rfid-laundry-tag.com\/da\/wp-json\/wp\/v2\/product_brand?post=171"},{"taxonomy":"product_cat","embeddable":true,"href":"https:\/\/rfid-laundry-tag.com\/da\/wp-json\/wp\/v2\/product_cat?post=171"},{"taxonomy":"product_tag","embeddable":true,"href":"https:\/\/rfid-laundry-tag.com\/da\/wp-json\/wp\/v2\/product_tag?post=171"}],"curies":[{"name":"wp","href":"https:\/\/api.w.org\/{rel}","templated":true}]}}