{"id":167,"date":"2024-06-15T13:14:42","date_gmt":"2024-06-15T13:14:42","guid":{"rendered":"https:\/\/rfid-laundry-tag.com\/?post_type=product&#038;p=167"},"modified":"2024-09-26T03:38:23","modified_gmt":"2024-09-26T03:38:23","slug":"textile-uhf-rfid-linen-tags","status":"publish","type":"product","link":"https:\/\/rfid-laundry-tag.com\/da\/vare\/textile-uhf-rfid-linen-tags\/","title":{"rendered":"Tekstil UHF RFID Linen Tags"},"content":{"rendered":"<div>\n<div class=\"auto-hide-last-sibling-br paragraph_1252f paragraph-element\">\n<table width=\"637\">\n<tbody>\n<tr>\n<td width=\"328\">Varenavn:<\/td>\n<td width=\"309\"><strong>Tekstil UHF RFID Linen Tags<\/strong><\/td>\n<\/tr>\n<tr>\n<td width=\"328\">RFID standard:<\/td>\n<td width=\"309\">ISO\/IEC 18000-6 TypeC (EPC Gen2)<\/td>\n<\/tr>\n<tr>\n<td width=\"328\">St\u00f8rrelse og v\u00e6gt:<\/td>\n<td width=\"309\">70\u00d715 mm, 0,6g<\/td>\n<\/tr>\n<tr>\n<td width=\"328\">Chip type:<\/td>\n<td width=\"309\">Impinj Monza 4QT,NXP U KODE 9<\/td>\n<\/tr>\n<tr>\n<td width=\"328\">EPC-hukommelse:<\/td>\n<td width=\"309\">128 bit<\/td>\n<\/tr>\n<tr>\n<td width=\"328\">Brugerhukommelse:<\/td>\n<td width=\"309\">512 bit<\/td>\n<\/tr>\n<tr>\n<td width=\"328\">L\u00e6seomr\u00e5de (2W ERP FCC):<\/td>\n<td width=\"309\">8m<\/td>\n<\/tr>\n<tr>\n<td width=\"328\">L\u00e6seomr\u00e5de (2W ERP ETSI):<\/td>\n<td width=\"309\">8m<\/td>\n<\/tr>\n<tr>\n<td width=\"328\">Tagging:<\/td>\n<td width=\"309\">Syning, Varmstempling kl\u00e6bemiddel<\/td>\n<\/tr>\n<tr>\n<td width=\"328\">Estimeret levetid:<\/td>\n<td width=\"309\">200 vaskecyklusser eller 3 \u00e5r, alt efter hvad der kommer f\u00f8rst<\/td>\n<\/tr>\n<tr>\n<td width=\"328\">Vaskemetode:<\/td>\n<td width=\"309\">T\u00f8jvask, Renseri<\/td>\n<\/tr>\n<tr>\n<td width=\"328\">Vandudvindingstryk:<\/td>\n<td width=\"309\">60 bar<\/td>\n<\/tr>\n<tr>\n<td width=\"328\">Vandt\u00e6thed:<\/td>\n<td width=\"309\">Vandafvisende<\/td>\n<\/tr>\n<tr>\n<td width=\"328\">Kemisk modstand:<\/td>\n<td width=\"309\">Reng\u00f8ringsmiddel, bl\u00f8dg\u00f8ringsmiddel, blegemiddel (ilt\/klor), alkali<\/td>\n<\/tr>\n<tr>\n<td width=\"328\">Fort\u00f8rring i t\u00f8rretumbler:<\/td>\n<td width=\"309\">125 \u00baC i 15-20 minutter<\/td>\n<\/tr>\n<tr>\n<td width=\"328\">Steriliseringstemperatur:<\/td>\n<td width=\"309\">135\u00b0C i 15-20 minutter<\/td>\n<\/tr>\n<tr>\n<td width=\"328\">Vasketemperatur:<\/td>\n<td width=\"309\">90\u00b0C, op til 15 min.<\/td>\n<\/tr>\n<tr>\n<td width=\"328\">Fugtighed\/temperaturdrift:<\/td>\n<td width=\"309\">-20 til 110\u00b0C, 8 til 95%RH<\/td>\n<\/tr>\n<tr>\n<td width=\"328\">Fugtighed\/temperatur-opbevaring:<\/td>\n<td width=\"309\">-40 til 110\u00b0C, 8 til 95%RH<\/td>\n<\/tr>\n<\/tbody>\n<\/table>\n<\/div>\n<\/div>\n<div class=\"auto-hide-last-sibling-br paragraph_1252f paragraph-element\"><\/div>\n<div>\n<div class=\"auto-hide-last-sibling-br paragraph_1252f paragraph-element\">\n<h3>Topfunktioner ved UHF RFID-linnedm\u00e6rker<\/h3>\n<ul>\n<li><strong>Holdbarhed<\/strong>: M\u00e6rkerne er fremstillet til at modst\u00e5 industrielle vaskeprocesser. Med kapacitet til at modst\u00e5 ekstreme temperaturer, reng\u00f8ringsmidler og t\u00f8rreforhold er de designet til h\u00e5rdt brug.<\/li>\n<li><strong>Vaskbar natur<\/strong>: Disse\u00a0<strong>vaskbare RFID-tags<\/strong>\u00a0bevarer deres integritet selv efter gentagne vaske, hvilket g\u00f8r dem ideelle til ethvert tekstilh\u00e5ndteringssystem. De kan klare op til\u00a0<strong>200 vaskecyklusser<\/strong>\u00a0uden at miste funktionalitet.<\/li>\n<li><strong>H\u00f8jtydende RFID<\/strong>: Udnytter banebrydende\u00a0<strong>UHF teknologi<\/strong>, giver disse tags en robust l\u00e6seafstand, hvilket letter effektiv sporing og styring af tekstiler.<\/li>\n<\/ul>\n<\/div>\n<h3>Vigtigste fordele ved RFID-linnedm\u00e6rker<\/h3>\n<p>En af de i\u00f8jnefaldende fordele ved tekstil\u00a0<strong>RFID linned tags<\/strong>\u00a0er deres evne til at forbedre n\u00f8jagtigheden af lagerstyring. Ved at automatisere sporingsprocessen kan virksomheder reducere risikoen for manglende eller malplacerede varer markant. Desuden forbedrer disse tags aktivernes synlighed, hvilket g\u00f8r det muligt for vaskeri at opretholde gennemsigtighed i deres operationer.<\/p>\n<p>En anden kritisk fordel er omkostningsbesparelsespotentialet. Med automatiseret sporing falder l\u00f8nomkostninger forbundet med manuelle lagertjek betydeligt. Den langsigtede p\u00e5lidelighed af disse tags tilf\u00f8jer ogs\u00e5 v\u00e6rdi, da de kan genbruges p\u00e5 tv\u00e6rs af flere vaskecyklusser, hvilket sikrer, at virksomheder maksimerer deres investering.<\/p>\n<\/div>\n<div class=\"auto-hide-last-sibling-br paragraph_1252f paragraph-element\">\n<div data-spm-anchor-id=\"a2700.details.0.i57.23b419c7xXORP0\">Denne imponerende holdbarhed kommer med en garanti for at bevare de bem\u00e6rkelsesv\u00e6rdige sporings- og lageregenskaber gennem hele levetiden af linned, t\u00f8j og andre tekstilvarer. De tjener s\u00e5ledes som et effektivt og p\u00e5lideligt v\u00e6rkt\u00f8j til at sikre problemfri sporing, rettidig vedligeholdelse og effektiv lagerstyring af forskellige stofvarer i forskellige milj\u00f8er, maksimere deres livscyklus og lette gnidningsfri drift.<\/div>\n<\/div>\n<div data-spm-anchor-id=\"a2700.details.0.i57.23b419c7xXORP0\">\n<h3>Holdbarhed og vaskbarhed af RFID-tags<\/h3>\n<p>N\u00e5r det kommer til\u00a0<strong>holdbarhed<\/strong>, RFID-tags kan prale af et robust design, der kan modst\u00e5 de udfordringer, som kommerciel hvidvaskning udg\u00f8r. Med evnen til at t\u00e5le h\u00f8je temperaturer og aggressive kemikaliep\u00e5virkninger, s\u00e5som blegemiddel og skyllemidler, er de optimeret til b\u00e5de vaske- og t\u00f8rreprocesser.<\/p>\n<p>De\u00a0<strong>vaskbar natur<\/strong>\u00a0af disse m\u00e6rker betyder, at de problemfrit kan integreres i dine eksisterende vasket\u00f8j. Denne tilpasningsevne giver mulighed for nem fastg\u00f8relse til bekl\u00e6dningsgenstande og senget\u00f8j gennem syning eller kl\u00e6bemiddel, og derved undg\u00e5s forstyrrelser i dine tekstilvarers funktionalitet eller udseende.<\/p>\n<\/div>\n<div data-spm-anchor-id=\"a2700.details.0.i57.23b419c7xXORP0\"><\/div>\n<h3 class=\"wp-block-heading\">Installation<\/h3>\n<p><strong>Stitch Tagging<\/strong>: Skal sys ind i kanten af et tekstil. Sy vaskem\u00e6rket v\u00e6k fra foldelinjerne.<br \/>\n<strong>Varmeforsegling<\/strong>: Skal varmeforsegles direkte p\u00e5 tekstilet ved +200\u00b0C (392\u00b0F), i 12~14s.<br \/>\n<strong>I pose<\/strong>: Skal sys som en standard plejelabel. Sy vaskem\u00e6rket v\u00e6k fra foldelinjerne.<\/p>\n<div class=\"auto-hide-last-sibling-br paragraph_1252f paragraph-element\">\n<h2 class=\"auto-hide-last-sibling-br paragraph_1252f paragraph-element\"><strong>Anvendelser af tekstilvaskbar UHF RFID-vaskem\u00e6rke<\/strong><\/h2>\n<ol class=\"auto-hide-last-sibling-br\">\n<li>Industrielt vaskeri: Str\u00f8mliner reng\u00f8ringsprocesserne og distributionslogistikken for ensartet vasket\u00f8j.<\/li>\n<li>Hospitality Sector: Forbedrer styringen af vaskesystemer til hotelinventar og h\u00e5ndkl\u00e6der.<\/li>\n<li>Sundhedsindustrien: Hj\u00e6lper til organisering og vedligeholdelse af hospitals- og sundhedsbekl\u00e6dning.<\/li>\n<\/ol>\n<h3>Milj\u00f8hensyn<\/h3>\n<p>Bruger\u00a0<strong>RFID linned tags<\/strong>\u00a0bidrager ogs\u00e5 til milj\u00f8m\u00e6ssig b\u00e6redygtighed. Evnen til at genbruge og spore senget\u00f8j hj\u00e6lper med at reducere spild og sikrer, at genstande bruges effektivt i l\u00f8bet af deres livscyklus. Desuden betyder holdbarheden af disse tags f\u00e6rre udskiftninger, hvilket minimerer det milj\u00f8m\u00e6ssige fodaftryk forbundet med konstant produktion og bortskaffelse.<\/p>\n<h3>Ofte stillede sp\u00f8rgsm\u00e5l om RFID Linen Tags<\/h3>\n<p><strong>Q: Hvor mange vaskecyklusser kan m\u00e6rkerne t\u00e5le?<\/strong><br \/>\nA: Vores\u00a0<strong>RFID linned tags<\/strong>\u00a0er designet til at bevare funktionaliteten selv efter\u00a0<strong>200 vaskecyklusser<\/strong>, hvilket g\u00f8r dem meget holdbare til langtidsbrug.<\/p>\n<p><strong>Sp\u00f8rgsm\u00e5l: Kan m\u00e6rkerne syes ind i ethvert stof?<\/strong><br \/>\nA: Ja, m\u00e6rkerne kan integreres problemfrit med forskellige tekstilmaterialer, hvilket sikrer, at de forbliver fastgjort gennem flere vaskeprocesser.<\/p>\n<p><strong>Q: Er RFID-teknologi p\u00e5lidelig til sporing af senget\u00f8j?<\/strong><br \/>\nA: Absolut! RFID-tags tilbyder uovertruffen sporingsn\u00f8jagtighed, minimerer tab og hj\u00e6lper med effektiv lagerstyring.<\/p>\n<h3>Konklusion<\/h3>\n<p>Som konklusion,\u00a0<strong>Tekstil UHF RFID Linen Tags<\/strong>\u00a0repr\u00e6sentere fremtiden for vaskeristyring. Ved at forbedre sporingseffektiviteten, holdbarheden og omkostningseffektiviteten tjener de som vitale v\u00e6rkt\u00f8jer for enhver virksomhed, der er afh\u00e6ngig af senget\u00f8j og bekl\u00e6dningsgenstande. Med avanceret teknologi og robust ydeevne er disse RFID-tags designet til at opfylde kravene til moderne vaskeri.<\/p>\n<\/div>","protected":false},"excerpt":{"rendered":"<p>Tekstil UHF RFID Linen Tags kan ogs\u00e5 kaldes RAIN RFID Tekstil Laundry Tags, som er blevet omhyggeligt designet til konsekvent at fungere under de h\u00e5rde forhold ved vasket\u00f8jsbehandling, s\u00e5som sterilisering, varmep\u00e5virkning, reng\u00f8ring, t\u00f8rring og strygning. Disse tags er ikke kun i stand til at modst\u00e5 hundredvis af vaskecyklusser, men de bevarer ogs\u00e5 fremragende og ensartet RFID-ydeevne selv efter utallige vaskerunder.<\/p>","protected":false},"featured_media":168,"template":"","meta":{"_kad_post_transparent":"default","_kad_post_title":"","_kad_post_layout":"default","_kad_post_sidebar_id":"","_kad_post_content_style":"default","_kad_post_vertical_padding":"default","_kad_post_feature":"","_kad_post_feature_position":"","_kad_post_header":false,"_kad_post_footer":false,"_kad_post_classname":""},"product_brand":[],"product_cat":[19],"product_tag":[31,312,65,30],"class_list":{"0":"post-167","1":"product","2":"type-product","3":"status-publish","4":"has-post-thumbnail","6":"product_cat-textile-rfid-laundry-tag","7":"product_tag-rfid-tag-for-linen-laundry","8":"product_tag-rfid-tags","9":"product_tag-textile-rfid-laundry-tags","10":"product_tag-uhf-rfid-laundry-tag","12":"first","13":"instock","14":"featured","15":"shipping-taxable","16":"product-type-simple","17":"entry","18":"content-bg","19":"loop-entry"},"_links":{"self":[{"href":"https:\/\/rfid-laundry-tag.com\/da\/wp-json\/wp\/v2\/product\/167","targetHints":{"allow":["GET"]}}],"collection":[{"href":"https:\/\/rfid-laundry-tag.com\/da\/wp-json\/wp\/v2\/product"}],"about":[{"href":"https:\/\/rfid-laundry-tag.com\/da\/wp-json\/wp\/v2\/types\/product"}],"version-history":[{"count":3,"href":"https:\/\/rfid-laundry-tag.com\/da\/wp-json\/wp\/v2\/product\/167\/revisions"}],"predecessor-version":[{"id":2680,"href":"https:\/\/rfid-laundry-tag.com\/da\/wp-json\/wp\/v2\/product\/167\/revisions\/2680"}],"wp:featuredmedia":[{"embeddable":true,"href":"https:\/\/rfid-laundry-tag.com\/da\/wp-json\/wp\/v2\/media\/168"}],"wp:attachment":[{"href":"https:\/\/rfid-laundry-tag.com\/da\/wp-json\/wp\/v2\/media?parent=167"}],"wp:term":[{"taxonomy":"product_brand","embeddable":true,"href":"https:\/\/rfid-laundry-tag.com\/da\/wp-json\/wp\/v2\/product_brand?post=167"},{"taxonomy":"product_cat","embeddable":true,"href":"https:\/\/rfid-laundry-tag.com\/da\/wp-json\/wp\/v2\/product_cat?post=167"},{"taxonomy":"product_tag","embeddable":true,"href":"https:\/\/rfid-laundry-tag.com\/da\/wp-json\/wp\/v2\/product_tag?post=167"}],"curies":[{"name":"wp","href":"https:\/\/api.w.org\/{rel}","templated":true}]}}