{"id":1669,"date":"2024-08-31T09:24:58","date_gmt":"2024-08-31T09:24:58","guid":{"rendered":"https:\/\/rfid-laundry-tag.com\/?post_type=product&#038;p=1669"},"modified":"2024-09-16T05:07:30","modified_gmt":"2024-09-16T05:07:30","slug":"uhf-rfid-laundry-button-heat-resistant-pps-tag","status":"publish","type":"product","link":"https:\/\/rfid-laundry-tag.com\/da\/vare\/uhf-rfid-laundry-button-heat-resistant-pps-tag\/","title":{"rendered":"UHF RFID Vasket\u00f8jsknap Varmebestandig PPS Tag"},"content":{"rendered":"<div class=\"J_module\">\n<div class=\"ife-detail-decorate-table\">\n<table class=\"has-title all magic-6\">\n<tbody>\n<tr>\n<td colspan=\"1\" rowspan=\"1\">\n<div class=\"magic-7\" data-spm-anchor-id=\"a2700.details.0.i45.77607d98vZbcDU\"><span class=\"magic-8\" style=\"color: #363535;\">Varens navn<\/span><\/div>\n<\/td>\n<td colspan=\"1\" rowspan=\"1\">\n<div class=\"magic-9\"><span class=\"magic-8\">UHF RFID Vasket\u00f8jsknap Varmebestandig PPS Tag<\/span><\/div>\n<\/td>\n<\/tr>\n<tr>\n<td colspan=\"1\" rowspan=\"1\">\n<div class=\"magic-7\"><span class=\"magic-10\" data-spm-anchor-id=\"a2700.pc-decorate.0.i10.28d333330XLbTD\"><span class=\"magic-8\">Materiale<\/span><\/span><\/div>\n<\/td>\n<td colspan=\"1\" rowspan=\"1\">\n<div class=\"magic-9\"><span class=\"magic-8\">PPS<\/span><\/div>\n<\/td>\n<\/tr>\n<tr>\n<td colspan=\"1\" rowspan=\"1\">\n<div class=\"magic-7\"><span class=\"magic-8\">Farve<\/span><\/div>\n<\/td>\n<td colspan=\"1\" rowspan=\"1\">\n<div class=\"magic-9\"><span class=\"magic-8\">Sort<\/span><\/div>\n<\/td>\n<\/tr>\n<tr>\n<td colspan=\"1\" rowspan=\"1\">MOQ<\/td>\n<td colspan=\"1\" rowspan=\"1\">500 stk<\/td>\n<\/tr>\n<tr>\n<td colspan=\"1\" rowspan=\"1\">\n<div class=\"magic-7\"><span class=\"magic-8\">Producent\/Chip<\/span><\/div>\n<\/td>\n<td colspan=\"1\" rowspan=\"1\">\n<div class=\"magic-9\"><span class=\"magic-8\">NXP UCODE 8, UCODE 9, Alien H3, Higgs 9 osv<\/span><\/div>\n<\/td>\n<\/tr>\n<tr>\n<td colspan=\"1\" rowspan=\"1\">\n<div class=\"magic-7\"><span class=\"magic-8\">Frekvens<\/span><\/div>\n<\/td>\n<td colspan=\"1\" rowspan=\"1\">\n<div class=\"magic-9\"><span class=\"magic-8\">860-960MHz\/<\/span><\/div>\n<\/td>\n<\/tr>\n<tr>\n<td colspan=\"1\" rowspan=\"1\">\n<div class=\"magic-7\"><span class=\"magic-8\">Hukommelse<\/span><\/div>\n<\/td>\n<td colspan=\"1\" rowspan=\"1\">\n<div class=\"magic-9\"><span class=\"magic-8\">96 bits\/128 bits<\/span><\/div>\n<\/td>\n<\/tr>\n<tr>\n<td colspan=\"1\" rowspan=\"1\">\n<div class=\"magic-7\"><span class=\"magic-8\">L\u00e6s afstand<\/span><\/div>\n<\/td>\n<td colspan=\"1\" rowspan=\"1\">\n<div class=\"magic-9\"><span class=\"magic-8\">1-6m<\/span><\/div>\n<\/td>\n<\/tr>\n<tr>\n<td colspan=\"1\" rowspan=\"1\">\n<div class=\"magic-7\"><span class=\"magic-8\">Arbejdstilstand<\/span><\/div>\n<\/td>\n<td colspan=\"1\" rowspan=\"1\">\n<div class=\"magic-9\"><span class=\"magic-8\">passiv<\/span><\/div>\n<\/td>\n<\/tr>\n<tr>\n<td colspan=\"1\" rowspan=\"1\">\n<div class=\"magic-7\"><span class=\"magic-8\">Arbejdstemperatur<\/span><\/div>\n<\/td>\n<td colspan=\"1\" rowspan=\"1\">\n<div class=\"magic-9\"><span class=\"magic-8\">-25\u2103~+110\u2103<\/span><\/div>\n<\/td>\n<\/tr>\n<tr>\n<td colspan=\"1\" rowspan=\"1\">\n<div class=\"magic-7\"><span class=\"magic-8\">Opbevaringstemperatur<\/span><\/div>\n<\/td>\n<td colspan=\"1\" rowspan=\"1\">\n<div class=\"magic-9\"><span class=\"magic-8\">-40\u2103~+85\u2103<\/span><\/div>\n<\/td>\n<\/tr>\n<tr>\n<td colspan=\"1\" rowspan=\"1\">\n<div class=\"magic-7\">\n<div><span class=\"magic-8\">\u00a0<\/span><\/div>\n<p><span class=\"magic-8\">Kortvarig temperaturmodstand<\/span><\/p>\n<\/div>\n<\/td>\n<td colspan=\"1\" rowspan=\"1\">\n<div class=\"magic-9\"><span class=\"magic-8\">vask: 90 \u2103, 15 minutter; konverter fort\u00f8rring: 180 \u2103, 30 minutter, 200 gange; strygning: 180 \u2103, 10 sekunder, 200 gange; h\u00f8j<br \/>\ntemperatursterilisering: 135\u2103, 20 minutter<\/span><\/div>\n<\/td>\n<\/tr>\n<tr>\n<td colspan=\"1\" rowspan=\"1\">\n<div class=\"magic-7\"><span class=\"magic-8\">Funktioner<\/span><\/div>\n<\/td>\n<td colspan=\"1\" rowspan=\"1\">\n<div class=\"magic-9\"><span class=\"magic-8\">vandt\u00e6t, vaskbar, modstandsdygtig over for h\u00f8je temperaturer<\/span><\/div>\n<\/td>\n<\/tr>\n<tr>\n<td colspan=\"1\" rowspan=\"1\">\n<div class=\"magic-7\"><span class=\"magic-8\">Liv<\/span><\/div>\n<\/td>\n<td colspan=\"1\" rowspan=\"1\">\n<div class=\"magic-9\"><span class=\"magic-8\">vask 200 gange eller 3 \u00e5r<\/span><\/div>\n<\/td>\n<\/tr>\n<tr>\n<td colspan=\"1\" rowspan=\"1\">\n<div class=\"magic-7\"><span class=\"magic-8\">Ans\u00f8gninger<\/span><\/div>\n<\/td>\n<td colspan=\"1\" rowspan=\"1\">\n<div class=\"magic-9\"><span class=\"magic-8\">vaskeri styring og sporing<\/span><\/div>\n<\/td>\n<\/tr>\n<\/tbody>\n<\/table>\n<\/div>\n<\/div>\n<div class=\"J_module\">\n<div class=\"detail-decorate-json-renderer-container\">\n<div class=\"magic-1\">\n<div class=\"magic-2\">\n<div class=\"magic-3\">\n<div><\/div>\n<div class=\"magic-4\">\n<div><strong>RFID knapm\u00e6rke<\/strong><\/div>\n<div><\/div>\n<\/div>\n<\/div>\n<div>\n<div class=\"auto-hide-last-sibling-br paragraph_1252f paragraph-element\">PPS h\u00f8jtemperaturbestandige vaskem\u00e6rker fungerer som en fremragende sporingsl\u00f8sning til kommercielle omgivelser som kantiner og restauranter, hvor store m\u00e6ngder service konstant h\u00e5ndteres.<\/div>\n<\/div>\n<\/div>\n<div id=\"featuresXsp\" class=\"features-list toggle-opacity in\">\n<div class=\"features-xsp\">\n<div class=\"collapse-mobile ste-list\">\n<div class=\"collapse-mobile ste-list\"><\/div>\n<\/div>\n<\/div>\n<\/div>\n<div class=\"magic-2\">\n<div>\n<div class=\"auto-hide-last-sibling-br paragraph_1252f paragraph-element\">\n<h4>Varedetaljer<\/h4>\n<ul>\n<li><strong>Navn:<\/strong>\u00a0UHF RFID Vasket\u00f8jsknap Varmebestandig PPS Tag<\/li>\n<li><strong>Materiale:<\/strong>\u00a0PPS (polyphenylensulfid)<\/li>\n<li><strong>Farve:<\/strong>\u00a0Sort<\/li>\n<li><strong>Minimum ordrem\u00e6ngde (MOQ):<\/strong>\u00a0500 stk<\/li>\n<\/ul>\n<h4>Specifikationer<\/h4>\n<ul>\n<li><strong>Producent\/chip muligheder:<\/strong>\n<ul>\n<li>NXP UCODE 8, UCODE 8m<\/li>\n<li>NXP UCODE 9<\/li>\n<li>Alien Higgs\u2122 9<\/li>\n<\/ul>\n<\/li>\n<li><strong>Frekvens:<\/strong>\u00a0860-960 MHz<\/li>\n<li><strong>Hukommelsesmuligheder:<\/strong>\n<ul>\n<li>96 bits<\/li>\n<li>128 bits<\/li>\n<\/ul>\n<\/li>\n<li><strong>L\u00e6s afstand:<\/strong>\u00a01-6 meter<\/li>\n<li><strong>Arbejdstilstand:<\/strong>\u00a0Passiv<\/li>\n<li><strong>Driftstemperatur:<\/strong>\u00a0-25\u00b0C til +110\u00b0C<\/li>\n<li><strong>Opbevaringstemperatur:<\/strong>\u00a0-40\u00b0C til +85\u00b0C<\/li>\n<\/ul>\n<h4>Kortvarig temperaturmodstand<\/h4>\n<ul>\n<li><strong>Vask:<\/strong>\u00a090\u00b0C i 15 minutter<\/li>\n<li><strong>Konverter fort\u00f8rring:<\/strong>\u00a0180\u00b0C i 30 minutter (200 cyklusser)<\/li>\n<li><strong>Strygning:<\/strong>\u00a0180\u00b0C i 10 sekunder (200 cyklusser)<\/li>\n<li><strong>Sterilisering ved h\u00f8j temperatur:<\/strong>\u00a0135\u00b0C i 20 minutter<\/li>\n<\/ul>\n<h4>N\u00f8glefunktioner<\/h4>\n<ul>\n<li>Vandt\u00e6t og vaskbar<\/li>\n<li>H\u00f8j temperatur modstand<\/li>\n<li>Velegnet til industrielle vaskeforhold<\/li>\n<li>Designet til lang levetid: 200 vaskecyklusser eller 3 \u00e5r<\/li>\n<\/ul>\n<h4>Ans\u00f8gninger<\/h4>\n<ul>\n<li><strong>Prim\u00e6re anvendelser:<\/strong>\u00a0Vaskeristyring og -sporing i kommercielle omgivelser (f.eks. kantiner, restauranter)<\/li>\n<li><strong>Alsidig tagging:<\/strong>\u00a0Kan monteres p\u00e5 forskellige tekstilgenstande som sokker, skjorter og h\u00e5ndkl\u00e6der for at minimere tab.<\/li>\n<\/ul>\n<h4>Chip funktioner<\/h4>\n<ul>\n<li><strong>NXP UCODE 8\/8m:<\/strong>\n<ul>\n<li>L\u00e6sef\u00f8lsomhed: -23 dBm<\/li>\n<li>Skrivef\u00f8lsomhed: -18 dBm<\/li>\n<li>Innovative funktioner til lagerstyring<\/li>\n<\/ul>\n<\/li>\n<li><strong>NXP UCODE 9:<\/strong>\n<ul>\n<li>L\u00e6sef\u00f8lsomhed: -24 dBm<\/li>\n<li>Skrivef\u00f8lsomhed: -22 dBm<\/li>\n<li>100k skrive cyklus udholdenhed<\/li>\n<\/ul>\n<\/li>\n<li><strong>Alien Higgs\u2122 9:<\/strong>\n<ul>\n<li>1024 bits NVM\/RAM-hukommelse<\/li>\n<li>Overholder GS1 Klasse 1 Gen 2 og ISO\/IEC 18000-6C<\/li>\n<\/ul>\n<\/li>\n<\/ul>\n<p>Disse tags tilbyder en robust l\u00f8sning til sporing af linned i vaskeapplikationer, hvilket sikrer h\u00f8j ydeevne og holdbarhed p\u00e5 tv\u00e6rs af kr\u00e6vende milj\u00f8er.<\/p>\n<\/div>\n<div class=\"auto-hide-last-sibling-br paragraph_1252f paragraph-element\"><\/div>\n<\/div>\n<\/div>\n<\/div>\n<\/div>\n<\/div>","protected":false},"excerpt":{"rendered":"<p>UHF RFID-vaskeknap varmebestandig PPS-tag til effektiv sporing, modst\u00e5r h\u00f8je temperaturer, vandt\u00e6t og ideel til kommerciel vasket\u00f8jsh\u00e5ndtering<\/p>","protected":false},"featured_media":1670,"template":"","meta":{"_kad_post_transparent":"default","_kad_post_title":"","_kad_post_layout":"default","_kad_post_sidebar_id":"","_kad_post_content_style":"default","_kad_post_vertical_padding":"default","_kad_post_feature":"","_kad_post_feature_position":"","_kad_post_header":false,"_kad_post_footer":false,"_kad_post_classname":""},"product_brand":[],"product_cat":[21,16],"product_tag":[226,35,225,30],"class_list":{"0":"post-1669","1":"product","2":"type-product","3":"status-publish","4":"has-post-thumbnail","6":"product_cat-pps-rfid-laundry-tag","7":"product_cat-uhf-rfid-laundry-tags","8":"product_tag-heat-resistant-pps-rfid-tag","9":"product_tag-rfid-button","10":"product_tag-uhf-rfid-laundry-button","11":"product_tag-uhf-rfid-laundry-tag","13":"first","14":"instock","15":"shipping-taxable","16":"product-type-simple","17":"entry","18":"content-bg","19":"loop-entry"},"_links":{"self":[{"href":"https:\/\/rfid-laundry-tag.com\/da\/wp-json\/wp\/v2\/product\/1669","targetHints":{"allow":["GET"]}}],"collection":[{"href":"https:\/\/rfid-laundry-tag.com\/da\/wp-json\/wp\/v2\/product"}],"about":[{"href":"https:\/\/rfid-laundry-tag.com\/da\/wp-json\/wp\/v2\/types\/product"}],"version-history":[{"count":2,"href":"https:\/\/rfid-laundry-tag.com\/da\/wp-json\/wp\/v2\/product\/1669\/revisions"}],"predecessor-version":[{"id":1672,"href":"https:\/\/rfid-laundry-tag.com\/da\/wp-json\/wp\/v2\/product\/1669\/revisions\/1672"}],"wp:featuredmedia":[{"embeddable":true,"href":"https:\/\/rfid-laundry-tag.com\/da\/wp-json\/wp\/v2\/media\/1670"}],"wp:attachment":[{"href":"https:\/\/rfid-laundry-tag.com\/da\/wp-json\/wp\/v2\/media?parent=1669"}],"wp:term":[{"taxonomy":"product_brand","embeddable":true,"href":"https:\/\/rfid-laundry-tag.com\/da\/wp-json\/wp\/v2\/product_brand?post=1669"},{"taxonomy":"product_cat","embeddable":true,"href":"https:\/\/rfid-laundry-tag.com\/da\/wp-json\/wp\/v2\/product_cat?post=1669"},{"taxonomy":"product_tag","embeddable":true,"href":"https:\/\/rfid-laundry-tag.com\/da\/wp-json\/wp\/v2\/product_tag?post=1669"}],"curies":[{"name":"wp","href":"https:\/\/api.w.org\/{rel}","templated":true}]}}