{"id":163,"date":"2024-06-15T11:55:44","date_gmt":"2024-06-15T11:55:44","guid":{"rendered":"https:\/\/rfid-laundry-tag.com\/?post_type=product&#038;p=163"},"modified":"2024-06-15T12:33:50","modified_gmt":"2024-06-15T12:33:50","slug":"laundry-tag-rfid-silicon","status":"publish","type":"product","link":"https:\/\/rfid-laundry-tag.com\/da\/vare\/laundry-tag-rfid-silicon\/","title":{"rendered":"Vaskem\u00e6rke RFID Silicon"},"content":{"rendered":"<table style=\"font-family: var(--global-body-font-family);\" width=\"537\">\n<tbody>\n<tr>\n<td width=\"228\">Navn<\/td>\n<td width=\"309\">Vaskem\u00e6rke RFID Silicon<\/td>\n<\/tr>\n<tr>\n<td width=\"228\">Mode<\/td>\n<td width=\"309\">SL-01<\/td>\n<\/tr>\n<tr>\n<td width=\"228\">Materiale<\/td>\n<td width=\"309\">Silikone<\/td>\n<\/tr>\n<tr>\n<td width=\"228\">Farve<\/td>\n<td width=\"309\">Hvid (eller tilpasset)<\/td>\n<\/tr>\n<tr>\n<td width=\"228\">St\u00f8rrelse<\/td>\n<td width=\"309\">55mm*12mm, 2,5mm tykkelse<\/td>\n<\/tr>\n<tr>\n<td width=\"228\">Chip<\/td>\n<td width=\"309\">915Mhz NXP U-kode 9, Alien H3, H9 osv<\/td>\n<\/tr>\n<tr>\n<td width=\"228\">Arbejdstemperatur<\/td>\n<td width=\"309\">\u2013 25\u00baC til +75\u00baC<\/td>\n<\/tr>\n<tr>\n<td width=\"228\">Vaskecyklus<\/td>\n<td width=\"309\">200 gange<\/td>\n<\/tr>\n<tr>\n<td width=\"228\">Vandt\u00e6t<\/td>\n<td width=\"309\">Ja<\/td>\n<\/tr>\n<tr>\n<td width=\"228\">Kemisk resistens<\/td>\n<td width=\"309\">Ja<\/td>\n<\/tr>\n<\/tbody>\n<\/table>\n<p data-spm-anchor-id=\"a2700.details.0.i116.60201a70jOXdOd\">\n<p data-spm-anchor-id=\"a2700.details.0.i116.60201a70jOXdOd\"><strong>Ans\u00f8gning:<\/strong><\/p>\n<ol class=\"auto-hide-last-sibling-br\">\n<li>\n<div class=\"auto-hide-last-sibling-br paragraph_1252f paragraph-element\">Vaskbar og genbrugelig: Disse tags er bygget til at modst\u00e5 flere vaskecyklusser, hvilket g\u00f8r dem til en omkostningseffektiv l\u00f8sning til langtidsbrug.<\/div>\n<\/li>\n<li>\n<div class=\"auto-hide-last-sibling-br paragraph_1252f paragraph-element\">Lavet til h\u00e5rde vaskeforhold: De er specielt designet til at t\u00e5le de barske forhold, hvorunder vaskeoperationer forekommer.<\/div>\n<\/li>\n<li>\n<div class=\"auto-hide-last-sibling-br paragraph_1252f paragraph-element\">Modstandsdygtige egenskaber: Disse tags er fugtbestandige, kan tolerere h\u00f8je temperaturer og er modstandsdygtige over for forskellige kemikalier, hvilket sikrer uhindret funktion under forskellige forhold.<\/div>\n<\/li>\n<li>\n<div class=\"auto-hide-last-sibling-br paragraph_1252f paragraph-element\">Milj\u00f8venligt silikonemateriale: Disse tags er fremstillet af milj\u00f8venlig silikone og er uskadelige for b\u00e5de den menneskelige krop og milj\u00f8et, og passer til bevidst forbrug og b\u00e6redygtig praksis.<\/div>\n<\/li>\n<li>\n<div class=\"auto-hide-last-sibling-br paragraph_1252f paragraph-element\">Brede anvendelser: Disse tags kan bekvemt bruges til at administrere t\u00f8j, forbedre sikkerhedskontrollen og optimere driften i vaskerier (inklusive vaskerier i industriel kvalitet), hvilket giver overlegen effektivitet og kontrol.<\/div>\n<\/li>\n<\/ol>\n<div class=\"auto-hide-last-sibling-br paragraph_1252f paragraph-element\">Silikone RFID-vaskem\u00e6rket, der fungerer inden for frekvensomr\u00e5det 860~960MHz, er specielt udviklet til at modst\u00e5 h\u00f8je temperaturer og intense tryk, der er typiske for reng\u00f8ringsprocesser. Dens omfattende anvendelse kan findes i strenge milj\u00f8er, der kr\u00e6ver modstandsdygtighed over for h\u00f8je varmeniveauer, korrosion og slid, is\u00e6r vaskeri, industrielle reng\u00f8ringsoperationer og andre.<\/div>\n<p>&nbsp;<\/p>\n<div class=\"auto-hide-last-sibling-br paragraph_1252f paragraph-element\">Disse RFID-vaskem\u00e6rker har den unikke evne til at blive integreret problemfrit i en r\u00e6kke tekstilgenstande, herunder skjorter, arbejdsuniformer, senget\u00f8j og andre stofbaserede produkter. Som s\u00e5dan tilbyder de en kraftfuld og effektiv l\u00f8sning til sporing og styring af et stort udvalg af tekstilvarer p\u00e5 tv\u00e6rs af forskellige industrier.<\/div>\n<p>&nbsp;<\/p>","protected":false},"excerpt":{"rendered":"<p>RFID Silicon Laundry Tags bruges typisk i h\u00f8jintensive operationer s\u00e5som industrielle vaskeprocesser, hotellinnedh\u00e5ndtering og medicinsk uniformssporing. Disse tags er kendt for deres fleksibilitet og h\u00f8je temperaturudholdenhed, designet til at modst\u00e5 over 200 vaskecyklusser, hvilket sikrer p\u00e5lidelig ydeevne selv under de mest kr\u00e6vende forhold.<\/p>","protected":false},"featured_media":164,"template":"","meta":{"_kad_post_transparent":"default","_kad_post_title":"","_kad_post_layout":"default","_kad_post_sidebar_id":"","_kad_post_content_style":"default","_kad_post_vertical_padding":"default","_kad_post_feature":"","_kad_post_feature_position":"","_kad_post_header":false,"_kad_post_footer":false,"_kad_post_classname":""},"product_brand":[],"product_cat":[20,16],"product_tag":[76,62,61],"class_list":{"0":"post-163","1":"product","2":"type-product","3":"status-publish","4":"has-post-thumbnail","6":"product_cat-silicone-rfid-laundry-tag","7":"product_cat-uhf-rfid-laundry-tags","8":"product_tag-laundry-tag-rfid-silicon","9":"product_tag-silicone-rfid-laundry-tag","10":"product_tag-silicone-washable-rfid-laundry-tag","12":"first","13":"instock","14":"shipping-taxable","15":"product-type-simple","16":"entry","17":"content-bg","18":"loop-entry"},"_links":{"self":[{"href":"https:\/\/rfid-laundry-tag.com\/da\/wp-json\/wp\/v2\/product\/163","targetHints":{"allow":["GET"]}}],"collection":[{"href":"https:\/\/rfid-laundry-tag.com\/da\/wp-json\/wp\/v2\/product"}],"about":[{"href":"https:\/\/rfid-laundry-tag.com\/da\/wp-json\/wp\/v2\/types\/product"}],"version-history":[{"count":0,"href":"https:\/\/rfid-laundry-tag.com\/da\/wp-json\/wp\/v2\/product\/163\/revisions"}],"wp:featuredmedia":[{"embeddable":true,"href":"https:\/\/rfid-laundry-tag.com\/da\/wp-json\/wp\/v2\/media\/164"}],"wp:attachment":[{"href":"https:\/\/rfid-laundry-tag.com\/da\/wp-json\/wp\/v2\/media?parent=163"}],"wp:term":[{"taxonomy":"product_brand","embeddable":true,"href":"https:\/\/rfid-laundry-tag.com\/da\/wp-json\/wp\/v2\/product_brand?post=163"},{"taxonomy":"product_cat","embeddable":true,"href":"https:\/\/rfid-laundry-tag.com\/da\/wp-json\/wp\/v2\/product_cat?post=163"},{"taxonomy":"product_tag","embeddable":true,"href":"https:\/\/rfid-laundry-tag.com\/da\/wp-json\/wp\/v2\/product_tag?post=163"}],"curies":[{"name":"wp","href":"https:\/\/api.w.org\/{rel}","templated":true}]}}