{"id":161,"date":"2024-06-15T10:09:40","date_gmt":"2024-06-15T10:09:40","guid":{"rendered":"https:\/\/rfid-laundry-tag.com\/?post_type=product&#038;p=161"},"modified":"2024-08-14T15:50:57","modified_gmt":"2024-08-14T15:50:57","slug":"iso15693-rfid-reusable-laundry-tag","status":"publish","type":"product","link":"https:\/\/rfid-laundry-tag.com\/da\/vare\/iso15693-rfid-reusable-laundry-tag\/","title":{"rendered":"ISO15693 RFID genanvendeligt vaskem\u00e6rke"},"content":{"rendered":"<div class=\"J_module\">\n<div class=\"ife-detail-decorate-table\">\n<table class=\"has-title all magic-6\">\n<tbody>\n<tr>\n<td colspan=\"1\" rowspan=\"1\">\n<div class=\"magic-7\" data-spm-anchor-id=\"a2700.details.0.i45.77607d98vZbcDU\"><span class=\"magic-8\" style=\"color: #363535;\">Varens navn<\/span><\/div>\n<\/td>\n<td colspan=\"1\" rowspan=\"1\">\n<div class=\"magic-9\">ISO15693 RFID genanvendeligt vaskem\u00e6rke<\/div>\n<\/td>\n<\/tr>\n<tr>\n<td colspan=\"1\" rowspan=\"1\">\n<div class=\"magic-7\"><span class=\"magic-10\" data-spm-anchor-id=\"a2700.pc-decorate.0.i10.28d333330XLbTD\"><span class=\"magic-8\">Materiale<\/span><\/span><\/div>\n<\/td>\n<td colspan=\"1\" rowspan=\"1\">\n<div class=\"magic-9\"><span class=\"magic-8\">PPS<\/span><\/div>\n<\/td>\n<\/tr>\n<tr>\n<td colspan=\"1\" rowspan=\"1\">\n<div class=\"magic-7\"><span class=\"magic-8\">Farve<\/span><\/div>\n<\/td>\n<td colspan=\"1\" rowspan=\"1\">\n<div class=\"magic-9\"><span class=\"magic-8\">Sort osv<\/span><\/div>\n<\/td>\n<\/tr>\n<tr>\n<td colspan=\"1\" rowspan=\"1\">MOQ<\/td>\n<td colspan=\"1\" rowspan=\"1\">500 stk<\/td>\n<\/tr>\n<tr>\n<td colspan=\"1\" rowspan=\"1\">\n<div class=\"magic-7\"><span class=\"magic-8\">Producent\/Chip<\/span><\/div>\n<\/td>\n<td colspan=\"1\" rowspan=\"1\">\n<div class=\"magic-9\"><span class=\"magic-8\">NXP I Code Slix ; andre muligheder: Ntag213, Ntag215, Ntag216, Mifare Ultralight ev1 osv.<\/span><\/div>\n<\/td>\n<\/tr>\n<tr>\n<td colspan=\"1\" rowspan=\"1\">\n<div class=\"magic-7\"><span class=\"magic-8\">Frekvens<\/span><\/div>\n<\/td>\n<td colspan=\"1\" rowspan=\"1\">\n<div class=\"magic-9\"><span class=\"magic-8\">13,56 MHz<\/span><\/div>\n<\/td>\n<\/tr>\n<tr>\n<td colspan=\"1\" rowspan=\"1\">\n<div class=\"magic-7\"><span class=\"magic-8\">Hukommelse<\/span><\/div>\n<\/td>\n<td colspan=\"1\" rowspan=\"1\">\n<div class=\"magic-9\"><span class=\"magic-8\">1k byte; anden Chips hukommelse: 144 Bytes, 504 Byte, 888 Byte, 64 Byte osv.<\/span><\/div>\n<\/td>\n<\/tr>\n<tr>\n<td colspan=\"1\" rowspan=\"1\">\n<div class=\"magic-7\"><span class=\"magic-8\">L\u00e6s afstand<\/span><\/div>\n<\/td>\n<td colspan=\"1\" rowspan=\"1\">\n<div class=\"magic-9\"><span class=\"magic-8\">1-5 cm<\/span><\/div>\n<\/td>\n<\/tr>\n<tr>\n<td colspan=\"1\" rowspan=\"1\">\n<div class=\"magic-7\"><span class=\"magic-8\">Arbejdstilstand<\/span><\/div>\n<\/td>\n<td colspan=\"1\" rowspan=\"1\">\n<div class=\"magic-9\"><span class=\"magic-8\">passiv<\/span><\/div>\n<\/td>\n<\/tr>\n<tr>\n<td colspan=\"1\" rowspan=\"1\">\n<div class=\"magic-7\"><span class=\"magic-8\">Arbejdstemperatur<\/span><\/div>\n<\/td>\n<td colspan=\"1\" rowspan=\"1\">\n<div class=\"magic-9\"><span class=\"magic-8\">-25\u2103~+110\u2103<\/span><\/div>\n<\/td>\n<\/tr>\n<tr>\n<td colspan=\"1\" rowspan=\"1\">\n<div class=\"magic-7\"><span class=\"magic-8\">Opbevaringstemperatur<\/span><\/div>\n<\/td>\n<td colspan=\"1\" rowspan=\"1\">\n<div class=\"magic-9\"><span class=\"magic-8\">-40\u2103~+85\u2103<\/span><\/div>\n<\/td>\n<\/tr>\n<tr>\n<td colspan=\"1\" rowspan=\"1\">\n<div class=\"magic-7\">\n<div><span class=\"magic-8\">\u00a0<\/span><\/div>\n<p><span class=\"magic-8\">Kortvarig temperaturmodstand<\/span><\/p>\n<\/div>\n<\/td>\n<td colspan=\"1\" rowspan=\"1\">\n<div class=\"magic-9\"><span class=\"magic-8\">vask: 90 \u2103, 15 minutter; konverter fort\u00f8rring: 180 \u2103, 30 minutter, 200 gange; strygning: 180 \u2103, 10 sekunder, 200 gange; h\u00f8j<br \/>\ntemperatursterilisering: 135\u2103, 20 minutter<\/span><\/div>\n<\/td>\n<\/tr>\n<tr>\n<td colspan=\"1\" rowspan=\"1\">\n<div class=\"magic-7\"><span class=\"magic-8\">Funktioner<\/span><\/div>\n<\/td>\n<td colspan=\"1\" rowspan=\"1\">\n<div class=\"magic-9\"><span class=\"magic-8\">vandt\u00e6t, vaskbar, modstandsdygtig over for h\u00f8je temperaturer<\/span><\/div>\n<\/td>\n<\/tr>\n<tr>\n<td colspan=\"1\" rowspan=\"1\">\n<div class=\"magic-7\"><span class=\"magic-8\">Liv<\/span><\/div>\n<\/td>\n<td colspan=\"1\" rowspan=\"1\">\n<div class=\"magic-9\"><span class=\"magic-8\">vask 200 gange eller 3 \u00e5r<\/span><\/div>\n<\/td>\n<\/tr>\n<tr>\n<td colspan=\"1\" rowspan=\"1\">\n<div class=\"magic-7\"><span class=\"magic-8\">Ans\u00f8gninger<\/span><\/div>\n<\/td>\n<td colspan=\"1\" rowspan=\"1\">\n<div class=\"magic-9\"><span class=\"magic-8\">vaskeri styring og sporing<\/span><\/div>\n<\/td>\n<\/tr>\n<\/tbody>\n<\/table>\n<\/div>\n<\/div>\n<div class=\"J_module\">\n<div class=\"detail-decorate-json-renderer-container\">\n<div class=\"magic-1\">\n<div>\n<div><\/div>\n<\/div>\n<div class=\"magic-2\">\n<div class=\"auto-hide-last-sibling-br paragraph_1252f paragraph-element\">\n<div class=\"auto-hide-last-sibling-br paragraph_1252f paragraph-element\">\n<div class=\"auto-hide-last-sibling-br paragraph_1252f paragraph-element\">N\u00e5r f\u00f8rst en virksomhed konkluderer, at et NFC-vasket\u00f8jssporingssystem kan tilbyde betydelige fordele, er den efterf\u00f8lgende handling at v\u00e6lge et passende ISO15693 RFID-genanvendeligt vaskem\u00e6rke. NFC Laundry-m\u00e6rket, specifikt PPS-I Code Slix, kan sys ind i enhver t\u00f8jartikel, hvilket g\u00f8r NFC- eller UHF-funktioner tilg\u00e6ngelige uanset placering.<\/div>\n<p>&nbsp;<\/p>\n<div class=\"auto-hide-last-sibling-br paragraph_1252f paragraph-element\">ISO15693 RFID genanvendelige vaskem\u00e6rke finder anvendelse i en lang r\u00e6kke applikationer som:<\/div>\n<ul class=\"auto-hide-last-sibling-br\">\n<li>Industrielle hvidvaskprocesser<\/li>\n<li>Ensartet administration<\/li>\n<li>Supervision af medicinsk p\u00e5kl\u00e6dning<\/li>\n<li>H\u00e5ndtering af personligt beskyttelsesudstyr (PPE) bekl\u00e6dning<\/li>\n<li>Personaleoverv\u00e5gningsoperationer<\/li>\n<li>Administration af brandslukningsudstyr<\/li>\n<li>Tilsyn med skiudstyr.<\/li>\n<\/ul>\n<div class=\"auto-hide-last-sibling-br paragraph_1252f paragraph-element\">De<strong> ICODE SLI Passiv h\u00f8jfrekvent RFID-tag<\/strong> er perfekt til opgaver som vaskeprocesser, facilitering af forsyningsk\u00e6der, lagerregulering, aktivsporing og tilsyn med processer. Dette RFID-vaskem\u00e6rke, der er udformet til at modst\u00e5 belastningen ved roterende strygning, modst\u00e5r ogs\u00e5 h\u00f8jt tryk, varme og kemikalier efter behov ved kontaktl\u00f8s sporing af t\u00f8j inden for tekstil- og vaskeriindustrien.<\/div>\n<p>&nbsp;<\/p>\n<div class=\"auto-hide-last-sibling-br paragraph_1252f paragraph-element\">Den ubesv\u00e6rede installation p\u00e5 ethvert stof er mulig med en standard varmeforseglingsmaskine. Inde i et fleksibelt tekstilhus er der en kompakt kontaktl\u00f8s chip, der giver \u00f8get modstand mod forh\u00f8jede temperaturer og forskellige intense reng\u00f8ringsmetoder, herunder renseprocesser.<\/div>\n<p>&nbsp;<\/p>\n<div class=\"auto-hide-last-sibling-br paragraph_1252f paragraph-element\">Et vidnesbyrd om dets alsidighed, dette robuste RFID-vaskem\u00e6rke er kompatibelt med b\u00e5de lavfrekvente (LF) og ultrah\u00f8jfrekvente (UHF) RFID-frekvenser. Dens tilpasningsdygtige versioner inkluderer en 125 KHz Passive RFID Laundry Tag til lavfrekvente operationer og en 860 til 960 MHz Gen 2 Laundry Tag til ultra-h\u00f8jfrekvente interaktioner.<\/div>\n<\/div>\n<div><\/div>\n<\/div>\n<\/div>\n<div>\n<p>De <strong>ICODE SLIX IC<\/strong> er en dedikeret chip til intelligente etiketapplikationer s\u00e5som biblioteker, produktgodkendelse i forskellige industrier s\u00e5som farmaceutiske produkter, medicinsk udstyr og alkohol, samt produktionsstyring i forskellige omr\u00e5der af industrien. Denne IC er tredje generation af en produktfamilie af smart label IC&#039;er baseret p\u00e5 ISO-standarderne ISO\/IEC 15693 og ISO\/IEC 18000-3, hvilket forl\u00e6nger en succesfuld historie om NXP<sup>\u00ae<\/sup>\u00a0inden for n\u00e6rhedsidentifikationssystemer.<\/p>\n<h3>Kontaktl\u00f8s energi- og dataoverf\u00f8rsel<\/h3>\n<p>N\u00e5r den er tilsluttet til en meget enkel og let at producere antennetype (som et resultat af 13,56 MHz-b\u00e6refrekvensen) lavet af et par viklinger, der er printet, opviklet, \u00e6tset eller udstanset, kan ICODE SLIX IC betjenes uden sigtelinje op til en afstand p\u00e5 1,5 m (portbredde). Intet batteri er n\u00f8dvendigt. N\u00e5r den smarte label er placeret i feltet af en interrogator-antenne, g\u00f8r RF-kommunikationsgr\u00e6nsefladen med h\u00f8j hastighed det muligt at transmittere data op til 53 kbit\/s.<\/p>\n<h3>Anti-kollision<\/h3>\n<p>En intelligent anti-kollisionsfunktion g\u00f8r det muligt for flere tags at operere i marken samtidigt. Anti-kollisionsalgoritmen udv\u00e6lger hvert tag individuelt og sikrer, at udf\u00f8relsen af en transaktion med et valgt tag udf\u00f8res korrekt uden datakorruption som f\u00f8lge af andre tags i feltet.<\/p>\n<h3>Funktioner<\/h3>\n<div id=\"featuresXsp\" class=\"features-list\">\n<div class=\"features-xsp\">\n<div class=\"collapse-mobile ste-list\">\n<h3>ICODE SLIX RF-interface (ISO\/IEC 15693)<\/h3>\n<ul class=\"boxes\">\n<li>Kontaktl\u00f8s transmission af data og forsyningsenergi (intet batteri n\u00f8dvendigt)<\/li>\n<li>Driftsafstand: op til 1,5 m (afh\u00e6ngig af antennegeometri)<\/li>\n<li>Driftsfrekvens: 13,56 MHz (ISM, verdensomsp\u00e6ndende licens frit tilg\u00e6ngelig)<\/li>\n<li>Hurtig dataoverf\u00f8rsel: op til 53 kbit\/s<\/li>\n<li>H\u00f8j dataintegritet: 16-bit CRC, framing<\/li>\n<li>\u00c6gte anti-kollision<\/li>\n<li>Adgangskodebeskyttet elektronisk artikeloverv\u00e5gning (EAS)<\/li>\n<li>Adgangskodebeskyttet Application Family Identifier (AFI)<\/li>\n<li>Data Storage Format IDentifier (DSFID)<\/li>\n<li>Yderligere hurtig antikollisionsafl\u00e6sning<\/li>\n<li>Skriveafstand lig med l\u00e6seafstand<\/li>\n<\/ul>\n<\/div>\n<div class=\"collapse-mobile ste-list\">\n<h3>EEPROM<\/h3>\n<ul class=\"boxes\">\n<li>1024 bit, organiseret i 32 blokke med hver 4 bytes<\/li>\n<li>50 \u00e5rs dataopbevaring<\/li>\n<li>Skriv udholdenhed p\u00e5 100.000 cyklusser<\/li>\n<\/ul>\n<\/div>\n<div class=\"collapse-mobile ste-list\">\n<h3>Sikkerhed<\/h3>\n<ul class=\"boxes\">\n<li>Unik identifikator for hver enhed<\/li>\n<li>L\u00e5semekanisme for hver brugerhukommelsesblok (skrivebeskyttelse)<\/li>\n<li>L\u00e5semekanisme til DSFID, AFI, EAS<\/li>\n<li>Adgangskode (32-bit) beskyttet EAS og AFI funktionalitet<\/li>\n<\/ul>\n<\/div>\n<\/div>\n<\/div>\n<\/div>\n<div class=\"magic-2\">\n<div class=\"auto-hide-last-sibling-br paragraph_1252f paragraph-element\">\n<p>&nbsp;<\/p>\n<div class=\"auto-hide-last-sibling-br paragraph_1252f paragraph-element\"><\/div>\n<div class=\"auto-hide-last-sibling-br paragraph_1252f paragraph-element\"><\/div>\n<\/div>\n<\/div>\n<\/div>\n<\/div>\n<\/div>","protected":false},"excerpt":{"rendered":"<p>H\u00f8j temperatur modstand ISO15693 RFID genanvendelig vaskem\u00e6rke er lavet af h\u00f8jtydende PPS-materiale, der komfortabelt modst\u00e5r h\u00f8je temperaturer.<\/p>","protected":false},"featured_media":162,"template":"","meta":{"_kad_post_transparent":"default","_kad_post_title":"","_kad_post_layout":"default","_kad_post_sidebar_id":"","_kad_post_content_style":"default","_kad_post_vertical_padding":"default","_kad_post_feature":"","_kad_post_feature_position":"","_kad_post_header":false,"_kad_post_footer":false,"_kad_post_classname":""},"product_brand":[],"product_cat":[21,17],"product_tag":[75,37,39,45],"class_list":{"0":"post-161","1":"product","2":"type-product","3":"status-publish","4":"has-post-thumbnail","6":"product_cat-pps-rfid-laundry-tag","7":"product_cat-nfc-rfid-laundry-tag","8":"product_tag-iso15693-rfid-reusable-laundry-tag","9":"product_tag-nfc-button","10":"product_tag-nfc-laundry-tag","11":"product_tag-pps-washable-nfc-tags","13":"first","14":"instock","15":"shipping-taxable","16":"product-type-simple","17":"entry","18":"content-bg","19":"loop-entry"},"_links":{"self":[{"href":"https:\/\/rfid-laundry-tag.com\/da\/wp-json\/wp\/v2\/product\/161","targetHints":{"allow":["GET"]}}],"collection":[{"href":"https:\/\/rfid-laundry-tag.com\/da\/wp-json\/wp\/v2\/product"}],"about":[{"href":"https:\/\/rfid-laundry-tag.com\/da\/wp-json\/wp\/v2\/types\/product"}],"version-history":[{"count":1,"href":"https:\/\/rfid-laundry-tag.com\/da\/wp-json\/wp\/v2\/product\/161\/revisions"}],"predecessor-version":[{"id":1301,"href":"https:\/\/rfid-laundry-tag.com\/da\/wp-json\/wp\/v2\/product\/161\/revisions\/1301"}],"wp:featuredmedia":[{"embeddable":true,"href":"https:\/\/rfid-laundry-tag.com\/da\/wp-json\/wp\/v2\/media\/162"}],"wp:attachment":[{"href":"https:\/\/rfid-laundry-tag.com\/da\/wp-json\/wp\/v2\/media?parent=161"}],"wp:term":[{"taxonomy":"product_brand","embeddable":true,"href":"https:\/\/rfid-laundry-tag.com\/da\/wp-json\/wp\/v2\/product_brand?post=161"},{"taxonomy":"product_cat","embeddable":true,"href":"https:\/\/rfid-laundry-tag.com\/da\/wp-json\/wp\/v2\/product_cat?post=161"},{"taxonomy":"product_tag","embeddable":true,"href":"https:\/\/rfid-laundry-tag.com\/da\/wp-json\/wp\/v2\/product_tag?post=161"}],"curies":[{"name":"wp","href":"https:\/\/api.w.org\/{rel}","templated":true}]}}