{"id":159,"date":"2024-06-15T08:13:31","date_gmt":"2024-06-15T08:13:31","guid":{"rendered":"https:\/\/rfid-laundry-tag.com\/?post_type=product&#038;p=159"},"modified":"2024-08-14T16:18:47","modified_gmt":"2024-08-14T16:18:47","slug":"nfc-laundry-token-ntag216","status":"publish","type":"product","link":"https:\/\/rfid-laundry-tag.com\/da\/vare\/nfc-laundry-token-ntag216\/","title":{"rendered":"NFC Laundry Token-NTAG216"},"content":{"rendered":"<div class=\"J_module\">\n<div class=\"ife-detail-decorate-table\">\n<table class=\"has-title all magic-6\">\n<tbody>\n<tr>\n<td colspan=\"1\" rowspan=\"1\">\n<div class=\"magic-7\" data-spm-anchor-id=\"a2700.details.0.i45.77607d98vZbcDU\"><span class=\"magic-8\" style=\"color: #363535;\">Varens navn<\/span><\/div>\n<\/td>\n<td colspan=\"1\" rowspan=\"1\">\n<div class=\"magic-9\">NFC Laundry Token \u2013 NTAG216<\/div>\n<\/td>\n<\/tr>\n<tr>\n<td colspan=\"1\" rowspan=\"1\">\n<div class=\"magic-7\"><span class=\"magic-10\" data-spm-anchor-id=\"a2700.pc-decorate.0.i10.28d333330XLbTD\"><span class=\"magic-8\">Materiale<\/span><\/span><\/div>\n<\/td>\n<td colspan=\"1\" rowspan=\"1\">\n<div class=\"magic-9\"><span class=\"magic-8\">PPS<\/span><\/div>\n<\/td>\n<\/tr>\n<tr>\n<td colspan=\"1\" rowspan=\"1\">\n<div class=\"magic-7\"><span class=\"magic-8\">Farve<\/span><\/div>\n<\/td>\n<td colspan=\"1\" rowspan=\"1\">\n<div class=\"magic-9\"><span class=\"magic-8\">Sort, gul osv<\/span><\/div>\n<\/td>\n<\/tr>\n<tr>\n<td colspan=\"1\" rowspan=\"1\">MOQ<\/td>\n<td colspan=\"1\" rowspan=\"1\">500 stk<\/td>\n<\/tr>\n<tr>\n<td colspan=\"1\" rowspan=\"1\">\n<div class=\"magic-7\"><span class=\"magic-8\">Producent\/Chip<\/span><\/div>\n<\/td>\n<td colspan=\"1\" rowspan=\"1\">\n<div class=\"magic-9\"><span class=\"magic-8\">NXP Ntag213, Ntag215, Ntag216, Mifare Ultralight ev1 osv.<\/span><\/div>\n<\/td>\n<\/tr>\n<tr>\n<td colspan=\"1\" rowspan=\"1\">\n<div class=\"magic-7\"><span class=\"magic-8\">Frekvens<\/span><\/div>\n<\/td>\n<td colspan=\"1\" rowspan=\"1\">\n<div class=\"magic-9\"><span class=\"magic-8\">13,56 MHz<\/span><\/div>\n<\/td>\n<\/tr>\n<tr>\n<td colspan=\"1\" rowspan=\"1\">\n<div class=\"magic-7\"><span class=\"magic-8\">Hukommelse<\/span><\/div>\n<\/td>\n<td colspan=\"1\" rowspan=\"1\">\n<div class=\"magic-9\"><span class=\"magic-8\">144 Bytes, 504 Byte, 888 Byte, 64 Byte osv<\/span><\/div>\n<\/td>\n<\/tr>\n<tr>\n<td colspan=\"1\" rowspan=\"1\">\n<div class=\"magic-7\"><span class=\"magic-8\">L\u00e6s afstand<\/span><\/div>\n<\/td>\n<td colspan=\"1\" rowspan=\"1\">\n<div class=\"magic-9\"><span class=\"magic-8\">1-5 cm<\/span><\/div>\n<\/td>\n<\/tr>\n<tr>\n<td colspan=\"1\" rowspan=\"1\">\n<div class=\"magic-7\"><span class=\"magic-8\">Arbejdstilstand<\/span><\/div>\n<\/td>\n<td colspan=\"1\" rowspan=\"1\">\n<div class=\"magic-9\"><span class=\"magic-8\">passiv<\/span><\/div>\n<\/td>\n<\/tr>\n<tr>\n<td colspan=\"1\" rowspan=\"1\">\n<div class=\"magic-7\"><span class=\"magic-8\">Arbejdstemperatur<\/span><\/div>\n<\/td>\n<td colspan=\"1\" rowspan=\"1\">\n<div class=\"magic-9\"><span class=\"magic-8\">-25\u2103~+110\u2103<\/span><\/div>\n<\/td>\n<\/tr>\n<tr>\n<td colspan=\"1\" rowspan=\"1\">\n<div class=\"magic-7\"><span class=\"magic-8\">Opbevaringstemperatur<\/span><\/div>\n<\/td>\n<td colspan=\"1\" rowspan=\"1\">\n<div class=\"magic-9\"><span class=\"magic-8\">-40\u2103~+85\u2103<\/span><\/div>\n<\/td>\n<\/tr>\n<tr>\n<td colspan=\"1\" rowspan=\"1\">\n<div class=\"magic-7\">\n<div><span class=\"magic-8\">\u00a0<\/span><\/div>\n<p><span class=\"magic-8\">Kortvarig temperaturmodstand<\/span><\/p>\n<\/div>\n<\/td>\n<td colspan=\"1\" rowspan=\"1\">\n<div class=\"magic-9\"><span class=\"magic-8\">vask: 90 \u2103, 15 minutter; konverter fort\u00f8rring: 180 \u2103, 30 minutter, 200 gange; strygning: 180 \u2103, 10 sekunder, 200 gange; h\u00f8j<br \/>\ntemperatursterilisering: 135\u2103, 20 minutter<\/span><\/div>\n<\/td>\n<\/tr>\n<tr>\n<td colspan=\"1\" rowspan=\"1\">\n<div class=\"magic-7\"><span class=\"magic-8\">Funktioner<\/span><\/div>\n<\/td>\n<td colspan=\"1\" rowspan=\"1\">\n<div class=\"magic-9\"><span class=\"magic-8\">vandt\u00e6t, vaskbar, modstandsdygtig over for h\u00f8je temperaturer<\/span><\/div>\n<\/td>\n<\/tr>\n<tr>\n<td colspan=\"1\" rowspan=\"1\">\n<div class=\"magic-7\"><span class=\"magic-8\">Liv<\/span><\/div>\n<\/td>\n<td colspan=\"1\" rowspan=\"1\">\n<div class=\"magic-9\"><span class=\"magic-8\">vask 200 gange eller 3 \u00e5r<\/span><\/div>\n<\/td>\n<\/tr>\n<tr>\n<td colspan=\"1\" rowspan=\"1\">\n<div class=\"magic-7\"><span class=\"magic-8\">Ans\u00f8gninger<\/span><\/div>\n<\/td>\n<td colspan=\"1\" rowspan=\"1\">\n<div class=\"magic-9\"><span class=\"magic-8\">vaskeri styring og sporing<\/span><\/div>\n<\/td>\n<\/tr>\n<\/tbody>\n<\/table>\n<\/div>\n<\/div>\n<div class=\"J_module\">\n<div class=\"detail-decorate-json-renderer-container\">\n<div class=\"magic-1\">\n<div>\n<div><\/div>\n<\/div>\n<div class=\"magic-2\">\n<div class=\"auto-hide-last-sibling-br paragraph_1252f paragraph-element\">\n<div class=\"auto-hide-last-sibling-br paragraph_1252f paragraph-element\">\n<p>NTAG 213, NTAG 215 og NTAG 216 er udviklet af NXP<sup>\u00ae<\/sup>\u00a0Halvledere som standard NFC-tag-IC&#039;er til brug i massemarkedsapplikationer s\u00e5som detailhandel, spil og forbrugerelektronik, i kombination med NFC-enheder eller NFC-kompatible n\u00e6rhedskoblingsenheder. NTAG 213, NTAG 215 og NTAG 216 (fra nu af generelt kaldet NTAG 21x) er designet til fuldt ud at overholde NFC Forum Type 2 Tag og ISO\/IEC14443 Type A specifikationer.<\/p>\n<p>M\u00e5lapplikationer omfatter smart reklame uden for hjemmet og trykte medier, SoLoMo-applikationer, produktgodkendelse, NFC-hyldeetiketter og mobile ledsagerm\u00e6rker.<\/p>\n<p>M\u00e5lbrugstilf\u00e6lde omfatter smart reklame udenfor hjemmet, produktgodkendelse, ledsagende mobiltags, Bluetooth<sup>\u00ae<\/sup>\u00a0eller Wi-Fi-parring, elektroniske hyldeetiketter og visitkort. NTAG 21x-hukommelse kan ogs\u00e5 segmenteres for at implementere flere applikationer p\u00e5 samme tid.<\/p>\n<p>Takket v\u00e6re den h\u00f8je inputkapacitans er NTAG 21x tag IC&#039;er specielt skr\u00e6ddersyet til applikationer, der kr\u00e6ver sm\u00e5 fodspor, uden at g\u00e5 p\u00e5 kompromis med ydeevnen. Sm\u00e5 NFC-tags kan nemmere indlejres i f.eks. produktetiketter eller elektroniske enheder.<\/p>\n<p>De mekaniske og elektriske specifikationer for NTAG 21x er skr\u00e6ddersyet til at opfylde kravene fra inlay- og tagproducenter.<\/p>\n<h3>Kontaktl\u00f8s energi- og dataoverf\u00f8rsel<\/h3>\n<p>Kommunikation til NTAG 21x kan kun etableres, n\u00e5r IC&#039;en er tilsluttet en antenne.<\/p>\n<p>N\u00e5r NTAG 21x er placeret i RF-feltet, tillader h\u00f8jhastigheds-RF-kommunikationsgr\u00e6nsefladen transmission af data med en baudrate p\u00e5 106 kbit\/s.<\/p>\n<h3>Enkel implementering og brugervenlighed<\/h3>\n<p>NTAG 21x tilbyder specifikke funktioner designet til at forbedre integration og brugervenlighed:<\/p>\n<ul>\n<li>Den hurtige l\u00e6sefunktion g\u00f8r det muligt at scanne hele NDEF-meddelelsen med kun \u00e9n FAST_READ-kommando, hvilket reducerer overhead i produktionsmilj\u00f8er med h\u00f8j genneml\u00f8b<\/li>\n<li>Den forbedrede RF-ydelse giver mulighed for mere fleksibilitet i valget af form, dimension og materialer<\/li>\n<li>Muligheden for 75 \u03bcm IC-tykkelse muligg\u00f8r fremstilling af ultratynde tags, for en mere bekvem integration i f.eks. magasiner eller spillekort<\/li>\n<\/ul>\n<h3>Sikkerhed<\/h3>\n<ul>\n<li>Producenten har programmeret 7-byte UID for hver enhed<\/li>\n<li>Forprogrammeret Capability-beholder med engangsprogrammerbare bits<\/li>\n<li>Feltprogrammerbar skrivebeskyttet l\u00e5sefunktion<\/li>\n<li>ECC-baseret originalitetssignatur<\/li>\n<li>32-bit adgangskodebeskyttelse for at forhindre uautoriserede hukommelsesoperationer<\/li>\n<\/ul>\n<h3>NFC Forum Tag 2 Type overensstemmelse<\/h3>\n<p>NTAG 21x IC leverer fuld overensstemmelse med NFC Forum Tag 2 Type tekniske specifikationer og muligg\u00f8r NDEF-datastrukturkonfigurationer.<\/p>\n<h3>Anti-kollision<\/h3>\n<p>En intelligent anti-kollisionsfunktion g\u00f8r det muligt at betjene mere end \u00e9t tag i marken samtidigt. Antikollisionsalgoritmen udv\u00e6lger hvert tag individuelt og sikrer, at udf\u00f8relsen af en transaktion med et valgt tag udf\u00f8res korrekt uden indblanding fra et andet tag i feltet.<\/p>\n<h3>Funktioner<\/h3>\n<div id=\"featuresXsp\" class=\"features-list toggle-opacity in\">\n<div class=\"features-xsp\">\n<div class=\"collapse-mobile ste-list-ul\">\n<ul class=\"boxes\">\n<li>Kontaktl\u00f8s overf\u00f8rsel af data og forsyningsenergi<\/li>\n<li>Driftsfrekvens p\u00e5 13,56 MHz<\/li>\n<li>Dataoverf\u00f8rsel p\u00e5 106 kbit\/s<\/li>\n<li>Dataintegritet af 16-bit CRC, paritet, bitkodning, bitt\u00e6lling<\/li>\n<li>Driftsafstand op til 100 mm (afh\u00e6ngig af forskellige parametre som f.eks. feltstyrke og antennegeometri)<\/li>\n<li>7-byte serienummer (kaskade niveau 2 i henhold til ISO\/IEC 14443-3)<\/li>\n<li>UID ASCII-spejl til automatisk serialisering af NDEF-meddelelser<\/li>\n<li>Automatisk NFC-t\u00e6ller udl\u00f8st ved en l\u00e6sekommando<\/li>\n<li>NFC-t\u00e6ller ASCII-spejl til automatisk tilf\u00f8jelse af NFC-t\u00e6llerv\u00e6rdien til NDEF-meddelelsen<\/li>\n<li>ECC-baseret originalitetssignatur<\/li>\n<li>Hurtig l\u00e6sekommando<\/li>\n<li>\u00c6gte anti-kollision<\/li>\n<li>50 pF input kapacitans<\/li>\n<\/ul>\n<\/div>\n<div class=\"collapse-mobile ste-list-ul\">\n<ul class=\"boxes\">\n<li>180, 540 eller 924 bytes organiseret i 45, 135 eller 231 sider med 4 bytes pr.<\/li>\n<li>144, 504 eller 888 bytes frit tilg\u00e6ngeligt l\u00e6se-\/skriveomr\u00e5de (36, 126 eller 222 sider)<\/li>\n<li>4 bytes initialiseret kapacitetsbeholder med engangsprogrammerbare adgangsbits<\/li>\n<li>Feltprogrammerbar skrivebeskyttet l\u00e5sefunktion pr. side for de f\u00f8rste 16 sider<\/li>\n<li>Feltprogrammerbar skrivebeskyttet l\u00e5sefunktion over de f\u00f8rste 16 sider pr. dobbeltside for NTAG 213 eller pr. 16 sider for NTAG 215 og NTAG 216<\/li>\n<li>Konfigurerbar adgangskodebeskyttelse med en valgfri gr\u00e6nse for mislykkede fors\u00f8g<\/li>\n<li>Antirivningsst\u00f8tte til kapacitetsbeholder (CC) og l\u00e5sebits<\/li>\n<li>ECC-underst\u00f8ttet originalitetskontrol<\/li>\n<li>Datalagringstid p\u00e5 10 \u00e5r<\/li>\n<li>Skriv udholdenhed 100.000 cyklusser<\/li>\n<\/ul>\n<\/div>\n<\/div>\n<\/div>\n<\/div>\n<p>&nbsp;<\/p>\n<div class=\"auto-hide-last-sibling-br paragraph_1252f paragraph-element\"><\/div>\n<div class=\"auto-hide-last-sibling-br paragraph_1252f paragraph-element\"><\/div>\n<\/div>\n<\/div>\n<\/div>\n<\/div>\n<\/div>","protected":false},"excerpt":{"rendered":"<p>NFC Laundry Token-NTAG216, ogs\u00e5 kendt som PPS-vaskbare NFC-tags, er lavet til situationer, der kr\u00e6ver et robust tag, der er i stand til at h\u00e5ndtere barske driftsmilj\u00f8er.<\/p>","protected":false},"featured_media":160,"template":"","meta":{"_kad_post_transparent":"default","_kad_post_title":"","_kad_post_layout":"default","_kad_post_sidebar_id":"","_kad_post_content_style":"default","_kad_post_vertical_padding":"default","_kad_post_feature":"","_kad_post_feature_position":"","_kad_post_header":false,"_kad_post_footer":false,"_kad_post_classname":""},"product_brand":[],"product_cat":[21,17],"product_tag":[37,74,42,45],"class_list":{"0":"post-159","1":"product","2":"type-product","3":"status-publish","4":"has-post-thumbnail","6":"product_cat-pps-rfid-laundry-tag","7":"product_cat-nfc-rfid-laundry-tag","8":"product_tag-nfc-button","9":"product_tag-nfc-laundry-token-ntag216","10":"product_tag-pps-nfc-laundry-tag","11":"product_tag-pps-washable-nfc-tags","13":"first","14":"instock","15":"shipping-taxable","16":"product-type-simple","17":"entry","18":"content-bg","19":"loop-entry"},"_links":{"self":[{"href":"https:\/\/rfid-laundry-tag.com\/da\/wp-json\/wp\/v2\/product\/159","targetHints":{"allow":["GET"]}}],"collection":[{"href":"https:\/\/rfid-laundry-tag.com\/da\/wp-json\/wp\/v2\/product"}],"about":[{"href":"https:\/\/rfid-laundry-tag.com\/da\/wp-json\/wp\/v2\/types\/product"}],"version-history":[{"count":1,"href":"https:\/\/rfid-laundry-tag.com\/da\/wp-json\/wp\/v2\/product\/159\/revisions"}],"predecessor-version":[{"id":1317,"href":"https:\/\/rfid-laundry-tag.com\/da\/wp-json\/wp\/v2\/product\/159\/revisions\/1317"}],"wp:featuredmedia":[{"embeddable":true,"href":"https:\/\/rfid-laundry-tag.com\/da\/wp-json\/wp\/v2\/media\/160"}],"wp:attachment":[{"href":"https:\/\/rfid-laundry-tag.com\/da\/wp-json\/wp\/v2\/media?parent=159"}],"wp:term":[{"taxonomy":"product_brand","embeddable":true,"href":"https:\/\/rfid-laundry-tag.com\/da\/wp-json\/wp\/v2\/product_brand?post=159"},{"taxonomy":"product_cat","embeddable":true,"href":"https:\/\/rfid-laundry-tag.com\/da\/wp-json\/wp\/v2\/product_cat?post=159"},{"taxonomy":"product_tag","embeddable":true,"href":"https:\/\/rfid-laundry-tag.com\/da\/wp-json\/wp\/v2\/product_tag?post=159"}],"curies":[{"name":"wp","href":"https:\/\/api.w.org\/{rel}","templated":true}]}}