{"id":148,"date":"2024-06-14T13:17:06","date_gmt":"2024-06-14T13:17:06","guid":{"rendered":"https:\/\/rfid-laundry-tag.com\/?post_type=product&#038;p=148"},"modified":"2024-06-14T13:36:44","modified_gmt":"2024-06-14T13:36:44","slug":"uhf-rfid-laundry-tag-button","status":"publish","type":"product","link":"https:\/\/rfid-laundry-tag.com\/da\/vare\/uhf-rfid-laundry-tag-button\/","title":{"rendered":"UHF RFID vaskem\u00e6rkeknap"},"content":{"rendered":"<div class=\"J_module\">\n<div class=\"ife-detail-decorate-table\">\n<table class=\"has-title all magic-6\">\n<tbody>\n<tr>\n<td colspan=\"1\" rowspan=\"1\">\n<div class=\"magic-7\" data-spm-anchor-id=\"a2700.details.0.i45.77607d98vZbcDU\"><span class=\"magic-8\" style=\"color: #363535;\">Varens navn<\/span><\/div>\n<\/td>\n<td colspan=\"1\" rowspan=\"1\">\n<div class=\"magic-9\"><strong><span class=\"magic-8\">UHF RFID vaskem\u00e6rkeknap<\/span><\/strong><\/div>\n<\/td>\n<\/tr>\n<tr>\n<td colspan=\"1\" rowspan=\"1\">\n<div class=\"magic-7\"><span class=\"magic-10\" data-spm-anchor-id=\"a2700.pc-decorate.0.i10.28d333330XLbTD\"><span class=\"magic-8\">Materiale<\/span><\/span><\/div>\n<\/td>\n<td colspan=\"1\" rowspan=\"1\">\n<div class=\"magic-9\"><span class=\"magic-8\">PPS<\/span><\/div>\n<\/td>\n<\/tr>\n<tr>\n<td colspan=\"1\" rowspan=\"1\">\n<div class=\"magic-7\"><span class=\"magic-8\">Farve<\/span><\/div>\n<\/td>\n<td colspan=\"1\" rowspan=\"1\">\n<div class=\"magic-9\"><span class=\"magic-8\">Sort<\/span><\/div>\n<\/td>\n<\/tr>\n<tr>\n<td colspan=\"1\" rowspan=\"1\">MOQ<\/td>\n<td colspan=\"1\" rowspan=\"1\">500 stk<\/td>\n<\/tr>\n<tr>\n<td colspan=\"1\" rowspan=\"1\">\n<div class=\"magic-7\"><span class=\"magic-8\">Producent\/Chip<\/span><\/div>\n<\/td>\n<td colspan=\"1\" rowspan=\"1\">\n<div class=\"magic-9\"><span class=\"magic-8\">NXP UCODE 8, UCODE 9, Alien Higgs 9<\/span><\/div>\n<\/td>\n<\/tr>\n<tr>\n<td colspan=\"1\" rowspan=\"1\">\n<div class=\"magic-7\"><span class=\"magic-8\">Frekvens<\/span><\/div>\n<\/td>\n<td colspan=\"1\" rowspan=\"1\">\n<div class=\"magic-9\"><span class=\"magic-8\">860-960MHz\/<\/span><\/div>\n<\/td>\n<\/tr>\n<tr>\n<td colspan=\"1\" rowspan=\"1\">\n<div class=\"magic-7\"><span class=\"magic-8\">Hukommelse<\/span><\/div>\n<\/td>\n<td colspan=\"1\" rowspan=\"1\">\n<div class=\"magic-9\"><span class=\"magic-8\">96 bits\/128 bits<\/span><\/div>\n<\/td>\n<\/tr>\n<tr>\n<td colspan=\"1\" rowspan=\"1\">\n<div class=\"magic-7\"><span class=\"magic-8\">L\u00e6s afstand<\/span><\/div>\n<\/td>\n<td colspan=\"1\" rowspan=\"1\">\n<div class=\"magic-9\"><span class=\"magic-8\">1-6m<\/span><\/div>\n<\/td>\n<\/tr>\n<tr>\n<td colspan=\"1\" rowspan=\"1\">\n<div class=\"magic-7\"><span class=\"magic-8\">Arbejdstilstand<\/span><\/div>\n<\/td>\n<td colspan=\"1\" rowspan=\"1\">\n<div class=\"magic-9\"><span class=\"magic-8\">passiv<\/span><\/div>\n<\/td>\n<\/tr>\n<tr>\n<td colspan=\"1\" rowspan=\"1\">\n<div class=\"magic-7\"><span class=\"magic-8\">Arbejdstemperatur<\/span><\/div>\n<\/td>\n<td colspan=\"1\" rowspan=\"1\">\n<div class=\"magic-9\"><span class=\"magic-8\">-25\u2103~+110\u2103<\/span><\/div>\n<\/td>\n<\/tr>\n<tr>\n<td colspan=\"1\" rowspan=\"1\">\n<div class=\"magic-7\"><span class=\"magic-8\">Opbevaringstemperatur<\/span><\/div>\n<\/td>\n<td colspan=\"1\" rowspan=\"1\">\n<div class=\"magic-9\"><span class=\"magic-8\">-40\u2103~+85\u2103<\/span><\/div>\n<\/td>\n<\/tr>\n<tr>\n<td colspan=\"1\" rowspan=\"1\">\n<div class=\"magic-7\">\n<div><span class=\"magic-8\">\u00a0<\/span><\/div>\n<p><span class=\"magic-8\">Kortvarig temperaturmodstand<\/span><\/p>\n<\/div>\n<\/td>\n<td colspan=\"1\" rowspan=\"1\">\n<div class=\"magic-9\"><span class=\"magic-8\">vask: 90 \u2103, 15 minutter; konverter fort\u00f8rring: 180 \u2103, 30 minutter, 200 gange; strygning: 180 \u2103, 10 sekunder, 200 gange; h\u00f8j<br \/>\ntemperatursterilisering: 135\u2103, 20 minutter<\/span><\/div>\n<\/td>\n<\/tr>\n<tr>\n<td colspan=\"1\" rowspan=\"1\">\n<div class=\"magic-7\"><span class=\"magic-8\">Funktioner<\/span><\/div>\n<\/td>\n<td colspan=\"1\" rowspan=\"1\">\n<div class=\"magic-9\"><span class=\"magic-8\">vandt\u00e6t, vaskbar, modstandsdygtig over for h\u00f8je temperaturer<\/span><\/div>\n<\/td>\n<\/tr>\n<tr>\n<td colspan=\"1\" rowspan=\"1\">\n<div class=\"magic-7\"><span class=\"magic-8\">Liv<\/span><\/div>\n<\/td>\n<td colspan=\"1\" rowspan=\"1\">\n<div class=\"magic-9\"><span class=\"magic-8\">vask 200 gange eller 3 \u00e5r<\/span><\/div>\n<\/td>\n<\/tr>\n<tr>\n<td colspan=\"1\" rowspan=\"1\">\n<div class=\"magic-7\"><span class=\"magic-8\">Ans\u00f8gninger<\/span><\/div>\n<\/td>\n<td colspan=\"1\" rowspan=\"1\">\n<div class=\"magic-9\"><span class=\"magic-8\">vaskeri styring og sporing<\/span><\/div>\n<\/td>\n<\/tr>\n<\/tbody>\n<\/table>\n<\/div>\n<\/div>\n<div class=\"J_module\">\n<div class=\"detail-decorate-json-renderer-container\">\n<div class=\"magic-1\">\n<div class=\"magic-2\">\n<div class=\"magic-3\">\n<div><\/div>\n<div class=\"magic-4\">\n<div><strong>RFID knapm\u00e6rke<\/strong><\/div>\n<div><\/div>\n<\/div>\n<\/div>\n<div>\n<div class=\"auto-hide-last-sibling-br paragraph_1252f paragraph-element\">PPS h\u00f8jtemperaturbestandige vaskem\u00e6rker fungerer som en fremragende sporingsl\u00f8sning til kommercielle omgivelser som kantiner og restauranter, hvor store m\u00e6ngder service konstant h\u00e5ndteres.<\/div>\n<\/div>\n<div>\n<div><\/div>\n<\/div>\n<\/div>\n<p><strong>Chip muligheder:<\/strong><\/p>\n<p><strong>NXP&#039;s UCODE 8<\/strong> og UCODE 8m IC&#039;er er produkter af UCODE-familien. UCODE 8\/8m tilbyder h\u00f8j ydeevne og funktioner til brug i de mest kr\u00e6vende RFID-tagging-applikationer.<\/p>\n<p>S\u00e6rligt velegnet til lagerstyringsapplikationer, som f.eks. detailhandel og mode, med sin dokumenterede RF-ydeevne for enhver given formfaktor, muligg\u00f8r UCODE 8\/8m lang l\u00e6seafstand og hurtig opg\u00f8relse af t\u00e6tte RFID-tags. Med sit bredb\u00e5ndsdesign giver det mulighed for at fremstille \u00e6gte global RFID-label med h\u00f8j ydeevne over verdensomsp\u00e6ndende regler.<\/p>\n<p>Enheden har ogs\u00e5 en selvjusteringsfunktion, et produktstatusflag for elektronisk artikeloverv\u00e5gning (EAS)-applikation, pr\u00e6-serialiseret 96-bit EPC, m\u00e6rkeidentifikator og EPC Gen2v2-klagen Untraceable-kommandoen.<\/p>\n<div id=\"featuresXsp\" class=\"features-list toggle-opacity in\">\n<div class=\"features-xsp\">\n<div class=\"collapse-mobile ste-list\">\n<h3>N\u00f8glefunktioner<\/h3>\n<ul class=\"boxes\">\n<li>L\u00e6sef\u00f8lsomhed -23dBm<\/li>\n<li>Skrivef\u00f8lsomhed -18dBm<\/li>\n<li>Innovativ funktionalitet\n<ul>\n<li>Selvjustering<\/li>\n<li>Hukommelsesbeskyttelse<\/li>\n<li>Ikke sporbar<\/li>\n<li>Pre-serialisering til 96-bit EPC<\/li>\n<li>Integreret produktstatusflag (PSF)<\/li>\n<\/ul>\n<\/li>\n<li>Kompatibel med enkeltspalte antenne<\/li>\n<li>Op til 128-bit EPC<\/li>\n<li>96-bit Unique Tag Identify (TID) fabriksl\u00e5st, inklusive 48-bit unikt serienummer<\/li>\n<li>EPC Gen2v2<\/li>\n<\/ul>\n<\/div>\n<div class=\"collapse-mobile ste-list\">\n<h3>Hukommelse<\/h3>\n<ul class=\"boxes\">\n<li>128-bit\/96-bit (UCODE 8\/UCODE 8m) EPC-hukommelse<\/li>\n<li>Underst\u00f8tter pr\u00e6-serialisering til 96-bit EPC<\/li>\n<li>96-bit Tag IDentifier (TID) fabriksl\u00e5st<\/li>\n<li>48-bit unikt serienummer fabrikskodet til TID<\/li>\n<li>0-bit\/32-bit (UCODE 8\/UCODE 8m) Brugerhukommelse<\/li>\n<li>32-bit kill-adgangskode for permanent at deaktivere tagget<\/li>\n<li>32-bit adgangskode<\/li>\n<li>Bredt driftstemperaturomr\u00e5de: -40\u00a0<sup>\u00b0<\/sup>C op til +85\u00a0<sup>\u00b0<\/sup>C<\/li>\n<li>EPC Gen2v2<\/li>\n<\/ul>\n<p><strong>NXP&#039;s UCODE 9<\/strong><\/p>\n<p>Med UCODE 9 f\u00e5r kr\u00e6vende RAIN RFID-tagging-applikationer et l\u00f8ft, s\u00e5 detailhandlere og smartlogistikvirksomheder kan accelerere deres IoT-adoption.<\/p>\n<p>Med sin \u00f8gede ydeevne giver UCODE 9 mulighed for mere effektive lageropt\u00e6llinger. Derudover giver UCODE 9 mulighed for genbrug af de eksisterende UCODE 8-indl\u00e6gsantennedesign, som tilbyder en nem migreringssti fra UCODE 8 til UCODE 9.<\/p>\n<p>Dens h\u00f8jere chip-ydeevne muligg\u00f8r mindre indl\u00e6gsdesign, som hj\u00e6lper med at reducere brugen af plastik og aluminium og derved fremme milj\u00f8m\u00e6ssig b\u00e6redygtighed.<\/p>\n<div class=\"collapse-mobile ste-list\">\n<h3>N\u00f8glefunktioner<\/h3>\n<ul class=\"boxes\">\n<li>L\u00e6sef\u00f8lsomhed: -24 dBm<\/li>\n<li>Skrivef\u00f8lsomhed: -22 dBm<\/li>\n<li>Kodningshastighed: 32 bit p\u00e5 0,96 ms<\/li>\n<li>Udskiftning af drop-in-antenne til UCODE 8<\/li>\n<li>Selvjusterer<\/li>\n<li>Hukommelsessikring<\/li>\n<li>Pre-serialisering af 96-bit EPC<\/li>\n<\/ul>\n<\/div>\n<div class=\"collapse-mobile ste-list\">\n<h3>Hukommelse<\/h3>\n<ul class=\"boxes\">\n<li>96-bit EPC-hukommelse<\/li>\n<li>Underst\u00f8tter pr\u00e6-serialisering af 96-bit EPC<\/li>\n<li>96-bit Tag IDentifier (TID) fabriksl\u00e5st<\/li>\n<li>48-bit unikt serienummer fabrikskodet til TID<\/li>\n<li>32-bit kill-adgangskode for permanent at deaktivere tagget<\/li>\n<li>Bredt driftstemperaturomr\u00e5de: -40 \u00b0C op til +85 \u00b0C<\/li>\n<li>100k skrive cyklus udholdenhed<\/li>\n<li>20 \u00e5rs dataopbevaring<\/li>\n<\/ul>\n<\/div>\n<\/div>\n<\/div>\n<\/div>\n<div class=\"magic-2\">\n<div>\n<div class=\"auto-hide-last-sibling-br paragraph_1252f paragraph-element\">\n<h2>Alien Higgs<span class=\"sup\">\u2122<\/span>\u00a09<\/h2>\n<p>High Capacity GS1 Class 1 Gen 2 RFID Tag IC<\/p>\n<h4 class=\"alternative\">H\u00f8jdepunkter<\/h4>\n<ul>\n<li>Overholder GS1 Klasse 1 Gen 2 og ISO\/IEC 18000-6C<\/li>\n<li>Verdensomsp\u00e6ndende drift i RFID UHF-b\u00e5ndene (840-960 MHz)<\/li>\n<li>1024-bits NVM\/RAM-hukommelse<\/li>\n<li>Op til 496-EPC bits (nominelt 96 bits)<\/li>\n<li>Op til 688 brugerbits<\/li>\n<li>48 Bit Unik TID<\/li>\n<li>32 bit adgang og 32 bit Kill Pass-<br \/>\nord<\/li>\n<li>Forprogrammeret med en unik, u\u00e6ndret<br \/>\nkan 48-bit serienummer<\/li>\n<li>Brugerhukommelse kan blokeres permanent<br \/>\nL\u00e5st samt l\u00e6s adgangskode pro-<br \/>\noptaget i 256 bit blokke<\/li>\n<li>Lav effekt drift til b\u00e5de l\u00e6se og<br \/>\nprogram<\/li>\n<li>QuickWrite\u2122 \/ BlastWrite\u2122 \u2013 H\u00f8j hastighed<br \/>\nchip- og masseprogrammering<\/li>\n<li>Dynamic AuthenticationTM anti-kloning \/<br \/>\nteknologi til bek\u00e6mpelse af forfalskning<\/li>\n<li>Enest\u00e5ende r\u00e6kkevidde, op til 13m<br \/>\nmed passende antenne.<\/li>\n<\/ul>\n<\/div>\n<div class=\"auto-hide-last-sibling-br paragraph_1252f paragraph-element\">UHF RFID PPS Button Laundry Tags er kompakte, fjerlette identifikatorer designet til linnedsporingsform\u00e5l. De kan s\u00e6ttes p\u00e5 forskellige tekstilgenstande som sokker, skjorter og h\u00e5ndkl\u00e6der, og kan detekteres p\u00e5 flere meters afstand af UHF RFID-scannere. Disse tags sikrer ikke kun effektiv sporing og minimerer tab af varer inden for en vaskeritjeneste, men deres unikke knapstil g\u00f8r dem nemme at fastg\u00f8re til t\u00f8jet.<\/div>\n<div class=\"auto-hide-last-sibling-br paragraph_1252f paragraph-element\"><\/div>\n<\/div>\n<\/div>\n<\/div>\n<\/div>\n<\/div>","protected":false},"excerpt":{"rendered":"<p>UHF RFID vaskem\u00e6rkeknap, der fungerer ved 865-867 MHz. Disse tags er sm\u00e5, lette og designet eksplicit til sporing af vasket\u00f8j, hvilket g\u00f8r dem velegnede til t\u00f8jh\u00e5ndtering. Taggene har en l\u00e6ser\u00e6kkevidde p\u00e5 op til 3m, som specificeret.<\/p>","protected":false},"featured_media":149,"template":"","meta":{"_kad_post_transparent":"default","_kad_post_title":"","_kad_post_layout":"default","_kad_post_sidebar_id":"","_kad_post_content_style":"default","_kad_post_vertical_padding":"default","_kad_post_feature":"","_kad_post_feature_position":"","_kad_post_header":false,"_kad_post_footer":false,"_kad_post_classname":""},"product_brand":[],"product_cat":[21,16],"product_tag":[41,35,33,30],"class_list":{"0":"post-148","1":"product","2":"type-product","3":"status-publish","4":"has-post-thumbnail","6":"product_cat-pps-rfid-laundry-tag","7":"product_cat-uhf-rfid-laundry-tags","8":"product_tag-pps-uhf-rfid-laundry-tag","9":"product_tag-rfid-button","10":"product_tag-rfid-laundry-tag-button","11":"product_tag-uhf-rfid-laundry-tag","13":"first","14":"instock","15":"shipping-taxable","16":"product-type-simple","17":"entry","18":"content-bg","19":"loop-entry"},"_links":{"self":[{"href":"https:\/\/rfid-laundry-tag.com\/da\/wp-json\/wp\/v2\/product\/148","targetHints":{"allow":["GET"]}}],"collection":[{"href":"https:\/\/rfid-laundry-tag.com\/da\/wp-json\/wp\/v2\/product"}],"about":[{"href":"https:\/\/rfid-laundry-tag.com\/da\/wp-json\/wp\/v2\/types\/product"}],"version-history":[{"count":0,"href":"https:\/\/rfid-laundry-tag.com\/da\/wp-json\/wp\/v2\/product\/148\/revisions"}],"wp:featuredmedia":[{"embeddable":true,"href":"https:\/\/rfid-laundry-tag.com\/da\/wp-json\/wp\/v2\/media\/149"}],"wp:attachment":[{"href":"https:\/\/rfid-laundry-tag.com\/da\/wp-json\/wp\/v2\/media?parent=148"}],"wp:term":[{"taxonomy":"product_brand","embeddable":true,"href":"https:\/\/rfid-laundry-tag.com\/da\/wp-json\/wp\/v2\/product_brand?post=148"},{"taxonomy":"product_cat","embeddable":true,"href":"https:\/\/rfid-laundry-tag.com\/da\/wp-json\/wp\/v2\/product_cat?post=148"},{"taxonomy":"product_tag","embeddable":true,"href":"https:\/\/rfid-laundry-tag.com\/da\/wp-json\/wp\/v2\/product_tag?post=148"}],"curies":[{"name":"wp","href":"https:\/\/api.w.org\/{rel}","templated":true}]}}