{"id":145,"date":"2024-06-14T10:04:26","date_gmt":"2024-06-14T10:04:26","guid":{"rendered":"https:\/\/rfid-laundry-tag.com\/?post_type=product&#038;p=145"},"modified":"2024-09-08T04:26:06","modified_gmt":"2024-09-08T04:26:06","slug":"uhf-rfid-textile-label","status":"publish","type":"product","link":"https:\/\/rfid-laundry-tag.com\/da\/vare\/uhf-rfid-textile-label\/","title":{"rendered":"UHF RFID tekstilm\u00e6rke"},"content":{"rendered":"<div>\n<div class=\"auto-hide-last-sibling-br paragraph_1252f paragraph-element\">\n<table width=\"637\">\n<tbody>\n<tr>\n<td width=\"328\">Varenavn:<\/td>\n<td width=\"309\">UHF RFID tekstilm\u00e6rke<\/td>\n<\/tr>\n<tr>\n<td width=\"328\">RFID standard:<\/td>\n<td width=\"309\">ISO\/IEC 18000-6 TypeC (EPC Gen2)<\/td>\n<\/tr>\n<tr>\n<td width=\"328\">St\u00f8rrelse og v\u00e6gt:<\/td>\n<td width=\"309\">70\u00d715 mm, 0,6g<\/td>\n<\/tr>\n<tr>\n<td width=\"328\">Chip type:<\/td>\n<td width=\"309\">Impinj Monza 4QT,NXP U CODE 8\uff0cNXP U CODE 9<\/td>\n<\/tr>\n<tr>\n<td width=\"328\">EPC-hukommelse:<\/td>\n<td width=\"309\">128 bit<\/td>\n<\/tr>\n<tr>\n<td width=\"328\">Brugerhukommelse:<\/td>\n<td width=\"309\">512 bit<\/td>\n<\/tr>\n<tr>\n<td width=\"328\">L\u00e6seomr\u00e5de (2W ERP FCC):<\/td>\n<td width=\"309\">8m<\/td>\n<\/tr>\n<tr>\n<td width=\"328\">L\u00e6seomr\u00e5de (2W ERP ETSI):<\/td>\n<td width=\"309\">8m<\/td>\n<\/tr>\n<tr>\n<td width=\"328\">Tagging:<\/td>\n<td width=\"309\">Syning, Varmstempling kl\u00e6bemiddel<\/td>\n<\/tr>\n<tr>\n<td width=\"328\">Estimeret levetid:<\/td>\n<td width=\"309\">200 vaskecyklusser eller 3 \u00e5r, alt efter hvad der kommer f\u00f8rst<\/td>\n<\/tr>\n<tr>\n<td width=\"328\">Vaskemetode:<\/td>\n<td width=\"309\">T\u00f8jvask, Renseri<\/td>\n<\/tr>\n<tr>\n<td width=\"328\">Vandudvindingstryk:<\/td>\n<td width=\"309\">60 bar<\/td>\n<\/tr>\n<tr>\n<td width=\"328\">Vandt\u00e6thed:<\/td>\n<td width=\"309\">Vandafvisende<\/td>\n<\/tr>\n<tr>\n<td width=\"328\">Kemisk modstand:<\/td>\n<td width=\"309\">Reng\u00f8ringsmiddel, bl\u00f8dg\u00f8ringsmiddel, blegemiddel (ilt\/klor), alkali<\/td>\n<\/tr>\n<tr>\n<td width=\"328\">Fort\u00f8rring i t\u00f8rretumbler:<\/td>\n<td width=\"309\">125 \u00baC i 15-20 minutter<\/td>\n<\/tr>\n<tr>\n<td width=\"328\">Steriliseringstemperatur:<\/td>\n<td width=\"309\">135\u00b0C i 15-20 minutter<\/td>\n<\/tr>\n<tr>\n<td width=\"328\">Vasketemperatur:<\/td>\n<td width=\"309\">90\u00b0C, op til 15 min.<\/td>\n<\/tr>\n<tr>\n<td width=\"328\">Fugtighed\/temperaturdrift:<\/td>\n<td width=\"309\">-20 til 110\u00b0C, 8 til 95%RH<\/td>\n<\/tr>\n<tr>\n<td width=\"328\">Fugtighed\/temperatur-opbevaring:<\/td>\n<td width=\"309\">-40 til 110\u00b0C, 8 til 95%RH<\/td>\n<\/tr>\n<\/tbody>\n<\/table>\n<\/div>\n<div class=\"auto-hide-last-sibling-br paragraph_1252f paragraph-element\"><\/div>\n<\/div>\n<div class=\"auto-hide-last-sibling-br paragraph_1252f paragraph-element\">\n<div data-spm-anchor-id=\"a2700.details.0.i57.23b419c7xXORP0\"><span data-spm-anchor-id=\"a2700.details.0.i75.23b419c7xXORP0\"><b>Funktion:<\/b><br \/>\n1) UHF-teknologi til at l\u00e6se hundredvis af tags samtidigt.<br \/>\n2) Mere end 8 fods l\u00e6seafstand.<br \/>\n3) Nyt mekanisk design for forbedret ydeevne for fladt senget\u00f8j.<br \/>\n4) Velegnet til h\u00f8jtrykssugere op til 60 bar.<br \/>\n5) Velegnet til autoklave sterilisering.<br \/>\n6) Lille, bl\u00f8dt, fleksibelt materiale ideelt til tekstiler, senget\u00f8j, bekl\u00e6dningsgenstande og tilbeh\u00f8r.<\/span><\/div>\n<\/div>\n<div data-spm-anchor-id=\"a2700.details.0.i57.23b419c7xXORP0\"><\/div>\n<div data-spm-anchor-id=\"a2700.details.0.i57.23b419c7xXORP0\">\n<p><img fetchpriority=\"high\" decoding=\"async\" class=\"wp-image-55\" src=\"https:\/\/rfid-laundry-tag.com\/wp-content\/uploads\/2024\/06\/4-300x275.png\" alt=\"RFID Tag for linen laundry\" width=\"605\" height=\"555\" srcset=\"https:\/\/rfid-laundry-tag.com\/wp-content\/uploads\/2024\/06\/4-300x275.png 300w, https:\/\/rfid-laundry-tag.com\/wp-content\/uploads\/2024\/06\/4-600x550.png 600w, https:\/\/rfid-laundry-tag.com\/wp-content\/uploads\/2024\/06\/4-13x12.png 13w, https:\/\/rfid-laundry-tag.com\/wp-content\/uploads\/2024\/06\/4.png 750w\" sizes=\"(max-width: 605px) 100vw, 605px\" \/><\/p>\n<\/div>\n<h3 class=\"wp-block-heading\">Installation<\/h3>\n<p><strong>Stitch Tagging<\/strong>: Skal sys ind i kanten af et tekstil. Sy vaskem\u00e6rket v\u00e6k fra foldelinjerne.<br \/>\n<strong>Varmeforsegling<\/strong>: Skal varmeforsegles direkte p\u00e5 tekstilet ved +200\u00b0C (392\u00b0F), i 12~14s.<br \/>\n<strong>I pose<\/strong>: Skal sys som en standard plejelabel. Sy vaskem\u00e6rket v\u00e6k fra foldelinjerne.<\/p>\n<div class=\"auto-hide-last-sibling-br paragraph_1252f paragraph-element\">\n<div class=\"auto-hide-last-sibling-br paragraph_1252f paragraph-element\">RFID-tekstilm\u00e6rker til uniform til linnedvask er uundv\u00e6rlige p\u00e5 tv\u00e6rs af et utal af industrier, hvilket er afg\u00f8rende for effektiv aktivsporing, lagerstyring og \u00f8ger den samlede operationelle effektivitet. Her er et glimt af deres anvendelse i forskellige sektorer:<\/div>\n<\/div>\n<h1 id=\"hero-title\" class=\"sp-hero-title\">UCODE 9xe: UCODE 9 med mere EPC-hukommelse<\/h1>\n<p>Denne UCODE 9-variant tilbyder 128 bit EPC-hukommelse og kan gemme vigtige attributter, s\u00e5som udl\u00f8bsdato eller produktionsinformation, direkte p\u00e5 IC&#039;en. Dette g\u00f8r det muligt for IoT-applikationer at v\u00e6re endnu smartere end f\u00f8r.<\/p>\n<p>UCODE 9xe er designet som en drop-in-erstatning for den h\u00f8jtydende UCODE 9 og tilbyder det samme funktionss\u00e6t, RF-ydeevne og kompatibilitet med Auburn ARC-certificerede antenner som UCODE 9, men med 128 bit elektronisk produktkode (EPC) hukommelse til at underst\u00f8tte en bredere vifte af IoT-brugssager. Resultatet er et RAIN RFID-tag, der er til gavn for b\u00e5de m\u00e6rkeejere, forhandlere og forbrugere.<\/p>\n<h3>Funktioner<\/h3>\n<div id=\"featuresXsp\" class=\"features-list\">\n<div class=\"features-xsp\">\n<div class=\"collapse-mobile ste-list-ul\">\n<ul class=\"boxes\">\n<li>L\u00e6sef\u00f8lsomhed: 24 dBm<\/li>\n<li>Skrivef\u00f8lsomhed: 22 dBm<\/li>\n<li>128-bit EPC-hukommelse<\/li>\n<li>Drop-in erstatning for UCODE 9 \/ UCODE 8<\/li>\n<li>Selvjusterer<\/li>\n<li>Hukommelsessikring<\/li>\n<li>Pre-serialisering af 96-bit EPC<\/li>\n<\/ul>\n<\/div>\n<\/div>\n<\/div>\n<div class=\"auto-hide-last-sibling-br paragraph_1252f paragraph-element\">\n<p>&nbsp;<\/p>\n<\/div>","protected":false},"excerpt":{"rendered":"<p>UHF RFID-tekstiletiketter er konstrueret til at fungere fejlfrit p\u00e5 trods af at de uds\u00e6ttes for h\u00e5rde vaskeprocesser, herunder sterilisering, h\u00f8jtemperaturvask, oprensning, t\u00f8rring og presning.<\/p>","protected":false},"featured_media":146,"template":"","meta":{"_kad_post_transparent":"default","_kad_post_title":"","_kad_post_layout":"default","_kad_post_sidebar_id":"","_kad_post_content_style":"default","_kad_post_vertical_padding":"default","_kad_post_feature":"","_kad_post_feature_position":"","_kad_post_header":false,"_kad_post_footer":false,"_kad_post_classname":""},"product_brand":[],"product_cat":[19,16],"product_tag":[65,30,68],"class_list":{"0":"post-145","1":"product","2":"type-product","3":"status-publish","4":"has-post-thumbnail","6":"product_cat-textile-rfid-laundry-tag","7":"product_cat-uhf-rfid-laundry-tags","8":"product_tag-textile-rfid-laundry-tags","9":"product_tag-uhf-rfid-laundry-tag","10":"product_tag-uhf-rfid-textile-label","12":"first","13":"instock","14":"featured","15":"shipping-taxable","16":"product-type-simple","17":"entry","18":"content-bg","19":"loop-entry"},"_links":{"self":[{"href":"https:\/\/rfid-laundry-tag.com\/da\/wp-json\/wp\/v2\/product\/145","targetHints":{"allow":["GET"]}}],"collection":[{"href":"https:\/\/rfid-laundry-tag.com\/da\/wp-json\/wp\/v2\/product"}],"about":[{"href":"https:\/\/rfid-laundry-tag.com\/da\/wp-json\/wp\/v2\/types\/product"}],"version-history":[{"count":1,"href":"https:\/\/rfid-laundry-tag.com\/da\/wp-json\/wp\/v2\/product\/145\/revisions"}],"predecessor-version":[{"id":1299,"href":"https:\/\/rfid-laundry-tag.com\/da\/wp-json\/wp\/v2\/product\/145\/revisions\/1299"}],"wp:featuredmedia":[{"embeddable":true,"href":"https:\/\/rfid-laundry-tag.com\/da\/wp-json\/wp\/v2\/media\/146"}],"wp:attachment":[{"href":"https:\/\/rfid-laundry-tag.com\/da\/wp-json\/wp\/v2\/media?parent=145"}],"wp:term":[{"taxonomy":"product_brand","embeddable":true,"href":"https:\/\/rfid-laundry-tag.com\/da\/wp-json\/wp\/v2\/product_brand?post=145"},{"taxonomy":"product_cat","embeddable":true,"href":"https:\/\/rfid-laundry-tag.com\/da\/wp-json\/wp\/v2\/product_cat?post=145"},{"taxonomy":"product_tag","embeddable":true,"href":"https:\/\/rfid-laundry-tag.com\/da\/wp-json\/wp\/v2\/product_tag?post=145"}],"curies":[{"name":"wp","href":"https:\/\/api.w.org\/{rel}","templated":true}]}}