{"id":143,"date":"2024-06-14T09:55:34","date_gmt":"2024-06-14T09:55:34","guid":{"rendered":"https:\/\/rfid-laundry-tag.com\/?post_type=product&#038;p=143"},"modified":"2024-09-26T04:10:00","modified_gmt":"2024-09-26T04:10:00","slug":"textile-rfid-tags-for-laundry","status":"publish","type":"product","link":"https:\/\/rfid-laundry-tag.com\/da\/vare\/textile-rfid-tags-for-laundry\/","title":{"rendered":"Tekstil RFID tags til vasket\u00f8j"},"content":{"rendered":"<div>\n<div class=\"auto-hide-last-sibling-br paragraph_1252f paragraph-element\">\n<h1>Tekstil RFID tags til vasket\u00f8j<\/h1>\n<table width=\"593\">\n<tbody>\n<tr>\n<td width=\"233\">RF Air Protocol<\/td>\n<td colspan=\"4\" width=\"360\">EPC Global Class 1 Gen2 ISO18000-6C<\/td>\n<\/tr>\n<tr>\n<td width=\"233\">Driftsfrekvens<\/td>\n<td colspan=\"4\" width=\"360\">UHF 866-868 MHz (ETSI) \/UHF 902-928 MHz (FCC)<\/td>\n<\/tr>\n<tr>\n<td width=\"233\">Milj\u00f8kompatibilitet<\/td>\n<td colspan=\"4\" width=\"360\">Optimeret i luft<\/td>\n<\/tr>\n<tr>\n<td width=\"233\">Dataopbevaringsperiode<\/td>\n<td colspan=\"4\" width=\"360\">50 \u00e5r<\/td>\n<\/tr>\n<tr>\n<td width=\"233\">L\u00e6s Range<\/td>\n<td colspan=\"4\" width=\"360\">Op til 5,5 m (af metal)<\/td>\n<\/tr>\n<tr>\n<td width=\"233\">Polarisering<\/td>\n<td colspan=\"4\" width=\"360\">Line\u00e6r<\/td>\n<\/tr>\n<tr>\n<td width=\"233\">IC type<\/td>\n<td colspan=\"4\" width=\"360\">NXP U KODE 8, U KODE 9 osv<\/td>\n<\/tr>\n<tr>\n<td width=\"233\">Hukommelseskonfiguration<\/td>\n<td colspan=\"4\" width=\"360\">EPC 128bit TID 96bit Bruger 32bit<\/td>\n<\/tr>\n<tr>\n<td colspan=\"5\" width=\"593\">Mekaniske skillelinjer<\/td>\n<\/tr>\n<tr>\n<td width=\"233\">Overfladematerialer<\/td>\n<td colspan=\"4\" width=\"360\">Tekstil<\/td>\n<\/tr>\n<tr>\n<td width=\"233\">Dimensioner (mm)<\/td>\n<td colspan=\"4\" width=\"360\">15*70*1,5 mm<\/td>\n<\/tr>\n<tr>\n<td width=\"233\">V\u00e6gt (g)<\/td>\n<td colspan=\"4\" width=\"360\">0,7 g<\/td>\n<\/tr>\n<tr>\n<td rowspan=\"2\" width=\"233\">Vedh\u00e6ftet fil<\/td>\n<td colspan=\"4\" width=\"360\">Sy i s\u00f8mmen eller den v\u00e6vede etiket<\/td>\n<\/tr>\n<tr>\n<td colspan=\"4\" width=\"360\">Varmeforsegling ved 215\u2103@15 sek. &amp; 4 bar<\/td>\n<\/tr>\n<tr>\n<td width=\"233\">Farve<\/td>\n<td colspan=\"4\" width=\"360\">Hvid<\/td>\n<\/tr>\n<tr>\n<td colspan=\"5\" width=\"593\">Environmetal Sepcifikationer<\/td>\n<\/tr>\n<tr>\n<td width=\"233\">Driftstemperatur<\/td>\n<td colspan=\"4\" width=\"360\">-30\u00b0C til +85\u00b0C<\/td>\n<\/tr>\n<tr>\n<td width=\"233\">Omgivelsestemperatur<\/td>\n<td colspan=\"4\" width=\"360\">-30\u00b0C til +100\u00b0C<\/td>\n<\/tr>\n<tr>\n<td width=\"233\">Mekanisk modstand<\/td>\n<td colspan=\"4\" width=\"360\">60 barer<\/td>\n<\/tr>\n<tr>\n<td width=\"233\">Kemisk resistens<\/td>\n<td colspan=\"4\" width=\"360\">Normale almindelige kemikalier i vaskeprocesserne<\/td>\n<\/tr>\n<tr>\n<td rowspan=\"4\" width=\"233\">Varmemodstand<\/td>\n<td colspan=\"4\" width=\"360\">Vask: 90 \u2103, 15 minutter, 200 cyklusser<\/td>\n<\/tr>\n<tr>\n<td colspan=\"4\" width=\"360\">Fort\u00f8rring: 180\u2103, 30 min<\/td>\n<\/tr>\n<tr>\n<td colspan=\"4\" width=\"360\">Strygning: 180\u2103, 10 sek., 200 cyklusser<\/td>\n<\/tr>\n<tr>\n<td colspan=\"4\" width=\"360\">Sterilisering: 135 \u2103, 20 min<\/td>\n<\/tr>\n<tr>\n<td width=\"233\">IP-klassificering<\/td>\n<td colspan=\"4\" width=\"360\">IP68<\/td>\n<\/tr>\n<tr>\n<td width=\"233\">Garanti<\/td>\n<td colspan=\"4\" width=\"360\">2 \u00e5r eller 200 gange vask<\/td>\n<\/tr>\n<\/tbody>\n<\/table>\n<\/div>\n<\/div>\n<div>\n<div>\n<h2>Fordele ved UHF RFID-vaskem\u00e6rker<\/h2>\n<p>Investering i\u00a0<strong>UHF RFID vaskem\u00e6rker<\/strong>\u00a0er en smart beslutning for enhver vaskeridrift, der \u00f8nsker at \u00f8ge produktiviteten og n\u00f8jagtigheden. Her er nogle overbevisende fordele:<\/p>\n<ul>\n<li><strong>Forbedret sporing<\/strong>: Med RFID-teknologi kan du spore hvert stykke vasket\u00f8j gennem hele dets rejse, fra vask til levering. Dette sikrer, at ingen ting g\u00e5r tabt i processen.<\/li>\n<li><strong>Holdbarhed<\/strong>: Vores tags er designet til at modst\u00e5 h\u00f8je temperaturer, flere vaske og endda belastningen ved industrielle vaskerier, hvilket g\u00f8r dem ideelle til langtidsbrug.<\/li>\n<li><strong>Omkostningseffektiv<\/strong>: Ved at reducere tab og forbedre lagerstyring giver RFID-vaskem\u00e6rker i sidste ende mulighed for betydelige omkostningsbesparelser.<\/li>\n<\/ul>\n<h2>N\u00f8glefunktioner ved UHF RFID-vaskem\u00e6rker<\/h2>\n<h3>1.\u00a0<strong>Vaskbart design for lang levetid<\/strong><\/h3>\n<p>Vores\u00a0<strong>RFID tekstilvaskem\u00e6rker<\/strong>\u00a0er konstrueret til at modst\u00e5 mere end 200 vaskecyklusser, hvilket sikrer p\u00e5lidelighed og holdbarhed. Disse tags er specielt designet til at t\u00e5le ekstreme vaskeforhold uden at forringe ydeevnen. De kan endda modst\u00e5 h\u00f8je temperaturer uden at miste deres sporingsevne, hvilket g\u00f8r dem perfekte til ethvert kommercielt vasket\u00f8j.<\/p>\n<h3>2.\u00a0<strong>Alsidighed i anvendelse<\/strong><\/h3>\n<p>Disse\u00a0<strong>tekstil RFID tags<\/strong>\u00a0er alsidige og kan bruges til forskellige form\u00e5l - fra sporing af t\u00f8j p\u00e5 hoteller til h\u00e5ndtering af linned i sundhedsfaciliteter. Deres robuste design g\u00f8r det muligt for dem at h\u00e5ndtere forskellige vaskemilj\u00f8er, samtidig med at de sikrer ensartet ydeevne.<\/p>\n<h3>3.\u00a0<strong>Nem integration<\/strong><\/h3>\n<p>Integrering\u00a0<strong>UHF RFID vaskem\u00e6rker<\/strong>\u00a0ind i dine eksisterende sporingssystemer er ligetil. M\u00e6rkerne kan problemfrit arbejde sammen med RFID-l\u00e6sere, hvilket giver realtidssynlighed i dit vasket\u00f8jsbeholdning. Dette betyder str\u00f8mlinede processer, forbedret n\u00f8jagtighed og bedre aktivstyring, ideel til h\u00e5ndtering af store m\u00e6ngder tekstilvarer.<\/p>\n<h3>4.\u00a0<strong>Vand- og temperaturbestandig<\/strong><\/h3>\n<p>Disse tags er designet til at modst\u00e5 belastningen ved industriel vaskeri og er b\u00e5de vandt\u00e6tte og modstandsdygtige over for h\u00f8je temperaturer. Denne holdbarhed sikrer lang levetid, hvilket giver dem mulighed for at bevare funktionaliteten gennem adskillige aggressive vaske og t\u00f8rrecyklusser, der er almindelige i kommercielle vaskerier.<\/p>\n<h3>5.\u00a0<strong>N\u00f8jagtig lagerstyring<\/strong><\/h3>\n<p>Med\u00a0<strong>RFID-vasket\u00f8jssporing<\/strong>, bliver det en leg at administrere din beholdning. Hvert m\u00e6rke indeholder en unik identifikator, der giver mulighed for automatisk sporing af hvert stykke vasket\u00f8j, hvilket eliminerer den manuelle check-in\/check-out proces. Denne funktion \u00f8ger effektiviteten og sikrer, at du altid ved, hvor dine aktiver er placeret.<\/p>\n<h3>6.\u00a0<strong>Milj\u00f8p\u00e5virkning<\/strong><\/h3>\n<p>Fremme af en b\u00e6redygtig tilgang, vores\u00a0<strong>vaskbare RFID-tags<\/strong>\u00a0er designet med \u00f8ko-venlighed for \u00f8je. De er genanvendelige og fremstillet af materialer, der reducerer spild sammenlignet med engangsm\u00e6rker. Dette b\u00e6redygtighedsaspekt er afg\u00f8rende, da organisationer i stigende grad prioriterer milj\u00f8ansvar.<\/p>\n<\/div>\n<div><\/div>\n<div>\n<h2>Brugsvejledning<\/h2>\n<ol>\n<li><strong>Forberedelse<\/strong>: F\u00f8r du p\u00e5f\u00f8rer m\u00e6rkerne p\u00e5 dine tekstiler, skal du sikre dig, at overfladen er ren og t\u00f8r.<\/li>\n<li><strong>Anvendelse<\/strong>: M\u00e6rker kan sys ind i t\u00f8jet eller kl\u00e6bes til linned efter dit behov.<\/li>\n<li><strong>Initialisering<\/strong>: Programmer hvert m\u00e6rke ved hj\u00e6lp af en RFID-l\u00e6ser til at tildele en unik identifikator til hvert stykke vasket\u00f8j.<\/li>\n<li><strong>Sporing<\/strong>: Brug en RFID-l\u00e6ser til at overv\u00e5ge og spore vasket\u00f8j gennem vaske- og leveringscyklusserne problemfrit.<\/li>\n<\/ol>\n<\/div>\n<div><\/div>\n<div class=\"auto-hide-last-sibling-br paragraph_1252f paragraph-element\"><strong>Tekstil RFID Tags til vasket\u00f8j<\/strong> tjene som et nyttigt v\u00e6rkt\u00f8j for virksomheder, der har behov for l\u00f8bende forsyninger af rent linned, arbejdsuniformer, medicinsk udstyr eller reng\u00f8ringsmaterialer, hvilket g\u00f8r det muligt for de automatiserede systemer at h\u00e5ndtere store m\u00e6ngder af individuelle genstande p\u00e5 en hurtig og pr\u00e6cis m\u00e5de.<\/div>\n<p>&nbsp;<\/p>\n<\/div>\n<div>\n<div class=\"auto-hide-last-sibling-br paragraph_1252f paragraph-element\"><strong>RFID tekstiletiketter<\/strong> funktion ved hj\u00e6lp af en specialiseret proces. Hver etiket er udstyret med en RFID-chip, der indeholder v\u00e6sentlige detaljer om produktet, s\u00e5som dets fremstillingsspecifikationer, unik identifikator, kilde, materialesammens\u00e6tning og s\u00e5 videre.<\/div>\n<div class=\"auto-hide-last-sibling-br paragraph_1252f paragraph-element\">Mekanismen til at udtr\u00e6kke denne indlejrede information inkorporerer et v\u00e6rkt\u00f8j kendt som en RFID-sender eller mere almindeligt en l\u00e6ser. Denne enhed transmitterer radiofrekvensb\u00f8lger, der etablerer en forbindelse med RFID-chippen, der ligger inden for etiketten. Denne interaktion g\u00f8r det lettere for l\u00e6seren at f\u00e5 adgang til de data, der er sikret p\u00e5 chippen.<\/div>\n<\/div>\n<div><\/div>\n<div><\/div>\n<div>\n<div class=\"auto-hide-last-sibling-br paragraph_1252f paragraph-element\"><span style=\"font-family: inherit; font-size: 24px; font-weight: bold;\">Installation<\/span><\/div>\n<\/div>\n<p><strong>Stitch Tagging<\/strong>: Skal sys ind i kanten af et tekstil. Sy vaskem\u00e6rket v\u00e6k fra foldelinjerne.<br \/>\n<strong>Varmeforsegling<\/strong>: Skal varmeforsegles direkte p\u00e5 tekstilet ved +200\u00b0C (392\u00b0F), i 12~14s.<br \/>\n<strong>I pose<\/strong>: Skal sys som en standard plejelabel. Sy vaskem\u00e6rket v\u00e6k fra foldelinjerne.<\/p>\n<div class=\"auto-hide-last-sibling-br paragraph_1252f paragraph-element\">\n<div class=\"auto-hide-last-sibling-br paragraph_1252f paragraph-element\"><\/div>\n<p style=\"font-weight: 400;\"><span style=\"font-style: inherit; font-weight: inherit;\" data-spm-anchor-id=\"a2700.details.0.i52.7e74253fSAfL7T\">Hvordan <\/span><b><strong style=\"font-style: inherit;\">ST\u00c6RK<\/strong><\/b><span style=\"font-style: inherit; font-weight: inherit;\"> de er?<\/span><\/p>\n<p><b><strong>\u2460<\/strong><\/b>.Er RFID-chips beskadiget under h\u00f8je temperaturer?<span style=\"font-style: inherit; font-weight: inherit;\"> \u2013<\/span><b><strong>\u2714 Vores RFID tekstilvaskem\u00e6rke er designet til at blive brugt ved 200 \u00b0C<\/strong><\/b><span style=\"font-style: inherit; font-weight: inherit;\">.<\/span><\/p>\n<p style=\"font-weight: 400;\"><b><strong>\u2461<\/strong><\/b>Hvor mange gange kan vi vaske de m\u00e6rker, der er fastgjort til uniformstekstilprodukter? <b><strong>\u2013\u2714Vores RFID tekstilvaskem\u00e6rke kan vaskes mere end 200 gange med garanti i 2 \u00e5r efter forsendelse.<\/strong><\/b><\/p>\n<p style=\"font-weight: 400;\"><b><strong>\u2462<\/strong><\/b>Skal vi bruge prestigefyldte uniformer tekstilprodukter, forts\u00e6tte med at arbejde i tilf\u00e6lde af chip crush? <b><strong>\u2013\u2714Vi har designet vores tekstilvaskem\u00e6rke til at modst\u00e5 60 bars tryk i processen med at presse dine tekstilprodukter.<\/strong><\/b><\/p>\n<p style=\"font-weight: 400;\"><b><strong>\u2463<\/strong><\/b>Hvor placerer du RFID-tekstilvaskem\u00e6rker p\u00e5 uniformstekstiler? <b><strong>\u2013 \u2714RFID tekstilvaskem\u00e6rke monteres i henhold til tilg\u00e6ngeligheden af uniformerne.<\/strong><\/b><\/p>\n<h2>Ofte stillede sp\u00f8rgsm\u00e5l (ofte stillede sp\u00f8rgsm\u00e5l)<\/h2>\n<h3>1.\u00a0<strong>Er RFID-vaskem\u00e6rkerne virkelig vaskbare?<\/strong><\/h3>\n<p>Ja, vores RFID-vaskem\u00e6rker er designet til at modst\u00e5 over 200 vaskecyklusser, mens de bevarer deres ydeevne.<\/p>\n<h3>2.\u00a0<strong>Kan disse tags bruges i h\u00f8jtemperaturmilj\u00f8er?<\/strong><\/h3>\n<p>Absolut! Vores tags er varmebestandige og kan t\u00e5le temperaturer p\u00e5 op til 85\u00b0C uden at miste funktionalitet.<\/p>\n<h3>3.\u00a0<strong>Hvor let er det at integrere disse tags i eksisterende systemer?<\/strong><\/h3>\n<p>Integration er enkel, da disse tags er kompatible med de fleste tilg\u00e6ngelige RFID-l\u00e6sere p\u00e5 markedet, hvilket sikrer problemfri implementering.<\/p>\n<h3>4.\u00a0<strong>Hvilke materialer bruges i disse tags?<\/strong><\/h3>\n<p>M\u00e6rkerne er lavet af slidst\u00e6rkt tekstilstof, der giver b\u00e5de styrke og fleksibilitet.<\/p>\n<h2>Konklusion<\/h2>\n<p>Investering i\u00a0<strong>UHF RFID vaskem\u00e6rker<\/strong>\u00a0handler ikke kun om at forbedre den operationelle effektivitet; det handler om at fremtidssikre dine vaskeriprocesser mod udfordringer inden for sporing, lagerstyring og b\u00e6redygtighed. Med innovative designs, der modst\u00e5r industriel vask og en brugervenlighed, der simpelthen ikke kan matches, er disse tags essentielle for enhver organisation, der er involveret i vaskeservice. Hvis du er klar til at revolutionere dine tekstilh\u00e5ndteringssystemer,\u00a0<strong>shop RFID-vaskem\u00e6rker i dag, og udfyld vores foresp\u00f8rgselsformular for mere information om priser og pr\u00f8ver!<\/strong><\/p>\n<\/div>","protected":false},"excerpt":{"rendered":"<p>Spor nemt vasket\u00f8j med holdbare tekstil RFID-tags! Vaskbar og designet til industriel brug, optimer din vasket\u00f8jsh\u00e5ndtering i dag!<\/p>","protected":false},"featured_media":144,"template":"","meta":{"_kad_post_transparent":"default","_kad_post_title":"","_kad_post_layout":"default","_kad_post_sidebar_id":"","_kad_post_content_style":"default","_kad_post_vertical_padding":"default","_kad_post_feature":"","_kad_post_feature_position":"","_kad_post_header":false,"_kad_post_footer":false,"_kad_post_classname":""},"product_brand":[],"product_cat":[19],"product_tag":[67,31,312,65],"class_list":{"0":"post-143","1":"product","2":"type-product","3":"status-publish","4":"has-post-thumbnail","6":"product_cat-textile-rfid-laundry-tag","7":"product_tag-heating-seal-uhf-rfid-laundry-tags","8":"product_tag-rfid-tag-for-linen-laundry","9":"product_tag-rfid-tags","10":"product_tag-textile-rfid-laundry-tags","12":"first","13":"instock","14":"shipping-taxable","15":"product-type-simple","16":"entry","17":"content-bg","18":"loop-entry"},"_links":{"self":[{"href":"https:\/\/rfid-laundry-tag.com\/da\/wp-json\/wp\/v2\/product\/143","targetHints":{"allow":["GET"]}}],"collection":[{"href":"https:\/\/rfid-laundry-tag.com\/da\/wp-json\/wp\/v2\/product"}],"about":[{"href":"https:\/\/rfid-laundry-tag.com\/da\/wp-json\/wp\/v2\/types\/product"}],"version-history":[{"count":3,"href":"https:\/\/rfid-laundry-tag.com\/da\/wp-json\/wp\/v2\/product\/143\/revisions"}],"predecessor-version":[{"id":2682,"href":"https:\/\/rfid-laundry-tag.com\/da\/wp-json\/wp\/v2\/product\/143\/revisions\/2682"}],"wp:featuredmedia":[{"embeddable":true,"href":"https:\/\/rfid-laundry-tag.com\/da\/wp-json\/wp\/v2\/media\/144"}],"wp:attachment":[{"href":"https:\/\/rfid-laundry-tag.com\/da\/wp-json\/wp\/v2\/media?parent=143"}],"wp:term":[{"taxonomy":"product_brand","embeddable":true,"href":"https:\/\/rfid-laundry-tag.com\/da\/wp-json\/wp\/v2\/product_brand?post=143"},{"taxonomy":"product_cat","embeddable":true,"href":"https:\/\/rfid-laundry-tag.com\/da\/wp-json\/wp\/v2\/product_cat?post=143"},{"taxonomy":"product_tag","embeddable":true,"href":"https:\/\/rfid-laundry-tag.com\/da\/wp-json\/wp\/v2\/product_tag?post=143"}],"curies":[{"name":"wp","href":"https:\/\/api.w.org\/{rel}","templated":true}]}}