{"id":136,"date":"2024-06-14T07:33:05","date_gmt":"2024-06-14T07:33:05","guid":{"rendered":"https:\/\/rfid-laundry-tag.com\/?post_type=product&#038;p=136"},"modified":"2024-09-08T04:31:40","modified_gmt":"2024-09-08T04:31:40","slug":"heating-seal-uhf-rfid-laundry-tags","status":"publish","type":"product","link":"https:\/\/rfid-laundry-tag.com\/da\/vare\/heating-seal-uhf-rfid-laundry-tags\/","title":{"rendered":"Varmeforsegling UHF RFID vaskem\u00e6rker"},"content":{"rendered":"<div>\n<div class=\"auto-hide-last-sibling-br paragraph_1252f paragraph-element\">\n<h1>Varmeforsegling UHF RFID vaskem\u00e6rker<\/h1>\n<table width=\"593\">\n<tbody>\n<tr>\n<td width=\"233\">RF Air Protocol<\/td>\n<td colspan=\"4\" width=\"360\">EPC Global Class 1 Gen2 ISO18000-6C<\/td>\n<\/tr>\n<tr>\n<td width=\"233\">Driftsfrekvens<\/td>\n<td colspan=\"4\" width=\"360\">UHF 866-868 MHz (ETSI) \/UHF 902-928 MHz (FCC)<\/td>\n<\/tr>\n<tr>\n<td width=\"233\">Milj\u00f8kompatibilitet<\/td>\n<td colspan=\"4\" width=\"360\">Optimeret i luft<\/td>\n<\/tr>\n<tr>\n<td width=\"233\">Dataopbevaringsperiode<\/td>\n<td colspan=\"4\" width=\"360\">50 \u00e5r<\/td>\n<\/tr>\n<tr>\n<td width=\"233\">L\u00e6s Range<\/td>\n<td colspan=\"4\" width=\"360\">Op til 5,5 m (af metal)<\/td>\n<\/tr>\n<tr>\n<td width=\"233\">Polarisering<\/td>\n<td colspan=\"4\" width=\"360\">Line\u00e6r<\/td>\n<\/tr>\n<tr>\n<td width=\"233\">IC type<\/td>\n<td colspan=\"4\" width=\"360\">NXP U KODE 8, U KODE 9 osv<\/td>\n<\/tr>\n<tr>\n<td width=\"233\">Hukommelseskonfiguration<\/td>\n<td colspan=\"4\" width=\"360\">EPC 128bit TID 96bit Bruger 32bit<\/td>\n<\/tr>\n<tr>\n<td colspan=\"5\" width=\"593\">Mekaniske skillelinjer<\/td>\n<\/tr>\n<tr>\n<td width=\"233\">Overfladematerialer<\/td>\n<td colspan=\"4\" width=\"360\">Tekstil<\/td>\n<\/tr>\n<tr>\n<td width=\"233\">Dimensioner (mm)<\/td>\n<td colspan=\"4\" width=\"360\">15*70*1,5 mm<\/td>\n<\/tr>\n<tr>\n<td width=\"233\">V\u00e6gt (g)<\/td>\n<td colspan=\"4\" width=\"360\">0,7 g<\/td>\n<\/tr>\n<tr>\n<td rowspan=\"2\" width=\"233\">Vedh\u00e6ftet fil<\/td>\n<td colspan=\"4\" width=\"360\">Sy i s\u00f8mmen eller den v\u00e6vede etiket<\/td>\n<\/tr>\n<tr>\n<td colspan=\"4\" width=\"360\">Varmeforsegling ved 215\u2103@15 sek. &amp; 4 bar<\/td>\n<\/tr>\n<tr>\n<td width=\"233\">Farve<\/td>\n<td colspan=\"4\" width=\"360\">Hvid<\/td>\n<\/tr>\n<tr>\n<td colspan=\"5\" width=\"593\">Environmetal Sepcifikationer<\/td>\n<\/tr>\n<tr>\n<td width=\"233\">Driftstemperatur<\/td>\n<td colspan=\"4\" width=\"360\">-30\u00b0C til +85\u00b0C<\/td>\n<\/tr>\n<tr>\n<td width=\"233\">Omgivelsestemperatur<\/td>\n<td colspan=\"4\" width=\"360\">-30\u00b0C til +100\u00b0C<\/td>\n<\/tr>\n<tr>\n<td width=\"233\">Mekanisk modstand<\/td>\n<td colspan=\"4\" width=\"360\">60 barer<\/td>\n<\/tr>\n<tr>\n<td width=\"233\">Kemisk resistens<\/td>\n<td colspan=\"4\" width=\"360\">Normale almindelige kemikalier i vaskeprocesserne<\/td>\n<\/tr>\n<tr>\n<td rowspan=\"4\" width=\"233\">Varmemodstand<\/td>\n<td colspan=\"4\" width=\"360\">Vask: 90 \u2103, 15 minutter, 200 cyklusser<\/td>\n<\/tr>\n<tr>\n<td colspan=\"4\" width=\"360\">Fort\u00f8rring: 180\u2103, 30 min<\/td>\n<\/tr>\n<tr>\n<td colspan=\"4\" width=\"360\">Strygning: 180\u2103, 10 sek., 200 cyklusser<\/td>\n<\/tr>\n<tr>\n<td colspan=\"4\" width=\"360\">Sterilisering: 135 \u2103, 20 min<\/td>\n<\/tr>\n<tr>\n<td width=\"233\">IP-klassificering<\/td>\n<td colspan=\"4\" width=\"360\">IP68<\/td>\n<\/tr>\n<tr>\n<td width=\"233\">Garanti<\/td>\n<td colspan=\"4\" width=\"360\">2 \u00e5r eller 200 gange vask<\/td>\n<\/tr>\n<\/tbody>\n<\/table>\n<\/div>\n<\/div>\n<div><\/div>\n<div>\n<div class=\"auto-hide-last-sibling-br paragraph_1252f paragraph-element\">RFID-vaskem\u00e6rker tjener som et nyttigt v\u00e6rkt\u00f8j for virksomheder, der har behov for l\u00f8bende forsyninger af rent linned, arbejdsuniformer, medicinsk udstyr eller reng\u00f8ringsmaterialer, hvilket g\u00f8r det muligt for de automatiserede systemer at h\u00e5ndtere store m\u00e6ngder af individuelle genstande p\u00e5 en hurtig og pr\u00e6cis m\u00e5de.<\/div>\n<p>&nbsp;<\/p>\n<div class=\"auto-hide-last-sibling-br paragraph_1252f paragraph-element\">Disse UHF RFID-vaskem\u00e6rker i stof forenkler proceduren for sporing af forskellige aktiver som t\u00f8j, senget\u00f8j eller klude, der i vid udstr\u00e6kning anvendes af uniformsudbydere, g\u00e6stfrihedsenheder, kommercielle reng\u00f8ringstjenester og sundhedsinstitutioner. Dette bidrager til praksis med effektiv lageroverv\u00e5gning og n\u00f8jagtig kontostyring, hvilket forbedrer den samlede operationelle effektivitet. Ved at levere fejlfrie data og automatisere sporingsprocessen, kontrollerer dette system fejlplacering og tyveri af varer og reducerer derved tab. Den holdbare karakter af disse tags sikrer, at de modst\u00e5r industrielle vaskeprocesser. Det er en optimal l\u00f8sning til at styre varebeholdninger p\u00e5 en systematisk og organiseret m\u00e5de.<\/div>\n<\/div>\n<div><\/div>\n<div><\/div>\n<div><\/div>\n<div>\n<div class=\"auto-hide-last-sibling-br paragraph_1252f paragraph-element\"><span style=\"font-family: inherit; font-size: 24px; font-weight: bold;\">Installation<\/span><\/div>\n<\/div>\n<p><strong>Stitch Tagging<\/strong>: Skal sys ind i kanten af et tekstil. Sy vaskem\u00e6rket v\u00e6k fra foldelinjerne.<br \/>\n<strong>Varmeforsegling<\/strong>: Skal varmeforsegles direkte p\u00e5 tekstilet ved +200\u00b0C (392\u00b0F), i 12~14s.<br \/>\n<strong>I pose<\/strong>: Skal sys som en standard plejelabel. Sy vaskem\u00e6rket v\u00e6k fra foldelinjerne.<\/p>\n<p>&nbsp;<\/p>\n<div class=\"auto-hide-last-sibling-br paragraph_1252f paragraph-element\">\n<div class=\"auto-hide-last-sibling-br paragraph_1252f paragraph-element\">Varmekl\u00e6bende UHF RFID-vaskem\u00e6rker til linnedvask er uundv\u00e6rlige p\u00e5 tv\u00e6rs af et utal af industrier, hvilket er afg\u00f8rende for effektiv aktivsporing, lagerstyring og \u00f8ger den samlede operationelle effektivitet. Her er et glimt af deres anvendelse i forskellige sektorer:<\/div>\n<div class=\"auto-hide-last-sibling-br paragraph_1252f paragraph-element\"><\/div>\n<p style=\"font-weight: 400;\"><span style=\"font-style: inherit; font-weight: inherit;\" data-spm-anchor-id=\"a2700.details.0.i52.7e74253fSAfL7T\">Hvordan <\/span><b><strong style=\"font-style: inherit;\">ST\u00c6RK<\/strong><\/b><span style=\"font-style: inherit; font-weight: inherit;\"> de er?<\/span><\/p>\n<p><b><strong>\u2460<\/strong><\/b>.Er RFID-chips beskadiget under h\u00f8je temperaturer?<span style=\"font-style: inherit; font-weight: inherit;\"> \u2013<\/span><b><strong>\u2714 Vores RFID tekstilvaskem\u00e6rke er designet til at blive brugt ved 200 \u00b0C<\/strong><\/b><span style=\"font-style: inherit; font-weight: inherit;\">.<\/span><\/p>\n<p style=\"font-weight: 400;\"><b><strong>\u2461<\/strong><\/b>Hvor mange gange kan vi vaske de m\u00e6rker, der er fastgjort til uniformstekstilprodukter? <b><strong>\u2013\u2714Vores RFID tekstilvaskem\u00e6rke kan vaskes mere end 200 gange med garanti i 2 \u00e5r efter forsendelse.<\/strong><\/b><\/p>\n<p style=\"font-weight: 400;\"><b><strong>\u2462<\/strong><\/b>Skal vi bruge prestigefyldte uniformer tekstilprodukter, forts\u00e6tte med at arbejde i tilf\u00e6lde af chip crush? <b><strong>\u2013\u2714Vi har designet vores tekstilvaskem\u00e6rke til at modst\u00e5 60 bars tryk i processen med at presse dine tekstilprodukter.<\/strong><\/b><\/p>\n<p style=\"font-weight: 400;\"><b><strong>\u2463<\/strong><\/b>Hvor placerer du RFID-tekstilvaskem\u00e6rker p\u00e5 uniformstekstiler? <b><strong>\u2013 \u2714RFID tekstilvaskem\u00e6rke monteres i henhold til tilg\u00e6ngeligheden af uniformerne.<\/strong><\/b><\/p>\n<\/div>","protected":false},"excerpt":{"rendered":"<p>Heating Seal UHF RFID-vaskem\u00e6rker er designet til kommercielle og industrielle tekstilapplikationer. Dette tag er ekstremt fleksibelt, det kan l\u00e6ses fra et udvidet omr\u00e5de og giver stadig de mest n\u00f8jagtige data indenfor. Kunder kan bruge det til at spore store m\u00e6ngder tekstilaktiver, mens de holder deres omkostninger nede, hvilket forbedrer forvaltningseffektiviteten.<\/p>","protected":false},"featured_media":137,"template":"","meta":{"_kad_post_transparent":"default","_kad_post_title":"","_kad_post_layout":"default","_kad_post_sidebar_id":"","_kad_post_content_style":"default","_kad_post_vertical_padding":"default","_kad_post_feature":"","_kad_post_feature_position":"","_kad_post_header":false,"_kad_post_footer":false,"_kad_post_classname":""},"product_brand":[],"product_cat":[19,16],"product_tag":[67,31,65],"class_list":{"0":"post-136","1":"product","2":"type-product","3":"status-publish","4":"has-post-thumbnail","6":"product_cat-textile-rfid-laundry-tag","7":"product_cat-uhf-rfid-laundry-tags","8":"product_tag-heating-seal-uhf-rfid-laundry-tags","9":"product_tag-rfid-tag-for-linen-laundry","10":"product_tag-textile-rfid-laundry-tags","12":"first","13":"instock","14":"shipping-taxable","15":"product-type-simple","16":"entry","17":"content-bg","18":"loop-entry"},"_links":{"self":[{"href":"https:\/\/rfid-laundry-tag.com\/da\/wp-json\/wp\/v2\/product\/136","targetHints":{"allow":["GET"]}}],"collection":[{"href":"https:\/\/rfid-laundry-tag.com\/da\/wp-json\/wp\/v2\/product"}],"about":[{"href":"https:\/\/rfid-laundry-tag.com\/da\/wp-json\/wp\/v2\/types\/product"}],"version-history":[{"count":1,"href":"https:\/\/rfid-laundry-tag.com\/da\/wp-json\/wp\/v2\/product\/136\/revisions"}],"predecessor-version":[{"id":1938,"href":"https:\/\/rfid-laundry-tag.com\/da\/wp-json\/wp\/v2\/product\/136\/revisions\/1938"}],"wp:featuredmedia":[{"embeddable":true,"href":"https:\/\/rfid-laundry-tag.com\/da\/wp-json\/wp\/v2\/media\/137"}],"wp:attachment":[{"href":"https:\/\/rfid-laundry-tag.com\/da\/wp-json\/wp\/v2\/media?parent=136"}],"wp:term":[{"taxonomy":"product_brand","embeddable":true,"href":"https:\/\/rfid-laundry-tag.com\/da\/wp-json\/wp\/v2\/product_brand?post=136"},{"taxonomy":"product_cat","embeddable":true,"href":"https:\/\/rfid-laundry-tag.com\/da\/wp-json\/wp\/v2\/product_cat?post=136"},{"taxonomy":"product_tag","embeddable":true,"href":"https:\/\/rfid-laundry-tag.com\/da\/wp-json\/wp\/v2\/product_tag?post=136"}],"curies":[{"name":"wp","href":"https:\/\/api.w.org\/{rel}","templated":true}]}}