{"id":134,"date":"2024-06-12T06:46:42","date_gmt":"2024-06-12T06:46:42","guid":{"rendered":"https:\/\/rfid-laundry-tag.com\/?post_type=product&#038;p=134"},"modified":"2024-09-08T05:24:19","modified_gmt":"2024-09-08T05:24:19","slug":"heating-adhesive-uhf-rfid-laundry-tags-for-uniform","status":"publish","type":"product","link":"https:\/\/rfid-laundry-tag.com\/da\/vare\/heating-adhesive-uhf-rfid-laundry-tags-for-uniform\/","title":{"rendered":"Varmekl\u00e6bende UHF RFID vaskem\u00e6rker til uniform"},"content":{"rendered":"<div>\n<div class=\"auto-hide-last-sibling-br paragraph_1252f paragraph-element\">\n<table width=\"637\">\n<tbody>\n<tr>\n<td width=\"328\">Varenavn:<\/td>\n<td width=\"309\">Varmekl\u00e6bende UHF RFID vaskem\u00e6rker til uniform<\/td>\n<\/tr>\n<tr>\n<td width=\"328\">RFID standard:<\/td>\n<td width=\"309\">ISO\/IEC 18000-6 TypeC (EPC Gen2)<\/td>\n<\/tr>\n<tr>\n<td width=\"328\">St\u00f8rrelse og v\u00e6gt:<\/td>\n<td width=\"309\">70\u00d715 mm, 0,6g<\/td>\n<\/tr>\n<tr>\n<td width=\"328\">Chip type:<\/td>\n<td width=\"309\">Impinj Monza 4QT,NXP U CODE 9,U-kode 8 osv<\/td>\n<\/tr>\n<tr>\n<td width=\"328\">EPC-hukommelse:<\/td>\n<td width=\"309\">128 bit<\/td>\n<\/tr>\n<tr>\n<td width=\"328\">Brugerhukommelse:<\/td>\n<td width=\"309\">512 bit<\/td>\n<\/tr>\n<tr>\n<td width=\"328\">L\u00e6seomr\u00e5de (2W ERP FCC):<\/td>\n<td width=\"309\">8m<\/td>\n<\/tr>\n<tr>\n<td width=\"328\">L\u00e6seomr\u00e5de (2W ERP ETSI):<\/td>\n<td width=\"309\">8m<\/td>\n<\/tr>\n<tr>\n<td width=\"328\">Tagging:<\/td>\n<td width=\"309\">Syning, Varmstempling kl\u00e6bemiddel<\/td>\n<\/tr>\n<tr>\n<td width=\"328\">Estimeret levetid:<\/td>\n<td width=\"309\">200 vaskecyklusser eller 3 \u00e5r, alt efter hvad der kommer f\u00f8rst<\/td>\n<\/tr>\n<tr>\n<td width=\"328\">Vaskemetode:<\/td>\n<td width=\"309\">T\u00f8jvask, Renseri<\/td>\n<\/tr>\n<tr>\n<td width=\"328\">Vandudvindingstryk:<\/td>\n<td width=\"309\">60 bar<\/td>\n<\/tr>\n<tr>\n<td width=\"328\">Vandt\u00e6thed:<\/td>\n<td width=\"309\">Vandafvisende<\/td>\n<\/tr>\n<tr>\n<td width=\"328\">Kemisk modstand:<\/td>\n<td width=\"309\">Reng\u00f8ringsmiddel, bl\u00f8dg\u00f8ringsmiddel, blegemiddel (ilt\/klor), alkali<\/td>\n<\/tr>\n<tr>\n<td width=\"328\">Fort\u00f8rring i t\u00f8rretumbler:<\/td>\n<td width=\"309\">125 \u00baC i 15-20 minutter<\/td>\n<\/tr>\n<tr>\n<td width=\"328\">Steriliseringstemperatur:<\/td>\n<td width=\"309\">135\u00b0C i 15-20 minutter<\/td>\n<\/tr>\n<tr>\n<td width=\"328\">Vasketemperatur:<\/td>\n<td width=\"309\">90\u00b0C, op til 15 min.<\/td>\n<\/tr>\n<tr>\n<td width=\"328\">Fugtighed\/temperaturdrift:<\/td>\n<td width=\"309\">-20 til 110\u00b0C, 8 til 95%RH<\/td>\n<\/tr>\n<tr>\n<td width=\"328\">Fugtighed\/temperatur-opbevaring:<\/td>\n<td width=\"309\">-40 til 110\u00b0C, 8 til 95%RH<\/td>\n<\/tr>\n<\/tbody>\n<\/table>\n<\/div>\n<div class=\"auto-hide-last-sibling-br paragraph_1252f paragraph-element\"><\/div>\n<\/div>\n<div><\/div>\n<div class=\"auto-hide-last-sibling-br paragraph_1252f paragraph-element\">\n<div data-spm-anchor-id=\"a2700.details.0.i57.23b419c7xXORP0\"><span data-spm-anchor-id=\"a2700.details.0.i75.23b419c7xXORP0\"><b>Funktion:<\/b><br \/>\n1) UHF-teknologi til at l\u00e6se hundredvis af tags samtidigt.<br \/>\n2) Mere end 8 fods l\u00e6seafstand.<br \/>\n3) Nyt mekanisk design for forbedret ydeevne for fladt senget\u00f8j.<br \/>\n4) Velegnet til h\u00f8jtrykssugere op til 60 bar.<br \/>\n5) Velegnet til autoklave sterilisering.<br \/>\n6) Lille, bl\u00f8dt, fleksibelt materiale ideelt til tekstiler, senget\u00f8j, bekl\u00e6dningsgenstande og tilbeh\u00f8r.<\/span><\/div>\n<\/div>\n<div data-spm-anchor-id=\"a2700.details.0.i57.23b419c7xXORP0\"><\/div>\n<div data-spm-anchor-id=\"a2700.details.0.i57.23b419c7xXORP0\">\n<p><img fetchpriority=\"high\" decoding=\"async\" class=\"wp-image-55\" src=\"https:\/\/rfid-laundry-tag.com\/wp-content\/uploads\/2024\/06\/4-300x275.png\" alt=\"RFID Tag for linen laundry\" width=\"605\" height=\"555\" srcset=\"https:\/\/rfid-laundry-tag.com\/wp-content\/uploads\/2024\/06\/4-300x275.png 300w, https:\/\/rfid-laundry-tag.com\/wp-content\/uploads\/2024\/06\/4-600x550.png 600w, https:\/\/rfid-laundry-tag.com\/wp-content\/uploads\/2024\/06\/4-13x12.png 13w, https:\/\/rfid-laundry-tag.com\/wp-content\/uploads\/2024\/06\/4.png 750w\" sizes=\"(max-width: 605px) 100vw, 605px\" \/><\/p>\n<\/div>\n<h3 class=\"wp-block-heading\">Installation<\/h3>\n<p><strong>Stitch Tagging<\/strong>: Skal sys ind i kanten af et tekstil. Sy vaskem\u00e6rket v\u00e6k fra foldelinjerne.<br \/>\n<strong>Varmeforsegling<\/strong>: Skal varmeforsegles direkte p\u00e5 tekstilet ved +200\u00b0C (392\u00b0F), i 12~14s.<br \/>\n<strong>I pose<\/strong>: Skal sys som en standard plejelabel. Sy vaskem\u00e6rket v\u00e6k fra foldelinjerne.<\/p>\n<div class=\"auto-hide-last-sibling-br paragraph_1252f paragraph-element\">\n<div class=\"auto-hide-last-sibling-br paragraph_1252f paragraph-element\">Varmekl\u00e6bende UHF RFID-vaskem\u00e6rker til linnedvask er uundv\u00e6rlige p\u00e5 tv\u00e6rs af et utal af industrier, hvilket er afg\u00f8rende for effektiv aktivsporing, lagerstyring og \u00f8ger den samlede operationelle effektivitet. Her er et glimt af deres anvendelse i forskellige sektorer:<\/div>\n<div class=\"auto-hide-last-sibling-br paragraph_1252f paragraph-element\"><\/div>\n<p style=\"font-weight: 400;\"><span style=\"font-style: inherit; font-weight: inherit;\" data-spm-anchor-id=\"a2700.details.0.i52.7e74253fSAfL7T\">Hvordan <\/span><b><strong style=\"font-style: inherit;\">ST\u00c6RK<\/strong><\/b><span style=\"font-style: inherit; font-weight: inherit;\"> de er?<\/span><\/p>\n<p><b><strong>\u2460<\/strong><\/b>.Er RFID-chips beskadiget under h\u00f8je temperaturer?<span style=\"font-style: inherit; font-weight: inherit;\"> \u2013<\/span><b><strong>\u2714 Vores RFID tekstilvaskem\u00e6rke er designet til at blive brugt ved 200 \u00b0C<\/strong><\/b><span style=\"font-style: inherit; font-weight: inherit;\">.<\/span><\/p>\n<p style=\"font-weight: 400;\"><b><strong>\u2461<\/strong><\/b>Hvor mange gange kan vi vaske de m\u00e6rker, der er fastgjort til uniformstekstilprodukter? <b><strong>\u2013\u2714Vores RFID tekstilvaskem\u00e6rke kan vaskes mere end 200 gange med garanti i 2 \u00e5r efter forsendelse.<\/strong><\/b><\/p>\n<p style=\"font-weight: 400;\"><b><strong>\u2462<\/strong><\/b>Skal vi bruge prestigefyldte uniformer tekstilprodukter, forts\u00e6tte med at arbejde i tilf\u00e6lde af chip crush? <b><strong>\u2013\u2714Vi har designet vores tekstilvaskem\u00e6rke til at modst\u00e5 60 bars tryk i processen med at presse dine tekstilprodukter.<\/strong><\/b><\/p>\n<p style=\"font-weight: 400;\"><b><strong>\u2463<\/strong><\/b>Hvor placerer du RFID-tekstilvaskem\u00e6rker p\u00e5 uniformstekstiler? <b><strong>\u2013 \u2714RFID tekstilvaskem\u00e6rke monteres i henhold til tilg\u00e6ngeligheden af uniformerne.<\/strong><\/b><\/p>\n<\/div>","protected":false},"excerpt":{"rendered":"<p>Der er en konstant eftersp\u00f8rgsel efter frisk senget\u00f8j, arbejdst\u00f8j, medicinsk p\u00e5kl\u00e6dning eller vicev\u00e6rtsmaterialer, RFID-vaskem\u00e6rker letter automatiserede systemer i hurtig og pr\u00e6cis sporing af enorme m\u00e6ngder af unikke genstande. Disse tekstilbaserede UHF RFID-vaskem\u00e6rker giver uniformsudbydere, g\u00e6stfrihedsvirksomheder, kommercielle reng\u00f8ringstjenester og sundhedsfaciliteter mulighed for selvst\u00e6ndigt at overv\u00e5ge bekl\u00e6dningsgenstande, senget\u00f8j, klude og andre aktiver. Dette muligg\u00f8r pr\u00e6cis og effektiv styring af lager- og regnskabsprocesser.<\/p>","protected":false},"featured_media":135,"template":"","meta":{"_kad_post_transparent":"default","_kad_post_title":"","_kad_post_layout":"default","_kad_post_sidebar_id":"","_kad_post_content_style":"default","_kad_post_vertical_padding":"default","_kad_post_feature":"","_kad_post_feature_position":"","_kad_post_header":false,"_kad_post_footer":false,"_kad_post_classname":""},"product_brand":[],"product_cat":[19,16],"product_tag":[66,31,65],"class_list":{"0":"post-134","1":"product","2":"type-product","3":"status-publish","4":"has-post-thumbnail","6":"product_cat-textile-rfid-laundry-tag","7":"product_cat-uhf-rfid-laundry-tags","8":"product_tag-heating-adhesive-uhf-rfid-laundry-tags","9":"product_tag-rfid-tag-for-linen-laundry","10":"product_tag-textile-rfid-laundry-tags","12":"first","13":"instock","14":"shipping-taxable","15":"product-type-simple","16":"entry","17":"content-bg","18":"loop-entry"},"_links":{"self":[{"href":"https:\/\/rfid-laundry-tag.com\/da\/wp-json\/wp\/v2\/product\/134","targetHints":{"allow":["GET"]}}],"collection":[{"href":"https:\/\/rfid-laundry-tag.com\/da\/wp-json\/wp\/v2\/product"}],"about":[{"href":"https:\/\/rfid-laundry-tag.com\/da\/wp-json\/wp\/v2\/types\/product"}],"version-history":[{"count":1,"href":"https:\/\/rfid-laundry-tag.com\/da\/wp-json\/wp\/v2\/product\/134\/revisions"}],"predecessor-version":[{"id":1942,"href":"https:\/\/rfid-laundry-tag.com\/da\/wp-json\/wp\/v2\/product\/134\/revisions\/1942"}],"wp:featuredmedia":[{"embeddable":true,"href":"https:\/\/rfid-laundry-tag.com\/da\/wp-json\/wp\/v2\/media\/135"}],"wp:attachment":[{"href":"https:\/\/rfid-laundry-tag.com\/da\/wp-json\/wp\/v2\/media?parent=134"}],"wp:term":[{"taxonomy":"product_brand","embeddable":true,"href":"https:\/\/rfid-laundry-tag.com\/da\/wp-json\/wp\/v2\/product_brand?post=134"},{"taxonomy":"product_cat","embeddable":true,"href":"https:\/\/rfid-laundry-tag.com\/da\/wp-json\/wp\/v2\/product_cat?post=134"},{"taxonomy":"product_tag","embeddable":true,"href":"https:\/\/rfid-laundry-tag.com\/da\/wp-json\/wp\/v2\/product_tag?post=134"}],"curies":[{"name":"wp","href":"https:\/\/api.w.org\/{rel}","templated":true}]}}