{"id":129,"date":"2024-06-12T06:22:28","date_gmt":"2024-06-12T06:22:28","guid":{"rendered":"https:\/\/rfid-laundry-tag.com\/?post_type=product&#038;p=129"},"modified":"2024-11-05T14:44:38","modified_gmt":"2024-11-05T14:44:38","slug":"textile-uhf-rfid-laundry-tags-for-uniform","status":"publish","type":"product","link":"https:\/\/rfid-laundry-tag.com\/da\/vare\/textile-uhf-rfid-laundry-tags-for-uniform\/","title":{"rendered":"Tekstil UHF RFID vaskem\u00e6rker til uniform"},"content":{"rendered":"<div>\n<div class=\"auto-hide-last-sibling-br paragraph_1252f paragraph-element\">\n<h2>Tekstil UHF RFID vaskem\u00e6rker til uniform<\/h2>\n<table width=\"637\">\n<tbody>\n<tr>\n<td width=\"328\">Varenavn:<\/td>\n<td width=\"309\">Tekstil UHF RFID vaskem\u00e6rker til uniform<\/td>\n<\/tr>\n<tr>\n<td width=\"328\">RFID standard:<\/td>\n<td width=\"309\">ISO\/IEC 18000-6 TypeC (EPC Gen2)<\/td>\n<\/tr>\n<tr>\n<td width=\"328\">St\u00f8rrelse og v\u00e6gt:<\/td>\n<td width=\"309\">70\u00d715 mm, 0,6g<\/td>\n<\/tr>\n<tr>\n<td width=\"328\">Chip type:<\/td>\n<td width=\"309\">Impinj Monza 4QT,NXP U KODE 9<\/td>\n<\/tr>\n<tr>\n<td width=\"328\">EPC-hukommelse:<\/td>\n<td width=\"309\">128 bit<\/td>\n<\/tr>\n<tr>\n<td width=\"328\">Brugerhukommelse:<\/td>\n<td width=\"309\">512 bit<\/td>\n<\/tr>\n<tr>\n<td width=\"328\">L\u00e6seomr\u00e5de (2W ERP FCC):<\/td>\n<td width=\"309\">8m<\/td>\n<\/tr>\n<tr>\n<td width=\"328\">L\u00e6seomr\u00e5de (2W ERP ETSI):<\/td>\n<td width=\"309\">8m<\/td>\n<\/tr>\n<tr>\n<td width=\"328\">Tagging:<\/td>\n<td width=\"309\">Syning, Varmstempling kl\u00e6bemiddel<\/td>\n<\/tr>\n<tr>\n<td width=\"328\">Estimeret levetid:<\/td>\n<td width=\"309\">200 vaskecyklusser eller 3 \u00e5r, alt efter hvad der kommer f\u00f8rst<\/td>\n<\/tr>\n<tr>\n<td width=\"328\">Vaskemetode:<\/td>\n<td width=\"309\">T\u00f8jvask, Renseri<\/td>\n<\/tr>\n<tr>\n<td width=\"328\">Vandudvindingstryk:<\/td>\n<td width=\"309\">60 bar<\/td>\n<\/tr>\n<tr>\n<td width=\"328\">Vandt\u00e6thed:<\/td>\n<td width=\"309\">Vandafvisende<\/td>\n<\/tr>\n<tr>\n<td width=\"328\">Kemisk modstand:<\/td>\n<td width=\"309\">Reng\u00f8ringsmiddel, bl\u00f8dg\u00f8ringsmiddel, blegemiddel (ilt\/klor), alkali<\/td>\n<\/tr>\n<tr>\n<td width=\"328\">Fort\u00f8rring i t\u00f8rretumbler:<\/td>\n<td width=\"309\">125 \u00baC i 15-20 minutter<\/td>\n<\/tr>\n<tr>\n<td width=\"328\">Steriliseringstemperatur:<\/td>\n<td width=\"309\">135\u00b0C i 15-20 minutter<\/td>\n<\/tr>\n<tr>\n<td width=\"328\">Vasketemperatur:<\/td>\n<td width=\"309\">90\u00b0C, op til 15 min.<\/td>\n<\/tr>\n<tr>\n<td width=\"328\">Fugtighed\/temperaturdrift:<\/td>\n<td width=\"309\">-20 til 110\u00b0C, 8 til 95%RH<\/td>\n<\/tr>\n<tr>\n<td width=\"328\">Fugtighed\/temperatur-opbevaring:<\/td>\n<td width=\"309\">-40 til 110\u00b0C, 8 til 95%RH<\/td>\n<\/tr>\n<\/tbody>\n<\/table>\n<\/div>\n<div class=\"auto-hide-last-sibling-br paragraph_1252f paragraph-element\"><\/div>\n<\/div>\n<div><\/div>\n<div class=\"auto-hide-last-sibling-br paragraph_1252f paragraph-element\">\n<div data-spm-anchor-id=\"a2700.details.0.i57.23b419c7xXORP0\"><span data-spm-anchor-id=\"a2700.details.0.i75.23b419c7xXORP0\"><b>Funktion:<\/b><br \/>\n1) UHF-teknologi til at l\u00e6se hundredvis af tags samtidigt.<br \/>\n2) Mere end 8 fods l\u00e6seafstand.<br \/>\n3) Nyt mekanisk design for forbedret ydeevne for fladt senget\u00f8j.<br \/>\n4) Velegnet til h\u00f8jtrykssugere op til 60 bar.<br \/>\n5) Velegnet til autoklave sterilisering.<br \/>\n6) Lille, bl\u00f8dt, fleksibelt materiale ideelt til tekstiler, senget\u00f8j, bekl\u00e6dningsgenstande og tilbeh\u00f8r.<\/span><\/div>\n<\/div>\n<div data-spm-anchor-id=\"a2700.details.0.i57.23b419c7xXORP0\"><\/div>\n<div data-spm-anchor-id=\"a2700.details.0.i57.23b419c7xXORP0\">\n<p><img fetchpriority=\"high\" decoding=\"async\" class=\"wp-image-55\" src=\"https:\/\/rfid-laundry-tag.com\/wp-content\/uploads\/2024\/06\/4-300x275.png\" alt=\"RFID Tag for linen laundry\" width=\"605\" height=\"555\" srcset=\"https:\/\/rfid-laundry-tag.com\/wp-content\/uploads\/2024\/06\/4-300x275.png 300w, https:\/\/rfid-laundry-tag.com\/wp-content\/uploads\/2024\/06\/4-600x550.png 600w, https:\/\/rfid-laundry-tag.com\/wp-content\/uploads\/2024\/06\/4-13x12.png 13w, https:\/\/rfid-laundry-tag.com\/wp-content\/uploads\/2024\/06\/4.png 750w\" sizes=\"(max-width: 605px) 100vw, 605px\" \/><\/p>\n<p><strong>T\u00f8jvask RFID tags<\/strong> er designet til at spore bekl\u00e6dningsgenstande som senget\u00f8j og uniformer i milj\u00f8er som hospitaler og hoteller. De er typisk lavet med en bl\u00f8d gummibekl\u00e6dning, hvilket g\u00f8r dem modstandsdygtige over for vand, reng\u00f8ringsmidler og barske vaskeforhold. Disse tags er meget holdbare, i stand til at modst\u00e5 tryk p\u00e5 op til 60 bar og overlever mere end 50 vaskecyklusser, hvilket sikrer lang levetid selv under konstant brug.<\/p>\n<p>Den prim\u00e6re funktion af disse tags er at sikre n\u00f8jagtig sporing og h\u00e5ndtering af bekl\u00e6dningsgenstande, forhindre forveksling og sikre, at genstande er ordentligt rengjort f\u00f8r genbrug. Dette er is\u00e6r vigtigt i sektorer, hvor hygiejne og sanitet er kritiske, s\u00e5som sundhedspleje og g\u00e6stfrihed.<\/p>\n<\/div>\n<h3 class=\"wp-block-heading\">Installation<\/h3>\n<p><strong>Stitch Tagging<\/strong>: Skal sys ind i kanten af et tekstil. Sy vaskem\u00e6rket v\u00e6k fra foldelinjerne.<br \/>\n<strong>Varmeforsegling<\/strong>: Skal varmeforsegles direkte p\u00e5 tekstilet ved +200\u00b0C (392\u00b0F), i 12~14s.<br \/>\n<strong>I pose<\/strong>: Skal sys som en standard plejelabel. Sy vaskem\u00e6rket v\u00e6k fra foldelinjerne.<\/p>\n<div class=\"auto-hide-last-sibling-br paragraph_1252f paragraph-element\">\n<div class=\"auto-hide-last-sibling-br paragraph_1252f paragraph-element\">RFID-tags til linnedvask er uundv\u00e6rlige p\u00e5 tv\u00e6rs af et utal af industrier, hvilket er afg\u00f8rende for effektiv aktivsporing, lagerstyring og \u00f8ger den samlede operationelle effektivitet. Her er et glimt af deres anvendelse i forskellige sektorer:<\/div>\n<p>&nbsp;<\/p>\n<ul class=\"auto-hide-last-sibling-br\">\n<li>\n<div class=\"auto-hide-last-sibling-br paragraph_1252f paragraph-element\">Sundhedspleje: Hospitaler og andre medicinske faciliteter bruger RFID-linnedm\u00e6rker til at h\u00e5ndtere store beholdninger af senget\u00f8j, h\u00e5ndkl\u00e6der, scrubs, uniformer og kirurgisk senget\u00f8j. Dette hj\u00e6lper med at minimere tab, styre vaskecyklusser og sikre, at rent, friskt senget\u00f8j konstant er tilg\u00e6ngeligt efter behov.<\/div>\n<\/li>\n<li>\n<div class=\"auto-hide-last-sibling-br paragraph_1252f paragraph-element\">Hoteller: I hotelbranchen er h\u00e5ndtering af senget\u00f8j en kolossal opgave, med tusindvis af genstande som senget\u00f8j, h\u00e5ndkl\u00e6der, gardiner og morgenk\u00e5ber i oml\u00f8b. RFID-linnedm\u00e6rker hj\u00e6lper med at str\u00f8mline denne opgave, sikrer rettidig reng\u00f8ring og udskiftning og hj\u00e6lper med at opdage og forebygge tyveri.<\/div>\n<\/li>\n<li>\n<div class=\"auto-hide-last-sibling-br paragraph_1252f paragraph-element\">Restauranter: Inden for foodserviceindustrien hj\u00e6lper RFID-tags med at overv\u00e5ge brugen og renheden af uniformer, duge, servietter og kokkeforkl\u00e6der. Dette kan eskalere renhedsstandarder og hj\u00e6lpe med at opretholde et p\u00e6nt, professionelt udseende.<\/div>\n<\/li>\n<li>\n<div class=\"auto-hide-last-sibling-br paragraph_1252f paragraph-element\">Modebekl\u00e6dningsindustrien: I modebranchens brummer spiller RFID-tags en v\u00e6sentlig rolle i sporing af varer p\u00e5 tv\u00e6rs af forsyningsk\u00e6den fra produktion til detailudstilling. De kan tilbyde v\u00e6rdifuld information s\u00e5som oprindelse, rejsehistorie og endda indviklede detaljer om stoffet og plejeinstruktionerne.<\/div>\n<\/li>\n<li>\n<div class=\"auto-hide-last-sibling-br paragraph_1252f paragraph-element\">Arbejdst\u00f8j\/brandh\u00e6mmende t\u00f8j: RFID-tags bruges af virksomheder til at spore og administrere specialt\u00f8j. Dette omfatter at sikre, at brandh\u00e6mmende eller anden beskyttelsesbekl\u00e6dning regelm\u00e6ssigt kontrolleres, reng\u00f8res korrekt og udskiftes, n\u00e5r det er n\u00f8dvendigt.<\/div>\n<\/li>\n<li>\n<div class=\"auto-hide-last-sibling-br paragraph_1252f paragraph-element\">Fodt\u00f8j og masker: S\u00e6rdeles betydningsfuldt i industrier som sundhedspleje og byggeri, hvor sikkerheden ikke kan kompromitteres, sporing af brug, renlighed og vedligeholdelse af genstande som masker og sikkerhedssko forenkles med brugen af RFID-tags.<\/div>\n<\/li>\n<li>\n<div class=\"auto-hide-last-sibling-br paragraph_1252f paragraph-element\">M\u00e5tter og mopper: Virksomheder, der leverer reng\u00f8ringstjenester eller administrerer store faciliteter, kan drage fordel af RFID-m\u00e6rker p\u00e5 m\u00e5tter og mopper. De vil v\u00e6re i stand til at spore brug og vedligeholdelse, hvilket sikrer rene og effektive v\u00e6rkt\u00f8jer til enhver tid.<\/div>\n<\/li>\n<\/ul>\n<p style=\"font-weight: 400;\"><span style=\"font-style: inherit; font-weight: inherit;\" data-spm-anchor-id=\"a2700.details.0.i52.7e74253fSAfL7T\">Hvordan <\/span><b><strong style=\"font-style: inherit;\">ST\u00c6RK<\/strong><\/b><span style=\"font-style: inherit; font-weight: inherit;\"> de er?<\/span><\/p>\n<p><b><strong>\u2460<\/strong><\/b>.Er RFID-chips beskadiget under h\u00f8je temperaturer?<span style=\"font-style: inherit; font-weight: inherit;\"> \u2013<\/span><b><strong>\u2714 Vores RFID tekstilvaskem\u00e6rke er designet til at blive brugt ved 200 \u00b0C<\/strong><\/b><span style=\"font-style: inherit; font-weight: inherit;\">.<\/span><\/p>\n<p style=\"font-weight: 400;\"><b><strong>\u2461<\/strong><\/b>Hvor mange gange kan vi vaske de m\u00e6rker, der er fastgjort til uniformstekstilprodukter? <b><strong>\u2013\u2714Vores RFID tekstilvaskem\u00e6rke kan vaskes mere end 200 gange med garanti i 2 \u00e5r efter forsendelse.<\/strong><\/b><\/p>\n<p style=\"font-weight: 400;\"><b><strong>\u2462<\/strong><\/b>Skal vi bruge prestigefyldte uniformer tekstilprodukter, forts\u00e6tte med at arbejde i tilf\u00e6lde af chip crush? <b><strong>\u2013\u2714Vi har designet vores tekstilvaskem\u00e6rke til at modst\u00e5 60 bars tryk i processen med at presse dine tekstilprodukter.<\/strong><\/b><\/p>\n<p style=\"font-weight: 400;\"><b><strong>\u2463<\/strong><\/b>Hvor placerer du RFID-tekstilvaskem\u00e6rker p\u00e5 uniformstekstiler? <b><strong>\u2013 \u2714RFID tekstilvaskem\u00e6rke monteres i henhold til tilg\u00e6ngeligheden af uniformerne.<\/strong><\/b><\/p>\n<\/div>","protected":false},"excerpt":{"rendered":"<p><strong>UHF RFID vaskem\u00e6rker<\/strong> designet til uniformer er konstrueret til at fungere p\u00e5lideligt under strenge vaskebehandlinger som sterilisering, h\u00f8jtemperaturvask, reng\u00f8ring, t\u00f8rring og strygning. Disse tekstilvenlige tags kan modst\u00e5 hundredvis af vaskecyklusser, mens de opretholder et ensartet niveau af RFID-ydelse. Selv efter gentagen vask sikrer de ekstraordin\u00e6re sporings- og lageregenskaber, hvilket forl\u00e6nger levetiden for senget\u00f8j, t\u00f8j og andre tekstilgenstande.<\/p>","protected":false},"featured_media":133,"template":"","meta":{"_kad_post_transparent":"default","_kad_post_title":"","_kad_post_layout":"default","_kad_post_sidebar_id":"","_kad_post_content_style":"default","_kad_post_vertical_padding":"default","_kad_post_feature":"","_kad_post_feature_position":"","_kad_post_header":false,"_kad_post_footer":false,"_kad_post_classname":""},"product_brand":[],"product_cat":[19,16],"product_tag":[31,65,30],"class_list":{"0":"post-129","1":"product","2":"type-product","3":"status-publish","4":"has-post-thumbnail","6":"product_cat-textile-rfid-laundry-tag","7":"product_cat-uhf-rfid-laundry-tags","8":"product_tag-rfid-tag-for-linen-laundry","9":"product_tag-textile-rfid-laundry-tags","10":"product_tag-uhf-rfid-laundry-tag","12":"first","13":"instock","14":"shipping-taxable","15":"product-type-simple","16":"entry","17":"content-bg","18":"loop-entry"},"_links":{"self":[{"href":"https:\/\/rfid-laundry-tag.com\/da\/wp-json\/wp\/v2\/product\/129","targetHints":{"allow":["GET"]}}],"collection":[{"href":"https:\/\/rfid-laundry-tag.com\/da\/wp-json\/wp\/v2\/product"}],"about":[{"href":"https:\/\/rfid-laundry-tag.com\/da\/wp-json\/wp\/v2\/types\/product"}],"version-history":[{"count":1,"href":"https:\/\/rfid-laundry-tag.com\/da\/wp-json\/wp\/v2\/product\/129\/revisions"}],"predecessor-version":[{"id":2871,"href":"https:\/\/rfid-laundry-tag.com\/da\/wp-json\/wp\/v2\/product\/129\/revisions\/2871"}],"wp:featuredmedia":[{"embeddable":true,"href":"https:\/\/rfid-laundry-tag.com\/da\/wp-json\/wp\/v2\/media\/133"}],"wp:attachment":[{"href":"https:\/\/rfid-laundry-tag.com\/da\/wp-json\/wp\/v2\/media?parent=129"}],"wp:term":[{"taxonomy":"product_brand","embeddable":true,"href":"https:\/\/rfid-laundry-tag.com\/da\/wp-json\/wp\/v2\/product_brand?post=129"},{"taxonomy":"product_cat","embeddable":true,"href":"https:\/\/rfid-laundry-tag.com\/da\/wp-json\/wp\/v2\/product_cat?post=129"},{"taxonomy":"product_tag","embeddable":true,"href":"https:\/\/rfid-laundry-tag.com\/da\/wp-json\/wp\/v2\/product_tag?post=129"}],"curies":[{"name":"wp","href":"https:\/\/api.w.org\/{rel}","templated":true}]}}