{"id":122,"date":"2024-06-12T06:05:12","date_gmt":"2024-06-12T06:05:12","guid":{"rendered":"https:\/\/rfid-laundry-tag.com\/?post_type=product&#038;p=122"},"modified":"2024-06-12T06:05:12","modified_gmt":"2024-06-12T06:05:12","slug":"silicone-washable-rfid-laundry-tag","status":"publish","type":"product","link":"https:\/\/rfid-laundry-tag.com\/da\/vare\/silicone-washable-rfid-laundry-tag\/","title":{"rendered":"Silikone vaskbart RFID vaskem\u00e6rke"},"content":{"rendered":"<table style=\"font-family: var(--global-body-font-family);\" width=\"537\">\n<tbody>\n<tr>\n<td width=\"228\">Navn<\/td>\n<td width=\"309\">Silikone vaskbart RFID vaskem\u00e6rke<\/td>\n<\/tr>\n<tr>\n<td width=\"228\">Mode<\/td>\n<td width=\"309\">SL-01<\/td>\n<\/tr>\n<tr>\n<td width=\"228\">Materiale<\/td>\n<td width=\"309\">Silikone<\/td>\n<\/tr>\n<tr>\n<td width=\"228\">Farve<\/td>\n<td width=\"309\">Hvid (eller tilpasset)<\/td>\n<\/tr>\n<tr>\n<td width=\"228\">St\u00f8rrelse<\/td>\n<td width=\"309\">55mm*12mm, 2,5mm tykkelse<\/td>\n<\/tr>\n<tr>\n<td width=\"228\">Chip<\/td>\n<td width=\"309\">915Mhz NXP U-kode 9, Alien H3, H9 osv<\/td>\n<\/tr>\n<tr>\n<td width=\"228\">Arbejdstemperatur<\/td>\n<td width=\"309\">\u2013 25\u00baC til +75\u00baC<\/td>\n<\/tr>\n<tr>\n<td width=\"228\">Vaskecyklus<\/td>\n<td width=\"309\">200 gange<\/td>\n<\/tr>\n<tr>\n<td width=\"228\">Vandt\u00e6t<\/td>\n<td width=\"309\">Ja<\/td>\n<\/tr>\n<tr>\n<td width=\"228\">Kemisk resistens<\/td>\n<td width=\"309\">Ja<\/td>\n<\/tr>\n<\/tbody>\n<\/table>\n<p data-spm-anchor-id=\"a2700.details.0.i116.60201a70jOXdOd\">\n<p data-spm-anchor-id=\"a2700.details.0.i116.60201a70jOXdOd\"><strong>Ans\u00f8gning:<\/strong><\/p>\n<ul>\n<li>Hotelsenget\u00f8j Sporingsstyring<\/li>\n<li>Fabrik\/lager\/hotel\/hospital\/forlystelsespark<\/li>\n<li data-spm-anchor-id=\"a2700.details.0.i115.60201a70jOXdOd\"><span data-spm-anchor-id=\"a2700.details.0.i120.60201a70jOXdOd\">Hospitalsuniformer<\/span><\/li>\n<li data-spm-anchor-id=\"a2700.details.0.i118.60201a70jOXdOd\">Senget\u00f8j\/ paller\/ l\u00e6rredsposer<\/li>\n<li>Rensemidler<\/li>\n<li>Anvendelse i hotellagen\/ Fastgjort til tekstil\/ Arbejdst\u00f8j.<\/li>\n<li>Bekl\u00e6dningsfabrik, Stoffabrik.<\/li>\n<\/ul>\n<p>&nbsp;<\/p>","protected":false},"excerpt":{"rendered":"<p>RFID Silicone Laundry Tag repr\u00e6senterer banebrydende teknologi til automatisk overv\u00e5gning og lagerstyring i vaskeri. Disse RFID-tags, slanke, fleksible og bl\u00f8de, er designet til at v\u00e6re modstandsdygtige over for kemikalier, varme og fysiske tryk. Udstyret med robuste RFID-transpondere er de bygget til at t\u00e5le over 200 tromlevaske og opvarmede t\u00f8rrecyklusser, for ikke at n\u00e6vne reng\u00f8ring og strygning. Vores silikone RFID-vaskem\u00e6rker, der typisk bruges til sporing af vasket\u00f8j i stor skala, kan nemt indarbejdes p\u00e5 en lang r\u00e6kke tekstilmaterialer, s\u00e5som senget\u00f8j, bluser, h\u00e5ndkl\u00e6der og medicinsk t\u00f8j.<\/p>","protected":false},"featured_media":123,"template":"","meta":{"_kad_post_transparent":"default","_kad_post_title":"","_kad_post_layout":"default","_kad_post_sidebar_id":"","_kad_post_content_style":"default","_kad_post_vertical_padding":"default","_kad_post_feature":"","_kad_post_feature_position":"","_kad_post_header":false,"_kad_post_footer":false,"_kad_post_classname":""},"product_brand":[],"product_cat":[20],"product_tag":[62,61],"class_list":{"0":"post-122","1":"product","2":"type-product","3":"status-publish","4":"has-post-thumbnail","6":"product_cat-silicone-rfid-laundry-tag","7":"product_tag-silicone-rfid-laundry-tag","8":"product_tag-silicone-washable-rfid-laundry-tag","10":"first","11":"instock","12":"shipping-taxable","13":"product-type-simple","14":"entry","15":"content-bg","16":"loop-entry"},"_links":{"self":[{"href":"https:\/\/rfid-laundry-tag.com\/da\/wp-json\/wp\/v2\/product\/122","targetHints":{"allow":["GET"]}}],"collection":[{"href":"https:\/\/rfid-laundry-tag.com\/da\/wp-json\/wp\/v2\/product"}],"about":[{"href":"https:\/\/rfid-laundry-tag.com\/da\/wp-json\/wp\/v2\/types\/product"}],"version-history":[{"count":0,"href":"https:\/\/rfid-laundry-tag.com\/da\/wp-json\/wp\/v2\/product\/122\/revisions"}],"wp:featuredmedia":[{"embeddable":true,"href":"https:\/\/rfid-laundry-tag.com\/da\/wp-json\/wp\/v2\/media\/123"}],"wp:attachment":[{"href":"https:\/\/rfid-laundry-tag.com\/da\/wp-json\/wp\/v2\/media?parent=122"}],"wp:term":[{"taxonomy":"product_brand","embeddable":true,"href":"https:\/\/rfid-laundry-tag.com\/da\/wp-json\/wp\/v2\/product_brand?post=122"},{"taxonomy":"product_cat","embeddable":true,"href":"https:\/\/rfid-laundry-tag.com\/da\/wp-json\/wp\/v2\/product_cat?post=122"},{"taxonomy":"product_tag","embeddable":true,"href":"https:\/\/rfid-laundry-tag.com\/da\/wp-json\/wp\/v2\/product_tag?post=122"}],"curies":[{"name":"wp","href":"https:\/\/api.w.org\/{rel}","templated":true}]}}